{"id":675,"date":"2025-10-29T08:56:42","date_gmt":"2025-10-29T08:56:42","guid":{"rendered":"https:\/\/jiushidao.com\/?post_type=product&#038;p=675"},"modified":"2025-10-30T10:24:53","modified_gmt":"2025-10-30T10:24:53","slug":"selected-flower-tea-gift-box","status":"publish","type":"product","link":"https:\/\/jiushidao.com\/vi\/san-pham\/selected-flower-tea-gift-box\/","title":{"rendered":"H\u1ed9p qu\u00e0 tr\u00e0 hoa tuy\u1ec3n ch\u1ecdn"},"content":{"rendered":"<div class=\"auto-hide-last-sibling-br paragraph-pP9ZLC paragraph-element br-paragraph-space\">\n<section class=\"ybc-p\"><strong>T\u1ea1i sao v\u1ee5 thu ho\u1ea1ch \u1edf n\u00fai C\u00f4n L\u00f4n n\u00e0y l\u1ea1i \u0111\u1ed9c \u0111\u00e1o:\u200b<\/strong>\u200b<\/section>\n<ul class=\"ybc-ul-component\">\n<li class=\"ybc-li-component ybc-li-component_ul\">\n<section class=\"ybc-p\">\u200b<strong>Ngu\u1ed3n g\u1ed1c \u0111\u1ed9 cao c\u1ef1c \u0111\u1ea1i:<\/strong>\u200b \u0110\u01b0\u1ee3c tr\u1ed3ng \u1edf \u0111\u1ed9 cao 3.000m tr\u00ean nh\u1eefng s\u01b0\u1eddn n\u00fai tuy\u1ebft nguy\u00ean s\u01a1 c\u1ee7a d\u00e3y n\u00fai C\u00f4n L\u00f4n, T\u00e2n C\u01b0\u01a1ng.<\/section>\n<\/li>\n<li class=\"ybc-li-component ybc-li-component_ul\">\n<section class=\"ybc-p\">\u200b<strong>Ch\u1ea5t l\u01b0\u1ee3ng th\u1ee7 c\u00f4ng:<\/strong>\u0110\u01b0\u1ee3c tuy\u1ec3n ch\u1ecdn v\u00e0 ph\u00e2n lo\u1ea1i c\u1ea9n th\u1eadn \u0111\u1ec3 \u0111\u1ea3m b\u1ea3o ch\u1ec9 ch\u1ecdn nh\u1eefng b\u1ed9 ph\u1eadn t\u1ed1t nh\u1ea5t.<\/section>\n<\/li>\n<li class=\"ybc-li-component ybc-li-component_ul\">\n<section class=\"ybc-p\">\u200b<strong>\u200b C\u1ed1c thanh l\u1ecbch:\u200b<\/strong>Pha tr\u00e0 c\u00f3 m\u00e0u h\u1ed5 ph\u00e1ch trong v\u1eaft, h\u01b0\u01a1ng v\u1ecb ng\u1ecdt ng\u00e0o v\u00e0 t\u01b0\u01a1i m\u00e1t t\u1ef1 nhi\u00ean.<\/section>\n<\/li>\n<li class=\"ybc-li-component ybc-li-component_ul\">\n<section class=\"ybc-p\">\u200b<strong>C\u00f3 th\u1ec3 t\u00e1i s\u1eed d\u1ee5ng:<\/strong>L\u00e1 tr\u00e0 c\u00f3 th\u1ec3 \u0111\u01b0\u1ee3c h\u00e3m nhi\u1ec1u l\u1ea7n, mang l\u1ea1i gi\u00e1 tr\u1ecb tuy\u1ec7t v\u1eddi v\u00e0 k\u00e9o d\u00e0i th\u1eddi gian th\u01b0\u1edfng th\u1ee9c.<\/section>\n<\/li>\n<li class=\"ybc-li-component ybc-li-component_ul\">\n<section class=\"ybc-p\">\u200b<strong>H\u1ed7 tr\u1ee3 s\u1ee9c kh\u1ecfe:<\/strong>Theo truy\u1ec1n th\u1ed1ng, n\u00f3 \u0111\u01b0\u1ee3c s\u1eed d\u1ee5ng \u0111\u1ec3 h\u1ed7 tr\u1ee3 t\u0103ng c\u01b0\u1eddng m\u1ee9c cholesterol l\u00e0nh m\u1ea1nh, huy\u1ebft \u00e1p v\u00e0 ch\u1ee9c n\u0103ng m\u1ea1ch m\u00e1u.<\/section>\n<\/li>\n<\/ul>\n<\/div>","protected":false},"excerpt":{"rendered":"<p>T\u1ea1i sao v\u1ee5 thu ho\u1ea1ch \u1edf n\u00fai C\u00f4n L\u00f4n n\u00e0y l\u1ea1i \u0111\u1ed9c \u0111\u00e1o: Ngu\u1ed3n g\u1ed1c \u1edf \u0111\u1ed9 cao c\u1ef1c l\u1edbn: \u0110\u01b0\u1ee3c tr\u1ed3ng \u1edf \u0111\u1ed9 cao h\u01a1n 3.000m tr\u00ean nh\u1eefng s\u01b0\u1eddn n\u00fai tuy\u1ebft nguy\u00ean s\u01a1 c\u1ee7a d\u00e3y n\u00fai C\u00f4n L\u00f4n, T\u00e2n C\u01b0\u01a1ng. \u0110\u01b0\u1ee3c l\u00e0m th\u1ee7 c\u00f4ng<span class=\"excerpt-hellip\"> [\u2026]<\/span><\/p>","protected":false},"featured_media":677,"comment_status":"open","ping_status":"closed","template":"","meta":[],"product_brand":[53],"product_cat":[51],"product_tag":[],"class_list":{"0":"post-675","1":"product","2":"type-product","3":"status-publish","4":"has-post-thumbnail","6":"product_brand-instant_mix_category","7":"product_cat-dried_fruits_and_preserves","9":"first","10":"instock","11":"shipping-taxable","12":"product-type-simple"},"yoast_head":"<!-- This site is optimized with the Yoast SEO Premium plugin v25.8 (Yoast SEO v25.8) - https:\/\/yoast.com\/wordpress\/plugins\/seo\/ -->\n<title>Selected Flower Tea Gift Box - Jiushidao - Global Food Marketplace for Business Growth and Cosumers<\/title>\n<meta name=\"robots\" content=\"index, follow, max-snippet:-1, max-image-preview:large, max-video-preview:-1\" \/>\n<link rel=\"canonical\" href=\"https:\/\/jiushidao.com\/vi\/san-pham\/selected-flower-tea-gift-box\/\" \/>\n<meta property=\"og:locale\" content=\"vi_VN\" \/>\n<meta property=\"og:type\" content=\"article\" \/>\n<meta property=\"og:title\" content=\"Selected Flower Tea Gift Box\" \/>\n<meta property=\"og:description\" content=\"Why This Kunlun Mountain Harvest Is Unique:\u200b\u200b \u200b\u200b Extreme Altitude Origin:\u200b\u200b Grown over 3,000m on the pristine, snow-fed slopes of the Kunlun Mountains, Xinjiang. \u200b\u200b Handcrafted [\u2026]\" \/>\n<meta property=\"og:url\" content=\"https:\/\/jiushidao.com\/vi\/san-pham\/selected-flower-tea-gift-box\/\" \/>\n<meta property=\"og:site_name\" content=\"Jiushidao - Global Food Marketplace for Business Growth and Cosumers\" \/>\n<meta property=\"article:modified_time\" content=\"2025-10-30T10:24:53+00:00\" \/>\n<meta property=\"og:image\" content=\"https:\/\/jiushidao.com\/wp-content\/uploads\/2025\/10\/29.png\" \/>\n\t<meta property=\"og:image:width\" content=\"521\" \/>\n\t<meta property=\"og:image:height\" content=\"516\" \/>\n\t<meta property=\"og:image:type\" content=\"image\/png\" \/>\n<meta name=\"twitter:card\" content=\"summary_large_image\" \/>\n<meta name=\"twitter:label1\" content=\"\u01af\u1edbc t\u00ednh th\u1eddi gian \u0111\u1ecdc\" \/>\n\t<meta name=\"twitter:data1\" content=\"1 ph\u00fat\" \/>\n<script type=\"application\/ld+json\" class=\"yoast-schema-graph\">{\"@context\":\"https:\/\/schema.org\",\"@graph\":[{\"@type\":\"WebPage\",\"@id\":\"https:\/\/jiushidao.com\/product\/selected-flower-tea-gift-box\/\",\"url\":\"https:\/\/jiushidao.com\/product\/selected-flower-tea-gift-box\/\",\"name\":\"Selected Flower Tea Gift Box - Jiushidao - Global Food Marketplace for Business Growth and Cosumers\",\"isPartOf\":{\"@id\":\"https:\/\/jiushidao.com\/#website\"},\"primaryImageOfPage\":{\"@id\":\"https:\/\/jiushidao.com\/product\/selected-flower-tea-gift-box\/#primaryimage\"},\"image\":{\"@id\":\"https:\/\/jiushidao.com\/product\/selected-flower-tea-gift-box\/#primaryimage\"},\"thumbnailUrl\":\"https:\/\/jiushidao.com\/wp-content\/uploads\/2025\/10\/29.png\",\"datePublished\":\"2025-10-29T08:56:42+00:00\",\"dateModified\":\"2025-10-30T10:24:53+00:00\",\"breadcrumb\":{\"@id\":\"https:\/\/jiushidao.com\/product\/selected-flower-tea-gift-box\/#breadcrumb\"},\"inLanguage\":\"vi\",\"potentialAction\":[{\"@type\":\"ReadAction\",\"target\":[\"https:\/\/jiushidao.com\/product\/selected-flower-tea-gift-box\/\"]}]},{\"@type\":\"ImageObject\",\"inLanguage\":\"vi\",\"@id\":\"https:\/\/jiushidao.com\/product\/selected-flower-tea-gift-box\/#primaryimage\",\"url\":\"https:\/\/jiushidao.com\/wp-content\/uploads\/2025\/10\/29.png\",\"contentUrl\":\"https:\/\/jiushidao.com\/wp-content\/uploads\/2025\/10\/29.png\",\"width\":521,\"height\":516},{\"@type\":\"BreadcrumbList\",\"@id\":\"https:\/\/jiushidao.com\/product\/selected-flower-tea-gift-box\/#breadcrumb\",\"itemListElement\":[{\"@type\":\"ListItem\",\"position\":1,\"name\":\"Home\",\"item\":\"https:\/\/jiushidao.com\/\"},{\"@type\":\"ListItem\",\"position\":2,\"name\":\"Store\",\"item\":\"https:\/\/jiushidao.com\/store\/\"},{\"@type\":\"ListItem\",\"position\":3,\"name\":\"Selected Flower Tea Gift Box\"}]},{\"@type\":\"WebSite\",\"@id\":\"https:\/\/jiushidao.com\/#website\",\"url\":\"https:\/\/jiushidao.com\/\",\"name\":\"Jiushidao - Global Food Marketplace for Business Growth and Cosumers\",\"description\":\"Jiushidao - Global Food Marketplace for Business Growth and Cosumers\",\"potentialAction\":[{\"@type\":\"SearchAction\",\"target\":{\"@type\":\"EntryPoint\",\"urlTemplate\":\"https:\/\/jiushidao.com\/?s={search_term_string}\"},\"query-input\":{\"@type\":\"PropertyValueSpecification\",\"valueRequired\":true,\"valueName\":\"search_term_string\"}}],\"inLanguage\":\"vi\"}]}<\/script>\n<!-- \/ Yoast SEO Premium plugin. -->","yoast_head_json":{"title":"Selected Flower Tea Gift Box - Jiushidao - Global Food Marketplace for Business Growth and Cosumers","robots":{"index":"index","follow":"follow","max-snippet":"max-snippet:-1","max-image-preview":"max-image-preview:large","max-video-preview":"max-video-preview:-1"},"canonical":"https:\/\/jiushidao.com\/vi\/san-pham\/selected-flower-tea-gift-box\/","og_locale":"vi_VN","og_type":"article","og_title":"Selected Flower Tea Gift Box","og_description":"Why This Kunlun Mountain Harvest Is Unique:\u200b\u200b \u200b\u200b Extreme Altitude Origin:\u200b\u200b Grown over 3,000m on the pristine, snow-fed slopes of the Kunlun Mountains, Xinjiang. \u200b\u200b Handcrafted [\u2026]","og_url":"https:\/\/jiushidao.com\/vi\/san-pham\/selected-flower-tea-gift-box\/","og_site_name":"Jiushidao - Global Food Marketplace for Business Growth and Cosumers","article_modified_time":"2025-10-30T10:24:53+00:00","og_image":[{"width":521,"height":516,"url":"https:\/\/jiushidao.com\/wp-content\/uploads\/2025\/10\/29.png","type":"image\/png"}],"twitter_card":"summary_large_image","twitter_misc":{"\u01af\u1edbc t\u00ednh th\u1eddi gian \u0111\u1ecdc":"1 ph\u00fat"},"schema":{"@context":"https:\/\/schema.org","@graph":[{"@type":"WebPage","@id":"https:\/\/jiushidao.com\/product\/selected-flower-tea-gift-box\/","url":"https:\/\/jiushidao.com\/product\/selected-flower-tea-gift-box\/","name":"Selected Flower Tea Gift Box - Jiushidao - Global Food Marketplace for Business Growth and Cosumers","isPartOf":{"@id":"https:\/\/jiushidao.com\/#website"},"primaryImageOfPage":{"@id":"https:\/\/jiushidao.com\/product\/selected-flower-tea-gift-box\/#primaryimage"},"image":{"@id":"https:\/\/jiushidao.com\/product\/selected-flower-tea-gift-box\/#primaryimage"},"thumbnailUrl":"https:\/\/jiushidao.com\/wp-content\/uploads\/2025\/10\/29.png","datePublished":"2025-10-29T08:56:42+00:00","dateModified":"2025-10-30T10:24:53+00:00","breadcrumb":{"@id":"https:\/\/jiushidao.com\/product\/selected-flower-tea-gift-box\/#breadcrumb"},"inLanguage":"vi","potentialAction":[{"@type":"ReadAction","target":["https:\/\/jiushidao.com\/product\/selected-flower-tea-gift-box\/"]}]},{"@type":"ImageObject","inLanguage":"vi","@id":"https:\/\/jiushidao.com\/product\/selected-flower-tea-gift-box\/#primaryimage","url":"https:\/\/jiushidao.com\/wp-content\/uploads\/2025\/10\/29.png","contentUrl":"https:\/\/jiushidao.com\/wp-content\/uploads\/2025\/10\/29.png","width":521,"height":516},{"@type":"BreadcrumbList","@id":"https:\/\/jiushidao.com\/product\/selected-flower-tea-gift-box\/#breadcrumb","itemListElement":[{"@type":"ListItem","position":1,"name":"Home","item":"https:\/\/jiushidao.com\/"},{"@type":"ListItem","position":2,"name":"Store","item":"https:\/\/jiushidao.com\/store\/"},{"@type":"ListItem","position":3,"name":"Selected Flower Tea Gift Box"}]},{"@type":"WebSite","@id":"https:\/\/jiushidao.com\/#website","url":"https:\/\/jiushidao.com\/","name":"Jiushidao - Global Food Marketplace for Business Growth and Cosumers","description":"Jiushidao - Global Food Marketplace for Business Growth and Cosumers","potentialAction":[{"@type":"SearchAction","target":{"@type":"EntryPoint","urlTemplate":"https:\/\/jiushidao.com\/?s={search_term_string}"},"query-input":{"@type":"PropertyValueSpecification","valueRequired":true,"valueName":"search_term_string"}}],"inLanguage":"vi"}]}},"_links":{"self":[{"href":"https:\/\/jiushidao.com\/vi\/wp-json\/wp\/v2\/product\/675","targetHints":{"allow":["GET"]}}],"collection":[{"href":"https:\/\/jiushidao.com\/vi\/wp-json\/wp\/v2\/product"}],"about":[{"href":"https:\/\/jiushidao.com\/vi\/wp-json\/wp\/v2\/types\/product"}],"replies":[{"embeddable":true,"href":"https:\/\/jiushidao.com\/vi\/wp-json\/wp\/v2\/comments?post=675"}],"version-history":[{"count":4,"href":"https:\/\/jiushidao.com\/vi\/wp-json\/wp\/v2\/product\/675\/revisions"}],"predecessor-version":[{"id":749,"href":"https:\/\/jiushidao.com\/vi\/wp-json\/wp\/v2\/product\/675\/revisions\/749"}],"wp:featuredmedia":[{"embeddable":true,"href":"https:\/\/jiushidao.com\/vi\/wp-json\/wp\/v2\/media\/677"}],"wp:attachment":[{"href":"https:\/\/jiushidao.com\/vi\/wp-json\/wp\/v2\/media?parent=675"}],"wp:term":[{"taxonomy":"product_brand","embeddable":true,"href":"https:\/\/jiushidao.com\/vi\/wp-json\/wp\/v2\/product_brand?post=675"},{"taxonomy":"product_cat","embeddable":true,"href":"https:\/\/jiushidao.com\/vi\/wp-json\/wp\/v2\/product_cat?post=675"},{"taxonomy":"product_tag","embeddable":true,"href":"https:\/\/jiushidao.com\/vi\/wp-json\/wp\/v2\/product_tag?post=675"}],"curies":[{"name":"wp","href":"https:\/\/api.w.org\/{rel}","templated":true}]}}