{"id":671,"date":"2025-10-29T08:50:29","date_gmt":"2025-10-29T08:50:29","guid":{"rendered":"https:\/\/jiushidao.com\/?post_type=product&#038;p=671"},"modified":"2025-10-30T10:48:58","modified_gmt":"2025-10-30T10:48:58","slug":"moisturizing-nourishing-tea","status":"publish","type":"product","link":"https:\/\/jiushidao.com\/vi\/san-pham\/moisturizing-nourishing-tea\/","title":{"rendered":"Tr\u00e0 gi\u1ea3i kh\u00e1t v\u00e0 b\u1ed5 d\u01b0\u1ee1ng"},"content":{"rendered":"<section class=\"ybc-p\">\n<section class=\"ybc-p\"><strong>Qu\u1ea3 k\u1ef7 t\u1eed \u0111\u1ecf T\u00e2n C\u01b0\u01a1ng: Vi\u00ean ng\u1ecdc qu\u00fd c\u1ee7a s\u1ee9c s\u1ed1ng thi\u00ean nhi\u00ean<\/strong>\u200b<\/section>\n<section class=\"ybc-p\">\u0110\u01b0\u1ee3c tr\u1ed3ng tr\u00ean v\u00f9ng \u0111\u1ea5t nguy\u00ean s\u01a1 c\u1ee7a T\u00e2n C\u01b0\u01a1ng, qu\u1ea3 k\u1ef7 t\u1eed \u0111\u1ecf h\u1ea3o h\u1ea1ng c\u1ee7a ch\u00fang t\u00f4i \u0111\u01b0\u1ee3c nu\u00f4i d\u01b0\u1ee1ng b\u1eb1ng n\u01b0\u1edbc tuy\u1ebft tan nguy\u00ean ch\u1ea5t t\u1eeb n\u00fai Thi\u00ean S\u01a1n v\u00e0 b\u00e1m r\u1ec5 tr\u00ean \u0111\u1ea5t c\u00e1t gi\u00e0u kho\u00e1ng ch\u1ea5t. V\u1edbi h\u01a1n 3.000 gi\u1edd n\u1eafng m\u1ed7i n\u0103m v\u00e0 s\u1ef1 thay \u0111\u1ed5i nhi\u1ec7t \u0111\u1ed9 \u0111\u1ed9t ng\u1ed9t gi\u1eefa ng\u00e0y v\u00e0 \u0111\u00eam, nh\u1eefng qu\u1ea3 k\u1ef7 t\u1eed n\u00e0y s\u1edf h\u1eefu v\u1ecb ng\u1ecdt v\u00e0 m\u1eadt \u0111\u1ed9 dinh d\u01b0\u1ee1ng v\u01b0\u1ee3t tr\u1ed9i. M\u1ed7i qu\u1ea3 m\u1ecdng n\u01b0\u1edbc, v\u1ecf m\u1ecfng v\u00e0 \u0111\u1ecf r\u1ef1c r\u1ee1, mang \u0111\u1ebfn k\u1ebft c\u1ea5u m\u1ec1m m\u1ea1i v\u00e0 h\u01b0\u01a1ng v\u1ecb \u0111\u1eadm \u0111\u00e0.<\/section>\n<section class=\"ybc-p\">Ch\u1ee9a \u0111\u1ea7y polysaccharides k\u1ef7 t\u1eed, vitamin v\u00e0 kho\u00e1ng ch\u1ea5t thi\u1ebft y\u1ebfu, si\u00eau th\u1ef1c ph\u1ea9m n\u00e0y gi\u00fap t\u0103ng c\u01b0\u1eddng mi\u1ec5n d\u1ecbch, h\u1ed7 tr\u1ee3 s\u1ee9c kh\u1ecfe gan, c\u1ea3i thi\u1ec7n th\u1ecb l\u1ef1c v\u00e0 ch\u1ed1ng l\u1ea1i stress oxy h\u00f3a. Th\u01b0\u1edfng th\u1ee9c tr\u1ef1c ti\u1ebfp nh\u01b0 m\u1ed9t m\u00f3n \u0103n nh\u1eb9, pha tr\u00e0 ho\u1eb7c th\u00eam v\u00e0o s\u00fap v\u00e0 m\u00f3n h\u1ea7m \u0111\u1ec3 b\u1ed5 sung dinh d\u01b0\u1ee1ng t\u1ef1 nhi\u00ean.<\/section>\n<section class=\"ybc-p\">\u200b<strong>\u200bNh\u1eefng \u0111i\u1ec3m n\u1ed5i b\u1eadt ch\u00ednh:\u200b<\/strong>\u200b<\/section>\n<ul class=\"ybc-ul-component\">\n<li class=\"ybc-li-component ybc-li-component_ul\">\n<section class=\"ybc-p\">\u200b<strong>\u0110i\u1ec1u ki\u1ec7n tr\u1ed3ng l\u00fd t\u01b0\u1edfng:<\/strong>\u0110\u01b0\u1ee3c nu\u00f4i d\u01b0\u1ee1ng b\u1eb1ng n\u01b0\u1edbc tan t\u1eeb tuy\u1ebft Thi\u00ean S\u01a1n, tr\u1ed3ng tr\u00ean \u0111\u1ea5t c\u00e1t v\u00e0 t\u1eafm trong \u00e1nh n\u1eafng m\u1eb7t tr\u1eddi d\u1ed3i d\u00e0o.<\/section>\n<\/li>\n<li class=\"ybc-li-component ybc-li-component_ul\">\n<section class=\"ybc-p\">\u200b<strong>Ch\u1ea5t l\u01b0\u1ee3ng cao c\u1ea5p:<\/strong>Qu\u1ea3 m\u1ecdng l\u1edbn, m\u1ecdng n\u01b0\u1edbc, c\u00f3 m\u00e0u s\u1eafc t\u01b0\u01a1i s\u00e1ng v\u00e0 l\u1edbp v\u1ecf m\u1ecfng manh.<\/section>\n<\/li>\n<li class=\"ybc-li-component ybc-li-component_ul\">\n<section class=\"ybc-p\">\u200b<strong>Gi\u00e0u dinh d\u01b0\u1ee1ng:<\/strong>\u200b Gi\u00e0u polysaccharides, vitamin v\u00e0 ch\u1ea5t ch\u1ed1ng oxy h\u00f3a.<\/section>\n<\/li>\n<li class=\"ybc-li-component ybc-li-component_ul\">\n<section class=\"ybc-p\">\u200b<strong>S\u1eed d\u1ee5ng \u0111a n\u0103ng:<\/strong>Ho\u00e0n h\u1ea3o \u0111\u1ec3 \u0103n v\u1eb7t, pha ch\u1ebf ho\u1eb7c n\u1ea5u \u0103n.<\/section>\n<\/li>\n<li class=\"ybc-li-component ybc-li-component_ul\">\n<section class=\"ybc-p\">\u200b<strong>L\u1ee3i \u00edch v\u1ec1 s\u1ee9c kh\u1ecfe:<\/strong>Theo truy\u1ec1n th\u1ed1ng \u0111\u01b0\u1ee3c s\u1eed d\u1ee5ng \u0111\u1ec3 t\u0103ng c\u01b0\u1eddng kh\u1ea3 n\u0103ng mi\u1ec5n d\u1ecbch, b\u1ea3o v\u1ec7 gan v\u00e0 c\u1ea3i thi\u1ec7n s\u1ee9c kh\u1ecfe m\u1eaft.<\/section>\n<\/li>\n<\/ul>\n<\/section>","protected":false},"excerpt":{"rendered":"<p>Qu\u1ea3 k\u1ef7 t\u1eed \u0111\u1ecf T\u00e2n C\u01b0\u01a1ng: Vi\u00ean ng\u1ecdc qu\u00fd c\u1ee7a s\u1ee9c s\u1ed1ng t\u1eeb thi\u00ean nhi\u00ean \u0110\u01b0\u1ee3c tr\u1ed3ng tr\u00ean v\u00f9ng \u0111\u1ea5t nguy\u00ean s\u01a1 c\u1ee7a T\u00e2n C\u01b0\u01a1ng, qu\u1ea3 k\u1ef7 t\u1eed \u0111\u1ecf cao c\u1ea5p c\u1ee7a ch\u00fang t\u00f4i \u0111\u01b0\u1ee3c nu\u00f4i d\u01b0\u1ee1ng b\u1eb1ng ngu\u1ed3n n\u01b0\u1edbc tuy\u1ebft tan nguy\u00ean ch\u1ea5t t\u1eeb \u200b\u200bThi\u00ean S\u01a1n<span class=\"excerpt-hellip\"> [\u2026]<\/span><\/p>","protected":false},"featured_media":674,"comment_status":"open","ping_status":"closed","template":"","meta":[],"product_brand":[53],"product_cat":[51],"product_tag":[],"class_list":{"0":"post-671","1":"product","2":"type-product","3":"status-publish","4":"has-post-thumbnail","6":"product_brand-instant_mix_category","7":"product_cat-dried_fruits_and_preserves","9":"first","10":"instock","11":"shipping-taxable","12":"product-type-simple"},"yoast_head":"<!-- This site is optimized with the Yoast SEO Premium plugin v25.8 (Yoast SEO v25.8) - https:\/\/yoast.com\/wordpress\/plugins\/seo\/ -->\n<title>Refreshing and Nourishing Tea - Jiushidao - Global Food Marketplace for Business Growth and Cosumers<\/title>\n<meta name=\"robots\" content=\"index, follow, max-snippet:-1, max-image-preview:large, max-video-preview:-1\" \/>\n<link rel=\"canonical\" href=\"https:\/\/jiushidao.com\/vi\/san-pham\/moisturizing-nourishing-tea\/\" \/>\n<meta property=\"og:locale\" content=\"vi_VN\" \/>\n<meta property=\"og:type\" content=\"article\" \/>\n<meta property=\"og:title\" content=\"Refreshing and Nourishing Tea\" \/>\n<meta property=\"og:description\" content=\"\u200bXinjiang Red Goji Berries: Nature&#8217;s Ruby of Vitality\u200b\u200b Grown in the pristine landscapes of Xinjiang, our premium red goji berries are nurtured by pure Tianshan snowmelt [\u2026]\" \/>\n<meta property=\"og:url\" content=\"https:\/\/jiushidao.com\/vi\/san-pham\/moisturizing-nourishing-tea\/\" \/>\n<meta property=\"og:site_name\" content=\"Jiushidao - Global Food Marketplace for Business Growth and Cosumers\" \/>\n<meta property=\"article:modified_time\" content=\"2025-10-30T10:48:58+00:00\" \/>\n<meta property=\"og:image\" content=\"https:\/\/jiushidao.com\/wp-content\/uploads\/2025\/10\/WPS\u56fe\u72471-1.jpg\" \/>\n\t<meta property=\"og:image:width\" content=\"750\" \/>\n\t<meta property=\"og:image:height\" content=\"750\" \/>\n\t<meta property=\"og:image:type\" content=\"image\/jpeg\" \/>\n<meta name=\"twitter:card\" content=\"summary_large_image\" \/>\n<meta name=\"twitter:label1\" content=\"\u01af\u1edbc t\u00ednh th\u1eddi gian \u0111\u1ecdc\" \/>\n\t<meta name=\"twitter:data1\" content=\"1 ph\u00fat\" \/>\n<script type=\"application\/ld+json\" class=\"yoast-schema-graph\">{\"@context\":\"https:\/\/schema.org\",\"@graph\":[{\"@type\":\"WebPage\",\"@id\":\"https:\/\/jiushidao.com\/product\/moisturizing-nourishing-tea\/\",\"url\":\"https:\/\/jiushidao.com\/product\/moisturizing-nourishing-tea\/\",\"name\":\"Refreshing and Nourishing Tea - Jiushidao - Global Food Marketplace for Business Growth and Cosumers\",\"isPartOf\":{\"@id\":\"https:\/\/jiushidao.com\/#website\"},\"primaryImageOfPage\":{\"@id\":\"https:\/\/jiushidao.com\/product\/moisturizing-nourishing-tea\/#primaryimage\"},\"image\":{\"@id\":\"https:\/\/jiushidao.com\/product\/moisturizing-nourishing-tea\/#primaryimage\"},\"thumbnailUrl\":\"https:\/\/jiushidao.com\/wp-content\/uploads\/2025\/10\/WPS\u56fe\u72471-1.jpg\",\"datePublished\":\"2025-10-29T08:50:29+00:00\",\"dateModified\":\"2025-10-30T10:48:58+00:00\",\"breadcrumb\":{\"@id\":\"https:\/\/jiushidao.com\/product\/moisturizing-nourishing-tea\/#breadcrumb\"},\"inLanguage\":\"vi\",\"potentialAction\":[{\"@type\":\"ReadAction\",\"target\":[\"https:\/\/jiushidao.com\/product\/moisturizing-nourishing-tea\/\"]}]},{\"@type\":\"ImageObject\",\"inLanguage\":\"vi\",\"@id\":\"https:\/\/jiushidao.com\/product\/moisturizing-nourishing-tea\/#primaryimage\",\"url\":\"https:\/\/jiushidao.com\/wp-content\/uploads\/2025\/10\/WPS\u56fe\u72471-1.jpg\",\"contentUrl\":\"https:\/\/jiushidao.com\/wp-content\/uploads\/2025\/10\/WPS\u56fe\u72471-1.jpg\",\"width\":750,\"height\":750},{\"@type\":\"BreadcrumbList\",\"@id\":\"https:\/\/jiushidao.com\/product\/moisturizing-nourishing-tea\/#breadcrumb\",\"itemListElement\":[{\"@type\":\"ListItem\",\"position\":1,\"name\":\"Home\",\"item\":\"https:\/\/jiushidao.com\/\"},{\"@type\":\"ListItem\",\"position\":2,\"name\":\"Store\",\"item\":\"https:\/\/jiushidao.com\/store\/\"},{\"@type\":\"ListItem\",\"position\":3,\"name\":\"Refreshing and Nourishing Tea\"}]},{\"@type\":\"WebSite\",\"@id\":\"https:\/\/jiushidao.com\/#website\",\"url\":\"https:\/\/jiushidao.com\/\",\"name\":\"Jiushidao - Global Food Marketplace for Business Growth and Cosumers\",\"description\":\"Jiushidao - Global Food Marketplace for Business Growth and Cosumers\",\"potentialAction\":[{\"@type\":\"SearchAction\",\"target\":{\"@type\":\"EntryPoint\",\"urlTemplate\":\"https:\/\/jiushidao.com\/?s={search_term_string}\"},\"query-input\":{\"@type\":\"PropertyValueSpecification\",\"valueRequired\":true,\"valueName\":\"search_term_string\"}}],\"inLanguage\":\"vi\"}]}<\/script>\n<!-- \/ Yoast SEO Premium plugin. -->","yoast_head_json":{"title":"Refreshing and Nourishing Tea - Jiushidao - Global Food Marketplace for Business Growth and Cosumers","robots":{"index":"index","follow":"follow","max-snippet":"max-snippet:-1","max-image-preview":"max-image-preview:large","max-video-preview":"max-video-preview:-1"},"canonical":"https:\/\/jiushidao.com\/vi\/san-pham\/moisturizing-nourishing-tea\/","og_locale":"vi_VN","og_type":"article","og_title":"Refreshing and Nourishing Tea","og_description":"\u200bXinjiang Red Goji Berries: Nature&#8217;s Ruby of Vitality\u200b\u200b Grown in the pristine landscapes of Xinjiang, our premium red goji berries are nurtured by pure Tianshan snowmelt [\u2026]","og_url":"https:\/\/jiushidao.com\/vi\/san-pham\/moisturizing-nourishing-tea\/","og_site_name":"Jiushidao - Global Food Marketplace for Business Growth and Cosumers","article_modified_time":"2025-10-30T10:48:58+00:00","og_image":[{"width":750,"height":750,"url":"https:\/\/jiushidao.com\/wp-content\/uploads\/2025\/10\/WPS\u56fe\u72471-1.jpg","type":"image\/jpeg"}],"twitter_card":"summary_large_image","twitter_misc":{"\u01af\u1edbc t\u00ednh th\u1eddi gian \u0111\u1ecdc":"1 ph\u00fat"},"schema":{"@context":"https:\/\/schema.org","@graph":[{"@type":"WebPage","@id":"https:\/\/jiushidao.com\/product\/moisturizing-nourishing-tea\/","url":"https:\/\/jiushidao.com\/product\/moisturizing-nourishing-tea\/","name":"Refreshing and Nourishing Tea - Jiushidao - Global Food Marketplace for Business Growth and Cosumers","isPartOf":{"@id":"https:\/\/jiushidao.com\/#website"},"primaryImageOfPage":{"@id":"https:\/\/jiushidao.com\/product\/moisturizing-nourishing-tea\/#primaryimage"},"image":{"@id":"https:\/\/jiushidao.com\/product\/moisturizing-nourishing-tea\/#primaryimage"},"thumbnailUrl":"https:\/\/jiushidao.com\/wp-content\/uploads\/2025\/10\/WPS\u56fe\u72471-1.jpg","datePublished":"2025-10-29T08:50:29+00:00","dateModified":"2025-10-30T10:48:58+00:00","breadcrumb":{"@id":"https:\/\/jiushidao.com\/product\/moisturizing-nourishing-tea\/#breadcrumb"},"inLanguage":"vi","potentialAction":[{"@type":"ReadAction","target":["https:\/\/jiushidao.com\/product\/moisturizing-nourishing-tea\/"]}]},{"@type":"ImageObject","inLanguage":"vi","@id":"https:\/\/jiushidao.com\/product\/moisturizing-nourishing-tea\/#primaryimage","url":"https:\/\/jiushidao.com\/wp-content\/uploads\/2025\/10\/WPS\u56fe\u72471-1.jpg","contentUrl":"https:\/\/jiushidao.com\/wp-content\/uploads\/2025\/10\/WPS\u56fe\u72471-1.jpg","width":750,"height":750},{"@type":"BreadcrumbList","@id":"https:\/\/jiushidao.com\/product\/moisturizing-nourishing-tea\/#breadcrumb","itemListElement":[{"@type":"ListItem","position":1,"name":"Home","item":"https:\/\/jiushidao.com\/"},{"@type":"ListItem","position":2,"name":"Store","item":"https:\/\/jiushidao.com\/store\/"},{"@type":"ListItem","position":3,"name":"Refreshing and Nourishing Tea"}]},{"@type":"WebSite","@id":"https:\/\/jiushidao.com\/#website","url":"https:\/\/jiushidao.com\/","name":"Jiushidao - Global Food Marketplace for Business Growth and Cosumers","description":"Jiushidao - Global Food Marketplace for Business Growth and Cosumers","potentialAction":[{"@type":"SearchAction","target":{"@type":"EntryPoint","urlTemplate":"https:\/\/jiushidao.com\/?s={search_term_string}"},"query-input":{"@type":"PropertyValueSpecification","valueRequired":true,"valueName":"search_term_string"}}],"inLanguage":"vi"}]}},"_links":{"self":[{"href":"https:\/\/jiushidao.com\/vi\/wp-json\/wp\/v2\/product\/671","targetHints":{"allow":["GET"]}}],"collection":[{"href":"https:\/\/jiushidao.com\/vi\/wp-json\/wp\/v2\/product"}],"about":[{"href":"https:\/\/jiushidao.com\/vi\/wp-json\/wp\/v2\/types\/product"}],"replies":[{"embeddable":true,"href":"https:\/\/jiushidao.com\/vi\/wp-json\/wp\/v2\/comments?post=671"}],"version-history":[{"count":5,"href":"https:\/\/jiushidao.com\/vi\/wp-json\/wp\/v2\/product\/671\/revisions"}],"predecessor-version":[{"id":753,"href":"https:\/\/jiushidao.com\/vi\/wp-json\/wp\/v2\/product\/671\/revisions\/753"}],"wp:featuredmedia":[{"embeddable":true,"href":"https:\/\/jiushidao.com\/vi\/wp-json\/wp\/v2\/media\/674"}],"wp:attachment":[{"href":"https:\/\/jiushidao.com\/vi\/wp-json\/wp\/v2\/media?parent=671"}],"wp:term":[{"taxonomy":"product_brand","embeddable":true,"href":"https:\/\/jiushidao.com\/vi\/wp-json\/wp\/v2\/product_brand?post=671"},{"taxonomy":"product_cat","embeddable":true,"href":"https:\/\/jiushidao.com\/vi\/wp-json\/wp\/v2\/product_cat?post=671"},{"taxonomy":"product_tag","embeddable":true,"href":"https:\/\/jiushidao.com\/vi\/wp-json\/wp\/v2\/product_tag?post=671"}],"curies":[{"name":"wp","href":"https:\/\/api.w.org\/{rel}","templated":true}]}}