{"id":668,"date":"2025-10-29T08:47:58","date_gmt":"2025-10-29T08:47:58","guid":{"rendered":"https:\/\/jiushidao.com\/?post_type=product&#038;p=668"},"modified":"2025-10-29T08:48:46","modified_gmt":"2025-10-29T08:48:46","slug":"red-goji-berry","status":"publish","type":"product","link":"https:\/\/jiushidao.com\/vi\/san-pham\/red-goji-berry\/","title":{"rendered":"Qu\u1ea3 k\u1ef7 t\u1eed \u0111\u1ecf"},"content":{"rendered":"<h1 class=\"header-iWP5WJ auto-hide-last-sibling-br\">Qu\u1ea3 k\u1ef7 t\u1eed \u0111\u1ecf T\u00e2n C\u01b0\u01a1ng<\/h1>\n<div class=\"auto-hide-last-sibling-br paragraph-pP9ZLC paragraph-element br-paragraph-space\">C\u00e2y k\u1ef7 t\u1eed \u0111\u1ecf T\u00e2n C\u01b0\u01a1ng h\u1ea5p th\u1ee5 n\u01b0\u1edbc t\u1eeb tuy\u1ebft tan \u1edf Thi\u00ean S\u01a1n, b\u00e1m r\u1ec5 tr\u00ean \u0111\u1ea5t c\u00e1t, h\u1ea5p th\u1ee5 \u00e1nh s\u00e1ng m\u1eb7t tr\u1eddi h\u00e0ng n\u0103m h\u01a1n 3.000 gi\u1edd v\u00e0 ch\u1ecbu \u0111\u01b0\u1ee3c s\u1ef1 ch\u00eanh l\u1ec7ch nhi\u1ec7t \u0111\u1ed9 ng\u00e0y \u0111\u00eam.<\/div>\n<div class=\"auto-hide-last-sibling-br paragraph-pP9ZLC paragraph-element br-paragraph-space\">Qu\u1ea3 k\u1ef7 t\u1eed to, m\u1ecdng n\u01b0\u1edbc, v\u1ecf m\u1ecfng, th\u1ecbt d\u00e0y, m\u00e0u \u0111\u1ecf t\u01b0\u01a1i b\u1eaft m\u1eaft. Gi\u00e0u polysaccharides, vitamin, kho\u00e1ng ch\u1ea5t v\u00e0 c\u00e1c ch\u1ea5t dinh d\u01b0\u1ee1ng kh\u00e1c, th\u01b0\u1eddng xuy\u00ean s\u1eed d\u1ee5ng k\u1ef7 t\u1eed c\u00f3 th\u1ec3 t\u0103ng c\u01b0\u1eddng mi\u1ec5n d\u1ecbch, b\u1ea3o v\u1ec7 gan, c\u1ea3i thi\u1ec7n th\u1ecb l\u1ef1c v\u00e0 ch\u1ed1ng oxy h\u00f3a. C\u00f3 th\u1ec3 \u0103n tr\u1ef1c ti\u1ebfp, ho\u1eb7c pha tr\u00e0, cho v\u00e0o s\u00fap, t\u1ea1o n\u00ean m\u1ed9t lo\u1ea1i th\u1ef1c ph\u1ea9m b\u1ed5 d\u01b0\u1ee1ng t\u1ef1 nhi\u00ean.<\/div>","protected":false},"excerpt":{"rendered":"<p>C\u00e2y k\u1ef7 t\u1eed \u0111\u1ecf T\u00e2n C\u01b0\u01a1ng C\u00e2y k\u1ef7 t\u1eed \u0111\u1ecf T\u00e2n C\u01b0\u01a1ng h\u1ea5p th\u1ee5 n\u01b0\u1edbc t\u1eeb tuy\u1ebft tan \u1edf Thi\u00ean S\u01a1n, b\u00e9n r\u1ec5 trong \u0111\u1ea5t c\u00e1t, h\u1ea5p th\u1ee5 \u00e1nh s\u00e1ng m\u1eb7t tr\u1eddi h\u00e0ng n\u0103m tr\u00ean 3.000<span class=\"excerpt-hellip\"> [\u2026]<\/span><\/p>","protected":false},"featured_media":670,"comment_status":"open","ping_status":"closed","template":"","meta":[],"product_brand":[53],"product_cat":[51],"product_tag":[],"class_list":{"0":"post-668","1":"product","2":"type-product","3":"status-publish","4":"has-post-thumbnail","6":"product_brand-instant_mix_category","7":"product_cat-dried_fruits_and_preserves","9":"first","10":"instock","11":"shipping-taxable","12":"product-type-simple"},"yoast_head":"<!-- This site is optimized with the Yoast SEO Premium plugin v25.8 (Yoast SEO v25.8) - https:\/\/yoast.com\/wordpress\/plugins\/seo\/ -->\n<title>Red Goji Berry - Jiushidao - Global Food Marketplace for Business Growth and Cosumers<\/title>\n<meta name=\"robots\" content=\"index, follow, max-snippet:-1, max-image-preview:large, max-video-preview:-1\" \/>\n<link rel=\"canonical\" href=\"https:\/\/jiushidao.com\/vi\/san-pham\/red-goji-berry\/\" \/>\n<meta property=\"og:locale\" content=\"vi_VN\" \/>\n<meta property=\"og:type\" content=\"article\" \/>\n<meta property=\"og:title\" content=\"Red Goji Berry\" \/>\n<meta property=\"og:description\" content=\"Xinjiang Red Goji Berry Xinjiang Red Goji Berry absorbs water from Tianshan snowmelt, takes root in sandy soil, soaks up an annual sunlight of over 3,000 [\u2026]\" \/>\n<meta property=\"og:url\" content=\"https:\/\/jiushidao.com\/vi\/san-pham\/red-goji-berry\/\" \/>\n<meta property=\"og:site_name\" content=\"Jiushidao - Global Food Marketplace for Business Growth and Cosumers\" \/>\n<meta property=\"article:modified_time\" content=\"2025-10-29T08:48:46+00:00\" \/>\n<meta property=\"og:image\" content=\"https:\/\/jiushidao.com\/wp-content\/uploads\/2025\/10\/27.png\" \/>\n\t<meta property=\"og:image:width\" content=\"486\" \/>\n\t<meta property=\"og:image:height\" content=\"562\" \/>\n\t<meta property=\"og:image:type\" content=\"image\/png\" \/>\n<meta name=\"twitter:card\" content=\"summary_large_image\" \/>\n<meta name=\"twitter:label1\" content=\"\u01af\u1edbc t\u00ednh th\u1eddi gian \u0111\u1ecdc\" \/>\n\t<meta name=\"twitter:data1\" content=\"1 ph\u00fat\" \/>\n<script type=\"application\/ld+json\" class=\"yoast-schema-graph\">{\"@context\":\"https:\/\/schema.org\",\"@graph\":[{\"@type\":\"WebPage\",\"@id\":\"https:\/\/jiushidao.com\/product\/red-goji-berry\/\",\"url\":\"https:\/\/jiushidao.com\/product\/red-goji-berry\/\",\"name\":\"Red Goji Berry - Jiushidao - Global Food Marketplace for Business Growth and Cosumers\",\"isPartOf\":{\"@id\":\"https:\/\/jiushidao.com\/#website\"},\"primaryImageOfPage\":{\"@id\":\"https:\/\/jiushidao.com\/product\/red-goji-berry\/#primaryimage\"},\"image\":{\"@id\":\"https:\/\/jiushidao.com\/product\/red-goji-berry\/#primaryimage\"},\"thumbnailUrl\":\"https:\/\/jiushidao.com\/wp-content\/uploads\/2025\/10\/27.png\",\"datePublished\":\"2025-10-29T08:47:58+00:00\",\"dateModified\":\"2025-10-29T08:48:46+00:00\",\"breadcrumb\":{\"@id\":\"https:\/\/jiushidao.com\/product\/red-goji-berry\/#breadcrumb\"},\"inLanguage\":\"vi\",\"potentialAction\":[{\"@type\":\"ReadAction\",\"target\":[\"https:\/\/jiushidao.com\/product\/red-goji-berry\/\"]}]},{\"@type\":\"ImageObject\",\"inLanguage\":\"vi\",\"@id\":\"https:\/\/jiushidao.com\/product\/red-goji-berry\/#primaryimage\",\"url\":\"https:\/\/jiushidao.com\/wp-content\/uploads\/2025\/10\/27.png\",\"contentUrl\":\"https:\/\/jiushidao.com\/wp-content\/uploads\/2025\/10\/27.png\",\"width\":486,\"height\":562},{\"@type\":\"BreadcrumbList\",\"@id\":\"https:\/\/jiushidao.com\/product\/red-goji-berry\/#breadcrumb\",\"itemListElement\":[{\"@type\":\"ListItem\",\"position\":1,\"name\":\"Home\",\"item\":\"https:\/\/jiushidao.com\/\"},{\"@type\":\"ListItem\",\"position\":2,\"name\":\"Store\",\"item\":\"https:\/\/jiushidao.com\/store\/\"},{\"@type\":\"ListItem\",\"position\":3,\"name\":\"Red Goji Berry\"}]},{\"@type\":\"WebSite\",\"@id\":\"https:\/\/jiushidao.com\/#website\",\"url\":\"https:\/\/jiushidao.com\/\",\"name\":\"Jiushidao - Global Food Marketplace for Business Growth and Cosumers\",\"description\":\"Jiushidao - Global Food Marketplace for Business Growth and Cosumers\",\"potentialAction\":[{\"@type\":\"SearchAction\",\"target\":{\"@type\":\"EntryPoint\",\"urlTemplate\":\"https:\/\/jiushidao.com\/?s={search_term_string}\"},\"query-input\":{\"@type\":\"PropertyValueSpecification\",\"valueRequired\":true,\"valueName\":\"search_term_string\"}}],\"inLanguage\":\"vi\"}]}<\/script>\n<!-- \/ Yoast SEO Premium plugin. -->","yoast_head_json":{"title":"Red Goji Berry - Jiushidao - Global Food Marketplace for Business Growth and Cosumers","robots":{"index":"index","follow":"follow","max-snippet":"max-snippet:-1","max-image-preview":"max-image-preview:large","max-video-preview":"max-video-preview:-1"},"canonical":"https:\/\/jiushidao.com\/vi\/san-pham\/red-goji-berry\/","og_locale":"vi_VN","og_type":"article","og_title":"Red Goji Berry","og_description":"Xinjiang Red Goji Berry Xinjiang Red Goji Berry absorbs water from Tianshan snowmelt, takes root in sandy soil, soaks up an annual sunlight of over 3,000 [\u2026]","og_url":"https:\/\/jiushidao.com\/vi\/san-pham\/red-goji-berry\/","og_site_name":"Jiushidao - Global Food Marketplace for Business Growth and Cosumers","article_modified_time":"2025-10-29T08:48:46+00:00","og_image":[{"width":486,"height":562,"url":"https:\/\/jiushidao.com\/wp-content\/uploads\/2025\/10\/27.png","type":"image\/png"}],"twitter_card":"summary_large_image","twitter_misc":{"\u01af\u1edbc t\u00ednh th\u1eddi gian \u0111\u1ecdc":"1 ph\u00fat"},"schema":{"@context":"https:\/\/schema.org","@graph":[{"@type":"WebPage","@id":"https:\/\/jiushidao.com\/product\/red-goji-berry\/","url":"https:\/\/jiushidao.com\/product\/red-goji-berry\/","name":"Red Goji Berry - Jiushidao - Global Food Marketplace for Business Growth and Cosumers","isPartOf":{"@id":"https:\/\/jiushidao.com\/#website"},"primaryImageOfPage":{"@id":"https:\/\/jiushidao.com\/product\/red-goji-berry\/#primaryimage"},"image":{"@id":"https:\/\/jiushidao.com\/product\/red-goji-berry\/#primaryimage"},"thumbnailUrl":"https:\/\/jiushidao.com\/wp-content\/uploads\/2025\/10\/27.png","datePublished":"2025-10-29T08:47:58+00:00","dateModified":"2025-10-29T08:48:46+00:00","breadcrumb":{"@id":"https:\/\/jiushidao.com\/product\/red-goji-berry\/#breadcrumb"},"inLanguage":"vi","potentialAction":[{"@type":"ReadAction","target":["https:\/\/jiushidao.com\/product\/red-goji-berry\/"]}]},{"@type":"ImageObject","inLanguage":"vi","@id":"https:\/\/jiushidao.com\/product\/red-goji-berry\/#primaryimage","url":"https:\/\/jiushidao.com\/wp-content\/uploads\/2025\/10\/27.png","contentUrl":"https:\/\/jiushidao.com\/wp-content\/uploads\/2025\/10\/27.png","width":486,"height":562},{"@type":"BreadcrumbList","@id":"https:\/\/jiushidao.com\/product\/red-goji-berry\/#breadcrumb","itemListElement":[{"@type":"ListItem","position":1,"name":"Home","item":"https:\/\/jiushidao.com\/"},{"@type":"ListItem","position":2,"name":"Store","item":"https:\/\/jiushidao.com\/store\/"},{"@type":"ListItem","position":3,"name":"Red Goji Berry"}]},{"@type":"WebSite","@id":"https:\/\/jiushidao.com\/#website","url":"https:\/\/jiushidao.com\/","name":"Jiushidao - Global Food Marketplace for Business Growth and Cosumers","description":"Jiushidao - Global Food Marketplace for Business Growth and Cosumers","potentialAction":[{"@type":"SearchAction","target":{"@type":"EntryPoint","urlTemplate":"https:\/\/jiushidao.com\/?s={search_term_string}"},"query-input":{"@type":"PropertyValueSpecification","valueRequired":true,"valueName":"search_term_string"}}],"inLanguage":"vi"}]}},"_links":{"self":[{"href":"https:\/\/jiushidao.com\/vi\/wp-json\/wp\/v2\/product\/668","targetHints":{"allow":["GET"]}}],"collection":[{"href":"https:\/\/jiushidao.com\/vi\/wp-json\/wp\/v2\/product"}],"about":[{"href":"https:\/\/jiushidao.com\/vi\/wp-json\/wp\/v2\/types\/product"}],"replies":[{"embeddable":true,"href":"https:\/\/jiushidao.com\/vi\/wp-json\/wp\/v2\/comments?post=668"}],"version-history":[{"count":2,"href":"https:\/\/jiushidao.com\/vi\/wp-json\/wp\/v2\/product\/668\/revisions"}],"predecessor-version":[{"id":726,"href":"https:\/\/jiushidao.com\/vi\/wp-json\/wp\/v2\/product\/668\/revisions\/726"}],"wp:featuredmedia":[{"embeddable":true,"href":"https:\/\/jiushidao.com\/vi\/wp-json\/wp\/v2\/media\/670"}],"wp:attachment":[{"href":"https:\/\/jiushidao.com\/vi\/wp-json\/wp\/v2\/media?parent=668"}],"wp:term":[{"taxonomy":"product_brand","embeddable":true,"href":"https:\/\/jiushidao.com\/vi\/wp-json\/wp\/v2\/product_brand?post=668"},{"taxonomy":"product_cat","embeddable":true,"href":"https:\/\/jiushidao.com\/vi\/wp-json\/wp\/v2\/product_cat?post=668"},{"taxonomy":"product_tag","embeddable":true,"href":"https:\/\/jiushidao.com\/vi\/wp-json\/wp\/v2\/product_tag?post=668"}],"curies":[{"name":"wp","href":"https:\/\/api.w.org\/{rel}","templated":true}]}}