{"id":665,"date":"2025-10-29T08:40:31","date_gmt":"2025-10-29T08:40:31","guid":{"rendered":"https:\/\/jiushidao.com\/?post_type=product&#038;p=665"},"modified":"2025-10-30T11:20:40","modified_gmt":"2025-10-30T11:20:40","slug":"black-wolfberry","status":"publish","type":"product","link":"https:\/\/jiushidao.com\/vi\/san-pham\/black-wolfberry\/","title":{"rendered":"Qu\u1ea3 k\u1ef7 t\u1eed \u0111en"},"content":{"rendered":"<section class=\"ybc-p\">\u200b<strong>Qu\u1ea3 k\u1ef7 t\u1eed \u0111en T\u00e2n C\u01b0\u01a1ng: &#039;Vua c\u1ee7a Anthocyanin&#039; t\u1eeb sa m\u1ea1c Gobi<\/strong>\u200b<\/section>\n<section class=\"ybc-p\">\u0110\u01b0\u1ee3c nu\u00f4i d\u01b0\u1ee1ng trong m\u00f4i tr\u01b0\u1eddng kh\u1eafc nghi\u1ec7t nh\u01b0ng tinh khi\u1ebft c\u1ee7a sa m\u1ea1c kh\u00f4 c\u1eb1n T\u00e2n C\u01b0\u01a1ng, qu\u1ea3 k\u1ef7 t\u1eed \u0111en c\u1ee7a ch\u00fang t\u00f4i \u0111\u01b0\u1ee3c t\u01b0\u1edbi ti\u00eau b\u1eb1ng n\u01b0\u1edbc tuy\u1ebft tan nguy\u00ean s\u01a1 t\u1eeb Thi\u00ean S\u01a1n v\u00e0 \u0111\u01b0\u1ee3c t\u00f4i luy\u1ec7n b\u1edfi s\u1ef1 ch\u00eanh l\u1ec7ch nhi\u1ec7t \u0111\u1ed9 c\u1ef1c l\u1edbn tr\u00ean 15\u00b0C gi\u1eefa ng\u00e0y v\u00e0 \u0111\u00eam. M\u1ed7i qu\u1ea3 ch\u00edn c\u00f3 m\u00e0u t\u00edm \u0111en \u0111\u1eadm, v\u1edbi m\u1ed9t \u0111\u1ed1m tr\u1eafng \u0111\u1eb7c tr\u01b0ng \u1edf cu\u1ed1ng - d\u1ea5u hi\u1ec7u c\u1ee7a ngu\u1ed3n g\u1ed1c \u0111\u00edch th\u1ef1c.<\/section>\n<section class=\"ybc-p\">\u0110\u01b0\u1ee3c m\u1ec7nh danh l\u00e0 &quot;Vua c\u1ee7a Anthocyanin&quot;, lo\u1ea1i qu\u1ea3 m\u1ecdng n\u00e0y t\u1ecfa ra m\u1ed9t l\u1edbp s\u01b0\u01a1ng t\u00edm m\u00ea ho\u1eb7c khi ng\u00e2m trong n\u01b0\u1edbc, b\u00e1o hi\u1ec7u h\u00e0m l\u01b0\u1ee3ng s\u1eafc t\u1ed1 t\u1ef1 nhi\u00ean m\u1ea1nh m\u1ebd c\u1ee7a ch\u00fang. Gi\u00e0u axit amin, ch\u1ea5t ch\u1ed1ng oxy h\u00f3a v\u00e0 c\u00e1c kho\u00e1ng ch\u1ea5t vi l\u01b0\u1ee3ng thi\u1ebft y\u1ebfu, ch\u00fang mang l\u1ea1i s\u1ee9c m\u1ea1nh m\u1ea1nh m\u1ebd cho l\u00e0n da r\u1ea1ng r\u1ee1, s\u1ee9c kh\u1ecfe \u0111\u00f4i m\u1eaft v\u00e0 s\u1ee9c s\u1ed1ng t\u1ed5ng th\u1ec3. Th\u01b0\u1edfng th\u1ee9c tr\u1ef1c ti\u1ebfp nh\u01b0 m\u1ed9t m\u00f3n \u0103n nh\u1eb9, pha tr\u00e0, ho\u1eb7c k\u1ebft h\u1ee3p ch\u00fang v\u00e0o c\u00f4ng th\u1ee9c n\u1ea5u \u0103n nh\u01b0 m\u1ed9t si\u00eau th\u1ef1c ph\u1ea9m gi\u00e0u dinh d\u01b0\u1ee1ng.<\/section>\n<section class=\"ybc-p\">\u200b<strong>C\u00e1c t\u00ednh n\u0103ng ch\u00ednh:<\/strong>\u200b<\/section>\n<ul class=\"ybc-ul-component\">\n<li class=\"ybc-li-component ybc-li-component_ul\">\n<section class=\"ybc-p\">\u200b<strong>Ngu\u1ed3n g\u1ed1c thu\u1ea7n t\u00fay:<\/strong>\u200b M\u1ecdc hoang d\u00e3 \u1edf sa m\u1ea1c Gobi nguy\u00ean s\u01a1, \u0111\u01b0\u1ee3c nu\u00f4i d\u01b0\u1ee1ng b\u1edfi tuy\u1ebft tan \u1edf Thi\u00ean S\u01a1n.<\/section>\n<\/li>\n<li class=\"ybc-li-component ybc-li-component_ul\">\n<section class=\"ybc-p\">\u200b<strong>\u200bNgu\u1ed3n Anthocyanin d\u1ed3i d\u00e0o c\u1ee7a thi\u00ean nhi\u00ean:\u200b<\/strong>\u200b Ngay l\u1eadp t\u1ee9c gi\u1ea3i ph\u00f3ng m\u00e0u t\u00edm s\u1ed1ng \u0111\u1ed9ng trong n\u01b0\u1edbc, cho th\u1ea5y h\u00e0m l\u01b0\u1ee3ng ch\u1ea5t ch\u1ed1ng oxy h\u00f3a cao.<\/section>\n<\/li>\n<li class=\"ybc-li-component ybc-li-component_ul\">\n<section class=\"ybc-p\">\u200b<strong>\u200bGi\u00e0u dinh d\u01b0\u1ee1ng:\u200b<\/strong>\u200b Ch\u1ee9a nhi\u1ec1u axit amin, vitamin v\u00e0 c\u00e1c nguy\u00ean t\u1ed1 vi l\u01b0\u1ee3ng hi\u1ebfm.<\/section>\n<\/li>\n<li class=\"ybc-li-component ybc-li-component_ul\">\n<section class=\"ybc-p\">\u200b<strong>\u200bS\u1eed d\u1ee5ng \u0111a n\u0103ng:\u200b<\/strong>Th\u00edch h\u1ee3p \u0111\u1ec3 \u0103n s\u1ed1ng, pha ch\u1ebf ho\u1eb7c th\u00eam v\u00e0o c\u00e1c m\u00f3n \u0103n v\u00e0 thu\u1ed1c b\u1ed5.<\/section>\n<\/li>\n<li class=\"ybc-li-component ybc-li-component_ul\">\n<section class=\"ybc-p\">\u200b<strong>L\u00e0m \u0111\u1eb9p &amp; S\u1ee9c kh\u1ecfe:<\/strong>Theo truy\u1ec1n th\u1ed1ng \u0111\u01b0\u1ee3c s\u1eed d\u1ee5ng \u0111\u1ec3 h\u1ed7 tr\u1ee3 th\u1ecb l\u1ef1c, t\u0103ng c\u01b0\u1eddng \u0111\u1ed9 s\u00e1ng c\u1ee7a da v\u00e0 ch\u1ed1ng l\u1ea1i stress oxy h\u00f3a.<\/section>\n<\/li>\n<\/ul>","protected":false},"excerpt":{"rendered":"<p>Qu\u1ea3 k\u1ef7 t\u1eed \u0111en T\u00e2n C\u01b0\u01a1ng: &#039;Vua c\u1ee7a Anthocyanin&#039; t\u1eeb sa m\u1ea1c Gobi\u200b\u200b \u0110\u01b0\u1ee3c nu\u00f4i d\u01b0\u1ee1ng trong m\u00f4i tr\u01b0\u1eddng kh\u1eafc nghi\u1ec7t nh\u01b0ng tinh khi\u1ebft c\u1ee7a sa m\u1ea1c kh\u00f4 c\u1eb1n T\u00e2n C\u01b0\u01a1ng, qu\u1ea3 k\u1ef7 t\u1eed \u0111en c\u1ee7a ch\u00fang t\u00f4i<span class=\"excerpt-hellip\"> [\u2026]<\/span><\/p>","protected":false},"featured_media":667,"comment_status":"open","ping_status":"closed","template":"","meta":[],"product_brand":[53],"product_cat":[51],"product_tag":[],"class_list":{"0":"post-665","1":"product","2":"type-product","3":"status-publish","4":"has-post-thumbnail","6":"product_brand-instant_mix_category","7":"product_cat-dried_fruits_and_preserves","9":"first","10":"instock","11":"shipping-taxable","12":"product-type-simple"},"yoast_head":"<!-- This site is optimized with the Yoast SEO Premium plugin v25.8 (Yoast SEO v25.8) - https:\/\/yoast.com\/wordpress\/plugins\/seo\/ -->\n<title>Black Wolfberry - Jiushidao - Global Food Marketplace for Business Growth and Cosumers<\/title>\n<meta name=\"robots\" content=\"index, follow, max-snippet:-1, max-image-preview:large, max-video-preview:-1\" \/>\n<link rel=\"canonical\" href=\"https:\/\/jiushidao.com\/vi\/san-pham\/black-wolfberry\/\" \/>\n<meta property=\"og:locale\" content=\"vi_VN\" \/>\n<meta property=\"og:type\" content=\"article\" \/>\n<meta property=\"og:title\" content=\"Black Wolfberry\" \/>\n<meta property=\"og:description\" content=\"\u200b\u200bXinjiang Black Goji Berries: The &#8216;King of Anthocyanins&#8217; from the Gobi Desert\u200b\u200b Nurtured in the harsh yet pure environment of Xinjiang\u2019s arid deserts, our black goji [\u2026]\" \/>\n<meta property=\"og:url\" content=\"https:\/\/jiushidao.com\/vi\/san-pham\/black-wolfberry\/\" \/>\n<meta property=\"og:site_name\" content=\"Jiushidao - Global Food Marketplace for Business Growth and Cosumers\" \/>\n<meta property=\"article:modified_time\" content=\"2025-10-30T11:20:40+00:00\" \/>\n<meta property=\"og:image\" content=\"https:\/\/jiushidao.com\/wp-content\/uploads\/2025\/10\/26.png\" \/>\n\t<meta property=\"og:image:width\" content=\"554\" \/>\n\t<meta property=\"og:image:height\" content=\"570\" \/>\n\t<meta property=\"og:image:type\" content=\"image\/png\" \/>\n<meta name=\"twitter:card\" content=\"summary_large_image\" \/>\n<meta name=\"twitter:label1\" content=\"\u01af\u1edbc t\u00ednh th\u1eddi gian \u0111\u1ecdc\" \/>\n\t<meta name=\"twitter:data1\" content=\"1 ph\u00fat\" \/>\n<script type=\"application\/ld+json\" class=\"yoast-schema-graph\">{\"@context\":\"https:\/\/schema.org\",\"@graph\":[{\"@type\":\"WebPage\",\"@id\":\"https:\/\/jiushidao.com\/product\/black-wolfberry\/\",\"url\":\"https:\/\/jiushidao.com\/product\/black-wolfberry\/\",\"name\":\"Black Wolfberry - Jiushidao - Global Food Marketplace for Business Growth and Cosumers\",\"isPartOf\":{\"@id\":\"https:\/\/jiushidao.com\/#website\"},\"primaryImageOfPage\":{\"@id\":\"https:\/\/jiushidao.com\/product\/black-wolfberry\/#primaryimage\"},\"image\":{\"@id\":\"https:\/\/jiushidao.com\/product\/black-wolfberry\/#primaryimage\"},\"thumbnailUrl\":\"https:\/\/jiushidao.com\/wp-content\/uploads\/2025\/10\/26.png\",\"datePublished\":\"2025-10-29T08:40:31+00:00\",\"dateModified\":\"2025-10-30T11:20:40+00:00\",\"breadcrumb\":{\"@id\":\"https:\/\/jiushidao.com\/product\/black-wolfberry\/#breadcrumb\"},\"inLanguage\":\"vi\",\"potentialAction\":[{\"@type\":\"ReadAction\",\"target\":[\"https:\/\/jiushidao.com\/product\/black-wolfberry\/\"]}]},{\"@type\":\"ImageObject\",\"inLanguage\":\"vi\",\"@id\":\"https:\/\/jiushidao.com\/product\/black-wolfberry\/#primaryimage\",\"url\":\"https:\/\/jiushidao.com\/wp-content\/uploads\/2025\/10\/26.png\",\"contentUrl\":\"https:\/\/jiushidao.com\/wp-content\/uploads\/2025\/10\/26.png\",\"width\":554,\"height\":570},{\"@type\":\"BreadcrumbList\",\"@id\":\"https:\/\/jiushidao.com\/product\/black-wolfberry\/#breadcrumb\",\"itemListElement\":[{\"@type\":\"ListItem\",\"position\":1,\"name\":\"Home\",\"item\":\"https:\/\/jiushidao.com\/\"},{\"@type\":\"ListItem\",\"position\":2,\"name\":\"Store\",\"item\":\"https:\/\/jiushidao.com\/store\/\"},{\"@type\":\"ListItem\",\"position\":3,\"name\":\"Black Wolfberry\"}]},{\"@type\":\"WebSite\",\"@id\":\"https:\/\/jiushidao.com\/#website\",\"url\":\"https:\/\/jiushidao.com\/\",\"name\":\"Jiushidao - Global Food Marketplace for Business Growth and Cosumers\",\"description\":\"Jiushidao - Global Food Marketplace for Business Growth and Cosumers\",\"potentialAction\":[{\"@type\":\"SearchAction\",\"target\":{\"@type\":\"EntryPoint\",\"urlTemplate\":\"https:\/\/jiushidao.com\/?s={search_term_string}\"},\"query-input\":{\"@type\":\"PropertyValueSpecification\",\"valueRequired\":true,\"valueName\":\"search_term_string\"}}],\"inLanguage\":\"vi\"}]}<\/script>\n<!-- \/ Yoast SEO Premium plugin. -->","yoast_head_json":{"title":"Black Wolfberry - Jiushidao - Global Food Marketplace for Business Growth and Cosumers","robots":{"index":"index","follow":"follow","max-snippet":"max-snippet:-1","max-image-preview":"max-image-preview:large","max-video-preview":"max-video-preview:-1"},"canonical":"https:\/\/jiushidao.com\/vi\/san-pham\/black-wolfberry\/","og_locale":"vi_VN","og_type":"article","og_title":"Black Wolfberry","og_description":"\u200b\u200bXinjiang Black Goji Berries: The &#8216;King of Anthocyanins&#8217; from the Gobi Desert\u200b\u200b Nurtured in the harsh yet pure environment of Xinjiang\u2019s arid deserts, our black goji [\u2026]","og_url":"https:\/\/jiushidao.com\/vi\/san-pham\/black-wolfberry\/","og_site_name":"Jiushidao - Global Food Marketplace for Business Growth and Cosumers","article_modified_time":"2025-10-30T11:20:40+00:00","og_image":[{"width":554,"height":570,"url":"https:\/\/jiushidao.com\/wp-content\/uploads\/2025\/10\/26.png","type":"image\/png"}],"twitter_card":"summary_large_image","twitter_misc":{"\u01af\u1edbc t\u00ednh th\u1eddi gian \u0111\u1ecdc":"1 ph\u00fat"},"schema":{"@context":"https:\/\/schema.org","@graph":[{"@type":"WebPage","@id":"https:\/\/jiushidao.com\/product\/black-wolfberry\/","url":"https:\/\/jiushidao.com\/product\/black-wolfberry\/","name":"Black Wolfberry - Jiushidao - Global Food Marketplace for Business Growth and Cosumers","isPartOf":{"@id":"https:\/\/jiushidao.com\/#website"},"primaryImageOfPage":{"@id":"https:\/\/jiushidao.com\/product\/black-wolfberry\/#primaryimage"},"image":{"@id":"https:\/\/jiushidao.com\/product\/black-wolfberry\/#primaryimage"},"thumbnailUrl":"https:\/\/jiushidao.com\/wp-content\/uploads\/2025\/10\/26.png","datePublished":"2025-10-29T08:40:31+00:00","dateModified":"2025-10-30T11:20:40+00:00","breadcrumb":{"@id":"https:\/\/jiushidao.com\/product\/black-wolfberry\/#breadcrumb"},"inLanguage":"vi","potentialAction":[{"@type":"ReadAction","target":["https:\/\/jiushidao.com\/product\/black-wolfberry\/"]}]},{"@type":"ImageObject","inLanguage":"vi","@id":"https:\/\/jiushidao.com\/product\/black-wolfberry\/#primaryimage","url":"https:\/\/jiushidao.com\/wp-content\/uploads\/2025\/10\/26.png","contentUrl":"https:\/\/jiushidao.com\/wp-content\/uploads\/2025\/10\/26.png","width":554,"height":570},{"@type":"BreadcrumbList","@id":"https:\/\/jiushidao.com\/product\/black-wolfberry\/#breadcrumb","itemListElement":[{"@type":"ListItem","position":1,"name":"Home","item":"https:\/\/jiushidao.com\/"},{"@type":"ListItem","position":2,"name":"Store","item":"https:\/\/jiushidao.com\/store\/"},{"@type":"ListItem","position":3,"name":"Black Wolfberry"}]},{"@type":"WebSite","@id":"https:\/\/jiushidao.com\/#website","url":"https:\/\/jiushidao.com\/","name":"Jiushidao - Global Food Marketplace for Business Growth and Cosumers","description":"Jiushidao - Global Food Marketplace for Business Growth and Cosumers","potentialAction":[{"@type":"SearchAction","target":{"@type":"EntryPoint","urlTemplate":"https:\/\/jiushidao.com\/?s={search_term_string}"},"query-input":{"@type":"PropertyValueSpecification","valueRequired":true,"valueName":"search_term_string"}}],"inLanguage":"vi"}]}},"_links":{"self":[{"href":"https:\/\/jiushidao.com\/vi\/wp-json\/wp\/v2\/product\/665","targetHints":{"allow":["GET"]}}],"collection":[{"href":"https:\/\/jiushidao.com\/vi\/wp-json\/wp\/v2\/product"}],"about":[{"href":"https:\/\/jiushidao.com\/vi\/wp-json\/wp\/v2\/types\/product"}],"replies":[{"embeddable":true,"href":"https:\/\/jiushidao.com\/vi\/wp-json\/wp\/v2\/comments?post=665"}],"version-history":[{"count":2,"href":"https:\/\/jiushidao.com\/vi\/wp-json\/wp\/v2\/product\/665\/revisions"}],"predecessor-version":[{"id":754,"href":"https:\/\/jiushidao.com\/vi\/wp-json\/wp\/v2\/product\/665\/revisions\/754"}],"wp:featuredmedia":[{"embeddable":true,"href":"https:\/\/jiushidao.com\/vi\/wp-json\/wp\/v2\/media\/667"}],"wp:attachment":[{"href":"https:\/\/jiushidao.com\/vi\/wp-json\/wp\/v2\/media?parent=665"}],"wp:term":[{"taxonomy":"product_brand","embeddable":true,"href":"https:\/\/jiushidao.com\/vi\/wp-json\/wp\/v2\/product_brand?post=665"},{"taxonomy":"product_cat","embeddable":true,"href":"https:\/\/jiushidao.com\/vi\/wp-json\/wp\/v2\/product_cat?post=665"},{"taxonomy":"product_tag","embeddable":true,"href":"https:\/\/jiushidao.com\/vi\/wp-json\/wp\/v2\/product_tag?post=665"}],"curies":[{"name":"wp","href":"https:\/\/api.w.org\/{rel}","templated":true}]}}