{"id":661,"date":"2025-10-29T08:39:32","date_gmt":"2025-10-29T08:39:32","guid":{"rendered":"https:\/\/jiushidao.com\/?post_type=product&#038;p=661"},"modified":"2025-10-30T11:22:38","modified_gmt":"2025-10-30T11:22:38","slug":"rose-flowers","status":"publish","type":"product","link":"https:\/\/jiushidao.com\/vi\/san-pham\/rose-flowers\/","title":{"rendered":"Hoa h\u1ed3ng"},"content":{"rendered":"<section class=\"ybc-p\">\n<section class=\"ybc-p\">\u200b<strong>Hoa h\u1ed3ng T\u00e2n C\u01b0\u01a1ng: S\u1eafc hoa nhung c\u1ee7a thi\u00ean nhi\u00ean d\u01b0\u1edbi ch\u00e2n d\u00e3y n\u00fai Thi\u00ean S\u01a1n<\/strong>\u200b<\/section>\n<section class=\"ybc-p\">N\u1edf r\u1ed9 gi\u1eefa kh\u00ed h\u1eadu \u0111\u1ed9c \u0111\u00e1o c\u1ee7a T\u00e2n C\u01b0\u01a1ng - n\u01a1i \u00e1nh n\u1eafng gay g\u1eaft h\u00f2a quy\u1ec7n c\u00f9ng s\u1ef1 thay \u0111\u1ed5i nhi\u1ec7t \u0111\u1ed9 \u0111\u1ed9t ng\u1ed9t gi\u1eefa ng\u00e0y v\u00e0 \u0111\u00eam - nh\u1eefng b\u00f4ng h\u1ed3ng n\u00e0y n\u1edf r\u1ed9 nh\u1eefng c\u00e1nh hoa d\u00e0y, m\u1ecbn nh\u01b0 nhung v\u1edbi s\u1eafc \u0111\u1ecf th\u1eabm r\u1ef1c r\u1ee1. M\u1ed7i b\u00f4ng hoa l\u00e0 minh ch\u1ee9ng cho s\u1ef1 tinh khi\u1ebft v\u00e0 s\u1ee9c s\u1ed1ng m\u00e3nh li\u1ec7t, \u0111\u01b0\u1ee3c nu\u00f4i d\u01b0\u1ee1ng b\u1edfi n\u01b0\u1edbc tuy\u1ebft tan gi\u00e0u kho\u00e1ng ch\u1ea5t v\u00e0 kh\u00f4ng kh\u00ed sa m\u1ea1c kh\u00f4 c\u1eb1n.<\/section>\n<section class=\"ybc-p\">Gi\u00e0u vitamin C, anthocyanin v\u00e0 c\u00e1c h\u1ee3p ch\u1ea5t th\u01a1m, hoa h\u1ed3ng T\u00e2n C\u01b0\u01a1ng l\u00e0 b\u00e1u v\u1eadt \u0111a n\u0103ng. Ch\u00fang c\u00f3 th\u1ec3 \u0111\u01b0\u1ee3c s\u1ea5y kh\u00f4 \u0111\u1ec3 l\u00e0m tr\u00e0 hoa, ninh th\u00e0nh m\u1ee9t, ho\u1eb7c ch\u01b0ng c\u1ea5t th\u00e0nh tinh d\u1ea7u. Khi pha, c\u00e1nh hoa t\u1ecfa ra h\u01b0\u01a1ng th\u01a1m tinh t\u1ebf v\u00e0 t\u1ea1o n\u00ean m\u1ed9t lo\u1ea1i r\u01b0\u1ee3u m\u00e0u h\u1ed3ng nh\u1ea1t v\u1edbi v\u1ecb ng\u1ecdt d\u1ecbu nh\u1eb9, \u00eam d\u1ecbu - c\u00e2n b\u1eb1ng gi\u1eefa c\u00e1i \u1ea5m \u00e1p c\u1ee7a n\u1eafng mi\u1ec1n T\u00e2y v\u1edbi s\u1ef1 t\u01b0\u01a1i m\u00e1t c\u1ee7a tuy\u1ebft n\u00fai.<\/section>\n<section class=\"ybc-p\">\u200b<strong>C\u00e1c t\u00ednh n\u0103ng ch\u00ednh:<\/strong>\u200b<\/section>\n<ul class=\"ybc-ul-component\">\n<li class=\"ybc-li-component ybc-li-component_ul\">\n<section class=\"ybc-p\">\u200b<strong>\u200b\u0110\u1ecba h\u00ecnh l\u00fd t\u01b0\u1edfng:\u200b<\/strong>\u200b Tr\u1ed3ng d\u01b0\u1edbi \u00e1nh n\u1eafng m\u1eb7t tr\u1eddi m\u1ea1nh v\u00e0 nhi\u1ec7t \u0111\u1ed9 thay \u0111\u1ed5i \u0111\u00e1ng k\u1ec3 trong ng\u00e0y \u0111\u1ec3 c\u00f3 c\u00e1nh hoa d\u00e0y v\u00e0 th\u01a1m.<\/section>\n<\/li>\n<li class=\"ybc-li-component ybc-li-component_ul\">\n<section class=\"ybc-p\">\u200b<strong>Ch\u1ea5t dinh d\u01b0\u1ee1ng t\u1ef1 nhi\u00ean:<\/strong>Gi\u00e0u vitamin C, anthocyanin v\u00e0 tinh d\u1ea7u th\u01a1m.<\/section>\n<\/li>\n<li class=\"ybc-li-component ybc-li-component_ul\">\n<section class=\"ybc-p\">\u200b<strong>\u200bC\u00f4ng d\u1ee5ng \u0111a n\u0103ng:\u200b<\/strong>Ho\u00e0n h\u1ea3o \u0111\u1ec3 pha tr\u00e0, l\u00e0m b\u1ed9t hoa h\u1ed3ng ho\u1eb7c chi\u1ebft xu\u1ea5t tinh d\u1ea7u.<\/section>\n<\/li>\n<li class=\"ybc-li-component ybc-li-component_ul\">\n<section class=\"ybc-p\">\u200b<strong>Tr\u1ea3i nghi\u1ec7m gi\u00e1c quan:<\/strong>\u200bMang \u0111\u1ebfn h\u01b0\u01a1ng th\u01a1m n\u1ed3ng n\u00e0n, m\u00e0u h\u1ed3ng b\u1eaft m\u1eaft v\u00e0 h\u01b0\u01a1ng v\u1ecb nh\u1eb9 nh\u00e0ng, h\u01a1i say.<\/section>\n<\/li>\n<li class=\"ybc-li-component ybc-li-component_ul\">\n<section class=\"ybc-p\">\u200b<strong>L\u00e0m \u0111\u1eb9p &amp; S\u1ee9c kh\u1ecfe:<\/strong>Gi\u00fap nu\u00f4i d\u01b0\u1ee1ng l\u00e0n da, th\u00fac \u0111\u1ea9y s\u1ef1 b\u00ecnh t\u0129nh v\u00e0 h\u1ed7 tr\u1ee3 v\u1ebb r\u1ea1ng r\u1ee1 t\u1ef1 nhi\u00ean.<\/section>\n<\/li>\n<\/ul>\n<\/section>","protected":false},"excerpt":{"rendered":"<p>Hoa h\u1ed3ng T\u00e2n C\u01b0\u01a1ng: S\u1ef1 n\u1edf r\u1ed9 nh\u01b0 nhung c\u1ee7a thi\u00ean nhi\u00ean d\u01b0\u1edbi ch\u00e2n d\u00e3y n\u00fai Thi\u00ean S\u01a1n\u200b\u200b N\u1edf r\u1ed9 trong kh\u00ed h\u1eadu \u0111\u1ed9c \u0111\u00e1o c\u1ee7a T\u00e2n C\u01b0\u01a1ng\u2014n\u01a1i \u00e1nh n\u1eafng m\u1eb7t tr\u1eddi gay g\u1eaft g\u1eb7p ph\u1ea3i s\u1ef1 thay \u0111\u1ed5i nhi\u1ec7t \u0111\u1ed9 \u0111\u1ed9t ng\u1ed9t gi\u1eefa ng\u00e0y v\u00e0 \u0111\u00eam\u2014nh\u1eefng b\u00f4ng hoa n\u00e0y<span class=\"excerpt-hellip\"> [\u2026]<\/span><\/p>","protected":false},"featured_media":663,"comment_status":"open","ping_status":"closed","template":"","meta":[],"product_brand":[53],"product_cat":[51],"product_tag":[],"class_list":{"0":"post-661","1":"product","2":"type-product","3":"status-publish","4":"has-post-thumbnail","6":"product_brand-instant_mix_category","7":"product_cat-dried_fruits_and_preserves","9":"first","10":"instock","11":"shipping-taxable","12":"product-type-simple"},"yoast_head":"<!-- This site is optimized with the Yoast SEO Premium plugin v25.8 (Yoast SEO v25.8) - https:\/\/yoast.com\/wordpress\/plugins\/seo\/ -->\n<title>Rose Flowers - Jiushidao - Global Food Marketplace for Business Growth and Cosumers<\/title>\n<meta name=\"robots\" content=\"index, follow, max-snippet:-1, max-image-preview:large, max-video-preview:-1\" \/>\n<link rel=\"canonical\" href=\"https:\/\/jiushidao.com\/vi\/san-pham\/rose-flowers\/\" \/>\n<meta property=\"og:locale\" content=\"vi_VN\" \/>\n<meta property=\"og:type\" content=\"article\" \/>\n<meta property=\"og:title\" content=\"Rose Flowers\" \/>\n<meta property=\"og:description\" content=\"\u200b\u200bXinjiang Roses: Nature\u2019s Velvet Bloom at the Foot of the Tianshan Mountains\u200b\u200b Blooming in the unique climate of Xinjiang\u2014where intense sunlight meets dramatic day-night temperature shifts\u2014these [\u2026]\" \/>\n<meta property=\"og:url\" content=\"https:\/\/jiushidao.com\/vi\/san-pham\/rose-flowers\/\" \/>\n<meta property=\"og:site_name\" content=\"Jiushidao - Global Food Marketplace for Business Growth and Cosumers\" \/>\n<meta property=\"article:modified_time\" content=\"2025-10-30T11:22:38+00:00\" \/>\n<meta property=\"og:image\" content=\"https:\/\/jiushidao.com\/wp-content\/uploads\/2025\/10\/25png.png\" \/>\n\t<meta property=\"og:image:width\" content=\"502\" \/>\n\t<meta property=\"og:image:height\" content=\"570\" \/>\n\t<meta property=\"og:image:type\" content=\"image\/png\" \/>\n<meta name=\"twitter:card\" content=\"summary_large_image\" \/>\n<meta name=\"twitter:label1\" content=\"\u01af\u1edbc t\u00ednh th\u1eddi gian \u0111\u1ecdc\" \/>\n\t<meta name=\"twitter:data1\" content=\"2 ph\u00fat\" \/>\n<script type=\"application\/ld+json\" class=\"yoast-schema-graph\">{\"@context\":\"https:\/\/schema.org\",\"@graph\":[{\"@type\":\"WebPage\",\"@id\":\"https:\/\/jiushidao.com\/product\/rose-flowers\/\",\"url\":\"https:\/\/jiushidao.com\/product\/rose-flowers\/\",\"name\":\"Rose Flowers - Jiushidao - Global Food Marketplace for Business Growth and Cosumers\",\"isPartOf\":{\"@id\":\"https:\/\/jiushidao.com\/#website\"},\"primaryImageOfPage\":{\"@id\":\"https:\/\/jiushidao.com\/product\/rose-flowers\/#primaryimage\"},\"image\":{\"@id\":\"https:\/\/jiushidao.com\/product\/rose-flowers\/#primaryimage\"},\"thumbnailUrl\":\"https:\/\/jiushidao.com\/wp-content\/uploads\/2025\/10\/25png.png\",\"datePublished\":\"2025-10-29T08:39:32+00:00\",\"dateModified\":\"2025-10-30T11:22:38+00:00\",\"breadcrumb\":{\"@id\":\"https:\/\/jiushidao.com\/product\/rose-flowers\/#breadcrumb\"},\"inLanguage\":\"vi\",\"potentialAction\":[{\"@type\":\"ReadAction\",\"target\":[\"https:\/\/jiushidao.com\/product\/rose-flowers\/\"]}]},{\"@type\":\"ImageObject\",\"inLanguage\":\"vi\",\"@id\":\"https:\/\/jiushidao.com\/product\/rose-flowers\/#primaryimage\",\"url\":\"https:\/\/jiushidao.com\/wp-content\/uploads\/2025\/10\/25png.png\",\"contentUrl\":\"https:\/\/jiushidao.com\/wp-content\/uploads\/2025\/10\/25png.png\",\"width\":502,\"height\":570},{\"@type\":\"BreadcrumbList\",\"@id\":\"https:\/\/jiushidao.com\/product\/rose-flowers\/#breadcrumb\",\"itemListElement\":[{\"@type\":\"ListItem\",\"position\":1,\"name\":\"Home\",\"item\":\"https:\/\/jiushidao.com\/\"},{\"@type\":\"ListItem\",\"position\":2,\"name\":\"Store\",\"item\":\"https:\/\/jiushidao.com\/store\/\"},{\"@type\":\"ListItem\",\"position\":3,\"name\":\"Rose Flowers\"}]},{\"@type\":\"WebSite\",\"@id\":\"https:\/\/jiushidao.com\/#website\",\"url\":\"https:\/\/jiushidao.com\/\",\"name\":\"Jiushidao - Global Food Marketplace for Business Growth and Cosumers\",\"description\":\"Jiushidao - Global Food Marketplace for Business Growth and Cosumers\",\"potentialAction\":[{\"@type\":\"SearchAction\",\"target\":{\"@type\":\"EntryPoint\",\"urlTemplate\":\"https:\/\/jiushidao.com\/?s={search_term_string}\"},\"query-input\":{\"@type\":\"PropertyValueSpecification\",\"valueRequired\":true,\"valueName\":\"search_term_string\"}}],\"inLanguage\":\"vi\"}]}<\/script>\n<!-- \/ Yoast SEO Premium plugin. -->","yoast_head_json":{"title":"Rose Flowers - Jiushidao - Global Food Marketplace for Business Growth and Cosumers","robots":{"index":"index","follow":"follow","max-snippet":"max-snippet:-1","max-image-preview":"max-image-preview:large","max-video-preview":"max-video-preview:-1"},"canonical":"https:\/\/jiushidao.com\/vi\/san-pham\/rose-flowers\/","og_locale":"vi_VN","og_type":"article","og_title":"Rose Flowers","og_description":"\u200b\u200bXinjiang Roses: Nature\u2019s Velvet Bloom at the Foot of the Tianshan Mountains\u200b\u200b Blooming in the unique climate of Xinjiang\u2014where intense sunlight meets dramatic day-night temperature shifts\u2014these [\u2026]","og_url":"https:\/\/jiushidao.com\/vi\/san-pham\/rose-flowers\/","og_site_name":"Jiushidao - Global Food Marketplace for Business Growth and Cosumers","article_modified_time":"2025-10-30T11:22:38+00:00","og_image":[{"width":502,"height":570,"url":"https:\/\/jiushidao.com\/wp-content\/uploads\/2025\/10\/25png.png","type":"image\/png"}],"twitter_card":"summary_large_image","twitter_misc":{"\u01af\u1edbc t\u00ednh th\u1eddi gian \u0111\u1ecdc":"2 ph\u00fat"},"schema":{"@context":"https:\/\/schema.org","@graph":[{"@type":"WebPage","@id":"https:\/\/jiushidao.com\/product\/rose-flowers\/","url":"https:\/\/jiushidao.com\/product\/rose-flowers\/","name":"Rose Flowers - Jiushidao - Global Food Marketplace for Business Growth and Cosumers","isPartOf":{"@id":"https:\/\/jiushidao.com\/#website"},"primaryImageOfPage":{"@id":"https:\/\/jiushidao.com\/product\/rose-flowers\/#primaryimage"},"image":{"@id":"https:\/\/jiushidao.com\/product\/rose-flowers\/#primaryimage"},"thumbnailUrl":"https:\/\/jiushidao.com\/wp-content\/uploads\/2025\/10\/25png.png","datePublished":"2025-10-29T08:39:32+00:00","dateModified":"2025-10-30T11:22:38+00:00","breadcrumb":{"@id":"https:\/\/jiushidao.com\/product\/rose-flowers\/#breadcrumb"},"inLanguage":"vi","potentialAction":[{"@type":"ReadAction","target":["https:\/\/jiushidao.com\/product\/rose-flowers\/"]}]},{"@type":"ImageObject","inLanguage":"vi","@id":"https:\/\/jiushidao.com\/product\/rose-flowers\/#primaryimage","url":"https:\/\/jiushidao.com\/wp-content\/uploads\/2025\/10\/25png.png","contentUrl":"https:\/\/jiushidao.com\/wp-content\/uploads\/2025\/10\/25png.png","width":502,"height":570},{"@type":"BreadcrumbList","@id":"https:\/\/jiushidao.com\/product\/rose-flowers\/#breadcrumb","itemListElement":[{"@type":"ListItem","position":1,"name":"Home","item":"https:\/\/jiushidao.com\/"},{"@type":"ListItem","position":2,"name":"Store","item":"https:\/\/jiushidao.com\/store\/"},{"@type":"ListItem","position":3,"name":"Rose Flowers"}]},{"@type":"WebSite","@id":"https:\/\/jiushidao.com\/#website","url":"https:\/\/jiushidao.com\/","name":"Jiushidao - Global Food Marketplace for Business Growth and Cosumers","description":"Jiushidao - Global Food Marketplace for Business Growth and Cosumers","potentialAction":[{"@type":"SearchAction","target":{"@type":"EntryPoint","urlTemplate":"https:\/\/jiushidao.com\/?s={search_term_string}"},"query-input":{"@type":"PropertyValueSpecification","valueRequired":true,"valueName":"search_term_string"}}],"inLanguage":"vi"}]}},"_links":{"self":[{"href":"https:\/\/jiushidao.com\/vi\/wp-json\/wp\/v2\/product\/661","targetHints":{"allow":["GET"]}}],"collection":[{"href":"https:\/\/jiushidao.com\/vi\/wp-json\/wp\/v2\/product"}],"about":[{"href":"https:\/\/jiushidao.com\/vi\/wp-json\/wp\/v2\/types\/product"}],"replies":[{"embeddable":true,"href":"https:\/\/jiushidao.com\/vi\/wp-json\/wp\/v2\/comments?post=661"}],"version-history":[{"count":2,"href":"https:\/\/jiushidao.com\/vi\/wp-json\/wp\/v2\/product\/661\/revisions"}],"predecessor-version":[{"id":755,"href":"https:\/\/jiushidao.com\/vi\/wp-json\/wp\/v2\/product\/661\/revisions\/755"}],"wp:featuredmedia":[{"embeddable":true,"href":"https:\/\/jiushidao.com\/vi\/wp-json\/wp\/v2\/media\/663"}],"wp:attachment":[{"href":"https:\/\/jiushidao.com\/vi\/wp-json\/wp\/v2\/media?parent=661"}],"wp:term":[{"taxonomy":"product_brand","embeddable":true,"href":"https:\/\/jiushidao.com\/vi\/wp-json\/wp\/v2\/product_brand?post=661"},{"taxonomy":"product_cat","embeddable":true,"href":"https:\/\/jiushidao.com\/vi\/wp-json\/wp\/v2\/product_cat?post=661"},{"taxonomy":"product_tag","embeddable":true,"href":"https:\/\/jiushidao.com\/vi\/wp-json\/wp\/v2\/product_tag?post=661"}],"curies":[{"name":"wp","href":"https:\/\/api.w.org\/{rel}","templated":true}]}}