{"id":658,"date":"2025-10-29T08:34:37","date_gmt":"2025-10-29T08:34:37","guid":{"rendered":"https:\/\/jiushidao.com\/?post_type=product&#038;p=658"},"modified":"2025-10-30T11:24:09","modified_gmt":"2025-10-30T11:24:09","slug":"snow-chrysanthemum","status":"publish","type":"product","link":"https:\/\/jiushidao.com\/vi\/san-pham\/snow-chrysanthemum\/","title":{"rendered":"C\u00fac tuy\u1ebft"},"content":{"rendered":"<section class=\"ybc-p\"><strong>Hoa c\u00fac tuy\u1ebft: M\u00f3n qu\u00e0 qu\u00fd hi\u1ebfm t\u1eeb d\u00e3y n\u00fai C\u00f4n L\u00f4n, T\u00e2n C\u01b0\u01a1ng<\/strong>\u200b<\/section>\n<section class=\"ybc-p\">\u0110\u01b0\u1ee3c nu\u00f4i d\u01b0\u1ee1ng trong s\u1ef1 tinh khi\u1ebft c\u1ee7a d\u00e3y n\u00fai C\u00f4n L\u00f4n \u1edf T\u00e2n C\u01b0\u01a1ng, lo\u00e0i hoa v\u00e0ng n\u00e0y ph\u00e1t tri\u1ec3n m\u1ea1nh m\u1ebd d\u01b0\u1edbi \u00e1nh n\u1eafng gay g\u1eaft, kh\u00f4ng kh\u00ed trong l\u00e0nh v\u00e0 tuy\u1ebft tan b\u1ed5 d\u01b0\u1ee1ng. \u0110\u01b0\u1ee3c h\u00e1i b\u1eb1ng tay v\u00e0o th\u1eddi \u0111i\u1ec3m hoa n\u1edf r\u1ed9 nh\u1ea5t, hoa v\u00e0ng gi\u00e0u flavonoid, axit amin v\u00e0 c\u00e1c h\u1ee3p ch\u1ea5t ho\u1ea1t t\u00ednh kh\u00e1c - m\u1ed9t th\u00e0nh ph\u1ea7n qu\u00fd gi\u00e1 cho s\u1ee9c kh\u1ecfe to\u00e0n di\u1ec7n.<\/section>\n<section class=\"ybc-p\">U\u1ed1ng tr\u00e0 th\u01b0\u1eddng xuy\u00ean c\u00f3 th\u1ec3 gi\u00fap l\u00e0m d\u1ecbu gan, gi\u1ea3m m\u1ecfi m\u1eaft, h\u1ed7 tr\u1ee3 qu\u00e1 tr\u00ecnh trao \u0111\u1ed5i ch\u1ea5t kh\u1ecfe m\u1ea1nh v\u00e0 th\u00fac \u0111\u1ea9y ti\u00eau h\u00f3a. Khi ng\u00e2m trong n\u01b0\u1edbc tr\u00ean 95\u00b0C, tr\u00e0 s\u1ebd chuy\u1ec3n sang m\u00e0u \u0111\u1ecf ruby quy\u1ebfn r\u0169 v\u1edbi h\u01b0\u01a1ng th\u01a1m n\u1ed3ng n\u00e0n v\u00e0 v\u1ecb ng\u1ecdt t\u1ef1 nhi\u00ean, \u00eam d\u1ecbu.<\/section>\n<section class=\"ybc-p\">\u200b<strong>C\u00e1c t\u00ednh n\u0103ng ch\u00ednh:<\/strong>\u200b<\/section>\n<ul class=\"ybc-ul-component\">\n<li class=\"ybc-li-component ybc-li-component_ul\">\n<section class=\"ybc-p\">\u200b<strong>Ngu\u1ed3n g\u1ed1c thu\u1ea7n t\u00fay:<\/strong>\u200b M\u1ecdc hoang d\u00e3 \u1edf v\u00f9ng cao nguy\u00ean nguy\u00ean s\u01a1 c\u1ee7a d\u00e3y n\u00fai C\u00f4n L\u00f4n.<\/section>\n<\/li>\n<li class=\"ybc-li-component ybc-li-component_ul\">\n<section class=\"ybc-p\">\u200b<strong>Gi\u00e0u ch\u1ea5t dinh d\u01b0\u1ee1ng:<\/strong>Gi\u00e0u flavonoid, axit amin v\u00e0 ch\u1ea5t ch\u1ed1ng oxy h\u00f3a.<\/section>\n<\/li>\n<li class=\"ybc-li-component ybc-li-component_ul\">\n<section class=\"ybc-p\">\u200b<strong>L\u1ee3i \u00edch v\u1ec1 s\u1ee9c kh\u1ecfe:<\/strong>Theo truy\u1ec1n th\u1ed1ng \u0111\u01b0\u1ee3c s\u1eed d\u1ee5ng \u0111\u1ec3 h\u1ed7 tr\u1ee3 s\u1ee9c kh\u1ecfe gan, gi\u1ea3m m\u1ecfi m\u1eaft v\u00e0 h\u1ed7 tr\u1ee3 qu\u00e1 tr\u00ecnh trao \u0111\u1ed5i ch\u1ea5t.<\/section>\n<\/li>\n<li class=\"ybc-li-component ybc-li-component_ul\">\n<section class=\"ybc-p\">\u200b<strong>Tr\u1ea3i nghi\u1ec7m th\u1ecb gi\u00e1c v\u00e0 h\u01b0\u01a1ng th\u01a1m:<\/strong>Pha tr\u00e0 c\u00f3 m\u00e0u \u0111\u1ecf ruby \u200b\u200bn\u1ed5i b\u1eadt v\u1edbi h\u01b0\u01a1ng hoa v\u00e0 h\u01b0\u01a1ng v\u1ecb ng\u1ecdt nh\u1eb9.<\/section>\n<\/li>\n<li class=\"ybc-li-component ybc-li-component_ul\">\n<section class=\"ybc-p\">\u200b<strong>G\u1ee3i \u00fd pha ch\u1ebf:<\/strong>S\u1eed d\u1ee5ng n\u01b0\u1edbc t\u1eeb 95\u00b0C tr\u1edf l\u00ean \u0111\u1ec3 c\u00f3 m\u00e0u s\u1eafc v\u00e0 h\u01b0\u01a1ng v\u1ecb t\u1ed1i \u01b0u.<\/section>\n<\/li>\n<\/ul>","protected":false},"excerpt":{"rendered":"<p>Hoa c\u00fac tuy\u1ebft: M\u00f3n qu\u00e0 qu\u00fd hi\u1ebfm t\u1eeb d\u00e3y n\u00fai C\u00f4n L\u00f4n, T\u00e2n C\u01b0\u01a1ng\u200b\u200b \u0110\u01b0\u1ee3c nu\u00f4i d\u01b0\u1ee1ng trong s\u1ef1 tinh khi\u1ebft \u1edf \u0111\u1ed9 cao c\u1ee7a d\u00e3y n\u00fai C\u00f4n L\u00f4n, T\u00e2n C\u01b0\u01a1ng, lo\u00e0i hoa v\u00e0ng n\u00e0y ph\u00e1t tri\u1ec3n m\u1ea1nh m\u1ebd d\u01b0\u1edbi \u0111i\u1ec1u ki\u1ec7n kh\u1eafc nghi\u1ec7t<span class=\"excerpt-hellip\"> [\u2026]<\/span><\/p>","protected":false},"featured_media":659,"comment_status":"open","ping_status":"closed","template":"","meta":[],"product_brand":[53],"product_cat":[51],"product_tag":[],"class_list":{"0":"post-658","1":"product","2":"type-product","3":"status-publish","4":"has-post-thumbnail","6":"product_brand-instant_mix_category","7":"product_cat-dried_fruits_and_preserves","9":"first","10":"instock","11":"shipping-taxable","12":"product-type-simple"},"yoast_head":"<!-- This site is optimized with the Yoast SEO Premium plugin v25.8 (Yoast SEO v25.8) - https:\/\/yoast.com\/wordpress\/plugins\/seo\/ -->\n<title>Snow Chrysanthemum - Jiushidao - Global Food Marketplace for Business Growth and Cosumers<\/title>\n<meta name=\"robots\" content=\"index, follow, max-snippet:-1, max-image-preview:large, max-video-preview:-1\" \/>\n<link rel=\"canonical\" href=\"https:\/\/jiushidao.com\/vi\/san-pham\/snow-chrysanthemum\/\" \/>\n<meta property=\"og:locale\" content=\"vi_VN\" \/>\n<meta property=\"og:type\" content=\"article\" \/>\n<meta property=\"og:title\" content=\"Snow Chrysanthemum\" \/>\n<meta property=\"og:description\" content=\"Snow Chrysanthemum: A Rare Gift from the Kunlun Mountains of Xinjiang\u200b\u200b Nurtured in the high-altitude purity of Xinjiang\u2019s Kunlun Mountains, this golden blossom thrives under intense [\u2026]\" \/>\n<meta property=\"og:url\" content=\"https:\/\/jiushidao.com\/vi\/san-pham\/snow-chrysanthemum\/\" \/>\n<meta property=\"og:site_name\" content=\"Jiushidao - Global Food Marketplace for Business Growth and Cosumers\" \/>\n<meta property=\"article:modified_time\" content=\"2025-10-30T11:24:09+00:00\" \/>\n<meta property=\"og:image\" content=\"https:\/\/jiushidao.com\/wp-content\/uploads\/2025\/10\/24.png\" \/>\n\t<meta property=\"og:image:width\" content=\"548\" \/>\n\t<meta property=\"og:image:height\" content=\"564\" \/>\n\t<meta property=\"og:image:type\" content=\"image\/png\" \/>\n<meta name=\"twitter:card\" content=\"summary_large_image\" \/>\n<meta name=\"twitter:label1\" content=\"\u01af\u1edbc t\u00ednh th\u1eddi gian \u0111\u1ecdc\" \/>\n\t<meta name=\"twitter:data1\" content=\"1 ph\u00fat\" \/>\n<script type=\"application\/ld+json\" class=\"yoast-schema-graph\">{\"@context\":\"https:\/\/schema.org\",\"@graph\":[{\"@type\":\"WebPage\",\"@id\":\"https:\/\/jiushidao.com\/product\/snow-chrysanthemum\/\",\"url\":\"https:\/\/jiushidao.com\/product\/snow-chrysanthemum\/\",\"name\":\"Snow Chrysanthemum - Jiushidao - Global Food Marketplace for Business Growth and Cosumers\",\"isPartOf\":{\"@id\":\"https:\/\/jiushidao.com\/#website\"},\"primaryImageOfPage\":{\"@id\":\"https:\/\/jiushidao.com\/product\/snow-chrysanthemum\/#primaryimage\"},\"image\":{\"@id\":\"https:\/\/jiushidao.com\/product\/snow-chrysanthemum\/#primaryimage\"},\"thumbnailUrl\":\"https:\/\/jiushidao.com\/wp-content\/uploads\/2025\/10\/24.png\",\"datePublished\":\"2025-10-29T08:34:37+00:00\",\"dateModified\":\"2025-10-30T11:24:09+00:00\",\"breadcrumb\":{\"@id\":\"https:\/\/jiushidao.com\/product\/snow-chrysanthemum\/#breadcrumb\"},\"inLanguage\":\"vi\",\"potentialAction\":[{\"@type\":\"ReadAction\",\"target\":[\"https:\/\/jiushidao.com\/product\/snow-chrysanthemum\/\"]}]},{\"@type\":\"ImageObject\",\"inLanguage\":\"vi\",\"@id\":\"https:\/\/jiushidao.com\/product\/snow-chrysanthemum\/#primaryimage\",\"url\":\"https:\/\/jiushidao.com\/wp-content\/uploads\/2025\/10\/24.png\",\"contentUrl\":\"https:\/\/jiushidao.com\/wp-content\/uploads\/2025\/10\/24.png\",\"width\":548,\"height\":564},{\"@type\":\"BreadcrumbList\",\"@id\":\"https:\/\/jiushidao.com\/product\/snow-chrysanthemum\/#breadcrumb\",\"itemListElement\":[{\"@type\":\"ListItem\",\"position\":1,\"name\":\"Home\",\"item\":\"https:\/\/jiushidao.com\/\"},{\"@type\":\"ListItem\",\"position\":2,\"name\":\"Store\",\"item\":\"https:\/\/jiushidao.com\/store\/\"},{\"@type\":\"ListItem\",\"position\":3,\"name\":\"Snow Chrysanthemum\"}]},{\"@type\":\"WebSite\",\"@id\":\"https:\/\/jiushidao.com\/#website\",\"url\":\"https:\/\/jiushidao.com\/\",\"name\":\"Jiushidao - Global Food Marketplace for Business Growth and Cosumers\",\"description\":\"Jiushidao - Global Food Marketplace for Business Growth and Cosumers\",\"potentialAction\":[{\"@type\":\"SearchAction\",\"target\":{\"@type\":\"EntryPoint\",\"urlTemplate\":\"https:\/\/jiushidao.com\/?s={search_term_string}\"},\"query-input\":{\"@type\":\"PropertyValueSpecification\",\"valueRequired\":true,\"valueName\":\"search_term_string\"}}],\"inLanguage\":\"vi\"}]}<\/script>\n<!-- \/ Yoast SEO Premium plugin. -->","yoast_head_json":{"title":"Snow Chrysanthemum - Jiushidao - Global Food Marketplace for Business Growth and Cosumers","robots":{"index":"index","follow":"follow","max-snippet":"max-snippet:-1","max-image-preview":"max-image-preview:large","max-video-preview":"max-video-preview:-1"},"canonical":"https:\/\/jiushidao.com\/vi\/san-pham\/snow-chrysanthemum\/","og_locale":"vi_VN","og_type":"article","og_title":"Snow Chrysanthemum","og_description":"Snow Chrysanthemum: A Rare Gift from the Kunlun Mountains of Xinjiang\u200b\u200b Nurtured in the high-altitude purity of Xinjiang\u2019s Kunlun Mountains, this golden blossom thrives under intense [\u2026]","og_url":"https:\/\/jiushidao.com\/vi\/san-pham\/snow-chrysanthemum\/","og_site_name":"Jiushidao - Global Food Marketplace for Business Growth and Cosumers","article_modified_time":"2025-10-30T11:24:09+00:00","og_image":[{"width":548,"height":564,"url":"https:\/\/jiushidao.com\/wp-content\/uploads\/2025\/10\/24.png","type":"image\/png"}],"twitter_card":"summary_large_image","twitter_misc":{"\u01af\u1edbc t\u00ednh th\u1eddi gian \u0111\u1ecdc":"1 ph\u00fat"},"schema":{"@context":"https:\/\/schema.org","@graph":[{"@type":"WebPage","@id":"https:\/\/jiushidao.com\/product\/snow-chrysanthemum\/","url":"https:\/\/jiushidao.com\/product\/snow-chrysanthemum\/","name":"Snow Chrysanthemum - Jiushidao - Global Food Marketplace for Business Growth and Cosumers","isPartOf":{"@id":"https:\/\/jiushidao.com\/#website"},"primaryImageOfPage":{"@id":"https:\/\/jiushidao.com\/product\/snow-chrysanthemum\/#primaryimage"},"image":{"@id":"https:\/\/jiushidao.com\/product\/snow-chrysanthemum\/#primaryimage"},"thumbnailUrl":"https:\/\/jiushidao.com\/wp-content\/uploads\/2025\/10\/24.png","datePublished":"2025-10-29T08:34:37+00:00","dateModified":"2025-10-30T11:24:09+00:00","breadcrumb":{"@id":"https:\/\/jiushidao.com\/product\/snow-chrysanthemum\/#breadcrumb"},"inLanguage":"vi","potentialAction":[{"@type":"ReadAction","target":["https:\/\/jiushidao.com\/product\/snow-chrysanthemum\/"]}]},{"@type":"ImageObject","inLanguage":"vi","@id":"https:\/\/jiushidao.com\/product\/snow-chrysanthemum\/#primaryimage","url":"https:\/\/jiushidao.com\/wp-content\/uploads\/2025\/10\/24.png","contentUrl":"https:\/\/jiushidao.com\/wp-content\/uploads\/2025\/10\/24.png","width":548,"height":564},{"@type":"BreadcrumbList","@id":"https:\/\/jiushidao.com\/product\/snow-chrysanthemum\/#breadcrumb","itemListElement":[{"@type":"ListItem","position":1,"name":"Home","item":"https:\/\/jiushidao.com\/"},{"@type":"ListItem","position":2,"name":"Store","item":"https:\/\/jiushidao.com\/store\/"},{"@type":"ListItem","position":3,"name":"Snow Chrysanthemum"}]},{"@type":"WebSite","@id":"https:\/\/jiushidao.com\/#website","url":"https:\/\/jiushidao.com\/","name":"Jiushidao - Global Food Marketplace for Business Growth and Cosumers","description":"Jiushidao - Global Food Marketplace for Business Growth and Cosumers","potentialAction":[{"@type":"SearchAction","target":{"@type":"EntryPoint","urlTemplate":"https:\/\/jiushidao.com\/?s={search_term_string}"},"query-input":{"@type":"PropertyValueSpecification","valueRequired":true,"valueName":"search_term_string"}}],"inLanguage":"vi"}]}},"_links":{"self":[{"href":"https:\/\/jiushidao.com\/vi\/wp-json\/wp\/v2\/product\/658","targetHints":{"allow":["GET"]}}],"collection":[{"href":"https:\/\/jiushidao.com\/vi\/wp-json\/wp\/v2\/product"}],"about":[{"href":"https:\/\/jiushidao.com\/vi\/wp-json\/wp\/v2\/types\/product"}],"replies":[{"embeddable":true,"href":"https:\/\/jiushidao.com\/vi\/wp-json\/wp\/v2\/comments?post=658"}],"version-history":[{"count":3,"href":"https:\/\/jiushidao.com\/vi\/wp-json\/wp\/v2\/product\/658\/revisions"}],"predecessor-version":[{"id":756,"href":"https:\/\/jiushidao.com\/vi\/wp-json\/wp\/v2\/product\/658\/revisions\/756"}],"wp:featuredmedia":[{"embeddable":true,"href":"https:\/\/jiushidao.com\/vi\/wp-json\/wp\/v2\/media\/659"}],"wp:attachment":[{"href":"https:\/\/jiushidao.com\/vi\/wp-json\/wp\/v2\/media?parent=658"}],"wp:term":[{"taxonomy":"product_brand","embeddable":true,"href":"https:\/\/jiushidao.com\/vi\/wp-json\/wp\/v2\/product_brand?post=658"},{"taxonomy":"product_cat","embeddable":true,"href":"https:\/\/jiushidao.com\/vi\/wp-json\/wp\/v2\/product_cat?post=658"},{"taxonomy":"product_tag","embeddable":true,"href":"https:\/\/jiushidao.com\/vi\/wp-json\/wp\/v2\/product_tag?post=658"}],"curies":[{"name":"wp","href":"https:\/\/api.w.org\/{rel}","templated":true}]}}