{"id":654,"date":"2025-10-29T08:26:11","date_gmt":"2025-10-29T08:26:11","guid":{"rendered":"https:\/\/jiushidao.com\/?post_type=product&#038;p=654"},"modified":"2025-10-30T11:25:28","modified_gmt":"2025-10-30T11:25:28","slug":"dates","status":"publish","type":"product","link":"https:\/\/jiushidao.com\/vi\/san-pham\/dates\/","title":{"rendered":"Ng\u00e0y th\u00e1ng"},"content":{"rendered":"<section class=\"ybc-p\"><strong>Ch\u00e0 l\u00e0 T\u00e2n C\u01b0\u01a1ng: Caramel t\u1ef1 nhi\u00ean t\u1eeb trung t\u00e2m sa m\u1ea1c<\/strong>\u200b<\/section>\n<section class=\"ybc-p\">\u0110\u01b0\u1ee3c tr\u1ed3ng d\u01b0\u1edbi \u00e1nh n\u1eafng m\u1eb7t tr\u1eddi t\u1ea1i c\u00e1c l\u01b0u v\u1ef1c \u1ed1c \u0111\u1ea3o T\u00e2n C\u01b0\u01a1ng, nh\u1eefng qu\u1ea3 ch\u00e0 l\u00e0 h\u1ea3o h\u1ea1ng c\u1ee7a ch\u00fang t\u00f4i ch\u00edn m\u1ecdng d\u01b0\u1edbi \u00e1nh n\u1eafng gay g\u1eaft v\u00e0 gi\u00f3 sa m\u1ea1c kh\u00f4 c\u1eb1n, t\u1ea1o n\u00ean v\u1ecb ng\u1ecdt \u0111\u1eadm \u0111\u00e0, ph\u1ee9c h\u1ee3p. M\u1ed7i qu\u1ea3 \u0111\u1ec1u c\u0103ng m\u1ecdng, h\u00ecnh l\u01b0\u1ee1i li\u1ec1m, v\u1edbi l\u1edbp v\u1ecf n\u00e2u s\u1eabm b\u00f3ng b\u1ea9y \u0111\u01b0\u1ee3c ph\u1ee7 m\u1ed9t l\u1edbp \u0111\u01b0\u1eddng m\u1ecfng t\u1ef1 nhi\u00ean.<\/section>\n<section class=\"ybc-p\">C\u1eafn m\u1ed9t mi\u1ebfng ch\u00e0 l\u00e0 m\u1ec1m, dai, th\u01a1m nh\u01b0 caramel b\u00e9o ng\u1eady, v\u1ecb ng\u1ecdt ng\u00e0o nh\u01b0 m\u1eadt ong \u0111\u01b0\u1ee3c c\u00e2n b\u1eb1ng b\u1edfi h\u01b0\u01a1ng d\u1eeba v\u00e0 k\u1eb9o b\u01a1 c\u1ee9ng tinh t\u1ebf. Ch\u00e0 l\u00e0 t\u1ef1 nhi\u00ean gi\u00e0u \u0111\u01b0\u1eddng tr\u00e1i c\u00e2y, ch\u1ea5t x\u01a1 v\u00e0 c\u00e1c kho\u00e1ng ch\u1ea5t thi\u1ebft y\u1ebfu - m\u1ed9t m\u00f3n \u0103n v\u1eb7t gi\u00e0u dinh d\u01b0\u1ee1ng, th\u1ecfa m\u00e3n c\u01a1n th\u00e8m \u0103n, \u0111\u1ed3ng th\u1eddi h\u1ed7 tr\u1ee3 ti\u00eau h\u00f3a v\u00e0 cung c\u1ea5p n\u0103ng l\u01b0\u1ee3ng.<\/section>\n<section class=\"ybc-p\">\u200b<strong>C\u00e1c t\u00ednh n\u0103ng ch\u00ednh:<\/strong>\u200b<\/section>\n<ul class=\"ybc-ul-component\">\n<li class=\"ybc-li-component ybc-li-component_ul\">\n<section class=\"ybc-p\">\u200b<strong>\u200bV\u1ecb ng\u1ecdt ch\u00edn v\u00e0ng:\u200b<\/strong>\u0110\u01b0\u1ee3c tr\u1ed3ng \u1edf v\u00f9ng kh\u00ed h\u1eadu kh\u00f4 c\u1eb1n, \u0111\u1ea7y n\u1eafng c\u1ee7a T\u00e2n C\u01b0\u01a1ng \u0111\u1ec3 c\u00f3 h\u01b0\u01a1ng v\u1ecb \u0111\u1eadm \u0111\u00e0.<\/section>\n<\/li>\n<li class=\"ybc-li-component ybc-li-component_ul\">\n<section class=\"ybc-p\">\u200b<strong>K\u1ebft c\u1ea5u v\u00e0 h\u01b0\u01a1ng v\u1ecb m\u01b0\u1ee3t m\u00e0:<\/strong>\u200b M\u1ec1m m\u1ea1i, \u0111\u1eb7c v\u00e0 \u1ea9m v\u1edbi h\u01b0\u01a1ng caramel-d\u1eeba.<\/section>\n<\/li>\n<li class=\"ybc-li-component ybc-li-component_ul\">\n<section class=\"ybc-p\">\u200b<strong>Gi\u00e0u dinh d\u01b0\u1ee1ng:<\/strong>Ngu\u1ed3n ch\u1ea5t x\u01a1, kali, magi\u00ea v\u00e0 s\u1eaft t\u1ef1 nhi\u00ean.<\/section>\n<\/li>\n<li class=\"ybc-li-component ybc-li-component_ul\">\n<section class=\"ybc-p\">\u200b<strong>Th\u01b0\u1edfng th\u1ee9c b\u1ea5t c\u1ee9 l\u00fac n\u00e0o:<\/strong>Ho\u00e0n h\u1ea3o \u0111\u1ec3 \u0103n v\u1eb7t, n\u01b0\u1edbng, nh\u1ed3i ho\u1eb7c l\u00e0m ng\u1ecdt m\u00f3n \u0103n m\u1ed9t c\u00e1ch t\u1ef1 nhi\u00ean.<\/section>\n<\/li>\n<\/ul>","protected":false},"excerpt":{"rendered":"<p>Ch\u00e0 l\u00e0 T\u00e2n C\u01b0\u01a1ng: Caramel t\u1ef1 nhi\u00ean t\u1eeb tr\u00e1i tim sa m\u1ea1c\u200b\u200b \u0110\u01b0\u1ee3c ch\u00edn d\u01b0\u1edbi \u00e1nh n\u1eafng m\u1eb7t tr\u1eddi t\u1ea1i c\u00e1c l\u01b0u v\u1ef1c \u1ed1c \u0111\u1ea3o T\u00e2n C\u01b0\u01a1ng, nh\u1eefng qu\u1ea3 ch\u00e0 l\u00e0 h\u1ea3o h\u1ea1ng c\u1ee7a ch\u00fang t\u00f4i ch\u00edn d\u01b0\u1edbi \u00e1nh n\u1eafng m\u1eb7t tr\u1eddi gay g\u1eaft v\u00e0 kh\u00f4 r\u00e1o<span class=\"excerpt-hellip\"> [\u2026]<\/span><\/p>","protected":false},"featured_media":655,"comment_status":"open","ping_status":"closed","template":"","meta":[],"product_brand":[52],"product_cat":[51],"product_tag":[],"class_list":{"0":"post-654","1":"product","2":"type-product","3":"status-publish","4":"has-post-thumbnail","6":"product_brand-guo_ren_shi_ke","7":"product_cat-dried_fruits_and_preserves","9":"first","10":"instock","11":"shipping-taxable","12":"product-type-simple"},"yoast_head":"<!-- This site is optimized with the Yoast SEO Premium plugin v25.8 (Yoast SEO v25.8) - https:\/\/yoast.com\/wordpress\/plugins\/seo\/ -->\n<title>Dates - Jiushidao - Global Food Marketplace for Business Growth and Cosumers<\/title>\n<meta name=\"robots\" content=\"index, follow, max-snippet:-1, max-image-preview:large, max-video-preview:-1\" \/>\n<link rel=\"canonical\" href=\"https:\/\/jiushidao.com\/vi\/san-pham\/dates\/\" \/>\n<meta property=\"og:locale\" content=\"vi_VN\" \/>\n<meta property=\"og:type\" content=\"article\" \/>\n<meta property=\"og:title\" content=\"Dates\" \/>\n<meta property=\"og:description\" content=\"Xinjiang Dates: Nature&#8217;s Caramel from the Heart of the Desert\u200b\u200b Sun-ripened in the oasis basins of Xinjiang, our premium dates mature under intense sunlight and dry [\u2026]\" \/>\n<meta property=\"og:url\" content=\"https:\/\/jiushidao.com\/vi\/san-pham\/dates\/\" \/>\n<meta property=\"og:site_name\" content=\"Jiushidao - Global Food Marketplace for Business Growth and Cosumers\" \/>\n<meta property=\"article:modified_time\" content=\"2025-10-30T11:25:28+00:00\" \/>\n<meta property=\"og:image\" content=\"https:\/\/jiushidao.com\/wp-content\/uploads\/2025\/10\/23.png\" \/>\n\t<meta property=\"og:image:width\" content=\"272\" \/>\n\t<meta property=\"og:image:height\" content=\"647\" \/>\n\t<meta property=\"og:image:type\" content=\"image\/png\" \/>\n<meta name=\"twitter:card\" content=\"summary_large_image\" \/>\n<meta name=\"twitter:label1\" content=\"\u01af\u1edbc t\u00ednh th\u1eddi gian \u0111\u1ecdc\" \/>\n\t<meta name=\"twitter:data1\" content=\"1 ph\u00fat\" \/>\n<script type=\"application\/ld+json\" class=\"yoast-schema-graph\">{\"@context\":\"https:\/\/schema.org\",\"@graph\":[{\"@type\":\"WebPage\",\"@id\":\"https:\/\/jiushidao.com\/product\/dates\/\",\"url\":\"https:\/\/jiushidao.com\/product\/dates\/\",\"name\":\"Dates - Jiushidao - Global Food Marketplace for Business Growth and Cosumers\",\"isPartOf\":{\"@id\":\"https:\/\/jiushidao.com\/#website\"},\"primaryImageOfPage\":{\"@id\":\"https:\/\/jiushidao.com\/product\/dates\/#primaryimage\"},\"image\":{\"@id\":\"https:\/\/jiushidao.com\/product\/dates\/#primaryimage\"},\"thumbnailUrl\":\"https:\/\/jiushidao.com\/wp-content\/uploads\/2025\/10\/23.png\",\"datePublished\":\"2025-10-29T08:26:11+00:00\",\"dateModified\":\"2025-10-30T11:25:28+00:00\",\"breadcrumb\":{\"@id\":\"https:\/\/jiushidao.com\/product\/dates\/#breadcrumb\"},\"inLanguage\":\"vi\",\"potentialAction\":[{\"@type\":\"ReadAction\",\"target\":[\"https:\/\/jiushidao.com\/product\/dates\/\"]}]},{\"@type\":\"ImageObject\",\"inLanguage\":\"vi\",\"@id\":\"https:\/\/jiushidao.com\/product\/dates\/#primaryimage\",\"url\":\"https:\/\/jiushidao.com\/wp-content\/uploads\/2025\/10\/23.png\",\"contentUrl\":\"https:\/\/jiushidao.com\/wp-content\/uploads\/2025\/10\/23.png\",\"width\":272,\"height\":647},{\"@type\":\"BreadcrumbList\",\"@id\":\"https:\/\/jiushidao.com\/product\/dates\/#breadcrumb\",\"itemListElement\":[{\"@type\":\"ListItem\",\"position\":1,\"name\":\"Home\",\"item\":\"https:\/\/jiushidao.com\/\"},{\"@type\":\"ListItem\",\"position\":2,\"name\":\"Store\",\"item\":\"https:\/\/jiushidao.com\/store\/\"},{\"@type\":\"ListItem\",\"position\":3,\"name\":\"Dates\"}]},{\"@type\":\"WebSite\",\"@id\":\"https:\/\/jiushidao.com\/#website\",\"url\":\"https:\/\/jiushidao.com\/\",\"name\":\"Jiushidao - Global Food Marketplace for Business Growth and Cosumers\",\"description\":\"Jiushidao - Global Food Marketplace for Business Growth and Cosumers\",\"potentialAction\":[{\"@type\":\"SearchAction\",\"target\":{\"@type\":\"EntryPoint\",\"urlTemplate\":\"https:\/\/jiushidao.com\/?s={search_term_string}\"},\"query-input\":{\"@type\":\"PropertyValueSpecification\",\"valueRequired\":true,\"valueName\":\"search_term_string\"}}],\"inLanguage\":\"vi\"}]}<\/script>\n<!-- \/ Yoast SEO Premium plugin. -->","yoast_head_json":{"title":"Dates - Jiushidao - Global Food Marketplace for Business Growth and Cosumers","robots":{"index":"index","follow":"follow","max-snippet":"max-snippet:-1","max-image-preview":"max-image-preview:large","max-video-preview":"max-video-preview:-1"},"canonical":"https:\/\/jiushidao.com\/vi\/san-pham\/dates\/","og_locale":"vi_VN","og_type":"article","og_title":"Dates","og_description":"Xinjiang Dates: Nature&#8217;s Caramel from the Heart of the Desert\u200b\u200b Sun-ripened in the oasis basins of Xinjiang, our premium dates mature under intense sunlight and dry [\u2026]","og_url":"https:\/\/jiushidao.com\/vi\/san-pham\/dates\/","og_site_name":"Jiushidao - Global Food Marketplace for Business Growth and Cosumers","article_modified_time":"2025-10-30T11:25:28+00:00","og_image":[{"width":272,"height":647,"url":"https:\/\/jiushidao.com\/wp-content\/uploads\/2025\/10\/23.png","type":"image\/png"}],"twitter_card":"summary_large_image","twitter_misc":{"\u01af\u1edbc t\u00ednh th\u1eddi gian \u0111\u1ecdc":"1 ph\u00fat"},"schema":{"@context":"https:\/\/schema.org","@graph":[{"@type":"WebPage","@id":"https:\/\/jiushidao.com\/product\/dates\/","url":"https:\/\/jiushidao.com\/product\/dates\/","name":"Dates - Jiushidao - Global Food Marketplace for Business Growth and Cosumers","isPartOf":{"@id":"https:\/\/jiushidao.com\/#website"},"primaryImageOfPage":{"@id":"https:\/\/jiushidao.com\/product\/dates\/#primaryimage"},"image":{"@id":"https:\/\/jiushidao.com\/product\/dates\/#primaryimage"},"thumbnailUrl":"https:\/\/jiushidao.com\/wp-content\/uploads\/2025\/10\/23.png","datePublished":"2025-10-29T08:26:11+00:00","dateModified":"2025-10-30T11:25:28+00:00","breadcrumb":{"@id":"https:\/\/jiushidao.com\/product\/dates\/#breadcrumb"},"inLanguage":"vi","potentialAction":[{"@type":"ReadAction","target":["https:\/\/jiushidao.com\/product\/dates\/"]}]},{"@type":"ImageObject","inLanguage":"vi","@id":"https:\/\/jiushidao.com\/product\/dates\/#primaryimage","url":"https:\/\/jiushidao.com\/wp-content\/uploads\/2025\/10\/23.png","contentUrl":"https:\/\/jiushidao.com\/wp-content\/uploads\/2025\/10\/23.png","width":272,"height":647},{"@type":"BreadcrumbList","@id":"https:\/\/jiushidao.com\/product\/dates\/#breadcrumb","itemListElement":[{"@type":"ListItem","position":1,"name":"Home","item":"https:\/\/jiushidao.com\/"},{"@type":"ListItem","position":2,"name":"Store","item":"https:\/\/jiushidao.com\/store\/"},{"@type":"ListItem","position":3,"name":"Dates"}]},{"@type":"WebSite","@id":"https:\/\/jiushidao.com\/#website","url":"https:\/\/jiushidao.com\/","name":"Jiushidao - Global Food Marketplace for Business Growth and Cosumers","description":"Jiushidao - Global Food Marketplace for Business Growth and Cosumers","potentialAction":[{"@type":"SearchAction","target":{"@type":"EntryPoint","urlTemplate":"https:\/\/jiushidao.com\/?s={search_term_string}"},"query-input":{"@type":"PropertyValueSpecification","valueRequired":true,"valueName":"search_term_string"}}],"inLanguage":"vi"}]}},"_links":{"self":[{"href":"https:\/\/jiushidao.com\/vi\/wp-json\/wp\/v2\/product\/654","targetHints":{"allow":["GET"]}}],"collection":[{"href":"https:\/\/jiushidao.com\/vi\/wp-json\/wp\/v2\/product"}],"about":[{"href":"https:\/\/jiushidao.com\/vi\/wp-json\/wp\/v2\/types\/product"}],"replies":[{"embeddable":true,"href":"https:\/\/jiushidao.com\/vi\/wp-json\/wp\/v2\/comments?post=654"}],"version-history":[{"count":3,"href":"https:\/\/jiushidao.com\/vi\/wp-json\/wp\/v2\/product\/654\/revisions"}],"predecessor-version":[{"id":758,"href":"https:\/\/jiushidao.com\/vi\/wp-json\/wp\/v2\/product\/654\/revisions\/758"}],"wp:featuredmedia":[{"embeddable":true,"href":"https:\/\/jiushidao.com\/vi\/wp-json\/wp\/v2\/media\/655"}],"wp:attachment":[{"href":"https:\/\/jiushidao.com\/vi\/wp-json\/wp\/v2\/media?parent=654"}],"wp:term":[{"taxonomy":"product_brand","embeddable":true,"href":"https:\/\/jiushidao.com\/vi\/wp-json\/wp\/v2\/product_brand?post=654"},{"taxonomy":"product_cat","embeddable":true,"href":"https:\/\/jiushidao.com\/vi\/wp-json\/wp\/v2\/product_cat?post=654"},{"taxonomy":"product_tag","embeddable":true,"href":"https:\/\/jiushidao.com\/vi\/wp-json\/wp\/v2\/product_tag?post=654"}],"curies":[{"name":"wp","href":"https:\/\/api.w.org\/{rel}","templated":true}]}}