{"id":651,"date":"2025-10-29T08:24:05","date_gmt":"2025-10-29T08:24:05","guid":{"rendered":"https:\/\/jiushidao.com\/?post_type=product&#038;p=651"},"modified":"2025-10-30T11:28:19","modified_gmt":"2025-10-30T11:28:19","slug":"figs","status":"publish","type":"product","link":"https:\/\/jiushidao.com\/vi\/san-pham\/figs\/","title":{"rendered":"Qu\u1ea3 sung"},"content":{"rendered":"<section class=\"ybc-p\">\n<section class=\"ybc-p\">\u200b<strong>Qu\u1ea3 sung ph\u01a1i n\u1eafng: M\u00f3n ngon gi\u00e0u dinh d\u01b0\u1ee1ng c\u1ee7a thi\u00ean nhi\u00ean<\/strong>\u200b<\/section>\n<section class=\"ybc-p\">\u0110\u01b0\u1ee3c ch\u1ebf bi\u1ebfn t\u1eeb nh\u1eefng qu\u1ea3 sung tuy\u1ec3n ch\u1ecdn, thu ho\u1ea1ch v\u00e0o th\u1eddi \u0111i\u1ec3m ch\u00edn m\u1ecdng nh\u1ea5t - m\u1ecdng n\u01b0\u1edbc, m\u1ec1m m\u1ea1i v\u00e0 kh\u00f4ng bao gi\u1edd b\u1ecb ch\u00edn qu\u00e1 - nh\u1eefng b\u00e1u v\u1eadt ph\u01a1i n\u1eafng n\u00e0y \u0111\u01b0\u1ee3c n\u01b0\u1edbng nh\u1eb9 nh\u00e0ng \u1edf nhi\u1ec7t \u0111\u1ed9 th\u1ea5p \u0111\u1ec3 gi\u1eef nguy\u00ean h\u01b0\u01a1ng v\u1ecb t\u1ef1 nhi\u00ean. M\u1ed7i qu\u1ea3 sung l\u00e0 m\u1ed9t ngu\u1ed3n dinh d\u01b0\u1ee1ng d\u1ed3i d\u00e0o: gi\u00e0u protein, vitamin v\u00e0 kho\u00e1ng ch\u1ea5t, nh\u01b0ng l\u1ea1i \u00edt calo v\u00e0 c\u00f3 t\u00ednh ki\u1ec1m t\u1ef1 nhi\u00ean.<\/section>\n<section class=\"ybc-p\">V\u1edbi ph\u1ea7n th\u1ecbt th\u01a1m v\u00e0 k\u1ebft c\u1ea5u dai, nh\u1eefng qu\u1ea3 sung n\u00e0y mang \u0111\u1ebfn m\u1ed9t h\u01b0\u01a1ng v\u1ecb tuy\u1ec7t v\u1eddi khi nh\u1eefng h\u1ea1t nh\u1ecf li ti t\u1ecfa ra \u0111\u1ed9 gi\u00f2n tan tinh t\u1ebf. H\u00e3y th\u01b0\u1edfng th\u1ee9c ch\u00fang nh\u01b0 m\u1ed9t m\u00f3n \u0103n nh\u1eb9 b\u1ed5 d\u01b0\u1ee1ng, th\u00eam v\u00e0o \u0111\u0129a ph\u00f4 mai, ho\u1eb7c d\u00f9ng trong n\u01b0\u1edbng b\u00e1nh \u0111\u1ec3 c\u00f3 v\u1ecb ng\u1ecdt t\u1ef1 nhi\u00ean.<\/section>\n<section class=\"ybc-p\">\u200b<strong>C\u00e1c t\u00ednh n\u0103ng ch\u00ednh:<\/strong>\u200b<\/section>\n<ul class=\"ybc-ul-component\">\n<li class=\"ybc-li-component ybc-li-component_ul\">\n<section class=\"ybc-p\">\u200b<strong>Ch\u00edn ho\u00e0n h\u1ea3o:<\/strong>\u0110\u01b0\u1ee3c h\u00e1i b\u1eb1ng tay khi v\u1eeba ch\u00edn \u0111\u1ec3 c\u00f3 h\u01b0\u01a1ng v\u1ecb v\u00e0 k\u1ebft c\u1ea5u t\u1ed1i \u01b0u.<\/section>\n<\/li>\n<li class=\"ybc-li-component ybc-li-component_ul\">\n<section class=\"ybc-p\">\u200b<strong>S\u1ea5y \u1edf nhi\u1ec7t \u0111\u1ed9 th\u1ea5p:<\/strong>\u200b N\u01b0\u1edbng nh\u1eb9 nh\u00e0ng \u0111\u1ec3 gi\u1eef l\u1ea1i ch\u1ea5t dinh d\u01b0\u1ee1ng v\u00e0 v\u1ecb ng\u1ecdt t\u1ef1 nhi\u00ean.<\/section>\n<\/li>\n<li class=\"ybc-li-component ybc-li-component_ul\">\n<section class=\"ybc-p\">\u200b<strong>\u200bGi\u00e0u dinh d\u01b0\u1ee1ng:\u200b<\/strong>Gi\u00e0u protein, ch\u1ea5t x\u01a1, vitamin v\u00e0 kho\u00e1ng ch\u1ea5t.<\/section>\n<\/li>\n<li class=\"ybc-li-component ybc-li-component_ul\">\n<section class=\"ybc-p\">\u200b<strong>K\u1ebft c\u1ea5u th\u1ecfa m\u00e3n:<\/strong>Th\u1ecbt m\u1ec1m, gi\u00f2n tan nh\u1edd h\u1ea1t \u0103n \u0111\u01b0\u1ee3c.<\/section>\n<\/li>\n<\/ul>\n<\/section>","protected":false},"excerpt":{"rendered":"<p>Qu\u1ea3 sung ph\u01a1i n\u1eafng: M\u00f3n ngon gi\u00e0u dinh d\u01b0\u1ee1ng c\u1ee7a thi\u00ean nhi\u00ean \u0110\u01b0\u1ee3c ch\u1ebf bi\u1ebfn t\u1eeb nh\u1eefng qu\u1ea3 sung \u0111\u01b0\u1ee3c thu ho\u1ea1ch v\u00e0o th\u1eddi \u0111i\u1ec3m ch\u00edn nh\u1ea5t - m\u1ecdng n\u01b0\u1edbc, m\u1ec1m v\u00e0 kh\u00f4ng bao gi\u1edd ch\u00edn qu\u00e1 - nh\u1eefng b\u00e1u v\u1eadt ph\u01a1i n\u1eafng n\u00e0y \u0111\u01b0\u1ee3c n\u01b0\u1edbng nh\u1eb9 nh\u00e0ng \u1edf nhi\u1ec7t \u0111\u1ed9 th\u1ea5p \u0111\u1ec3<span class=\"excerpt-hellip\"> [\u2026]<\/span><\/p>","protected":false},"featured_media":653,"comment_status":"open","ping_status":"closed","template":"","meta":[],"product_brand":[52],"product_cat":[51],"product_tag":[],"class_list":{"0":"post-651","1":"product","2":"type-product","3":"status-publish","4":"has-post-thumbnail","6":"product_brand-guo_ren_shi_ke","7":"product_cat-dried_fruits_and_preserves","9":"first","10":"instock","11":"shipping-taxable","12":"product-type-simple"},"yoast_head":"<!-- This site is optimized with the Yoast SEO Premium plugin v25.8 (Yoast SEO v25.8) - https:\/\/yoast.com\/wordpress\/plugins\/seo\/ -->\n<title>Figs - Jiushidao - Global Food Marketplace for Business Growth and Cosumers<\/title>\n<meta name=\"robots\" content=\"index, follow, max-snippet:-1, max-image-preview:large, max-video-preview:-1\" \/>\n<link rel=\"canonical\" href=\"https:\/\/jiushidao.com\/vi\/san-pham\/figs\/\" \/>\n<meta property=\"og:locale\" content=\"vi_VN\" \/>\n<meta property=\"og:type\" content=\"article\" \/>\n<meta property=\"og:title\" content=\"Figs\" \/>\n<meta property=\"og:description\" content=\"\u200b\u200bSun-Dried Figs: Nature&#8217;s Nutrient-Packed Delicacy\u200b\u200b Crafted from select figs harvested at peak ripeness\u2014plump, tender, and never overripe\u2014these sun-dried treasures are gently baked at low temperatures to [\u2026]\" \/>\n<meta property=\"og:url\" content=\"https:\/\/jiushidao.com\/vi\/san-pham\/figs\/\" \/>\n<meta property=\"og:site_name\" content=\"Jiushidao - Global Food Marketplace for Business Growth and Cosumers\" \/>\n<meta property=\"article:modified_time\" content=\"2025-10-30T11:28:19+00:00\" \/>\n<meta property=\"og:image\" content=\"https:\/\/jiushidao.com\/wp-content\/uploads\/2025\/10\/22.png\" \/>\n\t<meta property=\"og:image:width\" content=\"1600\" \/>\n\t<meta property=\"og:image:height\" content=\"1600\" \/>\n\t<meta property=\"og:image:type\" content=\"image\/png\" \/>\n<meta name=\"twitter:card\" content=\"summary_large_image\" \/>\n<meta name=\"twitter:label1\" content=\"\u01af\u1edbc t\u00ednh th\u1eddi gian \u0111\u1ecdc\" \/>\n\t<meta name=\"twitter:data1\" content=\"1 ph\u00fat\" \/>\n<script type=\"application\/ld+json\" class=\"yoast-schema-graph\">{\"@context\":\"https:\/\/schema.org\",\"@graph\":[{\"@type\":\"WebPage\",\"@id\":\"https:\/\/jiushidao.com\/product\/figs\/\",\"url\":\"https:\/\/jiushidao.com\/product\/figs\/\",\"name\":\"Figs - Jiushidao - Global Food Marketplace for Business Growth and Cosumers\",\"isPartOf\":{\"@id\":\"https:\/\/jiushidao.com\/#website\"},\"primaryImageOfPage\":{\"@id\":\"https:\/\/jiushidao.com\/product\/figs\/#primaryimage\"},\"image\":{\"@id\":\"https:\/\/jiushidao.com\/product\/figs\/#primaryimage\"},\"thumbnailUrl\":\"https:\/\/jiushidao.com\/wp-content\/uploads\/2025\/10\/22.png\",\"datePublished\":\"2025-10-29T08:24:05+00:00\",\"dateModified\":\"2025-10-30T11:28:19+00:00\",\"breadcrumb\":{\"@id\":\"https:\/\/jiushidao.com\/product\/figs\/#breadcrumb\"},\"inLanguage\":\"vi\",\"potentialAction\":[{\"@type\":\"ReadAction\",\"target\":[\"https:\/\/jiushidao.com\/product\/figs\/\"]}]},{\"@type\":\"ImageObject\",\"inLanguage\":\"vi\",\"@id\":\"https:\/\/jiushidao.com\/product\/figs\/#primaryimage\",\"url\":\"https:\/\/jiushidao.com\/wp-content\/uploads\/2025\/10\/22.png\",\"contentUrl\":\"https:\/\/jiushidao.com\/wp-content\/uploads\/2025\/10\/22.png\",\"width\":1600,\"height\":1600},{\"@type\":\"BreadcrumbList\",\"@id\":\"https:\/\/jiushidao.com\/product\/figs\/#breadcrumb\",\"itemListElement\":[{\"@type\":\"ListItem\",\"position\":1,\"name\":\"Home\",\"item\":\"https:\/\/jiushidao.com\/\"},{\"@type\":\"ListItem\",\"position\":2,\"name\":\"Store\",\"item\":\"https:\/\/jiushidao.com\/store\/\"},{\"@type\":\"ListItem\",\"position\":3,\"name\":\"Figs\"}]},{\"@type\":\"WebSite\",\"@id\":\"https:\/\/jiushidao.com\/#website\",\"url\":\"https:\/\/jiushidao.com\/\",\"name\":\"Jiushidao - Global Food Marketplace for Business Growth and Cosumers\",\"description\":\"Jiushidao - Global Food Marketplace for Business Growth and Cosumers\",\"potentialAction\":[{\"@type\":\"SearchAction\",\"target\":{\"@type\":\"EntryPoint\",\"urlTemplate\":\"https:\/\/jiushidao.com\/?s={search_term_string}\"},\"query-input\":{\"@type\":\"PropertyValueSpecification\",\"valueRequired\":true,\"valueName\":\"search_term_string\"}}],\"inLanguage\":\"vi\"}]}<\/script>\n<!-- \/ Yoast SEO Premium plugin. -->","yoast_head_json":{"title":"Figs - Jiushidao - Global Food Marketplace for Business Growth and Cosumers","robots":{"index":"index","follow":"follow","max-snippet":"max-snippet:-1","max-image-preview":"max-image-preview:large","max-video-preview":"max-video-preview:-1"},"canonical":"https:\/\/jiushidao.com\/vi\/san-pham\/figs\/","og_locale":"vi_VN","og_type":"article","og_title":"Figs","og_description":"\u200b\u200bSun-Dried Figs: Nature&#8217;s Nutrient-Packed Delicacy\u200b\u200b Crafted from select figs harvested at peak ripeness\u2014plump, tender, and never overripe\u2014these sun-dried treasures are gently baked at low temperatures to [\u2026]","og_url":"https:\/\/jiushidao.com\/vi\/san-pham\/figs\/","og_site_name":"Jiushidao - Global Food Marketplace for Business Growth and Cosumers","article_modified_time":"2025-10-30T11:28:19+00:00","og_image":[{"width":1600,"height":1600,"url":"https:\/\/jiushidao.com\/wp-content\/uploads\/2025\/10\/22.png","type":"image\/png"}],"twitter_card":"summary_large_image","twitter_misc":{"\u01af\u1edbc t\u00ednh th\u1eddi gian \u0111\u1ecdc":"1 ph\u00fat"},"schema":{"@context":"https:\/\/schema.org","@graph":[{"@type":"WebPage","@id":"https:\/\/jiushidao.com\/product\/figs\/","url":"https:\/\/jiushidao.com\/product\/figs\/","name":"Figs - Jiushidao - Global Food Marketplace for Business Growth and Cosumers","isPartOf":{"@id":"https:\/\/jiushidao.com\/#website"},"primaryImageOfPage":{"@id":"https:\/\/jiushidao.com\/product\/figs\/#primaryimage"},"image":{"@id":"https:\/\/jiushidao.com\/product\/figs\/#primaryimage"},"thumbnailUrl":"https:\/\/jiushidao.com\/wp-content\/uploads\/2025\/10\/22.png","datePublished":"2025-10-29T08:24:05+00:00","dateModified":"2025-10-30T11:28:19+00:00","breadcrumb":{"@id":"https:\/\/jiushidao.com\/product\/figs\/#breadcrumb"},"inLanguage":"vi","potentialAction":[{"@type":"ReadAction","target":["https:\/\/jiushidao.com\/product\/figs\/"]}]},{"@type":"ImageObject","inLanguage":"vi","@id":"https:\/\/jiushidao.com\/product\/figs\/#primaryimage","url":"https:\/\/jiushidao.com\/wp-content\/uploads\/2025\/10\/22.png","contentUrl":"https:\/\/jiushidao.com\/wp-content\/uploads\/2025\/10\/22.png","width":1600,"height":1600},{"@type":"BreadcrumbList","@id":"https:\/\/jiushidao.com\/product\/figs\/#breadcrumb","itemListElement":[{"@type":"ListItem","position":1,"name":"Home","item":"https:\/\/jiushidao.com\/"},{"@type":"ListItem","position":2,"name":"Store","item":"https:\/\/jiushidao.com\/store\/"},{"@type":"ListItem","position":3,"name":"Figs"}]},{"@type":"WebSite","@id":"https:\/\/jiushidao.com\/#website","url":"https:\/\/jiushidao.com\/","name":"Jiushidao - Global Food Marketplace for Business Growth and Cosumers","description":"Jiushidao - Global Food Marketplace for Business Growth and Cosumers","potentialAction":[{"@type":"SearchAction","target":{"@type":"EntryPoint","urlTemplate":"https:\/\/jiushidao.com\/?s={search_term_string}"},"query-input":{"@type":"PropertyValueSpecification","valueRequired":true,"valueName":"search_term_string"}}],"inLanguage":"vi"}]}},"_links":{"self":[{"href":"https:\/\/jiushidao.com\/vi\/wp-json\/wp\/v2\/product\/651","targetHints":{"allow":["GET"]}}],"collection":[{"href":"https:\/\/jiushidao.com\/vi\/wp-json\/wp\/v2\/product"}],"about":[{"href":"https:\/\/jiushidao.com\/vi\/wp-json\/wp\/v2\/types\/product"}],"replies":[{"embeddable":true,"href":"https:\/\/jiushidao.com\/vi\/wp-json\/wp\/v2\/comments?post=651"}],"version-history":[{"count":4,"href":"https:\/\/jiushidao.com\/vi\/wp-json\/wp\/v2\/product\/651\/revisions"}],"predecessor-version":[{"id":761,"href":"https:\/\/jiushidao.com\/vi\/wp-json\/wp\/v2\/product\/651\/revisions\/761"}],"wp:featuredmedia":[{"embeddable":true,"href":"https:\/\/jiushidao.com\/vi\/wp-json\/wp\/v2\/media\/653"}],"wp:attachment":[{"href":"https:\/\/jiushidao.com\/vi\/wp-json\/wp\/v2\/media?parent=651"}],"wp:term":[{"taxonomy":"product_brand","embeddable":true,"href":"https:\/\/jiushidao.com\/vi\/wp-json\/wp\/v2\/product_brand?post=651"},{"taxonomy":"product_cat","embeddable":true,"href":"https:\/\/jiushidao.com\/vi\/wp-json\/wp\/v2\/product_cat?post=651"},{"taxonomy":"product_tag","embeddable":true,"href":"https:\/\/jiushidao.com\/vi\/wp-json\/wp\/v2\/product_tag?post=651"}],"curies":[{"name":"wp","href":"https:\/\/api.w.org\/{rel}","templated":true}]}}