{"id":648,"date":"2025-10-29T08:23:15","date_gmt":"2025-10-29T08:23:15","guid":{"rendered":"https:\/\/jiushidao.com\/?post_type=product&#038;p=648"},"modified":"2025-10-30T11:30:21","modified_gmt":"2025-10-30T11:30:21","slug":"sapphire-raisins","status":"publish","type":"product","link":"https:\/\/jiushidao.com\/vi\/san-pham\/sapphire-raisins\/","title":{"rendered":"Nho kh\u00f4 Sapphire"},"content":{"rendered":"<section class=\"ybc-p\"><strong>Phi\u00ean b\u1ea3n ti\u1ebfng Anh cho C\u1eeda h\u00e0ng Qu\u1ed1c t\u1ebf<\/strong>\u200b<\/section>\n<section class=\"ybc-p\">\u200b<strong>Nho kh\u00f4 kh\u00f4ng h\u1ea1t Thompson ph\u01a1i n\u1eafng: Vi\u00ean ng\u1ecdc n\u0103ng l\u01b0\u1ee3ng c\u1ee7a thi\u00ean nhi\u00ean<\/strong>\u200b<\/section>\n<section class=\"ybc-p\">Nho kh\u00f4 kh\u00f4ng h\u1ea1t c\u1ee7a ch\u00fang t\u00f4i \u0111\u01b0\u1ee3c ph\u01a1i n\u1eafng t\u1ea1i c\u00e1c l\u01b0u v\u1ef1c \u1ed1c \u0111\u1ea3o T\u00e2n C\u01b0\u01a1ng, s\u1ea5y kh\u00f4 nh\u1eb9 nh\u00e0ng \u0111\u1ec3 gi\u1eef \u0111\u01b0\u1ee3c v\u1ecb ng\u1ecdt nh\u01b0 m\u1eadt ong v\u00e0 k\u1ebft c\u1ea5u m\u1ec1m m\u1ea1i. M\u1ed7i qu\u1ea3 nho kh\u00f4 v\u00e0ng \u01b0\u01a1m, c\u0103ng m\u1ecdng l\u00e0 ngu\u1ed3n dinh d\u01b0\u1ee1ng t\u1ef1 nhi\u00ean c\u00f4 \u0111\u1eb7c.<\/section>\n<section class=\"ybc-p\">\u200b<strong>T\u1ea1i sao b\u1ea1n s\u1ebd th\u00edch n\u00f3:<\/strong>\u200b<\/section>\n<ul class=\"ybc-ul-component\">\n<li class=\"ybc-li-component ybc-li-component_ul\">\n<section class=\"ybc-p\">Gi\u00e0u axit tartaric, fructose t\u1ef1 nhi\u00ean v\u00e0 ch\u1ea5t x\u01a1 gi\u00fap ti\u00eau h\u00f3a t\u1ed1t<\/section>\n<\/li>\n<li class=\"ybc-li-component ybc-li-component_ul\">\n<section class=\"ybc-p\">Ch\u1ee9a nhi\u1ec1u kali, canxi, s\u1eaft v\u00e0 h\u01a1n 10 lo\u1ea1i axit amin thi\u1ebft y\u1ebfu<\/section>\n<\/li>\n<li class=\"ybc-li-component ybc-li-component_ul\">\n<section class=\"ybc-p\">100% t\u1ef1 nhi\u00ean, kh\u00f4ng th\u00eam \u0111\u01b0\u1eddng ho\u1eb7c ch\u1ea5t b\u1ea3o qu\u1ea3n, th\u1ef1c ph\u1ea9m t\u1ea1o ki\u1ec1m<\/section>\n<\/li>\n<\/ul>\n<section class=\"ybc-p\">\u200b<strong>T\u1eadn h\u01b0\u1edfng m\u1ecdi l\u00fac, m\u1ecdi n\u01a1i:<\/strong>\u200b<\/section>\n<section class=\"ybc-p\">Th\u00edch h\u1ee3p l\u00e0m \u0111\u1ed3 \u0103n nh\u1eb9, tr\u1ed9n v\u1edbi c\u00e1c lo\u1ea1i h\u1ea1t, s\u1eefa chua ho\u1eb7c b\u00e1nh n\u01b0\u1edbng. \u0110\u01b0\u1ee3c \u0111\u00f3ng g\u00f3i ri\u00eang \u0111\u1ec3 gi\u1eef \u0111\u1ed9 t\u01b0\u01a1i ngon khi di chuy\u1ec3n.<\/section>","protected":false},"excerpt":{"rendered":"<p>Phi\u00ean b\u1ea3n ti\u1ebfng Anh cho C\u1eeda h\u00e0ng Qu\u1ed1c t\u1ebf Nho kh\u00f4 kh\u00f4ng h\u1ea1t Thompson ph\u01a1i n\u1eafng: Vi\u00ean ng\u1ecdc n\u0103ng l\u01b0\u1ee3ng c\u1ee7a thi\u00ean nhi\u00ean Nho kh\u00f4 kh\u00f4ng h\u1ea1t c\u1ee7a ch\u00fang t\u00f4i \u0111\u01b0\u1ee3c ph\u01a1i n\u1eafng t\u1ea1i c\u00e1c l\u01b0u v\u1ef1c \u1ed1c \u0111\u1ea3o \u1edf T\u00e2n C\u01b0\u01a1ng, \u0111\u01b0\u1ee3c s\u1ea5y kh\u00f4 nh\u1eb9 nh\u00e0ng \u0111\u1ec3<span class=\"excerpt-hellip\"> [\u2026]<\/span><\/p>","protected":false},"featured_media":649,"comment_status":"open","ping_status":"closed","template":"","meta":[],"product_brand":[52],"product_cat":[51],"product_tag":[],"class_list":{"0":"post-648","1":"product","2":"type-product","3":"status-publish","4":"has-post-thumbnail","6":"product_brand-guo_ren_shi_ke","7":"product_cat-dried_fruits_and_preserves","9":"first","10":"instock","11":"shipping-taxable","12":"product-type-simple"},"yoast_head":"<!-- This site is optimized with the Yoast SEO Premium plugin v25.8 (Yoast SEO v25.8) - https:\/\/yoast.com\/wordpress\/plugins\/seo\/ -->\n<title>Sapphire Raisins - Jiushidao - Global Food Marketplace for Business Growth and Cosumers<\/title>\n<meta name=\"robots\" content=\"index, follow, max-snippet:-1, max-image-preview:large, max-video-preview:-1\" \/>\n<link rel=\"canonical\" href=\"https:\/\/jiushidao.com\/vi\/san-pham\/sapphire-raisins\/\" \/>\n<meta property=\"og:locale\" content=\"vi_VN\" \/>\n<meta property=\"og:type\" content=\"article\" \/>\n<meta property=\"og:title\" content=\"Sapphire Raisins\" \/>\n<meta property=\"og:description\" content=\"English Version for International Store\u200b\u200b \u200b\u200bSun-Dried Thompson Seedless Raisins: Nature&#8217;s Energy Gem\u200b\u200b Sun-ripened in the oasis basins of Xinjiang, our seedless raisins are gently dried to [\u2026]\" \/>\n<meta property=\"og:url\" content=\"https:\/\/jiushidao.com\/vi\/san-pham\/sapphire-raisins\/\" \/>\n<meta property=\"og:site_name\" content=\"Jiushidao - Global Food Marketplace for Business Growth and Cosumers\" \/>\n<meta property=\"article:modified_time\" content=\"2025-10-30T11:30:21+00:00\" \/>\n<meta property=\"og:image\" content=\"https:\/\/jiushidao.com\/wp-content\/uploads\/2025\/10\/21-1200x1200.png\" \/>\n\t<meta property=\"og:image:width\" content=\"1200\" \/>\n\t<meta property=\"og:image:height\" content=\"1200\" \/>\n\t<meta property=\"og:image:type\" content=\"image\/png\" \/>\n<meta name=\"twitter:card\" content=\"summary_large_image\" \/>\n<meta name=\"twitter:label1\" content=\"\u01af\u1edbc t\u00ednh th\u1eddi gian \u0111\u1ecdc\" \/>\n\t<meta name=\"twitter:data1\" content=\"1 ph\u00fat\" \/>\n<script type=\"application\/ld+json\" class=\"yoast-schema-graph\">{\"@context\":\"https:\/\/schema.org\",\"@graph\":[{\"@type\":\"WebPage\",\"@id\":\"https:\/\/jiushidao.com\/product\/sapphire-raisins\/\",\"url\":\"https:\/\/jiushidao.com\/product\/sapphire-raisins\/\",\"name\":\"Sapphire Raisins - Jiushidao - Global Food Marketplace for Business Growth and Cosumers\",\"isPartOf\":{\"@id\":\"https:\/\/jiushidao.com\/#website\"},\"primaryImageOfPage\":{\"@id\":\"https:\/\/jiushidao.com\/product\/sapphire-raisins\/#primaryimage\"},\"image\":{\"@id\":\"https:\/\/jiushidao.com\/product\/sapphire-raisins\/#primaryimage\"},\"thumbnailUrl\":\"https:\/\/jiushidao.com\/wp-content\/uploads\/2025\/10\/21.png\",\"datePublished\":\"2025-10-29T08:23:15+00:00\",\"dateModified\":\"2025-10-30T11:30:21+00:00\",\"breadcrumb\":{\"@id\":\"https:\/\/jiushidao.com\/product\/sapphire-raisins\/#breadcrumb\"},\"inLanguage\":\"vi\",\"potentialAction\":[{\"@type\":\"ReadAction\",\"target\":[\"https:\/\/jiushidao.com\/product\/sapphire-raisins\/\"]}]},{\"@type\":\"ImageObject\",\"inLanguage\":\"vi\",\"@id\":\"https:\/\/jiushidao.com\/product\/sapphire-raisins\/#primaryimage\",\"url\":\"https:\/\/jiushidao.com\/wp-content\/uploads\/2025\/10\/21.png\",\"contentUrl\":\"https:\/\/jiushidao.com\/wp-content\/uploads\/2025\/10\/21.png\",\"width\":1600,\"height\":1600},{\"@type\":\"BreadcrumbList\",\"@id\":\"https:\/\/jiushidao.com\/product\/sapphire-raisins\/#breadcrumb\",\"itemListElement\":[{\"@type\":\"ListItem\",\"position\":1,\"name\":\"Home\",\"item\":\"https:\/\/jiushidao.com\/\"},{\"@type\":\"ListItem\",\"position\":2,\"name\":\"Store\",\"item\":\"https:\/\/jiushidao.com\/store\/\"},{\"@type\":\"ListItem\",\"position\":3,\"name\":\"Sapphire Raisins\"}]},{\"@type\":\"WebSite\",\"@id\":\"https:\/\/jiushidao.com\/#website\",\"url\":\"https:\/\/jiushidao.com\/\",\"name\":\"Jiushidao - Global Food Marketplace for Business Growth and Cosumers\",\"description\":\"Jiushidao - Global Food Marketplace for Business Growth and Cosumers\",\"potentialAction\":[{\"@type\":\"SearchAction\",\"target\":{\"@type\":\"EntryPoint\",\"urlTemplate\":\"https:\/\/jiushidao.com\/?s={search_term_string}\"},\"query-input\":{\"@type\":\"PropertyValueSpecification\",\"valueRequired\":true,\"valueName\":\"search_term_string\"}}],\"inLanguage\":\"vi\"}]}<\/script>\n<!-- \/ Yoast SEO Premium plugin. -->","yoast_head_json":{"title":"Sapphire Raisins - Jiushidao - Global Food Marketplace for Business Growth and Cosumers","robots":{"index":"index","follow":"follow","max-snippet":"max-snippet:-1","max-image-preview":"max-image-preview:large","max-video-preview":"max-video-preview:-1"},"canonical":"https:\/\/jiushidao.com\/vi\/san-pham\/sapphire-raisins\/","og_locale":"vi_VN","og_type":"article","og_title":"Sapphire Raisins","og_description":"English Version for International Store\u200b\u200b \u200b\u200bSun-Dried Thompson Seedless Raisins: Nature&#8217;s Energy Gem\u200b\u200b Sun-ripened in the oasis basins of Xinjiang, our seedless raisins are gently dried to [\u2026]","og_url":"https:\/\/jiushidao.com\/vi\/san-pham\/sapphire-raisins\/","og_site_name":"Jiushidao - Global Food Marketplace for Business Growth and Cosumers","article_modified_time":"2025-10-30T11:30:21+00:00","og_image":[{"width":1200,"height":1200,"url":"https:\/\/jiushidao.com\/wp-content\/uploads\/2025\/10\/21-1200x1200.png","type":"image\/png"}],"twitter_card":"summary_large_image","twitter_misc":{"\u01af\u1edbc t\u00ednh th\u1eddi gian \u0111\u1ecdc":"1 ph\u00fat"},"schema":{"@context":"https:\/\/schema.org","@graph":[{"@type":"WebPage","@id":"https:\/\/jiushidao.com\/product\/sapphire-raisins\/","url":"https:\/\/jiushidao.com\/product\/sapphire-raisins\/","name":"Sapphire Raisins - Jiushidao - Global Food Marketplace for Business Growth and Cosumers","isPartOf":{"@id":"https:\/\/jiushidao.com\/#website"},"primaryImageOfPage":{"@id":"https:\/\/jiushidao.com\/product\/sapphire-raisins\/#primaryimage"},"image":{"@id":"https:\/\/jiushidao.com\/product\/sapphire-raisins\/#primaryimage"},"thumbnailUrl":"https:\/\/jiushidao.com\/wp-content\/uploads\/2025\/10\/21.png","datePublished":"2025-10-29T08:23:15+00:00","dateModified":"2025-10-30T11:30:21+00:00","breadcrumb":{"@id":"https:\/\/jiushidao.com\/product\/sapphire-raisins\/#breadcrumb"},"inLanguage":"vi","potentialAction":[{"@type":"ReadAction","target":["https:\/\/jiushidao.com\/product\/sapphire-raisins\/"]}]},{"@type":"ImageObject","inLanguage":"vi","@id":"https:\/\/jiushidao.com\/product\/sapphire-raisins\/#primaryimage","url":"https:\/\/jiushidao.com\/wp-content\/uploads\/2025\/10\/21.png","contentUrl":"https:\/\/jiushidao.com\/wp-content\/uploads\/2025\/10\/21.png","width":1600,"height":1600},{"@type":"BreadcrumbList","@id":"https:\/\/jiushidao.com\/product\/sapphire-raisins\/#breadcrumb","itemListElement":[{"@type":"ListItem","position":1,"name":"Home","item":"https:\/\/jiushidao.com\/"},{"@type":"ListItem","position":2,"name":"Store","item":"https:\/\/jiushidao.com\/store\/"},{"@type":"ListItem","position":3,"name":"Sapphire Raisins"}]},{"@type":"WebSite","@id":"https:\/\/jiushidao.com\/#website","url":"https:\/\/jiushidao.com\/","name":"Jiushidao - Global Food Marketplace for Business Growth and Cosumers","description":"Jiushidao - Global Food Marketplace for Business Growth and Cosumers","potentialAction":[{"@type":"SearchAction","target":{"@type":"EntryPoint","urlTemplate":"https:\/\/jiushidao.com\/?s={search_term_string}"},"query-input":{"@type":"PropertyValueSpecification","valueRequired":true,"valueName":"search_term_string"}}],"inLanguage":"vi"}]}},"_links":{"self":[{"href":"https:\/\/jiushidao.com\/vi\/wp-json\/wp\/v2\/product\/648","targetHints":{"allow":["GET"]}}],"collection":[{"href":"https:\/\/jiushidao.com\/vi\/wp-json\/wp\/v2\/product"}],"about":[{"href":"https:\/\/jiushidao.com\/vi\/wp-json\/wp\/v2\/types\/product"}],"replies":[{"embeddable":true,"href":"https:\/\/jiushidao.com\/vi\/wp-json\/wp\/v2\/comments?post=648"}],"version-history":[{"count":3,"href":"https:\/\/jiushidao.com\/vi\/wp-json\/wp\/v2\/product\/648\/revisions"}],"predecessor-version":[{"id":763,"href":"https:\/\/jiushidao.com\/vi\/wp-json\/wp\/v2\/product\/648\/revisions\/763"}],"wp:featuredmedia":[{"embeddable":true,"href":"https:\/\/jiushidao.com\/vi\/wp-json\/wp\/v2\/media\/649"}],"wp:attachment":[{"href":"https:\/\/jiushidao.com\/vi\/wp-json\/wp\/v2\/media?parent=648"}],"wp:term":[{"taxonomy":"product_brand","embeddable":true,"href":"https:\/\/jiushidao.com\/vi\/wp-json\/wp\/v2\/product_brand?post=648"},{"taxonomy":"product_cat","embeddable":true,"href":"https:\/\/jiushidao.com\/vi\/wp-json\/wp\/v2\/product_cat?post=648"},{"taxonomy":"product_tag","embeddable":true,"href":"https:\/\/jiushidao.com\/vi\/wp-json\/wp\/v2\/product_tag?post=648"}],"curies":[{"name":"wp","href":"https:\/\/api.w.org\/{rel}","templated":true}]}}