{"id":645,"date":"2025-10-29T08:21:23","date_gmt":"2025-10-29T08:21:23","guid":{"rendered":"https:\/\/jiushidao.com\/?post_type=product&#038;p=645"},"modified":"2025-10-30T12:22:31","modified_gmt":"2025-10-30T12:22:31","slug":"blackcurrant-raisins","status":"publish","type":"product","link":"https:\/\/jiushidao.com\/vi\/san-pham\/blackcurrant-raisins\/","title":{"rendered":"Nho kh\u00f4 l\u00fd chua \u0111en"},"content":{"rendered":"<section class=\"ybc-p\"><strong>Nho kh\u00f4 l\u00fd chua \u0111en Kashgar: V\u1ecb ng\u1ecdt \u0111\u1eadm \u0111\u00e0, thi\u00ean nhi\u00ean thu\u1ea7n khi\u1ebft<\/strong>\u200b<\/section>\n<section class=\"ybc-p\">\u0110\u01b0\u1ee3c l\u1ea5y t\u1eeb nh\u1eefng v\u01b0\u1eddn nho ng\u1eadp tr\u00e0n \u00e1nh n\u1eafng \u1edf Kashgar, T\u00e2n C\u01b0\u01a1ng, nho kh\u00f4 l\u00fd chua \u0111en c\u1ee7a ch\u00fang t\u00f4i l\u00e0 minh ch\u1ee9ng cho s\u1ef1 tinh khi\u1ebft v\u00e0 h\u01b0\u01a1ng v\u1ecb tuy\u1ec7t h\u1ea3o. M\u1ed7i l\u00f4 nho \u0111\u1ec1u \u0111\u01b0\u1ee3c ph\u00e2n lo\u1ea1i b\u1eb1ng m\u00e1y, sau \u0111\u00f3 \u0111\u01b0\u1ee3c tuy\u1ec3n ch\u1ecdn th\u1ee7 c\u00f4ng t\u1ec9 m\u1ec9 \u0111\u1ec3 \u0111\u1ea3m b\u1ea3o m\u1ed7i qu\u1ea3 nho \u0111\u1ec1u c\u0103ng m\u1ecdng, m\u00e0u s\u1eafc \u0111\u1eadm \u0111\u00e0 v\u00e0 h\u01b0\u01a1ng v\u1ecb th\u01a1m ngon \u0111\u1ed3ng \u0111\u1ec1u.<\/section>\n<section class=\"ybc-p\">\u200b<strong>C\u00e1c t\u00ednh n\u0103ng ch\u00ednh:<\/strong>\u200b<\/section>\n<ul class=\"ybc-ul-component\">\n<li class=\"ybc-li-component ybc-li-component_ul\">\n<section class=\"ybc-p\">\u200b<strong>V\u1ecb ng\u1ecdt ng\u1eadp tr\u00e0n \u00e1nh n\u1eafng:<\/strong>\u0110\u01b0\u1ee3c tr\u1ed3ng d\u01b0\u1edbi \u00e1nh n\u1eafng gay g\u1eaft c\u1ee7a Kashgar \u0111\u1ec3 c\u00f3 h\u01b0\u01a1ng v\u1ecb qu\u1ea3 m\u1ecdng \u0111\u1eadm \u0111\u00e0, c\u00f4 \u0111\u1eb7c.<\/section>\n<\/li>\n<li class=\"ybc-li-component ybc-li-component_ul\">\n<section class=\"ybc-p\">\u200b<strong>L\u1ef1a ch\u1ecdn hai giai \u0111o\u1ea1n:<\/strong>K\u1ebft h\u1ee3p vi\u1ec7c ph\u00e2n lo\u1ea1i b\u1eb1ng m\u00e1y v\u1edbi vi\u1ec7c l\u1ef1a ch\u1ecdn th\u1ee7 c\u00f4ng t\u1ec9 m\u1ec9 \u0111\u1ec3 \u0111\u1ea3m b\u1ea3o ch\u1ea5t l\u01b0\u1ee3ng.<\/section>\n<\/li>\n<li class=\"ybc-li-component ybc-li-component_ul\">\n<section class=\"ybc-p\">\u200b<strong>K\u1ebft c\u1ea5u c\u0103ng m\u1ecdng v\u00e0 m\u1ec1m m\u1ea1i:<\/strong>M\u1ed7i qu\u1ea3 nho kh\u00f4 \u0111\u1ec1u m\u1ec1m, dai v\u00e0 ch\u1ee9a \u0111\u1ea7y n\u01b0\u1edbc \u00e9p t\u1ef1 nhi\u00ean.<\/section>\n<\/li>\n<li class=\"ybc-li-component ybc-li-component_ul\">\n<section class=\"ybc-p\">\u200b<strong>\u200b100% Tinh khi\u1ebft:\u200b<\/strong>Kh\u00f4ng c\u00f3 ch\u1ea5t ph\u1ee5 gia, kh\u00f4ng c\u00f3 ch\u1ea5t b\u1ea3o qu\u1ea3n\u2014ch\u1ec9 l\u00e0 tr\u00e1i c\u00e2y nguy\u00ean ch\u1ea5t, gi\u00e0u dinh d\u01b0\u1ee1ng.<\/section>\n<\/li>\n<li class=\"ybc-li-component ybc-li-component_ul\">\n<section class=\"ybc-p\">\u200b<strong>\u200bTh\u01b0\u1edfng th\u1ee9c \u0111a d\u1ea1ng:\u200b<\/strong>Ho\u00e0n h\u1ea3o \u0111\u1ec3 \u0103n v\u1eb7t, n\u01b0\u1edbng b\u00e1nh ho\u1eb7c th\u00eam v\u00e0o h\u1ed7n h\u1ee3p c\u00e1c lo\u1ea1i h\u1ea1t v\u00e0 ng\u0169 c\u1ed1c.<\/section>\n<\/li>\n<\/ul>","protected":false},"excerpt":{"rendered":"<p>Nho kh\u00f4 v\u1ecb l\u00fd chua \u0111en Kashgar: V\u1ecb ng\u1ecdt \u0111\u1eadm \u0111\u00e0, thi\u00ean nhi\u00ean thu\u1ea7n khi\u1ebft\u200b\u200b \u0110\u01b0\u1ee3c l\u1ea5y t\u1eeb nh\u1eefng v\u01b0\u1eddn nho ng\u1eadp tr\u00e0n \u00e1nh n\u1eafng \u1edf Kashgar, T\u00e2n C\u01b0\u01a1ng, nho kh\u00f4 v\u1ecb l\u00fd chua \u0111en c\u1ee7a ch\u00fang t\u00f4i l\u00e0 minh ch\u1ee9ng cho s\u1ef1 tinh khi\u1ebft v\u00e0 h\u01b0\u01a1ng v\u1ecb. M\u1ed7i<span class=\"excerpt-hellip\"> [\u2026]<\/span><\/p>","protected":false},"featured_media":646,"comment_status":"open","ping_status":"closed","template":"","meta":[],"product_brand":[52],"product_cat":[51],"product_tag":[],"class_list":{"0":"post-645","1":"product","2":"type-product","3":"status-publish","4":"has-post-thumbnail","6":"product_brand-guo_ren_shi_ke","7":"product_cat-dried_fruits_and_preserves","9":"first","10":"instock","11":"shipping-taxable","12":"product-type-simple"},"yoast_head":"<!-- This site is optimized with the Yoast SEO Premium plugin v25.8 (Yoast SEO v25.8) - https:\/\/yoast.com\/wordpress\/plugins\/seo\/ -->\n<title>Blackcurrant Raisins - Jiushidao - Global Food Marketplace for Business Growth and Cosumers<\/title>\n<meta name=\"robots\" content=\"index, follow, max-snippet:-1, max-image-preview:large, max-video-preview:-1\" \/>\n<link rel=\"canonical\" href=\"https:\/\/jiushidao.com\/vi\/san-pham\/blackcurrant-raisins\/\" \/>\n<meta property=\"og:locale\" content=\"vi_VN\" \/>\n<meta property=\"og:type\" content=\"article\" \/>\n<meta property=\"og:title\" content=\"Blackcurrant Raisins\" \/>\n<meta property=\"og:description\" content=\"Kashgar Blackcurrant Raisins: Intense Sweetness, Pure Nature\u200b\u200b Sourced from the sun-drenched vineyards of Kashgar, Xinjiang, our blackcurrant raisins are a testament to purity and flavor. Each [\u2026]\" \/>\n<meta property=\"og:url\" content=\"https:\/\/jiushidao.com\/vi\/san-pham\/blackcurrant-raisins\/\" \/>\n<meta property=\"og:site_name\" content=\"Jiushidao - Global Food Marketplace for Business Growth and Cosumers\" \/>\n<meta property=\"article:modified_time\" content=\"2025-10-30T12:22:31+00:00\" \/>\n<meta property=\"og:image\" content=\"https:\/\/jiushidao.com\/wp-content\/uploads\/2025\/10\/20-1200x1200.png\" \/>\n\t<meta property=\"og:image:width\" content=\"1200\" \/>\n\t<meta property=\"og:image:height\" content=\"1200\" \/>\n\t<meta property=\"og:image:type\" content=\"image\/png\" \/>\n<meta name=\"twitter:card\" content=\"summary_large_image\" \/>\n<meta name=\"twitter:label1\" content=\"\u01af\u1edbc t\u00ednh th\u1eddi gian \u0111\u1ecdc\" \/>\n\t<meta name=\"twitter:data1\" content=\"1 ph\u00fat\" \/>\n<script type=\"application\/ld+json\" class=\"yoast-schema-graph\">{\"@context\":\"https:\/\/schema.org\",\"@graph\":[{\"@type\":\"WebPage\",\"@id\":\"https:\/\/jiushidao.com\/product\/blackcurrant-raisins\/\",\"url\":\"https:\/\/jiushidao.com\/product\/blackcurrant-raisins\/\",\"name\":\"Blackcurrant Raisins - Jiushidao - Global Food Marketplace for Business Growth and Cosumers\",\"isPartOf\":{\"@id\":\"https:\/\/jiushidao.com\/#website\"},\"primaryImageOfPage\":{\"@id\":\"https:\/\/jiushidao.com\/product\/blackcurrant-raisins\/#primaryimage\"},\"image\":{\"@id\":\"https:\/\/jiushidao.com\/product\/blackcurrant-raisins\/#primaryimage\"},\"thumbnailUrl\":\"https:\/\/jiushidao.com\/wp-content\/uploads\/2025\/10\/20.png\",\"datePublished\":\"2025-10-29T08:21:23+00:00\",\"dateModified\":\"2025-10-30T12:22:31+00:00\",\"breadcrumb\":{\"@id\":\"https:\/\/jiushidao.com\/product\/blackcurrant-raisins\/#breadcrumb\"},\"inLanguage\":\"vi\",\"potentialAction\":[{\"@type\":\"ReadAction\",\"target\":[\"https:\/\/jiushidao.com\/product\/blackcurrant-raisins\/\"]}]},{\"@type\":\"ImageObject\",\"inLanguage\":\"vi\",\"@id\":\"https:\/\/jiushidao.com\/product\/blackcurrant-raisins\/#primaryimage\",\"url\":\"https:\/\/jiushidao.com\/wp-content\/uploads\/2025\/10\/20.png\",\"contentUrl\":\"https:\/\/jiushidao.com\/wp-content\/uploads\/2025\/10\/20.png\",\"width\":1600,\"height\":1600},{\"@type\":\"BreadcrumbList\",\"@id\":\"https:\/\/jiushidao.com\/product\/blackcurrant-raisins\/#breadcrumb\",\"itemListElement\":[{\"@type\":\"ListItem\",\"position\":1,\"name\":\"Home\",\"item\":\"https:\/\/jiushidao.com\/\"},{\"@type\":\"ListItem\",\"position\":2,\"name\":\"Store\",\"item\":\"https:\/\/jiushidao.com\/store\/\"},{\"@type\":\"ListItem\",\"position\":3,\"name\":\"Blackcurrant Raisins\"}]},{\"@type\":\"WebSite\",\"@id\":\"https:\/\/jiushidao.com\/#website\",\"url\":\"https:\/\/jiushidao.com\/\",\"name\":\"Jiushidao - Global Food Marketplace for Business Growth and Cosumers\",\"description\":\"Jiushidao - Global Food Marketplace for Business Growth and Cosumers\",\"potentialAction\":[{\"@type\":\"SearchAction\",\"target\":{\"@type\":\"EntryPoint\",\"urlTemplate\":\"https:\/\/jiushidao.com\/?s={search_term_string}\"},\"query-input\":{\"@type\":\"PropertyValueSpecification\",\"valueRequired\":true,\"valueName\":\"search_term_string\"}}],\"inLanguage\":\"vi\"}]}<\/script>\n<!-- \/ Yoast SEO Premium plugin. -->","yoast_head_json":{"title":"Blackcurrant Raisins - Jiushidao - Global Food Marketplace for Business Growth and Cosumers","robots":{"index":"index","follow":"follow","max-snippet":"max-snippet:-1","max-image-preview":"max-image-preview:large","max-video-preview":"max-video-preview:-1"},"canonical":"https:\/\/jiushidao.com\/vi\/san-pham\/blackcurrant-raisins\/","og_locale":"vi_VN","og_type":"article","og_title":"Blackcurrant Raisins","og_description":"Kashgar Blackcurrant Raisins: Intense Sweetness, Pure Nature\u200b\u200b Sourced from the sun-drenched vineyards of Kashgar, Xinjiang, our blackcurrant raisins are a testament to purity and flavor. Each [\u2026]","og_url":"https:\/\/jiushidao.com\/vi\/san-pham\/blackcurrant-raisins\/","og_site_name":"Jiushidao - Global Food Marketplace for Business Growth and Cosumers","article_modified_time":"2025-10-30T12:22:31+00:00","og_image":[{"width":1200,"height":1200,"url":"https:\/\/jiushidao.com\/wp-content\/uploads\/2025\/10\/20-1200x1200.png","type":"image\/png"}],"twitter_card":"summary_large_image","twitter_misc":{"\u01af\u1edbc t\u00ednh th\u1eddi gian \u0111\u1ecdc":"1 ph\u00fat"},"schema":{"@context":"https:\/\/schema.org","@graph":[{"@type":"WebPage","@id":"https:\/\/jiushidao.com\/product\/blackcurrant-raisins\/","url":"https:\/\/jiushidao.com\/product\/blackcurrant-raisins\/","name":"Blackcurrant Raisins - Jiushidao - Global Food Marketplace for Business Growth and Cosumers","isPartOf":{"@id":"https:\/\/jiushidao.com\/#website"},"primaryImageOfPage":{"@id":"https:\/\/jiushidao.com\/product\/blackcurrant-raisins\/#primaryimage"},"image":{"@id":"https:\/\/jiushidao.com\/product\/blackcurrant-raisins\/#primaryimage"},"thumbnailUrl":"https:\/\/jiushidao.com\/wp-content\/uploads\/2025\/10\/20.png","datePublished":"2025-10-29T08:21:23+00:00","dateModified":"2025-10-30T12:22:31+00:00","breadcrumb":{"@id":"https:\/\/jiushidao.com\/product\/blackcurrant-raisins\/#breadcrumb"},"inLanguage":"vi","potentialAction":[{"@type":"ReadAction","target":["https:\/\/jiushidao.com\/product\/blackcurrant-raisins\/"]}]},{"@type":"ImageObject","inLanguage":"vi","@id":"https:\/\/jiushidao.com\/product\/blackcurrant-raisins\/#primaryimage","url":"https:\/\/jiushidao.com\/wp-content\/uploads\/2025\/10\/20.png","contentUrl":"https:\/\/jiushidao.com\/wp-content\/uploads\/2025\/10\/20.png","width":1600,"height":1600},{"@type":"BreadcrumbList","@id":"https:\/\/jiushidao.com\/product\/blackcurrant-raisins\/#breadcrumb","itemListElement":[{"@type":"ListItem","position":1,"name":"Home","item":"https:\/\/jiushidao.com\/"},{"@type":"ListItem","position":2,"name":"Store","item":"https:\/\/jiushidao.com\/store\/"},{"@type":"ListItem","position":3,"name":"Blackcurrant Raisins"}]},{"@type":"WebSite","@id":"https:\/\/jiushidao.com\/#website","url":"https:\/\/jiushidao.com\/","name":"Jiushidao - Global Food Marketplace for Business Growth and Cosumers","description":"Jiushidao - Global Food Marketplace for Business Growth and Cosumers","potentialAction":[{"@type":"SearchAction","target":{"@type":"EntryPoint","urlTemplate":"https:\/\/jiushidao.com\/?s={search_term_string}"},"query-input":{"@type":"PropertyValueSpecification","valueRequired":true,"valueName":"search_term_string"}}],"inLanguage":"vi"}]}},"_links":{"self":[{"href":"https:\/\/jiushidao.com\/vi\/wp-json\/wp\/v2\/product\/645","targetHints":{"allow":["GET"]}}],"collection":[{"href":"https:\/\/jiushidao.com\/vi\/wp-json\/wp\/v2\/product"}],"about":[{"href":"https:\/\/jiushidao.com\/vi\/wp-json\/wp\/v2\/types\/product"}],"replies":[{"embeddable":true,"href":"https:\/\/jiushidao.com\/vi\/wp-json\/wp\/v2\/comments?post=645"}],"version-history":[{"count":3,"href":"https:\/\/jiushidao.com\/vi\/wp-json\/wp\/v2\/product\/645\/revisions"}],"predecessor-version":[{"id":764,"href":"https:\/\/jiushidao.com\/vi\/wp-json\/wp\/v2\/product\/645\/revisions\/764"}],"wp:featuredmedia":[{"embeddable":true,"href":"https:\/\/jiushidao.com\/vi\/wp-json\/wp\/v2\/media\/646"}],"wp:attachment":[{"href":"https:\/\/jiushidao.com\/vi\/wp-json\/wp\/v2\/media?parent=645"}],"wp:term":[{"taxonomy":"product_brand","embeddable":true,"href":"https:\/\/jiushidao.com\/vi\/wp-json\/wp\/v2\/product_brand?post=645"},{"taxonomy":"product_cat","embeddable":true,"href":"https:\/\/jiushidao.com\/vi\/wp-json\/wp\/v2\/product_cat?post=645"},{"taxonomy":"product_tag","embeddable":true,"href":"https:\/\/jiushidao.com\/vi\/wp-json\/wp\/v2\/product_tag?post=645"}],"curies":[{"name":"wp","href":"https:\/\/api.w.org\/{rel}","templated":true}]}}