{"id":642,"date":"2025-10-29T08:19:52","date_gmt":"2025-10-29T08:19:52","guid":{"rendered":"https:\/\/jiushidao.com\/?post_type=product&#038;p=642"},"modified":"2025-10-30T12:29:23","modified_gmt":"2025-10-30T12:29:23","slug":"emerald-raisins-2","status":"publish","type":"product","link":"https:\/\/jiushidao.com\/vi\/san-pham\/emerald-raisins-2\/","title":{"rendered":"Nho kh\u00f4 ng\u1ecdc l\u1ee5c b\u1ea3o"},"content":{"rendered":"<section class=\"ybc-p\"><strong>Nho kh\u00f4 xanh Kashgar Supreme: V\u1ecb ng\u1ecdt tinh khi\u1ebft nh\u1ea5t<\/strong>\u200b<\/section>\n<section class=\"ybc-p\">\u0110\u01b0\u1ee3c ch\u1ebf t\u00e1c t\u1eeb nh\u1eefng tr\u00e1i nho xanh kh\u00f4ng h\u1ea1t h\u1ea3o h\u1ea1ng \u0111\u01b0\u1ee3c tr\u1ed3ng d\u01b0\u1edbi b\u1ea7u tr\u1eddi Kashgar ng\u1eadp tr\u00e0n \u00e1nh n\u1eafng, nh\u1eefng qu\u1ea3 nho kh\u00f4 n\u00e0y \u0111\u01b0\u1ee3c s\u1ea5y kh\u00f4 t\u1ef1 nhi\u00ean \u0111\u1ec3 gi\u1eef nguy\u00ean v\u1ecb ng\u1ecdt thanh v\u00e0 k\u1ebft c\u1ea5u m\u1ec1m m\u1ea1i, d\u1ecbu nh\u1eb9. M\u1ed7i qu\u1ea3 nho c\u0103ng m\u1ecdng \u0111\u1ec1u tr\u00e0n ng\u1eadp h\u01b0\u01a1ng v\u1ecb m\u1eadt ong d\u1ecbu nh\u1eb9 v\u00e0 v\u1ecb b\u00e9o ng\u1eady, tan ch\u1ea3y trong mi\u1ec7ng.<\/section>\n<section class=\"ybc-p\">Ch\u1ee9a \u0111\u1ea7y vitamin C t\u1ef1 nhi\u00ean v\u00e0 c\u00e1c d\u01b0\u1ee1ng ch\u1ea5t thi\u1ebft y\u1ebfu, s\u1ea3n ph\u1ea9m mang \u0111\u1ebfn m\u1ed9t b\u1eefa \u0103n nh\u1eb9 l\u00e0nh m\u1ea1nh, th\u1ecfa m\u00e3n c\u01a1n th\u00e8m \u0103n \u0111\u1ed3ng th\u1eddi h\u1ed7 tr\u1ee3 s\u1ee9c kh\u1ecfe. Th\u01b0\u1edfng th\u1ee9c tr\u1ef1c ti\u1ebfp t\u1eeb t\u00fai, th\u00eam v\u00e0o h\u1ed7n h\u1ee3p c\u00e1c lo\u1ea1i h\u1ea1t, ho\u1eb7c d\u00f9ng trong l\u00e0m b\u00e1nh \u0111\u1ec3 c\u00f3 v\u1ecb ng\u1ecdt t\u1ef1 nhi\u00ean.<\/section>\n<section class=\"ybc-p\">\u200b<strong>C\u00e1c t\u00ednh n\u0103ng ch\u00ednh:<\/strong>\u200b<\/section>\n<ul class=\"ybc-ul-component\">\n<li class=\"ybc-li-component ybc-li-component_ul\">\n<section class=\"ybc-p\">\u200b<strong>Tinh khi\u1ebft &amp; T\u1ef1 nhi\u00ean:<\/strong>\u0110\u01b0\u1ee3c l\u00e0m t\u1eeb nho xanh ph\u01a1i n\u1eafng 100%, kh\u00f4ng c\u00f3 ch\u1ea5t ph\u1ee5 gia ho\u1eb7c ch\u1ea5t b\u1ea3o qu\u1ea3n.<\/section>\n<\/li>\n<li class=\"ybc-li-component ybc-li-component_ul\">\n<section class=\"ybc-p\">\u200b<strong>V\u1ecb ng\u1ecdt ch\u00edn d\u01b0\u1edbi \u00e1nh n\u1eafng m\u1eb7t tr\u1eddi:<\/strong>\u0110\u01b0\u1ee3c tr\u1ed3ng \u1edf v\u00f9ng kh\u00ed h\u1eadu l\u00fd t\u01b0\u1edfng c\u1ee7a Kashgar \u0111\u1ec3 c\u00f3 h\u01b0\u01a1ng v\u1ecb tinh t\u1ebf \u0111\u1ed9c \u0111\u00e1o.<\/section>\n<\/li>\n<li class=\"ybc-li-component ybc-li-component_ul\">\n<section class=\"ybc-p\">\u200b<strong>K\u1ebft c\u1ea5u m\u1ec1m m\u1ea1i v\u00e0 c\u0103ng m\u1ecdng:<\/strong>\u0110\u01b0\u1ee3c s\u1ea5y kh\u00f4 nh\u1eb9 nh\u00e0ng \u0111\u1ec3 gi\u1eef \u0111\u1ed9 \u1ea9m v\u00e0 t\u1ea1o c\u1ea3m gi\u00e1c nhai m\u1ec1m.<\/section>\n<\/li>\n<li class=\"ybc-li-component ybc-li-component_ul\">\n<section class=\"ybc-p\">\u200b<strong>Gi\u00e0u dinh d\u01b0\u1ee1ng:<\/strong>Ngu\u1ed3n cung c\u1ea5p vitamin C, ch\u1ea5t x\u01a1 v\u00e0 ch\u1ea5t ch\u1ed1ng oxy h\u00f3a t\u1ef1 nhi\u00ean.<\/section>\n<\/li>\n<li class=\"ybc-li-component ybc-li-component_ul\">\n<section class=\"ybc-p\">\u200b<strong>\u200bM\u00f3n \u0103n v\u1eb7t \u0111a n\u0103ng:\u200b<\/strong>Th\u00edch h\u1ee3p \u0111\u1ec3 \u0103n ri\u00eang, th\u00eam v\u00e0o ng\u0169 c\u1ed1c, s\u1eefa chua ho\u1eb7c m\u00f3n tr\u00e1ng mi\u1ec7ng.<\/section>\n<\/li>\n<\/ul>","protected":false},"excerpt":{"rendered":"<p>Nho kh\u00f4 xanh Kashgar Supreme: V\u1ecb ng\u1ecdt tinh khi\u1ebft nh\u1ea5t \u0110\u01b0\u1ee3c ch\u1ebf bi\u1ebfn t\u1eeb nh\u1eefng qu\u1ea3 nho xanh kh\u00f4ng h\u1ea1t cao c\u1ea5p \u0111\u01b0\u1ee3c tr\u1ed3ng d\u01b0\u1edbi b\u1ea7u tr\u1eddi \u0111\u1ea7y n\u1eafng c\u1ee7a Kashgar, nh\u1eefng qu\u1ea3 nho kh\u00f4 n\u00e0y c\u00f3 ngu\u1ed3n g\u1ed1c t\u1ef1 nhi\u00ean<span class=\"excerpt-hellip\"> [\u2026]<\/span><\/p>","protected":false},"featured_media":643,"comment_status":"open","ping_status":"closed","template":"","meta":[],"product_brand":[52],"product_cat":[51],"product_tag":[],"class_list":{"0":"post-642","1":"product","2":"type-product","3":"status-publish","4":"has-post-thumbnail","6":"product_brand-guo_ren_shi_ke","7":"product_cat-dried_fruits_and_preserves","9":"first","10":"instock","11":"shipping-taxable","12":"product-type-simple"},"yoast_head":"<!-- This site is optimized with the Yoast SEO Premium plugin v25.8 (Yoast SEO v25.8) - https:\/\/yoast.com\/wordpress\/plugins\/seo\/ -->\n<title>Emerald Raisins - Jiushidao - Global Food Marketplace for Business Growth and Cosumers<\/title>\n<meta name=\"robots\" content=\"index, follow, max-snippet:-1, max-image-preview:large, max-video-preview:-1\" \/>\n<link rel=\"canonical\" href=\"https:\/\/jiushidao.com\/vi\/san-pham\/emerald-raisins-2\/\" \/>\n<meta property=\"og:locale\" content=\"vi_VN\" \/>\n<meta property=\"og:type\" content=\"article\" \/>\n<meta property=\"og:title\" content=\"Emerald Raisins\" \/>\n<meta property=\"og:description\" content=\"Kashgar Supreme Green Raisins: Sweetness in Its Purest Form\u200b\u200b Crafted from premium seedless green grapes grown under the sun-drenched skies of Kashgar, these raisins are naturally [\u2026]\" \/>\n<meta property=\"og:url\" content=\"https:\/\/jiushidao.com\/vi\/san-pham\/emerald-raisins-2\/\" \/>\n<meta property=\"og:site_name\" content=\"Jiushidao - Global Food Marketplace for Business Growth and Cosumers\" \/>\n<meta property=\"article:modified_time\" content=\"2025-10-30T12:29:23+00:00\" \/>\n<meta property=\"og:image\" content=\"https:\/\/jiushidao.com\/wp-content\/uploads\/2025\/10\/19.png\" \/>\n\t<meta property=\"og:image:width\" content=\"1600\" \/>\n\t<meta property=\"og:image:height\" content=\"1600\" \/>\n\t<meta property=\"og:image:type\" content=\"image\/png\" \/>\n<meta name=\"twitter:card\" content=\"summary_large_image\" \/>\n<meta name=\"twitter:label1\" content=\"\u01af\u1edbc t\u00ednh th\u1eddi gian \u0111\u1ecdc\" \/>\n\t<meta name=\"twitter:data1\" content=\"1 ph\u00fat\" \/>\n<script type=\"application\/ld+json\" class=\"yoast-schema-graph\">{\"@context\":\"https:\/\/schema.org\",\"@graph\":[{\"@type\":\"WebPage\",\"@id\":\"https:\/\/jiushidao.com\/product\/emerald-raisins-2\/\",\"url\":\"https:\/\/jiushidao.com\/product\/emerald-raisins-2\/\",\"name\":\"Emerald Raisins - Jiushidao - Global Food Marketplace for Business Growth and Cosumers\",\"isPartOf\":{\"@id\":\"https:\/\/jiushidao.com\/#website\"},\"primaryImageOfPage\":{\"@id\":\"https:\/\/jiushidao.com\/product\/emerald-raisins-2\/#primaryimage\"},\"image\":{\"@id\":\"https:\/\/jiushidao.com\/product\/emerald-raisins-2\/#primaryimage\"},\"thumbnailUrl\":\"https:\/\/jiushidao.com\/wp-content\/uploads\/2025\/10\/19.png\",\"datePublished\":\"2025-10-29T08:19:52+00:00\",\"dateModified\":\"2025-10-30T12:29:23+00:00\",\"breadcrumb\":{\"@id\":\"https:\/\/jiushidao.com\/product\/emerald-raisins-2\/#breadcrumb\"},\"inLanguage\":\"vi\",\"potentialAction\":[{\"@type\":\"ReadAction\",\"target\":[\"https:\/\/jiushidao.com\/product\/emerald-raisins-2\/\"]}]},{\"@type\":\"ImageObject\",\"inLanguage\":\"vi\",\"@id\":\"https:\/\/jiushidao.com\/product\/emerald-raisins-2\/#primaryimage\",\"url\":\"https:\/\/jiushidao.com\/wp-content\/uploads\/2025\/10\/19.png\",\"contentUrl\":\"https:\/\/jiushidao.com\/wp-content\/uploads\/2025\/10\/19.png\",\"width\":1600,\"height\":1600},{\"@type\":\"BreadcrumbList\",\"@id\":\"https:\/\/jiushidao.com\/product\/emerald-raisins-2\/#breadcrumb\",\"itemListElement\":[{\"@type\":\"ListItem\",\"position\":1,\"name\":\"Home\",\"item\":\"https:\/\/jiushidao.com\/\"},{\"@type\":\"ListItem\",\"position\":2,\"name\":\"Store\",\"item\":\"https:\/\/jiushidao.com\/store\/\"},{\"@type\":\"ListItem\",\"position\":3,\"name\":\"Emerald Raisins\"}]},{\"@type\":\"WebSite\",\"@id\":\"https:\/\/jiushidao.com\/#website\",\"url\":\"https:\/\/jiushidao.com\/\",\"name\":\"Jiushidao - Global Food Marketplace for Business Growth and Cosumers\",\"description\":\"Jiushidao - Global Food Marketplace for Business Growth and Cosumers\",\"potentialAction\":[{\"@type\":\"SearchAction\",\"target\":{\"@type\":\"EntryPoint\",\"urlTemplate\":\"https:\/\/jiushidao.com\/?s={search_term_string}\"},\"query-input\":{\"@type\":\"PropertyValueSpecification\",\"valueRequired\":true,\"valueName\":\"search_term_string\"}}],\"inLanguage\":\"vi\"}]}<\/script>\n<!-- \/ Yoast SEO Premium plugin. -->","yoast_head_json":{"title":"Emerald Raisins - Jiushidao - Global Food Marketplace for Business Growth and Cosumers","robots":{"index":"index","follow":"follow","max-snippet":"max-snippet:-1","max-image-preview":"max-image-preview:large","max-video-preview":"max-video-preview:-1"},"canonical":"https:\/\/jiushidao.com\/vi\/san-pham\/emerald-raisins-2\/","og_locale":"vi_VN","og_type":"article","og_title":"Emerald Raisins","og_description":"Kashgar Supreme Green Raisins: Sweetness in Its Purest Form\u200b\u200b Crafted from premium seedless green grapes grown under the sun-drenched skies of Kashgar, these raisins are naturally [\u2026]","og_url":"https:\/\/jiushidao.com\/vi\/san-pham\/emerald-raisins-2\/","og_site_name":"Jiushidao - Global Food Marketplace for Business Growth and Cosumers","article_modified_time":"2025-10-30T12:29:23+00:00","og_image":[{"width":1600,"height":1600,"url":"https:\/\/jiushidao.com\/wp-content\/uploads\/2025\/10\/19.png","type":"image\/png"}],"twitter_card":"summary_large_image","twitter_misc":{"\u01af\u1edbc t\u00ednh th\u1eddi gian \u0111\u1ecdc":"1 ph\u00fat"},"schema":{"@context":"https:\/\/schema.org","@graph":[{"@type":"WebPage","@id":"https:\/\/jiushidao.com\/product\/emerald-raisins-2\/","url":"https:\/\/jiushidao.com\/product\/emerald-raisins-2\/","name":"Emerald Raisins - Jiushidao - Global Food Marketplace for Business Growth and Cosumers","isPartOf":{"@id":"https:\/\/jiushidao.com\/#website"},"primaryImageOfPage":{"@id":"https:\/\/jiushidao.com\/product\/emerald-raisins-2\/#primaryimage"},"image":{"@id":"https:\/\/jiushidao.com\/product\/emerald-raisins-2\/#primaryimage"},"thumbnailUrl":"https:\/\/jiushidao.com\/wp-content\/uploads\/2025\/10\/19.png","datePublished":"2025-10-29T08:19:52+00:00","dateModified":"2025-10-30T12:29:23+00:00","breadcrumb":{"@id":"https:\/\/jiushidao.com\/product\/emerald-raisins-2\/#breadcrumb"},"inLanguage":"vi","potentialAction":[{"@type":"ReadAction","target":["https:\/\/jiushidao.com\/product\/emerald-raisins-2\/"]}]},{"@type":"ImageObject","inLanguage":"vi","@id":"https:\/\/jiushidao.com\/product\/emerald-raisins-2\/#primaryimage","url":"https:\/\/jiushidao.com\/wp-content\/uploads\/2025\/10\/19.png","contentUrl":"https:\/\/jiushidao.com\/wp-content\/uploads\/2025\/10\/19.png","width":1600,"height":1600},{"@type":"BreadcrumbList","@id":"https:\/\/jiushidao.com\/product\/emerald-raisins-2\/#breadcrumb","itemListElement":[{"@type":"ListItem","position":1,"name":"Home","item":"https:\/\/jiushidao.com\/"},{"@type":"ListItem","position":2,"name":"Store","item":"https:\/\/jiushidao.com\/store\/"},{"@type":"ListItem","position":3,"name":"Emerald Raisins"}]},{"@type":"WebSite","@id":"https:\/\/jiushidao.com\/#website","url":"https:\/\/jiushidao.com\/","name":"Jiushidao - Global Food Marketplace for Business Growth and Cosumers","description":"Jiushidao - Global Food Marketplace for Business Growth and Cosumers","potentialAction":[{"@type":"SearchAction","target":{"@type":"EntryPoint","urlTemplate":"https:\/\/jiushidao.com\/?s={search_term_string}"},"query-input":{"@type":"PropertyValueSpecification","valueRequired":true,"valueName":"search_term_string"}}],"inLanguage":"vi"}]}},"_links":{"self":[{"href":"https:\/\/jiushidao.com\/vi\/wp-json\/wp\/v2\/product\/642","targetHints":{"allow":["GET"]}}],"collection":[{"href":"https:\/\/jiushidao.com\/vi\/wp-json\/wp\/v2\/product"}],"about":[{"href":"https:\/\/jiushidao.com\/vi\/wp-json\/wp\/v2\/types\/product"}],"replies":[{"embeddable":true,"href":"https:\/\/jiushidao.com\/vi\/wp-json\/wp\/v2\/comments?post=642"}],"version-history":[{"count":3,"href":"https:\/\/jiushidao.com\/vi\/wp-json\/wp\/v2\/product\/642\/revisions"}],"predecessor-version":[{"id":767,"href":"https:\/\/jiushidao.com\/vi\/wp-json\/wp\/v2\/product\/642\/revisions\/767"}],"wp:featuredmedia":[{"embeddable":true,"href":"https:\/\/jiushidao.com\/vi\/wp-json\/wp\/v2\/media\/643"}],"wp:attachment":[{"href":"https:\/\/jiushidao.com\/vi\/wp-json\/wp\/v2\/media?parent=642"}],"wp:term":[{"taxonomy":"product_brand","embeddable":true,"href":"https:\/\/jiushidao.com\/vi\/wp-json\/wp\/v2\/product_brand?post=642"},{"taxonomy":"product_cat","embeddable":true,"href":"https:\/\/jiushidao.com\/vi\/wp-json\/wp\/v2\/product_cat?post=642"},{"taxonomy":"product_tag","embeddable":true,"href":"https:\/\/jiushidao.com\/vi\/wp-json\/wp\/v2\/product_tag?post=642"}],"curies":[{"name":"wp","href":"https:\/\/api.w.org\/{rel}","templated":true}]}}