{"id":639,"date":"2025-10-29T08:17:28","date_gmt":"2025-10-29T08:17:28","guid":{"rendered":"https:\/\/jiushidao.com\/?post_type=product&#038;p=639"},"modified":"2025-10-30T12:40:29","modified_gmt":"2025-10-30T12:40:29","slug":"hongxiangfei-raisins","status":"publish","type":"product","link":"https:\/\/jiushidao.com\/vi\/san-pham\/hongxiangfei-raisins\/","title":{"rendered":"Nho kh\u00f4 Hongxiangfei"},"content":{"rendered":"<section class=\"ybc-p\"><strong>Nho kh\u00f4 Kashgar: Kho b\u00e1u h\u1ed3ng ng\u1ecdc c\u1ee7a thi\u00ean nhi\u00ean<\/strong>\u200b<\/section>\n<section class=\"ybc-p\">\u0110\u01b0\u1ee3c tr\u1ed3ng trong \u0111i\u1ec1u ki\u1ec7n kh\u00ed h\u1eadu \u0111\u1ed9c \u0111\u00e1o c\u1ee7a Kashgar, T\u00e2n C\u01b0\u01a1ng, nh\u1eefng qu\u1ea3 nho kh\u00f4 n\u00e0y \u0111\u01b0\u1ee3c h\u01b0\u1edfng l\u1ee3i t\u1eeb \u00e1nh n\u1eafng m\u1eb7t tr\u1eddi d\u1ed3i d\u00e0o v\u00e0 s\u1ef1 thay \u0111\u1ed5i nhi\u1ec7t \u0111\u1ed9 \u0111\u1ed9t ng\u1ed9t gi\u1eefa ng\u00e0y v\u00e0 \u0111\u00eam. M\u00f4i tr\u01b0\u1eddng l\u00fd t\u01b0\u1edfng n\u00e0y cho ph\u00e9p nho ph\u00e1t tri\u1ec3n v\u1ecb ng\u1ecdt \u0111\u1eadm \u0111\u00e0, ph\u1ee9c h\u1ee3p v\u00e0 m\u00e0u \u0111\u1ecf r\u01b0\u1ee3u vang \u0111\u1eadm \u0111\u00e0. M\u1ed7i qu\u1ea3 nho kh\u00f4 \u0111\u1ec1u kh\u00f4ng h\u1ea1t, k\u00edch th\u01b0\u1edbc d\u00e0i v\u00e0 \u0111\u1ed3ng \u0111\u1ec1u, \u0111\u01b0\u1ee3c ph\u01a1i n\u1eafng t\u1ef1 nhi\u00ean \u0111\u1ec3 gi\u1eef nguy\u00ean h\u01b0\u01a1ng v\u1ecb tinh khi\u1ebft v\u00e0 k\u1ebft c\u1ea5u m\u1ec1m m\u1ea1i, m\u1ecdng n\u01b0\u1edbc.<\/section>\n<section class=\"ybc-p\">V\u1edbi h\u01b0\u01a1ng th\u01a1m h\u1ea5p d\u1eabn v\u00e0 c\u1ea3m gi\u00e1c nhai th\u1ecfa m\u00e3n, nh\u1eefng qu\u1ea3 nho kh\u00f4 n\u00e0y l\u00e0 m\u00f3n \u0103n nh\u1eb9 ngon mi\u1ec7ng v\u00e0 b\u1ed5 d\u01b0\u1ee1ng, ho\u00e0n h\u1ea3o \u0111\u1ec3 th\u01b0\u1edfng th\u1ee9c ri\u00eang ho\u1eb7c th\u00eam v\u00e0o c\u00e1c m\u00f3n \u0103n y\u00eau th\u00edch c\u1ee7a b\u1ea1n.<\/section>\n<section class=\"ybc-p\">\u200b<strong>C\u00e1c t\u00ednh n\u0103ng ch\u00ednh:<\/strong>\u200b<\/section>\n<ul class=\"ybc-ul-component\">\n<li class=\"ybc-li-component ybc-li-component_ul\">\n<section class=\"ybc-p\">\u200b<strong>\u0110i\u1ec1u ki\u1ec7n tr\u1ed3ng l\u00fd t\u01b0\u1edfng:<\/strong>\u00c1nh n\u1eafng d\u1ed3i d\u00e0o v\u00e0 s\u1ef1 thay \u0111\u1ed5i \u0111\u00e1ng k\u1ec3 v\u1ec1 nhi\u1ec7t \u0111\u1ed9 ng\u00e0y-\u0111\u00eam \u1edf Kashgar t\u1ea1o ra v\u1ecb ng\u1ecdt tuy\u1ec7t h\u1ea3o.<\/section>\n<\/li>\n<li class=\"ybc-li-component ybc-li-component_ul\">\n<section class=\"ybc-p\">\u200b<strong>Ch\u1ea5t l\u01b0\u1ee3ng cao c\u1ea5p:<\/strong>Kh\u00f4ng h\u1ea1t, l\u1edbn, d\u00e0i v\u00e0 c\u00f3 k\u00edch th\u01b0\u1edbc \u0111\u1ed3ng \u0111\u1ec1u v\u1edbi m\u00e0u \u0111\u1ecf ruby \u200b\u200btrong m\u1edd.<\/section>\n<\/li>\n<li class=\"ybc-li-component ybc-li-component_ul\">\n<section class=\"ybc-p\">\u200b<strong>Ph\u01a1i n\u1eafng t\u1ef1 nhi\u00ean:<\/strong>\u200b Ph\u01a1i kh\u00f4 nh\u1eb9 nh\u00e0ng d\u01b0\u1edbi \u00e1nh n\u1eafng m\u1eb7t tr\u1eddi \u0111\u1ec3 gi\u1eef \u0111\u01b0\u1ee3c k\u1ebft c\u1ea5u m\u1ec1m, d\u00e0y v\u00e0 dai.<\/section>\n<\/li>\n<li class=\"ybc-li-component ybc-li-component_ul\">\n<section class=\"ybc-p\">\u200b<strong>H\u01b0\u01a1ng v\u1ecb \u0111\u1eadm \u0111\u00e0:<\/strong>\u200b V\u1ecb ng\u1ecdt th\u01a1m c\u00e2n b\u1eb1ng, kh\u00f4ng c\u00f3 ch\u1ea5t ph\u1ee5 gia ho\u1eb7c ch\u1ea5t b\u1ea3o qu\u1ea3n.<\/section>\n<\/li>\n<li class=\"ybc-li-component ybc-li-component_ul\">\n<section class=\"ybc-p\">\u200b<strong>S\u1eed d\u1ee5ng \u0111a n\u0103ng:<\/strong>Th\u00edch h\u1ee3p l\u00e0m \u0111\u1ed3 \u0103n nh\u1eb9, d\u00f9ng \u0111\u1ec3 n\u01b0\u1edbng b\u00e1nh ho\u1eb7c th\u00eam v\u00e0o ng\u0169 c\u1ed1c v\u00e0 h\u1ed7n h\u1ee3p c\u00e1c lo\u1ea1i h\u1ea1t.<\/section>\n<\/li>\n<\/ul>","protected":false},"excerpt":{"rendered":"<p>Nho kh\u00f4 ph\u01a1i n\u1eafng Kashgar: Kho b\u00e1u h\u1ed3ng ng\u1ecdc c\u1ee7a thi\u00ean nhi\u00ean \u0110\u01b0\u1ee3c tr\u1ed3ng trong \u0111i\u1ec1u ki\u1ec7n kh\u00ed h\u1eadu \u0111\u1ed9c \u0111\u00e1o c\u1ee7a Kashgar, T\u00e2n C\u01b0\u01a1ng, nh\u1eefng qu\u1ea3 nho kh\u00f4 n\u00e0y \u0111\u01b0\u1ee3c h\u01b0\u1edfng l\u1ee3i t\u1eeb \u00e1nh n\u1eafng m\u1eb7t tr\u1eddi d\u1ed3i d\u00e0o v\u00e0 s\u1ef1 thay \u0111\u1ed5i nhi\u1ec7t \u0111\u1ed9 \u0111\u00e1ng k\u1ec3 gi\u1eefa ng\u00e0y v\u00e0 \u0111\u00eam.<span class=\"excerpt-hellip\"> [\u2026]<\/span><\/p>","protected":false},"featured_media":640,"comment_status":"open","ping_status":"closed","template":"","meta":[],"product_brand":[52],"product_cat":[51],"product_tag":[],"class_list":{"0":"post-639","1":"product","2":"type-product","3":"status-publish","4":"has-post-thumbnail","6":"product_brand-guo_ren_shi_ke","7":"product_cat-dried_fruits_and_preserves","9":"first","10":"instock","11":"shipping-taxable","12":"product-type-simple"},"yoast_head":"<!-- This site is optimized with the Yoast SEO Premium plugin v25.8 (Yoast SEO v25.8) - https:\/\/yoast.com\/wordpress\/plugins\/seo\/ -->\n<title>Hongxiangfei Raisins - Jiushidao - Global Food Marketplace for Business Growth and Cosumers<\/title>\n<meta name=\"robots\" content=\"index, follow, max-snippet:-1, max-image-preview:large, max-video-preview:-1\" \/>\n<link rel=\"canonical\" href=\"https:\/\/jiushidao.com\/vi\/san-pham\/hongxiangfei-raisins\/\" \/>\n<meta property=\"og:locale\" content=\"vi_VN\" \/>\n<meta property=\"og:type\" content=\"article\" \/>\n<meta property=\"og:title\" content=\"Hongxiangfei Raisins\" \/>\n<meta property=\"og:description\" content=\"Kashgar Sun-Dried Raisins: Nature&#8217;s Ruby Treasure\u200b\u200b Grown in the unique climate of Kashgar, Xinjiang, these raisins benefit from abundant sunshine and dramatic temperature swings between day [\u2026]\" \/>\n<meta property=\"og:url\" content=\"https:\/\/jiushidao.com\/vi\/san-pham\/hongxiangfei-raisins\/\" \/>\n<meta property=\"og:site_name\" content=\"Jiushidao - Global Food Marketplace for Business Growth and Cosumers\" \/>\n<meta property=\"article:modified_time\" content=\"2025-10-30T12:40:29+00:00\" \/>\n<meta property=\"og:image\" content=\"https:\/\/jiushidao.com\/wp-content\/uploads\/2025\/10\/18-1200x1200.png\" \/>\n\t<meta property=\"og:image:width\" content=\"1200\" \/>\n\t<meta property=\"og:image:height\" content=\"1200\" \/>\n\t<meta property=\"og:image:type\" content=\"image\/png\" \/>\n<meta name=\"twitter:card\" content=\"summary_large_image\" \/>\n<meta name=\"twitter:label1\" content=\"\u01af\u1edbc t\u00ednh th\u1eddi gian \u0111\u1ecdc\" \/>\n\t<meta name=\"twitter:data1\" content=\"1 ph\u00fat\" \/>\n<script type=\"application\/ld+json\" class=\"yoast-schema-graph\">{\"@context\":\"https:\/\/schema.org\",\"@graph\":[{\"@type\":\"WebPage\",\"@id\":\"https:\/\/jiushidao.com\/product\/hongxiangfei-raisins\/\",\"url\":\"https:\/\/jiushidao.com\/product\/hongxiangfei-raisins\/\",\"name\":\"Hongxiangfei Raisins - Jiushidao - Global Food Marketplace for Business Growth and Cosumers\",\"isPartOf\":{\"@id\":\"https:\/\/jiushidao.com\/#website\"},\"primaryImageOfPage\":{\"@id\":\"https:\/\/jiushidao.com\/product\/hongxiangfei-raisins\/#primaryimage\"},\"image\":{\"@id\":\"https:\/\/jiushidao.com\/product\/hongxiangfei-raisins\/#primaryimage\"},\"thumbnailUrl\":\"https:\/\/jiushidao.com\/wp-content\/uploads\/2025\/10\/18.png\",\"datePublished\":\"2025-10-29T08:17:28+00:00\",\"dateModified\":\"2025-10-30T12:40:29+00:00\",\"breadcrumb\":{\"@id\":\"https:\/\/jiushidao.com\/product\/hongxiangfei-raisins\/#breadcrumb\"},\"inLanguage\":\"vi\",\"potentialAction\":[{\"@type\":\"ReadAction\",\"target\":[\"https:\/\/jiushidao.com\/product\/hongxiangfei-raisins\/\"]}]},{\"@type\":\"ImageObject\",\"inLanguage\":\"vi\",\"@id\":\"https:\/\/jiushidao.com\/product\/hongxiangfei-raisins\/#primaryimage\",\"url\":\"https:\/\/jiushidao.com\/wp-content\/uploads\/2025\/10\/18.png\",\"contentUrl\":\"https:\/\/jiushidao.com\/wp-content\/uploads\/2025\/10\/18.png\",\"width\":1600,\"height\":1600},{\"@type\":\"BreadcrumbList\",\"@id\":\"https:\/\/jiushidao.com\/product\/hongxiangfei-raisins\/#breadcrumb\",\"itemListElement\":[{\"@type\":\"ListItem\",\"position\":1,\"name\":\"Home\",\"item\":\"https:\/\/jiushidao.com\/\"},{\"@type\":\"ListItem\",\"position\":2,\"name\":\"Store\",\"item\":\"https:\/\/jiushidao.com\/store\/\"},{\"@type\":\"ListItem\",\"position\":3,\"name\":\"Hongxiangfei Raisins\"}]},{\"@type\":\"WebSite\",\"@id\":\"https:\/\/jiushidao.com\/#website\",\"url\":\"https:\/\/jiushidao.com\/\",\"name\":\"Jiushidao - Global Food Marketplace for Business Growth and Cosumers\",\"description\":\"Jiushidao - Global Food Marketplace for Business Growth and Cosumers\",\"potentialAction\":[{\"@type\":\"SearchAction\",\"target\":{\"@type\":\"EntryPoint\",\"urlTemplate\":\"https:\/\/jiushidao.com\/?s={search_term_string}\"},\"query-input\":{\"@type\":\"PropertyValueSpecification\",\"valueRequired\":true,\"valueName\":\"search_term_string\"}}],\"inLanguage\":\"vi\"}]}<\/script>\n<!-- \/ Yoast SEO Premium plugin. -->","yoast_head_json":{"title":"Hongxiangfei Raisins - Jiushidao - Global Food Marketplace for Business Growth and Cosumers","robots":{"index":"index","follow":"follow","max-snippet":"max-snippet:-1","max-image-preview":"max-image-preview:large","max-video-preview":"max-video-preview:-1"},"canonical":"https:\/\/jiushidao.com\/vi\/san-pham\/hongxiangfei-raisins\/","og_locale":"vi_VN","og_type":"article","og_title":"Hongxiangfei Raisins","og_description":"Kashgar Sun-Dried Raisins: Nature&#8217;s Ruby Treasure\u200b\u200b Grown in the unique climate of Kashgar, Xinjiang, these raisins benefit from abundant sunshine and dramatic temperature swings between day [\u2026]","og_url":"https:\/\/jiushidao.com\/vi\/san-pham\/hongxiangfei-raisins\/","og_site_name":"Jiushidao - Global Food Marketplace for Business Growth and Cosumers","article_modified_time":"2025-10-30T12:40:29+00:00","og_image":[{"width":1200,"height":1200,"url":"https:\/\/jiushidao.com\/wp-content\/uploads\/2025\/10\/18-1200x1200.png","type":"image\/png"}],"twitter_card":"summary_large_image","twitter_misc":{"\u01af\u1edbc t\u00ednh th\u1eddi gian \u0111\u1ecdc":"1 ph\u00fat"},"schema":{"@context":"https:\/\/schema.org","@graph":[{"@type":"WebPage","@id":"https:\/\/jiushidao.com\/product\/hongxiangfei-raisins\/","url":"https:\/\/jiushidao.com\/product\/hongxiangfei-raisins\/","name":"Hongxiangfei Raisins - Jiushidao - Global Food Marketplace for Business Growth and Cosumers","isPartOf":{"@id":"https:\/\/jiushidao.com\/#website"},"primaryImageOfPage":{"@id":"https:\/\/jiushidao.com\/product\/hongxiangfei-raisins\/#primaryimage"},"image":{"@id":"https:\/\/jiushidao.com\/product\/hongxiangfei-raisins\/#primaryimage"},"thumbnailUrl":"https:\/\/jiushidao.com\/wp-content\/uploads\/2025\/10\/18.png","datePublished":"2025-10-29T08:17:28+00:00","dateModified":"2025-10-30T12:40:29+00:00","breadcrumb":{"@id":"https:\/\/jiushidao.com\/product\/hongxiangfei-raisins\/#breadcrumb"},"inLanguage":"vi","potentialAction":[{"@type":"ReadAction","target":["https:\/\/jiushidao.com\/product\/hongxiangfei-raisins\/"]}]},{"@type":"ImageObject","inLanguage":"vi","@id":"https:\/\/jiushidao.com\/product\/hongxiangfei-raisins\/#primaryimage","url":"https:\/\/jiushidao.com\/wp-content\/uploads\/2025\/10\/18.png","contentUrl":"https:\/\/jiushidao.com\/wp-content\/uploads\/2025\/10\/18.png","width":1600,"height":1600},{"@type":"BreadcrumbList","@id":"https:\/\/jiushidao.com\/product\/hongxiangfei-raisins\/#breadcrumb","itemListElement":[{"@type":"ListItem","position":1,"name":"Home","item":"https:\/\/jiushidao.com\/"},{"@type":"ListItem","position":2,"name":"Store","item":"https:\/\/jiushidao.com\/store\/"},{"@type":"ListItem","position":3,"name":"Hongxiangfei Raisins"}]},{"@type":"WebSite","@id":"https:\/\/jiushidao.com\/#website","url":"https:\/\/jiushidao.com\/","name":"Jiushidao - Global Food Marketplace for Business Growth and Cosumers","description":"Jiushidao - Global Food Marketplace for Business Growth and Cosumers","potentialAction":[{"@type":"SearchAction","target":{"@type":"EntryPoint","urlTemplate":"https:\/\/jiushidao.com\/?s={search_term_string}"},"query-input":{"@type":"PropertyValueSpecification","valueRequired":true,"valueName":"search_term_string"}}],"inLanguage":"vi"}]}},"_links":{"self":[{"href":"https:\/\/jiushidao.com\/vi\/wp-json\/wp\/v2\/product\/639","targetHints":{"allow":["GET"]}}],"collection":[{"href":"https:\/\/jiushidao.com\/vi\/wp-json\/wp\/v2\/product"}],"about":[{"href":"https:\/\/jiushidao.com\/vi\/wp-json\/wp\/v2\/types\/product"}],"replies":[{"embeddable":true,"href":"https:\/\/jiushidao.com\/vi\/wp-json\/wp\/v2\/comments?post=639"}],"version-history":[{"count":3,"href":"https:\/\/jiushidao.com\/vi\/wp-json\/wp\/v2\/product\/639\/revisions"}],"predecessor-version":[{"id":769,"href":"https:\/\/jiushidao.com\/vi\/wp-json\/wp\/v2\/product\/639\/revisions\/769"}],"wp:featuredmedia":[{"embeddable":true,"href":"https:\/\/jiushidao.com\/vi\/wp-json\/wp\/v2\/media\/640"}],"wp:attachment":[{"href":"https:\/\/jiushidao.com\/vi\/wp-json\/wp\/v2\/media?parent=639"}],"wp:term":[{"taxonomy":"product_brand","embeddable":true,"href":"https:\/\/jiushidao.com\/vi\/wp-json\/wp\/v2\/product_brand?post=639"},{"taxonomy":"product_cat","embeddable":true,"href":"https:\/\/jiushidao.com\/vi\/wp-json\/wp\/v2\/product_cat?post=639"},{"taxonomy":"product_tag","embeddable":true,"href":"https:\/\/jiushidao.com\/vi\/wp-json\/wp\/v2\/product_tag?post=639"}],"curies":[{"name":"wp","href":"https:\/\/api.w.org\/{rel}","templated":true}]}}