{"id":635,"date":"2025-10-29T08:15:59","date_gmt":"2025-10-29T08:15:59","guid":{"rendered":"https:\/\/jiushidao.com\/?post_type=product&#038;p=635"},"modified":"2025-10-30T12:43:12","modified_gmt":"2025-10-30T12:43:12","slug":"pistachios-2","status":"publish","type":"product","link":"https:\/\/jiushidao.com\/vi\/san-pham\/pistachios-2\/","title":{"rendered":"H\u1ea1t d\u1ebb c\u01b0\u1eddi"},"content":{"rendered":"<section class=\"ybc-p\">\u200b<strong>H\u1ea1t d\u1ebb c\u01b0\u1eddi T\u00e2n C\u01b0\u01a1ng: M\u00f3n ngon gi\u00f2n tan t\u1eeb ch\u00e2n \u0111\u1ed3i Thi\u00ean S\u01a1n<\/strong>\u200b<\/section>\n<section class=\"ybc-p\">\u0110\u01b0\u1ee3c nu\u00f4i d\u01b0\u1ee1ng d\u01b0\u1edbi \u00e1nh n\u1eafng gay g\u1eaft v\u00e0 s\u1ef1 thay \u0111\u1ed5i nhi\u1ec7t \u0111\u1ed9 \u0111\u1ed9t ng\u1ed9t c\u1ee7a mi\u1ec1n Nam T\u00e2n C\u01b0\u01a1ng, qu\u1ea3 h\u1ed3 tr\u0103n c\u1ee7a ch\u00fang t\u00f4i ch\u00edn ho\u00e0n h\u1ea3o, m\u1ed7i l\u1edbp v\u1ecf n\u1ee9t ra v\u1edbi m\u1ed9t &quot;n\u1ee5 c\u01b0\u1eddi&quot; t\u1ef1 nhi\u00ean. L\u1edbp v\u1ecf m\u00e0u n\u00e2u nh\u1ea1t c\u1ee7a ch\u00fang m\u1ecfng v\u00e0 d\u1ec5 v\u1ee1, \u0111\u1ec3 l\u1ed9 nh\u1eefng h\u1ea1t m\u00e0u xanh t\u01b0\u01a1i t\u1eafn, c\u0103ng m\u1ecdng v\u00e0 h\u1ea5p d\u1eabn.<\/section>\n<section class=\"ybc-p\">\u0110\u01b0\u1ee3c rang \u0111\u1ec3 l\u00e0m n\u1ed5i b\u1eadt h\u01b0\u01a1ng v\u1ecb \u0111\u1eadm \u0111\u00e0, th\u01a1m ngon, nh\u1eefng h\u1ea1t n\u00e0y mang \u0111\u1ebfn \u0111\u1ed9 gi\u00f2n tan th\u1ecfa m\u00e3n v\u1edbi h\u01b0\u01a1ng v\u1ecb \u1ea5m \u00e1p c\u1ee7a b\u00e1nh m\u00ec n\u01b0\u1edbng v\u00e0 h\u1eadu v\u1ecb b\u00e9o ng\u1eady, th\u01a1m ngon. Ch\u1ee9a \u0111\u1ea7y \u0111\u1ee7 vitamin E, ch\u1ea5t x\u01a1 v\u00e0 ch\u1ea5t b\u00e9o l\u00e0nh m\u1ea1nh, ch\u00fang l\u00e0 m\u1ed9t m\u00f3n \u0103n nh\u1eb9 b\u1ed5 d\u01b0\u1ee1ng, s\u1eb5n s\u00e0ng \u0111\u1ec3 th\u01b0\u1edfng th\u1ee9c ngay t\u1eeb t\u00fai - ho\u00e0n h\u1ea3o \u0111\u1ec3 nh\u00e2m nhi m\u1ed9t m\u00ecnh, chia s\u1ebb v\u1edbi b\u1ea1n b\u00e8, ho\u1eb7c d\u00f9ng k\u00e8m v\u1edbi tr\u00e0 ho\u1eb7c r\u01b0\u1ee3u vang.<\/section>\n<section class=\"ybc-p\">\u200b<strong>C\u00e1c t\u00ednh n\u0103ng ch\u00ednh:<\/strong>\u200b<\/section>\n<ul class=\"ybc-ul-component\">\n<li class=\"ybc-li-component ybc-li-component_ul\">\n<section class=\"ybc-p\">\u200b<strong>Ngu\u1ed3n g\u1ed1c cao c\u1ea5p:<\/strong>\u0110\u01b0\u1ee3c tr\u1ed3ng d\u01b0\u1edbi ch\u00e2n d\u00e3y n\u00fai Thi\u00ean S\u01a1n, h\u01b0\u1edfng l\u1ee3i t\u1eeb \u00e1nh s\u00e1ng m\u1eb7t tr\u1eddi m\u1ea1nh v\u00e0 ban \u0111\u00eam m\u00e1t m\u1ebb.<\/section>\n<\/li>\n<li class=\"ybc-li-component ybc-li-component_ul\">\n<section class=\"ybc-p\">\u200b<strong>Rang ho\u00e0n h\u1ea3o:<\/strong>\u200b N\u00eam n\u1ebfm nh\u1eb9 \u0111\u1ec3 t\u0103ng th\u00eam h\u01b0\u01a1ng v\u1ecb th\u01a1m ngon t\u1ef1 nhi\u00ean v\u00e0 k\u1ebft c\u1ea5u gi\u00f2n.<\/section>\n<\/li>\n<li class=\"ybc-li-component ybc-li-component_ul\">\n<section class=\"ybc-p\">\u200b<strong>Gi\u00e0u dinh d\u01b0\u1ee1ng:<\/strong>Ngu\u1ed3n cung c\u1ea5p vitamin E, ch\u1ea5t x\u01a1 v\u00e0 c\u00e1c lo\u1ea1i d\u1ea7u t\u1ed1t cho s\u1ee9c kh\u1ecfe.<\/section>\n<\/li>\n<li class=\"ybc-li-component ybc-li-component_ul\">\n<section class=\"ybc-p\">\u200b<strong>\u200bM\u00f3n \u0103n v\u1eb7t \u0111a n\u0103ng:\u200b<\/strong>Th\u00edch h\u1ee3p \u0111\u1ec3 \u0103n ri\u00eang, th\u00eam v\u00e0o m\u00f3n \u0103n ho\u1eb7c d\u00f9ng l\u00e0m m\u1ed9t ph\u1ea7n c\u1ee7a \u0111\u0129a ph\u00f4 mai.<\/section>\n<\/li>\n<\/ul>","protected":false},"excerpt":{"rendered":"<p>\u200b\u200bH\u1ea1t d\u1ebb c\u01b0\u1eddi T\u00e2n C\u01b0\u01a1ng: Ni\u1ec1m vui gi\u00f2n tan t\u1eeb ch\u00e2n \u0111\u1ed3i Thi\u00ean S\u01a1n\u200b\u200b \u0110\u01b0\u1ee3c nu\u00f4i d\u01b0\u1ee1ng d\u01b0\u1edbi \u00e1nh n\u1eafng gay g\u1eaft v\u00e0 s\u1ef1 thay \u0111\u1ed5i nhi\u1ec7t \u0111\u1ed9 \u0111\u1ed9t ng\u1ed9t c\u1ee7a mi\u1ec1n nam T\u00e2n C\u01b0\u01a1ng, h\u1ea1t d\u1ebb c\u01b0\u1eddi c\u1ee7a ch\u00fang t\u00f4i ch\u00edn ho\u00e0n h\u1ea3o,<span class=\"excerpt-hellip\"> [\u2026]<\/span><\/p>","protected":false},"featured_media":636,"comment_status":"open","ping_status":"closed","template":"","meta":[],"product_brand":[52],"product_cat":[51],"product_tag":[],"class_list":{"0":"post-635","1":"product","2":"type-product","3":"status-publish","4":"has-post-thumbnail","6":"product_brand-guo_ren_shi_ke","7":"product_cat-dried_fruits_and_preserves","9":"first","10":"instock","11":"shipping-taxable","12":"product-type-simple"},"yoast_head":"<!-- This site is optimized with the Yoast SEO Premium plugin v25.8 (Yoast SEO v25.8) - https:\/\/yoast.com\/wordpress\/plugins\/seo\/ -->\n<title>Pistachios - Jiushidao - Global Food Marketplace for Business Growth and Cosumers<\/title>\n<meta name=\"robots\" content=\"index, follow, max-snippet:-1, max-image-preview:large, max-video-preview:-1\" \/>\n<link rel=\"canonical\" href=\"https:\/\/jiushidao.com\/vi\/san-pham\/pistachios-2\/\" \/>\n<meta property=\"og:locale\" content=\"vi_VN\" \/>\n<meta property=\"og:type\" content=\"article\" \/>\n<meta property=\"og:title\" content=\"Pistachios\" \/>\n<meta property=\"og:description\" content=\"\u200b\u200bXinjiang Pistachios: A Crispy Delight from the Tianshan Foothills\u200b\u200b Nurtured under the intense sun and dramatic temperature shifts of southern Xinjiang, our pistachios ripen to perfection, [\u2026]\" \/>\n<meta property=\"og:url\" content=\"https:\/\/jiushidao.com\/vi\/san-pham\/pistachios-2\/\" \/>\n<meta property=\"og:site_name\" content=\"Jiushidao - Global Food Marketplace for Business Growth and Cosumers\" \/>\n<meta property=\"article:modified_time\" content=\"2025-10-30T12:43:12+00:00\" \/>\n<meta property=\"og:image\" content=\"https:\/\/jiushidao.com\/wp-content\/uploads\/2025\/10\/17.png\" \/>\n\t<meta property=\"og:image:width\" content=\"1600\" \/>\n\t<meta property=\"og:image:height\" content=\"1600\" \/>\n\t<meta property=\"og:image:type\" content=\"image\/png\" \/>\n<meta name=\"twitter:card\" content=\"summary_large_image\" \/>\n<meta name=\"twitter:label1\" content=\"\u01af\u1edbc t\u00ednh th\u1eddi gian \u0111\u1ecdc\" \/>\n\t<meta name=\"twitter:data1\" content=\"1 ph\u00fat\" \/>\n<script type=\"application\/ld+json\" class=\"yoast-schema-graph\">{\"@context\":\"https:\/\/schema.org\",\"@graph\":[{\"@type\":\"WebPage\",\"@id\":\"https:\/\/jiushidao.com\/product\/pistachios-2\/\",\"url\":\"https:\/\/jiushidao.com\/product\/pistachios-2\/\",\"name\":\"Pistachios - Jiushidao - Global Food Marketplace for Business Growth and Cosumers\",\"isPartOf\":{\"@id\":\"https:\/\/jiushidao.com\/#website\"},\"primaryImageOfPage\":{\"@id\":\"https:\/\/jiushidao.com\/product\/pistachios-2\/#primaryimage\"},\"image\":{\"@id\":\"https:\/\/jiushidao.com\/product\/pistachios-2\/#primaryimage\"},\"thumbnailUrl\":\"https:\/\/jiushidao.com\/wp-content\/uploads\/2025\/10\/17.png\",\"datePublished\":\"2025-10-29T08:15:59+00:00\",\"dateModified\":\"2025-10-30T12:43:12+00:00\",\"breadcrumb\":{\"@id\":\"https:\/\/jiushidao.com\/product\/pistachios-2\/#breadcrumb\"},\"inLanguage\":\"vi\",\"potentialAction\":[{\"@type\":\"ReadAction\",\"target\":[\"https:\/\/jiushidao.com\/product\/pistachios-2\/\"]}]},{\"@type\":\"ImageObject\",\"inLanguage\":\"vi\",\"@id\":\"https:\/\/jiushidao.com\/product\/pistachios-2\/#primaryimage\",\"url\":\"https:\/\/jiushidao.com\/wp-content\/uploads\/2025\/10\/17.png\",\"contentUrl\":\"https:\/\/jiushidao.com\/wp-content\/uploads\/2025\/10\/17.png\",\"width\":1600,\"height\":1600},{\"@type\":\"BreadcrumbList\",\"@id\":\"https:\/\/jiushidao.com\/product\/pistachios-2\/#breadcrumb\",\"itemListElement\":[{\"@type\":\"ListItem\",\"position\":1,\"name\":\"Home\",\"item\":\"https:\/\/jiushidao.com\/\"},{\"@type\":\"ListItem\",\"position\":2,\"name\":\"Store\",\"item\":\"https:\/\/jiushidao.com\/store\/\"},{\"@type\":\"ListItem\",\"position\":3,\"name\":\"Pistachios\"}]},{\"@type\":\"WebSite\",\"@id\":\"https:\/\/jiushidao.com\/#website\",\"url\":\"https:\/\/jiushidao.com\/\",\"name\":\"Jiushidao - Global Food Marketplace for Business Growth and Cosumers\",\"description\":\"Jiushidao - Global Food Marketplace for Business Growth and Cosumers\",\"potentialAction\":[{\"@type\":\"SearchAction\",\"target\":{\"@type\":\"EntryPoint\",\"urlTemplate\":\"https:\/\/jiushidao.com\/?s={search_term_string}\"},\"query-input\":{\"@type\":\"PropertyValueSpecification\",\"valueRequired\":true,\"valueName\":\"search_term_string\"}}],\"inLanguage\":\"vi\"}]}<\/script>\n<!-- \/ Yoast SEO Premium plugin. -->","yoast_head_json":{"title":"Pistachios - Jiushidao - Global Food Marketplace for Business Growth and Cosumers","robots":{"index":"index","follow":"follow","max-snippet":"max-snippet:-1","max-image-preview":"max-image-preview:large","max-video-preview":"max-video-preview:-1"},"canonical":"https:\/\/jiushidao.com\/vi\/san-pham\/pistachios-2\/","og_locale":"vi_VN","og_type":"article","og_title":"Pistachios","og_description":"\u200b\u200bXinjiang Pistachios: A Crispy Delight from the Tianshan Foothills\u200b\u200b Nurtured under the intense sun and dramatic temperature shifts of southern Xinjiang, our pistachios ripen to perfection, [\u2026]","og_url":"https:\/\/jiushidao.com\/vi\/san-pham\/pistachios-2\/","og_site_name":"Jiushidao - Global Food Marketplace for Business Growth and Cosumers","article_modified_time":"2025-10-30T12:43:12+00:00","og_image":[{"width":1600,"height":1600,"url":"https:\/\/jiushidao.com\/wp-content\/uploads\/2025\/10\/17.png","type":"image\/png"}],"twitter_card":"summary_large_image","twitter_misc":{"\u01af\u1edbc t\u00ednh th\u1eddi gian \u0111\u1ecdc":"1 ph\u00fat"},"schema":{"@context":"https:\/\/schema.org","@graph":[{"@type":"WebPage","@id":"https:\/\/jiushidao.com\/product\/pistachios-2\/","url":"https:\/\/jiushidao.com\/product\/pistachios-2\/","name":"Pistachios - Jiushidao - Global Food Marketplace for Business Growth and Cosumers","isPartOf":{"@id":"https:\/\/jiushidao.com\/#website"},"primaryImageOfPage":{"@id":"https:\/\/jiushidao.com\/product\/pistachios-2\/#primaryimage"},"image":{"@id":"https:\/\/jiushidao.com\/product\/pistachios-2\/#primaryimage"},"thumbnailUrl":"https:\/\/jiushidao.com\/wp-content\/uploads\/2025\/10\/17.png","datePublished":"2025-10-29T08:15:59+00:00","dateModified":"2025-10-30T12:43:12+00:00","breadcrumb":{"@id":"https:\/\/jiushidao.com\/product\/pistachios-2\/#breadcrumb"},"inLanguage":"vi","potentialAction":[{"@type":"ReadAction","target":["https:\/\/jiushidao.com\/product\/pistachios-2\/"]}]},{"@type":"ImageObject","inLanguage":"vi","@id":"https:\/\/jiushidao.com\/product\/pistachios-2\/#primaryimage","url":"https:\/\/jiushidao.com\/wp-content\/uploads\/2025\/10\/17.png","contentUrl":"https:\/\/jiushidao.com\/wp-content\/uploads\/2025\/10\/17.png","width":1600,"height":1600},{"@type":"BreadcrumbList","@id":"https:\/\/jiushidao.com\/product\/pistachios-2\/#breadcrumb","itemListElement":[{"@type":"ListItem","position":1,"name":"Home","item":"https:\/\/jiushidao.com\/"},{"@type":"ListItem","position":2,"name":"Store","item":"https:\/\/jiushidao.com\/store\/"},{"@type":"ListItem","position":3,"name":"Pistachios"}]},{"@type":"WebSite","@id":"https:\/\/jiushidao.com\/#website","url":"https:\/\/jiushidao.com\/","name":"Jiushidao - Global Food Marketplace for Business Growth and Cosumers","description":"Jiushidao - Global Food Marketplace for Business Growth and Cosumers","potentialAction":[{"@type":"SearchAction","target":{"@type":"EntryPoint","urlTemplate":"https:\/\/jiushidao.com\/?s={search_term_string}"},"query-input":{"@type":"PropertyValueSpecification","valueRequired":true,"valueName":"search_term_string"}}],"inLanguage":"vi"}]}},"_links":{"self":[{"href":"https:\/\/jiushidao.com\/vi\/wp-json\/wp\/v2\/product\/635","targetHints":{"allow":["GET"]}}],"collection":[{"href":"https:\/\/jiushidao.com\/vi\/wp-json\/wp\/v2\/product"}],"about":[{"href":"https:\/\/jiushidao.com\/vi\/wp-json\/wp\/v2\/types\/product"}],"replies":[{"embeddable":true,"href":"https:\/\/jiushidao.com\/vi\/wp-json\/wp\/v2\/comments?post=635"}],"version-history":[{"count":2,"href":"https:\/\/jiushidao.com\/vi\/wp-json\/wp\/v2\/product\/635\/revisions"}],"predecessor-version":[{"id":770,"href":"https:\/\/jiushidao.com\/vi\/wp-json\/wp\/v2\/product\/635\/revisions\/770"}],"wp:featuredmedia":[{"embeddable":true,"href":"https:\/\/jiushidao.com\/vi\/wp-json\/wp\/v2\/media\/636"}],"wp:attachment":[{"href":"https:\/\/jiushidao.com\/vi\/wp-json\/wp\/v2\/media?parent=635"}],"wp:term":[{"taxonomy":"product_brand","embeddable":true,"href":"https:\/\/jiushidao.com\/vi\/wp-json\/wp\/v2\/product_brand?post=635"},{"taxonomy":"product_cat","embeddable":true,"href":"https:\/\/jiushidao.com\/vi\/wp-json\/wp\/v2\/product_cat?post=635"},{"taxonomy":"product_tag","embeddable":true,"href":"https:\/\/jiushidao.com\/vi\/wp-json\/wp\/v2\/product_tag?post=635"}],"curies":[{"name":"wp","href":"https:\/\/api.w.org\/{rel}","templated":true}]}}