{"id":632,"date":"2025-10-29T08:13:28","date_gmt":"2025-10-29T08:13:28","guid":{"rendered":"https:\/\/jiushidao.com\/?post_type=product&#038;p=632"},"modified":"2025-10-30T12:55:35","modified_gmt":"2025-10-30T12:55:35","slug":"chickpeas","status":"publish","type":"product","link":"https:\/\/jiushidao.com\/vi\/san-pham\/chickpeas\/","title":{"rendered":"\u0110\u1eadu g\u00e0"},"content":{"rendered":"<section class=\"ybc-p\"><strong>\u0110\u1eadu g\u00e0 cao c\u1ea5p: Ngu\u1ed3n dinh d\u01b0\u1ee1ng d\u1ed3i d\u00e0o<\/strong>\u200b<\/section>\n<section class=\"ybc-p\">\u0110\u01b0\u1ee3c l\u00e0m t\u1eeb nh\u1eefng h\u1ea1t \u0111\u1eadu g\u00e0 \u0111\u01b0\u1ee3c tuy\u1ec3n ch\u1ecdn k\u1ef9 l\u01b0\u1ee1ng, m\u1ed7i h\u1ea1t \u0111\u1eadu \u0111\u1ec1u c\u0103ng m\u1ecdng v\u00e0 gi\u00e0u dinh d\u01b0\u1ee1ng t\u1ef1 nhi\u00ean. Nh\u1eefng lo\u1ea1i \u0111\u1eadu n\u00e0y l\u00e0 ngu\u1ed3n cung c\u1ea5p protein th\u1ef1c v\u1eadt v\u00e0 ch\u1ea5t x\u01a1 tuy\u1ec7t v\u1eddi, \u00edt ch\u1ea5t b\u00e9o - ph\u1ea7n l\u1edbn l\u00e0 ch\u1ea5t b\u00e9o kh\u00f4ng b\u00e3o h\u00f2a - gi\u00fap ch\u00fang tr\u1edf th\u00e0nh m\u1ed9t l\u1ef1a ch\u1ecdn t\u1ed1t cho tim m\u1ea1ch, ph\u00f9 h\u1ee3p v\u1edbi m\u1ecdi ch\u1ebf \u0111\u1ed9 \u0103n u\u1ed1ng.<\/section>\n<section class=\"ybc-p\">D\u00f9 h\u1ea5p ch\u00edn \u0103n ri\u00eang, xay nhuy\u1ec5n v\u1edbi s\u1ed1t hummus b\u00e9o ng\u1eady, hay pha v\u1edbi s\u1eefa t\u01b0\u01a1i kh\u00f4ng \u0111\u1eadu n\u00e0nh, \u0111\u1eadu g\u00e0 \u0111\u1ec1u mang \u0111\u1ebfn h\u01b0\u01a1ng v\u1ecb ng\u1ecdt ng\u00e0o, m\u1ec1m m\u1ea1i tinh t\u1ebf c\u00f9ng h\u01b0\u01a1ng th\u01a1m h\u1ea1t d\u1ebb thoang tho\u1ea3ng. L\u00e0 l\u1ef1a ch\u1ecdn l\u00fd t\u01b0\u1edfng cho nh\u1eefng b\u1eefa \u0103n l\u00e0nh m\u1ea1nh, \u0111\u1eadu g\u00e0 gi\u00fap h\u1ed7 tr\u1ee3 n\u0103ng l\u01b0\u1ee3ng, ti\u00eau h\u00f3a v\u00e0 s\u1ee9c kh\u1ecfe t\u1ed5ng th\u1ec3.<\/section>\n<section class=\"ybc-p\">\u200b<strong>C\u00e1c t\u00ednh n\u0103ng ch\u00ednh:<\/strong>\u200b<\/section>\n<ul class=\"ybc-ul-component\">\n<li class=\"ybc-li-component ybc-li-component_ul\">\n<section class=\"ybc-p\">\u200b<strong>Gi\u00e0u protein v\u00e0 ch\u1ea5t x\u01a1:<\/strong>H\u1ed7 tr\u1ee3 s\u1ee9c kh\u1ecfe c\u01a1 b\u1eafp v\u00e0 th\u00fac \u0111\u1ea9y ti\u00eau h\u00f3a.<\/section>\n<\/li>\n<li class=\"ybc-li-component ybc-li-component_ul\">\n<section class=\"ybc-p\">\u200b<strong>\u00cdt ch\u1ea5t b\u00e9o:<\/strong>\u200b Ch\u1ee7 y\u1ebfu ch\u1ee9a ch\u1ea5t b\u00e9o kh\u00f4ng b\u00e3o h\u00f2a n\u00ean c\u00f3 h\u01b0\u01a1ng v\u1ecb nh\u1eb9 v\u00e0 b\u1ed5 d\u01b0\u1ee1ng.<\/section>\n<\/li>\n<li class=\"ybc-li-component ybc-li-component_ul\">\n<section class=\"ybc-p\">\u200b<strong>H\u01b0\u01a1ng v\u1ecb m\u1ec1m m\u1ea1i v\u00e0 b\u00e9o ng\u1eady:<\/strong>\u200b \u0110a n\u0103ng \u0111\u1ec3 n\u1ea5u \u0103n, pha tr\u1ed9n ho\u1eb7c \u0103n tr\u1ef1c ti\u1ebfp.<\/section>\n<\/li>\n<li class=\"ybc-li-component ybc-li-component_ul\">\n<section class=\"ybc-p\">\u200b<strong>\u200b100% T\u1ef1 nhi\u00ean:\u200b<\/strong>Kh\u00f4ng c\u00f3 ch\u1ea5t ph\u1ee5 gia ho\u1eb7c ch\u1ea5t b\u1ea3o qu\u1ea3n\u2014ch\u1ec9 c\u00f3 ngu\u1ed3n g\u1ed1c th\u1ef1c v\u1eadt tinh khi\u1ebft, s\u1ea1ch s\u1ebd.<\/section>\n<\/li>\n<\/ul>","protected":false},"excerpt":{"rendered":"<p>\u0110\u1eadu g\u00e0 cao c\u1ea5p: Ngu\u1ed3n dinh d\u01b0\u1ee1ng d\u1ed3i d\u00e0o\u200b\u200b \u0110\u01b0\u1ee3c l\u00e0m t\u1eeb nh\u1eefng h\u1ea1t \u0111\u1eadu g\u00e0 \u0111\u01b0\u1ee3c tuy\u1ec3n ch\u1ecdn k\u1ef9 l\u01b0\u1ee1ng, m\u1ed7i h\u1ea1t \u0111\u1eadu \u0111\u1ec1u c\u0103ng m\u1ecdng v\u00e0 gi\u00e0u dinh d\u01b0\u1ee1ng t\u1ef1 nhi\u00ean. Lo\u1ea1i \u0111\u1eadu n\u00e0y l\u00e0 ngu\u1ed3n cung c\u1ea5p tuy\u1ec7t v\u1eddi<span class=\"excerpt-hellip\"> [\u2026]<\/span><\/p>","protected":false},"featured_media":634,"comment_status":"open","ping_status":"closed","template":"","meta":[],"product_brand":[52],"product_cat":[51],"product_tag":[],"class_list":{"0":"post-632","1":"product","2":"type-product","3":"status-publish","4":"has-post-thumbnail","6":"product_brand-guo_ren_shi_ke","7":"product_cat-dried_fruits_and_preserves","9":"first","10":"instock","11":"shipping-taxable","12":"product-type-simple"},"yoast_head":"<!-- This site is optimized with the Yoast SEO Premium plugin v25.8 (Yoast SEO v25.8) - https:\/\/yoast.com\/wordpress\/plugins\/seo\/ -->\n<title>Chickpeas - Jiushidao - Global Food Marketplace for Business Growth and Cosumers<\/title>\n<meta name=\"robots\" content=\"index, follow, max-snippet:-1, max-image-preview:large, max-video-preview:-1\" \/>\n<link rel=\"canonical\" href=\"https:\/\/jiushidao.com\/vi\/san-pham\/chickpeas\/\" \/>\n<meta property=\"og:locale\" content=\"vi_VN\" \/>\n<meta property=\"og:type\" content=\"article\" \/>\n<meta property=\"og:title\" content=\"Chickpeas\" \/>\n<meta property=\"og:description\" content=\"Premium Chickpeas: The Nutrient-Packed Powerhouse\u200b\u200b Made from carefully selected chickpeas, each bean is plump and rich in natural nutrition. These legumes are an excellent source of [\u2026]\" \/>\n<meta property=\"og:url\" content=\"https:\/\/jiushidao.com\/vi\/san-pham\/chickpeas\/\" \/>\n<meta property=\"og:site_name\" content=\"Jiushidao - Global Food Marketplace for Business Growth and Cosumers\" \/>\n<meta property=\"article:modified_time\" content=\"2025-10-30T12:55:35+00:00\" \/>\n<meta property=\"og:image\" content=\"https:\/\/jiushidao.com\/wp-content\/uploads\/2025\/10\/16.png\" \/>\n\t<meta property=\"og:image:width\" content=\"1600\" \/>\n\t<meta property=\"og:image:height\" content=\"1600\" \/>\n\t<meta property=\"og:image:type\" content=\"image\/png\" \/>\n<meta name=\"twitter:card\" content=\"summary_large_image\" \/>\n<meta name=\"twitter:label1\" content=\"\u01af\u1edbc t\u00ednh th\u1eddi gian \u0111\u1ecdc\" \/>\n\t<meta name=\"twitter:data1\" content=\"1 ph\u00fat\" \/>\n<script type=\"application\/ld+json\" class=\"yoast-schema-graph\">{\"@context\":\"https:\/\/schema.org\",\"@graph\":[{\"@type\":\"WebPage\",\"@id\":\"https:\/\/jiushidao.com\/product\/chickpeas\/\",\"url\":\"https:\/\/jiushidao.com\/product\/chickpeas\/\",\"name\":\"Chickpeas - Jiushidao - Global Food Marketplace for Business Growth and Cosumers\",\"isPartOf\":{\"@id\":\"https:\/\/jiushidao.com\/#website\"},\"primaryImageOfPage\":{\"@id\":\"https:\/\/jiushidao.com\/product\/chickpeas\/#primaryimage\"},\"image\":{\"@id\":\"https:\/\/jiushidao.com\/product\/chickpeas\/#primaryimage\"},\"thumbnailUrl\":\"https:\/\/jiushidao.com\/wp-content\/uploads\/2025\/10\/16.png\",\"datePublished\":\"2025-10-29T08:13:28+00:00\",\"dateModified\":\"2025-10-30T12:55:35+00:00\",\"breadcrumb\":{\"@id\":\"https:\/\/jiushidao.com\/product\/chickpeas\/#breadcrumb\"},\"inLanguage\":\"vi\",\"potentialAction\":[{\"@type\":\"ReadAction\",\"target\":[\"https:\/\/jiushidao.com\/product\/chickpeas\/\"]}]},{\"@type\":\"ImageObject\",\"inLanguage\":\"vi\",\"@id\":\"https:\/\/jiushidao.com\/product\/chickpeas\/#primaryimage\",\"url\":\"https:\/\/jiushidao.com\/wp-content\/uploads\/2025\/10\/16.png\",\"contentUrl\":\"https:\/\/jiushidao.com\/wp-content\/uploads\/2025\/10\/16.png\",\"width\":1600,\"height\":1600},{\"@type\":\"BreadcrumbList\",\"@id\":\"https:\/\/jiushidao.com\/product\/chickpeas\/#breadcrumb\",\"itemListElement\":[{\"@type\":\"ListItem\",\"position\":1,\"name\":\"Home\",\"item\":\"https:\/\/jiushidao.com\/\"},{\"@type\":\"ListItem\",\"position\":2,\"name\":\"Store\",\"item\":\"https:\/\/jiushidao.com\/store\/\"},{\"@type\":\"ListItem\",\"position\":3,\"name\":\"Chickpeas\"}]},{\"@type\":\"WebSite\",\"@id\":\"https:\/\/jiushidao.com\/#website\",\"url\":\"https:\/\/jiushidao.com\/\",\"name\":\"Jiushidao - Global Food Marketplace for Business Growth and Cosumers\",\"description\":\"Jiushidao - Global Food Marketplace for Business Growth and Cosumers\",\"potentialAction\":[{\"@type\":\"SearchAction\",\"target\":{\"@type\":\"EntryPoint\",\"urlTemplate\":\"https:\/\/jiushidao.com\/?s={search_term_string}\"},\"query-input\":{\"@type\":\"PropertyValueSpecification\",\"valueRequired\":true,\"valueName\":\"search_term_string\"}}],\"inLanguage\":\"vi\"}]}<\/script>\n<!-- \/ Yoast SEO Premium plugin. -->","yoast_head_json":{"title":"Chickpeas - Jiushidao - Global Food Marketplace for Business Growth and Cosumers","robots":{"index":"index","follow":"follow","max-snippet":"max-snippet:-1","max-image-preview":"max-image-preview:large","max-video-preview":"max-video-preview:-1"},"canonical":"https:\/\/jiushidao.com\/vi\/san-pham\/chickpeas\/","og_locale":"vi_VN","og_type":"article","og_title":"Chickpeas","og_description":"Premium Chickpeas: The Nutrient-Packed Powerhouse\u200b\u200b Made from carefully selected chickpeas, each bean is plump and rich in natural nutrition. These legumes are an excellent source of [\u2026]","og_url":"https:\/\/jiushidao.com\/vi\/san-pham\/chickpeas\/","og_site_name":"Jiushidao - Global Food Marketplace for Business Growth and Cosumers","article_modified_time":"2025-10-30T12:55:35+00:00","og_image":[{"width":1600,"height":1600,"url":"https:\/\/jiushidao.com\/wp-content\/uploads\/2025\/10\/16.png","type":"image\/png"}],"twitter_card":"summary_large_image","twitter_misc":{"\u01af\u1edbc t\u00ednh th\u1eddi gian \u0111\u1ecdc":"1 ph\u00fat"},"schema":{"@context":"https:\/\/schema.org","@graph":[{"@type":"WebPage","@id":"https:\/\/jiushidao.com\/product\/chickpeas\/","url":"https:\/\/jiushidao.com\/product\/chickpeas\/","name":"Chickpeas - Jiushidao - Global Food Marketplace for Business Growth and Cosumers","isPartOf":{"@id":"https:\/\/jiushidao.com\/#website"},"primaryImageOfPage":{"@id":"https:\/\/jiushidao.com\/product\/chickpeas\/#primaryimage"},"image":{"@id":"https:\/\/jiushidao.com\/product\/chickpeas\/#primaryimage"},"thumbnailUrl":"https:\/\/jiushidao.com\/wp-content\/uploads\/2025\/10\/16.png","datePublished":"2025-10-29T08:13:28+00:00","dateModified":"2025-10-30T12:55:35+00:00","breadcrumb":{"@id":"https:\/\/jiushidao.com\/product\/chickpeas\/#breadcrumb"},"inLanguage":"vi","potentialAction":[{"@type":"ReadAction","target":["https:\/\/jiushidao.com\/product\/chickpeas\/"]}]},{"@type":"ImageObject","inLanguage":"vi","@id":"https:\/\/jiushidao.com\/product\/chickpeas\/#primaryimage","url":"https:\/\/jiushidao.com\/wp-content\/uploads\/2025\/10\/16.png","contentUrl":"https:\/\/jiushidao.com\/wp-content\/uploads\/2025\/10\/16.png","width":1600,"height":1600},{"@type":"BreadcrumbList","@id":"https:\/\/jiushidao.com\/product\/chickpeas\/#breadcrumb","itemListElement":[{"@type":"ListItem","position":1,"name":"Home","item":"https:\/\/jiushidao.com\/"},{"@type":"ListItem","position":2,"name":"Store","item":"https:\/\/jiushidao.com\/store\/"},{"@type":"ListItem","position":3,"name":"Chickpeas"}]},{"@type":"WebSite","@id":"https:\/\/jiushidao.com\/#website","url":"https:\/\/jiushidao.com\/","name":"Jiushidao - Global Food Marketplace for Business Growth and Cosumers","description":"Jiushidao - Global Food Marketplace for Business Growth and Cosumers","potentialAction":[{"@type":"SearchAction","target":{"@type":"EntryPoint","urlTemplate":"https:\/\/jiushidao.com\/?s={search_term_string}"},"query-input":{"@type":"PropertyValueSpecification","valueRequired":true,"valueName":"search_term_string"}}],"inLanguage":"vi"}]}},"_links":{"self":[{"href":"https:\/\/jiushidao.com\/vi\/wp-json\/wp\/v2\/product\/632","targetHints":{"allow":["GET"]}}],"collection":[{"href":"https:\/\/jiushidao.com\/vi\/wp-json\/wp\/v2\/product"}],"about":[{"href":"https:\/\/jiushidao.com\/vi\/wp-json\/wp\/v2\/types\/product"}],"replies":[{"embeddable":true,"href":"https:\/\/jiushidao.com\/vi\/wp-json\/wp\/v2\/comments?post=632"}],"version-history":[{"count":3,"href":"https:\/\/jiushidao.com\/vi\/wp-json\/wp\/v2\/product\/632\/revisions"}],"predecessor-version":[{"id":772,"href":"https:\/\/jiushidao.com\/vi\/wp-json\/wp\/v2\/product\/632\/revisions\/772"}],"wp:featuredmedia":[{"embeddable":true,"href":"https:\/\/jiushidao.com\/vi\/wp-json\/wp\/v2\/media\/634"}],"wp:attachment":[{"href":"https:\/\/jiushidao.com\/vi\/wp-json\/wp\/v2\/media?parent=632"}],"wp:term":[{"taxonomy":"product_brand","embeddable":true,"href":"https:\/\/jiushidao.com\/vi\/wp-json\/wp\/v2\/product_brand?post=632"},{"taxonomy":"product_cat","embeddable":true,"href":"https:\/\/jiushidao.com\/vi\/wp-json\/wp\/v2\/product_cat?post=632"},{"taxonomy":"product_tag","embeddable":true,"href":"https:\/\/jiushidao.com\/vi\/wp-json\/wp\/v2\/product_tag?post=632"}],"curies":[{"name":"wp","href":"https:\/\/api.w.org\/{rel}","templated":true}]}}