{"id":626,"date":"2025-10-29T08:10:51","date_gmt":"2025-10-29T08:10:51","guid":{"rendered":"https:\/\/jiushidao.com\/?post_type=product&#038;p=626"},"modified":"2025-10-30T13:15:41","modified_gmt":"2025-10-30T13:15:41","slug":"cashew-nuts","status":"publish","type":"product","link":"https:\/\/jiushidao.com\/vi\/san-pham\/cashew-nuts\/","title":{"rendered":"H\u1ea1t \u0111i\u1ec1u"},"content":{"rendered":"<section class=\"ybc-p\"><strong>H\u1ea1t \u0111i\u1ec1u rang than T\u00e2n C\u01b0\u01a1ng: M\u00f3n \u0103n gi\u00f2n tan, th\u01a1m kh\u00f3i<\/strong>\u200b<\/section>\n<section class=\"ybc-p\">\u0110\u01b0\u1ee3c l\u00e0m t\u1eeb nh\u1eefng h\u1ea1t \u0111i\u1ec1u h\u1ea3o h\u1ea1ng \u0111\u01b0\u1ee3c tr\u1ed3ng trong nh\u1eefng v\u01b0\u1eddn c\u00e2y \u0103n tr\u00e1i ng\u1eadp n\u1eafng \u1edf T\u00e2n C\u01b0\u01a1ng, m\u1ed7i h\u1ea1t \u0111\u1ec1u tr\u00f2n tr\u1ecba, c\u0103ng m\u1ecdng v\u00e0 \u0111\u01b0\u1ee3c tuy\u1ec3n ch\u1ecdn k\u1ef9 l\u01b0\u1ee1ng v\u1ec1 ch\u1ea5t l\u01b0\u1ee3ng. Ch\u00fang t\u00f4i s\u1eed d\u1ee5ng ph\u01b0\u01a1ng ph\u00e1p rang than c\u1ee7i \u0111\u1ed9c \u0111\u00e1o tr\u00ean than c\u1ee7i g\u1ed7, gi\u00fap t\u0103ng c\u01b0\u1eddng h\u01b0\u01a1ng th\u01a1m kh\u00f3i thoang tho\u1ea3ng v\u00e0 l\u1edbp v\u1ecf v\u00e0ng n\u00e2u gi\u00f2n tan. \u0110\u01b0\u1ee3c n\u00eam n\u1ebfm nh\u1eb9 nh\u00e0ng v\u1edbi m\u1ed9t ch\u00fat mu\u1ed1i bi\u1ec3n, nh\u1eefng h\u1ea1t \u0111i\u1ec1u n\u00e0y mang \u0111\u1ebfn \u0111\u1ed9 gi\u00f2n tan kh\u00f3 c\u01b0\u1ee1ng v\u00e0 h\u01b0\u01a1ng v\u1ecb \u0111\u1eadm \u0111\u00e0, th\u01a1m ngon, c\u00e0ng th\u00eam h\u1ea5p d\u1eabn sau m\u1ed7i l\u1ea7n c\u1eafn.<\/section>\n<section class=\"ybc-p\">Gi\u00e0u protein, ch\u1ea5t b\u00e9o l\u00e0nh m\u1ea1nh v\u00e0 c\u00e1c kho\u00e1ng ch\u1ea5t thi\u1ebft y\u1ebfu, \u0111\u00e2y l\u00e0 m\u00f3n \u0103n v\u1eb7t l\u00e0nh m\u1ea1nh ho\u00e0n h\u1ea3o \u0111\u1ec3 ki\u1ec1m ch\u1ebf c\u01a1n th\u00e8m \u0103n ho\u1eb7c t\u0103ng c\u01b0\u1eddng n\u0103ng l\u01b0\u1ee3ng su\u1ed1t c\u1ea3 ng\u00e0y. Th\u01b0\u1edfng th\u1ee9c ngay t\u1eeb t\u00fai\u2014kh\u00f4ng c\u1ea7n b\u00f3c v\u1ecf\u2014v\u00e0 c\u1ea3m nh\u1eadn h\u01b0\u01a1ng v\u1ecb th\u1ee7 c\u00f4ng tinh t\u1ebf.<\/section>\n<section class=\"ybc-p\">\u200b<strong>C\u00e1c t\u00ednh n\u0103ng ch\u00ednh:<\/strong>\u200b<\/section>\n<ul class=\"ybc-ul-component\">\n<li class=\"ybc-li-component ybc-li-component_ul\">\n<section class=\"ybc-p\">\u200b<strong>Rang than g\u1ed7 tr\u00e1i c\u00e2y:<\/strong>\u200b Th\u00eam h\u01b0\u01a1ng kh\u00f3i t\u1ef1 nhi\u00ean v\u00e0 \u0111\u1ed9 gi\u00f2n h\u01a1n.<\/section>\n<\/li>\n<li class=\"ybc-li-component ybc-li-component_ul\">\n<section class=\"ybc-p\">\u200b<strong>\u200bM\u1eb7n nh\u1eb9:\u200b<\/strong>\u200b \u0110\u01b0\u1ee3c t\u0103ng c\u01b0\u1eddng th\u00eam m\u1ed9t ch\u00fat mu\u1ed1i bi\u1ec3n \u0111\u1ec3 c\u00f3 h\u01b0\u01a1ng v\u1ecb c\u00e2n b\u1eb1ng, \u0111\u1eadm \u0111\u00e0.<\/section>\n<\/li>\n<li class=\"ybc-li-component ybc-li-component_ul\">\n<section class=\"ybc-p\">\u200b<strong>S\u1eb5n s\u00e0ng \u0111\u1ec3 \u0103n:<\/strong>Kh\u00f4ng c\u00f3 v\u1ecf\u2014ch\u1ec9 c\u00f3 h\u1ea1t \u0111i\u1ec1u v\u00e0ng nguy\u00ean ch\u1ea5t.<\/section>\n<\/li>\n<li class=\"ybc-li-component ybc-li-component_ul\">\n<section class=\"ybc-p\">\u200b<strong>\u200bB\u1ed5 d\u01b0\u1ee1ng v\u00e0 th\u1ecfa m\u00e3n:\u200b<\/strong>M\u1ed9t ngu\u1ed3n n\u0103ng l\u01b0\u1ee3ng v\u00e0 ch\u1ea5t dinh d\u01b0\u1ee1ng t\u1ed1t.<\/section>\n<\/li>\n<\/ul>","protected":false},"excerpt":{"rendered":"<p>H\u1ea1t \u0111i\u1ec1u rang than T\u00e2n C\u01b0\u01a1ng: M\u00f3n ngon gi\u00f2n tan, th\u01a1m kh\u00f3i \u0110\u01b0\u1ee3c l\u00e0m t\u1eeb nh\u1eefng h\u1ea1t \u0111i\u1ec1u h\u1ea3o h\u1ea1ng \u0111\u01b0\u1ee3c tr\u1ed3ng trong nh\u1eefng v\u01b0\u1eddn c\u00e2y \u0103n qu\u1ea3 ng\u1eadp n\u1eafng \u1edf T\u00e2n C\u01b0\u01a1ng, m\u1ed7i h\u1ea1t \u0111\u1ec1u c\u0103ng m\u1ecdng, tr\u00f2n tr\u1ecba v\u00e0 \u0111\u01b0\u1ee3c l\u1ef1a ch\u1ecdn c\u1ea9n th\u1eadn<span class=\"excerpt-hellip\"> [\u2026]<\/span><\/p>","protected":false},"featured_media":627,"comment_status":"open","ping_status":"closed","template":"","meta":[],"product_brand":[52],"product_cat":[51],"product_tag":[],"class_list":{"0":"post-626","1":"product","2":"type-product","3":"status-publish","4":"has-post-thumbnail","6":"product_brand-guo_ren_shi_ke","7":"product_cat-dried_fruits_and_preserves","9":"first","10":"instock","11":"shipping-taxable","12":"product-type-simple"},"yoast_head":"<!-- This site is optimized with the Yoast SEO Premium plugin v25.8 (Yoast SEO v25.8) - https:\/\/yoast.com\/wordpress\/plugins\/seo\/ -->\n<title>Cashew Nuts - Jiushidao - Global Food Marketplace for Business Growth and Cosumers<\/title>\n<meta name=\"robots\" content=\"index, follow, max-snippet:-1, max-image-preview:large, max-video-preview:-1\" \/>\n<link rel=\"canonical\" href=\"https:\/\/jiushidao.com\/vi\/san-pham\/cashew-nuts\/\" \/>\n<meta property=\"og:locale\" content=\"vi_VN\" \/>\n<meta property=\"og:type\" content=\"article\" \/>\n<meta property=\"og:title\" content=\"Cashew Nuts\" \/>\n<meta property=\"og:description\" content=\"Xinjiang Charcoal-Roasted Cashews: A Crispy, Smoky Delight\u200b\u200b Made from premium cashews grown in the sun-drenched orchards of Xinjiang, each nut is plump, round, and carefully selected [\u2026]\" \/>\n<meta property=\"og:url\" content=\"https:\/\/jiushidao.com\/vi\/san-pham\/cashew-nuts\/\" \/>\n<meta property=\"og:site_name\" content=\"Jiushidao - Global Food Marketplace for Business Growth and Cosumers\" \/>\n<meta property=\"article:modified_time\" content=\"2025-10-30T13:15:41+00:00\" \/>\n<meta property=\"og:image\" content=\"https:\/\/jiushidao.com\/wp-content\/uploads\/2025\/10\/14-1200x1200.png\" \/>\n\t<meta property=\"og:image:width\" content=\"1200\" \/>\n\t<meta property=\"og:image:height\" content=\"1200\" \/>\n\t<meta property=\"og:image:type\" content=\"image\/png\" \/>\n<meta name=\"twitter:card\" content=\"summary_large_image\" \/>\n<meta name=\"twitter:label1\" content=\"\u01af\u1edbc t\u00ednh th\u1eddi gian \u0111\u1ecdc\" \/>\n\t<meta name=\"twitter:data1\" content=\"1 ph\u00fat\" \/>\n<script type=\"application\/ld+json\" class=\"yoast-schema-graph\">{\"@context\":\"https:\/\/schema.org\",\"@graph\":[{\"@type\":\"WebPage\",\"@id\":\"https:\/\/jiushidao.com\/product\/cashew-nuts\/\",\"url\":\"https:\/\/jiushidao.com\/product\/cashew-nuts\/\",\"name\":\"Cashew Nuts - Jiushidao - Global Food Marketplace for Business Growth and Cosumers\",\"isPartOf\":{\"@id\":\"https:\/\/jiushidao.com\/#website\"},\"primaryImageOfPage\":{\"@id\":\"https:\/\/jiushidao.com\/product\/cashew-nuts\/#primaryimage\"},\"image\":{\"@id\":\"https:\/\/jiushidao.com\/product\/cashew-nuts\/#primaryimage\"},\"thumbnailUrl\":\"https:\/\/jiushidao.com\/wp-content\/uploads\/2025\/10\/14.png\",\"datePublished\":\"2025-10-29T08:10:51+00:00\",\"dateModified\":\"2025-10-30T13:15:41+00:00\",\"breadcrumb\":{\"@id\":\"https:\/\/jiushidao.com\/product\/cashew-nuts\/#breadcrumb\"},\"inLanguage\":\"vi\",\"potentialAction\":[{\"@type\":\"ReadAction\",\"target\":[\"https:\/\/jiushidao.com\/product\/cashew-nuts\/\"]}]},{\"@type\":\"ImageObject\",\"inLanguage\":\"vi\",\"@id\":\"https:\/\/jiushidao.com\/product\/cashew-nuts\/#primaryimage\",\"url\":\"https:\/\/jiushidao.com\/wp-content\/uploads\/2025\/10\/14.png\",\"contentUrl\":\"https:\/\/jiushidao.com\/wp-content\/uploads\/2025\/10\/14.png\",\"width\":1600,\"height\":1600},{\"@type\":\"BreadcrumbList\",\"@id\":\"https:\/\/jiushidao.com\/product\/cashew-nuts\/#breadcrumb\",\"itemListElement\":[{\"@type\":\"ListItem\",\"position\":1,\"name\":\"Home\",\"item\":\"https:\/\/jiushidao.com\/\"},{\"@type\":\"ListItem\",\"position\":2,\"name\":\"Store\",\"item\":\"https:\/\/jiushidao.com\/store\/\"},{\"@type\":\"ListItem\",\"position\":3,\"name\":\"Cashew Nuts\"}]},{\"@type\":\"WebSite\",\"@id\":\"https:\/\/jiushidao.com\/#website\",\"url\":\"https:\/\/jiushidao.com\/\",\"name\":\"Jiushidao - Global Food Marketplace for Business Growth and Cosumers\",\"description\":\"Jiushidao - Global Food Marketplace for Business Growth and Cosumers\",\"potentialAction\":[{\"@type\":\"SearchAction\",\"target\":{\"@type\":\"EntryPoint\",\"urlTemplate\":\"https:\/\/jiushidao.com\/?s={search_term_string}\"},\"query-input\":{\"@type\":\"PropertyValueSpecification\",\"valueRequired\":true,\"valueName\":\"search_term_string\"}}],\"inLanguage\":\"vi\"}]}<\/script>\n<!-- \/ Yoast SEO Premium plugin. -->","yoast_head_json":{"title":"Cashew Nuts - Jiushidao - Global Food Marketplace for Business Growth and Cosumers","robots":{"index":"index","follow":"follow","max-snippet":"max-snippet:-1","max-image-preview":"max-image-preview:large","max-video-preview":"max-video-preview:-1"},"canonical":"https:\/\/jiushidao.com\/vi\/san-pham\/cashew-nuts\/","og_locale":"vi_VN","og_type":"article","og_title":"Cashew Nuts","og_description":"Xinjiang Charcoal-Roasted Cashews: A Crispy, Smoky Delight\u200b\u200b Made from premium cashews grown in the sun-drenched orchards of Xinjiang, each nut is plump, round, and carefully selected [\u2026]","og_url":"https:\/\/jiushidao.com\/vi\/san-pham\/cashew-nuts\/","og_site_name":"Jiushidao - Global Food Marketplace for Business Growth and Cosumers","article_modified_time":"2025-10-30T13:15:41+00:00","og_image":[{"width":1200,"height":1200,"url":"https:\/\/jiushidao.com\/wp-content\/uploads\/2025\/10\/14-1200x1200.png","type":"image\/png"}],"twitter_card":"summary_large_image","twitter_misc":{"\u01af\u1edbc t\u00ednh th\u1eddi gian \u0111\u1ecdc":"1 ph\u00fat"},"schema":{"@context":"https:\/\/schema.org","@graph":[{"@type":"WebPage","@id":"https:\/\/jiushidao.com\/product\/cashew-nuts\/","url":"https:\/\/jiushidao.com\/product\/cashew-nuts\/","name":"Cashew Nuts - Jiushidao - Global Food Marketplace for Business Growth and Cosumers","isPartOf":{"@id":"https:\/\/jiushidao.com\/#website"},"primaryImageOfPage":{"@id":"https:\/\/jiushidao.com\/product\/cashew-nuts\/#primaryimage"},"image":{"@id":"https:\/\/jiushidao.com\/product\/cashew-nuts\/#primaryimage"},"thumbnailUrl":"https:\/\/jiushidao.com\/wp-content\/uploads\/2025\/10\/14.png","datePublished":"2025-10-29T08:10:51+00:00","dateModified":"2025-10-30T13:15:41+00:00","breadcrumb":{"@id":"https:\/\/jiushidao.com\/product\/cashew-nuts\/#breadcrumb"},"inLanguage":"vi","potentialAction":[{"@type":"ReadAction","target":["https:\/\/jiushidao.com\/product\/cashew-nuts\/"]}]},{"@type":"ImageObject","inLanguage":"vi","@id":"https:\/\/jiushidao.com\/product\/cashew-nuts\/#primaryimage","url":"https:\/\/jiushidao.com\/wp-content\/uploads\/2025\/10\/14.png","contentUrl":"https:\/\/jiushidao.com\/wp-content\/uploads\/2025\/10\/14.png","width":1600,"height":1600},{"@type":"BreadcrumbList","@id":"https:\/\/jiushidao.com\/product\/cashew-nuts\/#breadcrumb","itemListElement":[{"@type":"ListItem","position":1,"name":"Home","item":"https:\/\/jiushidao.com\/"},{"@type":"ListItem","position":2,"name":"Store","item":"https:\/\/jiushidao.com\/store\/"},{"@type":"ListItem","position":3,"name":"Cashew Nuts"}]},{"@type":"WebSite","@id":"https:\/\/jiushidao.com\/#website","url":"https:\/\/jiushidao.com\/","name":"Jiushidao - Global Food Marketplace for Business Growth and Cosumers","description":"Jiushidao - Global Food Marketplace for Business Growth and Cosumers","potentialAction":[{"@type":"SearchAction","target":{"@type":"EntryPoint","urlTemplate":"https:\/\/jiushidao.com\/?s={search_term_string}"},"query-input":{"@type":"PropertyValueSpecification","valueRequired":true,"valueName":"search_term_string"}}],"inLanguage":"vi"}]}},"_links":{"self":[{"href":"https:\/\/jiushidao.com\/vi\/wp-json\/wp\/v2\/product\/626","targetHints":{"allow":["GET"]}}],"collection":[{"href":"https:\/\/jiushidao.com\/vi\/wp-json\/wp\/v2\/product"}],"about":[{"href":"https:\/\/jiushidao.com\/vi\/wp-json\/wp\/v2\/types\/product"}],"replies":[{"embeddable":true,"href":"https:\/\/jiushidao.com\/vi\/wp-json\/wp\/v2\/comments?post=626"}],"version-history":[{"count":3,"href":"https:\/\/jiushidao.com\/vi\/wp-json\/wp\/v2\/product\/626\/revisions"}],"predecessor-version":[{"id":777,"href":"https:\/\/jiushidao.com\/vi\/wp-json\/wp\/v2\/product\/626\/revisions\/777"}],"wp:featuredmedia":[{"embeddable":true,"href":"https:\/\/jiushidao.com\/vi\/wp-json\/wp\/v2\/media\/627"}],"wp:attachment":[{"href":"https:\/\/jiushidao.com\/vi\/wp-json\/wp\/v2\/media?parent=626"}],"wp:term":[{"taxonomy":"product_brand","embeddable":true,"href":"https:\/\/jiushidao.com\/vi\/wp-json\/wp\/v2\/product_brand?post=626"},{"taxonomy":"product_cat","embeddable":true,"href":"https:\/\/jiushidao.com\/vi\/wp-json\/wp\/v2\/product_cat?post=626"},{"taxonomy":"product_tag","embeddable":true,"href":"https:\/\/jiushidao.com\/vi\/wp-json\/wp\/v2\/product_tag?post=626"}],"curies":[{"name":"wp","href":"https:\/\/api.w.org\/{rel}","templated":true}]}}