{"id":623,"date":"2025-10-29T08:08:46","date_gmt":"2025-10-29T08:08:46","guid":{"rendered":"https:\/\/jiushidao.com\/?post_type=product&#038;p=623"},"modified":"2025-10-30T13:18:12","modified_gmt":"2025-10-30T13:18:12","slug":"dates-stuffed-with-walnuts","status":"publish","type":"product","link":"https:\/\/jiushidao.com\/vi\/san-pham\/dates-stuffed-with-walnuts\/","title":{"rendered":"Ch\u00e0 l\u00e0 nh\u1ed3i qu\u1ea3 \u00f3c ch\u00f3"},"content":{"rendered":"<section class=\"ybc-p\"><strong>\u200bCh\u00e0 l\u00e0 \u0111\u1ecf nh\u1ed3i qu\u1ea3 \u00f3c ch\u00f3: M\u00f3n \u0103n th\u1ee7 c\u00f4ng b\u1ed5 d\u01b0\u1ee1ng<\/strong>\u200b<\/section>\n<section class=\"ybc-p\">\u0110\u01b0\u1ee3c l\u00e0m t\u1eeb t\u00e1o \u0111\u1ecf Kashgar h\u1ea3o h\u1ea1ng v\u00e0 h\u1ea1t \u00f3c ch\u00f3, m\u1ed7i mi\u1ebfng b\u00e1nh \u0111\u1ec1u \u0111\u01b0\u1ee3c ch\u1ebf t\u00e1c th\u1ee7 c\u00f4ng t\u1ec9 m\u1ec9. Ch\u00e0 l\u00e0 \u0111\u01b0\u1ee3c r\u1eeda s\u1ea1ch, b\u1ecf h\u1ea1t, r\u1ea1ch \u0111\u00f4i, sau \u0111\u00f3 nh\u1ed3i h\u1ea1t \u00f3c ch\u00f3 \u0111\u00e3 b\u00f3c v\u1ecf, t\u1ea1o n\u00ean s\u1ef1 c\u00e2n b\u1eb1ng ho\u00e0n h\u1ea3o gi\u1eefa v\u1ecb ng\u1ecdt v\u00e0 v\u1ecb b\u00f9i b\u00f9i. M\u1ed7i mi\u1ebfng b\u00e1nh \u0111\u1ec1u c\u0103ng m\u1ecdng, dai dai, mang \u0111\u1ebfn c\u1ea3m gi\u00e1c th\u1ecfa m\u00e3n trong t\u1eebng mi\u1ebfng c\u1eafn.<\/section>\n<section class=\"ybc-p\">\u0110\u01b0\u1ee3c \u0111\u00f3ng g\u00f3i ri\u00eang l\u1ebb \u0111\u1ec3 \u0111\u1ea3m b\u1ea3o \u0111\u1ed9 t\u01b0\u01a1i ngon v\u00e0 ti\u1ec7n l\u1ee3i, nh\u1eefng qu\u1ea3 ch\u00e0 l\u00e0 nh\u1ed3i n\u00e0y l\u00fd t\u01b0\u1edfng \u0111\u1ec3 \u0103n v\u1eb7t khi di chuy\u1ec3n, l\u00e0m h\u1ed9p c\u01a1m tr\u01b0a ho\u1eb7c l\u00e0m m\u00f3n tr\u00e1ng mi\u1ec7ng l\u00e0nh m\u1ea1nh. Ch\u00fang cung c\u1ea5p n\u0103ng l\u01b0\u1ee3ng v\u00e0 ch\u1ea5t dinh d\u01b0\u1ee1ng t\u1ef1 nhi\u00ean, khi\u1ebfn ch\u00fang tr\u1edf th\u00e0nh l\u1ef1a ch\u1ecdn ngon mi\u1ec7ng v\u00e0 b\u1ed5 d\u01b0\u1ee1ng cho b\u1ea5t k\u1ef3 th\u1eddi \u0111i\u1ec3m n\u00e0o trong ng\u00e0y.<\/section>\n<section class=\"ybc-p\">\u200b<strong>C\u00e1c t\u00ednh n\u0103ng ch\u00ednh:<\/strong>\u200b<\/section>\n<ul class=\"ybc-ul-component\">\n<li class=\"ybc-li-component ybc-li-component_ul\">\n<section class=\"ybc-p\">\u200b<strong>Th\u00e0nh ph\u1ea7n t\u1ef1 nhi\u00ean:<\/strong>\u0110\u01b0\u1ee3c l\u00e0m t\u1eeb qu\u1ea3 ch\u00e0 l\u00e0 \u0111\u1ecf Kashgar v\u00e0 qu\u1ea3 \u00f3c ch\u00f3 ch\u1ea5t l\u01b0\u1ee3ng cao.<\/section>\n<\/li>\n<li class=\"ybc-li-component ybc-li-component_ul\">\n<section class=\"ybc-p\">\u200b<strong>\u200bS\u1ef1 k\u1ebft h\u1ee3p ho\u00e0n h\u1ea3o:\u200b<\/strong>\u200b Qu\u1ea3 ch\u00e0 l\u00e0 ng\u1ecdt v\u00e0 qu\u1ea3 \u00f3c ch\u00f3 gi\u00f2n t\u1ea1o n\u00ean s\u1ef1 h\u00f2a quy\u1ec7n h\u00e0i h\u00f2a gi\u1eefa h\u01b0\u01a1ng v\u1ecb v\u00e0 k\u1ebft c\u1ea5u.<\/section>\n<\/li>\n<li class=\"ybc-li-component ybc-li-component_ul\">\n<section class=\"ybc-p\">\u200b<strong>Bao b\u00ec ti\u1ec7n l\u1ee3i:<\/strong>\u0110\u01b0\u1ee3c \u0111\u00f3ng g\u00f3i ri\u00eang l\u1ebb \u0111\u1ec3 gi\u1eef \u0111\u01b0\u1ee3c \u0111\u1ed9 t\u01b0\u01a1i ngon v\u00e0 d\u1ec5 d\u00e0ng mang theo.<\/section>\n<\/li>\n<li class=\"ybc-li-component ybc-li-component_ul\">\n<section class=\"ybc-p\">\u200b<strong>\u200bM\u00f3n \u0103n v\u1eb7t b\u1ed5 d\u01b0\u1ee1ng:\u200b<\/strong>Gi\u00e0u ch\u1ea5t x\u01a1, vitamin v\u00e0 ch\u1ea5t b\u00e9o l\u00e0nh m\u1ea1nh gi\u00fap duy tr\u00ec n\u0103ng l\u01b0\u1ee3ng.<\/section>\n<\/li>\n<\/ul>","protected":false},"excerpt":{"rendered":"<p>\u200bCh\u00e0 l\u00e0 \u0111\u1ecf nh\u1ed3i \u00f3c ch\u00f3: M\u00f3n \u0103n b\u1ed5 d\u01b0\u1ee1ng, th\u1ee7 c\u00f4ng\u200b\u200b \u0110\u01b0\u1ee3c l\u00e0m t\u1eeb ch\u00e0 l\u00e0 \u0111\u1ecf Kashgar h\u1ea3o h\u1ea1ng v\u00e0 h\u1ea1t \u00f3c ch\u00f3, m\u1ed7i mi\u1ebfng \u0111\u1ec1u \u0111\u01b0\u1ee3c ch\u1ebf t\u00e1c th\u1ee7 c\u00f4ng c\u1ea9n th\u1eadn.<span class=\"excerpt-hellip\"> [\u2026]<\/span><\/p>","protected":false},"featured_media":624,"comment_status":"open","ping_status":"closed","template":"","meta":[],"product_brand":[52],"product_cat":[51],"product_tag":[],"class_list":{"0":"post-623","1":"product","2":"type-product","3":"status-publish","4":"has-post-thumbnail","6":"product_brand-guo_ren_shi_ke","7":"product_cat-dried_fruits_and_preserves","9":"first","10":"instock","11":"shipping-taxable","12":"product-type-simple"},"yoast_head":"<!-- This site is optimized with the Yoast SEO Premium plugin v25.8 (Yoast SEO v25.8) - https:\/\/yoast.com\/wordpress\/plugins\/seo\/ -->\n<title>Dates Stuffed with Walnuts - Jiushidao - Global Food Marketplace for Business Growth and Cosumers<\/title>\n<meta name=\"robots\" content=\"index, follow, max-snippet:-1, max-image-preview:large, max-video-preview:-1\" \/>\n<link rel=\"canonical\" href=\"https:\/\/jiushidao.com\/vi\/san-pham\/dates-stuffed-with-walnuts\/\" \/>\n<meta property=\"og:locale\" content=\"vi_VN\" \/>\n<meta property=\"og:type\" content=\"article\" \/>\n<meta property=\"og:title\" content=\"Dates Stuffed with Walnuts\" \/>\n<meta property=\"og:description\" content=\"\u200bStuffed Red Dates with Walnuts: A Wholesome, Handcrafted Treat\u200b\u200b Made from premium Kashgar red dates and walnut kernels, each piece is carefully crafted by hand. The [\u2026]\" \/>\n<meta property=\"og:url\" content=\"https:\/\/jiushidao.com\/vi\/san-pham\/dates-stuffed-with-walnuts\/\" \/>\n<meta property=\"og:site_name\" content=\"Jiushidao - Global Food Marketplace for Business Growth and Cosumers\" \/>\n<meta property=\"article:modified_time\" content=\"2025-10-30T13:18:12+00:00\" \/>\n<meta property=\"og:image\" content=\"https:\/\/jiushidao.com\/wp-content\/uploads\/2025\/10\/13.png\" \/>\n\t<meta property=\"og:image:width\" content=\"1600\" \/>\n\t<meta property=\"og:image:height\" content=\"1600\" \/>\n\t<meta property=\"og:image:type\" content=\"image\/png\" \/>\n<meta name=\"twitter:card\" content=\"summary_large_image\" \/>\n<meta name=\"twitter:label1\" content=\"\u01af\u1edbc t\u00ednh th\u1eddi gian \u0111\u1ecdc\" \/>\n\t<meta name=\"twitter:data1\" content=\"1 ph\u00fat\" \/>\n<script type=\"application\/ld+json\" class=\"yoast-schema-graph\">{\"@context\":\"https:\/\/schema.org\",\"@graph\":[{\"@type\":\"WebPage\",\"@id\":\"https:\/\/jiushidao.com\/product\/dates-stuffed-with-walnuts\/\",\"url\":\"https:\/\/jiushidao.com\/product\/dates-stuffed-with-walnuts\/\",\"name\":\"Dates Stuffed with Walnuts - Jiushidao - Global Food Marketplace for Business Growth and Cosumers\",\"isPartOf\":{\"@id\":\"https:\/\/jiushidao.com\/#website\"},\"primaryImageOfPage\":{\"@id\":\"https:\/\/jiushidao.com\/product\/dates-stuffed-with-walnuts\/#primaryimage\"},\"image\":{\"@id\":\"https:\/\/jiushidao.com\/product\/dates-stuffed-with-walnuts\/#primaryimage\"},\"thumbnailUrl\":\"https:\/\/jiushidao.com\/wp-content\/uploads\/2025\/10\/13.png\",\"datePublished\":\"2025-10-29T08:08:46+00:00\",\"dateModified\":\"2025-10-30T13:18:12+00:00\",\"breadcrumb\":{\"@id\":\"https:\/\/jiushidao.com\/product\/dates-stuffed-with-walnuts\/#breadcrumb\"},\"inLanguage\":\"vi\",\"potentialAction\":[{\"@type\":\"ReadAction\",\"target\":[\"https:\/\/jiushidao.com\/product\/dates-stuffed-with-walnuts\/\"]}]},{\"@type\":\"ImageObject\",\"inLanguage\":\"vi\",\"@id\":\"https:\/\/jiushidao.com\/product\/dates-stuffed-with-walnuts\/#primaryimage\",\"url\":\"https:\/\/jiushidao.com\/wp-content\/uploads\/2025\/10\/13.png\",\"contentUrl\":\"https:\/\/jiushidao.com\/wp-content\/uploads\/2025\/10\/13.png\",\"width\":1600,\"height\":1600},{\"@type\":\"BreadcrumbList\",\"@id\":\"https:\/\/jiushidao.com\/product\/dates-stuffed-with-walnuts\/#breadcrumb\",\"itemListElement\":[{\"@type\":\"ListItem\",\"position\":1,\"name\":\"Home\",\"item\":\"https:\/\/jiushidao.com\/\"},{\"@type\":\"ListItem\",\"position\":2,\"name\":\"Store\",\"item\":\"https:\/\/jiushidao.com\/store\/\"},{\"@type\":\"ListItem\",\"position\":3,\"name\":\"Dates Stuffed with Walnuts\"}]},{\"@type\":\"WebSite\",\"@id\":\"https:\/\/jiushidao.com\/#website\",\"url\":\"https:\/\/jiushidao.com\/\",\"name\":\"Jiushidao - Global Food Marketplace for Business Growth and Cosumers\",\"description\":\"Jiushidao - Global Food Marketplace for Business Growth and Cosumers\",\"potentialAction\":[{\"@type\":\"SearchAction\",\"target\":{\"@type\":\"EntryPoint\",\"urlTemplate\":\"https:\/\/jiushidao.com\/?s={search_term_string}\"},\"query-input\":{\"@type\":\"PropertyValueSpecification\",\"valueRequired\":true,\"valueName\":\"search_term_string\"}}],\"inLanguage\":\"vi\"}]}<\/script>\n<!-- \/ Yoast SEO Premium plugin. -->","yoast_head_json":{"title":"Dates Stuffed with Walnuts - Jiushidao - Global Food Marketplace for Business Growth and Cosumers","robots":{"index":"index","follow":"follow","max-snippet":"max-snippet:-1","max-image-preview":"max-image-preview:large","max-video-preview":"max-video-preview:-1"},"canonical":"https:\/\/jiushidao.com\/vi\/san-pham\/dates-stuffed-with-walnuts\/","og_locale":"vi_VN","og_type":"article","og_title":"Dates Stuffed with Walnuts","og_description":"\u200bStuffed Red Dates with Walnuts: A Wholesome, Handcrafted Treat\u200b\u200b Made from premium Kashgar red dates and walnut kernels, each piece is carefully crafted by hand. The [\u2026]","og_url":"https:\/\/jiushidao.com\/vi\/san-pham\/dates-stuffed-with-walnuts\/","og_site_name":"Jiushidao - Global Food Marketplace for Business Growth and Cosumers","article_modified_time":"2025-10-30T13:18:12+00:00","og_image":[{"width":1600,"height":1600,"url":"https:\/\/jiushidao.com\/wp-content\/uploads\/2025\/10\/13.png","type":"image\/png"}],"twitter_card":"summary_large_image","twitter_misc":{"\u01af\u1edbc t\u00ednh th\u1eddi gian \u0111\u1ecdc":"1 ph\u00fat"},"schema":{"@context":"https:\/\/schema.org","@graph":[{"@type":"WebPage","@id":"https:\/\/jiushidao.com\/product\/dates-stuffed-with-walnuts\/","url":"https:\/\/jiushidao.com\/product\/dates-stuffed-with-walnuts\/","name":"Dates Stuffed with Walnuts - Jiushidao - Global Food Marketplace for Business Growth and Cosumers","isPartOf":{"@id":"https:\/\/jiushidao.com\/#website"},"primaryImageOfPage":{"@id":"https:\/\/jiushidao.com\/product\/dates-stuffed-with-walnuts\/#primaryimage"},"image":{"@id":"https:\/\/jiushidao.com\/product\/dates-stuffed-with-walnuts\/#primaryimage"},"thumbnailUrl":"https:\/\/jiushidao.com\/wp-content\/uploads\/2025\/10\/13.png","datePublished":"2025-10-29T08:08:46+00:00","dateModified":"2025-10-30T13:18:12+00:00","breadcrumb":{"@id":"https:\/\/jiushidao.com\/product\/dates-stuffed-with-walnuts\/#breadcrumb"},"inLanguage":"vi","potentialAction":[{"@type":"ReadAction","target":["https:\/\/jiushidao.com\/product\/dates-stuffed-with-walnuts\/"]}]},{"@type":"ImageObject","inLanguage":"vi","@id":"https:\/\/jiushidao.com\/product\/dates-stuffed-with-walnuts\/#primaryimage","url":"https:\/\/jiushidao.com\/wp-content\/uploads\/2025\/10\/13.png","contentUrl":"https:\/\/jiushidao.com\/wp-content\/uploads\/2025\/10\/13.png","width":1600,"height":1600},{"@type":"BreadcrumbList","@id":"https:\/\/jiushidao.com\/product\/dates-stuffed-with-walnuts\/#breadcrumb","itemListElement":[{"@type":"ListItem","position":1,"name":"Home","item":"https:\/\/jiushidao.com\/"},{"@type":"ListItem","position":2,"name":"Store","item":"https:\/\/jiushidao.com\/store\/"},{"@type":"ListItem","position":3,"name":"Dates Stuffed with Walnuts"}]},{"@type":"WebSite","@id":"https:\/\/jiushidao.com\/#website","url":"https:\/\/jiushidao.com\/","name":"Jiushidao - Global Food Marketplace for Business Growth and Cosumers","description":"Jiushidao - Global Food Marketplace for Business Growth and Cosumers","potentialAction":[{"@type":"SearchAction","target":{"@type":"EntryPoint","urlTemplate":"https:\/\/jiushidao.com\/?s={search_term_string}"},"query-input":{"@type":"PropertyValueSpecification","valueRequired":true,"valueName":"search_term_string"}}],"inLanguage":"vi"}]}},"_links":{"self":[{"href":"https:\/\/jiushidao.com\/vi\/wp-json\/wp\/v2\/product\/623","targetHints":{"allow":["GET"]}}],"collection":[{"href":"https:\/\/jiushidao.com\/vi\/wp-json\/wp\/v2\/product"}],"about":[{"href":"https:\/\/jiushidao.com\/vi\/wp-json\/wp\/v2\/types\/product"}],"replies":[{"embeddable":true,"href":"https:\/\/jiushidao.com\/vi\/wp-json\/wp\/v2\/comments?post=623"}],"version-history":[{"count":3,"href":"https:\/\/jiushidao.com\/vi\/wp-json\/wp\/v2\/product\/623\/revisions"}],"predecessor-version":[{"id":779,"href":"https:\/\/jiushidao.com\/vi\/wp-json\/wp\/v2\/product\/623\/revisions\/779"}],"wp:featuredmedia":[{"embeddable":true,"href":"https:\/\/jiushidao.com\/vi\/wp-json\/wp\/v2\/media\/624"}],"wp:attachment":[{"href":"https:\/\/jiushidao.com\/vi\/wp-json\/wp\/v2\/media?parent=623"}],"wp:term":[{"taxonomy":"product_brand","embeddable":true,"href":"https:\/\/jiushidao.com\/vi\/wp-json\/wp\/v2\/product_brand?post=623"},{"taxonomy":"product_cat","embeddable":true,"href":"https:\/\/jiushidao.com\/vi\/wp-json\/wp\/v2\/product_cat?post=623"},{"taxonomy":"product_tag","embeddable":true,"href":"https:\/\/jiushidao.com\/vi\/wp-json\/wp\/v2\/product_tag?post=623"}],"curies":[{"name":"wp","href":"https:\/\/api.w.org\/{rel}","templated":true}]}}