{"id":620,"date":"2025-10-29T08:07:06","date_gmt":"2025-10-29T08:07:06","guid":{"rendered":"https:\/\/jiushidao.com\/?post_type=product&#038;p=620"},"modified":"2025-10-30T13:26:55","modified_gmt":"2025-10-30T13:26:55","slug":"five-spice-badam","status":"publish","type":"product","link":"https:\/\/jiushidao.com\/vi\/san-pham\/five-spice-badam\/","title":{"rendered":"Ng\u0169 v\u1ecb h\u01b0\u01a1ng Badam"},"content":{"rendered":"<section class=\"ybc-p\"><strong>H\u1ea1nh nh\u00e2n T\u00e2n C\u01b0\u01a1ng: Ng\u00f4i sao gi\u1eefa c\u00e1c lo\u1ea1i h\u1ea1t<\/strong>\u200b<\/section>\n<section class=\"ybc-p\">\u0110\u1ebfn t\u1eeb nh\u1eefng v\u01b0\u1eddn c\u00e2y \u0103n tr\u00e1i ng\u1eadp tr\u00e0n \u00e1nh n\u1eafng c\u1ee7a T\u00e2n C\u01b0\u01a1ng, nh\u1eefng qu\u1ea3 h\u1ea1nh nh\u00e2n n\u00e0y \u0111\u01b0\u1ee3c h\u01b0\u1edfng l\u1ee3i t\u1eeb \u00e1nh n\u1eafng gay g\u1eaft v\u00e0 s\u1ef1 thay \u0111\u1ed5i nhi\u1ec7t \u0111\u1ed9 \u0111\u1ed9t ng\u1ed9t gi\u1eefa ng\u00e0y v\u00e0 \u0111\u00eam, t\u1ea1o n\u00ean h\u01b0\u01a1ng v\u1ecb \u0111\u1eadm \u0111\u00e0 \u0111\u1eb7c bi\u1ec7t v\u00e0 \u0111\u1ed9 gi\u00f2n tan th\u1ecfa m\u00e3n. M\u1ed7i h\u1ea1t \u0111\u1ec1u c\u0103ng m\u1ecdng v\u00e0 ch\u1eafc th\u1ecbt - h\u00e3y c\u1eafn v\u00e0o l\u1edbp v\u1ecf gi\u00f2n tan \u0111\u1ec3 c\u1ea3m nh\u1eadn h\u01b0\u01a1ng th\u01a1m b\u00e9o ng\u1eady s\u00e2u l\u1eafng c\u00f9ng d\u01b0 v\u1ecb ng\u1ecdt ng\u00e0o k\u00e9o d\u00e0i.<\/section>\n<section class=\"ybc-p\">Gi\u00e0u axit b\u00e9o kh\u00f4ng b\u00e3o h\u00f2a, protein v\u00e0 vitamin E, h\u1ea1nh nh\u00e2n l\u00e0 m\u1ed9t m\u00f3n \u0103n nh\u1eb9 gi\u00e0u dinh d\u01b0\u1ee1ng, h\u1ed7 tr\u1ee3 s\u1ee9c kh\u1ecfe tim m\u1ea1ch v\u00e0 s\u1ee9c kh\u1ecfe t\u1ed5ng th\u1ec3. B\u1ea1n c\u00f3 th\u1ec3 th\u01b0\u1edfng th\u1ee9c ri\u00eang, th\u00eam v\u00e0o c\u00e1c m\u00f3n m\u1eb7n ho\u1eb7c d\u00f9ng trong l\u00e0m b\u00e1nh \u0111\u1ec3 t\u0103ng c\u01b0\u1eddng h\u01b0\u01a1ng v\u1ecb v\u00e0 dinh d\u01b0\u1ee1ng t\u1ef1 nhi\u00ean.<\/section>\n<section class=\"ybc-p\">\u200b<strong>C\u00e1c t\u00ednh n\u0103ng ch\u00ednh:<\/strong>\u200b<\/section>\n<ul class=\"ybc-ul-component\">\n<li class=\"ybc-li-component ybc-li-component_ul\">\n<section class=\"ybc-p\">\u200b<strong>\u0110i\u1ec1u ki\u1ec7n tr\u1ed3ng l\u00fd t\u01b0\u1edfng:<\/strong>\u0110\u01b0\u1ee3c nu\u00f4i d\u01b0\u1ee1ng d\u01b0\u1edbi \u00e1nh n\u1eafng m\u1eb7t tr\u1eddi d\u1ed3i d\u00e0o v\u00e0 ph\u1ea1m vi nhi\u1ec7t \u0111\u1ed9 r\u1ed9ng c\u1ee7a T\u00e2n C\u01b0\u01a1ng.<\/section>\n<\/li>\n<li class=\"ybc-li-component ybc-li-component_ul\">\n<section class=\"ybc-p\">\u200b<strong>K\u1ebft c\u1ea5u phong ph\u00fa v\u00e0 gi\u00f2n:<\/strong>\u200b H\u1ea1t to, ch\u1eafc v\u00e0 c\u00f3 h\u01b0\u01a1ng th\u01a1m.<\/section>\n<\/li>\n<li class=\"ybc-li-component ybc-li-component_ul\">\n<section class=\"ybc-p\">\u200b<strong>Gi\u00e0u dinh d\u01b0\u1ee1ng:<\/strong>Gi\u00e0u ch\u1ea5t b\u00e9o kh\u00f4ng b\u00e3o h\u00f2a, protein th\u1ef1c v\u1eadt v\u00e0 vitamin E.<\/section>\n<\/li>\n<li class=\"ybc-li-component ybc-li-component_ul\">\n<section class=\"ybc-p\">\u200b<strong>\u200bS\u1eed d\u1ee5ng \u0111a n\u0103ng:\u200b<\/strong>Ho\u00e0n h\u1ea3o \u0111\u1ec3 \u0103n v\u1eb7t, n\u1ea5u \u0103n ho\u1eb7c n\u01b0\u1edbng b\u00e1nh.<\/section>\n<\/li>\n<\/ul>","protected":false},"excerpt":{"rendered":"<p>H\u1ea1nh nh\u00e2n T\u00e2n C\u01b0\u01a1ng: Ng\u00f4i sao gi\u1eefa c\u00e1c lo\u1ea1i h\u1ea1t\u200b\u200b C\u00f3 ngu\u1ed3n g\u1ed1c t\u1eeb nh\u1eefng v\u01b0\u1eddn c\u00e2y \u0103n qu\u1ea3 ng\u1eadp tr\u00e0n \u00e1nh n\u1eafng m\u1eb7t tr\u1eddi \u1edf T\u00e2n C\u01b0\u01a1ng, nh\u1eefng qu\u1ea3 h\u1ea1nh nh\u00e2n n\u00e0y \u0111\u01b0\u1ee3c h\u01b0\u1edfng l\u1ee3i t\u1eeb \u00e1nh s\u00e1ng m\u1eb7t tr\u1eddi gay g\u1eaft v\u00e0 s\u1ef1 thay \u0111\u1ed5i nhi\u1ec7t \u0111\u1ed9 \u0111\u1ed9t ng\u1ed9t gi\u1eefa ng\u00e0y v\u00e0 \u0111\u00eam, ph\u00e1t tri\u1ec3n m\u1ed9t<span class=\"excerpt-hellip\"> [\u2026]<\/span><\/p>","protected":false},"featured_media":621,"comment_status":"open","ping_status":"closed","template":"","meta":[],"product_brand":[52],"product_cat":[51],"product_tag":[],"class_list":{"0":"post-620","1":"product","2":"type-product","3":"status-publish","4":"has-post-thumbnail","6":"product_brand-guo_ren_shi_ke","7":"product_cat-dried_fruits_and_preserves","9":"first","10":"instock","11":"shipping-taxable","12":"product-type-simple"},"yoast_head":"<!-- This site is optimized with the Yoast SEO Premium plugin v25.8 (Yoast SEO v25.8) - https:\/\/yoast.com\/wordpress\/plugins\/seo\/ -->\n<title>Five-Spice Badam - Jiushidao - Global Food Marketplace for Business Growth and Cosumers<\/title>\n<meta name=\"robots\" content=\"index, follow, max-snippet:-1, max-image-preview:large, max-video-preview:-1\" \/>\n<link rel=\"canonical\" href=\"https:\/\/jiushidao.com\/vi\/san-pham\/five-spice-badam\/\" \/>\n<meta property=\"og:locale\" content=\"vi_VN\" \/>\n<meta property=\"og:type\" content=\"article\" \/>\n<meta property=\"og:title\" content=\"Five-Spice Badam\" \/>\n<meta property=\"og:description\" content=\"Xinjiang Almonds: A Star Among Nuts\u200b\u200b Hailing from the sun-drenched orchards of Xinjiang, these almonds benefit from intense sunlight and dramatic day-night temperature swings, developing an [\u2026]\" \/>\n<meta property=\"og:url\" content=\"https:\/\/jiushidao.com\/vi\/san-pham\/five-spice-badam\/\" \/>\n<meta property=\"og:site_name\" content=\"Jiushidao - Global Food Marketplace for Business Growth and Cosumers\" \/>\n<meta property=\"article:modified_time\" content=\"2025-10-30T13:26:55+00:00\" \/>\n<meta property=\"og:image\" content=\"https:\/\/jiushidao.com\/wp-content\/uploads\/2025\/10\/12-1200x1200.png\" \/>\n\t<meta property=\"og:image:width\" content=\"1200\" \/>\n\t<meta property=\"og:image:height\" content=\"1200\" \/>\n\t<meta property=\"og:image:type\" content=\"image\/png\" \/>\n<meta name=\"twitter:card\" content=\"summary_large_image\" \/>\n<meta name=\"twitter:label1\" content=\"\u01af\u1edbc t\u00ednh th\u1eddi gian \u0111\u1ecdc\" \/>\n\t<meta name=\"twitter:data1\" content=\"1 ph\u00fat\" \/>\n<script type=\"application\/ld+json\" class=\"yoast-schema-graph\">{\"@context\":\"https:\/\/schema.org\",\"@graph\":[{\"@type\":\"WebPage\",\"@id\":\"https:\/\/jiushidao.com\/product\/five-spice-badam\/\",\"url\":\"https:\/\/jiushidao.com\/product\/five-spice-badam\/\",\"name\":\"Five-Spice Badam - Jiushidao - Global Food Marketplace for Business Growth and Cosumers\",\"isPartOf\":{\"@id\":\"https:\/\/jiushidao.com\/#website\"},\"primaryImageOfPage\":{\"@id\":\"https:\/\/jiushidao.com\/product\/five-spice-badam\/#primaryimage\"},\"image\":{\"@id\":\"https:\/\/jiushidao.com\/product\/five-spice-badam\/#primaryimage\"},\"thumbnailUrl\":\"https:\/\/jiushidao.com\/wp-content\/uploads\/2025\/10\/12.png\",\"datePublished\":\"2025-10-29T08:07:06+00:00\",\"dateModified\":\"2025-10-30T13:26:55+00:00\",\"breadcrumb\":{\"@id\":\"https:\/\/jiushidao.com\/product\/five-spice-badam\/#breadcrumb\"},\"inLanguage\":\"vi\",\"potentialAction\":[{\"@type\":\"ReadAction\",\"target\":[\"https:\/\/jiushidao.com\/product\/five-spice-badam\/\"]}]},{\"@type\":\"ImageObject\",\"inLanguage\":\"vi\",\"@id\":\"https:\/\/jiushidao.com\/product\/five-spice-badam\/#primaryimage\",\"url\":\"https:\/\/jiushidao.com\/wp-content\/uploads\/2025\/10\/12.png\",\"contentUrl\":\"https:\/\/jiushidao.com\/wp-content\/uploads\/2025\/10\/12.png\",\"width\":1600,\"height\":1600},{\"@type\":\"BreadcrumbList\",\"@id\":\"https:\/\/jiushidao.com\/product\/five-spice-badam\/#breadcrumb\",\"itemListElement\":[{\"@type\":\"ListItem\",\"position\":1,\"name\":\"Home\",\"item\":\"https:\/\/jiushidao.com\/\"},{\"@type\":\"ListItem\",\"position\":2,\"name\":\"Store\",\"item\":\"https:\/\/jiushidao.com\/store\/\"},{\"@type\":\"ListItem\",\"position\":3,\"name\":\"Five-Spice Badam\"}]},{\"@type\":\"WebSite\",\"@id\":\"https:\/\/jiushidao.com\/#website\",\"url\":\"https:\/\/jiushidao.com\/\",\"name\":\"Jiushidao - Global Food Marketplace for Business Growth and Cosumers\",\"description\":\"Jiushidao - Global Food Marketplace for Business Growth and Cosumers\",\"potentialAction\":[{\"@type\":\"SearchAction\",\"target\":{\"@type\":\"EntryPoint\",\"urlTemplate\":\"https:\/\/jiushidao.com\/?s={search_term_string}\"},\"query-input\":{\"@type\":\"PropertyValueSpecification\",\"valueRequired\":true,\"valueName\":\"search_term_string\"}}],\"inLanguage\":\"vi\"}]}<\/script>\n<!-- \/ Yoast SEO Premium plugin. -->","yoast_head_json":{"title":"Five-Spice Badam - Jiushidao - Global Food Marketplace for Business Growth and Cosumers","robots":{"index":"index","follow":"follow","max-snippet":"max-snippet:-1","max-image-preview":"max-image-preview:large","max-video-preview":"max-video-preview:-1"},"canonical":"https:\/\/jiushidao.com\/vi\/san-pham\/five-spice-badam\/","og_locale":"vi_VN","og_type":"article","og_title":"Five-Spice Badam","og_description":"Xinjiang Almonds: A Star Among Nuts\u200b\u200b Hailing from the sun-drenched orchards of Xinjiang, these almonds benefit from intense sunlight and dramatic day-night temperature swings, developing an [\u2026]","og_url":"https:\/\/jiushidao.com\/vi\/san-pham\/five-spice-badam\/","og_site_name":"Jiushidao - Global Food Marketplace for Business Growth and Cosumers","article_modified_time":"2025-10-30T13:26:55+00:00","og_image":[{"width":1200,"height":1200,"url":"https:\/\/jiushidao.com\/wp-content\/uploads\/2025\/10\/12-1200x1200.png","type":"image\/png"}],"twitter_card":"summary_large_image","twitter_misc":{"\u01af\u1edbc t\u00ednh th\u1eddi gian \u0111\u1ecdc":"1 ph\u00fat"},"schema":{"@context":"https:\/\/schema.org","@graph":[{"@type":"WebPage","@id":"https:\/\/jiushidao.com\/product\/five-spice-badam\/","url":"https:\/\/jiushidao.com\/product\/five-spice-badam\/","name":"Five-Spice Badam - Jiushidao - Global Food Marketplace for Business Growth and Cosumers","isPartOf":{"@id":"https:\/\/jiushidao.com\/#website"},"primaryImageOfPage":{"@id":"https:\/\/jiushidao.com\/product\/five-spice-badam\/#primaryimage"},"image":{"@id":"https:\/\/jiushidao.com\/product\/five-spice-badam\/#primaryimage"},"thumbnailUrl":"https:\/\/jiushidao.com\/wp-content\/uploads\/2025\/10\/12.png","datePublished":"2025-10-29T08:07:06+00:00","dateModified":"2025-10-30T13:26:55+00:00","breadcrumb":{"@id":"https:\/\/jiushidao.com\/product\/five-spice-badam\/#breadcrumb"},"inLanguage":"vi","potentialAction":[{"@type":"ReadAction","target":["https:\/\/jiushidao.com\/product\/five-spice-badam\/"]}]},{"@type":"ImageObject","inLanguage":"vi","@id":"https:\/\/jiushidao.com\/product\/five-spice-badam\/#primaryimage","url":"https:\/\/jiushidao.com\/wp-content\/uploads\/2025\/10\/12.png","contentUrl":"https:\/\/jiushidao.com\/wp-content\/uploads\/2025\/10\/12.png","width":1600,"height":1600},{"@type":"BreadcrumbList","@id":"https:\/\/jiushidao.com\/product\/five-spice-badam\/#breadcrumb","itemListElement":[{"@type":"ListItem","position":1,"name":"Home","item":"https:\/\/jiushidao.com\/"},{"@type":"ListItem","position":2,"name":"Store","item":"https:\/\/jiushidao.com\/store\/"},{"@type":"ListItem","position":3,"name":"Five-Spice Badam"}]},{"@type":"WebSite","@id":"https:\/\/jiushidao.com\/#website","url":"https:\/\/jiushidao.com\/","name":"Jiushidao - Global Food Marketplace for Business Growth and Cosumers","description":"Jiushidao - Global Food Marketplace for Business Growth and Cosumers","potentialAction":[{"@type":"SearchAction","target":{"@type":"EntryPoint","urlTemplate":"https:\/\/jiushidao.com\/?s={search_term_string}"},"query-input":{"@type":"PropertyValueSpecification","valueRequired":true,"valueName":"search_term_string"}}],"inLanguage":"vi"}]}},"_links":{"self":[{"href":"https:\/\/jiushidao.com\/vi\/wp-json\/wp\/v2\/product\/620","targetHints":{"allow":["GET"]}}],"collection":[{"href":"https:\/\/jiushidao.com\/vi\/wp-json\/wp\/v2\/product"}],"about":[{"href":"https:\/\/jiushidao.com\/vi\/wp-json\/wp\/v2\/types\/product"}],"replies":[{"embeddable":true,"href":"https:\/\/jiushidao.com\/vi\/wp-json\/wp\/v2\/comments?post=620"}],"version-history":[{"count":2,"href":"https:\/\/jiushidao.com\/vi\/wp-json\/wp\/v2\/product\/620\/revisions"}],"predecessor-version":[{"id":780,"href":"https:\/\/jiushidao.com\/vi\/wp-json\/wp\/v2\/product\/620\/revisions\/780"}],"wp:featuredmedia":[{"embeddable":true,"href":"https:\/\/jiushidao.com\/vi\/wp-json\/wp\/v2\/media\/621"}],"wp:attachment":[{"href":"https:\/\/jiushidao.com\/vi\/wp-json\/wp\/v2\/media?parent=620"}],"wp:term":[{"taxonomy":"product_brand","embeddable":true,"href":"https:\/\/jiushidao.com\/vi\/wp-json\/wp\/v2\/product_brand?post=620"},{"taxonomy":"product_cat","embeddable":true,"href":"https:\/\/jiushidao.com\/vi\/wp-json\/wp\/v2\/product_cat?post=620"},{"taxonomy":"product_tag","embeddable":true,"href":"https:\/\/jiushidao.com\/vi\/wp-json\/wp\/v2\/product_tag?post=620"}],"curies":[{"name":"wp","href":"https:\/\/api.w.org\/{rel}","templated":true}]}}