{"id":611,"date":"2025-10-29T08:01:20","date_gmt":"2025-10-29T08:01:20","guid":{"rendered":"https:\/\/jiushidao.com\/?post_type=product&#038;p=611"},"modified":"2025-10-30T15:18:44","modified_gmt":"2025-10-30T15:18:44","slug":"dried-mulberries","status":"publish","type":"product","link":"https:\/\/jiushidao.com\/vi\/san-pham\/dried-mulberries\/","title":{"rendered":"D\u00e2u t\u1eb1m kh\u00f4"},"content":{"rendered":"<section class=\"ybc-p\"><strong>D\u00e2u t\u1eb1m nguy\u00ean ch\u1ea5t: Kho b\u00e1u ng\u1ecdt ng\u00e0o c\u1ee7a thi\u00ean nhi\u00ean<\/strong>\u200b<\/section>\n<section class=\"ybc-p\">\u0110\u01b0\u1ee3c thu ho\u1ea1ch t\u1eeb nh\u1eefng c\u00e2y d\u00e2u t\u1eb1m 10 n\u0103m tu\u1ed5i tr\u1edf l\u00ean, nh\u1eefng qu\u1ea3 d\u00e2u t\u1eb1m th\u01a1m ngon n\u00e0y \u0111\u01b0\u1ee3c h\u00e1i c\u1ea9n th\u1eadn b\u1eb1ng tay v\u00e0 s\u1ea5y kh\u00f4 \u1edf nhi\u1ec7t \u0111\u1ed9 th\u1ea5p \u0111\u1ec3 gi\u1eef nguy\u00ean h\u01b0\u01a1ng v\u1ecb v\u00e0 d\u01b0\u1ee1ng ch\u1ea5t t\u1ef1 nhi\u00ean. M\u1ed7i qu\u1ea3 m\u1ecdng n\u01b0\u1edbc, kh\u00f4ng h\u1ea1t, kh\u00f4ng c\u00e1t hay ph\u1ee5 gia - mang \u0111\u1ebfn h\u01b0\u01a1ng v\u1ecb thanh khi\u1ebft, chua ng\u1ecdt v\u1eeba s\u1ea3ng kho\u00e1i v\u1eeba b\u1ed5 d\u01b0\u1ee1ng.<\/section>\n<section class=\"ybc-p\">Gi\u00e0u vitamin, ch\u1ea5t ch\u1ed1ng oxy h\u00f3a v\u00e0 ch\u1ea5t x\u01a1, d\u00e2u t\u1eb1m l\u00e0 m\u00f3n \u0103n v\u1eb7t th\u01a1m ngon v\u00e0 b\u1ed5 d\u01b0\u1ee1ng cho m\u1ecdi th\u1eddi \u0111i\u1ec3m trong ng\u00e0y. H\u00e3y th\u01b0\u1edfng th\u1ee9c ri\u00eang, th\u00eam v\u00e0o ng\u0169 c\u1ed1c, s\u1eefa chua ho\u1eb7c c\u00e1c m\u00f3n n\u01b0\u1edbng, v\u00e0 c\u1ea3m nh\u1eadn h\u01b0\u01a1ng v\u1ecb tinh khi\u1ebft c\u1ee7a thi\u00ean nhi\u00ean.<\/section>\n<section class=\"ybc-p\">\u200b<strong>C\u00e1c t\u00ednh n\u0103ng ch\u00ednh:<\/strong>\u200b<\/section>\n<ul class=\"ybc-ul-component\">\n<li class=\"ybc-li-component ybc-li-component_ul\">\n<section class=\"ybc-p\">\u200b<strong>\u0110\u01b0\u1ee3c tr\u1ed3ng t\u1ef1 nhi\u00ean v\u00e0 kh\u00f4ng c\u00f3 ch\u1ea5t ph\u1ee5 gia:<\/strong>Kh\u00f4ng c\u00f3 ch\u1ea5t t\u1ea1o m\u00e0u, ch\u1ea5t b\u1ea3o qu\u1ea3n ho\u1eb7c \u0111\u01b0\u1eddng b\u1ed5 sung.<\/section>\n<\/li>\n<li class=\"ybc-li-component ybc-li-component_ul\">\n<section class=\"ybc-p\">\u200b<strong>Ch\u1ea5t l\u01b0\u1ee3ng c\u00e2y gi\u00e0:<\/strong>\u0110\u01b0\u1ee3c thu ho\u1ea1ch t\u1eeb nh\u1eefng c\u00e2y l\u00e2u n\u0103m \u0111\u1ec3 c\u00f3 h\u01b0\u01a1ng v\u1ecb v\u00e0 k\u1ebft c\u1ea5u phong ph\u00fa h\u01a1n.<\/section>\n<\/li>\n<li class=\"ybc-li-component ybc-li-component_ul\">\n<section class=\"ybc-p\">\u200b<strong>S\u1ea5y \u1edf nhi\u1ec7t \u0111\u1ed9 th\u1ea5p:<\/strong>\u0110\u01b0\u1ee3c ch\u1ebf bi\u1ebfn nh\u1eb9 nh\u00e0ng \u0111\u1ec3 gi\u1eef l\u1ea1i ch\u1ea5t dinh d\u01b0\u1ee1ng v\u00e0 \u0111\u1ed9 dai m\u1ec1m.<\/section>\n<\/li>\n<li class=\"ybc-li-component ybc-li-component_ul\">\n<section class=\"ybc-p\">\u200b<strong>C\u00e2n b\u1eb1ng ng\u1ecdt-chua:<\/strong>H\u01b0\u01a1ng v\u1ecb t\u01b0\u01a1i m\u00e1t v\u1edbi h\u01b0\u01a1ng tr\u00e1i c\u00e2y n\u1ed3ng n\u00e0n.<\/section>\n<\/li>\n<li class=\"ybc-li-component ybc-li-component_ul\">\n<section class=\"ybc-p\">\u200b<strong>S\u1eed d\u1ee5ng \u0111a n\u0103ng:<\/strong>Ho\u00e0n h\u1ea3o \u0111\u1ec3 \u0103n v\u1eb7t, n\u01b0\u1edbng ho\u1eb7c \u0103n k\u00e8m v\u1edbi y\u1ebfn m\u1ea1ch v\u00e0 salad.<\/section>\n<\/li>\n<\/ul>","protected":false},"excerpt":{"rendered":"<p>D\u00e2u t\u1eb1m nguy\u00ean ch\u1ea5t: Kho b\u00e1u ng\u1ecdt-chua c\u1ee7a thi\u00ean nhi\u00ean \u0110\u01b0\u1ee3c thu ho\u1ea1ch t\u1eeb nh\u1eefng c\u00e2y d\u00e2u t\u1eb1m t\u1eeb 10 n\u0103m tu\u1ed5i tr\u1edf l\u00ean, nh\u1eefng qu\u1ea3 m\u1ecdng c\u00f3 h\u01b0\u01a1ng v\u1ecb \u0111\u1eadm \u0111\u00e0 n\u00e0y \u0111\u01b0\u1ee3c h\u00e1i c\u1ea9n th\u1eadn b\u1eb1ng tay v\u00e0 s\u1ea5y kh\u00f4 t\u1ea1i<span class=\"excerpt-hellip\"> [\u2026]<\/span><\/p>","protected":false},"featured_media":612,"comment_status":"open","ping_status":"closed","template":"","meta":[],"product_brand":[52],"product_cat":[51],"product_tag":[],"class_list":{"0":"post-611","1":"product","2":"type-product","3":"status-publish","4":"has-post-thumbnail","6":"product_brand-guo_ren_shi_ke","7":"product_cat-dried_fruits_and_preserves","9":"first","10":"instock","11":"shipping-taxable","12":"product-type-simple"},"yoast_head":"<!-- This site is optimized with the Yoast SEO Premium plugin v25.8 (Yoast SEO v25.8) - https:\/\/yoast.com\/wordpress\/plugins\/seo\/ -->\n<title>Dried Mulberries - Jiushidao - Global Food Marketplace for Business Growth and Cosumers<\/title>\n<meta name=\"robots\" content=\"index, follow, max-snippet:-1, max-image-preview:large, max-video-preview:-1\" \/>\n<link rel=\"canonical\" href=\"https:\/\/jiushidao.com\/vi\/san-pham\/dried-mulberries\/\" \/>\n<meta property=\"og:locale\" content=\"vi_VN\" \/>\n<meta property=\"og:type\" content=\"article\" \/>\n<meta property=\"og:title\" content=\"Dried Mulberries\" \/>\n<meta property=\"og:description\" content=\"Pure Mulberries: Nature&#8217;s Sweet-Tart Treasure\u200b\u200b Harvested from mulberry trees aged 10 years or older, these deeply flavorful berries are carefully picked by hand and dried at [\u2026]\" \/>\n<meta property=\"og:url\" content=\"https:\/\/jiushidao.com\/vi\/san-pham\/dried-mulberries\/\" \/>\n<meta property=\"og:site_name\" content=\"Jiushidao - Global Food Marketplace for Business Growth and Cosumers\" \/>\n<meta property=\"article:modified_time\" content=\"2025-10-30T15:18:44+00:00\" \/>\n<meta property=\"og:image\" content=\"https:\/\/jiushidao.com\/wp-content\/uploads\/2025\/10\/9.png\" \/>\n\t<meta property=\"og:image:width\" content=\"588\" \/>\n\t<meta property=\"og:image:height\" content=\"669\" \/>\n\t<meta property=\"og:image:type\" content=\"image\/png\" \/>\n<meta name=\"twitter:card\" content=\"summary_large_image\" \/>\n<meta name=\"twitter:label1\" content=\"\u01af\u1edbc t\u00ednh th\u1eddi gian \u0111\u1ecdc\" \/>\n\t<meta name=\"twitter:data1\" content=\"1 ph\u00fat\" \/>\n<script type=\"application\/ld+json\" class=\"yoast-schema-graph\">{\"@context\":\"https:\/\/schema.org\",\"@graph\":[{\"@type\":\"WebPage\",\"@id\":\"https:\/\/jiushidao.com\/product\/dried-mulberries\/\",\"url\":\"https:\/\/jiushidao.com\/product\/dried-mulberries\/\",\"name\":\"Dried Mulberries - Jiushidao - Global Food Marketplace for Business Growth and Cosumers\",\"isPartOf\":{\"@id\":\"https:\/\/jiushidao.com\/#website\"},\"primaryImageOfPage\":{\"@id\":\"https:\/\/jiushidao.com\/product\/dried-mulberries\/#primaryimage\"},\"image\":{\"@id\":\"https:\/\/jiushidao.com\/product\/dried-mulberries\/#primaryimage\"},\"thumbnailUrl\":\"https:\/\/jiushidao.com\/wp-content\/uploads\/2025\/10\/9.png\",\"datePublished\":\"2025-10-29T08:01:20+00:00\",\"dateModified\":\"2025-10-30T15:18:44+00:00\",\"breadcrumb\":{\"@id\":\"https:\/\/jiushidao.com\/product\/dried-mulberries\/#breadcrumb\"},\"inLanguage\":\"vi\",\"potentialAction\":[{\"@type\":\"ReadAction\",\"target\":[\"https:\/\/jiushidao.com\/product\/dried-mulberries\/\"]}]},{\"@type\":\"ImageObject\",\"inLanguage\":\"vi\",\"@id\":\"https:\/\/jiushidao.com\/product\/dried-mulberries\/#primaryimage\",\"url\":\"https:\/\/jiushidao.com\/wp-content\/uploads\/2025\/10\/9.png\",\"contentUrl\":\"https:\/\/jiushidao.com\/wp-content\/uploads\/2025\/10\/9.png\",\"width\":588,\"height\":669},{\"@type\":\"BreadcrumbList\",\"@id\":\"https:\/\/jiushidao.com\/product\/dried-mulberries\/#breadcrumb\",\"itemListElement\":[{\"@type\":\"ListItem\",\"position\":1,\"name\":\"Home\",\"item\":\"https:\/\/jiushidao.com\/\"},{\"@type\":\"ListItem\",\"position\":2,\"name\":\"Store\",\"item\":\"https:\/\/jiushidao.com\/store\/\"},{\"@type\":\"ListItem\",\"position\":3,\"name\":\"Dried Mulberries\"}]},{\"@type\":\"WebSite\",\"@id\":\"https:\/\/jiushidao.com\/#website\",\"url\":\"https:\/\/jiushidao.com\/\",\"name\":\"Jiushidao - Global Food Marketplace for Business Growth and Cosumers\",\"description\":\"Jiushidao - Global Food Marketplace for Business Growth and Cosumers\",\"potentialAction\":[{\"@type\":\"SearchAction\",\"target\":{\"@type\":\"EntryPoint\",\"urlTemplate\":\"https:\/\/jiushidao.com\/?s={search_term_string}\"},\"query-input\":{\"@type\":\"PropertyValueSpecification\",\"valueRequired\":true,\"valueName\":\"search_term_string\"}}],\"inLanguage\":\"vi\"}]}<\/script>\n<!-- \/ Yoast SEO Premium plugin. -->","yoast_head_json":{"title":"Dried Mulberries - Jiushidao - Global Food Marketplace for Business Growth and Cosumers","robots":{"index":"index","follow":"follow","max-snippet":"max-snippet:-1","max-image-preview":"max-image-preview:large","max-video-preview":"max-video-preview:-1"},"canonical":"https:\/\/jiushidao.com\/vi\/san-pham\/dried-mulberries\/","og_locale":"vi_VN","og_type":"article","og_title":"Dried Mulberries","og_description":"Pure Mulberries: Nature&#8217;s Sweet-Tart Treasure\u200b\u200b Harvested from mulberry trees aged 10 years or older, these deeply flavorful berries are carefully picked by hand and dried at [\u2026]","og_url":"https:\/\/jiushidao.com\/vi\/san-pham\/dried-mulberries\/","og_site_name":"Jiushidao - Global Food Marketplace for Business Growth and Cosumers","article_modified_time":"2025-10-30T15:18:44+00:00","og_image":[{"width":588,"height":669,"url":"https:\/\/jiushidao.com\/wp-content\/uploads\/2025\/10\/9.png","type":"image\/png"}],"twitter_card":"summary_large_image","twitter_misc":{"\u01af\u1edbc t\u00ednh th\u1eddi gian \u0111\u1ecdc":"1 ph\u00fat"},"schema":{"@context":"https:\/\/schema.org","@graph":[{"@type":"WebPage","@id":"https:\/\/jiushidao.com\/product\/dried-mulberries\/","url":"https:\/\/jiushidao.com\/product\/dried-mulberries\/","name":"Dried Mulberries - Jiushidao - Global Food Marketplace for Business Growth and Cosumers","isPartOf":{"@id":"https:\/\/jiushidao.com\/#website"},"primaryImageOfPage":{"@id":"https:\/\/jiushidao.com\/product\/dried-mulberries\/#primaryimage"},"image":{"@id":"https:\/\/jiushidao.com\/product\/dried-mulberries\/#primaryimage"},"thumbnailUrl":"https:\/\/jiushidao.com\/wp-content\/uploads\/2025\/10\/9.png","datePublished":"2025-10-29T08:01:20+00:00","dateModified":"2025-10-30T15:18:44+00:00","breadcrumb":{"@id":"https:\/\/jiushidao.com\/product\/dried-mulberries\/#breadcrumb"},"inLanguage":"vi","potentialAction":[{"@type":"ReadAction","target":["https:\/\/jiushidao.com\/product\/dried-mulberries\/"]}]},{"@type":"ImageObject","inLanguage":"vi","@id":"https:\/\/jiushidao.com\/product\/dried-mulberries\/#primaryimage","url":"https:\/\/jiushidao.com\/wp-content\/uploads\/2025\/10\/9.png","contentUrl":"https:\/\/jiushidao.com\/wp-content\/uploads\/2025\/10\/9.png","width":588,"height":669},{"@type":"BreadcrumbList","@id":"https:\/\/jiushidao.com\/product\/dried-mulberries\/#breadcrumb","itemListElement":[{"@type":"ListItem","position":1,"name":"Home","item":"https:\/\/jiushidao.com\/"},{"@type":"ListItem","position":2,"name":"Store","item":"https:\/\/jiushidao.com\/store\/"},{"@type":"ListItem","position":3,"name":"Dried Mulberries"}]},{"@type":"WebSite","@id":"https:\/\/jiushidao.com\/#website","url":"https:\/\/jiushidao.com\/","name":"Jiushidao - Global Food Marketplace for Business Growth and Cosumers","description":"Jiushidao - Global Food Marketplace for Business Growth and Cosumers","potentialAction":[{"@type":"SearchAction","target":{"@type":"EntryPoint","urlTemplate":"https:\/\/jiushidao.com\/?s={search_term_string}"},"query-input":{"@type":"PropertyValueSpecification","valueRequired":true,"valueName":"search_term_string"}}],"inLanguage":"vi"}]}},"_links":{"self":[{"href":"https:\/\/jiushidao.com\/vi\/wp-json\/wp\/v2\/product\/611","targetHints":{"allow":["GET"]}}],"collection":[{"href":"https:\/\/jiushidao.com\/vi\/wp-json\/wp\/v2\/product"}],"about":[{"href":"https:\/\/jiushidao.com\/vi\/wp-json\/wp\/v2\/types\/product"}],"replies":[{"embeddable":true,"href":"https:\/\/jiushidao.com\/vi\/wp-json\/wp\/v2\/comments?post=611"}],"version-history":[{"count":3,"href":"https:\/\/jiushidao.com\/vi\/wp-json\/wp\/v2\/product\/611\/revisions"}],"predecessor-version":[{"id":785,"href":"https:\/\/jiushidao.com\/vi\/wp-json\/wp\/v2\/product\/611\/revisions\/785"}],"wp:featuredmedia":[{"embeddable":true,"href":"https:\/\/jiushidao.com\/vi\/wp-json\/wp\/v2\/media\/612"}],"wp:attachment":[{"href":"https:\/\/jiushidao.com\/vi\/wp-json\/wp\/v2\/media?parent=611"}],"wp:term":[{"taxonomy":"product_brand","embeddable":true,"href":"https:\/\/jiushidao.com\/vi\/wp-json\/wp\/v2\/product_brand?post=611"},{"taxonomy":"product_cat","embeddable":true,"href":"https:\/\/jiushidao.com\/vi\/wp-json\/wp\/v2\/product_cat?post=611"},{"taxonomy":"product_tag","embeddable":true,"href":"https:\/\/jiushidao.com\/vi\/wp-json\/wp\/v2\/product_tag?post=611"}],"curies":[{"name":"wp","href":"https:\/\/api.w.org\/{rel}","templated":true}]}}