{"id":608,"date":"2025-10-29T07:59:30","date_gmt":"2025-10-29T07:59:30","guid":{"rendered":"https:\/\/jiushidao.com\/?post_type=product&#038;p=608"},"modified":"2025-10-30T15:23:10","modified_gmt":"2025-10-30T15:23:10","slug":"black-currant-raisins","status":"publish","type":"product","link":"https:\/\/jiushidao.com\/vi\/san-pham\/black-currant-raisins\/","title":{"rendered":"Nho kh\u00f4 l\u00fd chua \u0111en"},"content":{"rendered":"<section class=\"ybc-p\"><strong>Nho kh\u00f4 l\u00fd chua \u0111en Kashgar: V\u1ecb ng\u1ecdt tinh khi\u1ebft nh\u1ea5t<\/strong>\u200b<\/section>\n<section class=\"ybc-p\">\u0110\u01b0\u1ee3c l\u1ea5y t\u1eeb nh\u1eefng v\u01b0\u1eddn nho ng\u1eadp tr\u00e0n \u00e1nh n\u1eafng \u1edf Kashgar, T\u00e2n C\u01b0\u01a1ng, nh\u1eefng qu\u1ea3 nho kh\u00f4 \u0111en b\u00f3ng t\u1ef1a nh\u01b0 ng\u1ecdc n\u00e0y tr\u1ea3i qua qu\u00e1 tr\u00ecnh tuy\u1ec3n ch\u1ecdn nghi\u00eam ng\u1eb7t \u2013 \u0111\u1ea7u ti\u00ean b\u1eb1ng m\u00e1y, sau \u0111\u00f3 b\u1eb1ng tay \u2013 \u0111\u1ec3 \u0111\u1ea3m b\u1ea3o t\u1eebng mi\u1ebfng nho \u0111\u1ec1u c\u0103ng m\u1ecdng, b\u00f3ng m\u01b0\u1ee3t v\u00e0 tr\u00e0n \u0111\u1ea7y h\u01b0\u01a1ng v\u1ecb t\u1ef1 nhi\u00ean. V\u1ecb ng\u1ecdt \u0111\u1eadm \u0111\u00e0 c\u1ee7a qu\u1ea3 m\u1ecdng \u0111\u01b0\u1ee3c c\u00e2n b\u1eb1ng b\u1edfi v\u1ecb chua nh\u1eb9 nh\u00e0ng, t\u1ea1o n\u00ean tr\u1ea3i nghi\u1ec7m h\u01b0\u01a1ng v\u1ecb phong ph\u00fa nh\u01b0ng s\u1ea3ng kho\u00e1i m\u00e0 kh\u00f4ng h\u1ec1 g\u00e2y ng\u00e1n.<\/section>\n<section class=\"ybc-p\">\u200b<strong>Kho b\u00e1u n\u0103ng l\u01b0\u1ee3ng c\u1ee7a thi\u00ean nhi\u00ean<\/strong>\u200b<\/section>\n<ul class=\"ybc-ul-component\">\n<li class=\"ybc-li-component ybc-li-component_ul\">\n<section class=\"ybc-p\">Gi\u00e0u ch\u1ea5t ch\u1ed1ng oxy h\u00f3a, s\u1eaft v\u00e0 ch\u1ea5t x\u01a1<\/section>\n<\/li>\n<li class=\"ybc-li-component ybc-li-component_ul\">\n<section class=\"ybc-p\">Kh\u00f4ng th\u00eam \u0111\u01b0\u1eddng ho\u1eb7c ch\u1ea5t b\u1ea3o qu\u1ea3n\u2014ch\u1ec9 c\u00f3 h\u01b0\u01a1ng v\u1ecb tr\u00e1i c\u00e2y nguy\u00ean ch\u1ea5t<\/section>\n<\/li>\n<li class=\"ybc-li-component ybc-li-component_ul\">\n<section class=\"ybc-p\">Ho\u00e0n h\u1ea3o \u0111\u1ec3 \u0103n v\u1eb7t, n\u01b0\u1edbng b\u00e1nh ho\u1eb7c th\u00eam v\u00e0o h\u1ed7n h\u1ee3p c\u00e1c lo\u1ea1i h\u1ea1t<\/section>\n<\/li>\n<\/ul>\n<section class=\"ybc-p\">\u200b<strong>\u0110a n\u0103ng &amp; L\u00e0nh m\u1ea1nh<\/strong>\u200b<\/section>\n<section class=\"ybc-p\">Th\u01b0\u1edfng th\u1ee9c ngay t\u1eeb t\u00fai nh\u01b0 m\u1ed9t m\u00f3n \u0103n v\u1eb7t l\u00e0nh m\u1ea1nh, tr\u1ed9n v\u1edbi y\u1ebfn m\u1ea1ch ho\u1eb7c s\u1eefa chua, ho\u1eb7c k\u1ebft h\u1ee3p v\u1edbi c\u00e1c m\u00f3n n\u01b0\u1edbng \u0111\u1ec3 t\u0103ng th\u00eam v\u1ecb ng\u1ecdt t\u1ef1 nhi\u00ean. M\u1ed7i mi\u1ebfng \u0103n \u0111\u1ec1u mang \u0111\u1ebfn h\u01b0\u01a1ng v\u1ecb n\u1ed3ng n\u00e0n c\u1ee7a \u00e1nh n\u1eafng m\u1eb7t tr\u1eddi t\u1eeb v\u00f9ng \u0111\u1ea5t m\u00e0u m\u1ee1 T\u00e2n C\u01b0\u01a1ng.<\/section>\n<section class=\"ybc-p\">\u200b<strong>C\u00e1c t\u00ednh n\u0103ng ch\u00ednh:<\/strong>\u200b<\/section>\n<ul class=\"ybc-ul-component\">\n<li class=\"ybc-li-component ybc-li-component_ul\">\n<section class=\"ybc-p\">\u00a0Tr\u1ed3ng d\u01b0\u1edbi \u00e1nh n\u1eafng m\u1eb7t tr\u1eddi \u1edf Kashgar<\/section>\n<\/li>\n<li class=\"ybc-li-component ybc-li-component_ul\">\n<section class=\"ybc-p\">\u00a0\u0110\u01b0\u1ee3c l\u1ef1a ch\u1ecdn k\u00e9p \u0111\u1ec3 \u0111\u1ea3m b\u1ea3o ch\u1ea5t l\u01b0\u1ee3ng<\/section>\n<\/li>\n<li class=\"ybc-li-component ybc-li-component_ul\">\n<section class=\"ybc-p\">\u00a0M\u1ecdng n\u01b0\u1edbc v\u00e0 h\u01b0\u01a1ng v\u1ecb \u0111\u1eadm \u0111\u00e0<\/section>\n<\/li>\n<li class=\"ybc-li-component ybc-li-component_ul\">\n<section class=\"ybc-p\">\u00a0Kh\u00f4ng c\u00f3 ch\u1ea5t ph\u1ee5 gia, kh\u00f4ng th\u00eam \u0111\u01b0\u1eddng<\/section>\n<\/li>\n<li class=\"ybc-li-component ybc-li-component_ul\">\n<section class=\"ybc-p\">\u00a0T\u00fai c\u00f3 th\u1ec3 \u0111\u00f3ng l\u1ea1i \u0111\u1ec3 gi\u1eef \u0111\u1ed9 t\u01b0\u01a1i<\/section>\n<\/li>\n<\/ul>","protected":false},"excerpt":{"rendered":"<p>Nho kh\u00f4 l\u00fd chua \u0111en Kashgar: V\u1ecb ng\u1ecdt tinh khi\u1ebft nh\u1ea5t\u200b\u200b C\u00f3 ngu\u1ed3n g\u1ed1c t\u1eeb nh\u1eefng v\u01b0\u1eddn nho ng\u1eadp n\u1eafng \u1edf Kashgar, T\u00e2n C\u01b0\u01a1ng, nh\u1eefng qu\u1ea3 nho kh\u00f4 \u0111en nh\u01b0 \u0111\u00e1 qu\u00fd n\u00e0y tr\u1ea3i qua qu\u00e1 tr\u00ecnh tuy\u1ec3n ch\u1ecdn nghi\u00eam ng\u1eb7t\u2014\u0111\u1ea7u ti\u00ean b\u1eb1ng m\u00e1y, sau \u0111\u00f3 b\u1eb1ng<span class=\"excerpt-hellip\"> [\u2026]<\/span><\/p>","protected":false},"featured_media":609,"comment_status":"open","ping_status":"closed","template":"","meta":[],"product_brand":[52],"product_cat":[51],"product_tag":[],"class_list":{"0":"post-608","1":"product","2":"type-product","3":"status-publish","4":"has-post-thumbnail","6":"product_brand-guo_ren_shi_ke","7":"product_cat-dried_fruits_and_preserves","9":"first","10":"instock","11":"shipping-taxable","12":"product-type-simple"},"yoast_head":"<!-- This site is optimized with the Yoast SEO Premium plugin v25.8 (Yoast SEO v25.8) - https:\/\/yoast.com\/wordpress\/plugins\/seo\/ -->\n<title>Black Currant Raisins - Jiushidao - Global Food Marketplace for Business Growth and Cosumers<\/title>\n<meta name=\"robots\" content=\"index, follow, max-snippet:-1, max-image-preview:large, max-video-preview:-1\" \/>\n<link rel=\"canonical\" href=\"https:\/\/jiushidao.com\/vi\/san-pham\/black-currant-raisins\/\" \/>\n<meta property=\"og:locale\" content=\"vi_VN\" \/>\n<meta property=\"og:type\" content=\"article\" \/>\n<meta property=\"og:title\" content=\"Black Currant Raisins\" \/>\n<meta property=\"og:description\" content=\"\u200bKashgar Blackcurrant Raisins: Sweetness in its Purest Form\u200b\u200b Sourced from sun-drenched vineyards in Kashgar, Xinjiang, these dark gem-like raisins undergo rigorous selection\u2014first by machine, then by [\u2026]\" \/>\n<meta property=\"og:url\" content=\"https:\/\/jiushidao.com\/vi\/san-pham\/black-currant-raisins\/\" \/>\n<meta property=\"og:site_name\" content=\"Jiushidao - Global Food Marketplace for Business Growth and Cosumers\" \/>\n<meta property=\"article:modified_time\" content=\"2025-10-30T15:23:10+00:00\" \/>\n<meta property=\"og:image\" content=\"https:\/\/jiushidao.com\/wp-content\/uploads\/2025\/10\/8-1200x1200.png\" \/>\n\t<meta property=\"og:image:width\" content=\"1200\" \/>\n\t<meta property=\"og:image:height\" content=\"1200\" \/>\n\t<meta property=\"og:image:type\" content=\"image\/png\" \/>\n<meta name=\"twitter:card\" content=\"summary_large_image\" \/>\n<meta name=\"twitter:label1\" content=\"\u01af\u1edbc t\u00ednh th\u1eddi gian \u0111\u1ecdc\" \/>\n\t<meta name=\"twitter:data1\" content=\"1 ph\u00fat\" \/>\n<script type=\"application\/ld+json\" class=\"yoast-schema-graph\">{\"@context\":\"https:\/\/schema.org\",\"@graph\":[{\"@type\":\"WebPage\",\"@id\":\"https:\/\/jiushidao.com\/product\/black-currant-raisins\/\",\"url\":\"https:\/\/jiushidao.com\/product\/black-currant-raisins\/\",\"name\":\"Black Currant Raisins - Jiushidao - Global Food Marketplace for Business Growth and Cosumers\",\"isPartOf\":{\"@id\":\"https:\/\/jiushidao.com\/#website\"},\"primaryImageOfPage\":{\"@id\":\"https:\/\/jiushidao.com\/product\/black-currant-raisins\/#primaryimage\"},\"image\":{\"@id\":\"https:\/\/jiushidao.com\/product\/black-currant-raisins\/#primaryimage\"},\"thumbnailUrl\":\"https:\/\/jiushidao.com\/wp-content\/uploads\/2025\/10\/8.png\",\"datePublished\":\"2025-10-29T07:59:30+00:00\",\"dateModified\":\"2025-10-30T15:23:10+00:00\",\"breadcrumb\":{\"@id\":\"https:\/\/jiushidao.com\/product\/black-currant-raisins\/#breadcrumb\"},\"inLanguage\":\"vi\",\"potentialAction\":[{\"@type\":\"ReadAction\",\"target\":[\"https:\/\/jiushidao.com\/product\/black-currant-raisins\/\"]}]},{\"@type\":\"ImageObject\",\"inLanguage\":\"vi\",\"@id\":\"https:\/\/jiushidao.com\/product\/black-currant-raisins\/#primaryimage\",\"url\":\"https:\/\/jiushidao.com\/wp-content\/uploads\/2025\/10\/8.png\",\"contentUrl\":\"https:\/\/jiushidao.com\/wp-content\/uploads\/2025\/10\/8.png\",\"width\":1600,\"height\":1600},{\"@type\":\"BreadcrumbList\",\"@id\":\"https:\/\/jiushidao.com\/product\/black-currant-raisins\/#breadcrumb\",\"itemListElement\":[{\"@type\":\"ListItem\",\"position\":1,\"name\":\"Home\",\"item\":\"https:\/\/jiushidao.com\/\"},{\"@type\":\"ListItem\",\"position\":2,\"name\":\"Store\",\"item\":\"https:\/\/jiushidao.com\/store\/\"},{\"@type\":\"ListItem\",\"position\":3,\"name\":\"Black Currant Raisins\"}]},{\"@type\":\"WebSite\",\"@id\":\"https:\/\/jiushidao.com\/#website\",\"url\":\"https:\/\/jiushidao.com\/\",\"name\":\"Jiushidao - Global Food Marketplace for Business Growth and Cosumers\",\"description\":\"Jiushidao - Global Food Marketplace for Business Growth and Cosumers\",\"potentialAction\":[{\"@type\":\"SearchAction\",\"target\":{\"@type\":\"EntryPoint\",\"urlTemplate\":\"https:\/\/jiushidao.com\/?s={search_term_string}\"},\"query-input\":{\"@type\":\"PropertyValueSpecification\",\"valueRequired\":true,\"valueName\":\"search_term_string\"}}],\"inLanguage\":\"vi\"}]}<\/script>\n<!-- \/ Yoast SEO Premium plugin. -->","yoast_head_json":{"title":"Black Currant Raisins - Jiushidao - Global Food Marketplace for Business Growth and Cosumers","robots":{"index":"index","follow":"follow","max-snippet":"max-snippet:-1","max-image-preview":"max-image-preview:large","max-video-preview":"max-video-preview:-1"},"canonical":"https:\/\/jiushidao.com\/vi\/san-pham\/black-currant-raisins\/","og_locale":"vi_VN","og_type":"article","og_title":"Black Currant Raisins","og_description":"\u200bKashgar Blackcurrant Raisins: Sweetness in its Purest Form\u200b\u200b Sourced from sun-drenched vineyards in Kashgar, Xinjiang, these dark gem-like raisins undergo rigorous selection\u2014first by machine, then by [\u2026]","og_url":"https:\/\/jiushidao.com\/vi\/san-pham\/black-currant-raisins\/","og_site_name":"Jiushidao - Global Food Marketplace for Business Growth and Cosumers","article_modified_time":"2025-10-30T15:23:10+00:00","og_image":[{"width":1200,"height":1200,"url":"https:\/\/jiushidao.com\/wp-content\/uploads\/2025\/10\/8-1200x1200.png","type":"image\/png"}],"twitter_card":"summary_large_image","twitter_misc":{"\u01af\u1edbc t\u00ednh th\u1eddi gian \u0111\u1ecdc":"1 ph\u00fat"},"schema":{"@context":"https:\/\/schema.org","@graph":[{"@type":"WebPage","@id":"https:\/\/jiushidao.com\/product\/black-currant-raisins\/","url":"https:\/\/jiushidao.com\/product\/black-currant-raisins\/","name":"Black Currant Raisins - Jiushidao - Global Food Marketplace for Business Growth and Cosumers","isPartOf":{"@id":"https:\/\/jiushidao.com\/#website"},"primaryImageOfPage":{"@id":"https:\/\/jiushidao.com\/product\/black-currant-raisins\/#primaryimage"},"image":{"@id":"https:\/\/jiushidao.com\/product\/black-currant-raisins\/#primaryimage"},"thumbnailUrl":"https:\/\/jiushidao.com\/wp-content\/uploads\/2025\/10\/8.png","datePublished":"2025-10-29T07:59:30+00:00","dateModified":"2025-10-30T15:23:10+00:00","breadcrumb":{"@id":"https:\/\/jiushidao.com\/product\/black-currant-raisins\/#breadcrumb"},"inLanguage":"vi","potentialAction":[{"@type":"ReadAction","target":["https:\/\/jiushidao.com\/product\/black-currant-raisins\/"]}]},{"@type":"ImageObject","inLanguage":"vi","@id":"https:\/\/jiushidao.com\/product\/black-currant-raisins\/#primaryimage","url":"https:\/\/jiushidao.com\/wp-content\/uploads\/2025\/10\/8.png","contentUrl":"https:\/\/jiushidao.com\/wp-content\/uploads\/2025\/10\/8.png","width":1600,"height":1600},{"@type":"BreadcrumbList","@id":"https:\/\/jiushidao.com\/product\/black-currant-raisins\/#breadcrumb","itemListElement":[{"@type":"ListItem","position":1,"name":"Home","item":"https:\/\/jiushidao.com\/"},{"@type":"ListItem","position":2,"name":"Store","item":"https:\/\/jiushidao.com\/store\/"},{"@type":"ListItem","position":3,"name":"Black Currant Raisins"}]},{"@type":"WebSite","@id":"https:\/\/jiushidao.com\/#website","url":"https:\/\/jiushidao.com\/","name":"Jiushidao - Global Food Marketplace for Business Growth and Cosumers","description":"Jiushidao - Global Food Marketplace for Business Growth and Cosumers","potentialAction":[{"@type":"SearchAction","target":{"@type":"EntryPoint","urlTemplate":"https:\/\/jiushidao.com\/?s={search_term_string}"},"query-input":{"@type":"PropertyValueSpecification","valueRequired":true,"valueName":"search_term_string"}}],"inLanguage":"vi"}]}},"_links":{"self":[{"href":"https:\/\/jiushidao.com\/vi\/wp-json\/wp\/v2\/product\/608","targetHints":{"allow":["GET"]}}],"collection":[{"href":"https:\/\/jiushidao.com\/vi\/wp-json\/wp\/v2\/product"}],"about":[{"href":"https:\/\/jiushidao.com\/vi\/wp-json\/wp\/v2\/types\/product"}],"replies":[{"embeddable":true,"href":"https:\/\/jiushidao.com\/vi\/wp-json\/wp\/v2\/comments?post=608"}],"version-history":[{"count":3,"href":"https:\/\/jiushidao.com\/vi\/wp-json\/wp\/v2\/product\/608\/revisions"}],"predecessor-version":[{"id":788,"href":"https:\/\/jiushidao.com\/vi\/wp-json\/wp\/v2\/product\/608\/revisions\/788"}],"wp:featuredmedia":[{"embeddable":true,"href":"https:\/\/jiushidao.com\/vi\/wp-json\/wp\/v2\/media\/609"}],"wp:attachment":[{"href":"https:\/\/jiushidao.com\/vi\/wp-json\/wp\/v2\/media?parent=608"}],"wp:term":[{"taxonomy":"product_brand","embeddable":true,"href":"https:\/\/jiushidao.com\/vi\/wp-json\/wp\/v2\/product_brand?post=608"},{"taxonomy":"product_cat","embeddable":true,"href":"https:\/\/jiushidao.com\/vi\/wp-json\/wp\/v2\/product_cat?post=608"},{"taxonomy":"product_tag","embeddable":true,"href":"https:\/\/jiushidao.com\/vi\/wp-json\/wp\/v2\/product_tag?post=608"}],"curies":[{"name":"wp","href":"https:\/\/api.w.org\/{rel}","templated":true}]}}