{"id":605,"date":"2025-10-29T07:57:59","date_gmt":"2025-10-29T07:57:59","guid":{"rendered":"https:\/\/jiushidao.com\/?post_type=product&#038;p=605"},"modified":"2025-10-30T23:36:00","modified_gmt":"2025-10-30T23:36:00","slug":"red-xiangfei-raisins","status":"publish","type":"product","link":"https:\/\/jiushidao.com\/vi\/san-pham\/red-xiangfei-raisins\/","title":{"rendered":"Nho kh\u00f4 Xiangfei \u0111\u1ecf"},"content":{"rendered":"<section class=\"ybc-p\"><strong>Nho kh\u00f4 t\u1ef1 nhi\u00ean Kashgar: Vi\u00ean ng\u1ecdc h\u1ed3ng ng\u1ecdc t\u1eeb mi\u1ec1n T\u00e2y Trung Qu\u1ed1c<\/strong><\/section>\n<section class=\"ybc-p\">\u0110\u01b0\u1ee3c nu\u00f4i d\u01b0\u1ee1ng t\u1ea1i v\u00f9ng \u0111\u1ea5t \u0111\u1ed9c \u0111\u00e1o Kashgar, T\u00e2n C\u01b0\u01a1ng, nh\u1eefng tr\u00e1i nho n\u00e0y ch\u00edn d\u01b0\u1edbi \u00e1nh n\u1eafng gay g\u1eaft v\u00e0 s\u1ef1 thay \u0111\u1ed5i nhi\u1ec7t \u0111\u1ed9 \u0111\u1ed9t ng\u1ed9t trong ng\u00e0y, t\u1ea1o n\u00ean v\u1ecb ng\u1ecdt ng\u00e0o v\u00e0 h\u01b0\u01a1ng v\u1ecb ph\u1ee9c h\u1ee3p \u0111\u1eb7c bi\u1ec7t. M\u1ed7i qu\u1ea3 nho kh\u00f4 \u0111\u1ec1u mang s\u1eafc \u0111\u1ecf ruby trong m\u1edd, h\u00ecnh d\u00e1ng thon d\u00e0i v\u00e0 \u0111\u1ed9 \u0111\u1ed3ng \u0111\u1ec1u \u0111\u00e1ng kinh ng\u1ea1c.<\/section>\n<section class=\"ybc-p\">\u0110\u01b0\u1ee3c ph\u01a1i n\u1eafng ho\u00e0n h\u1ea3o, nh\u1eefng qu\u1ea3 nho kh\u00f4 kh\u00f4ng h\u1ea1t n\u00e0y c\u00f3 k\u1ebft c\u1ea5u m\u1ec1m m\u1ea1i nh\u01b0ng dai dai c\u00f9ng v\u1ecb ng\u1ecdt \u0111\u1eadm \u0111\u00e0 nh\u01b0 caramel. H\u01b0\u01a1ng th\u01a1m n\u1ed3ng n\u00e0n v\u00e0 h\u01b0\u01a1ng v\u1ecb tinh khi\u1ebft, \u0111\u1eadm \u0111\u00e0 khi\u1ebfn ch\u00fang tr\u1edf th\u00e0nh m\u1ed9t m\u00f3n \u0103n nh\u1eb9 tuy\u1ec7t h\u1ea3o ngay t\u1eeb bao b\u00ec, \u0111\u1ed3ng th\u1eddi n\u00e2ng t\u1ea7m h\u01b0\u01a1ng v\u1ecb cho c\u00e1c m\u00f3n n\u01b0\u1edbng, ng\u0169 c\u1ed1c v\u00e0 c\u00e1c m\u00f3n m\u1eb7n.<\/section>\n<section class=\"ybc-p\"><strong>C\u00e1c t\u00ednh n\u0103ng ch\u00ednh:<\/strong><\/section>\n<ul class=\"ybc-ul-component\">\n<li class=\"ybc-li-component ybc-li-component_ul\">\n<section class=\"ybc-p\"><strong>V\u00f9ng \u0111\u1ea5t l\u00fd t\u01b0\u1edfng:<\/strong>\u00c1nh n\u1eafng m\u1eb7t tr\u1eddi gay g\u1eaft c\u1ee7a Kashgar v\u00e0 s\u1ef1 thay \u0111\u1ed5i nhi\u1ec7t \u0111\u1ed9 \u0111\u00e1ng k\u1ec3 gi\u1eefa ng\u00e0y v\u00e0 \u0111\u00eam t\u1ea1o ra v\u1ecb ng\u1ecdt tuy\u1ec7t h\u1ea3o<\/section>\n<\/li>\n<li class=\"ybc-li-component ybc-li-component_ul\">\n<section class=\"ybc-p\"><strong>L\u1ef1a ch\u1ecdn cao c\u1ea5p:<\/strong>Nho kh\u00f4 d\u00e0i, kh\u00f4ng h\u1ea1t, k\u00edch th\u01b0\u1edbc \u0111\u1ed3ng \u0111\u1ec1u v\u00e0 m\u00e0u \u0111\u1ecf ruby trong m\u1edd<\/section>\n<\/li>\n<li class=\"ybc-li-component ybc-li-component_ul\">\n<section class=\"ybc-p\"><strong>Ph\u01a1i n\u1eafng t\u1ef1 nhi\u00ean:<\/strong>S\u1ea5y kh\u00f4 nh\u1eb9 nh\u00e0ng \u0111\u1ec3 gi\u1eef \u0111\u01b0\u1ee3c k\u1ebft c\u1ea5u m\u1ec1m, th\u1ecbt v\u00e0 h\u01b0\u01a1ng v\u1ecb \u0111\u1eadm \u0111\u00e0<\/section>\n<\/li>\n<li class=\"ybc-li-component ybc-li-component_ul\">\n<section class=\"ybc-p\"><strong>S\u1eed d\u1ee5ng \u0111a n\u0103ng:<\/strong>Ho\u00e0n h\u1ea3o cho vi\u1ec7c \u0103n v\u1eb7t, n\u01b0\u1edbng b\u00e1nh, n\u1ea5u \u0103n v\u00e0 l\u00e0m \u0111\u1ed3 ngu\u1ed9i<\/section>\n<\/li>\n<\/ul>","protected":false},"excerpt":{"rendered":"<p>Nho kh\u00f4 t\u1ef1 nhi\u00ean Kashgar ph\u01a1i n\u1eafng: Nh\u1eefng vi\u00ean ng\u1ecdc h\u1ed3ng ng\u1ecdc t\u1eeb mi\u1ec1n T\u00e2y Trung Qu\u1ed1c \u0110\u01b0\u1ee3c nu\u00f4i d\u01b0\u1ee1ng trong v\u00f9ng \u0111\u1ea5t \u0111\u1ed9c \u0111\u00e1o c\u1ee7a Kashgar, T\u00e2n C\u01b0\u01a1ng, nh\u1eefng qu\u1ea3 nho n\u00e0y ch\u00edn d\u01b0\u1edbi \u00e1nh n\u1eafng m\u1eb7t tr\u1eddi gay g\u1eaft v\u00e0 th\u1eddi ti\u1ebft ban ng\u00e0y \u1ea5n t\u01b0\u1ee3ng<span class=\"excerpt-hellip\"> [\u2026]<\/span><\/p>","protected":false},"featured_media":606,"comment_status":"open","ping_status":"closed","template":"","meta":[],"product_brand":[52],"product_cat":[51],"product_tag":[],"class_list":{"0":"post-605","1":"product","2":"type-product","3":"status-publish","4":"has-post-thumbnail","6":"product_brand-guo_ren_shi_ke","7":"product_cat-dried_fruits_and_preserves","9":"first","10":"instock","11":"shipping-taxable","12":"product-type-simple"},"yoast_head":"<!-- This site is optimized with the Yoast SEO Premium plugin v25.8 (Yoast SEO v25.8) - https:\/\/yoast.com\/wordpress\/plugins\/seo\/ -->\n<title>Red Xiangfei Raisins - Jiushidao - Global Food Marketplace for Business Growth and Cosumers<\/title>\n<meta name=\"robots\" content=\"index, follow, max-snippet:-1, max-image-preview:large, max-video-preview:-1\" \/>\n<link rel=\"canonical\" href=\"https:\/\/jiushidao.com\/vi\/san-pham\/red-xiangfei-raisins\/\" \/>\n<meta property=\"og:locale\" content=\"vi_VN\" \/>\n<meta property=\"og:type\" content=\"article\" \/>\n<meta property=\"og:title\" content=\"Red Xiangfei Raisins\" \/>\n<meta property=\"og:description\" content=\"Kashgar Natural Sun-Dried Raisins: Ruby Jewels from Western China Nurtured in the unique terroir of Kashgar, Xinjiang, these grapes ripen under intense sunlight and dramatic diurnal [\u2026]\" \/>\n<meta property=\"og:url\" content=\"https:\/\/jiushidao.com\/vi\/san-pham\/red-xiangfei-raisins\/\" \/>\n<meta property=\"og:site_name\" content=\"Jiushidao - Global Food Marketplace for Business Growth and Cosumers\" \/>\n<meta property=\"article:modified_time\" content=\"2025-10-30T23:36:00+00:00\" \/>\n<meta property=\"og:image\" content=\"https:\/\/jiushidao.com\/wp-content\/uploads\/2025\/10\/7.png\" \/>\n\t<meta property=\"og:image:width\" content=\"1600\" \/>\n\t<meta property=\"og:image:height\" content=\"1600\" \/>\n\t<meta property=\"og:image:type\" content=\"image\/png\" \/>\n<meta name=\"twitter:card\" content=\"summary_large_image\" \/>\n<meta name=\"twitter:label1\" content=\"\u01af\u1edbc t\u00ednh th\u1eddi gian \u0111\u1ecdc\" \/>\n\t<meta name=\"twitter:data1\" content=\"1 ph\u00fat\" \/>\n<script type=\"application\/ld+json\" class=\"yoast-schema-graph\">{\"@context\":\"https:\/\/schema.org\",\"@graph\":[{\"@type\":\"WebPage\",\"@id\":\"https:\/\/jiushidao.com\/product\/red-xiangfei-raisins\/\",\"url\":\"https:\/\/jiushidao.com\/product\/red-xiangfei-raisins\/\",\"name\":\"Red Xiangfei Raisins - Jiushidao - Global Food Marketplace for Business Growth and Cosumers\",\"isPartOf\":{\"@id\":\"https:\/\/jiushidao.com\/#website\"},\"primaryImageOfPage\":{\"@id\":\"https:\/\/jiushidao.com\/product\/red-xiangfei-raisins\/#primaryimage\"},\"image\":{\"@id\":\"https:\/\/jiushidao.com\/product\/red-xiangfei-raisins\/#primaryimage\"},\"thumbnailUrl\":\"https:\/\/jiushidao.com\/wp-content\/uploads\/2025\/10\/7.png\",\"datePublished\":\"2025-10-29T07:57:59+00:00\",\"dateModified\":\"2025-10-30T23:36:00+00:00\",\"breadcrumb\":{\"@id\":\"https:\/\/jiushidao.com\/product\/red-xiangfei-raisins\/#breadcrumb\"},\"inLanguage\":\"vi\",\"potentialAction\":[{\"@type\":\"ReadAction\",\"target\":[\"https:\/\/jiushidao.com\/product\/red-xiangfei-raisins\/\"]}]},{\"@type\":\"ImageObject\",\"inLanguage\":\"vi\",\"@id\":\"https:\/\/jiushidao.com\/product\/red-xiangfei-raisins\/#primaryimage\",\"url\":\"https:\/\/jiushidao.com\/wp-content\/uploads\/2025\/10\/7.png\",\"contentUrl\":\"https:\/\/jiushidao.com\/wp-content\/uploads\/2025\/10\/7.png\",\"width\":1600,\"height\":1600},{\"@type\":\"BreadcrumbList\",\"@id\":\"https:\/\/jiushidao.com\/product\/red-xiangfei-raisins\/#breadcrumb\",\"itemListElement\":[{\"@type\":\"ListItem\",\"position\":1,\"name\":\"Home\",\"item\":\"https:\/\/jiushidao.com\/\"},{\"@type\":\"ListItem\",\"position\":2,\"name\":\"Store\",\"item\":\"https:\/\/jiushidao.com\/store\/\"},{\"@type\":\"ListItem\",\"position\":3,\"name\":\"Red Xiangfei Raisins\"}]},{\"@type\":\"WebSite\",\"@id\":\"https:\/\/jiushidao.com\/#website\",\"url\":\"https:\/\/jiushidao.com\/\",\"name\":\"Jiushidao - Global Food Marketplace for Business Growth and Cosumers\",\"description\":\"Jiushidao - Global Food Marketplace for Business Growth and Cosumers\",\"potentialAction\":[{\"@type\":\"SearchAction\",\"target\":{\"@type\":\"EntryPoint\",\"urlTemplate\":\"https:\/\/jiushidao.com\/?s={search_term_string}\"},\"query-input\":{\"@type\":\"PropertyValueSpecification\",\"valueRequired\":true,\"valueName\":\"search_term_string\"}}],\"inLanguage\":\"vi\"}]}<\/script>\n<!-- \/ Yoast SEO Premium plugin. -->","yoast_head_json":{"title":"Red Xiangfei Raisins - Jiushidao - Global Food Marketplace for Business Growth and Cosumers","robots":{"index":"index","follow":"follow","max-snippet":"max-snippet:-1","max-image-preview":"max-image-preview:large","max-video-preview":"max-video-preview:-1"},"canonical":"https:\/\/jiushidao.com\/vi\/san-pham\/red-xiangfei-raisins\/","og_locale":"vi_VN","og_type":"article","og_title":"Red Xiangfei Raisins","og_description":"Kashgar Natural Sun-Dried Raisins: Ruby Jewels from Western China Nurtured in the unique terroir of Kashgar, Xinjiang, these grapes ripen under intense sunlight and dramatic diurnal [\u2026]","og_url":"https:\/\/jiushidao.com\/vi\/san-pham\/red-xiangfei-raisins\/","og_site_name":"Jiushidao - Global Food Marketplace for Business Growth and Cosumers","article_modified_time":"2025-10-30T23:36:00+00:00","og_image":[{"width":1600,"height":1600,"url":"https:\/\/jiushidao.com\/wp-content\/uploads\/2025\/10\/7.png","type":"image\/png"}],"twitter_card":"summary_large_image","twitter_misc":{"\u01af\u1edbc t\u00ednh th\u1eddi gian \u0111\u1ecdc":"1 ph\u00fat"},"schema":{"@context":"https:\/\/schema.org","@graph":[{"@type":"WebPage","@id":"https:\/\/jiushidao.com\/product\/red-xiangfei-raisins\/","url":"https:\/\/jiushidao.com\/product\/red-xiangfei-raisins\/","name":"Red Xiangfei Raisins - Jiushidao - Global Food Marketplace for Business Growth and Cosumers","isPartOf":{"@id":"https:\/\/jiushidao.com\/#website"},"primaryImageOfPage":{"@id":"https:\/\/jiushidao.com\/product\/red-xiangfei-raisins\/#primaryimage"},"image":{"@id":"https:\/\/jiushidao.com\/product\/red-xiangfei-raisins\/#primaryimage"},"thumbnailUrl":"https:\/\/jiushidao.com\/wp-content\/uploads\/2025\/10\/7.png","datePublished":"2025-10-29T07:57:59+00:00","dateModified":"2025-10-30T23:36:00+00:00","breadcrumb":{"@id":"https:\/\/jiushidao.com\/product\/red-xiangfei-raisins\/#breadcrumb"},"inLanguage":"vi","potentialAction":[{"@type":"ReadAction","target":["https:\/\/jiushidao.com\/product\/red-xiangfei-raisins\/"]}]},{"@type":"ImageObject","inLanguage":"vi","@id":"https:\/\/jiushidao.com\/product\/red-xiangfei-raisins\/#primaryimage","url":"https:\/\/jiushidao.com\/wp-content\/uploads\/2025\/10\/7.png","contentUrl":"https:\/\/jiushidao.com\/wp-content\/uploads\/2025\/10\/7.png","width":1600,"height":1600},{"@type":"BreadcrumbList","@id":"https:\/\/jiushidao.com\/product\/red-xiangfei-raisins\/#breadcrumb","itemListElement":[{"@type":"ListItem","position":1,"name":"Home","item":"https:\/\/jiushidao.com\/"},{"@type":"ListItem","position":2,"name":"Store","item":"https:\/\/jiushidao.com\/store\/"},{"@type":"ListItem","position":3,"name":"Red Xiangfei Raisins"}]},{"@type":"WebSite","@id":"https:\/\/jiushidao.com\/#website","url":"https:\/\/jiushidao.com\/","name":"Jiushidao - Global Food Marketplace for Business Growth and Cosumers","description":"Jiushidao - Global Food Marketplace for Business Growth and Cosumers","potentialAction":[{"@type":"SearchAction","target":{"@type":"EntryPoint","urlTemplate":"https:\/\/jiushidao.com\/?s={search_term_string}"},"query-input":{"@type":"PropertyValueSpecification","valueRequired":true,"valueName":"search_term_string"}}],"inLanguage":"vi"}]}},"_links":{"self":[{"href":"https:\/\/jiushidao.com\/vi\/wp-json\/wp\/v2\/product\/605","targetHints":{"allow":["GET"]}}],"collection":[{"href":"https:\/\/jiushidao.com\/vi\/wp-json\/wp\/v2\/product"}],"about":[{"href":"https:\/\/jiushidao.com\/vi\/wp-json\/wp\/v2\/types\/product"}],"replies":[{"embeddable":true,"href":"https:\/\/jiushidao.com\/vi\/wp-json\/wp\/v2\/comments?post=605"}],"version-history":[{"count":3,"href":"https:\/\/jiushidao.com\/vi\/wp-json\/wp\/v2\/product\/605\/revisions"}],"predecessor-version":[{"id":799,"href":"https:\/\/jiushidao.com\/vi\/wp-json\/wp\/v2\/product\/605\/revisions\/799"}],"wp:featuredmedia":[{"embeddable":true,"href":"https:\/\/jiushidao.com\/vi\/wp-json\/wp\/v2\/media\/606"}],"wp:attachment":[{"href":"https:\/\/jiushidao.com\/vi\/wp-json\/wp\/v2\/media?parent=605"}],"wp:term":[{"taxonomy":"product_brand","embeddable":true,"href":"https:\/\/jiushidao.com\/vi\/wp-json\/wp\/v2\/product_brand?post=605"},{"taxonomy":"product_cat","embeddable":true,"href":"https:\/\/jiushidao.com\/vi\/wp-json\/wp\/v2\/product_cat?post=605"},{"taxonomy":"product_tag","embeddable":true,"href":"https:\/\/jiushidao.com\/vi\/wp-json\/wp\/v2\/product_tag?post=605"}],"curies":[{"name":"wp","href":"https:\/\/api.w.org\/{rel}","templated":true}]}}