{"id":602,"date":"2025-10-29T07:56:10","date_gmt":"2025-10-29T07:56:10","guid":{"rendered":"https:\/\/jiushidao.com\/?post_type=product&#038;p=602"},"modified":"2025-10-30T23:42:38","modified_gmt":"2025-10-30T23:42:38","slug":"emerald-raisins","status":"publish","type":"product","link":"https:\/\/jiushidao.com\/vi\/san-pham\/emerald-raisins\/","title":{"rendered":"Nho kh\u00f4 ng\u1ecdc l\u1ee5c b\u1ea3o"},"content":{"rendered":"<section class=\"ybc-p\"><strong>Nho kh\u00f4 xanh Ashgar Supreme: Kho b\u00e1u ng\u1ecdc l\u1ee5c b\u1ea3o ng\u1ecdt ng\u00e0o c\u1ee7a thi\u00ean nhi\u00ean<\/strong><\/section>\n<section class=\"ybc-p\">\u0110\u01b0\u1ee3c ch\u1ebf t\u00e1c t\u1eeb nh\u1eefng tr\u00e1i nho xanh kh\u00f4ng h\u1ea1t h\u1ea3o h\u1ea1ng \u0111\u01b0\u1ee3c tr\u1ed3ng trong nh\u1eefng v\u01b0\u1eddn c\u00e2y \u0103n tr\u00e1i ng\u1eadp tr\u00e0n \u00e1nh n\u1eafng \u1edf Kashgar, nh\u1eefng qu\u1ea3 nho kh\u00f4 m\u00e0u ng\u1ecdc l\u1ee5c b\u1ea3o n\u00e0y \u0111\u01b0\u1ee3c s\u1ea5y kh\u00f4 t\u1ef1 nhi\u00ean \u0111\u1ec3 gi\u1eef \u0111\u01b0\u1ee3c v\u1ecb ng\u1ecdt thanh v\u00e0 k\u1ebft c\u1ea5u m\u1ec1m m\u1ea1i nh\u01b0 nhung. M\u1ed7i qu\u1ea3 nho c\u0103ng m\u1ecdng, th\u01a1m l\u1eebng h\u01b0\u01a1ng v\u1ecb m\u1eadt ong thoang tho\u1ea3ng v\u00e0 \u0111\u1ed9 dai m\u1ec1m m\u1ea1i, mang \u0111\u1ebfn h\u01b0\u01a1ng v\u1ecb tinh khi\u1ebft c\u1ee7a v\u00f9ng \u0111\u1ea5t m\u00e0u m\u1ee1 T\u00e2n C\u01b0\u01a1ng.<\/section>\n<section class=\"ybc-p\"><strong>C\u00e1c t\u00ednh n\u0103ng ch\u00ednh:<\/strong><\/section>\n<ul class=\"ybc-ul-component\">\n<li class=\"ybc-li-component ybc-li-component_ul\">\n<section class=\"ybc-p\"><strong>V\u1ecb ng\u1ecdt ch\u00edn d\u01b0\u1edbi \u00e1nh n\u1eafng m\u1eb7t tr\u1eddi:<\/strong>\u0110\u01b0\u1ee3c tr\u1ed3ng d\u01b0\u1edbi \u00e1nh n\u1eafng m\u1eb7t tr\u1eddi gay g\u1eaft c\u1ee7a Kashgar \u0111\u1ec3 c\u00f3 n\u1ed3ng \u0111\u1ed9 \u0111\u01b0\u1eddng t\u1ef1 nhi\u00ean<\/section>\n<\/li>\n<li class=\"ybc-li-component ybc-li-component_ul\">\n<section class=\"ybc-p\"><strong>K\u1ebft c\u1ea5u m\u1ec1m m\u1ea1i nh\u01b0 nhung:<\/strong>S\u1ea5y kh\u00f4 nh\u1eb9 nh\u00e0ng \u0111\u1ec3 duy tr\u00ec \u0111\u1ed9 \u1ea9m, \u0111\u1ed9 m\u1ec1m m\u1ea1i c\u0103ng m\u1ecdng<\/section>\n<\/li>\n<li class=\"ybc-li-component ybc-li-component_ul\">\n<section class=\"ybc-p\"><strong>Gi\u00e0u dinh d\u01b0\u1ee1ng:<\/strong>T\u1ef1 nhi\u00ean gi\u00e0u vitamin C v\u00e0 ch\u1ea5t x\u01a1<\/section>\n<\/li>\n<li class=\"ybc-li-component ybc-li-component_ul\">\n<section class=\"ybc-p\"><strong>Th\u01b0\u1edfng th\u1ee9c \u0111a d\u1ea1ng:<\/strong>Ho\u00e0n h\u1ea3o \u0111\u1ec3 \u0103n v\u1eb7t, n\u01b0\u1edbng b\u00e1nh ho\u1eb7c th\u00eam v\u00e0o ng\u0169 c\u1ed1c v\u00e0 h\u1ed7n h\u1ee3p c\u00e1c lo\u1ea1i h\u1ea1t<\/section>\n<\/li>\n<\/ul>\n<section class=\"ybc-p\"><strong>L\u1ee3i \u00edch v\u1ec1 s\u1ee9c kh\u1ecfe:<\/strong><\/section>\n<ul class=\"ybc-ul-component\">\n<li class=\"ybc-li-component ybc-li-component_ul\">\n<section class=\"ybc-p\">H\u1ed7 tr\u1ee3 ch\u1ee9c n\u0103ng mi\u1ec5n d\u1ecbch v\u1edbi vitamin C t\u1ef1 nhi\u00ean<\/section>\n<\/li>\n<li class=\"ybc-li-component ybc-li-component_ul\">\n<section class=\"ybc-p\">Cung c\u1ea5p n\u0103ng l\u01b0\u1ee3ng b\u1ec1n v\u1eefng th\u00f4ng qua fructose t\u1ef1 nhi\u00ean<\/section>\n<\/li>\n<li class=\"ybc-li-component ybc-li-component_ul\">\n<section class=\"ybc-p\">Th\u00fac \u0111\u1ea9y s\u1ee9c kh\u1ecfe ti\u00eau h\u00f3a v\u1edbi ch\u1ea5t x\u01a1 trong ch\u1ebf \u0111\u1ed9 \u0103n u\u1ed1ng<\/section>\n<\/li>\n<\/ul>","protected":false},"excerpt":{"rendered":"<section class=\"ybc-p\"><strong>Nho kh\u00f4 xanh Kashgar Supreme: Kho b\u00e1u ng\u1ecdc l\u1ee5c b\u1ea3o ng\u1ecdt ng\u00e0o c\u1ee7a thi\u00ean nhi\u00ean<\/strong><\/section>\n<section class=\"ybc-p\">\u0110\u01b0\u1ee3c ch\u1ebf t\u00e1c t\u1eeb nh\u1eefng tr\u00e1i nho xanh kh\u00f4ng h\u1ea1t h\u1ea3o h\u1ea1ng \u0111\u01b0\u1ee3c tr\u1ed3ng trong nh\u1eefng v\u01b0\u1eddn c\u00e2y \u0103n tr\u00e1i ng\u1eadp tr\u00e0n \u00e1nh n\u1eafng \u1edf Kashgar, nh\u1eefng qu\u1ea3 nho kh\u00f4 m\u00e0u ng\u1ecdc l\u1ee5c b\u1ea3o n\u00e0y \u0111\u01b0\u1ee3c s\u1ea5y kh\u00f4 t\u1ef1 nhi\u00ean \u0111\u1ec3 gi\u1eef \u0111\u01b0\u1ee3c v\u1ecb ng\u1ecdt thanh v\u00e0 k\u1ebft c\u1ea5u m\u1ec1m m\u1ea1i nh\u01b0 nhung. M\u1ed7i qu\u1ea3 nho c\u0103ng m\u1ecdng, th\u01a1m l\u1eebng h\u01b0\u01a1ng v\u1ecb m\u1eadt ong thoang tho\u1ea3ng v\u00e0 \u0111\u1ed9 dai m\u1ec1m m\u1ea1i, mang \u0111\u1ebfn h\u01b0\u01a1ng v\u1ecb tinh khi\u1ebft c\u1ee7a v\u00f9ng \u0111\u1ea5t m\u00e0u m\u1ee1 T\u00e2n C\u01b0\u01a1ng.<\/section>\n<section class=\"ybc-p\"><strong>C\u00e1c t\u00ednh n\u0103ng ch\u00ednh:<\/strong><\/section>\n<ul class=\"ybc-ul-component\">\n<li class=\"ybc-li-component ybc-li-component_ul\">\n<section class=\"ybc-p\"><strong>V\u1ecb ng\u1ecdt ch\u00edn d\u01b0\u1edbi \u00e1nh n\u1eafng m\u1eb7t tr\u1eddi:<\/strong>\u0110\u01b0\u1ee3c tr\u1ed3ng d\u01b0\u1edbi \u00e1nh n\u1eafng m\u1eb7t tr\u1eddi gay g\u1eaft c\u1ee7a Kashgar \u0111\u1ec3 c\u00f3 n\u1ed3ng \u0111\u1ed9 \u0111\u01b0\u1eddng t\u1ef1 nhi\u00ean<\/section>\n<\/li>\n<li class=\"ybc-li-component ybc-li-component_ul\">\n<section class=\"ybc-p\"><strong>K\u1ebft c\u1ea5u m\u1ec1m m\u1ea1i nh\u01b0 nhung:<\/strong>S\u1ea5y kh\u00f4 nh\u1eb9 nh\u00e0ng \u0111\u1ec3 duy tr\u00ec \u0111\u1ed9 \u1ea9m, \u0111\u1ed9 m\u1ec1m m\u1ea1i c\u0103ng m\u1ecdng<\/section>\n<\/li>\n<li class=\"ybc-li-component ybc-li-component_ul\">\n<section class=\"ybc-p\"><strong>Gi\u00e0u dinh d\u01b0\u1ee1ng:<\/strong>T\u1ef1 nhi\u00ean gi\u00e0u vitamin C v\u00e0 ch\u1ea5t x\u01a1<\/section>\n<\/li>\n<li class=\"ybc-li-component ybc-li-component_ul\">\n<section class=\"ybc-p\"><strong>Th\u01b0\u1edfng th\u1ee9c \u0111a d\u1ea1ng:<\/strong>Ho\u00e0n h\u1ea3o \u0111\u1ec3 \u0103n v\u1eb7t, n\u01b0\u1edbng b\u00e1nh ho\u1eb7c th\u00eam v\u00e0o ng\u0169 c\u1ed1c v\u00e0 h\u1ed7n h\u1ee3p c\u00e1c lo\u1ea1i h\u1ea1t<\/section>\n<\/li>\n<\/ul>\n<section class=\"ybc-p\"><strong>L\u1ee3i \u00edch v\u1ec1 s\u1ee9c kh\u1ecfe:<\/strong><\/section>\n<ul class=\"ybc-ul-component\">\n<li class=\"ybc-li-component ybc-li-component_ul\">\n<section class=\"ybc-p\">H\u1ed7 tr\u1ee3 ch\u1ee9c n\u0103ng mi\u1ec5n d\u1ecbch v\u1edbi vitamin C t\u1ef1 nhi\u00ean<\/section>\n<\/li>\n<li class=\"ybc-li-component ybc-li-component_ul\">\n<section class=\"ybc-p\">Cung c\u1ea5p n\u0103ng l\u01b0\u1ee3ng b\u1ec1n v\u1eefng th\u00f4ng qua fructose t\u1ef1 nhi\u00ean<\/section>\n<\/li>\n<li class=\"ybc-li-component ybc-li-component_ul\">\n<section class=\"ybc-p\">Th\u00fac \u0111\u1ea9y s\u1ee9c kh\u1ecfe ti\u00eau h\u00f3a v\u1edbi ch\u1ea5t x\u01a1 trong ch\u1ebf \u0111\u1ed9 \u0103n u\u1ed1ng<\/section>\n<\/li>\n<\/ul>","protected":false},"featured_media":603,"comment_status":"open","ping_status":"closed","template":"","meta":[],"product_brand":[52],"product_cat":[51],"product_tag":[],"class_list":{"0":"post-602","1":"product","2":"type-product","3":"status-publish","4":"has-post-thumbnail","6":"product_brand-guo_ren_shi_ke","7":"product_cat-dried_fruits_and_preserves","9":"first","10":"instock","11":"shipping-taxable","12":"product-type-simple"},"yoast_head":"<!-- This site is optimized with the Yoast SEO Premium plugin v25.8 (Yoast SEO v25.8) - https:\/\/yoast.com\/wordpress\/plugins\/seo\/ -->\n<title>Emerald Raisins - Jiushidao - Global Food Marketplace for Business Growth and Cosumers<\/title>\n<meta name=\"robots\" content=\"index, follow, max-snippet:-1, max-image-preview:large, max-video-preview:-1\" \/>\n<link rel=\"canonical\" href=\"https:\/\/jiushidao.com\/vi\/san-pham\/emerald-raisins\/\" \/>\n<meta property=\"og:locale\" content=\"vi_VN\" \/>\n<meta property=\"og:type\" content=\"article\" \/>\n<meta property=\"og:title\" content=\"Emerald Raisins\" \/>\n<meta property=\"og:description\" content=\"Kashgar Supreme Green Raisins: Nature&#039;s Sweet Emerald TreasuresCrafted from premium seedless green grapes grown in the sun-drenched orchards of Kashgar, these emerald-hued raisins are naturally dried to preserve their delicate sweetness and soft, velvety texture. Each plump berry bursts with a light honey-like flavor and tender chewiness, offering a pure taste of Xinjiang&#039;s fertile land.Key Features:   Sun-Ripened Sweetness:Grown under Kashgar\u2019s intense sunlight for natural sugar concentration  Velvety Soft Texture:Gently dried to maintain moist, plump tenderness  Nutrient-Rich:Naturally abundant in vitamin C and dietary fiber  Versatile Enjoyment:Perfect for snacking, baking, or adding to cereals and trail mixes  Wellness Benefits:   Supports immune function with natural vitamin C  Provides sustainable energy through natural fructose  Promotes digestive health with dietary fiber\" \/>\n<meta property=\"og:url\" content=\"https:\/\/jiushidao.com\/vi\/san-pham\/emerald-raisins\/\" \/>\n<meta property=\"og:site_name\" content=\"Jiushidao - Global Food Marketplace for Business Growth and Cosumers\" \/>\n<meta property=\"article:modified_time\" content=\"2025-10-30T23:42:38+00:00\" \/>\n<meta property=\"og:image\" content=\"https:\/\/jiushidao.com\/wp-content\/uploads\/2025\/10\/6-1200x1200.png\" \/>\n\t<meta property=\"og:image:width\" content=\"1200\" \/>\n\t<meta property=\"og:image:height\" content=\"1200\" \/>\n\t<meta property=\"og:image:type\" content=\"image\/png\" \/>\n<meta name=\"twitter:card\" content=\"summary_large_image\" \/>\n<meta name=\"twitter:label1\" content=\"\u01af\u1edbc t\u00ednh th\u1eddi gian \u0111\u1ecdc\" \/>\n\t<meta name=\"twitter:data1\" content=\"1 ph\u00fat\" \/>\n<script type=\"application\/ld+json\" class=\"yoast-schema-graph\">{\"@context\":\"https:\/\/schema.org\",\"@graph\":[{\"@type\":\"WebPage\",\"@id\":\"https:\/\/jiushidao.com\/product\/emerald-raisins\/\",\"url\":\"https:\/\/jiushidao.com\/product\/emerald-raisins\/\",\"name\":\"Emerald Raisins - Jiushidao - Global Food Marketplace for Business Growth and Cosumers\",\"isPartOf\":{\"@id\":\"https:\/\/jiushidao.com\/#website\"},\"primaryImageOfPage\":{\"@id\":\"https:\/\/jiushidao.com\/product\/emerald-raisins\/#primaryimage\"},\"image\":{\"@id\":\"https:\/\/jiushidao.com\/product\/emerald-raisins\/#primaryimage\"},\"thumbnailUrl\":\"https:\/\/jiushidao.com\/wp-content\/uploads\/2025\/10\/6.png\",\"datePublished\":\"2025-10-29T07:56:10+00:00\",\"dateModified\":\"2025-10-30T23:42:38+00:00\",\"breadcrumb\":{\"@id\":\"https:\/\/jiushidao.com\/product\/emerald-raisins\/#breadcrumb\"},\"inLanguage\":\"vi\",\"potentialAction\":[{\"@type\":\"ReadAction\",\"target\":[\"https:\/\/jiushidao.com\/product\/emerald-raisins\/\"]}]},{\"@type\":\"ImageObject\",\"inLanguage\":\"vi\",\"@id\":\"https:\/\/jiushidao.com\/product\/emerald-raisins\/#primaryimage\",\"url\":\"https:\/\/jiushidao.com\/wp-content\/uploads\/2025\/10\/6.png\",\"contentUrl\":\"https:\/\/jiushidao.com\/wp-content\/uploads\/2025\/10\/6.png\",\"width\":1600,\"height\":1600},{\"@type\":\"BreadcrumbList\",\"@id\":\"https:\/\/jiushidao.com\/product\/emerald-raisins\/#breadcrumb\",\"itemListElement\":[{\"@type\":\"ListItem\",\"position\":1,\"name\":\"Home\",\"item\":\"https:\/\/jiushidao.com\/\"},{\"@type\":\"ListItem\",\"position\":2,\"name\":\"Store\",\"item\":\"https:\/\/jiushidao.com\/store\/\"},{\"@type\":\"ListItem\",\"position\":3,\"name\":\"Emerald Raisins\"}]},{\"@type\":\"WebSite\",\"@id\":\"https:\/\/jiushidao.com\/#website\",\"url\":\"https:\/\/jiushidao.com\/\",\"name\":\"Jiushidao - Global Food Marketplace for Business Growth and Cosumers\",\"description\":\"Jiushidao - Global Food Marketplace for Business Growth and Cosumers\",\"potentialAction\":[{\"@type\":\"SearchAction\",\"target\":{\"@type\":\"EntryPoint\",\"urlTemplate\":\"https:\/\/jiushidao.com\/?s={search_term_string}\"},\"query-input\":{\"@type\":\"PropertyValueSpecification\",\"valueRequired\":true,\"valueName\":\"search_term_string\"}}],\"inLanguage\":\"vi\"}]}<\/script>\n<!-- \/ Yoast SEO Premium plugin. -->","yoast_head_json":{"title":"Emerald Raisins - Jiushidao - Global Food Marketplace for Business Growth and Cosumers","robots":{"index":"index","follow":"follow","max-snippet":"max-snippet:-1","max-image-preview":"max-image-preview:large","max-video-preview":"max-video-preview:-1"},"canonical":"https:\/\/jiushidao.com\/vi\/san-pham\/emerald-raisins\/","og_locale":"vi_VN","og_type":"article","og_title":"Emerald Raisins","og_description":"Kashgar Supreme Green Raisins: Nature's Sweet Emerald TreasuresCrafted from premium seedless green grapes grown in the sun-drenched orchards of Kashgar, these emerald-hued raisins are naturally dried to preserve their delicate sweetness and soft, velvety texture. Each plump berry bursts with a light honey-like flavor and tender chewiness, offering a pure taste of Xinjiang's fertile land.Key Features:   Sun-Ripened Sweetness:Grown under Kashgar\u2019s intense sunlight for natural sugar concentration  Velvety Soft Texture:Gently dried to maintain moist, plump tenderness  Nutrient-Rich:Naturally abundant in vitamin C and dietary fiber  Versatile Enjoyment:Perfect for snacking, baking, or adding to cereals and trail mixes  Wellness Benefits:   Supports immune function with natural vitamin C  Provides sustainable energy through natural fructose  Promotes digestive health with dietary fiber","og_url":"https:\/\/jiushidao.com\/vi\/san-pham\/emerald-raisins\/","og_site_name":"Jiushidao - Global Food Marketplace for Business Growth and Cosumers","article_modified_time":"2025-10-30T23:42:38+00:00","og_image":[{"width":1200,"height":1200,"url":"https:\/\/jiushidao.com\/wp-content\/uploads\/2025\/10\/6-1200x1200.png","type":"image\/png"}],"twitter_card":"summary_large_image","twitter_misc":{"\u01af\u1edbc t\u00ednh th\u1eddi gian \u0111\u1ecdc":"1 ph\u00fat"},"schema":{"@context":"https:\/\/schema.org","@graph":[{"@type":"WebPage","@id":"https:\/\/jiushidao.com\/product\/emerald-raisins\/","url":"https:\/\/jiushidao.com\/product\/emerald-raisins\/","name":"Emerald Raisins - Jiushidao - Global Food Marketplace for Business Growth and Cosumers","isPartOf":{"@id":"https:\/\/jiushidao.com\/#website"},"primaryImageOfPage":{"@id":"https:\/\/jiushidao.com\/product\/emerald-raisins\/#primaryimage"},"image":{"@id":"https:\/\/jiushidao.com\/product\/emerald-raisins\/#primaryimage"},"thumbnailUrl":"https:\/\/jiushidao.com\/wp-content\/uploads\/2025\/10\/6.png","datePublished":"2025-10-29T07:56:10+00:00","dateModified":"2025-10-30T23:42:38+00:00","breadcrumb":{"@id":"https:\/\/jiushidao.com\/product\/emerald-raisins\/#breadcrumb"},"inLanguage":"vi","potentialAction":[{"@type":"ReadAction","target":["https:\/\/jiushidao.com\/product\/emerald-raisins\/"]}]},{"@type":"ImageObject","inLanguage":"vi","@id":"https:\/\/jiushidao.com\/product\/emerald-raisins\/#primaryimage","url":"https:\/\/jiushidao.com\/wp-content\/uploads\/2025\/10\/6.png","contentUrl":"https:\/\/jiushidao.com\/wp-content\/uploads\/2025\/10\/6.png","width":1600,"height":1600},{"@type":"BreadcrumbList","@id":"https:\/\/jiushidao.com\/product\/emerald-raisins\/#breadcrumb","itemListElement":[{"@type":"ListItem","position":1,"name":"Home","item":"https:\/\/jiushidao.com\/"},{"@type":"ListItem","position":2,"name":"Store","item":"https:\/\/jiushidao.com\/store\/"},{"@type":"ListItem","position":3,"name":"Emerald Raisins"}]},{"@type":"WebSite","@id":"https:\/\/jiushidao.com\/#website","url":"https:\/\/jiushidao.com\/","name":"Jiushidao - Global Food Marketplace for Business Growth and Cosumers","description":"Jiushidao - Global Food Marketplace for Business Growth and Cosumers","potentialAction":[{"@type":"SearchAction","target":{"@type":"EntryPoint","urlTemplate":"https:\/\/jiushidao.com\/?s={search_term_string}"},"query-input":{"@type":"PropertyValueSpecification","valueRequired":true,"valueName":"search_term_string"}}],"inLanguage":"vi"}]}},"_links":{"self":[{"href":"https:\/\/jiushidao.com\/vi\/wp-json\/wp\/v2\/product\/602","targetHints":{"allow":["GET"]}}],"collection":[{"href":"https:\/\/jiushidao.com\/vi\/wp-json\/wp\/v2\/product"}],"about":[{"href":"https:\/\/jiushidao.com\/vi\/wp-json\/wp\/v2\/types\/product"}],"replies":[{"embeddable":true,"href":"https:\/\/jiushidao.com\/vi\/wp-json\/wp\/v2\/comments?post=602"}],"version-history":[{"count":3,"href":"https:\/\/jiushidao.com\/vi\/wp-json\/wp\/v2\/product\/602\/revisions"}],"predecessor-version":[{"id":791,"href":"https:\/\/jiushidao.com\/vi\/wp-json\/wp\/v2\/product\/602\/revisions\/791"}],"wp:featuredmedia":[{"embeddable":true,"href":"https:\/\/jiushidao.com\/vi\/wp-json\/wp\/v2\/media\/603"}],"wp:attachment":[{"href":"https:\/\/jiushidao.com\/vi\/wp-json\/wp\/v2\/media?parent=602"}],"wp:term":[{"taxonomy":"product_brand","embeddable":true,"href":"https:\/\/jiushidao.com\/vi\/wp-json\/wp\/v2\/product_brand?post=602"},{"taxonomy":"product_cat","embeddable":true,"href":"https:\/\/jiushidao.com\/vi\/wp-json\/wp\/v2\/product_cat?post=602"},{"taxonomy":"product_tag","embeddable":true,"href":"https:\/\/jiushidao.com\/vi\/wp-json\/wp\/v2\/product_tag?post=602"}],"curies":[{"name":"wp","href":"https:\/\/api.w.org\/{rel}","templated":true}]}}