{"id":596,"date":"2025-10-29T07:49:09","date_gmt":"2025-10-29T07:49:09","guid":{"rendered":"https:\/\/jiushidao.com\/?post_type=product&#038;p=596"},"modified":"2025-10-30T23:51:36","modified_gmt":"2025-10-30T23:51:36","slug":"crispy-date-slices","status":"publish","type":"product","link":"https:\/\/jiushidao.com\/vi\/san-pham\/crispy-date-slices\/","title":{"rendered":"L\u00e1t ch\u00e0 l\u00e0 gi\u00f2n"},"content":{"rendered":"<section class=\"ybc-p\"><strong>Nh\u1eefng l\u00e1t ch\u00e0 l\u00e0 \u0111\u1ecf gi\u00f2n: S\u1ef1 k\u1ebft h\u1ee3p ho\u00e0n h\u1ea3o gi\u1eefa \u0111\u1ed9 gi\u00f2n v\u00e0 dinh d\u01b0\u1ee1ng<\/strong><\/section>\n<section class=\"ybc-p\">\u0110\u01b0\u1ee3c l\u00e0m t\u1eeb nh\u1eefng qu\u1ea3 ch\u00e0 l\u00e0 \u0111\u1ecf h\u1ea3o h\u1ea1ng \u0111\u01b0\u1ee3c tuy\u1ec3n ch\u1ecdn k\u1ef9 l\u01b0\u1ee1ng, nh\u1eefng l\u00e1t m\u1ecfng n\u00e0y tr\u1ea3i qua nhi\u1ec1u v\u00f2ng ph\u00e2n lo\u1ea1i v\u00e0 ch\u1ebf bi\u1ebfn ch\u00ednh x\u00e1c \u0111\u1ec3 \u0111\u1ea1t \u0111\u01b0\u1ee3c k\u1ebft c\u1ea5u l\u00fd t\u01b0\u1edfng. M\u1ed7i l\u00e1t \u0111\u01b0\u1ee3c c\u1eaft \u0111\u1ec1u, mang m\u00e0u s\u1eafc h\u1ea5p d\u1eabn v\u00e0 \u0111\u1ed9 gi\u00f2n tan kh\u00f3 c\u01b0\u1ee1ng, t\u1ea1o n\u00ean c\u1ea3m gi\u00e1c \u201cr\u1eafc\u201d th\u1ecfa m\u00e3n m\u1ed7i khi c\u1eafn. Tuy gi\u00f2n tan, nh\u01b0ng ch\u00fang v\u1eabn gi\u1eef nguy\u00ean v\u1ecb ng\u1ecdt t\u1ef1 nhi\u00ean c\u1ee7a ch\u00e0 l\u00e0 \u0111\u1ecf, gi\u00e0u vitamin v\u00e0 kho\u00e1ng ch\u1ea5t, \u0111\u01b0\u1ee3c bi\u1ebft \u0111\u1ebfn trong y h\u1ecdc c\u1ed5 truy\u1ec1n nh\u1edd kh\u1ea3 n\u0103ng nu\u00f4i d\u01b0\u1ee1ng s\u1ee9c s\u1ed1ng, h\u1ed7 tr\u1ee3 s\u1ee9c kh\u1ecfe m\u00e1u v\u00e0 mang l\u1ea1i s\u1ef1 b\u00ecnh t\u0129nh.<\/section>\n<section class=\"ybc-p\">Th\u01b0\u1edfng th\u1ee9c ch\u00fang nh\u01b0 m\u1ed9t m\u00f3n \u0103n nh\u1eb9 \u0111\u1ec3 c\u00f3 m\u1ed9t b\u1eefa \u0103n ngon mi\u1ec7ng, ho\u1eb7c ng\u00e2m ch\u00fang trong n\u01b0\u1edbc n\u00f3ng \u0111\u1ec3 gi\u1ea3i ph\u00f3ng \u0111\u1ed9 \u1ea5m v\u00e0 v\u1ecb ng\u1ecdt c\u1ee7a ch\u00fang th\u00e0nh m\u1ed9t th\u1ee9c u\u1ed1ng d\u1ec5 ch\u1ecbu.<\/section>\n<section class=\"ybc-p\"><strong>C\u00e1c t\u00ednh n\u0103ng ch\u00ednh:<\/strong><\/section>\n<ul class=\"ybc-ul-component\">\n<li class=\"ybc-li-component ybc-li-component_ul\">\n<section class=\"ybc-p\"><strong>L\u1ef1a ch\u1ecdn cao c\u1ea5p &amp; Tay ngh\u1ec1 th\u1ee7 c\u00f4ng:<\/strong>\u0110\u01b0\u1ee3c l\u00e0m t\u1eeb nh\u1eefng qu\u1ea3 ch\u00e0 l\u00e0 \u0111\u1ecf ch\u1ea5t l\u01b0\u1ee3ng cao, \u0111\u01b0\u1ee3c th\u00e1i l\u00e1t v\u00e0 ch\u1ebf bi\u1ebfn t\u1ec9 m\u1ec9 \u0111\u1ec3 c\u00f3 \u0111\u1ed9 m\u1ecfng \u0111\u1ed3ng \u0111\u1ec1u v\u00e0 \u0111\u1ed9 gi\u00f2n t\u1ed1i \u01b0u.<\/section>\n<\/li>\n<li class=\"ybc-li-component ybc-li-component_ul\">\n<section class=\"ybc-p\"><strong>S\u1ef1 gi\u00f2n tan th\u1ecfa m\u00e3n:<\/strong>Mang l\u1ea1i k\u1ebft c\u1ea5u gi\u00f2n nh\u1eb9 v\u1edbi h\u01b0\u01a1ng v\u1ecb ng\u1ecdt t\u1ef1 nhi\u00ean.<\/section>\n<\/li>\n<li class=\"ybc-li-component ybc-li-component_ul\">\n<section class=\"ybc-p\"><strong>Gi\u00e0u dinh d\u01b0\u1ee1ng:<\/strong>Ch\u1ee9a vitamin, kho\u00e1ng ch\u1ea5t v\u00e0 c\u00e1c l\u1ee3i \u00edch s\u1ee9c kh\u1ecfe truy\u1ec1n th\u1ed1ng.<\/section>\n<\/li>\n<li class=\"ybc-li-component ybc-li-component_ul\">\n<section class=\"ybc-p\"><strong>Th\u01b0\u1edfng th\u1ee9c \u0111a d\u1ea1ng:<\/strong>Th\u00edch h\u1ee3p \u0111\u1ec3 \u0103n v\u1eb7t ho\u1eb7c pha th\u00e0nh \u0111\u1ed3 u\u1ed1ng \u1ea5m, th\u01a1m.<\/section>\n<\/li>\n<\/ul>","protected":false},"excerpt":{"rendered":"<p>Nh\u1eefng l\u00e1t ch\u00e0 l\u00e0 \u0111\u1ecf gi\u00f2n: S\u1ef1 k\u1ebft h\u1ee3p ho\u00e0n h\u1ea3o gi\u1eefa \u0111\u1ed9 gi\u00f2n v\u00e0 dinh d\u01b0\u1ee1ng \u0110\u01b0\u1ee3c l\u00e0m t\u1eeb nh\u1eefng l\u00e1t ch\u00e0 l\u00e0 \u0111\u1ecf h\u1ea3o h\u1ea1ng \u0111\u01b0\u1ee3c l\u1ef1a ch\u1ecdn c\u1ea9n th\u1eadn, nh\u1eefng l\u00e1t ch\u00e0 l\u00e0 m\u1ecfng n\u00e0y tr\u1ea3i qua nhi\u1ec1u v\u00f2ng ph\u00e2n lo\u1ea1i<span class=\"excerpt-hellip\"> [\u2026]<\/span><\/p>","protected":false},"featured_media":597,"comment_status":"open","ping_status":"closed","template":"","meta":[],"product_brand":[52],"product_cat":[51],"product_tag":[],"class_list":{"0":"post-596","1":"product","2":"type-product","3":"status-publish","4":"has-post-thumbnail","6":"product_brand-guo_ren_shi_ke","7":"product_cat-dried_fruits_and_preserves","9":"first","10":"instock","11":"shipping-taxable","12":"product-type-simple"},"yoast_head":"<!-- This site is optimized with the Yoast SEO Premium plugin v25.8 (Yoast SEO v25.8) - https:\/\/yoast.com\/wordpress\/plugins\/seo\/ -->\n<title>Crispy Date Slices - Jiushidao - Global Food Marketplace for Business Growth and Cosumers<\/title>\n<meta name=\"robots\" content=\"index, follow, max-snippet:-1, max-image-preview:large, max-video-preview:-1\" \/>\n<link rel=\"canonical\" href=\"https:\/\/jiushidao.com\/vi\/san-pham\/crispy-date-slices\/\" \/>\n<meta property=\"og:locale\" content=\"vi_VN\" \/>\n<meta property=\"og:type\" content=\"article\" \/>\n<meta property=\"og:title\" content=\"Crispy Date Slices\" \/>\n<meta property=\"og:description\" content=\"Crispy Red Date Slices: The Perfect Fusion of Crunch and Nourishment Made from carefully selected premium red dates, these thin slices undergo multiple rounds of sorting [\u2026]\" \/>\n<meta property=\"og:url\" content=\"https:\/\/jiushidao.com\/vi\/san-pham\/crispy-date-slices\/\" \/>\n<meta property=\"og:site_name\" content=\"Jiushidao - Global Food Marketplace for Business Growth and Cosumers\" \/>\n<meta property=\"article:modified_time\" content=\"2025-10-30T23:51:36+00:00\" \/>\n<meta property=\"og:image\" content=\"https:\/\/jiushidao.com\/wp-content\/uploads\/2025\/10\/4-1200x1200.png\" \/>\n\t<meta property=\"og:image:width\" content=\"1200\" \/>\n\t<meta property=\"og:image:height\" content=\"1200\" \/>\n\t<meta property=\"og:image:type\" content=\"image\/png\" \/>\n<meta name=\"twitter:card\" content=\"summary_large_image\" \/>\n<meta name=\"twitter:label1\" content=\"\u01af\u1edbc t\u00ednh th\u1eddi gian \u0111\u1ecdc\" \/>\n\t<meta name=\"twitter:data1\" content=\"1 ph\u00fat\" \/>\n<script type=\"application\/ld+json\" class=\"yoast-schema-graph\">{\"@context\":\"https:\/\/schema.org\",\"@graph\":[{\"@type\":\"WebPage\",\"@id\":\"https:\/\/jiushidao.com\/product\/crispy-date-slices\/\",\"url\":\"https:\/\/jiushidao.com\/product\/crispy-date-slices\/\",\"name\":\"Crispy Date Slices - Jiushidao - Global Food Marketplace for Business Growth and Cosumers\",\"isPartOf\":{\"@id\":\"https:\/\/jiushidao.com\/#website\"},\"primaryImageOfPage\":{\"@id\":\"https:\/\/jiushidao.com\/product\/crispy-date-slices\/#primaryimage\"},\"image\":{\"@id\":\"https:\/\/jiushidao.com\/product\/crispy-date-slices\/#primaryimage\"},\"thumbnailUrl\":\"https:\/\/jiushidao.com\/wp-content\/uploads\/2025\/10\/4.png\",\"datePublished\":\"2025-10-29T07:49:09+00:00\",\"dateModified\":\"2025-10-30T23:51:36+00:00\",\"breadcrumb\":{\"@id\":\"https:\/\/jiushidao.com\/product\/crispy-date-slices\/#breadcrumb\"},\"inLanguage\":\"vi\",\"potentialAction\":[{\"@type\":\"ReadAction\",\"target\":[\"https:\/\/jiushidao.com\/product\/crispy-date-slices\/\"]}]},{\"@type\":\"ImageObject\",\"inLanguage\":\"vi\",\"@id\":\"https:\/\/jiushidao.com\/product\/crispy-date-slices\/#primaryimage\",\"url\":\"https:\/\/jiushidao.com\/wp-content\/uploads\/2025\/10\/4.png\",\"contentUrl\":\"https:\/\/jiushidao.com\/wp-content\/uploads\/2025\/10\/4.png\",\"width\":1600,\"height\":1600},{\"@type\":\"BreadcrumbList\",\"@id\":\"https:\/\/jiushidao.com\/product\/crispy-date-slices\/#breadcrumb\",\"itemListElement\":[{\"@type\":\"ListItem\",\"position\":1,\"name\":\"Home\",\"item\":\"https:\/\/jiushidao.com\/\"},{\"@type\":\"ListItem\",\"position\":2,\"name\":\"Store\",\"item\":\"https:\/\/jiushidao.com\/store\/\"},{\"@type\":\"ListItem\",\"position\":3,\"name\":\"Crispy Date Slices\"}]},{\"@type\":\"WebSite\",\"@id\":\"https:\/\/jiushidao.com\/#website\",\"url\":\"https:\/\/jiushidao.com\/\",\"name\":\"Jiushidao - Global Food Marketplace for Business Growth and Cosumers\",\"description\":\"Jiushidao - Global Food Marketplace for Business Growth and Cosumers\",\"potentialAction\":[{\"@type\":\"SearchAction\",\"target\":{\"@type\":\"EntryPoint\",\"urlTemplate\":\"https:\/\/jiushidao.com\/?s={search_term_string}\"},\"query-input\":{\"@type\":\"PropertyValueSpecification\",\"valueRequired\":true,\"valueName\":\"search_term_string\"}}],\"inLanguage\":\"vi\"}]}<\/script>\n<!-- \/ Yoast SEO Premium plugin. -->","yoast_head_json":{"title":"Crispy Date Slices - Jiushidao - Global Food Marketplace for Business Growth and Cosumers","robots":{"index":"index","follow":"follow","max-snippet":"max-snippet:-1","max-image-preview":"max-image-preview:large","max-video-preview":"max-video-preview:-1"},"canonical":"https:\/\/jiushidao.com\/vi\/san-pham\/crispy-date-slices\/","og_locale":"vi_VN","og_type":"article","og_title":"Crispy Date Slices","og_description":"Crispy Red Date Slices: The Perfect Fusion of Crunch and Nourishment Made from carefully selected premium red dates, these thin slices undergo multiple rounds of sorting [\u2026]","og_url":"https:\/\/jiushidao.com\/vi\/san-pham\/crispy-date-slices\/","og_site_name":"Jiushidao - Global Food Marketplace for Business Growth and Cosumers","article_modified_time":"2025-10-30T23:51:36+00:00","og_image":[{"width":1200,"height":1200,"url":"https:\/\/jiushidao.com\/wp-content\/uploads\/2025\/10\/4-1200x1200.png","type":"image\/png"}],"twitter_card":"summary_large_image","twitter_misc":{"\u01af\u1edbc t\u00ednh th\u1eddi gian \u0111\u1ecdc":"1 ph\u00fat"},"schema":{"@context":"https:\/\/schema.org","@graph":[{"@type":"WebPage","@id":"https:\/\/jiushidao.com\/product\/crispy-date-slices\/","url":"https:\/\/jiushidao.com\/product\/crispy-date-slices\/","name":"Crispy Date Slices - Jiushidao - Global Food Marketplace for Business Growth and Cosumers","isPartOf":{"@id":"https:\/\/jiushidao.com\/#website"},"primaryImageOfPage":{"@id":"https:\/\/jiushidao.com\/product\/crispy-date-slices\/#primaryimage"},"image":{"@id":"https:\/\/jiushidao.com\/product\/crispy-date-slices\/#primaryimage"},"thumbnailUrl":"https:\/\/jiushidao.com\/wp-content\/uploads\/2025\/10\/4.png","datePublished":"2025-10-29T07:49:09+00:00","dateModified":"2025-10-30T23:51:36+00:00","breadcrumb":{"@id":"https:\/\/jiushidao.com\/product\/crispy-date-slices\/#breadcrumb"},"inLanguage":"vi","potentialAction":[{"@type":"ReadAction","target":["https:\/\/jiushidao.com\/product\/crispy-date-slices\/"]}]},{"@type":"ImageObject","inLanguage":"vi","@id":"https:\/\/jiushidao.com\/product\/crispy-date-slices\/#primaryimage","url":"https:\/\/jiushidao.com\/wp-content\/uploads\/2025\/10\/4.png","contentUrl":"https:\/\/jiushidao.com\/wp-content\/uploads\/2025\/10\/4.png","width":1600,"height":1600},{"@type":"BreadcrumbList","@id":"https:\/\/jiushidao.com\/product\/crispy-date-slices\/#breadcrumb","itemListElement":[{"@type":"ListItem","position":1,"name":"Home","item":"https:\/\/jiushidao.com\/"},{"@type":"ListItem","position":2,"name":"Store","item":"https:\/\/jiushidao.com\/store\/"},{"@type":"ListItem","position":3,"name":"Crispy Date Slices"}]},{"@type":"WebSite","@id":"https:\/\/jiushidao.com\/#website","url":"https:\/\/jiushidao.com\/","name":"Jiushidao - Global Food Marketplace for Business Growth and Cosumers","description":"Jiushidao - Global Food Marketplace for Business Growth and Cosumers","potentialAction":[{"@type":"SearchAction","target":{"@type":"EntryPoint","urlTemplate":"https:\/\/jiushidao.com\/?s={search_term_string}"},"query-input":{"@type":"PropertyValueSpecification","valueRequired":true,"valueName":"search_term_string"}}],"inLanguage":"vi"}]}},"_links":{"self":[{"href":"https:\/\/jiushidao.com\/vi\/wp-json\/wp\/v2\/product\/596","targetHints":{"allow":["GET"]}}],"collection":[{"href":"https:\/\/jiushidao.com\/vi\/wp-json\/wp\/v2\/product"}],"about":[{"href":"https:\/\/jiushidao.com\/vi\/wp-json\/wp\/v2\/types\/product"}],"replies":[{"embeddable":true,"href":"https:\/\/jiushidao.com\/vi\/wp-json\/wp\/v2\/comments?post=596"}],"version-history":[{"count":3,"href":"https:\/\/jiushidao.com\/vi\/wp-json\/wp\/v2\/product\/596\/revisions"}],"predecessor-version":[{"id":793,"href":"https:\/\/jiushidao.com\/vi\/wp-json\/wp\/v2\/product\/596\/revisions\/793"}],"wp:featuredmedia":[{"embeddable":true,"href":"https:\/\/jiushidao.com\/vi\/wp-json\/wp\/v2\/media\/597"}],"wp:attachment":[{"href":"https:\/\/jiushidao.com\/vi\/wp-json\/wp\/v2\/media?parent=596"}],"wp:term":[{"taxonomy":"product_brand","embeddable":true,"href":"https:\/\/jiushidao.com\/vi\/wp-json\/wp\/v2\/product_brand?post=596"},{"taxonomy":"product_cat","embeddable":true,"href":"https:\/\/jiushidao.com\/vi\/wp-json\/wp\/v2\/product_cat?post=596"},{"taxonomy":"product_tag","embeddable":true,"href":"https:\/\/jiushidao.com\/vi\/wp-json\/wp\/v2\/product_tag?post=596"}],"curies":[{"name":"wp","href":"https:\/\/api.w.org\/{rel}","templated":true}]}}