{"id":593,"date":"2025-10-29T07:47:48","date_gmt":"2025-10-29T07:47:48","guid":{"rendered":"https:\/\/jiushidao.com\/?post_type=product&#038;p=593"},"modified":"2025-10-31T00:02:38","modified_gmt":"2025-10-31T00:02:38","slug":"kashi-jun-dates","status":"publish","type":"product","link":"https:\/\/jiushidao.com\/vi\/san-pham\/kashi-jun-dates\/","title":{"rendered":"Kashi th\u00e1ng s\u00e1u ng\u00e0y"},"content":{"rendered":"<section class=\"ybc-p\"><strong>T\u00e1o t\u00e0u Kashgar: G\u00e3 kh\u1ed5ng l\u1ed3 ng\u1ecdt ng\u00e0o c\u1ee7a thi\u00ean nhi\u00ean t\u1eeb \u1ed1c \u0111\u1ea3o ng\u1eadp tr\u00e0n \u00e1nh n\u1eafng<\/strong><\/section>\n<section class=\"ybc-p\">\u0110\u01b0\u1ee3c tr\u1ed3ng t\u1ea1i c\u00e1c l\u01b0u v\u1ef1c \u1ed1c \u0111\u1ea3o m\u00e0u m\u1ee1 c\u1ee7a Kashgar, T\u00e2n C\u01b0\u01a1ng, nh\u1eefng qu\u1ea3 t\u00e1o t\u00e0u ngo\u1ea1i c\u1ee1 n\u00e0y ph\u00e1t tri\u1ec3n m\u1ea1nh m\u1ebd d\u01b0\u1edbi \u00e1nh n\u1eafng gay g\u1eaft v\u00e0 s\u1ef1 thay \u0111\u1ed5i \u0111\u1ed9t ng\u1ed9t gi\u1eefa nhi\u1ec7t \u0111\u1ed9 ban ng\u00e0y n\u00f3ng b\u1ee9c v\u00e0 ban \u0111\u00eam m\u00e1t m\u1ebb. M\u1ed7i qu\u1ea3 d\u00e0i h\u01a1n 4 cm, v\u1ecf m\u1ecfng nh\u01b0 gi\u1ea5y, th\u1ecbt d\u00e0y, ch\u1eafc v\u00e0 m\u1ed9t h\u1ea1t nh\u1ecf, mang \u0111\u1ebfn v\u1ecb ng\u1ecdt \u0111\u1eadm \u0111\u00e0 nh\u01b0 m\u1eadt ong v\u00e0 c\u1ea3m gi\u00e1c nhai th\u1ecfa m\u00e3n.<\/section>\n<section class=\"ybc-p\">Ch\u1ee9a nhi\u1ec1u vitamin C, s\u1eaft, kali v\u00e0 ch\u1ea5t x\u01a1, nh\u1eefng qu\u1ea3 t\u00e1o t\u00e0u n\u00e0y l\u00e0 m\u1ed9t m\u00f3n \u0103n nh\u1eb9 si\u00eau b\u1ed5 d\u01b0\u1ee1ng - tuy\u1ec7t v\u1eddi khi \u0103n t\u01b0\u01a1i, th\u00eam v\u00e0o s\u00fap v\u00e0 ch\u00e1o, ho\u1eb7c d\u00f9ng \u0111\u1ec3 n\u01b0\u1edbng b\u00e1nh \u0111\u1ec3 t\u1ea1o v\u1ecb ng\u1ecdt t\u1ef1 nhi\u00ean.<\/section>\n<section class=\"ybc-p\"><strong>C\u00e1c t\u00ednh n\u0103ng ch\u00ednh:<\/strong><\/section>\n<ul class=\"ybc-ul-component\">\n<li class=\"ybc-li-component ybc-li-component_ul\">\n<section class=\"ybc-p\"><strong>C\u1ef1c l\u1edbn v\u00e0 nhi\u1ec1u th\u1ecbt:<\/strong>M\u1ed7i qu\u1ea3 t\u00e1o t\u00e0u d\u00e0i h\u01a1n 4 cm, c\u00f3 \u00edt h\u1ea1t v\u00e0 nhi\u1ec1u th\u1ecbt.<\/section>\n<\/li>\n<li class=\"ybc-li-component ybc-li-component_ul\">\n<section class=\"ybc-p\"><strong>H\u01b0\u01a1ng v\u1ecb ng\u1ecdt ng\u00e0o v\u00e0 \u0111\u1eadm \u0111\u00e0:<\/strong>V\u1ecb ng\u1ecdt t\u1ef1 nhi\u00ean \u0111\u1eadm \u0111\u00e0 v\u1edbi k\u1ebft c\u1ea5u m\u1ec1m, dai.<\/section>\n<\/li>\n<li class=\"ybc-li-component ybc-li-component_ul\">\n<section class=\"ybc-p\"><strong>Gi\u00e0u ch\u1ea5t dinh d\u01b0\u1ee1ng:<\/strong>Gi\u00e0u vitamin C, s\u1eaft v\u00e0 ch\u1ea5t ch\u1ed1ng oxy h\u00f3a.<\/section>\n<\/li>\n<li class=\"ybc-li-component ybc-li-component_ul\">\n<section class=\"ybc-p\"><strong>S\u1eed d\u1ee5ng \u0111a n\u0103ng:<\/strong>Th\u00edch h\u1ee3p \u0111\u1ec3 \u0103n v\u1eb7t, n\u1ea5u \u0103n, n\u01b0\u1edbng b\u00e1nh ho\u1eb7c pha tr\u00e0.<\/section>\n<\/li>\n<\/ul>","protected":false},"excerpt":{"rendered":"<p>T\u00e1o t\u00e0u Kashgar: Ng\u01b0\u1eddi kh\u1ed5ng l\u1ed3 ng\u1ecdt ng\u00e0o c\u1ee7a thi\u00ean nhi\u00ean t\u1eeb \u1ed1c \u0111\u1ea3o ng\u1eadp tr\u00e0n \u00e1nh n\u1eafng m\u1eb7t tr\u1eddi \u0110\u01b0\u1ee3c tr\u1ed3ng \u1edf c\u00e1c l\u01b0u v\u1ef1c \u1ed1c \u0111\u1ea3o m\u00e0u m\u1ee1 c\u1ee7a Kashgar, T\u00e2n C\u01b0\u01a1ng, nh\u1eefng qu\u1ea3 t\u00e1o t\u00e0u c\u1ef1c l\u1edbn n\u00e0y ph\u00e1t tri\u1ec3n m\u1ea1nh d\u01b0\u1edbi \u00e1nh n\u1eafng m\u1eb7t tr\u1eddi gay g\u1eaft v\u00e0<span class=\"excerpt-hellip\"> [\u2026]<\/span><\/p>","protected":false},"featured_media":594,"comment_status":"open","ping_status":"closed","template":"","meta":[],"product_brand":[],"product_cat":[51],"product_tag":[],"class_list":{"0":"post-593","1":"product","2":"type-product","3":"status-publish","4":"has-post-thumbnail","6":"product_cat-dried_fruits_and_preserves","8":"first","9":"instock","10":"shipping-taxable","11":"product-type-simple"},"yoast_head":"<!-- This site is optimized with the Yoast SEO Premium plugin v25.8 (Yoast SEO v25.8) - https:\/\/yoast.com\/wordpress\/plugins\/seo\/ -->\n<title>Kashi Jun Dates - Jiushidao - Global Food Marketplace for Business Growth and Cosumers<\/title>\n<meta name=\"robots\" content=\"index, follow, max-snippet:-1, max-image-preview:large, max-video-preview:-1\" \/>\n<link rel=\"canonical\" href=\"https:\/\/jiushidao.com\/vi\/san-pham\/kashi-jun-dates\/\" \/>\n<meta property=\"og:locale\" content=\"vi_VN\" \/>\n<meta property=\"og:type\" content=\"article\" \/>\n<meta property=\"og:title\" content=\"Kashi Jun Dates\" \/>\n<meta property=\"og:description\" content=\"Kashgar Jujube: Nature&#8217;s Sweet Giant from the Sun-Drenched Oasis Grown in the fertile oasis basins of Kashgar, Xinjiang, these extra-large jujubes thrive under intense sunlight and [\u2026]\" \/>\n<meta property=\"og:url\" content=\"https:\/\/jiushidao.com\/vi\/san-pham\/kashi-jun-dates\/\" \/>\n<meta property=\"og:site_name\" content=\"Jiushidao - Global Food Marketplace for Business Growth and Cosumers\" \/>\n<meta property=\"article:modified_time\" content=\"2025-10-31T00:02:38+00:00\" \/>\n<meta property=\"og:image\" content=\"https:\/\/jiushidao.com\/wp-content\/uploads\/2025\/10\/3.png\" \/>\n\t<meta property=\"og:image:width\" content=\"1600\" \/>\n\t<meta property=\"og:image:height\" content=\"1600\" \/>\n\t<meta property=\"og:image:type\" content=\"image\/png\" \/>\n<meta name=\"twitter:card\" content=\"summary_large_image\" \/>\n<meta name=\"twitter:label1\" content=\"\u01af\u1edbc t\u00ednh th\u1eddi gian \u0111\u1ecdc\" \/>\n\t<meta name=\"twitter:data1\" content=\"1 ph\u00fat\" \/>\n<script type=\"application\/ld+json\" class=\"yoast-schema-graph\">{\"@context\":\"https:\/\/schema.org\",\"@graph\":[{\"@type\":\"WebPage\",\"@id\":\"https:\/\/jiushidao.com\/product\/kashi-jun-dates\/\",\"url\":\"https:\/\/jiushidao.com\/product\/kashi-jun-dates\/\",\"name\":\"Kashi Jun Dates - Jiushidao - Global Food Marketplace for Business Growth and Cosumers\",\"isPartOf\":{\"@id\":\"https:\/\/jiushidao.com\/#website\"},\"primaryImageOfPage\":{\"@id\":\"https:\/\/jiushidao.com\/product\/kashi-jun-dates\/#primaryimage\"},\"image\":{\"@id\":\"https:\/\/jiushidao.com\/product\/kashi-jun-dates\/#primaryimage\"},\"thumbnailUrl\":\"https:\/\/jiushidao.com\/wp-content\/uploads\/2025\/10\/3.png\",\"datePublished\":\"2025-10-29T07:47:48+00:00\",\"dateModified\":\"2025-10-31T00:02:38+00:00\",\"breadcrumb\":{\"@id\":\"https:\/\/jiushidao.com\/product\/kashi-jun-dates\/#breadcrumb\"},\"inLanguage\":\"vi\",\"potentialAction\":[{\"@type\":\"ReadAction\",\"target\":[\"https:\/\/jiushidao.com\/product\/kashi-jun-dates\/\"]}]},{\"@type\":\"ImageObject\",\"inLanguage\":\"vi\",\"@id\":\"https:\/\/jiushidao.com\/product\/kashi-jun-dates\/#primaryimage\",\"url\":\"https:\/\/jiushidao.com\/wp-content\/uploads\/2025\/10\/3.png\",\"contentUrl\":\"https:\/\/jiushidao.com\/wp-content\/uploads\/2025\/10\/3.png\",\"width\":1600,\"height\":1600},{\"@type\":\"BreadcrumbList\",\"@id\":\"https:\/\/jiushidao.com\/product\/kashi-jun-dates\/#breadcrumb\",\"itemListElement\":[{\"@type\":\"ListItem\",\"position\":1,\"name\":\"Home\",\"item\":\"https:\/\/jiushidao.com\/\"},{\"@type\":\"ListItem\",\"position\":2,\"name\":\"Store\",\"item\":\"https:\/\/jiushidao.com\/store\/\"},{\"@type\":\"ListItem\",\"position\":3,\"name\":\"Kashi Jun Dates\"}]},{\"@type\":\"WebSite\",\"@id\":\"https:\/\/jiushidao.com\/#website\",\"url\":\"https:\/\/jiushidao.com\/\",\"name\":\"Jiushidao - Global Food Marketplace for Business Growth and Cosumers\",\"description\":\"Jiushidao - Global Food Marketplace for Business Growth and Cosumers\",\"potentialAction\":[{\"@type\":\"SearchAction\",\"target\":{\"@type\":\"EntryPoint\",\"urlTemplate\":\"https:\/\/jiushidao.com\/?s={search_term_string}\"},\"query-input\":{\"@type\":\"PropertyValueSpecification\",\"valueRequired\":true,\"valueName\":\"search_term_string\"}}],\"inLanguage\":\"vi\"}]}<\/script>\n<!-- \/ Yoast SEO Premium plugin. -->","yoast_head_json":{"title":"Kashi Jun Dates - Jiushidao - Global Food Marketplace for Business Growth and Cosumers","robots":{"index":"index","follow":"follow","max-snippet":"max-snippet:-1","max-image-preview":"max-image-preview:large","max-video-preview":"max-video-preview:-1"},"canonical":"https:\/\/jiushidao.com\/vi\/san-pham\/kashi-jun-dates\/","og_locale":"vi_VN","og_type":"article","og_title":"Kashi Jun Dates","og_description":"Kashgar Jujube: Nature&#8217;s Sweet Giant from the Sun-Drenched Oasis Grown in the fertile oasis basins of Kashgar, Xinjiang, these extra-large jujubes thrive under intense sunlight and [\u2026]","og_url":"https:\/\/jiushidao.com\/vi\/san-pham\/kashi-jun-dates\/","og_site_name":"Jiushidao - Global Food Marketplace for Business Growth and Cosumers","article_modified_time":"2025-10-31T00:02:38+00:00","og_image":[{"width":1600,"height":1600,"url":"https:\/\/jiushidao.com\/wp-content\/uploads\/2025\/10\/3.png","type":"image\/png"}],"twitter_card":"summary_large_image","twitter_misc":{"\u01af\u1edbc t\u00ednh th\u1eddi gian \u0111\u1ecdc":"1 ph\u00fat"},"schema":{"@context":"https:\/\/schema.org","@graph":[{"@type":"WebPage","@id":"https:\/\/jiushidao.com\/product\/kashi-jun-dates\/","url":"https:\/\/jiushidao.com\/product\/kashi-jun-dates\/","name":"Kashi Jun Dates - Jiushidao - Global Food Marketplace for Business Growth and Cosumers","isPartOf":{"@id":"https:\/\/jiushidao.com\/#website"},"primaryImageOfPage":{"@id":"https:\/\/jiushidao.com\/product\/kashi-jun-dates\/#primaryimage"},"image":{"@id":"https:\/\/jiushidao.com\/product\/kashi-jun-dates\/#primaryimage"},"thumbnailUrl":"https:\/\/jiushidao.com\/wp-content\/uploads\/2025\/10\/3.png","datePublished":"2025-10-29T07:47:48+00:00","dateModified":"2025-10-31T00:02:38+00:00","breadcrumb":{"@id":"https:\/\/jiushidao.com\/product\/kashi-jun-dates\/#breadcrumb"},"inLanguage":"vi","potentialAction":[{"@type":"ReadAction","target":["https:\/\/jiushidao.com\/product\/kashi-jun-dates\/"]}]},{"@type":"ImageObject","inLanguage":"vi","@id":"https:\/\/jiushidao.com\/product\/kashi-jun-dates\/#primaryimage","url":"https:\/\/jiushidao.com\/wp-content\/uploads\/2025\/10\/3.png","contentUrl":"https:\/\/jiushidao.com\/wp-content\/uploads\/2025\/10\/3.png","width":1600,"height":1600},{"@type":"BreadcrumbList","@id":"https:\/\/jiushidao.com\/product\/kashi-jun-dates\/#breadcrumb","itemListElement":[{"@type":"ListItem","position":1,"name":"Home","item":"https:\/\/jiushidao.com\/"},{"@type":"ListItem","position":2,"name":"Store","item":"https:\/\/jiushidao.com\/store\/"},{"@type":"ListItem","position":3,"name":"Kashi Jun Dates"}]},{"@type":"WebSite","@id":"https:\/\/jiushidao.com\/#website","url":"https:\/\/jiushidao.com\/","name":"Jiushidao - Global Food Marketplace for Business Growth and Cosumers","description":"Jiushidao - Global Food Marketplace for Business Growth and Cosumers","potentialAction":[{"@type":"SearchAction","target":{"@type":"EntryPoint","urlTemplate":"https:\/\/jiushidao.com\/?s={search_term_string}"},"query-input":{"@type":"PropertyValueSpecification","valueRequired":true,"valueName":"search_term_string"}}],"inLanguage":"vi"}]}},"_links":{"self":[{"href":"https:\/\/jiushidao.com\/vi\/wp-json\/wp\/v2\/product\/593","targetHints":{"allow":["GET"]}}],"collection":[{"href":"https:\/\/jiushidao.com\/vi\/wp-json\/wp\/v2\/product"}],"about":[{"href":"https:\/\/jiushidao.com\/vi\/wp-json\/wp\/v2\/types\/product"}],"replies":[{"embeddable":true,"href":"https:\/\/jiushidao.com\/vi\/wp-json\/wp\/v2\/comments?post=593"}],"version-history":[{"count":3,"href":"https:\/\/jiushidao.com\/vi\/wp-json\/wp\/v2\/product\/593\/revisions"}],"predecessor-version":[{"id":797,"href":"https:\/\/jiushidao.com\/vi\/wp-json\/wp\/v2\/product\/593\/revisions\/797"}],"wp:featuredmedia":[{"embeddable":true,"href":"https:\/\/jiushidao.com\/vi\/wp-json\/wp\/v2\/media\/594"}],"wp:attachment":[{"href":"https:\/\/jiushidao.com\/vi\/wp-json\/wp\/v2\/media?parent=593"}],"wp:term":[{"taxonomy":"product_brand","embeddable":true,"href":"https:\/\/jiushidao.com\/vi\/wp-json\/wp\/v2\/product_brand?post=593"},{"taxonomy":"product_cat","embeddable":true,"href":"https:\/\/jiushidao.com\/vi\/wp-json\/wp\/v2\/product_cat?post=593"},{"taxonomy":"product_tag","embeddable":true,"href":"https:\/\/jiushidao.com\/vi\/wp-json\/wp\/v2\/product_tag?post=593"}],"curies":[{"name":"wp","href":"https:\/\/api.w.org\/{rel}","templated":true}]}}