{"id":588,"date":"2025-10-29T07:44:51","date_gmt":"2025-10-29T07:44:51","guid":{"rendered":"https:\/\/jiushidao.com\/?post_type=product&#038;p=588"},"modified":"2025-10-30T23:55:12","modified_gmt":"2025-10-30T23:55:12","slug":"aksu-dried-apples","status":"publish","type":"product","link":"https:\/\/jiushidao.com\/vi\/san-pham\/aksu-dried-apples\/","title":{"rendered":"T\u00e1o kh\u00f4 Aksu"},"content":{"rendered":"<section class=\"ybc-p\"><strong>T\u00e1o s\u1ea5y Aksu: V\u1ecb ng\u1ecdt t\u1ef1 nhi\u00ean \u0111\u01b0\u1ee3c b\u1ea3o qu\u1ea3n d\u01b0\u1edbi \u00e1nh n\u1eafng m\u1eb7t tr\u1eddi<\/strong><\/section>\n<section class=\"ybc-p\">\u0110\u01b0\u1ee3c ch\u1ebf t\u00e1c t\u1eeb gi\u1ed1ng t\u00e1o \u201cRock Sugar Heart\u201d tr\u1ee9 danh c\u1ee7a Aksu, nh\u1eefng l\u00e1t t\u00e1o kh\u00f4 n\u00e0y n\u1eafm b\u1eaft tr\u1ecdn v\u1eb9n tinh hoa c\u1ee7a kh\u00ed h\u1eadu \u0111\u1ed9c \u0111\u00e1o T\u00e2n C\u01b0\u01a1ng - n\u01a1i \u00e1nh n\u1eafng gay g\u1eaft v\u00e0 s\u1ef1 thay \u0111\u1ed5i nhi\u1ec7t \u0111\u1ed9 \u0111\u1ed9t ng\u1ed9t gi\u1eefa ng\u00e0y v\u00e0 \u0111\u00eam t\u1ea1o n\u00ean nh\u1eefng qu\u1ea3 t\u00e1o ng\u1ecdt ng\u00e0o, gi\u00f2n tan. \u0110\u01b0\u1ee3c ph\u01a1i n\u1eafng nh\u1eb9 nh\u00e0ng \u0111\u1ec3 gi\u1eef l\u1ea1i h\u00e0m l\u01b0\u1ee3ng pectin, vitamin v\u00e0 kho\u00e1ng ch\u1ea5t t\u1ef1 nhi\u00ean, m\u1ed7i l\u00e1t t\u00e1o \u0111\u1ec1u c\u00f3 m\u00e0u v\u00e0ng \u00f3ng, k\u1ebft c\u1ea5u m\u1ec1m m\u1ea1i, dai dai v\u1edbi v\u1ecb ng\u1ecdt \u0111\u1eadm \u0111\u00e0 nh\u01b0 m\u1eadt ong.<\/section>\n<section class=\"ybc-p\">Th\u01b0\u1edfng th\u1ee9c ch\u00fang nh\u01b0 m\u1ed9t m\u00f3n \u0103n nh\u1eb9 l\u00e0nh m\u1ea1nh, ho\u1eb7c th\u00eam v\u00e0o s\u1eefa chua, y\u1ebfn m\u1ea1ch v\u00e0 c\u00e1c m\u00f3n n\u01b0\u1edbng \u0111\u1ec3 c\u00f3 h\u01b0\u01a1ng v\u1ecb t\u1ef1 nhi\u00ean. Kh\u00f4ng ch\u1ea5t ph\u1ee5 gia hay ch\u1ea5t b\u1ea3o qu\u1ea3n, nh\u1eefng l\u00e1t t\u00e1o n\u00e0y mang \u0111\u1ebfn ngu\u1ed3n dinh d\u01b0\u1ee1ng tinh khi\u1ebft, th\u01a1m ngon trong t\u1eebng mi\u1ebfng c\u1eafn.<\/section>\n<section class=\"ybc-p\"><strong>C\u00e1c t\u00ednh n\u0103ng ch\u00ednh:<\/strong><\/section>\n<ul class=\"ybc-ul-component\">\n<li class=\"ybc-li-component ybc-li-component_ul\">\n<section class=\"ybc-p\"><strong>Ngu\u1ed3n g\u1ed1c thu\u1ea7n t\u00fay:<\/strong>\u0110\u01b0\u1ee3c l\u00e0m t\u1eeb nh\u1eefng qu\u1ea3 t\u00e1o Aksu \u201cRock Sugar Heart\u201d cao c\u1ea5p, n\u1ed5i ti\u1ebfng v\u00ec v\u1ecb ng\u1ecdt t\u1ef1 nhi\u00ean.<\/section>\n<\/li>\n<li class=\"ybc-li-component ybc-li-component_ul\">\n<section class=\"ybc-p\"><strong>S\u1ef1 t\u1ed1t l\u00e0nh c\u1ee7a vi\u1ec7c ph\u01a1i n\u1eafng:<\/strong>S\u1ea5y kh\u00f4 nh\u1eb9 nh\u00e0ng \u0111\u1ec3 b\u1ea3o qu\u1ea3n c\u00e1c ch\u1ea5t dinh d\u01b0\u1ee1ng nh\u01b0 pectin v\u00e0 vitamin.<\/section>\n<\/li>\n<li class=\"ybc-li-component ybc-li-component_ul\">\n<section class=\"ybc-p\"><strong>K\u1ebft c\u1ea5u m\u1ec1m v\u00e0 dai:<\/strong>Nh\u1eefng l\u00e1t v\u00e0ng \u01b0\u01a1m, m\u1ec1m m\u1ea1i v\u00e0 h\u01b0\u01a1ng v\u1ecb t\u00e1o n\u1ed3ng n\u00e0n.<\/section>\n<\/li>\n<li class=\"ybc-li-component ybc-li-component_ul\">\n<section class=\"ybc-p\"><strong>S\u1eed d\u1ee5ng \u0111a n\u0103ng:<\/strong>Th\u00edch h\u1ee3p \u0111\u1ec3 \u0103n v\u1eb7t, n\u01b0\u1edbng b\u00e1nh ho\u1eb7c d\u00f9ng k\u00e8m v\u1edbi c\u00e1c m\u00f3n \u0103n s\u00e1ng.<\/section>\n<\/li>\n<\/ul>","protected":false},"excerpt":{"rendered":"<p>L\u00e1t t\u00e1o kh\u00f4 Aksu: V\u1ecb ng\u1ecdt t\u1ef1 nhi\u00ean \u0111\u01b0\u1ee3c b\u1ea3o qu\u1ea3n d\u01b0\u1edbi \u00e1nh n\u1eafng m\u1eb7t tr\u1eddi \u0110\u01b0\u1ee3c ch\u1ebf t\u00e1c t\u1eeb nh\u1eefng qu\u1ea3 t\u00e1o \u201cRock Sugar Heart\u201d n\u1ed5i ti\u1ebfng c\u1ee7a Aksu, nh\u1eefng l\u00e1t t\u00e1o kh\u00f4 n\u00e0y l\u01b0u gi\u1eef \u0111\u01b0\u1ee3c h\u01b0\u01a1ng v\u1ecb tinh t\u00fay<span class=\"excerpt-hellip\"> [\u2026]<\/span><\/p>","protected":false},"featured_media":592,"comment_status":"open","ping_status":"closed","template":"","meta":[],"product_brand":[52],"product_cat":[51],"product_tag":[],"class_list":{"0":"post-588","1":"product","2":"type-product","3":"status-publish","4":"has-post-thumbnail","6":"product_brand-guo_ren_shi_ke","7":"product_cat-dried_fruits_and_preserves","9":"first","10":"instock","11":"shipping-taxable","12":"product-type-simple"},"yoast_head":"<!-- This site is optimized with the Yoast SEO Premium plugin v25.8 (Yoast SEO v25.8) - https:\/\/yoast.com\/wordpress\/plugins\/seo\/ -->\n<title>Aksu Dried Apples - Jiushidao - Global Food Marketplace for Business Growth and Cosumers<\/title>\n<meta name=\"robots\" content=\"index, follow, max-snippet:-1, max-image-preview:large, max-video-preview:-1\" \/>\n<link rel=\"canonical\" href=\"https:\/\/jiushidao.com\/vi\/san-pham\/aksu-dried-apples\/\" \/>\n<meta property=\"og:locale\" content=\"vi_VN\" \/>\n<meta property=\"og:type\" content=\"article\" \/>\n<meta property=\"og:title\" content=\"Aksu Dried Apples\" \/>\n<meta property=\"og:description\" content=\"Aksu Dried Apple Slices: Nature&#8217;s Sweetness Preserved in the Sun Crafted from the renowned &#8220;Rock Sugar Heart&#8221; apples of Aksu, these dried slices capture the essence [\u2026]\" \/>\n<meta property=\"og:url\" content=\"https:\/\/jiushidao.com\/vi\/san-pham\/aksu-dried-apples\/\" \/>\n<meta property=\"og:site_name\" content=\"Jiushidao - Global Food Marketplace for Business Growth and Cosumers\" \/>\n<meta property=\"article:modified_time\" content=\"2025-10-30T23:55:12+00:00\" \/>\n<meta property=\"og:image\" content=\"https:\/\/jiushidao.com\/wp-content\/uploads\/2025\/10\/WPS\u56fe\u72471.jpg\" \/>\n\t<meta property=\"og:image:width\" content=\"800\" \/>\n\t<meta property=\"og:image:height\" content=\"800\" \/>\n\t<meta property=\"og:image:type\" content=\"image\/jpeg\" \/>\n<meta name=\"twitter:card\" content=\"summary_large_image\" \/>\n<meta name=\"twitter:label1\" content=\"\u01af\u1edbc t\u00ednh th\u1eddi gian \u0111\u1ecdc\" \/>\n\t<meta name=\"twitter:data1\" content=\"1 ph\u00fat\" \/>\n<script type=\"application\/ld+json\" class=\"yoast-schema-graph\">{\"@context\":\"https:\/\/schema.org\",\"@graph\":[{\"@type\":\"WebPage\",\"@id\":\"https:\/\/jiushidao.com\/product\/aksu-dried-apples\/\",\"url\":\"https:\/\/jiushidao.com\/product\/aksu-dried-apples\/\",\"name\":\"Aksu Dried Apples - Jiushidao - Global Food Marketplace for Business Growth and Cosumers\",\"isPartOf\":{\"@id\":\"https:\/\/jiushidao.com\/#website\"},\"primaryImageOfPage\":{\"@id\":\"https:\/\/jiushidao.com\/product\/aksu-dried-apples\/#primaryimage\"},\"image\":{\"@id\":\"https:\/\/jiushidao.com\/product\/aksu-dried-apples\/#primaryimage\"},\"thumbnailUrl\":\"https:\/\/jiushidao.com\/wp-content\/uploads\/2025\/10\/WPS\u56fe\u72471.jpg\",\"datePublished\":\"2025-10-29T07:44:51+00:00\",\"dateModified\":\"2025-10-30T23:55:12+00:00\",\"breadcrumb\":{\"@id\":\"https:\/\/jiushidao.com\/product\/aksu-dried-apples\/#breadcrumb\"},\"inLanguage\":\"vi\",\"potentialAction\":[{\"@type\":\"ReadAction\",\"target\":[\"https:\/\/jiushidao.com\/product\/aksu-dried-apples\/\"]}]},{\"@type\":\"ImageObject\",\"inLanguage\":\"vi\",\"@id\":\"https:\/\/jiushidao.com\/product\/aksu-dried-apples\/#primaryimage\",\"url\":\"https:\/\/jiushidao.com\/wp-content\/uploads\/2025\/10\/WPS\u56fe\u72471.jpg\",\"contentUrl\":\"https:\/\/jiushidao.com\/wp-content\/uploads\/2025\/10\/WPS\u56fe\u72471.jpg\",\"width\":800,\"height\":800},{\"@type\":\"BreadcrumbList\",\"@id\":\"https:\/\/jiushidao.com\/product\/aksu-dried-apples\/#breadcrumb\",\"itemListElement\":[{\"@type\":\"ListItem\",\"position\":1,\"name\":\"Home\",\"item\":\"https:\/\/jiushidao.com\/\"},{\"@type\":\"ListItem\",\"position\":2,\"name\":\"Store\",\"item\":\"https:\/\/jiushidao.com\/store\/\"},{\"@type\":\"ListItem\",\"position\":3,\"name\":\"Aksu Dried Apples\"}]},{\"@type\":\"WebSite\",\"@id\":\"https:\/\/jiushidao.com\/#website\",\"url\":\"https:\/\/jiushidao.com\/\",\"name\":\"Jiushidao - Global Food Marketplace for Business Growth and Cosumers\",\"description\":\"Jiushidao - Global Food Marketplace for Business Growth and Cosumers\",\"potentialAction\":[{\"@type\":\"SearchAction\",\"target\":{\"@type\":\"EntryPoint\",\"urlTemplate\":\"https:\/\/jiushidao.com\/?s={search_term_string}\"},\"query-input\":{\"@type\":\"PropertyValueSpecification\",\"valueRequired\":true,\"valueName\":\"search_term_string\"}}],\"inLanguage\":\"vi\"}]}<\/script>\n<!-- \/ Yoast SEO Premium plugin. -->","yoast_head_json":{"title":"Aksu Dried Apples - Jiushidao - Global Food Marketplace for Business Growth and Cosumers","robots":{"index":"index","follow":"follow","max-snippet":"max-snippet:-1","max-image-preview":"max-image-preview:large","max-video-preview":"max-video-preview:-1"},"canonical":"https:\/\/jiushidao.com\/vi\/san-pham\/aksu-dried-apples\/","og_locale":"vi_VN","og_type":"article","og_title":"Aksu Dried Apples","og_description":"Aksu Dried Apple Slices: Nature&#8217;s Sweetness Preserved in the Sun Crafted from the renowned &#8220;Rock Sugar Heart&#8221; apples of Aksu, these dried slices capture the essence [\u2026]","og_url":"https:\/\/jiushidao.com\/vi\/san-pham\/aksu-dried-apples\/","og_site_name":"Jiushidao - Global Food Marketplace for Business Growth and Cosumers","article_modified_time":"2025-10-30T23:55:12+00:00","og_image":[{"width":800,"height":800,"url":"https:\/\/jiushidao.com\/wp-content\/uploads\/2025\/10\/WPS\u56fe\u72471.jpg","type":"image\/jpeg"}],"twitter_card":"summary_large_image","twitter_misc":{"\u01af\u1edbc t\u00ednh th\u1eddi gian \u0111\u1ecdc":"1 ph\u00fat"},"schema":{"@context":"https:\/\/schema.org","@graph":[{"@type":"WebPage","@id":"https:\/\/jiushidao.com\/product\/aksu-dried-apples\/","url":"https:\/\/jiushidao.com\/product\/aksu-dried-apples\/","name":"Aksu Dried Apples - Jiushidao - Global Food Marketplace for Business Growth and Cosumers","isPartOf":{"@id":"https:\/\/jiushidao.com\/#website"},"primaryImageOfPage":{"@id":"https:\/\/jiushidao.com\/product\/aksu-dried-apples\/#primaryimage"},"image":{"@id":"https:\/\/jiushidao.com\/product\/aksu-dried-apples\/#primaryimage"},"thumbnailUrl":"https:\/\/jiushidao.com\/wp-content\/uploads\/2025\/10\/WPS\u56fe\u72471.jpg","datePublished":"2025-10-29T07:44:51+00:00","dateModified":"2025-10-30T23:55:12+00:00","breadcrumb":{"@id":"https:\/\/jiushidao.com\/product\/aksu-dried-apples\/#breadcrumb"},"inLanguage":"vi","potentialAction":[{"@type":"ReadAction","target":["https:\/\/jiushidao.com\/product\/aksu-dried-apples\/"]}]},{"@type":"ImageObject","inLanguage":"vi","@id":"https:\/\/jiushidao.com\/product\/aksu-dried-apples\/#primaryimage","url":"https:\/\/jiushidao.com\/wp-content\/uploads\/2025\/10\/WPS\u56fe\u72471.jpg","contentUrl":"https:\/\/jiushidao.com\/wp-content\/uploads\/2025\/10\/WPS\u56fe\u72471.jpg","width":800,"height":800},{"@type":"BreadcrumbList","@id":"https:\/\/jiushidao.com\/product\/aksu-dried-apples\/#breadcrumb","itemListElement":[{"@type":"ListItem","position":1,"name":"Home","item":"https:\/\/jiushidao.com\/"},{"@type":"ListItem","position":2,"name":"Store","item":"https:\/\/jiushidao.com\/store\/"},{"@type":"ListItem","position":3,"name":"Aksu Dried Apples"}]},{"@type":"WebSite","@id":"https:\/\/jiushidao.com\/#website","url":"https:\/\/jiushidao.com\/","name":"Jiushidao - Global Food Marketplace for Business Growth and Cosumers","description":"Jiushidao - Global Food Marketplace for Business Growth and Cosumers","potentialAction":[{"@type":"SearchAction","target":{"@type":"EntryPoint","urlTemplate":"https:\/\/jiushidao.com\/?s={search_term_string}"},"query-input":{"@type":"PropertyValueSpecification","valueRequired":true,"valueName":"search_term_string"}}],"inLanguage":"vi"}]}},"_links":{"self":[{"href":"https:\/\/jiushidao.com\/vi\/wp-json\/wp\/v2\/product\/588","targetHints":{"allow":["GET"]}}],"collection":[{"href":"https:\/\/jiushidao.com\/vi\/wp-json\/wp\/v2\/product"}],"about":[{"href":"https:\/\/jiushidao.com\/vi\/wp-json\/wp\/v2\/types\/product"}],"replies":[{"embeddable":true,"href":"https:\/\/jiushidao.com\/vi\/wp-json\/wp\/v2\/comments?post=588"}],"version-history":[{"count":2,"href":"https:\/\/jiushidao.com\/vi\/wp-json\/wp\/v2\/product\/588\/revisions"}],"predecessor-version":[{"id":794,"href":"https:\/\/jiushidao.com\/vi\/wp-json\/wp\/v2\/product\/588\/revisions\/794"}],"wp:featuredmedia":[{"embeddable":true,"href":"https:\/\/jiushidao.com\/vi\/wp-json\/wp\/v2\/media\/592"}],"wp:attachment":[{"href":"https:\/\/jiushidao.com\/vi\/wp-json\/wp\/v2\/media?parent=588"}],"wp:term":[{"taxonomy":"product_brand","embeddable":true,"href":"https:\/\/jiushidao.com\/vi\/wp-json\/wp\/v2\/product_brand?post=588"},{"taxonomy":"product_cat","embeddable":true,"href":"https:\/\/jiushidao.com\/vi\/wp-json\/wp\/v2\/product_cat?post=588"},{"taxonomy":"product_tag","embeddable":true,"href":"https:\/\/jiushidao.com\/vi\/wp-json\/wp\/v2\/product_tag?post=588"}],"curies":[{"name":"wp","href":"https:\/\/api.w.org\/{rel}","templated":true}]}}