{"id":586,"date":"2025-10-29T07:31:09","date_gmt":"2025-10-29T07:31:09","guid":{"rendered":"https:\/\/jiushidao.com\/?post_type=product&#038;p=586"},"modified":"2025-10-30T23:56:57","modified_gmt":"2025-10-30T23:56:57","slug":"kashi-red-dates","status":"publish","type":"product","link":"https:\/\/jiushidao.com\/vi\/san-pham\/kashi-red-dates\/","title":{"rendered":"Qu\u1ea3 ch\u00e0 l\u00e0 \u0111\u1ecf Kashi"},"content":{"rendered":"<section class=\"ybc-p\"><strong>T\u00e1o t\u00e0u \u0111\u1ecf Kashgar Maigaiti: Vi\u00ean ng\u1ecdc dinh d\u01b0\u1ee1ng t\u1eeb T\u00e2n C\u01b0\u01a1ng<\/strong><\/section>\n<section class=\"ybc-p\">L\u00e0 m\u1ed9t s\u1ea3n ph\u1ea9m ch\u1ec9 d\u1eabn \u0111\u1ecba l\u00fd \u0111\u01b0\u1ee3c b\u1ea3o h\u1ed9 t\u1eeb v\u00f9ng Maigaiti ng\u1eadp tr\u00e0n \u00e1nh n\u1eafng \u1edf Kashgar, nh\u1eefng qu\u1ea3 ch\u00e0 l\u00e0 \u0111\u1ecf n\u00e0y \u0111\u01b0\u1ee3c nu\u00f4i d\u01b0\u1ee1ng d\u01b0\u1edbi \u00e1nh n\u1eafng m\u1eb7t tr\u1eddi k\u00e9o d\u00e0i v\u00e0 s\u1ef1 thay \u0111\u1ed5i nhi\u1ec7t \u0111\u1ed9 \u0111\u00e1ng k\u1ec3 gi\u1eefa ng\u00e0y v\u00e0 \u0111\u00eam, t\u1ea1o n\u00ean v\u1ecb ng\u1ecdt \u0111\u1eb7c tr\u01b0ng v\u00e0 gi\u00e0u dinh d\u01b0\u1ee1ng. \u0110\u01b0\u1ee3c tr\u1ed3ng v\u00e0 ch\u1ebf bi\u1ebfn c\u1ea9n th\u1eadn - kh\u00f4ng ch\u1ea5t ph\u1ee5 gia v\u00e0 m\u00e0u nh\u00e2n t\u1ea1o - m\u1ed7i qu\u1ea3 ch\u00e0 l\u00e0 c\u0103ng m\u1ecdng, tr\u00f2n tr\u1ecba v\u00e0 r\u1ea1ng r\u1ee1 nh\u01b0 m\u1ed9t vi\u00ean h\u1ed3ng ng\u1ecdc.<\/section>\n<section class=\"ybc-p\">B\u00ean d\u01b0\u1edbi l\u1edbp v\u1ecf m\u1ecfng l\u00e0 l\u1edbp th\u1ecbt d\u00e0y, ch\u1eafc, mang \u0111\u1ebfn h\u01b0\u01a1ng v\u1ecb m\u1ec1m m\u1ea1i, ng\u1ecdt ng\u00e0o v\u00e0 th\u01a1m n\u1ed3ng, lan t\u1ecfa h\u01b0\u01a1ng th\u01a1m n\u1ed3ng n\u00e0n c\u1ee7a ch\u00e0 l\u00e0 m\u1ed7i khi c\u1eafn v\u00e0o. Kh\u00f4ng ch\u1ec9 th\u01a1m ngon, ch\u00e0 l\u00e0 c\u00f2n ch\u1ee9a nhi\u1ec1u vitamin C, vitamin E v\u00e0 c\u00e1c kho\u00e1ng ch\u1ea5t thi\u1ebft y\u1ebfu. \u0110\u01b0\u1ee3c coi tr\u1ecdng trong c\u00e1c b\u00e0i thu\u1ed1c ch\u0103m s\u00f3c s\u1ee9c kh\u1ecfe truy\u1ec1n th\u1ed1ng, ch\u00e0 l\u00e0 \u0111\u01b0\u1ee3c bi\u1ebft \u0111\u1ebfn v\u1edbi c\u00f4ng d\u1ee5ng b\u1ed5 sung n\u0103ng l\u01b0\u1ee3ng, nu\u00f4i d\u01b0\u1ee1ng m\u00e1u v\u00e0 l\u00e0m d\u1ecbu t\u00e2m tr\u00ed.<\/section>\n<section class=\"ybc-p\">Th\u01b0\u1edfng th\u1ee9c ch\u00fang nh\u01b0 m\u1ed9t m\u00f3n \u0103n nh\u1eb9 l\u00e0nh m\u1ea1nh, ho\u1eb7c th\u00eam v\u00e0o s\u00fap, ch\u00e1o v\u00e0 m\u00f3n tr\u00e1ng mi\u1ec7ng \u0111\u1ec3 c\u00f3 v\u1ecb ng\u1ecdt t\u1ef1 nhi\u00ean v\u00e0 t\u0103ng c\u01b0\u1eddng dinh d\u01b0\u1ee1ng. Ch\u00e0 l\u00e0 \u0111\u1ecf Kashgar Maigaiti mang \u0111\u1ebfn h\u01b0\u01a1ng v\u1ecb tinh t\u1ebf v\u00e0 nh\u1eefng l\u1ee3i \u00edch tuy\u1ec7t v\u1eddi cho s\u1ee9c kh\u1ecfe.<\/section>\n<section class=\"ybc-p\"><strong>C\u00e1c t\u00ednh n\u0103ng ch\u00ednh:<\/strong><\/section>\n<ul class=\"ybc-ul-component\">\n<li class=\"ybc-li-component ybc-li-component_ul\">\n<section class=\"ybc-p\"><strong>Ngu\u1ed3n g\u1ed1c \u0111\u01b0\u1ee3c b\u1ea3o h\u1ed9:<\/strong>Ch\u00e0 l\u00e0 \u0111\u1ecf Maigaiti ch\u00ednh h\u00e3ng, \u0111\u01b0\u1ee3c tr\u1ed3ng trong \u0111i\u1ec1u ki\u1ec7n kh\u00ed h\u1eadu l\u00fd t\u01b0\u1edfng.<\/section>\n<\/li>\n<li class=\"ybc-li-component ybc-li-component_ul\">\n<section class=\"ybc-p\"><strong>Tinh khi\u1ebft &amp; T\u1ef1 nhi\u00ean:<\/strong>Kh\u00f4ng c\u00f3 ch\u1ea5t ph\u1ee5 gia, kh\u00f4ng c\u00f3 m\u00e0u nh\u00e2n t\u1ea1o\u2014ch\u1ec9 c\u00f3 tr\u00e1i c\u00e2y ch\u00edn nguy\u00ean ch\u1ea5t d\u01b0\u1edbi \u00e1nh n\u1eafng m\u1eb7t tr\u1eddi.<\/section>\n<\/li>\n<li class=\"ybc-li-component ybc-li-component_ul\">\n<section class=\"ybc-p\"><strong>K\u1ebft c\u1ea5u v\u00e0 h\u01b0\u01a1ng v\u1ecb phong ph\u00fa:<\/strong>V\u1ecf m\u1ecfng, th\u1ecbt d\u00e0y, nhai m\u1ec1m v\u00e0 c\u00f3 v\u1ecb ng\u1ecdt th\u01a1m.<\/section>\n<\/li>\n<li class=\"ybc-li-component ybc-li-component_ul\">\n<section class=\"ybc-p\"><strong>Gi\u00e0u dinh d\u01b0\u1ee1ng:<\/strong>Gi\u00e0u vitamin C v\u00e0 E, kho\u00e1ng ch\u1ea5t v\u00e0 c\u00e1c l\u1ee3i \u00edch s\u1ee9c kh\u1ecfe truy\u1ec1n th\u1ed1ng.<\/section>\n<\/li>\n<\/ul>","protected":false},"excerpt":{"rendered":"<p>T\u00e1o t\u00e0u \u0111\u1ecf Maigaiti Kashgar: Vi\u00ean ng\u1ecdc dinh d\u01b0\u1ee1ng t\u1eeb T\u00e2n C\u01b0\u01a1ng L\u00e0 s\u1ea3n ph\u1ea9m ch\u1ec9 d\u1eabn \u0111\u1ecba l\u00fd \u0111\u01b0\u1ee3c b\u1ea3o h\u1ed9 t\u1eeb v\u00f9ng Maigaiti ng\u1eadp n\u1eafng \u1edf Kashgar, nh\u1eefng qu\u1ea3 t\u00e1o t\u00e0u \u0111\u1ecf n\u00e0y<span class=\"excerpt-hellip\"> [\u2026]<\/span><\/p>","protected":false},"featured_media":567,"comment_status":"open","ping_status":"closed","template":"","meta":[],"product_brand":[52],"product_cat":[51],"product_tag":[],"class_list":{"0":"post-586","1":"product","2":"type-product","3":"status-publish","4":"has-post-thumbnail","6":"product_brand-guo_ren_shi_ke","7":"product_cat-dried_fruits_and_preserves","9":"first","10":"instock","11":"shipping-taxable","12":"product-type-simple"},"yoast_head":"<!-- This site is optimized with the Yoast SEO Premium plugin v25.8 (Yoast SEO v25.8) - https:\/\/yoast.com\/wordpress\/plugins\/seo\/ -->\n<title>Kashi Red Dates - Jiushidao - Global Food Marketplace for Business Growth and Cosumers<\/title>\n<meta name=\"robots\" content=\"index, follow, max-snippet:-1, max-image-preview:large, max-video-preview:-1\" \/>\n<link rel=\"canonical\" href=\"https:\/\/jiushidao.com\/vi\/san-pham\/kashi-red-dates\/\" \/>\n<meta property=\"og:locale\" content=\"vi_VN\" \/>\n<meta property=\"og:type\" content=\"article\" \/>\n<meta property=\"og:title\" content=\"Kashi Red Dates\" \/>\n<meta property=\"og:description\" content=\"Kashgar Maigaiti Red Dates: A Ruby of Nutrition from Xinjiang As a protected geographical indicator product from the sun-drenched region of Maigaiti in Kashgar, these red [\u2026]\" \/>\n<meta property=\"og:url\" content=\"https:\/\/jiushidao.com\/vi\/san-pham\/kashi-red-dates\/\" \/>\n<meta property=\"og:site_name\" content=\"Jiushidao - Global Food Marketplace for Business Growth and Cosumers\" \/>\n<meta property=\"article:modified_time\" content=\"2025-10-30T23:56:57+00:00\" \/>\n<meta property=\"og:image\" content=\"https:\/\/jiushidao.com\/wp-content\/uploads\/2025\/10\/WPS\u56fe\u72471.png\" \/>\n\t<meta property=\"og:image:width\" content=\"215\" \/>\n\t<meta property=\"og:image:height\" content=\"216\" \/>\n\t<meta property=\"og:image:type\" content=\"image\/png\" \/>\n<meta name=\"twitter:card\" content=\"summary_large_image\" \/>\n<meta name=\"twitter:label1\" content=\"\u01af\u1edbc t\u00ednh th\u1eddi gian \u0111\u1ecdc\" \/>\n\t<meta name=\"twitter:data1\" content=\"2 ph\u00fat\" \/>\n<script type=\"application\/ld+json\" class=\"yoast-schema-graph\">{\"@context\":\"https:\/\/schema.org\",\"@graph\":[{\"@type\":\"WebPage\",\"@id\":\"https:\/\/jiushidao.com\/product\/kashi-red-dates\/\",\"url\":\"https:\/\/jiushidao.com\/product\/kashi-red-dates\/\",\"name\":\"Kashi Red Dates - Jiushidao - Global Food Marketplace for Business Growth and Cosumers\",\"isPartOf\":{\"@id\":\"https:\/\/jiushidao.com\/#website\"},\"primaryImageOfPage\":{\"@id\":\"https:\/\/jiushidao.com\/product\/kashi-red-dates\/#primaryimage\"},\"image\":{\"@id\":\"https:\/\/jiushidao.com\/product\/kashi-red-dates\/#primaryimage\"},\"thumbnailUrl\":\"https:\/\/jiushidao.com\/wp-content\/uploads\/2025\/10\/WPS\u56fe\u72471.png\",\"datePublished\":\"2025-10-29T07:31:09+00:00\",\"dateModified\":\"2025-10-30T23:56:57+00:00\",\"breadcrumb\":{\"@id\":\"https:\/\/jiushidao.com\/product\/kashi-red-dates\/#breadcrumb\"},\"inLanguage\":\"vi\",\"potentialAction\":[{\"@type\":\"ReadAction\",\"target\":[\"https:\/\/jiushidao.com\/product\/kashi-red-dates\/\"]}]},{\"@type\":\"ImageObject\",\"inLanguage\":\"vi\",\"@id\":\"https:\/\/jiushidao.com\/product\/kashi-red-dates\/#primaryimage\",\"url\":\"https:\/\/jiushidao.com\/wp-content\/uploads\/2025\/10\/WPS\u56fe\u72471.png\",\"contentUrl\":\"https:\/\/jiushidao.com\/wp-content\/uploads\/2025\/10\/WPS\u56fe\u72471.png\",\"width\":215,\"height\":216},{\"@type\":\"BreadcrumbList\",\"@id\":\"https:\/\/jiushidao.com\/product\/kashi-red-dates\/#breadcrumb\",\"itemListElement\":[{\"@type\":\"ListItem\",\"position\":1,\"name\":\"Home\",\"item\":\"https:\/\/jiushidao.com\/\"},{\"@type\":\"ListItem\",\"position\":2,\"name\":\"Store\",\"item\":\"https:\/\/jiushidao.com\/store\/\"},{\"@type\":\"ListItem\",\"position\":3,\"name\":\"Kashi Red Dates\"}]},{\"@type\":\"WebSite\",\"@id\":\"https:\/\/jiushidao.com\/#website\",\"url\":\"https:\/\/jiushidao.com\/\",\"name\":\"Jiushidao - Global Food Marketplace for Business Growth and Cosumers\",\"description\":\"Jiushidao - Global Food Marketplace for Business Growth and Cosumers\",\"potentialAction\":[{\"@type\":\"SearchAction\",\"target\":{\"@type\":\"EntryPoint\",\"urlTemplate\":\"https:\/\/jiushidao.com\/?s={search_term_string}\"},\"query-input\":{\"@type\":\"PropertyValueSpecification\",\"valueRequired\":true,\"valueName\":\"search_term_string\"}}],\"inLanguage\":\"vi\"}]}<\/script>\n<!-- \/ Yoast SEO Premium plugin. -->","yoast_head_json":{"title":"Kashi Red Dates - Jiushidao - Global Food Marketplace for Business Growth and Cosumers","robots":{"index":"index","follow":"follow","max-snippet":"max-snippet:-1","max-image-preview":"max-image-preview:large","max-video-preview":"max-video-preview:-1"},"canonical":"https:\/\/jiushidao.com\/vi\/san-pham\/kashi-red-dates\/","og_locale":"vi_VN","og_type":"article","og_title":"Kashi Red Dates","og_description":"Kashgar Maigaiti Red Dates: A Ruby of Nutrition from Xinjiang As a protected geographical indicator product from the sun-drenched region of Maigaiti in Kashgar, these red [\u2026]","og_url":"https:\/\/jiushidao.com\/vi\/san-pham\/kashi-red-dates\/","og_site_name":"Jiushidao - Global Food Marketplace for Business Growth and Cosumers","article_modified_time":"2025-10-30T23:56:57+00:00","og_image":[{"width":215,"height":216,"url":"https:\/\/jiushidao.com\/wp-content\/uploads\/2025\/10\/WPS\u56fe\u72471.png","type":"image\/png"}],"twitter_card":"summary_large_image","twitter_misc":{"\u01af\u1edbc t\u00ednh th\u1eddi gian \u0111\u1ecdc":"2 ph\u00fat"},"schema":{"@context":"https:\/\/schema.org","@graph":[{"@type":"WebPage","@id":"https:\/\/jiushidao.com\/product\/kashi-red-dates\/","url":"https:\/\/jiushidao.com\/product\/kashi-red-dates\/","name":"Kashi Red Dates - Jiushidao - Global Food Marketplace for Business Growth and Cosumers","isPartOf":{"@id":"https:\/\/jiushidao.com\/#website"},"primaryImageOfPage":{"@id":"https:\/\/jiushidao.com\/product\/kashi-red-dates\/#primaryimage"},"image":{"@id":"https:\/\/jiushidao.com\/product\/kashi-red-dates\/#primaryimage"},"thumbnailUrl":"https:\/\/jiushidao.com\/wp-content\/uploads\/2025\/10\/WPS\u56fe\u72471.png","datePublished":"2025-10-29T07:31:09+00:00","dateModified":"2025-10-30T23:56:57+00:00","breadcrumb":{"@id":"https:\/\/jiushidao.com\/product\/kashi-red-dates\/#breadcrumb"},"inLanguage":"vi","potentialAction":[{"@type":"ReadAction","target":["https:\/\/jiushidao.com\/product\/kashi-red-dates\/"]}]},{"@type":"ImageObject","inLanguage":"vi","@id":"https:\/\/jiushidao.com\/product\/kashi-red-dates\/#primaryimage","url":"https:\/\/jiushidao.com\/wp-content\/uploads\/2025\/10\/WPS\u56fe\u72471.png","contentUrl":"https:\/\/jiushidao.com\/wp-content\/uploads\/2025\/10\/WPS\u56fe\u72471.png","width":215,"height":216},{"@type":"BreadcrumbList","@id":"https:\/\/jiushidao.com\/product\/kashi-red-dates\/#breadcrumb","itemListElement":[{"@type":"ListItem","position":1,"name":"Home","item":"https:\/\/jiushidao.com\/"},{"@type":"ListItem","position":2,"name":"Store","item":"https:\/\/jiushidao.com\/store\/"},{"@type":"ListItem","position":3,"name":"Kashi Red Dates"}]},{"@type":"WebSite","@id":"https:\/\/jiushidao.com\/#website","url":"https:\/\/jiushidao.com\/","name":"Jiushidao - Global Food Marketplace for Business Growth and Cosumers","description":"Jiushidao - Global Food Marketplace for Business Growth and Cosumers","potentialAction":[{"@type":"SearchAction","target":{"@type":"EntryPoint","urlTemplate":"https:\/\/jiushidao.com\/?s={search_term_string}"},"query-input":{"@type":"PropertyValueSpecification","valueRequired":true,"valueName":"search_term_string"}}],"inLanguage":"vi"}]}},"_links":{"self":[{"href":"https:\/\/jiushidao.com\/vi\/wp-json\/wp\/v2\/product\/586","targetHints":{"allow":["GET"]}}],"collection":[{"href":"https:\/\/jiushidao.com\/vi\/wp-json\/wp\/v2\/product"}],"about":[{"href":"https:\/\/jiushidao.com\/vi\/wp-json\/wp\/v2\/types\/product"}],"replies":[{"embeddable":true,"href":"https:\/\/jiushidao.com\/vi\/wp-json\/wp\/v2\/comments?post=586"}],"version-history":[{"count":4,"href":"https:\/\/jiushidao.com\/vi\/wp-json\/wp\/v2\/product\/586\/revisions"}],"predecessor-version":[{"id":795,"href":"https:\/\/jiushidao.com\/vi\/wp-json\/wp\/v2\/product\/586\/revisions\/795"}],"wp:featuredmedia":[{"embeddable":true,"href":"https:\/\/jiushidao.com\/vi\/wp-json\/wp\/v2\/media\/567"}],"wp:attachment":[{"href":"https:\/\/jiushidao.com\/vi\/wp-json\/wp\/v2\/media?parent=586"}],"wp:term":[{"taxonomy":"product_brand","embeddable":true,"href":"https:\/\/jiushidao.com\/vi\/wp-json\/wp\/v2\/product_brand?post=586"},{"taxonomy":"product_cat","embeddable":true,"href":"https:\/\/jiushidao.com\/vi\/wp-json\/wp\/v2\/product_cat?post=586"},{"taxonomy":"product_tag","embeddable":true,"href":"https:\/\/jiushidao.com\/vi\/wp-json\/wp\/v2\/product_tag?post=586"}],"curies":[{"name":"wp","href":"https:\/\/api.w.org\/{rel}","templated":true}]}}