{"id":557,"date":"2025-10-28T14:43:17","date_gmt":"2025-10-28T14:43:17","guid":{"rendered":"https:\/\/jiushidao.com\/?post_type=product&#038;p=557"},"modified":"2025-10-28T14:58:17","modified_gmt":"2025-10-28T14:58:17","slug":"keton-nutritional-powder-hydrolyzed-whey-protein-type-solid-beverage","status":"publish","type":"product","link":"https:\/\/jiushidao.com\/vi\/san-pham\/keton-nutritional-powder-hydrolyzed-whey-protein-type-solid-beverage\/","title":{"rendered":"B\u1ed9t dinh d\u01b0\u1ee1ng Keton (Lo\u1ea1i protein whey th\u1ee7y ph\u00e2n) \u0110\u1ed3 u\u1ed1ng r\u1eafn"},"content":{"rendered":"<p>H\u1ed7 tr\u1ee3 dinh d\u01b0\u1ee1ng to\u00e0n di\u1ec7n v\u1edbi protein th\u1ee7y ph\u00e2n<br \/>\nC\u00f4ng th\u1ee9c dinh d\u01b0\u1ee1ng ti\u00ean ti\u1ebfn \u0111\u01b0\u1ee3c thi\u1ebft k\u1ebf \u0111\u1eb7c bi\u1ec7t cho ng\u01b0\u1eddi c\u00f3 ch\u1ebf \u0111\u1ed9 \u0103n ki\u00eang v\u00e0 nhu c\u1ea7u s\u1ee9c kh\u1ecfe \u0111\u1eb7c bi\u1ec7t. Ch\u1ee9a protein whey th\u1ee7y ph\u00e2n s\u00e2u gi\u00fap h\u1ea5p th\u1ee5 t\u1ed1i \u01b0u.<br \/>\nL\u1ee3i \u00edch ch\u00ednh:<br \/>\nC\u00f4ng th\u1ee9c kh\u00f4ng ch\u1ee9a gluten v\u1edbi h\u00e0m l\u01b0\u1ee3ng protein th\u1ea5p g\u00e2y d\u1ecb \u1ee9ng<br \/>\n\u00cdt \u0111\u01b0\u1eddng? V\u1edbi t\u1ef7 l\u1ec7 ketogenic 2:1<br \/>\nProtein th\u1ee7y ph\u00e2n s\u00e2u gi\u00fap h\u1ea5p th\u1ee5 ch\u1ea5t dinh d\u01b0\u1ee1ng t\u1ed1t h\u01a1n<br \/>\nDinh d\u01b0\u1ee1ng to\u00e0n di\u1ec7n v\u1edbi 10 lo\u1ea1i vitamin + 4 lo\u1ea1i kho\u00e1ng ch\u1ea5t<br \/>\nTh\u00f4ng s\u1ed1 k\u1ef9 thu\u1eadt:<br \/>\nD\u1ea1ng: B\u1ed9t \u0111\u1ed3 u\u1ed1ng d\u1ea1ng r\u1eafn<br \/>\nG\u00f3i: 30 g\u00f3i x 17,5g m\u1ed7i g\u00f3i<br \/>\nH\u1ea1n s\u1eed d\u1ee5ng: 18 th\u00e1ng<br \/>\nB\u1ea3o qu\u1ea3n: N\u01a1i kh\u00f4 r\u00e1o, tho\u00e1ng m\u00e1t, tr\u00e1nh \u00e1nh n\u1eafng tr\u1ef1c ti\u1ebfp<br \/>\nTh\u00e0nh ph\u1ea7n:<br \/>\nB\u1ed9t vi nang d\u1ea7u th\u1ef1c v\u1eadt \u0103n \u0111\u01b0\u1ee3c (D\u1ea7u h\u1ea1t c\u1ea3i \u00edt axit erucic, tinh b\u1ed9t bi\u1ebfn t\u00ednh, d\u1ea7u ng\u00f4, dextrin kh\u00e1ng, isomaltooligosaccharide), b\u1ed9t vi nang MCT, b\u1ed9t protein whey th\u1ee7y ph\u00e2n s\u00e2u (15,5%), b\u1ed9t d\u1ea7u t\u1ea3o DHA (1%), galacto-igosaccharide, tricalcium phosphate, b\u1ed9t d\u1ea7u axit arachidonic (0,5%), ch\u1ea5t b\u1ed5 sung vitamin v\u00e0 kho\u00e1ng ch\u1ea5t, h\u01b0\u01a1ng li\u1ec7u th\u1ef1c ph\u1ea9m, sucralose.<\/p>","protected":false},"excerpt":{"rendered":"<p>H\u1ed7 tr\u1ee3 dinh d\u01b0\u1ee1ng to\u00e0n di\u1ec7n v\u1edbi protein th\u1ee7y ph\u00e2n. C\u00f4ng th\u1ee9c dinh d\u01b0\u1ee1ng ti\u00ean ti\u1ebfn \u0111\u01b0\u1ee3c thi\u1ebft k\u1ebf \u0111\u1eb7c bi\u1ec7t cho nh\u1eefng ng\u01b0\u1eddi c\u00f3 ch\u1ebf \u0111\u1ed9 \u0103n ki\u00eang v\u00e0 nhu c\u1ea7u s\u1ee9c kh\u1ecfe \u0111\u1eb7c bi\u1ec7t. Ch\u1ee9a protein whey th\u1ee7y ph\u00e2n s\u00e2u.<span class=\"excerpt-hellip\"> [\u2026]<\/span><\/p>","protected":false},"featured_media":555,"comment_status":"open","ping_status":"closed","template":"","meta":[],"product_brand":[50],"product_cat":[38],"product_tag":[],"class_list":{"0":"post-557","1":"product","2":"type-product","3":"status-publish","4":"has-post-thumbnail","6":"product_brand-50","7":"product_cat-beverages-and-preparations","9":"first","10":"instock","11":"shipping-taxable","12":"product-type-simple"},"yoast_head":"<!-- This site is optimized with the Yoast SEO Premium plugin v25.8 (Yoast SEO v25.8) - https:\/\/yoast.com\/wordpress\/plugins\/seo\/ -->\n<title>Keton Nutritional Powder (Hydrolyzed Whey Protein Type) Solid Beverage - Jiushidao - Global Food Marketplace for Business Growth and Cosumers<\/title>\n<meta name=\"robots\" content=\"index, follow, max-snippet:-1, max-image-preview:large, max-video-preview:-1\" \/>\n<link rel=\"canonical\" href=\"https:\/\/jiushidao.com\/vi\/san-pham\/keton-nutritional-powder-hydrolyzed-whey-protein-type-solid-beverage\/\" \/>\n<meta property=\"og:locale\" content=\"vi_VN\" \/>\n<meta property=\"og:type\" content=\"article\" \/>\n<meta property=\"og:title\" content=\"Keton Nutritional Powder (Hydrolyzed Whey Protein Type) Solid Beverage\" \/>\n<meta property=\"og:description\" content=\"Complete Nutritional Support with Hydrolyzed Protein Advanced nutritional formula specifically designed for individuals with dietary restrictions and special health requirements. Features deeply hydrolyzed whey protein for [\u2026]\" \/>\n<meta property=\"og:url\" content=\"https:\/\/jiushidao.com\/vi\/san-pham\/keton-nutritional-powder-hydrolyzed-whey-protein-type-solid-beverage\/\" \/>\n<meta property=\"og:site_name\" content=\"Jiushidao - Global Food Marketplace for Business Growth and Cosumers\" \/>\n<meta property=\"article:modified_time\" content=\"2025-10-28T14:58:17+00:00\" \/>\n<meta property=\"og:image\" content=\"https:\/\/jiushidao.com\/wp-content\/uploads\/2025\/10\/ID549.png\" \/>\n\t<meta property=\"og:image:width\" content=\"800\" \/>\n\t<meta property=\"og:image:height\" content=\"800\" \/>\n\t<meta property=\"og:image:type\" content=\"image\/png\" \/>\n<meta name=\"twitter:card\" content=\"summary_large_image\" \/>\n<meta name=\"twitter:label1\" content=\"\u01af\u1edbc t\u00ednh th\u1eddi gian \u0111\u1ecdc\" \/>\n\t<meta name=\"twitter:data1\" content=\"1 ph\u00fat\" \/>\n<script type=\"application\/ld+json\" class=\"yoast-schema-graph\">{\"@context\":\"https:\/\/schema.org\",\"@graph\":[{\"@type\":\"WebPage\",\"@id\":\"https:\/\/jiushidao.com\/product\/keton-nutritional-powder-hydrolyzed-whey-protein-type-solid-beverage\/\",\"url\":\"https:\/\/jiushidao.com\/product\/keton-nutritional-powder-hydrolyzed-whey-protein-type-solid-beverage\/\",\"name\":\"Keton Nutritional Powder (Hydrolyzed Whey Protein Type) Solid Beverage - Jiushidao - Global Food Marketplace for Business Growth and Cosumers\",\"isPartOf\":{\"@id\":\"https:\/\/jiushidao.com\/#website\"},\"primaryImageOfPage\":{\"@id\":\"https:\/\/jiushidao.com\/product\/keton-nutritional-powder-hydrolyzed-whey-protein-type-solid-beverage\/#primaryimage\"},\"image\":{\"@id\":\"https:\/\/jiushidao.com\/product\/keton-nutritional-powder-hydrolyzed-whey-protein-type-solid-beverage\/#primaryimage\"},\"thumbnailUrl\":\"https:\/\/jiushidao.com\/wp-content\/uploads\/2025\/10\/ID549.png\",\"datePublished\":\"2025-10-28T14:43:17+00:00\",\"dateModified\":\"2025-10-28T14:58:17+00:00\",\"breadcrumb\":{\"@id\":\"https:\/\/jiushidao.com\/product\/keton-nutritional-powder-hydrolyzed-whey-protein-type-solid-beverage\/#breadcrumb\"},\"inLanguage\":\"vi\",\"potentialAction\":[{\"@type\":\"ReadAction\",\"target\":[\"https:\/\/jiushidao.com\/product\/keton-nutritional-powder-hydrolyzed-whey-protein-type-solid-beverage\/\"]}]},{\"@type\":\"ImageObject\",\"inLanguage\":\"vi\",\"@id\":\"https:\/\/jiushidao.com\/product\/keton-nutritional-powder-hydrolyzed-whey-protein-type-solid-beverage\/#primaryimage\",\"url\":\"https:\/\/jiushidao.com\/wp-content\/uploads\/2025\/10\/ID549.png\",\"contentUrl\":\"https:\/\/jiushidao.com\/wp-content\/uploads\/2025\/10\/ID549.png\",\"width\":800,\"height\":800},{\"@type\":\"BreadcrumbList\",\"@id\":\"https:\/\/jiushidao.com\/product\/keton-nutritional-powder-hydrolyzed-whey-protein-type-solid-beverage\/#breadcrumb\",\"itemListElement\":[{\"@type\":\"ListItem\",\"position\":1,\"name\":\"Home\",\"item\":\"https:\/\/jiushidao.com\/\"},{\"@type\":\"ListItem\",\"position\":2,\"name\":\"Store\",\"item\":\"https:\/\/jiushidao.com\/store\/\"},{\"@type\":\"ListItem\",\"position\":3,\"name\":\"Keton Nutritional Powder (Hydrolyzed Whey Protein Type) Solid Beverage\"}]},{\"@type\":\"WebSite\",\"@id\":\"https:\/\/jiushidao.com\/#website\",\"url\":\"https:\/\/jiushidao.com\/\",\"name\":\"Jiushidao - Global Food Marketplace for Business Growth and Cosumers\",\"description\":\"Jiushidao - Global Food Marketplace for Business Growth and Cosumers\",\"potentialAction\":[{\"@type\":\"SearchAction\",\"target\":{\"@type\":\"EntryPoint\",\"urlTemplate\":\"https:\/\/jiushidao.com\/?s={search_term_string}\"},\"query-input\":{\"@type\":\"PropertyValueSpecification\",\"valueRequired\":true,\"valueName\":\"search_term_string\"}}],\"inLanguage\":\"vi\"}]}<\/script>\n<!-- \/ Yoast SEO Premium plugin. -->","yoast_head_json":{"title":"Keton Nutritional Powder (Hydrolyzed Whey Protein Type) Solid Beverage - Jiushidao - Global Food Marketplace for Business Growth and Cosumers","robots":{"index":"index","follow":"follow","max-snippet":"max-snippet:-1","max-image-preview":"max-image-preview:large","max-video-preview":"max-video-preview:-1"},"canonical":"https:\/\/jiushidao.com\/vi\/san-pham\/keton-nutritional-powder-hydrolyzed-whey-protein-type-solid-beverage\/","og_locale":"vi_VN","og_type":"article","og_title":"Keton Nutritional Powder (Hydrolyzed Whey Protein Type) Solid Beverage","og_description":"Complete Nutritional Support with Hydrolyzed Protein Advanced nutritional formula specifically designed for individuals with dietary restrictions and special health requirements. Features deeply hydrolyzed whey protein for [\u2026]","og_url":"https:\/\/jiushidao.com\/vi\/san-pham\/keton-nutritional-powder-hydrolyzed-whey-protein-type-solid-beverage\/","og_site_name":"Jiushidao - Global Food Marketplace for Business Growth and Cosumers","article_modified_time":"2025-10-28T14:58:17+00:00","og_image":[{"width":800,"height":800,"url":"https:\/\/jiushidao.com\/wp-content\/uploads\/2025\/10\/ID549.png","type":"image\/png"}],"twitter_card":"summary_large_image","twitter_misc":{"\u01af\u1edbc t\u00ednh th\u1eddi gian \u0111\u1ecdc":"1 ph\u00fat"},"schema":{"@context":"https:\/\/schema.org","@graph":[{"@type":"WebPage","@id":"https:\/\/jiushidao.com\/product\/keton-nutritional-powder-hydrolyzed-whey-protein-type-solid-beverage\/","url":"https:\/\/jiushidao.com\/product\/keton-nutritional-powder-hydrolyzed-whey-protein-type-solid-beverage\/","name":"Keton Nutritional Powder (Hydrolyzed Whey Protein Type) Solid Beverage - Jiushidao - Global Food Marketplace for Business Growth and Cosumers","isPartOf":{"@id":"https:\/\/jiushidao.com\/#website"},"primaryImageOfPage":{"@id":"https:\/\/jiushidao.com\/product\/keton-nutritional-powder-hydrolyzed-whey-protein-type-solid-beverage\/#primaryimage"},"image":{"@id":"https:\/\/jiushidao.com\/product\/keton-nutritional-powder-hydrolyzed-whey-protein-type-solid-beverage\/#primaryimage"},"thumbnailUrl":"https:\/\/jiushidao.com\/wp-content\/uploads\/2025\/10\/ID549.png","datePublished":"2025-10-28T14:43:17+00:00","dateModified":"2025-10-28T14:58:17+00:00","breadcrumb":{"@id":"https:\/\/jiushidao.com\/product\/keton-nutritional-powder-hydrolyzed-whey-protein-type-solid-beverage\/#breadcrumb"},"inLanguage":"vi","potentialAction":[{"@type":"ReadAction","target":["https:\/\/jiushidao.com\/product\/keton-nutritional-powder-hydrolyzed-whey-protein-type-solid-beverage\/"]}]},{"@type":"ImageObject","inLanguage":"vi","@id":"https:\/\/jiushidao.com\/product\/keton-nutritional-powder-hydrolyzed-whey-protein-type-solid-beverage\/#primaryimage","url":"https:\/\/jiushidao.com\/wp-content\/uploads\/2025\/10\/ID549.png","contentUrl":"https:\/\/jiushidao.com\/wp-content\/uploads\/2025\/10\/ID549.png","width":800,"height":800},{"@type":"BreadcrumbList","@id":"https:\/\/jiushidao.com\/product\/keton-nutritional-powder-hydrolyzed-whey-protein-type-solid-beverage\/#breadcrumb","itemListElement":[{"@type":"ListItem","position":1,"name":"Home","item":"https:\/\/jiushidao.com\/"},{"@type":"ListItem","position":2,"name":"Store","item":"https:\/\/jiushidao.com\/store\/"},{"@type":"ListItem","position":3,"name":"Keton Nutritional Powder (Hydrolyzed Whey Protein Type) Solid Beverage"}]},{"@type":"WebSite","@id":"https:\/\/jiushidao.com\/#website","url":"https:\/\/jiushidao.com\/","name":"Jiushidao - Global Food Marketplace for Business Growth and Cosumers","description":"Jiushidao - Global Food Marketplace for Business Growth and Cosumers","potentialAction":[{"@type":"SearchAction","target":{"@type":"EntryPoint","urlTemplate":"https:\/\/jiushidao.com\/?s={search_term_string}"},"query-input":{"@type":"PropertyValueSpecification","valueRequired":true,"valueName":"search_term_string"}}],"inLanguage":"vi"}]}},"_links":{"self":[{"href":"https:\/\/jiushidao.com\/vi\/wp-json\/wp\/v2\/product\/557","targetHints":{"allow":["GET"]}}],"collection":[{"href":"https:\/\/jiushidao.com\/vi\/wp-json\/wp\/v2\/product"}],"about":[{"href":"https:\/\/jiushidao.com\/vi\/wp-json\/wp\/v2\/types\/product"}],"replies":[{"embeddable":true,"href":"https:\/\/jiushidao.com\/vi\/wp-json\/wp\/v2\/comments?post=557"}],"version-history":[{"count":2,"href":"https:\/\/jiushidao.com\/vi\/wp-json\/wp\/v2\/product\/557\/revisions"}],"predecessor-version":[{"id":562,"href":"https:\/\/jiushidao.com\/vi\/wp-json\/wp\/v2\/product\/557\/revisions\/562"}],"wp:featuredmedia":[{"embeddable":true,"href":"https:\/\/jiushidao.com\/vi\/wp-json\/wp\/v2\/media\/555"}],"wp:attachment":[{"href":"https:\/\/jiushidao.com\/vi\/wp-json\/wp\/v2\/media?parent=557"}],"wp:term":[{"taxonomy":"product_brand","embeddable":true,"href":"https:\/\/jiushidao.com\/vi\/wp-json\/wp\/v2\/product_brand?post=557"},{"taxonomy":"product_cat","embeddable":true,"href":"https:\/\/jiushidao.com\/vi\/wp-json\/wp\/v2\/product_cat?post=557"},{"taxonomy":"product_tag","embeddable":true,"href":"https:\/\/jiushidao.com\/vi\/wp-json\/wp\/v2\/product_tag?post=557"}],"curies":[{"name":"wp","href":"https:\/\/api.w.org\/{rel}","templated":true}]}}