{"id":551,"date":"2025-10-28T14:10:14","date_gmt":"2025-10-28T14:10:14","guid":{"rendered":"https:\/\/jiushidao.com\/?post_type=product&#038;p=551"},"modified":"2025-10-28T14:53:59","modified_gmt":"2025-10-28T14:53:59","slug":"keton-medium-chain-triglyceride-mct-powder-solid-beverage","status":"publish","type":"product","link":"https:\/\/jiushidao.com\/vi\/san-pham\/keton-medium-chain-triglyceride-mct-powder-solid-beverage\/","title":{"rendered":"B\u1ed9t Keton Medium Chain Triglyceride (MCT) \u0110\u1ed3 u\u1ed1ng r\u1eafn"},"content":{"rendered":"<section class=\"ybc-p\"><strong>C\u00f4ng th\u1ee9c MCT cao c\u1ea5p cho l\u1ed1i s\u1ed1ng Ketogenic<\/strong>\u200b<\/section>\n<section class=\"ybc-p\">Kh\u00e1m ph\u00e1 B\u1ed9t MCT ti\u00ean ti\u1ebfn c\u1ee7a Keton, \u0111\u01b0\u1ee3c thi\u1ebft k\u1ebf \u0111\u1eb7c bi\u1ec7t \u0111\u1ec3 h\u1ed7 tr\u1ee3 ch\u1ebf \u0111\u1ed9 \u0103n ketogenic v\u00e0 l\u1ed1i s\u1ed1ng l\u00e0nh m\u1ea1nh c\u1ee7a b\u1ea1n. C\u00f4ng th\u1ee9c vi nang c\u1ee7a ch\u00fang t\u00f4i mang l\u1ea1i t\u1ea5t c\u1ea3 l\u1ee3i \u00edch c\u1ee7a triglyceride chu\u1ed7i trung b\u00ecnh m\u00e0 kh\u00f4ng g\u00e2y c\u1ea3m gi\u00e1c nh\u1eddn r\u00edt kh\u00f3 ch\u1ecbu.<\/section>\n<section class=\"ybc-p\">\u200b<strong>L\u1ee3i \u00edch ch\u00ednh:<\/strong>\u200b<\/section>\n<ul class=\"ybc-ul-component\">\n<li class=\"ybc-li-component ybc-li-component_ul\">\n<section class=\"ybc-p\">\u00a0\u200b<strong>C\u00f4ng th\u1ee9c Axit Caprylic Cao<\/strong>: C\u00f4ng th\u1ee9c cao c\u1ea5p h\u1ed7 tr\u1ee3 n\u0103ng l\u01b0\u1ee3ng t\u1ed1i \u01b0u<\/section>\n<\/li>\n<li class=\"ybc-li-component ybc-li-component_ul\">\n<section class=\"ybc-p\">\u00a0\u200b<strong>\u0110\u1ea3m b\u1ea3o kh\u00f4ng ch\u1ee9a Gluten<\/strong>: H\u00e0m l\u01b0\u1ee3ng gluten 0% l\u00e0m gi\u1ea3m \u0111\u00e1ng k\u1ec3 nguy c\u01a1 d\u1ecb \u1ee9ng<\/section>\n<\/li>\n<li class=\"ybc-li-component ybc-li-component_ul\">\n<section class=\"ybc-p\">\u00a0\u200b<strong>C\u00f4ng ngh\u1ec7 vi nang ti\u00ean ti\u1ebfn<\/strong>: Qu\u00e1 tr\u00ecnh ch\u1ebf bi\u1ebfn \u0111\u1eb7c bi\u1ec7t gi\u00fap gi\u1ea3m thi\u1ec3u d\u01b0 v\u1ecb d\u1ea7u m\u1ee1 \u0111\u1ec3 c\u00f3 tr\u1ea3i nghi\u1ec7m pha tr\u1ed9n v\u00e0 ti\u00eau th\u1ee5 t\u1ed1t h\u01a1n<\/section>\n<\/li>\n<li class=\"ybc-li-component ybc-li-component_ul\">\n<section class=\"ybc-p\">\u00a0\u200b<strong>Th\u00e2n thi\u1ec7n v\u1edbi ch\u1ebf \u0111\u1ed9 \u0103n Keto<\/strong>: L\u00fd t\u01b0\u1edfng cho ch\u1ebf \u0111\u1ed9 \u0103n ketogenic, ch\u1ebf \u0111\u1ed9 \u0103n \u00edt carbohydrate v\u00e0 qu\u1ea3n l\u00fd n\u0103ng l\u01b0\u1ee3ng<\/section>\n<\/li>\n<\/ul>\n<section class=\"ybc-p\">\u200b<strong>Th\u00f4ng s\u1ed1 k\u1ef9 thu\u1eadt s\u1ea3n ph\u1ea9m:<\/strong>\u200b<\/section>\n<ul class=\"ybc-ul-component\">\n<li class=\"ybc-li-component ybc-li-component_ul\">D\u1ea1ng: B\u1ed9t \u0111\u1ed3 u\u1ed1ng d\u1ea1ng r\u1eafn<\/li>\n<li class=\"ybc-li-component ybc-li-component_ul\">\u0110\u00f3ng g\u00f3i: H\u1ed9p ch\u1ee9a 20 g\u00f3i d\u00f9ng m\u1ed9t l\u1ea7n<\/li>\n<li class=\"ybc-li-component ybc-li-component_ul\">Kh\u1ed1i l\u01b0\u1ee3ng t\u1ecbnh: 10g m\u1ed7i g\u00f3i (t\u1ed5ng c\u1ed9ng 200g)<\/li>\n<li class=\"ybc-li-component ybc-li-component_ul\">H\u1ea1n s\u1eed d\u1ee5ng: 24 th\u00e1ng<\/li>\n<li class=\"ybc-li-component ybc-li-component_ul\">B\u1ea3o qu\u1ea3n: B\u1ea3o qu\u1ea3n \u1edf nhi\u1ec7t \u0111\u1ed9 ph\u00f2ng, n\u01a1i kh\u00f4 r\u00e1o, tho\u00e1ng m\u00e1t<\/li>\n<\/ul>\n<section class=\"ybc-p\">\u200b<strong>Th\u00e0nh ph\u1ea7n:<\/strong>\u200b<\/section>\n<section class=\"ybc-p\">B\u1ed9t MCT vi nang (Triglyceride chu\u1ed7i trung b\u00ecnh [Caprylic Triglyceride], Maltodextrin, Casein, Mono- v\u00e0 Diglyceride c\u1ee7a Axit b\u00e9o), B\u1ed9t MCT vi nang (Triglyceride chu\u1ed7i trung b\u00ecnh [Capric Triglyceride], Maltodextrin, Casein, Mono- v\u00e0 Diglyceride c\u1ee7a Axit b\u00e9o).<\/section>\n<section class=\"ybc-p\">\u200b<strong>T\u1ea1i sao n\u00ean ch\u1ecdn b\u1ed9t Keton MCT?<\/strong>\u200b<\/section>\n<section class=\"ybc-p\">C\u00f4ng th\u1ee9c \u0111\u01b0\u1ee3c ph\u00e1t tri\u1ec3n khoa h\u1ecdc c\u1ee7a ch\u00fang t\u00f4i cung c\u1ea5p n\u0103ng l\u01b0\u1ee3ng s\u1ea1ch h\u1ed7 tr\u1ee3 l\u1ed1i s\u1ed1ng n\u0103ng \u0111\u1ed9ng c\u1ee7a b\u1ea1n. Quy tr\u00ecnh vi nang \u0111\u1ea3m b\u1ea3o d\u1ec5 d\u00e0ng pha tr\u1ed9n v\u1edbi \u0111\u1ed3 u\u1ed1ng y\u00eau th\u00edch c\u1ee7a b\u1ea1n m\u00e0 v\u1eabn duy tr\u00ec l\u1ee3i \u00edch dinh d\u01b0\u1ee1ng c\u1ee7a MCT nguy\u00ean ch\u1ea5t. Ho\u00e0n h\u1ea3o cho v\u1eadn \u0111\u1ed9ng vi\u00ean, ng\u01b0\u1eddi \u0103n ki\u00eang keto v\u00e0 nh\u1eefng ng\u01b0\u1eddi quan t\u00e2m \u0111\u1ebfn s\u1ee9c kh\u1ecfe \u0111ang t\u00ecm ki\u1ebfm s\u1ef1 h\u1ed7 tr\u1ee3 dinh d\u01b0\u1ee1ng ti\u1ec7n l\u1ee3i.<\/section>\n<section class=\"ybc-p\">\u200b<strong>G\u1ee3i \u00fd s\u1eed d\u1ee5ng:<\/strong>\u200b<\/section>\n<section class=\"ybc-p\">Pha m\u1ed9t g\u00f3i v\u1edbi n\u01b0\u1edbc, c\u00e0 ph\u00ea ho\u1eb7c \u0111\u1ed3 u\u1ed1ng y\u00eau th\u00edch c\u1ee7a b\u1ea1n. L\u00fd t\u01b0\u1edfng \u0111\u1ec3 b\u1ed5 sung n\u0103ng l\u01b0\u1ee3ng tr\u01b0\u1edbc khi t\u1eadp luy\u1ec7n, thay th\u1ebf b\u1eefa \u0103n ho\u1eb7c d\u00f9ng nh\u01b0 m\u1ed9t th\u1ef1c ph\u1ea9m b\u1ed5 sung dinh d\u01b0\u1ee1ng trong ng\u00e0y.<\/section>","protected":false},"excerpt":{"rendered":"<p>C\u00f4ng th\u1ee9c MCT cao c\u1ea5p cho l\u1ed1i s\u1ed1ng Ketogenic Kh\u00e1m ph\u00e1 b\u1ed9t MCT ti\u00ean ti\u1ebfn c\u1ee7a Keton, \u0111\u01b0\u1ee3c thi\u1ebft k\u1ebf \u0111\u1eb7c bi\u1ec7t \u0111\u1ec3 h\u1ed7 tr\u1ee3 ch\u1ebf \u0111\u1ed9 \u0103n ketogenic v\u00e0 l\u1ed1i s\u1ed1ng l\u00e0nh m\u1ea1nh c\u1ee7a b\u1ea1n. C\u00f4ng th\u1ee9c vi nang c\u1ee7a ch\u00fang t\u00f4i cung c\u1ea5p t\u1ea5t c\u1ea3<span class=\"excerpt-hellip\"> [\u2026]<\/span><\/p>","protected":false},"featured_media":554,"comment_status":"open","ping_status":"closed","template":"","meta":[],"product_brand":[50],"product_cat":[38],"product_tag":[],"class_list":{"0":"post-551","1":"product","2":"type-product","3":"status-publish","4":"has-post-thumbnail","6":"product_brand-50","7":"product_cat-beverages-and-preparations","9":"first","10":"instock","11":"shipping-taxable","12":"product-type-simple"},"yoast_head":"<!-- This site is optimized with the Yoast SEO Premium plugin v25.8 (Yoast SEO v25.8) - https:\/\/yoast.com\/wordpress\/plugins\/seo\/ -->\n<title>Keton Medium Chain Triglyceride (MCT) Powder Solid Beverage - Jiushidao - Global Food Marketplace for Business Growth and Cosumers<\/title>\n<meta name=\"robots\" content=\"index, follow, max-snippet:-1, max-image-preview:large, max-video-preview:-1\" \/>\n<link rel=\"canonical\" href=\"https:\/\/jiushidao.com\/vi\/san-pham\/keton-medium-chain-triglyceride-mct-powder-solid-beverage\/\" \/>\n<meta property=\"og:locale\" content=\"vi_VN\" \/>\n<meta property=\"og:type\" content=\"article\" \/>\n<meta property=\"og:title\" content=\"Keton Medium Chain Triglyceride (MCT) Powder Solid Beverage\" \/>\n<meta property=\"og:description\" content=\"\u200bPremium MCT Formula for Ketogenic Lifestyle\u200b\u200b Discover Keton&#8217;s advanced MCT Powder, specifically designed to support your ketogenic diet and healthy lifestyle. Our microencapsulated formula delivers all [\u2026]\" \/>\n<meta property=\"og:url\" content=\"https:\/\/jiushidao.com\/vi\/san-pham\/keton-medium-chain-triglyceride-mct-powder-solid-beverage\/\" \/>\n<meta property=\"og:site_name\" content=\"Jiushidao - Global Food Marketplace for Business Growth and Cosumers\" \/>\n<meta property=\"article:modified_time\" content=\"2025-10-28T14:53:59+00:00\" \/>\n<meta property=\"og:image\" content=\"https:\/\/jiushidao.com\/wp-content\/uploads\/2025\/10\/ID548.png\" \/>\n\t<meta property=\"og:image:width\" content=\"800\" \/>\n\t<meta property=\"og:image:height\" content=\"800\" \/>\n\t<meta property=\"og:image:type\" content=\"image\/png\" \/>\n<meta name=\"twitter:card\" content=\"summary_large_image\" \/>\n<meta name=\"twitter:label1\" content=\"\u01af\u1edbc t\u00ednh th\u1eddi gian \u0111\u1ecdc\" \/>\n\t<meta name=\"twitter:data1\" content=\"2 ph\u00fat\" \/>\n<script type=\"application\/ld+json\" class=\"yoast-schema-graph\">{\"@context\":\"https:\/\/schema.org\",\"@graph\":[{\"@type\":\"WebPage\",\"@id\":\"https:\/\/jiushidao.com\/product\/keton-medium-chain-triglyceride-mct-powder-solid-beverage\/\",\"url\":\"https:\/\/jiushidao.com\/product\/keton-medium-chain-triglyceride-mct-powder-solid-beverage\/\",\"name\":\"Keton Medium Chain Triglyceride (MCT) Powder Solid Beverage - Jiushidao - Global Food Marketplace for Business Growth and Cosumers\",\"isPartOf\":{\"@id\":\"https:\/\/jiushidao.com\/#website\"},\"primaryImageOfPage\":{\"@id\":\"https:\/\/jiushidao.com\/product\/keton-medium-chain-triglyceride-mct-powder-solid-beverage\/#primaryimage\"},\"image\":{\"@id\":\"https:\/\/jiushidao.com\/product\/keton-medium-chain-triglyceride-mct-powder-solid-beverage\/#primaryimage\"},\"thumbnailUrl\":\"https:\/\/jiushidao.com\/wp-content\/uploads\/2025\/10\/ID548.png\",\"datePublished\":\"2025-10-28T14:10:14+00:00\",\"dateModified\":\"2025-10-28T14:53:59+00:00\",\"breadcrumb\":{\"@id\":\"https:\/\/jiushidao.com\/product\/keton-medium-chain-triglyceride-mct-powder-solid-beverage\/#breadcrumb\"},\"inLanguage\":\"vi\",\"potentialAction\":[{\"@type\":\"ReadAction\",\"target\":[\"https:\/\/jiushidao.com\/product\/keton-medium-chain-triglyceride-mct-powder-solid-beverage\/\"]}]},{\"@type\":\"ImageObject\",\"inLanguage\":\"vi\",\"@id\":\"https:\/\/jiushidao.com\/product\/keton-medium-chain-triglyceride-mct-powder-solid-beverage\/#primaryimage\",\"url\":\"https:\/\/jiushidao.com\/wp-content\/uploads\/2025\/10\/ID548.png\",\"contentUrl\":\"https:\/\/jiushidao.com\/wp-content\/uploads\/2025\/10\/ID548.png\",\"width\":800,\"height\":800},{\"@type\":\"BreadcrumbList\",\"@id\":\"https:\/\/jiushidao.com\/product\/keton-medium-chain-triglyceride-mct-powder-solid-beverage\/#breadcrumb\",\"itemListElement\":[{\"@type\":\"ListItem\",\"position\":1,\"name\":\"Home\",\"item\":\"https:\/\/jiushidao.com\/\"},{\"@type\":\"ListItem\",\"position\":2,\"name\":\"Store\",\"item\":\"https:\/\/jiushidao.com\/store\/\"},{\"@type\":\"ListItem\",\"position\":3,\"name\":\"Keton Medium Chain Triglyceride (MCT) Powder Solid Beverage\"}]},{\"@type\":\"WebSite\",\"@id\":\"https:\/\/jiushidao.com\/#website\",\"url\":\"https:\/\/jiushidao.com\/\",\"name\":\"Jiushidao - Global Food Marketplace for Business Growth and Cosumers\",\"description\":\"Jiushidao - Global Food Marketplace for Business Growth and Cosumers\",\"potentialAction\":[{\"@type\":\"SearchAction\",\"target\":{\"@type\":\"EntryPoint\",\"urlTemplate\":\"https:\/\/jiushidao.com\/?s={search_term_string}\"},\"query-input\":{\"@type\":\"PropertyValueSpecification\",\"valueRequired\":true,\"valueName\":\"search_term_string\"}}],\"inLanguage\":\"vi\"}]}<\/script>\n<!-- \/ Yoast SEO Premium plugin. -->","yoast_head_json":{"title":"Keton Medium Chain Triglyceride (MCT) Powder Solid Beverage - Jiushidao - Global Food Marketplace for Business Growth and Cosumers","robots":{"index":"index","follow":"follow","max-snippet":"max-snippet:-1","max-image-preview":"max-image-preview:large","max-video-preview":"max-video-preview:-1"},"canonical":"https:\/\/jiushidao.com\/vi\/san-pham\/keton-medium-chain-triglyceride-mct-powder-solid-beverage\/","og_locale":"vi_VN","og_type":"article","og_title":"Keton Medium Chain Triglyceride (MCT) Powder Solid Beverage","og_description":"\u200bPremium MCT Formula for Ketogenic Lifestyle\u200b\u200b Discover Keton&#8217;s advanced MCT Powder, specifically designed to support your ketogenic diet and healthy lifestyle. Our microencapsulated formula delivers all [\u2026]","og_url":"https:\/\/jiushidao.com\/vi\/san-pham\/keton-medium-chain-triglyceride-mct-powder-solid-beverage\/","og_site_name":"Jiushidao - Global Food Marketplace for Business Growth and Cosumers","article_modified_time":"2025-10-28T14:53:59+00:00","og_image":[{"width":800,"height":800,"url":"https:\/\/jiushidao.com\/wp-content\/uploads\/2025\/10\/ID548.png","type":"image\/png"}],"twitter_card":"summary_large_image","twitter_misc":{"\u01af\u1edbc t\u00ednh th\u1eddi gian \u0111\u1ecdc":"2 ph\u00fat"},"schema":{"@context":"https:\/\/schema.org","@graph":[{"@type":"WebPage","@id":"https:\/\/jiushidao.com\/product\/keton-medium-chain-triglyceride-mct-powder-solid-beverage\/","url":"https:\/\/jiushidao.com\/product\/keton-medium-chain-triglyceride-mct-powder-solid-beverage\/","name":"Keton Medium Chain Triglyceride (MCT) Powder Solid Beverage - Jiushidao - Global Food Marketplace for Business Growth and Cosumers","isPartOf":{"@id":"https:\/\/jiushidao.com\/#website"},"primaryImageOfPage":{"@id":"https:\/\/jiushidao.com\/product\/keton-medium-chain-triglyceride-mct-powder-solid-beverage\/#primaryimage"},"image":{"@id":"https:\/\/jiushidao.com\/product\/keton-medium-chain-triglyceride-mct-powder-solid-beverage\/#primaryimage"},"thumbnailUrl":"https:\/\/jiushidao.com\/wp-content\/uploads\/2025\/10\/ID548.png","datePublished":"2025-10-28T14:10:14+00:00","dateModified":"2025-10-28T14:53:59+00:00","breadcrumb":{"@id":"https:\/\/jiushidao.com\/product\/keton-medium-chain-triglyceride-mct-powder-solid-beverage\/#breadcrumb"},"inLanguage":"vi","potentialAction":[{"@type":"ReadAction","target":["https:\/\/jiushidao.com\/product\/keton-medium-chain-triglyceride-mct-powder-solid-beverage\/"]}]},{"@type":"ImageObject","inLanguage":"vi","@id":"https:\/\/jiushidao.com\/product\/keton-medium-chain-triglyceride-mct-powder-solid-beverage\/#primaryimage","url":"https:\/\/jiushidao.com\/wp-content\/uploads\/2025\/10\/ID548.png","contentUrl":"https:\/\/jiushidao.com\/wp-content\/uploads\/2025\/10\/ID548.png","width":800,"height":800},{"@type":"BreadcrumbList","@id":"https:\/\/jiushidao.com\/product\/keton-medium-chain-triglyceride-mct-powder-solid-beverage\/#breadcrumb","itemListElement":[{"@type":"ListItem","position":1,"name":"Home","item":"https:\/\/jiushidao.com\/"},{"@type":"ListItem","position":2,"name":"Store","item":"https:\/\/jiushidao.com\/store\/"},{"@type":"ListItem","position":3,"name":"Keton Medium Chain Triglyceride (MCT) Powder Solid Beverage"}]},{"@type":"WebSite","@id":"https:\/\/jiushidao.com\/#website","url":"https:\/\/jiushidao.com\/","name":"Jiushidao - Global Food Marketplace for Business Growth and Cosumers","description":"Jiushidao - Global Food Marketplace for Business Growth and Cosumers","potentialAction":[{"@type":"SearchAction","target":{"@type":"EntryPoint","urlTemplate":"https:\/\/jiushidao.com\/?s={search_term_string}"},"query-input":{"@type":"PropertyValueSpecification","valueRequired":true,"valueName":"search_term_string"}}],"inLanguage":"vi"}]}},"_links":{"self":[{"href":"https:\/\/jiushidao.com\/vi\/wp-json\/wp\/v2\/product\/551","targetHints":{"allow":["GET"]}}],"collection":[{"href":"https:\/\/jiushidao.com\/vi\/wp-json\/wp\/v2\/product"}],"about":[{"href":"https:\/\/jiushidao.com\/vi\/wp-json\/wp\/v2\/types\/product"}],"replies":[{"embeddable":true,"href":"https:\/\/jiushidao.com\/vi\/wp-json\/wp\/v2\/comments?post=551"}],"version-history":[{"count":3,"href":"https:\/\/jiushidao.com\/vi\/wp-json\/wp\/v2\/product\/551\/revisions"}],"predecessor-version":[{"id":560,"href":"https:\/\/jiushidao.com\/vi\/wp-json\/wp\/v2\/product\/551\/revisions\/560"}],"wp:featuredmedia":[{"embeddable":true,"href":"https:\/\/jiushidao.com\/vi\/wp-json\/wp\/v2\/media\/554"}],"wp:attachment":[{"href":"https:\/\/jiushidao.com\/vi\/wp-json\/wp\/v2\/media?parent=551"}],"wp:term":[{"taxonomy":"product_brand","embeddable":true,"href":"https:\/\/jiushidao.com\/vi\/wp-json\/wp\/v2\/product_brand?post=551"},{"taxonomy":"product_cat","embeddable":true,"href":"https:\/\/jiushidao.com\/vi\/wp-json\/wp\/v2\/product_cat?post=551"},{"taxonomy":"product_tag","embeddable":true,"href":"https:\/\/jiushidao.com\/vi\/wp-json\/wp\/v2\/product_tag?post=551"}],"curies":[{"name":"wp","href":"https:\/\/api.w.org\/{rel}","templated":true}]}}