{"id":543,"date":"2025-10-28T09:44:02","date_gmt":"2025-10-28T09:44:02","guid":{"rendered":"https:\/\/jiushidao.com\/?post_type=product&#038;p=543"},"modified":"2025-10-28T09:44:04","modified_gmt":"2025-10-28T09:44:04","slug":"guxiaoran-gluten-free-whole-grain-corn-pasta-black-pepper-beef-tomato-meat-sauce-266-2g-box","status":"publish","type":"product","link":"https:\/\/jiushidao.com\/vi\/san-pham\/guxiaoran-gluten-free-whole-grain-corn-pasta-black-pepper-beef-tomato-meat-sauce-266-2g-box\/","title":{"rendered":"M\u00ec ng\u00f4 nguy\u00ean h\u1ea1t kh\u00f4ng ch\u1ee9a gluten Guxiaoran \u2013 S\u1ed1t th\u1ecbt b\u00f2 v\u00e0 c\u00e0 chua ti\u00eau \u0111en (266,2g\/h\u1ed9p)"},"content":{"rendered":"<section class=\"ybc-p\">\u200b<\/section>\n<section class=\"ybc-p\">\u200b<strong>M\u00ec \u1ed1ng l\u00e0nh m\u1ea1nh \u0111\u01b0\u1ee3c t\u00e1i t\u1ea1o<\/strong>\u200b<\/section>\n<section class=\"ybc-p\">Kh\u00e1m ph\u00e1 m\u00ec \u1ed1ng kh\u00f4ng gluten s\u00e1ng t\u1ea1o c\u1ee7a Guxiaoran \u0111\u01b0\u1ee3c l\u00e0m t\u1eeb ng\u00f4 nguy\u00ean h\u1ea1t 100%. Ho\u00e0n h\u1ea3o cho ng\u01b0\u1eddi ti\u00eau d\u00f9ng quan t\u00e2m \u0111\u1ebfn s\u1ee9c kh\u1ecfe v\u00e0 nh\u1eefng ng\u01b0\u1eddi c\u00f3 ch\u1ebf \u0111\u1ed9 \u0103n ki\u00eang, m\u00ec \u1ed1ng c\u1ee7a ch\u00fang t\u00f4i mang \u0111\u1ebfn h\u01b0\u01a1ng v\u1ecb \u00dd \u0111\u00edch th\u1ef1c m\u00e0 kh\u00f4ng \u1ea3nh h\u01b0\u1edfng \u0111\u1ebfn dinh d\u01b0\u1ee1ng hay h\u01b0\u01a1ng v\u1ecb.<\/section>\n<section class=\"ybc-p\">\u200b<strong>C\u00e1c t\u00ednh n\u0103ng ch\u00ednh:<\/strong>\u200b<\/section>\n<ul class=\"ybc-ul-component\">\n<li class=\"ybc-li-component ybc-li-component_ul\">\n<section class=\"ybc-p\">\u00a0\u200b<strong>\u0110\u01b0\u1ee3c ch\u1ee9ng nh\u1eadn kh\u00f4ng ch\u1ee9a Gluten<\/strong>: \u0110\u01b0\u1ee3c l\u00e0m t\u1eeb l\u00faa m\u00ec 0%, an to\u00e0n cho nh\u1eefng ng\u01b0\u1eddi nh\u1ea1y c\u1ea3m v\u1edbi gluten<\/section>\n<\/li>\n<li class=\"ybc-li-component ybc-li-component_ul\">\n<section class=\"ybc-p\">\u00a0\u200b<strong>\u200bL\u1ee3i \u00edch t\u1eeb ng\u0169 c\u1ed1c nguy\u00ean h\u1ea1t\u200b<\/strong>: Gi\u00e0u ch\u1ea5t x\u01a1 gi\u00fap ti\u00eau h\u00f3a t\u1ed1t h\u01a1n<\/section>\n<\/li>\n<li class=\"ybc-li-component ybc-li-component_ul\">\n<section class=\"ybc-p\">\u00a0\u200b<strong>Th\u00e0nh ph\u1ea7n cao c\u1ea5p<\/strong>: C\u00e0 chua m\u1eadt ong T\u00e2n C\u01b0\u01a1ng \u0111\u01b0\u1ee3c pha tr\u1ed9n v\u1edbi c\u00e0 chua Roma chua \u0111\u1ec3 t\u1ea1o n\u00ean \u0111\u1ed9 chua c\u00e2n b\u1eb1ng<\/section>\n<\/li>\n<li class=\"ybc-li-component ybc-li-component_ul\">\n<section class=\"ybc-p\">\u00a0\u200b<strong>N\u01b0\u1edbc s\u1ed1t ch\u1ea5t l\u01b0\u1ee3ng nh\u00e0 h\u00e0ng<\/strong>:<\/section>\n<ul class=\"ybc-ul-component\">\n<li class=\"ybc-li-component ybc-li-component_ul\">\n<section class=\"ybc-p\">Th\u1ecbt b\u00f2 ti\u00eau thi\u1ebfu: V\u1ecb ti\u00eau cay nh\u1eb9 k\u1ebft h\u1ee3p v\u1edbi th\u1ecbt b\u00f2 m\u1ec1m, \u0111\u1eadm \u0111\u00e0<\/section>\n<\/li>\n<li class=\"ybc-li-component ybc-li-component_ul\">\n<section class=\"ybc-p\">S\u1ed1t th\u1ecbt omato: V\u1ecb ng\u1ecdt v\u00e0 chua ho\u00e0n h\u1ea3o c\u1ee7a c\u00e0 chua<\/section>\n<\/li>\n<\/ul>\n<\/li>\n<li class=\"ybc-li-component ybc-li-component_ul\">\n<section class=\"ybc-p\">\u00a0\u200b<strong>Tr\u1ea3i nghi\u1ec7m k\u1ebft c\u1ea5u phong ph\u00fa<\/strong>: N\u01b0\u1edbc s\u1ed1t \u0111\u1eadm \u0111\u00e0 bao ph\u1ee7 t\u1eebng s\u1ee3i th\u1ecbt v\u00e0 \u0111\u1ed9 m\u1ecdng n\u01b0\u1edbc<\/section>\n<\/li>\n<\/ul>\n<section class=\"ybc-p\">\u200b<strong>Th\u00f4ng s\u1ed1 k\u1ef9 thu\u1eadt s\u1ea3n ph\u1ea9m:<\/strong>\u200b<\/section>\n<ul class=\"ybc-ul-component\">\n<li class=\"ybc-li-component ybc-li-component_ul\">\n<section class=\"ybc-p\">et Tr\u1ecdng l\u01b0\u1ee3ng: 266,2g\/h\u1ed9p<\/section>\n<\/li>\n<li class=\"ybc-li-component ybc-li-component_ul\">\n<section class=\"ybc-p\">H\u1ea1n s\u1eed d\u1ee5ng: 12 th\u00e1ng<\/section>\n<\/li>\n<li class=\"ybc-li-component ybc-li-component_ul\">B\u1ea3o qu\u1ea3n: Nhi\u1ec7t \u0111\u1ed9 ph\u00f2ng<\/li>\n<li class=\"ybc-li-component ybc-li-component_ul\">\n<section class=\"ybc-p\">\u0111\u00f3ng g\u00f3i: 24 h\u1ed9p\/th\u00f9ng<\/section>\n<\/li>\n<\/ul>\n<section class=\"ybc-p\">\u200b<strong>Th\u00e0nh ph\u1ea7n:<\/strong>\u200b<\/section>\n<section class=\"ybc-p\"><em>Phi\u00ean b\u1ea3n th\u1ecbt b\u00f2 s\u1ed1t ti\u00eau \u0111en:<\/em><\/section>\n<section class=\"ybc-p\">B\u1ed9t ng\u00f4 nguy\u00ean c\u00e1m, n\u01b0\u1edbc u\u1ed1ng, n\u01b0\u1edbc s\u1ed1t th\u1ecbt b\u00f2 ti\u00eau \u0111en, d\u1ea7u \u00f4 liu th\u1ea3o m\u1ed9c, rau m\u00f9i t\u00e2y th\u00e1i nh\u1ecf<\/section>\n<section class=\"ybc-p\"><em>Phi\u00ean b\u1ea3n s\u1ed1t th\u1ecbt c\u00e0 chua:<\/em><\/section>\n<section class=\"ybc-p\">B\u1ed9t ng\u00f4 nguy\u00ean c\u00e1m, n\u01b0\u1edbc u\u1ed1ng, s\u1ed1t th\u1ecbt c\u00e0 chua, d\u1ea7u \u00f4 liu th\u1ea3o m\u1ed9c, rau m\u00f9i t\u00e2y th\u00e1i nh\u1ecf<\/section>\n<section class=\"ybc-p\">\u200b<strong>T\u1ea1i sao n\u00ean ch\u1ecdn Guxiaoran?<\/strong>\u200b<\/section>\n<section class=\"ybc-p\">M\u00ec \u00dd c\u1ee7a ch\u00fang t\u00f4i k\u1ebft h\u1ee3p ph\u01b0\u01a1ng ph\u00e1p n\u1ea5u \u0103n truy\u1ec1n th\u1ed1ng c\u1ee7a \u00dd v\u1edbi c\u00e1c ti\u00eau chu\u1ea9n s\u1ee9c kh\u1ecfe hi\u1ec7n \u0111\u1ea1i. M\u1ed7i h\u1ed9p ch\u1ee9a c\u00e1c g\u00f3i m\u00ec v\u00e0 n\u01b0\u1edbc s\u1ed1t \u0111\u01b0\u1ee3c chia kh\u1ea9u ph\u1ea7n c\u1ea9n th\u1eadn, gi\u00fap b\u1ea1n ch\u1ebf bi\u1ebfn nhanh ch\u00f3ng, ti\u1ec7n l\u1ee3i m\u00e0 v\u1eabn gi\u1eef \u0111\u01b0\u1ee3c h\u01b0\u01a1ng v\u1ecb chu\u1ea9n nh\u00e0 h\u00e0ng \u0111\u00edch th\u1ef1c. Ho\u00e0n h\u1ea3o cho nh\u1eefng ng\u01b0\u1eddi b\u1eadn r\u1ed9n t\u00ecm ki\u1ebfm b\u1eefa \u0103n l\u00e0nh m\u1ea1nh, ngon mi\u1ec7ng m\u00e0 kh\u00f4ng c\u1ea7n ph\u1ea3i chu\u1ea9n b\u1ecb c\u1ea7u k\u1ef3. S\u1eb5n s\u00e0ng ch\u1ec9 trong v\u00e0i ph\u00fat, th\u01b0\u1edfng th\u1ee9c h\u00e0ng gi\u1edd!<\/section>","protected":false},"excerpt":{"rendered":"<p><img fetchpriority=\"high\" decoding=\"async\" class=\"aligncenter size-full wp-image-544\" src=\"https:\/\/jiushidao.com\/wp-content\/uploads\/2025\/10\/\u56fe\u72471.png\" alt=\"\" width=\"1149\" height=\"333\" srcset=\"https:\/\/jiushidao.com\/wp-content\/uploads\/2025\/10\/\u56fe\u72471.png 1149w, https:\/\/jiushidao.com\/wp-content\/uploads\/2025\/10\/\u56fe\u72471-500x145.png 500w, https:\/\/jiushidao.com\/wp-content\/uploads\/2025\/10\/\u56fe\u72471-300x87.png 300w, https:\/\/jiushidao.com\/wp-content\/uploads\/2025\/10\/\u56fe\u72471-768x223.png 768w, https:\/\/jiushidao.com\/wp-content\/uploads\/2025\/10\/\u56fe\u72471-18x5.png 18w, https:\/\/jiushidao.com\/wp-content\/uploads\/2025\/10\/\u56fe\u72471-150x43.png 150w, https:\/\/jiushidao.com\/wp-content\/uploads\/2025\/10\/\u56fe\u72471-700x203.png 700w, https:\/\/jiushidao.com\/wp-content\/uploads\/2025\/10\/\u56fe\u72471-800x232.png 800w, https:\/\/jiushidao.com\/wp-content\/uploads\/2025\/10\/\u56fe\u72471-350x100.png 350w\" sizes=\"(max-width:767px) 700px, (max-width:1149px) 100vw, 1149px\" \/><\/p>","protected":false},"featured_media":545,"comment_status":"open","ping_status":"closed","template":"","meta":[],"product_brand":[49,48],"product_cat":[41],"product_tag":[],"class_list":{"0":"post-543","1":"product","2":"type-product","3":"status-publish","4":"has-post-thumbnail","6":"product_brand-49","7":"product_brand-48","8":"product_cat-instant-food","10":"first","11":"instock","12":"shipping-taxable","13":"product-type-simple"},"yoast_head":"<!-- This site is optimized with the Yoast SEO Premium plugin v25.8 (Yoast SEO v25.8) - https:\/\/yoast.com\/wordpress\/plugins\/seo\/ -->\n<title>Guxiaoran Gluten-Free Whole Grain Corn Pasta - Black Pepper Beef &amp; Tomato Meat Sauce (266.2g\/Box) - Jiushidao - Global Food Marketplace for Business Growth and Cosumers<\/title>\n<meta name=\"robots\" content=\"index, follow, max-snippet:-1, max-image-preview:large, max-video-preview:-1\" \/>\n<link rel=\"canonical\" href=\"https:\/\/jiushidao.com\/vi\/san-pham\/guxiaoran-gluten-free-whole-grain-corn-pasta-black-pepper-beef-tomato-meat-sauce-266-2g-box\/\" \/>\n<meta property=\"og:locale\" content=\"vi_VN\" \/>\n<meta property=\"og:type\" content=\"article\" \/>\n<meta property=\"og:title\" content=\"Guxiaoran Gluten-Free Whole Grain Corn Pasta - Black Pepper Beef &amp; Tomato Meat Sauce (266.2g\/Box)\" \/>\n<meta property=\"og:url\" content=\"https:\/\/jiushidao.com\/vi\/san-pham\/guxiaoran-gluten-free-whole-grain-corn-pasta-black-pepper-beef-tomato-meat-sauce-266-2g-box\/\" \/>\n<meta property=\"og:site_name\" content=\"Jiushidao - Global Food Marketplace for Business Growth and Cosumers\" \/>\n<meta property=\"article:modified_time\" content=\"2025-10-28T09:44:04+00:00\" \/>\n<meta property=\"og:image\" content=\"https:\/\/jiushidao.com\/wp-content\/uploads\/2025\/10\/\u56fe\u72471_02-1.png\" \/>\n\t<meta property=\"og:image:width\" content=\"609\" \/>\n\t<meta property=\"og:image:height\" content=\"333\" \/>\n\t<meta property=\"og:image:type\" content=\"image\/png\" \/>\n<meta name=\"twitter:card\" content=\"summary_large_image\" \/>\n<meta name=\"twitter:label1\" content=\"\u01af\u1edbc t\u00ednh th\u1eddi gian \u0111\u1ecdc\" \/>\n\t<meta name=\"twitter:data1\" content=\"2 ph\u00fat\" \/>\n<script type=\"application\/ld+json\" class=\"yoast-schema-graph\">{\"@context\":\"https:\/\/schema.org\",\"@graph\":[{\"@type\":\"WebPage\",\"@id\":\"https:\/\/jiushidao.com\/product\/guxiaoran-gluten-free-whole-grain-corn-pasta-black-pepper-beef-tomato-meat-sauce-266-2g-box\/\",\"url\":\"https:\/\/jiushidao.com\/product\/guxiaoran-gluten-free-whole-grain-corn-pasta-black-pepper-beef-tomato-meat-sauce-266-2g-box\/\",\"name\":\"Guxiaoran Gluten-Free Whole Grain Corn Pasta - Black Pepper Beef & Tomato Meat Sauce (266.2g\/Box) - Jiushidao - Global Food Marketplace for Business Growth and Cosumers\",\"isPartOf\":{\"@id\":\"https:\/\/jiushidao.com\/#website\"},\"primaryImageOfPage\":{\"@id\":\"https:\/\/jiushidao.com\/product\/guxiaoran-gluten-free-whole-grain-corn-pasta-black-pepper-beef-tomato-meat-sauce-266-2g-box\/#primaryimage\"},\"image\":{\"@id\":\"https:\/\/jiushidao.com\/product\/guxiaoran-gluten-free-whole-grain-corn-pasta-black-pepper-beef-tomato-meat-sauce-266-2g-box\/#primaryimage\"},\"thumbnailUrl\":\"https:\/\/jiushidao.com\/wp-content\/uploads\/2025\/10\/\u56fe\u72471_02-1.png\",\"datePublished\":\"2025-10-28T09:44:02+00:00\",\"dateModified\":\"2025-10-28T09:44:04+00:00\",\"breadcrumb\":{\"@id\":\"https:\/\/jiushidao.com\/product\/guxiaoran-gluten-free-whole-grain-corn-pasta-black-pepper-beef-tomato-meat-sauce-266-2g-box\/#breadcrumb\"},\"inLanguage\":\"vi\",\"potentialAction\":[{\"@type\":\"ReadAction\",\"target\":[\"https:\/\/jiushidao.com\/product\/guxiaoran-gluten-free-whole-grain-corn-pasta-black-pepper-beef-tomato-meat-sauce-266-2g-box\/\"]}]},{\"@type\":\"ImageObject\",\"inLanguage\":\"vi\",\"@id\":\"https:\/\/jiushidao.com\/product\/guxiaoran-gluten-free-whole-grain-corn-pasta-black-pepper-beef-tomato-meat-sauce-266-2g-box\/#primaryimage\",\"url\":\"https:\/\/jiushidao.com\/wp-content\/uploads\/2025\/10\/\u56fe\u72471_02-1.png\",\"contentUrl\":\"https:\/\/jiushidao.com\/wp-content\/uploads\/2025\/10\/\u56fe\u72471_02-1.png\",\"width\":609,\"height\":333},{\"@type\":\"BreadcrumbList\",\"@id\":\"https:\/\/jiushidao.com\/product\/guxiaoran-gluten-free-whole-grain-corn-pasta-black-pepper-beef-tomato-meat-sauce-266-2g-box\/#breadcrumb\",\"itemListElement\":[{\"@type\":\"ListItem\",\"position\":1,\"name\":\"Home\",\"item\":\"https:\/\/jiushidao.com\/\"},{\"@type\":\"ListItem\",\"position\":2,\"name\":\"Store\",\"item\":\"https:\/\/jiushidao.com\/store\/\"},{\"@type\":\"ListItem\",\"position\":3,\"name\":\"Guxiaoran Gluten-Free Whole Grain Corn Pasta &#8211; Black Pepper Beef &#038; Tomato Meat Sauce (266.2g\/Box)\"}]},{\"@type\":\"WebSite\",\"@id\":\"https:\/\/jiushidao.com\/#website\",\"url\":\"https:\/\/jiushidao.com\/\",\"name\":\"Jiushidao - Global Food Marketplace for Business Growth and Cosumers\",\"description\":\"Jiushidao - Global Food Marketplace for Business Growth and Cosumers\",\"potentialAction\":[{\"@type\":\"SearchAction\",\"target\":{\"@type\":\"EntryPoint\",\"urlTemplate\":\"https:\/\/jiushidao.com\/?s={search_term_string}\"},\"query-input\":{\"@type\":\"PropertyValueSpecification\",\"valueRequired\":true,\"valueName\":\"search_term_string\"}}],\"inLanguage\":\"vi\"}]}<\/script>\n<!-- \/ Yoast SEO Premium plugin. -->","yoast_head_json":{"title":"Guxiaoran Gluten-Free Whole Grain Corn Pasta - Black Pepper Beef & Tomato Meat Sauce (266.2g\/Box) - Jiushidao - Global Food Marketplace for Business Growth and Cosumers","robots":{"index":"index","follow":"follow","max-snippet":"max-snippet:-1","max-image-preview":"max-image-preview:large","max-video-preview":"max-video-preview:-1"},"canonical":"https:\/\/jiushidao.com\/vi\/san-pham\/guxiaoran-gluten-free-whole-grain-corn-pasta-black-pepper-beef-tomato-meat-sauce-266-2g-box\/","og_locale":"vi_VN","og_type":"article","og_title":"Guxiaoran Gluten-Free Whole Grain Corn Pasta - Black Pepper Beef & Tomato Meat Sauce (266.2g\/Box)","og_url":"https:\/\/jiushidao.com\/vi\/san-pham\/guxiaoran-gluten-free-whole-grain-corn-pasta-black-pepper-beef-tomato-meat-sauce-266-2g-box\/","og_site_name":"Jiushidao - Global Food Marketplace for Business Growth and Cosumers","article_modified_time":"2025-10-28T09:44:04+00:00","og_image":[{"width":609,"height":333,"url":"https:\/\/jiushidao.com\/wp-content\/uploads\/2025\/10\/\u56fe\u72471_02-1.png","type":"image\/png"}],"twitter_card":"summary_large_image","twitter_misc":{"\u01af\u1edbc t\u00ednh th\u1eddi gian \u0111\u1ecdc":"2 ph\u00fat"},"schema":{"@context":"https:\/\/schema.org","@graph":[{"@type":"WebPage","@id":"https:\/\/jiushidao.com\/product\/guxiaoran-gluten-free-whole-grain-corn-pasta-black-pepper-beef-tomato-meat-sauce-266-2g-box\/","url":"https:\/\/jiushidao.com\/product\/guxiaoran-gluten-free-whole-grain-corn-pasta-black-pepper-beef-tomato-meat-sauce-266-2g-box\/","name":"Guxiaoran Gluten-Free Whole Grain Corn Pasta - Black Pepper Beef & Tomato Meat Sauce (266.2g\/Box) - Jiushidao - Global Food Marketplace for Business Growth and Cosumers","isPartOf":{"@id":"https:\/\/jiushidao.com\/#website"},"primaryImageOfPage":{"@id":"https:\/\/jiushidao.com\/product\/guxiaoran-gluten-free-whole-grain-corn-pasta-black-pepper-beef-tomato-meat-sauce-266-2g-box\/#primaryimage"},"image":{"@id":"https:\/\/jiushidao.com\/product\/guxiaoran-gluten-free-whole-grain-corn-pasta-black-pepper-beef-tomato-meat-sauce-266-2g-box\/#primaryimage"},"thumbnailUrl":"https:\/\/jiushidao.com\/wp-content\/uploads\/2025\/10\/\u56fe\u72471_02-1.png","datePublished":"2025-10-28T09:44:02+00:00","dateModified":"2025-10-28T09:44:04+00:00","breadcrumb":{"@id":"https:\/\/jiushidao.com\/product\/guxiaoran-gluten-free-whole-grain-corn-pasta-black-pepper-beef-tomato-meat-sauce-266-2g-box\/#breadcrumb"},"inLanguage":"vi","potentialAction":[{"@type":"ReadAction","target":["https:\/\/jiushidao.com\/product\/guxiaoran-gluten-free-whole-grain-corn-pasta-black-pepper-beef-tomato-meat-sauce-266-2g-box\/"]}]},{"@type":"ImageObject","inLanguage":"vi","@id":"https:\/\/jiushidao.com\/product\/guxiaoran-gluten-free-whole-grain-corn-pasta-black-pepper-beef-tomato-meat-sauce-266-2g-box\/#primaryimage","url":"https:\/\/jiushidao.com\/wp-content\/uploads\/2025\/10\/\u56fe\u72471_02-1.png","contentUrl":"https:\/\/jiushidao.com\/wp-content\/uploads\/2025\/10\/\u56fe\u72471_02-1.png","width":609,"height":333},{"@type":"BreadcrumbList","@id":"https:\/\/jiushidao.com\/product\/guxiaoran-gluten-free-whole-grain-corn-pasta-black-pepper-beef-tomato-meat-sauce-266-2g-box\/#breadcrumb","itemListElement":[{"@type":"ListItem","position":1,"name":"Home","item":"https:\/\/jiushidao.com\/"},{"@type":"ListItem","position":2,"name":"Store","item":"https:\/\/jiushidao.com\/store\/"},{"@type":"ListItem","position":3,"name":"Guxiaoran Gluten-Free Whole Grain Corn Pasta &#8211; Black Pepper Beef &#038; Tomato Meat Sauce (266.2g\/Box)"}]},{"@type":"WebSite","@id":"https:\/\/jiushidao.com\/#website","url":"https:\/\/jiushidao.com\/","name":"Jiushidao - Global Food Marketplace for Business Growth and Cosumers","description":"Jiushidao - Global Food Marketplace for Business Growth and Cosumers","potentialAction":[{"@type":"SearchAction","target":{"@type":"EntryPoint","urlTemplate":"https:\/\/jiushidao.com\/?s={search_term_string}"},"query-input":{"@type":"PropertyValueSpecification","valueRequired":true,"valueName":"search_term_string"}}],"inLanguage":"vi"}]}},"_links":{"self":[{"href":"https:\/\/jiushidao.com\/vi\/wp-json\/wp\/v2\/product\/543","targetHints":{"allow":["GET"]}}],"collection":[{"href":"https:\/\/jiushidao.com\/vi\/wp-json\/wp\/v2\/product"}],"about":[{"href":"https:\/\/jiushidao.com\/vi\/wp-json\/wp\/v2\/types\/product"}],"replies":[{"embeddable":true,"href":"https:\/\/jiushidao.com\/vi\/wp-json\/wp\/v2\/comments?post=543"}],"version-history":[{"count":2,"href":"https:\/\/jiushidao.com\/vi\/wp-json\/wp\/v2\/product\/543\/revisions"}],"predecessor-version":[{"id":565,"href":"https:\/\/jiushidao.com\/vi\/wp-json\/wp\/v2\/product\/543\/revisions\/565"}],"wp:featuredmedia":[{"embeddable":true,"href":"https:\/\/jiushidao.com\/vi\/wp-json\/wp\/v2\/media\/545"}],"wp:attachment":[{"href":"https:\/\/jiushidao.com\/vi\/wp-json\/wp\/v2\/media?parent=543"}],"wp:term":[{"taxonomy":"product_brand","embeddable":true,"href":"https:\/\/jiushidao.com\/vi\/wp-json\/wp\/v2\/product_brand?post=543"},{"taxonomy":"product_cat","embeddable":true,"href":"https:\/\/jiushidao.com\/vi\/wp-json\/wp\/v2\/product_cat?post=543"},{"taxonomy":"product_tag","embeddable":true,"href":"https:\/\/jiushidao.com\/vi\/wp-json\/wp\/v2\/product_tag?post=543"}],"curies":[{"name":"wp","href":"https:\/\/api.w.org\/{rel}","templated":true}]}}