{"id":362,"date":"2025-08-28T08:41:44","date_gmt":"2025-08-28T08:41:44","guid":{"rendered":"https:\/\/jiushidao.com\/?post_type=product&#038;p=362"},"modified":"2025-08-28T08:43:33","modified_gmt":"2025-08-28T08:43:33","slug":"hi-c-life-orange-peel-rosa-roxburghii","status":"publish","type":"product","link":"https:\/\/jiushidao.com\/vi\/san-pham\/hi-c-life-orange-peel-rosa-roxburghii\/","title":{"rendered":"Hi-C Life (V\u1ecf cam &amp; Hoa h\u1ed3ng Roxburghii)"},"content":{"rendered":"<p><strong>H\u1ed3 s\u01a1 h\u01b0\u01a1ng v\u1ecb<\/strong><br \/>\nV\u1ecf cam th\u01a1m h\u00f2a quy\u1ec7n v\u1edbi rosa roxburghii gi\u00e0u vitamin C (m\u1ed9t lo\u1ea1i tr\u00e1i c\u00e2y chua, gi\u00e0u dinh d\u01b0\u1ee1ng), l\u1ea5p \u0111\u1ea7y mi\u1ec7ng b\u1ea1n b\u1eb1ng h\u01b0\u01a1ng v\u1ecb tr\u00e1i c\u00e2y phong ph\u00fa, ng\u1ecdt v\u00e0 chua ho\u00e0n h\u1ea3o\u2014gi\u1ed1ng nh\u01b0 t\u1eafm n\u1eafng trong v\u01b0\u1eddn c\u00e2y h\u1ecd cam qu\u00fdt, khi\u1ebfn m\u1ed7i ng\u1ee5m r\u01b0\u1ee3u \u0111\u1ec1u tr\u1edf n\u00ean tuy\u1ec7t v\u1eddi.<\/p>\n<p><strong>L\u1ee3i \u00edch c\u1ed1t l\u00f5i<\/strong><br \/>\nT\u0103ng c\u01b0\u1eddng h\u1ec7 th\u1ed1ng mi\u1ec5n d\u1ecbch, h\u1ed7 tr\u1ee3 l\u00e0n da kh\u1ecfe m\u1ea1nh v\u00e0 cung c\u1ea5p cho c\u01a1 th\u1ec3 b\u1ea1n ngu\u1ed3n n\u0103ng l\u01b0\u1ee3ng d\u1ed3i d\u00e0o.<\/p>\n<p><strong>C\u00e1c t\u00ednh n\u0103ng ch\u00ednh<\/strong><br \/>\nV\u1ecf cam ch\u1ee9a nhi\u1ec1u tinh d\u1ea7u v\u00e0 hesperidin, c\u00f3 t\u00e1c d\u1ee5ng h\u1ed7 tr\u1ee3 ti\u00eau h\u00f3a v\u00e0 gi\u1ea3m ho.<br \/>\nRosa roxburghii, \u0111\u01b0\u1ee3c m\u1ec7nh danh l\u00e0 \u201cVua vitamin C\u201d, l\u00e0 ngu\u1ed3n cung c\u1ea5p d\u1ed3i d\u00e0o ch\u1ea5t ch\u1ed1ng oxy h\u00f3a, t\u0103ng c\u01b0\u1eddng h\u1ec7 mi\u1ec5n d\u1ecbch v\u00e0 gi\u00fap c\u1ea3i thi\u1ec7n l\u00e0n da b\u1eb1ng c\u00e1ch l\u00e0m gi\u1ea3m c\u00e1c \u0111\u1ed1m \u0111en v\u00e0 n\u1ebfp nh\u0103n.<\/p>\n<h4><strong>Ng\u01b0\u1eddi d\u00f9ng l\u00fd t\u01b0\u1edfng v\u00e0 tr\u01b0\u1eddng h\u1ee3p s\u1eed d\u1ee5ng<\/strong><\/h4>\n<p><strong>D\u00e0nh cho ai<\/strong><br \/>\nNh\u1eefng ng\u01b0\u1eddi y\u00eau th\u00edch \u1ea9m th\u1ef1c<br \/>\nNh\u1eefng ng\u01b0\u1eddi mu\u1ed1n c\u00f3 l\u00e0n da s\u00e1ng h\u01a1n v\u00e0 \u00edt x\u1ec9n m\u00e0u h\u01a1n<br \/>\nB\u1ea5t k\u1ef3 ai ho nhi\u1ec1u khi th\u1eddi ti\u1ebft thay \u0111\u1ed5i<\/p>\n<p><strong>Khi n\u00e0o s\u1eed d\u1ee5ng n\u00f3<\/strong><br \/>\nU\u1ed1ng sau b\u1eefa \u0103n \u0111\u1ec3 h\u1ed7 tr\u1ee3 ti\u00eau h\u00f3a.<br \/>\nU\u1ed1ng h\u00e0ng ng\u00e0y \u0111\u1ec3 gi\u1eef cho l\u00e0n da c\u1ee7a b\u1ea1n lu\u00f4n t\u01b0\u01a1i s\u00e1ng.<br \/>\nS\u1eed d\u1ee5ng khi b\u1ea1n b\u1ecb ho do thay \u0111\u1ed5i th\u1eddi ti\u1ebft \u0111\u1ec3 l\u00e0m d\u1ecbu ph\u1ed5i v\u00e0 ng\u1eebng ho.<\/p>\n<p><img fetchpriority=\"high\" decoding=\"async\" class=\"aligncenter size-full wp-image-344\" src=\"https:\/\/jiushidao.com\/wp-content\/uploads\/2025\/08\/chanp3.jpg\" alt=\"\" width=\"1200\" height=\"1200\" srcset=\"https:\/\/jiushidao.com\/wp-content\/uploads\/2025\/08\/chanp3.jpg 1200w, https:\/\/jiushidao.com\/wp-content\/uploads\/2025\/08\/chanp3-500x500.jpg 500w, https:\/\/jiushidao.com\/wp-content\/uploads\/2025\/08\/chanp3-300x300.jpg 300w, https:\/\/jiushidao.com\/wp-content\/uploads\/2025\/08\/chanp3-768x768.jpg 768w, https:\/\/jiushidao.com\/wp-content\/uploads\/2025\/08\/chanp3-150x150.jpg 150w, https:\/\/jiushidao.com\/wp-content\/uploads\/2025\/08\/chanp3-75x75.jpg 75w, https:\/\/jiushidao.com\/wp-content\/uploads\/2025\/08\/chanp3-700x700.jpg 700w, https:\/\/jiushidao.com\/wp-content\/uploads\/2025\/08\/chanp3-800x800.jpg 800w\" sizes=\"(max-width:767px) 700px, (max-width:1200px) 100vw, 1200px\" \/> <img decoding=\"async\" class=\"aligncenter size-full wp-image-363\" src=\"https:\/\/jiushidao.com\/wp-content\/uploads\/2025\/08\/Zhigan13681.jpg\" alt=\"\" width=\"1200\" height=\"1800\" srcset=\"https:\/\/jiushidao.com\/wp-content\/uploads\/2025\/08\/Zhigan13681.jpg 1200w, https:\/\/jiushidao.com\/wp-content\/uploads\/2025\/08\/Zhigan13681-333x500.jpg 333w, https:\/\/jiushidao.com\/wp-content\/uploads\/2025\/08\/Zhigan13681-800x1200.jpg 800w, https:\/\/jiushidao.com\/wp-content\/uploads\/2025\/08\/Zhigan13681-200x300.jpg 200w, https:\/\/jiushidao.com\/wp-content\/uploads\/2025\/08\/Zhigan13681-768x1152.jpg 768w, https:\/\/jiushidao.com\/wp-content\/uploads\/2025\/08\/Zhigan13681-1024x1536.jpg 1024w, https:\/\/jiushidao.com\/wp-content\/uploads\/2025\/08\/Zhigan13681-50x75.jpg 50w, https:\/\/jiushidao.com\/wp-content\/uploads\/2025\/08\/Zhigan13681-700x1050.jpg 700w\" sizes=\"(max-width:767px) 700px, (max-width:1200px) 100vw, 1200px\" \/> <img decoding=\"async\" class=\"aligncenter size-full wp-image-364\" src=\"https:\/\/jiushidao.com\/wp-content\/uploads\/2025\/08\/Zhigan13682.jpg\" alt=\"\" width=\"1200\" height=\"1800\" srcset=\"https:\/\/jiushidao.com\/wp-content\/uploads\/2025\/08\/Zhigan13682.jpg 1200w, https:\/\/jiushidao.com\/wp-content\/uploads\/2025\/08\/Zhigan13682-333x500.jpg 333w, https:\/\/jiushidao.com\/wp-content\/uploads\/2025\/08\/Zhigan13682-800x1200.jpg 800w, https:\/\/jiushidao.com\/wp-content\/uploads\/2025\/08\/Zhigan13682-200x300.jpg 200w, https:\/\/jiushidao.com\/wp-content\/uploads\/2025\/08\/Zhigan13682-768x1152.jpg 768w, https:\/\/jiushidao.com\/wp-content\/uploads\/2025\/08\/Zhigan13682-1024x1536.jpg 1024w, https:\/\/jiushidao.com\/wp-content\/uploads\/2025\/08\/Zhigan13682-50x75.jpg 50w, https:\/\/jiushidao.com\/wp-content\/uploads\/2025\/08\/Zhigan13682-700x1050.jpg 700w\" sizes=\"(max-width:767px) 700px, (max-width:1200px) 100vw, 1200px\" \/><\/p>","protected":false},"excerpt":{"rendered":"<p>H\u01b0\u01a1ng v\u1ecb V\u1ecf cam th\u01a1m h\u00f2a quy\u1ec7n v\u1edbi qu\u1ea3 rosa roxburghii gi\u00e0u vitamin C (m\u1ed9t lo\u1ea1i tr\u00e1i c\u00e2y chua, gi\u00e0u dinh d\u01b0\u1ee1ng), l\u1ea5p \u0111\u1ea7y mi\u1ec7ng b\u1ea1n b\u1eb1ng h\u01b0\u01a1ng v\u1ecb tr\u00e1i c\u00e2y phong ph\u00fa, ng\u1ecdt ng\u00e0o ho\u00e0n h\u1ea3o<span class=\"excerpt-hellip\"> [\u2026]<\/span><\/p>","protected":false},"featured_media":344,"comment_status":"open","ping_status":"closed","template":"","meta":[],"product_brand":[],"product_cat":[19],"product_tag":[],"class_list":{"0":"post-362","1":"product","2":"type-product","3":"status-publish","4":"has-post-thumbnail","6":"product_cat-hi-c-life","8":"first","9":"instock","10":"shipping-taxable","11":"purchasable","12":"product-type-simple"},"yoast_head":"<!-- This site is optimized with the Yoast SEO Premium plugin v25.8 (Yoast SEO v25.8) - https:\/\/yoast.com\/wordpress\/plugins\/seo\/ -->\n<title>Hi-C Life (Orange Peel &amp; Rosa Roxburghii) - Jiushidao - Global Food Marketplace for Business Growth and Cosumers<\/title>\n<meta name=\"robots\" content=\"index, follow, max-snippet:-1, max-image-preview:large, max-video-preview:-1\" \/>\n<link rel=\"canonical\" href=\"https:\/\/jiushidao.com\/vi\/san-pham\/hi-c-life-orange-peel-rosa-roxburghii\/\" \/>\n<meta property=\"og:locale\" content=\"vi_VN\" \/>\n<meta property=\"og:type\" content=\"article\" \/>\n<meta property=\"og:title\" content=\"Hi-C Life (Orange Peel &amp; Rosa Roxburghii)\" \/>\n<meta property=\"og:description\" content=\"Flavor Profile Aromatic orange peel mixes with vitamin C-rich rosa roxburghii (a tangy, nutrient-packed fruit), filling your mouth with a rich fruity flavor that\u2019s perfectly sweet [\u2026]\" \/>\n<meta property=\"og:url\" content=\"https:\/\/jiushidao.com\/vi\/san-pham\/hi-c-life-orange-peel-rosa-roxburghii\/\" \/>\n<meta property=\"og:site_name\" content=\"Jiushidao - Global Food Marketplace for Business Growth and Cosumers\" \/>\n<meta property=\"article:modified_time\" content=\"2025-08-28T08:43:33+00:00\" \/>\n<meta property=\"og:image\" content=\"https:\/\/jiushidao.com\/wp-content\/uploads\/2025\/08\/chanp3.jpg\" \/>\n\t<meta property=\"og:image:width\" content=\"1200\" \/>\n\t<meta property=\"og:image:height\" content=\"1200\" \/>\n\t<meta property=\"og:image:type\" content=\"image\/jpeg\" \/>\n<meta name=\"twitter:card\" content=\"summary_large_image\" \/>\n<meta name=\"twitter:label1\" content=\"\u01af\u1edbc t\u00ednh th\u1eddi gian \u0111\u1ecdc\" \/>\n\t<meta name=\"twitter:data1\" content=\"2 ph\u00fat\" \/>\n<script type=\"application\/ld+json\" class=\"yoast-schema-graph\">{\"@context\":\"https:\/\/schema.org\",\"@graph\":[{\"@type\":\"WebPage\",\"@id\":\"https:\/\/jiushidao.com\/product\/hi-c-life-orange-peel-rosa-roxburghii\/\",\"url\":\"https:\/\/jiushidao.com\/product\/hi-c-life-orange-peel-rosa-roxburghii\/\",\"name\":\"Hi-C Life (Orange Peel & Rosa Roxburghii) - Jiushidao - Global Food Marketplace for Business Growth and Cosumers\",\"isPartOf\":{\"@id\":\"https:\/\/jiushidao.com\/#website\"},\"primaryImageOfPage\":{\"@id\":\"https:\/\/jiushidao.com\/product\/hi-c-life-orange-peel-rosa-roxburghii\/#primaryimage\"},\"image\":{\"@id\":\"https:\/\/jiushidao.com\/product\/hi-c-life-orange-peel-rosa-roxburghii\/#primaryimage\"},\"thumbnailUrl\":\"https:\/\/jiushidao.com\/wp-content\/uploads\/2025\/08\/chanp3.jpg\",\"datePublished\":\"2025-08-28T08:41:44+00:00\",\"dateModified\":\"2025-08-28T08:43:33+00:00\",\"breadcrumb\":{\"@id\":\"https:\/\/jiushidao.com\/product\/hi-c-life-orange-peel-rosa-roxburghii\/#breadcrumb\"},\"inLanguage\":\"vi\",\"potentialAction\":[{\"@type\":\"ReadAction\",\"target\":[\"https:\/\/jiushidao.com\/product\/hi-c-life-orange-peel-rosa-roxburghii\/\"]}]},{\"@type\":\"ImageObject\",\"inLanguage\":\"vi\",\"@id\":\"https:\/\/jiushidao.com\/product\/hi-c-life-orange-peel-rosa-roxburghii\/#primaryimage\",\"url\":\"https:\/\/jiushidao.com\/wp-content\/uploads\/2025\/08\/chanp3.jpg\",\"contentUrl\":\"https:\/\/jiushidao.com\/wp-content\/uploads\/2025\/08\/chanp3.jpg\",\"width\":1200,\"height\":1200},{\"@type\":\"BreadcrumbList\",\"@id\":\"https:\/\/jiushidao.com\/product\/hi-c-life-orange-peel-rosa-roxburghii\/#breadcrumb\",\"itemListElement\":[{\"@type\":\"ListItem\",\"position\":1,\"name\":\"Home\",\"item\":\"https:\/\/jiushidao.com\/\"},{\"@type\":\"ListItem\",\"position\":2,\"name\":\"Store\",\"item\":\"https:\/\/jiushidao.com\/store\/\"},{\"@type\":\"ListItem\",\"position\":3,\"name\":\"Hi-C Life (Orange Peel &#038; Rosa Roxburghii)\"}]},{\"@type\":\"WebSite\",\"@id\":\"https:\/\/jiushidao.com\/#website\",\"url\":\"https:\/\/jiushidao.com\/\",\"name\":\"Jiushidao - Global Food Marketplace for Business Growth and Cosumers\",\"description\":\"Jiushidao - Global Food Marketplace for Business Growth and Cosumers\",\"potentialAction\":[{\"@type\":\"SearchAction\",\"target\":{\"@type\":\"EntryPoint\",\"urlTemplate\":\"https:\/\/jiushidao.com\/?s={search_term_string}\"},\"query-input\":{\"@type\":\"PropertyValueSpecification\",\"valueRequired\":true,\"valueName\":\"search_term_string\"}}],\"inLanguage\":\"vi\"}]}<\/script>\n<!-- \/ Yoast SEO Premium plugin. -->","yoast_head_json":{"title":"Hi-C Life (Orange Peel & Rosa Roxburghii) - Jiushidao - Global Food Marketplace for Business Growth and Cosumers","robots":{"index":"index","follow":"follow","max-snippet":"max-snippet:-1","max-image-preview":"max-image-preview:large","max-video-preview":"max-video-preview:-1"},"canonical":"https:\/\/jiushidao.com\/vi\/san-pham\/hi-c-life-orange-peel-rosa-roxburghii\/","og_locale":"vi_VN","og_type":"article","og_title":"Hi-C Life (Orange Peel & Rosa Roxburghii)","og_description":"Flavor Profile Aromatic orange peel mixes with vitamin C-rich rosa roxburghii (a tangy, nutrient-packed fruit), filling your mouth with a rich fruity flavor that\u2019s perfectly sweet [\u2026]","og_url":"https:\/\/jiushidao.com\/vi\/san-pham\/hi-c-life-orange-peel-rosa-roxburghii\/","og_site_name":"Jiushidao - Global Food Marketplace for Business Growth and Cosumers","article_modified_time":"2025-08-28T08:43:33+00:00","og_image":[{"width":1200,"height":1200,"url":"https:\/\/jiushidao.com\/wp-content\/uploads\/2025\/08\/chanp3.jpg","type":"image\/jpeg"}],"twitter_card":"summary_large_image","twitter_misc":{"\u01af\u1edbc t\u00ednh th\u1eddi gian \u0111\u1ecdc":"2 ph\u00fat"},"schema":{"@context":"https:\/\/schema.org","@graph":[{"@type":"WebPage","@id":"https:\/\/jiushidao.com\/product\/hi-c-life-orange-peel-rosa-roxburghii\/","url":"https:\/\/jiushidao.com\/product\/hi-c-life-orange-peel-rosa-roxburghii\/","name":"Hi-C Life (Orange Peel & Rosa Roxburghii) - Jiushidao - Global Food Marketplace for Business Growth and Cosumers","isPartOf":{"@id":"https:\/\/jiushidao.com\/#website"},"primaryImageOfPage":{"@id":"https:\/\/jiushidao.com\/product\/hi-c-life-orange-peel-rosa-roxburghii\/#primaryimage"},"image":{"@id":"https:\/\/jiushidao.com\/product\/hi-c-life-orange-peel-rosa-roxburghii\/#primaryimage"},"thumbnailUrl":"https:\/\/jiushidao.com\/wp-content\/uploads\/2025\/08\/chanp3.jpg","datePublished":"2025-08-28T08:41:44+00:00","dateModified":"2025-08-28T08:43:33+00:00","breadcrumb":{"@id":"https:\/\/jiushidao.com\/product\/hi-c-life-orange-peel-rosa-roxburghii\/#breadcrumb"},"inLanguage":"vi","potentialAction":[{"@type":"ReadAction","target":["https:\/\/jiushidao.com\/product\/hi-c-life-orange-peel-rosa-roxburghii\/"]}]},{"@type":"ImageObject","inLanguage":"vi","@id":"https:\/\/jiushidao.com\/product\/hi-c-life-orange-peel-rosa-roxburghii\/#primaryimage","url":"https:\/\/jiushidao.com\/wp-content\/uploads\/2025\/08\/chanp3.jpg","contentUrl":"https:\/\/jiushidao.com\/wp-content\/uploads\/2025\/08\/chanp3.jpg","width":1200,"height":1200},{"@type":"BreadcrumbList","@id":"https:\/\/jiushidao.com\/product\/hi-c-life-orange-peel-rosa-roxburghii\/#breadcrumb","itemListElement":[{"@type":"ListItem","position":1,"name":"Home","item":"https:\/\/jiushidao.com\/"},{"@type":"ListItem","position":2,"name":"Store","item":"https:\/\/jiushidao.com\/store\/"},{"@type":"ListItem","position":3,"name":"Hi-C Life (Orange Peel &#038; Rosa Roxburghii)"}]},{"@type":"WebSite","@id":"https:\/\/jiushidao.com\/#website","url":"https:\/\/jiushidao.com\/","name":"Jiushidao - Global Food Marketplace for Business Growth and Cosumers","description":"Jiushidao - Global Food Marketplace for Business Growth and Cosumers","potentialAction":[{"@type":"SearchAction","target":{"@type":"EntryPoint","urlTemplate":"https:\/\/jiushidao.com\/?s={search_term_string}"},"query-input":{"@type":"PropertyValueSpecification","valueRequired":true,"valueName":"search_term_string"}}],"inLanguage":"vi"}]}},"_links":{"self":[{"href":"https:\/\/jiushidao.com\/vi\/wp-json\/wp\/v2\/product\/362","targetHints":{"allow":["GET"]}}],"collection":[{"href":"https:\/\/jiushidao.com\/vi\/wp-json\/wp\/v2\/product"}],"about":[{"href":"https:\/\/jiushidao.com\/vi\/wp-json\/wp\/v2\/types\/product"}],"replies":[{"embeddable":true,"href":"https:\/\/jiushidao.com\/vi\/wp-json\/wp\/v2\/comments?post=362"}],"version-history":[{"count":1,"href":"https:\/\/jiushidao.com\/vi\/wp-json\/wp\/v2\/product\/362\/revisions"}],"predecessor-version":[{"id":365,"href":"https:\/\/jiushidao.com\/vi\/wp-json\/wp\/v2\/product\/362\/revisions\/365"}],"wp:featuredmedia":[{"embeddable":true,"href":"https:\/\/jiushidao.com\/vi\/wp-json\/wp\/v2\/media\/344"}],"wp:attachment":[{"href":"https:\/\/jiushidao.com\/vi\/wp-json\/wp\/v2\/media?parent=362"}],"wp:term":[{"taxonomy":"product_brand","embeddable":true,"href":"https:\/\/jiushidao.com\/vi\/wp-json\/wp\/v2\/product_brand?post=362"},{"taxonomy":"product_cat","embeddable":true,"href":"https:\/\/jiushidao.com\/vi\/wp-json\/wp\/v2\/product_cat?post=362"},{"taxonomy":"product_tag","embeddable":true,"href":"https:\/\/jiushidao.com\/vi\/wp-json\/wp\/v2\/product_tag?post=362"}],"curies":[{"name":"wp","href":"https:\/\/api.w.org\/{rel}","templated":true}]}}