{"id":360,"date":"2025-08-28T08:39:11","date_gmt":"2025-08-28T08:39:11","guid":{"rendered":"https:\/\/jiushidao.com\/?post_type=product&#038;p=360"},"modified":"2025-08-28T08:41:32","modified_gmt":"2025-08-28T08:41:32","slug":"energy-lemon-ginseng-lemon","status":"publish","type":"product","link":"https:\/\/jiushidao.com\/vi\/san-pham\/energy-lemon-ginseng-lemon\/","title":{"rendered":"Chanh n\u0103ng l\u01b0\u1ee3ng (Nh\u00e2n s\u00e2m &amp; Chanh)"},"content":{"rendered":"<p><strong>H\u1ed3 s\u01a1 h\u01b0\u01a1ng v\u1ecb<\/strong><br \/>\nNh\u00e2n s\u00e2m cao c\u1ea5p k\u1ebft h\u1ee3p v\u1edbi chanh t\u01b0\u01a1i m\u00e1t, th\u01a1m n\u1ed3ng. V\u1ecb \u0111\u1eafng nh\u1eb9 c\u1ee7a nh\u00e2n s\u00e2m c\u00e2n b\u1eb1ng v\u1edbi v\u1ecb chua ng\u1ecdt c\u1ee7a chanh, t\u1ea1o n\u00ean h\u01b0\u01a1ng v\u1ecb \u0111\u1ed9c \u0111\u00e1o v\u1eeba b\u1ed5 d\u01b0\u1ee1ng v\u1eeba s\u1ea3ng kho\u00e1i\u2014gi\u1ed1ng nh\u01b0 ngu\u1ed3n n\u0103ng l\u01b0\u1ee3ng d\u1ed3i d\u00e0o t\u1eeb thi\u00ean nhi\u00ean \u0111\u01b0\u1ee3c g\u00f3i g\u1ecdn trong m\u1ed9t vi\u00ean nang b\u1ed9t tr\u00e0 nh\u1ecf b\u00e9.<\/p>\n<p><strong>L\u1ee3i \u00edch c\u1ed1t l\u00f5i<\/strong><br \/>\nCung c\u1ea5p cho b\u1ea1n nhi\u1ec1u n\u0103ng l\u01b0\u1ee3ng h\u01a1n, t\u0103ng c\u01b0\u1eddng h\u1ec7 th\u1ed1ng mi\u1ec5n d\u1ecbch v\u00e0 gi\u00fap c\u01a1 th\u1ec3 ch\u1ed1ng l\u1ea1i s\u1ef1 m\u1ec7t m\u1ecfi.<\/p>\n<p><strong>C\u00e1c t\u00ednh n\u0103ng ch\u00ednh<\/strong><br \/>\nNh\u00e2n s\u00e2m, m\u1ed9t si\u00eau th\u1ef1c ph\u1ea9m c\u1ed5 \u0111i\u1ec3n cung c\u1ea5p n\u0103ng l\u01b0\u1ee3ng, \u0111i\u1ec1u ch\u1ec9nh c\u00e1ch c\u01a1 th\u1ec3 ho\u1ea1t \u0111\u1ed9ng, t\u0103ng c\u01b0\u1eddng s\u1ee9c m\u1ea1nh v\u00e0 s\u1ee9c b\u1ec1n, \u0111\u1ed3ng th\u1eddi gi\u1ea3m m\u1ec7t m\u1ecfi.<br \/>\nChanh gi\u00e0u vitamin C v\u00e0 flavonoid, gi\u00fap l\u00e0m s\u00e1ng da, ch\u1ed1ng l\u1ea1i c\u00e1c g\u1ed1c t\u1ef1 do v\u00e0 gi\u00fap c\u01a1 th\u1ec3 h\u1ea5p th\u1ee5 s\u1eaft - t\u1ea5t c\u1ea3 \u0111\u1ec1u quan tr\u1ecdng \u0111\u1ec3 duy tr\u00ec s\u1ee9c kh\u1ecfe.<\/p>\n<h4><strong>Ng\u01b0\u1eddi d\u00f9ng l\u00fd t\u01b0\u1edfng v\u00e0 tr\u01b0\u1eddng h\u1ee3p s\u1eed d\u1ee5ng<\/strong><\/h4>\n<p><strong>D\u00e0nh cho ai<\/strong><br \/>\nNh\u1eefng ng\u01b0\u1eddi c\u00f3 l\u1ecbch tr\u00ecnh l\u00e0m vi\u1ec7c d\u00e0y \u0111\u1eb7c<br \/>\nNh\u1eefng ng\u01b0\u1eddi th\u1ee9c khuya (nh\u1eefng ng\u01b0\u1eddi th\u1ee9c khuya)<br \/>\nB\u1ea5t k\u1ef3 ai d\u1ec5 b\u1ecb b\u1ec7nh khi th\u1eddi ti\u1ebft thay \u0111\u1ed5i<\/p>\n<p><strong>Khi n\u00e0o s\u1eed d\u1ee5ng n\u00f3<\/strong><br \/>\nD\u00f9ng n\u00f3 sau m\u1ed9t ng\u00e0y l\u00e0m vi\u1ec7c d\u00e0i v\u00e0 v\u1ea5t v\u1ea3 \u0111\u1ec3 n\u1ea1p l\u1ea1i n\u0103ng l\u01b0\u1ee3ng.<br \/>\nS\u1eed d\u1ee5ng sau khi th\u1ee9c khuya \u0111\u1ec3 ph\u1ee5c h\u1ed3i nhanh h\u01a1n.<br \/>\nU\u1ed1ng m\u1ed9t vi\u00ean khi th\u1eddi ti\u1ebft thay \u0111\u1ed5i \u0111\u1ec3 gi\u1eef cho h\u1ec7 mi\u1ec5n d\u1ecbch c\u1ee7a b\u1ea1n kh\u1ecfe m\u1ea1nh.<\/p>\n<p><img fetchpriority=\"high\" decoding=\"async\" class=\"aligncenter size-full wp-image-346\" src=\"https:\/\/jiushidao.com\/wp-content\/uploads\/2025\/08\/chanp5.jpg\" alt=\"\" width=\"1200\" height=\"1200\" srcset=\"https:\/\/jiushidao.com\/wp-content\/uploads\/2025\/08\/chanp5.jpg 1200w, https:\/\/jiushidao.com\/wp-content\/uploads\/2025\/08\/chanp5-500x500.jpg 500w, https:\/\/jiushidao.com\/wp-content\/uploads\/2025\/08\/chanp5-300x300.jpg 300w, https:\/\/jiushidao.com\/wp-content\/uploads\/2025\/08\/chanp5-768x768.jpg 768w, https:\/\/jiushidao.com\/wp-content\/uploads\/2025\/08\/chanp5-150x150.jpg 150w, https:\/\/jiushidao.com\/wp-content\/uploads\/2025\/08\/chanp5-75x75.jpg 75w, https:\/\/jiushidao.com\/wp-content\/uploads\/2025\/08\/chanp5-700x700.jpg 700w, https:\/\/jiushidao.com\/wp-content\/uploads\/2025\/08\/chanp5-800x800.jpg 800w\" sizes=\"(max-width:767px) 700px, (max-width:1200px) 100vw, 1200px\" \/><\/p>","protected":false},"excerpt":{"rendered":"<p>H\u01b0\u01a1ng v\u1ecb: Nh\u00e2n s\u00e2m cao c\u1ea5p k\u1ebft h\u1ee3p v\u1edbi chanh t\u01b0\u01a1i m\u00e1t, \u0111\u1eadm \u0111\u00e0. V\u1ecb \u0111\u1eafng nh\u1eb9 c\u1ee7a nh\u00e2n s\u00e2m c\u00e2n b\u1eb1ng v\u1edbi v\u1ecb chua ng\u1ecdt c\u1ee7a chanh, t\u1ea1o n\u00ean h\u01b0\u01a1ng v\u1ecb \u0111\u1ed9c \u0111\u00e1o v\u1eeba b\u1ed5 d\u01b0\u1ee1ng v\u1eeba s\u1ea3ng kho\u00e1i\u2014gi\u1ed1ng nh\u01b0<span class=\"excerpt-hellip\"> [\u2026]<\/span><\/p>","protected":false},"featured_media":346,"comment_status":"open","ping_status":"closed","template":"","meta":[],"product_brand":[],"product_cat":[17],"product_tag":[],"class_list":{"0":"post-360","1":"product","2":"type-product","3":"status-publish","4":"has-post-thumbnail","6":"product_cat-energy-lemon","8":"first","9":"instock","10":"shipping-taxable","11":"purchasable","12":"product-type-simple"},"yoast_head":"<!-- This site is optimized with the Yoast SEO Premium plugin v25.8 (Yoast SEO v25.8) - https:\/\/yoast.com\/wordpress\/plugins\/seo\/ -->\n<title>Energy Lemon (Ginseng &amp; Lemon) - Jiushidao - Global Food Marketplace for Business Growth and Cosumers<\/title>\n<meta name=\"robots\" content=\"index, follow, max-snippet:-1, max-image-preview:large, max-video-preview:-1\" \/>\n<link rel=\"canonical\" href=\"https:\/\/jiushidao.com\/vi\/san-pham\/energy-lemon-ginseng-lemon\/\" \/>\n<meta property=\"og:locale\" content=\"vi_VN\" \/>\n<meta property=\"og:type\" content=\"article\" \/>\n<meta property=\"og:title\" content=\"Energy Lemon (Ginseng &amp; Lemon)\" \/>\n<meta property=\"og:description\" content=\"Flavor Profile Premium ginseng pairs with fresh, zesty lemon. Ginseng\u2019s mild bitterness balances out lemon\u2019s sweet-tart flavor, creating a unique taste that\u2019s both nourishing and refreshing\u2014like [\u2026]\" \/>\n<meta property=\"og:url\" content=\"https:\/\/jiushidao.com\/vi\/san-pham\/energy-lemon-ginseng-lemon\/\" \/>\n<meta property=\"og:site_name\" content=\"Jiushidao - Global Food Marketplace for Business Growth and Cosumers\" \/>\n<meta property=\"article:modified_time\" content=\"2025-08-28T08:41:32+00:00\" \/>\n<meta property=\"og:image\" content=\"https:\/\/jiushidao.com\/wp-content\/uploads\/2025\/08\/chanp5.jpg\" \/>\n\t<meta property=\"og:image:width\" content=\"1200\" \/>\n\t<meta property=\"og:image:height\" content=\"1200\" \/>\n\t<meta property=\"og:image:type\" content=\"image\/jpeg\" \/>\n<meta name=\"twitter:card\" content=\"summary_large_image\" \/>\n<meta name=\"twitter:label1\" content=\"\u01af\u1edbc t\u00ednh th\u1eddi gian \u0111\u1ecdc\" \/>\n\t<meta name=\"twitter:data1\" content=\"2 ph\u00fat\" \/>\n<script type=\"application\/ld+json\" class=\"yoast-schema-graph\">{\"@context\":\"https:\/\/schema.org\",\"@graph\":[{\"@type\":\"WebPage\",\"@id\":\"https:\/\/jiushidao.com\/product\/energy-lemon-ginseng-lemon\/\",\"url\":\"https:\/\/jiushidao.com\/product\/energy-lemon-ginseng-lemon\/\",\"name\":\"Energy Lemon (Ginseng & Lemon) - Jiushidao - Global Food Marketplace for Business Growth and Cosumers\",\"isPartOf\":{\"@id\":\"https:\/\/jiushidao.com\/#website\"},\"primaryImageOfPage\":{\"@id\":\"https:\/\/jiushidao.com\/product\/energy-lemon-ginseng-lemon\/#primaryimage\"},\"image\":{\"@id\":\"https:\/\/jiushidao.com\/product\/energy-lemon-ginseng-lemon\/#primaryimage\"},\"thumbnailUrl\":\"https:\/\/jiushidao.com\/wp-content\/uploads\/2025\/08\/chanp5.jpg\",\"datePublished\":\"2025-08-28T08:39:11+00:00\",\"dateModified\":\"2025-08-28T08:41:32+00:00\",\"breadcrumb\":{\"@id\":\"https:\/\/jiushidao.com\/product\/energy-lemon-ginseng-lemon\/#breadcrumb\"},\"inLanguage\":\"vi\",\"potentialAction\":[{\"@type\":\"ReadAction\",\"target\":[\"https:\/\/jiushidao.com\/product\/energy-lemon-ginseng-lemon\/\"]}]},{\"@type\":\"ImageObject\",\"inLanguage\":\"vi\",\"@id\":\"https:\/\/jiushidao.com\/product\/energy-lemon-ginseng-lemon\/#primaryimage\",\"url\":\"https:\/\/jiushidao.com\/wp-content\/uploads\/2025\/08\/chanp5.jpg\",\"contentUrl\":\"https:\/\/jiushidao.com\/wp-content\/uploads\/2025\/08\/chanp5.jpg\",\"width\":1200,\"height\":1200},{\"@type\":\"BreadcrumbList\",\"@id\":\"https:\/\/jiushidao.com\/product\/energy-lemon-ginseng-lemon\/#breadcrumb\",\"itemListElement\":[{\"@type\":\"ListItem\",\"position\":1,\"name\":\"Home\",\"item\":\"https:\/\/jiushidao.com\/\"},{\"@type\":\"ListItem\",\"position\":2,\"name\":\"Store\",\"item\":\"https:\/\/jiushidao.com\/store\/\"},{\"@type\":\"ListItem\",\"position\":3,\"name\":\"Energy Lemon (Ginseng &#038; Lemon)\"}]},{\"@type\":\"WebSite\",\"@id\":\"https:\/\/jiushidao.com\/#website\",\"url\":\"https:\/\/jiushidao.com\/\",\"name\":\"Jiushidao - Global Food Marketplace for Business Growth and Cosumers\",\"description\":\"Jiushidao - Global Food Marketplace for Business Growth and Cosumers\",\"potentialAction\":[{\"@type\":\"SearchAction\",\"target\":{\"@type\":\"EntryPoint\",\"urlTemplate\":\"https:\/\/jiushidao.com\/?s={search_term_string}\"},\"query-input\":{\"@type\":\"PropertyValueSpecification\",\"valueRequired\":true,\"valueName\":\"search_term_string\"}}],\"inLanguage\":\"vi\"}]}<\/script>\n<!-- \/ Yoast SEO Premium plugin. -->","yoast_head_json":{"title":"Energy Lemon (Ginseng & Lemon) - Jiushidao - Global Food Marketplace for Business Growth and Cosumers","robots":{"index":"index","follow":"follow","max-snippet":"max-snippet:-1","max-image-preview":"max-image-preview:large","max-video-preview":"max-video-preview:-1"},"canonical":"https:\/\/jiushidao.com\/vi\/san-pham\/energy-lemon-ginseng-lemon\/","og_locale":"vi_VN","og_type":"article","og_title":"Energy Lemon (Ginseng & Lemon)","og_description":"Flavor Profile Premium ginseng pairs with fresh, zesty lemon. Ginseng\u2019s mild bitterness balances out lemon\u2019s sweet-tart flavor, creating a unique taste that\u2019s both nourishing and refreshing\u2014like [\u2026]","og_url":"https:\/\/jiushidao.com\/vi\/san-pham\/energy-lemon-ginseng-lemon\/","og_site_name":"Jiushidao - Global Food Marketplace for Business Growth and Cosumers","article_modified_time":"2025-08-28T08:41:32+00:00","og_image":[{"width":1200,"height":1200,"url":"https:\/\/jiushidao.com\/wp-content\/uploads\/2025\/08\/chanp5.jpg","type":"image\/jpeg"}],"twitter_card":"summary_large_image","twitter_misc":{"\u01af\u1edbc t\u00ednh th\u1eddi gian \u0111\u1ecdc":"2 ph\u00fat"},"schema":{"@context":"https:\/\/schema.org","@graph":[{"@type":"WebPage","@id":"https:\/\/jiushidao.com\/product\/energy-lemon-ginseng-lemon\/","url":"https:\/\/jiushidao.com\/product\/energy-lemon-ginseng-lemon\/","name":"Energy Lemon (Ginseng & Lemon) - Jiushidao - Global Food Marketplace for Business Growth and Cosumers","isPartOf":{"@id":"https:\/\/jiushidao.com\/#website"},"primaryImageOfPage":{"@id":"https:\/\/jiushidao.com\/product\/energy-lemon-ginseng-lemon\/#primaryimage"},"image":{"@id":"https:\/\/jiushidao.com\/product\/energy-lemon-ginseng-lemon\/#primaryimage"},"thumbnailUrl":"https:\/\/jiushidao.com\/wp-content\/uploads\/2025\/08\/chanp5.jpg","datePublished":"2025-08-28T08:39:11+00:00","dateModified":"2025-08-28T08:41:32+00:00","breadcrumb":{"@id":"https:\/\/jiushidao.com\/product\/energy-lemon-ginseng-lemon\/#breadcrumb"},"inLanguage":"vi","potentialAction":[{"@type":"ReadAction","target":["https:\/\/jiushidao.com\/product\/energy-lemon-ginseng-lemon\/"]}]},{"@type":"ImageObject","inLanguage":"vi","@id":"https:\/\/jiushidao.com\/product\/energy-lemon-ginseng-lemon\/#primaryimage","url":"https:\/\/jiushidao.com\/wp-content\/uploads\/2025\/08\/chanp5.jpg","contentUrl":"https:\/\/jiushidao.com\/wp-content\/uploads\/2025\/08\/chanp5.jpg","width":1200,"height":1200},{"@type":"BreadcrumbList","@id":"https:\/\/jiushidao.com\/product\/energy-lemon-ginseng-lemon\/#breadcrumb","itemListElement":[{"@type":"ListItem","position":1,"name":"Home","item":"https:\/\/jiushidao.com\/"},{"@type":"ListItem","position":2,"name":"Store","item":"https:\/\/jiushidao.com\/store\/"},{"@type":"ListItem","position":3,"name":"Energy Lemon (Ginseng &#038; Lemon)"}]},{"@type":"WebSite","@id":"https:\/\/jiushidao.com\/#website","url":"https:\/\/jiushidao.com\/","name":"Jiushidao - Global Food Marketplace for Business Growth and Cosumers","description":"Jiushidao - Global Food Marketplace for Business Growth and Cosumers","potentialAction":[{"@type":"SearchAction","target":{"@type":"EntryPoint","urlTemplate":"https:\/\/jiushidao.com\/?s={search_term_string}"},"query-input":{"@type":"PropertyValueSpecification","valueRequired":true,"valueName":"search_term_string"}}],"inLanguage":"vi"}]}},"_links":{"self":[{"href":"https:\/\/jiushidao.com\/vi\/wp-json\/wp\/v2\/product\/360","targetHints":{"allow":["GET"]}}],"collection":[{"href":"https:\/\/jiushidao.com\/vi\/wp-json\/wp\/v2\/product"}],"about":[{"href":"https:\/\/jiushidao.com\/vi\/wp-json\/wp\/v2\/types\/product"}],"replies":[{"embeddable":true,"href":"https:\/\/jiushidao.com\/vi\/wp-json\/wp\/v2\/comments?post=360"}],"version-history":[{"count":1,"href":"https:\/\/jiushidao.com\/vi\/wp-json\/wp\/v2\/product\/360\/revisions"}],"predecessor-version":[{"id":361,"href":"https:\/\/jiushidao.com\/vi\/wp-json\/wp\/v2\/product\/360\/revisions\/361"}],"wp:featuredmedia":[{"embeddable":true,"href":"https:\/\/jiushidao.com\/vi\/wp-json\/wp\/v2\/media\/346"}],"wp:attachment":[{"href":"https:\/\/jiushidao.com\/vi\/wp-json\/wp\/v2\/media?parent=360"}],"wp:term":[{"taxonomy":"product_brand","embeddable":true,"href":"https:\/\/jiushidao.com\/vi\/wp-json\/wp\/v2\/product_brand?post=360"},{"taxonomy":"product_cat","embeddable":true,"href":"https:\/\/jiushidao.com\/vi\/wp-json\/wp\/v2\/product_cat?post=360"},{"taxonomy":"product_tag","embeddable":true,"href":"https:\/\/jiushidao.com\/vi\/wp-json\/wp\/v2\/product_tag?post=360"}],"curies":[{"name":"wp","href":"https:\/\/api.w.org\/{rel}","templated":true}]}}