{"id":356,"date":"2025-08-28T08:36:40","date_gmt":"2025-08-28T08:36:40","guid":{"rendered":"https:\/\/jiushidao.com\/?post_type=product&#038;p=356"},"modified":"2025-08-28T08:39:02","modified_gmt":"2025-08-28T08:39:02","slug":"cinnamon-black-jade-cinnamon-blackberry","status":"publish","type":"product","link":"https:\/\/jiushidao.com\/vi\/san-pham\/cinnamon-black-jade-cinnamon-blackberry\/","title":{"rendered":"Qu\u1ebf \u0111en ng\u1ecdc b\u00edch (Qu\u1ebf v\u00e0 m\u00e2m x\u00f4i \u0111en)"},"content":{"rendered":"<p><strong>H\u1ed3 s\u01a1 h\u01b0\u01a1ng v\u1ecb<\/strong><br \/>\nH\u01b0\u01a1ng qu\u1ebf \u1ea5m \u00e1p, \u0111\u1ed9c \u0111\u00e1o h\u00f2a quy\u1ec7n ho\u00e0n h\u1ea3o v\u1edbi v\u1ecb chua ng\u1ecdt c\u1ee7a m\u00e2m x\u00f4i \u0111en. M\u1ed7i ng\u1ee5m \u0111\u1ec1u mang \u0111\u1ebfn c\u1ea3m gi\u00e1c nh\u01b0 \u0111ang th\u01b0\u1edfng th\u1ee9c m\u00f3n tr\u00e1ng mi\u1ec7ng c\u1ed5 \u0111i\u1ec3n t\u1ef1 l\u00e0m theo c\u00f4ng th\u1ee9c c\u0169 v\u00e0o m\u1ed9t bu\u1ed5i chi\u1ec1u m\u00f9a thu \u2014 \u1ea5m c\u00fang v\u00e0 \u0111\u1ea7y b\u1ea5t ng\u1edd th\u00fa v\u1ecb.<\/p>\n<p><strong>L\u1ee3i \u00edch c\u1ed1t l\u00f5i<\/strong><br \/>\nGi\u00fap duy tr\u00ec l\u01b0\u1ee3ng \u0111\u01b0\u1eddng trong m\u00e1u \u1ed5n \u0111\u1ecbnh, c\u1ea3i thi\u1ec7n l\u01b0u l\u01b0\u1ee3ng m\u00e1u v\u00e0 h\u1ed7 tr\u1ee3 ch\u1ee9c n\u0103ng t\u1ed5ng th\u1ec3 c\u1ee7a c\u01a1 th\u1ec3.<\/p>\n<p><strong>C\u00e1c t\u00ednh n\u0103ng ch\u00ednh<\/strong><br \/>\nQu\u1ebf gi\u00fap c\u01a1 th\u1ec3 b\u1ea1n s\u1eed d\u1ee5ng insulin t\u1ed1t h\u01a1n, gi\u00fap ki\u1ec3m so\u00e1t l\u01b0\u1ee3ng \u0111\u01b0\u1eddng trong m\u00e1u.<\/p>\n<p>Qu\u1ea3 m\u00e2m x\u00f4i ch\u1ee9a nhi\u1ec1u ch\u1ea5t ch\u1ed1ng oxy h\u00f3a v\u00e0 vitamin, gi\u00fap b\u1ea3o v\u1ec7 t\u1ebf b\u00e0o kh\u1ecfi b\u1ecb t\u1ed5n th\u01b0\u01a1ng, l\u00e0m ch\u1eadm qu\u00e1 tr\u00ecnh l\u00e3o h\u00f3a v\u00e0 h\u1ed7 tr\u1ee3 s\u1ee9c kh\u1ecfe m\u1eaft.<\/p>\n<h4><strong>Ng\u01b0\u1eddi d\u00f9ng l\u00fd t\u01b0\u1edfng v\u00e0 tr\u01b0\u1eddng h\u1ee3p s\u1eed d\u1ee5ng<\/strong><\/h4>\n<p><strong>D\u00e0nh cho ai<\/strong><br \/>\nNh\u1eefng ng\u01b0\u1eddi theo d\u00f5i l\u01b0\u1ee3ng \u0111\u01b0\u1eddng trong m\u00e1u v\u00e0 b\u1ea5t k\u1ef3 ai th\u00edch \u0111\u1ed3 ng\u1ecdt<br \/>\nNh\u1eefng ng\u01b0\u1eddi mu\u1ed1n ch\u1ed1ng l\u00e3o h\u00f3a v\u00e0 t\u0103ng c\u01b0\u1eddng ch\u1ea5t ch\u1ed1ng oxy h\u00f3a<br \/>\nNh\u1eefng ng\u01b0\u1eddi ng\u1ed3i nhi\u1ec1u v\u00e0 l\u01b0u th\u00f4ng m\u00e1u k\u00e9m<\/p>\n<p><strong>Khi n\u00e0o s\u1eed d\u1ee5ng n\u00f3<\/strong><br \/>\nU\u1ed1ng sau khi \u0103n \u0111\u1ed3 ng\u1ecdt \u0111\u1ec3 gi\u00fap duy tr\u00ec l\u01b0\u1ee3ng \u0111\u01b0\u1eddng trong m\u00e1u \u1ed5n \u0111\u1ecbnh.<br \/>\nU\u1ed1ng h\u00e0ng ng\u00e0y \u0111\u1ec3 ch\u1ed1ng l\u00e3o h\u00f3a v\u00e0 ch\u1ed1ng oxy h\u00f3a.<br \/>\nS\u1eed d\u1ee5ng sau khi ng\u1ed3i l\u00e2u \u0111\u1ec3 m\u00e1u l\u01b0u th\u00f4ng.<\/p>\n<p><img fetchpriority=\"high\" decoding=\"async\" class=\"aligncenter size-full wp-image-343\" src=\"https:\/\/jiushidao.com\/wp-content\/uploads\/2025\/08\/chanp2.jpg\" alt=\"\" width=\"1200\" height=\"1200\" srcset=\"https:\/\/jiushidao.com\/wp-content\/uploads\/2025\/08\/chanp2.jpg 1200w, https:\/\/jiushidao.com\/wp-content\/uploads\/2025\/08\/chanp2-500x500.jpg 500w, https:\/\/jiushidao.com\/wp-content\/uploads\/2025\/08\/chanp2-300x300.jpg 300w, https:\/\/jiushidao.com\/wp-content\/uploads\/2025\/08\/chanp2-768x768.jpg 768w, https:\/\/jiushidao.com\/wp-content\/uploads\/2025\/08\/chanp2-150x150.jpg 150w, https:\/\/jiushidao.com\/wp-content\/uploads\/2025\/08\/chanp2-75x75.jpg 75w, https:\/\/jiushidao.com\/wp-content\/uploads\/2025\/08\/chanp2-700x700.jpg 700w, https:\/\/jiushidao.com\/wp-content\/uploads\/2025\/08\/chanp2-800x800.jpg 800w\" sizes=\"(max-width:767px) 700px, (max-width:1200px) 100vw, 1200px\" \/> <img decoding=\"async\" class=\"aligncenter size-full wp-image-357\" src=\"https:\/\/jiushidao.com\/wp-content\/uploads\/2025\/08\/551.jpg\" alt=\"\" width=\"1200\" height=\"1800\" srcset=\"https:\/\/jiushidao.com\/wp-content\/uploads\/2025\/08\/551.jpg 1200w, https:\/\/jiushidao.com\/wp-content\/uploads\/2025\/08\/551-333x500.jpg 333w, https:\/\/jiushidao.com\/wp-content\/uploads\/2025\/08\/551-800x1200.jpg 800w, https:\/\/jiushidao.com\/wp-content\/uploads\/2025\/08\/551-200x300.jpg 200w, https:\/\/jiushidao.com\/wp-content\/uploads\/2025\/08\/551-768x1152.jpg 768w, https:\/\/jiushidao.com\/wp-content\/uploads\/2025\/08\/551-1024x1536.jpg 1024w, https:\/\/jiushidao.com\/wp-content\/uploads\/2025\/08\/551-50x75.jpg 50w, https:\/\/jiushidao.com\/wp-content\/uploads\/2025\/08\/551-700x1050.jpg 700w\" sizes=\"(max-width:767px) 700px, (max-width:1200px) 100vw, 1200px\" \/><\/p>","protected":false},"excerpt":{"rendered":"<p>H\u01b0\u01a1ng v\u1ecb \u1ea5m \u00e1p, qu\u1ebf \u0111\u1ed9c \u0111\u00e1o h\u00f2a quy\u1ec7n ho\u00e0n h\u1ea3o v\u1edbi v\u1ecb chua ng\u1ecdt c\u1ee7a m\u00e2m x\u00f4i \u0111en. M\u1ed7i ng\u1ee5m r\u01b0\u1ee3u mang \u0111\u1ebfn c\u1ea3m gi\u00e1c nh\u01b0 \u0111ang th\u01b0\u1edfng th\u1ee9c m\u1ed9t m\u00f3n tr\u00e1ng mi\u1ec7ng c\u1ed5 \u0111i\u1ec3n t\u1ef1 l\u00e0m theo c\u00f4ng th\u1ee9c c\u0169 v\u00e0o m\u00f9a thu.<span class=\"excerpt-hellip\"> [\u2026]<\/span><\/p>","protected":false},"featured_media":343,"comment_status":"open","ping_status":"closed","template":"","meta":[],"product_brand":[],"product_cat":[36],"product_tag":[],"class_list":{"0":"post-356","1":"product","2":"type-product","3":"status-publish","4":"has-post-thumbnail","6":"product_cat-cinnamon-black-jade","8":"first","9":"instock","10":"shipping-taxable","11":"purchasable","12":"product-type-simple"},"yoast_head":"<!-- This site is optimized with the Yoast SEO Premium plugin v25.8 (Yoast SEO v25.8) - https:\/\/yoast.com\/wordpress\/plugins\/seo\/ -->\n<title>Cinnamon Black Jade (Cinnamon &amp; Blackberry) - Jiushidao - Global Food Marketplace for Business Growth and Cosumers<\/title>\n<meta name=\"robots\" content=\"index, follow, max-snippet:-1, max-image-preview:large, max-video-preview:-1\" \/>\n<link rel=\"canonical\" href=\"https:\/\/jiushidao.com\/vi\/san-pham\/cinnamon-black-jade-cinnamon-blackberry\/\" \/>\n<meta property=\"og:locale\" content=\"vi_VN\" \/>\n<meta property=\"og:type\" content=\"article\" \/>\n<meta property=\"og:title\" content=\"Cinnamon Black Jade (Cinnamon &amp; Blackberry)\" \/>\n<meta property=\"og:description\" content=\"Flavor Profile Warm, unique cinnamon blends perfectly with sweet-tart blackberry. Every sip feels like enjoying a classic homemade dessert from an old recipe on a fall [\u2026]\" \/>\n<meta property=\"og:url\" content=\"https:\/\/jiushidao.com\/vi\/san-pham\/cinnamon-black-jade-cinnamon-blackberry\/\" \/>\n<meta property=\"og:site_name\" content=\"Jiushidao - Global Food Marketplace for Business Growth and Cosumers\" \/>\n<meta property=\"article:modified_time\" content=\"2025-08-28T08:39:02+00:00\" \/>\n<meta property=\"og:image\" content=\"https:\/\/jiushidao.com\/wp-content\/uploads\/2025\/08\/chanp2.jpg\" \/>\n\t<meta property=\"og:image:width\" content=\"1200\" \/>\n\t<meta property=\"og:image:height\" content=\"1200\" \/>\n\t<meta property=\"og:image:type\" content=\"image\/jpeg\" \/>\n<meta name=\"twitter:card\" content=\"summary_large_image\" \/>\n<meta name=\"twitter:label1\" content=\"\u01af\u1edbc t\u00ednh th\u1eddi gian \u0111\u1ecdc\" \/>\n\t<meta name=\"twitter:data1\" content=\"2 ph\u00fat\" \/>\n<script type=\"application\/ld+json\" class=\"yoast-schema-graph\">{\"@context\":\"https:\/\/schema.org\",\"@graph\":[{\"@type\":\"WebPage\",\"@id\":\"https:\/\/jiushidao.com\/product\/cinnamon-black-jade-cinnamon-blackberry\/\",\"url\":\"https:\/\/jiushidao.com\/product\/cinnamon-black-jade-cinnamon-blackberry\/\",\"name\":\"Cinnamon Black Jade (Cinnamon & Blackberry) - Jiushidao - Global Food Marketplace for Business Growth and Cosumers\",\"isPartOf\":{\"@id\":\"https:\/\/jiushidao.com\/#website\"},\"primaryImageOfPage\":{\"@id\":\"https:\/\/jiushidao.com\/product\/cinnamon-black-jade-cinnamon-blackberry\/#primaryimage\"},\"image\":{\"@id\":\"https:\/\/jiushidao.com\/product\/cinnamon-black-jade-cinnamon-blackberry\/#primaryimage\"},\"thumbnailUrl\":\"https:\/\/jiushidao.com\/wp-content\/uploads\/2025\/08\/chanp2.jpg\",\"datePublished\":\"2025-08-28T08:36:40+00:00\",\"dateModified\":\"2025-08-28T08:39:02+00:00\",\"breadcrumb\":{\"@id\":\"https:\/\/jiushidao.com\/product\/cinnamon-black-jade-cinnamon-blackberry\/#breadcrumb\"},\"inLanguage\":\"vi\",\"potentialAction\":[{\"@type\":\"ReadAction\",\"target\":[\"https:\/\/jiushidao.com\/product\/cinnamon-black-jade-cinnamon-blackberry\/\"]}]},{\"@type\":\"ImageObject\",\"inLanguage\":\"vi\",\"@id\":\"https:\/\/jiushidao.com\/product\/cinnamon-black-jade-cinnamon-blackberry\/#primaryimage\",\"url\":\"https:\/\/jiushidao.com\/wp-content\/uploads\/2025\/08\/chanp2.jpg\",\"contentUrl\":\"https:\/\/jiushidao.com\/wp-content\/uploads\/2025\/08\/chanp2.jpg\",\"width\":1200,\"height\":1200},{\"@type\":\"BreadcrumbList\",\"@id\":\"https:\/\/jiushidao.com\/product\/cinnamon-black-jade-cinnamon-blackberry\/#breadcrumb\",\"itemListElement\":[{\"@type\":\"ListItem\",\"position\":1,\"name\":\"Home\",\"item\":\"https:\/\/jiushidao.com\/\"},{\"@type\":\"ListItem\",\"position\":2,\"name\":\"Store\",\"item\":\"https:\/\/jiushidao.com\/store\/\"},{\"@type\":\"ListItem\",\"position\":3,\"name\":\"Cinnamon Black Jade (Cinnamon &#038; Blackberry)\"}]},{\"@type\":\"WebSite\",\"@id\":\"https:\/\/jiushidao.com\/#website\",\"url\":\"https:\/\/jiushidao.com\/\",\"name\":\"Jiushidao - Global Food Marketplace for Business Growth and Cosumers\",\"description\":\"Jiushidao - Global Food Marketplace for Business Growth and Cosumers\",\"potentialAction\":[{\"@type\":\"SearchAction\",\"target\":{\"@type\":\"EntryPoint\",\"urlTemplate\":\"https:\/\/jiushidao.com\/?s={search_term_string}\"},\"query-input\":{\"@type\":\"PropertyValueSpecification\",\"valueRequired\":true,\"valueName\":\"search_term_string\"}}],\"inLanguage\":\"vi\"}]}<\/script>\n<!-- \/ Yoast SEO Premium plugin. -->","yoast_head_json":{"title":"Cinnamon Black Jade (Cinnamon & Blackberry) - Jiushidao - Global Food Marketplace for Business Growth and Cosumers","robots":{"index":"index","follow":"follow","max-snippet":"max-snippet:-1","max-image-preview":"max-image-preview:large","max-video-preview":"max-video-preview:-1"},"canonical":"https:\/\/jiushidao.com\/vi\/san-pham\/cinnamon-black-jade-cinnamon-blackberry\/","og_locale":"vi_VN","og_type":"article","og_title":"Cinnamon Black Jade (Cinnamon & Blackberry)","og_description":"Flavor Profile Warm, unique cinnamon blends perfectly with sweet-tart blackberry. Every sip feels like enjoying a classic homemade dessert from an old recipe on a fall [\u2026]","og_url":"https:\/\/jiushidao.com\/vi\/san-pham\/cinnamon-black-jade-cinnamon-blackberry\/","og_site_name":"Jiushidao - Global Food Marketplace for Business Growth and Cosumers","article_modified_time":"2025-08-28T08:39:02+00:00","og_image":[{"width":1200,"height":1200,"url":"https:\/\/jiushidao.com\/wp-content\/uploads\/2025\/08\/chanp2.jpg","type":"image\/jpeg"}],"twitter_card":"summary_large_image","twitter_misc":{"\u01af\u1edbc t\u00ednh th\u1eddi gian \u0111\u1ecdc":"2 ph\u00fat"},"schema":{"@context":"https:\/\/schema.org","@graph":[{"@type":"WebPage","@id":"https:\/\/jiushidao.com\/product\/cinnamon-black-jade-cinnamon-blackberry\/","url":"https:\/\/jiushidao.com\/product\/cinnamon-black-jade-cinnamon-blackberry\/","name":"Cinnamon Black Jade (Cinnamon & Blackberry) - Jiushidao - Global Food Marketplace for Business Growth and Cosumers","isPartOf":{"@id":"https:\/\/jiushidao.com\/#website"},"primaryImageOfPage":{"@id":"https:\/\/jiushidao.com\/product\/cinnamon-black-jade-cinnamon-blackberry\/#primaryimage"},"image":{"@id":"https:\/\/jiushidao.com\/product\/cinnamon-black-jade-cinnamon-blackberry\/#primaryimage"},"thumbnailUrl":"https:\/\/jiushidao.com\/wp-content\/uploads\/2025\/08\/chanp2.jpg","datePublished":"2025-08-28T08:36:40+00:00","dateModified":"2025-08-28T08:39:02+00:00","breadcrumb":{"@id":"https:\/\/jiushidao.com\/product\/cinnamon-black-jade-cinnamon-blackberry\/#breadcrumb"},"inLanguage":"vi","potentialAction":[{"@type":"ReadAction","target":["https:\/\/jiushidao.com\/product\/cinnamon-black-jade-cinnamon-blackberry\/"]}]},{"@type":"ImageObject","inLanguage":"vi","@id":"https:\/\/jiushidao.com\/product\/cinnamon-black-jade-cinnamon-blackberry\/#primaryimage","url":"https:\/\/jiushidao.com\/wp-content\/uploads\/2025\/08\/chanp2.jpg","contentUrl":"https:\/\/jiushidao.com\/wp-content\/uploads\/2025\/08\/chanp2.jpg","width":1200,"height":1200},{"@type":"BreadcrumbList","@id":"https:\/\/jiushidao.com\/product\/cinnamon-black-jade-cinnamon-blackberry\/#breadcrumb","itemListElement":[{"@type":"ListItem","position":1,"name":"Home","item":"https:\/\/jiushidao.com\/"},{"@type":"ListItem","position":2,"name":"Store","item":"https:\/\/jiushidao.com\/store\/"},{"@type":"ListItem","position":3,"name":"Cinnamon Black Jade (Cinnamon &#038; Blackberry)"}]},{"@type":"WebSite","@id":"https:\/\/jiushidao.com\/#website","url":"https:\/\/jiushidao.com\/","name":"Jiushidao - Global Food Marketplace for Business Growth and Cosumers","description":"Jiushidao - Global Food Marketplace for Business Growth and Cosumers","potentialAction":[{"@type":"SearchAction","target":{"@type":"EntryPoint","urlTemplate":"https:\/\/jiushidao.com\/?s={search_term_string}"},"query-input":{"@type":"PropertyValueSpecification","valueRequired":true,"valueName":"search_term_string"}}],"inLanguage":"vi"}]}},"_links":{"self":[{"href":"https:\/\/jiushidao.com\/vi\/wp-json\/wp\/v2\/product\/356","targetHints":{"allow":["GET"]}}],"collection":[{"href":"https:\/\/jiushidao.com\/vi\/wp-json\/wp\/v2\/product"}],"about":[{"href":"https:\/\/jiushidao.com\/vi\/wp-json\/wp\/v2\/types\/product"}],"replies":[{"embeddable":true,"href":"https:\/\/jiushidao.com\/vi\/wp-json\/wp\/v2\/comments?post=356"}],"version-history":[{"count":1,"href":"https:\/\/jiushidao.com\/vi\/wp-json\/wp\/v2\/product\/356\/revisions"}],"predecessor-version":[{"id":359,"href":"https:\/\/jiushidao.com\/vi\/wp-json\/wp\/v2\/product\/356\/revisions\/359"}],"wp:featuredmedia":[{"embeddable":true,"href":"https:\/\/jiushidao.com\/vi\/wp-json\/wp\/v2\/media\/343"}],"wp:attachment":[{"href":"https:\/\/jiushidao.com\/vi\/wp-json\/wp\/v2\/media?parent=356"}],"wp:term":[{"taxonomy":"product_brand","embeddable":true,"href":"https:\/\/jiushidao.com\/vi\/wp-json\/wp\/v2\/product_brand?post=356"},{"taxonomy":"product_cat","embeddable":true,"href":"https:\/\/jiushidao.com\/vi\/wp-json\/wp\/v2\/product_cat?post=356"},{"taxonomy":"product_tag","embeddable":true,"href":"https:\/\/jiushidao.com\/vi\/wp-json\/wp\/v2\/product_tag?post=356"}],"curies":[{"name":"wp","href":"https:\/\/api.w.org\/{rel}","templated":true}]}}