{"id":353,"date":"2025-08-28T08:33:22","date_gmt":"2025-08-28T08:33:22","guid":{"rendered":"https:\/\/jiushidao.com\/?post_type=product&#038;p=353"},"modified":"2025-08-28T08:36:04","modified_gmt":"2025-08-28T08:36:04","slug":"angry-matcha-matcha-ginger","status":"publish","type":"product","link":"https:\/\/jiushidao.com\/vi\/san-pham\/angry-matcha-matcha-ginger\/","title":{"rendered":"Angry Matcha (Matcha &amp; G\u1eebng)"},"content":{"rendered":"<p><strong>H\u1ed3 s\u01a1 h\u01b0\u01a1ng v\u1ecb<\/strong><br \/>\nV\u1ecb matcha \u0111\u1eadm \u0111\u00e0, \u00eam d\u1ecbu h\u00f2a quy\u1ec7n c\u00f9ng v\u1ecb g\u1eebng cay n\u1ed3ng. V\u1ecb \u0111\u1eafng nh\u1eb9 c\u1ee7a matcha h\u00f2a quy\u1ec7n v\u1edbi v\u1ecb cay n\u1ed3ng c\u1ee7a g\u1eebng, t\u1ea1o n\u00ean m\u1ed9t h\u01b0\u01a1ng v\u1ecb \u0111\u1ed9c \u0111\u00e1o, nhi\u1ec1u t\u1ea7ng l\u1edbp \u2014 t\u1ef1a nh\u01b0 m\u1ed9t \u0111i\u1ec7u nh\u1ea3y s\u00f4i \u0111\u1ed9ng tr\u00ean v\u1ecb gi\u00e1c c\u1ee7a b\u1ea1n.<\/p>\n<p><strong>L\u1ee3i \u00edch c\u1ed1t l\u00f5i<\/strong><br \/>\nt\u0103ng c\u01b0\u1eddng qu\u00e1 tr\u00ecnh trao \u0111\u1ed5i ch\u1ea5t, gi\u00fap b\u1ea1n t\u1eadp trung v\u00e0 cung c\u1ea5p n\u0103ng l\u01b0\u1ee3ng l\u00e2u d\u00e0i.<\/p>\n<p><strong>C\u00e1c t\u00ednh n\u0103ng ch\u00ednh<\/strong><br \/>\nMatcha ch\u1ee9a nhi\u1ec1u polyphenol trong tr\u00e0 v\u00e0 L-theanine, c\u00f3 t\u00e1c d\u1ee5ng ch\u1ed1ng l\u1ea1i c\u00e1c g\u1ed1c t\u1ef1 do, b\u1ea3o v\u1ec7 b\u1ea1n kh\u1ecfi b\u1ee9c x\u1ea1 v\u00e0 gi\u00fap b\u1ea1n gi\u1ea3m c\u0103ng th\u1eb3ng v\u00e0 th\u01b0 gi\u00e3n.<br \/>\nG\u1eebng gi\u00fap t\u0103ng c\u01b0\u1eddng l\u01b0u th\u00f4ng m\u00e1u, l\u00e0m d\u1ecbu c\u01a1n \u0111au d\u1ea1 d\u00e0y v\u00e0 gi\u1eef \u1ea5m cho b\u1ea1n khi th\u1eddi ti\u1ebft l\u1ea1nh.<\/p>\n<h4><strong>Ng\u01b0\u1eddi d\u00f9ng l\u00fd t\u01b0\u1edfng v\u00e0 tr\u01b0\u1eddng h\u1ee3p s\u1eed d\u1ee5ng<\/strong><\/h4>\n<p><strong>D\u00e0nh cho ai<\/strong><br \/>\nNh\u1eefng ng\u01b0\u1eddi quan t\u00e2m \u0111\u1ebfn th\u1ec3 h\u00ecnh v\u00e0 gi\u1ea3m c\u00e2n<br \/>\nNh\u00e2n vi\u00ean v\u0103n ph\u00f2ng ch\u1ecbu nhi\u1ec1u c\u0103ng th\u1eb3ng<br \/>\nNh\u1eefng ng\u01b0\u1eddi d\u1ec5 b\u1ecb l\u1ea1nh ho\u1eb7c c\u00f3 d\u1ea1 d\u00e0y nh\u1ea1y c\u1ea3m<\/p>\n<p><strong>Khi n\u00e0o s\u1eed d\u1ee5ng n\u00f3<\/strong><br \/>\nS\u1eed d\u1ee5ng trong khi t\u1eadp luy\u1ec7n ho\u1eb7c khi gi\u1ea3m c\u00e2n \u0111\u1ec3 duy tr\u00ec qu\u00e1 tr\u00ecnh trao \u0111\u1ed5i ch\u1ea5t.<br \/>\nS\u1eed d\u1ee5ng khi l\u00e0m vi\u1ec7c ho\u1eb7c h\u1ecdc t\u1eadp \u0111\u1ec3 duy tr\u00ec s\u1ef1 t\u1eadp trung.<br \/>\nU\u1ed1ng m\u1ed9t vi\u00ean v\u00e0o nh\u1eefng ng\u00e0y l\u1ea1nh ho\u1eb7c khi b\u1ee5ng b\u1ea1n kh\u00f3 ch\u1ecbu \u0111\u1ec3 gi\u1eef \u1ea5m v\u00e0 gi\u1ea3m \u0111au.<\/p>\n<p><img fetchpriority=\"high\" decoding=\"async\" class=\"aligncenter size-full wp-image-345\" src=\"https:\/\/jiushidao.com\/wp-content\/uploads\/2025\/08\/chanp4.jpg\" alt=\"\" width=\"1200\" height=\"1200\" srcset=\"https:\/\/jiushidao.com\/wp-content\/uploads\/2025\/08\/chanp4.jpg 1200w, https:\/\/jiushidao.com\/wp-content\/uploads\/2025\/08\/chanp4-500x500.jpg 500w, https:\/\/jiushidao.com\/wp-content\/uploads\/2025\/08\/chanp4-300x300.jpg 300w, https:\/\/jiushidao.com\/wp-content\/uploads\/2025\/08\/chanp4-768x768.jpg 768w, https:\/\/jiushidao.com\/wp-content\/uploads\/2025\/08\/chanp4-150x150.jpg 150w, https:\/\/jiushidao.com\/wp-content\/uploads\/2025\/08\/chanp4-75x75.jpg 75w, https:\/\/jiushidao.com\/wp-content\/uploads\/2025\/08\/chanp4-700x700.jpg 700w, https:\/\/jiushidao.com\/wp-content\/uploads\/2025\/08\/chanp4-800x800.jpg 800w\" sizes=\"(max-width:767px) 700px, (max-width:1200px) 100vw, 1200px\" \/> <img decoding=\"async\" class=\"aligncenter size-full wp-image-354\" src=\"https:\/\/jiushidao.com\/wp-content\/uploads\/2025\/08\/8.16\u8425\u517b\u7c8900418.jpg\" alt=\"\" width=\"1200\" height=\"1800\" srcset=\"https:\/\/jiushidao.com\/wp-content\/uploads\/2025\/08\/8.16\u8425\u517b\u7c8900418.jpg 1200w, https:\/\/jiushidao.com\/wp-content\/uploads\/2025\/08\/8.16\u8425\u517b\u7c8900418-333x500.jpg 333w, https:\/\/jiushidao.com\/wp-content\/uploads\/2025\/08\/8.16\u8425\u517b\u7c8900418-800x1200.jpg 800w, https:\/\/jiushidao.com\/wp-content\/uploads\/2025\/08\/8.16\u8425\u517b\u7c8900418-200x300.jpg 200w, https:\/\/jiushidao.com\/wp-content\/uploads\/2025\/08\/8.16\u8425\u517b\u7c8900418-768x1152.jpg 768w, https:\/\/jiushidao.com\/wp-content\/uploads\/2025\/08\/8.16\u8425\u517b\u7c8900418-1024x1536.jpg 1024w, https:\/\/jiushidao.com\/wp-content\/uploads\/2025\/08\/8.16\u8425\u517b\u7c8900418-50x75.jpg 50w, https:\/\/jiushidao.com\/wp-content\/uploads\/2025\/08\/8.16\u8425\u517b\u7c8900418-700x1050.jpg 700w\" sizes=\"(max-width:767px) 700px, (max-width:1200px) 100vw, 1200px\" \/><\/p>","protected":false},"excerpt":{"rendered":"<p>H\u01b0\u01a1ng v\u1ecb: V\u1ecb matcha \u0111\u1eadm \u0111\u00e0, \u00eam d\u1ecbu h\u00f2a quy\u1ec7n c\u00f9ng v\u1ecb g\u1eebng cay n\u1ed3ng. V\u1ecb \u0111\u1eafng nh\u1eb9 c\u1ee7a matcha h\u00f2a quy\u1ec7n c\u00f9ng v\u1ecb cay n\u1ed3ng c\u1ee7a g\u1eebng, t\u1ea1o n\u00ean m\u1ed9t h\u01b0\u01a1ng v\u1ecb \u0111\u1ed9c \u0111\u00e1o, nhi\u1ec1u t\u1ea7ng l\u1edbp\u2014gi\u1ed1ng nh\u01b0 m\u1ed9t \u0111i\u1ec7u nh\u1ea3y s\u00f4i \u0111\u1ed9ng.<span class=\"excerpt-hellip\"> [\u2026]<\/span><\/p>","protected":false},"featured_media":345,"comment_status":"open","ping_status":"closed","template":"","meta":[],"product_brand":[],"product_cat":[14],"product_tag":[],"class_list":{"0":"post-353","1":"product","2":"type-product","3":"status-publish","4":"has-post-thumbnail","6":"product_cat-angry-matcha","8":"first","9":"instock","10":"shipping-taxable","11":"purchasable","12":"product-type-simple"},"yoast_head":"<!-- This site is optimized with the Yoast SEO Premium plugin v25.8 (Yoast SEO v25.8) - https:\/\/yoast.com\/wordpress\/plugins\/seo\/ -->\n<title>Angry Matcha (Matcha &amp; Ginger) - Jiushidao - Global Food Marketplace for Business Growth and Cosumers<\/title>\n<meta name=\"robots\" content=\"index, follow, max-snippet:-1, max-image-preview:large, max-video-preview:-1\" \/>\n<link rel=\"canonical\" href=\"https:\/\/jiushidao.com\/vi\/san-pham\/angry-matcha-matcha-ginger\/\" \/>\n<meta property=\"og:locale\" content=\"vi_VN\" \/>\n<meta property=\"og:type\" content=\"article\" \/>\n<meta property=\"og:title\" content=\"Angry Matcha (Matcha &amp; Ginger)\" \/>\n<meta property=\"og:description\" content=\"Flavor Profile Rich, smooth matcha meets spicy, zesty ginger. Matcha\u2019s subtle bitterness mixes with ginger\u2019s bold kick, creating a one-of-a-kind, layered taste\u2014it\u2019s like a lively dance [\u2026]\" \/>\n<meta property=\"og:url\" content=\"https:\/\/jiushidao.com\/vi\/san-pham\/angry-matcha-matcha-ginger\/\" \/>\n<meta property=\"og:site_name\" content=\"Jiushidao - Global Food Marketplace for Business Growth and Cosumers\" \/>\n<meta property=\"article:modified_time\" content=\"2025-08-28T08:36:04+00:00\" \/>\n<meta property=\"og:image\" content=\"https:\/\/jiushidao.com\/wp-content\/uploads\/2025\/08\/chanp4.jpg\" \/>\n\t<meta property=\"og:image:width\" content=\"1200\" \/>\n\t<meta property=\"og:image:height\" content=\"1200\" \/>\n\t<meta property=\"og:image:type\" content=\"image\/jpeg\" \/>\n<meta name=\"twitter:card\" content=\"summary_large_image\" \/>\n<meta name=\"twitter:label1\" content=\"\u01af\u1edbc t\u00ednh th\u1eddi gian \u0111\u1ecdc\" \/>\n\t<meta name=\"twitter:data1\" content=\"2 ph\u00fat\" \/>\n<script type=\"application\/ld+json\" class=\"yoast-schema-graph\">{\"@context\":\"https:\/\/schema.org\",\"@graph\":[{\"@type\":\"WebPage\",\"@id\":\"https:\/\/jiushidao.com\/product\/angry-matcha-matcha-ginger\/\",\"url\":\"https:\/\/jiushidao.com\/product\/angry-matcha-matcha-ginger\/\",\"name\":\"Angry Matcha (Matcha & Ginger) - Jiushidao - Global Food Marketplace for Business Growth and Cosumers\",\"isPartOf\":{\"@id\":\"https:\/\/jiushidao.com\/#website\"},\"primaryImageOfPage\":{\"@id\":\"https:\/\/jiushidao.com\/product\/angry-matcha-matcha-ginger\/#primaryimage\"},\"image\":{\"@id\":\"https:\/\/jiushidao.com\/product\/angry-matcha-matcha-ginger\/#primaryimage\"},\"thumbnailUrl\":\"https:\/\/jiushidao.com\/wp-content\/uploads\/2025\/08\/chanp4.jpg\",\"datePublished\":\"2025-08-28T08:33:22+00:00\",\"dateModified\":\"2025-08-28T08:36:04+00:00\",\"breadcrumb\":{\"@id\":\"https:\/\/jiushidao.com\/product\/angry-matcha-matcha-ginger\/#breadcrumb\"},\"inLanguage\":\"vi\",\"potentialAction\":[{\"@type\":\"ReadAction\",\"target\":[\"https:\/\/jiushidao.com\/product\/angry-matcha-matcha-ginger\/\"]}]},{\"@type\":\"ImageObject\",\"inLanguage\":\"vi\",\"@id\":\"https:\/\/jiushidao.com\/product\/angry-matcha-matcha-ginger\/#primaryimage\",\"url\":\"https:\/\/jiushidao.com\/wp-content\/uploads\/2025\/08\/chanp4.jpg\",\"contentUrl\":\"https:\/\/jiushidao.com\/wp-content\/uploads\/2025\/08\/chanp4.jpg\",\"width\":1200,\"height\":1200},{\"@type\":\"BreadcrumbList\",\"@id\":\"https:\/\/jiushidao.com\/product\/angry-matcha-matcha-ginger\/#breadcrumb\",\"itemListElement\":[{\"@type\":\"ListItem\",\"position\":1,\"name\":\"Home\",\"item\":\"https:\/\/jiushidao.com\/\"},{\"@type\":\"ListItem\",\"position\":2,\"name\":\"Store\",\"item\":\"https:\/\/jiushidao.com\/store\/\"},{\"@type\":\"ListItem\",\"position\":3,\"name\":\"Angry Matcha (Matcha &#038; Ginger)\"}]},{\"@type\":\"WebSite\",\"@id\":\"https:\/\/jiushidao.com\/#website\",\"url\":\"https:\/\/jiushidao.com\/\",\"name\":\"Jiushidao - Global Food Marketplace for Business Growth and Cosumers\",\"description\":\"Jiushidao - Global Food Marketplace for Business Growth and Cosumers\",\"potentialAction\":[{\"@type\":\"SearchAction\",\"target\":{\"@type\":\"EntryPoint\",\"urlTemplate\":\"https:\/\/jiushidao.com\/?s={search_term_string}\"},\"query-input\":{\"@type\":\"PropertyValueSpecification\",\"valueRequired\":true,\"valueName\":\"search_term_string\"}}],\"inLanguage\":\"vi\"}]}<\/script>\n<!-- \/ Yoast SEO Premium plugin. -->","yoast_head_json":{"title":"Angry Matcha (Matcha & Ginger) - Jiushidao - Global Food Marketplace for Business Growth and Cosumers","robots":{"index":"index","follow":"follow","max-snippet":"max-snippet:-1","max-image-preview":"max-image-preview:large","max-video-preview":"max-video-preview:-1"},"canonical":"https:\/\/jiushidao.com\/vi\/san-pham\/angry-matcha-matcha-ginger\/","og_locale":"vi_VN","og_type":"article","og_title":"Angry Matcha (Matcha & Ginger)","og_description":"Flavor Profile Rich, smooth matcha meets spicy, zesty ginger. Matcha\u2019s subtle bitterness mixes with ginger\u2019s bold kick, creating a one-of-a-kind, layered taste\u2014it\u2019s like a lively dance [\u2026]","og_url":"https:\/\/jiushidao.com\/vi\/san-pham\/angry-matcha-matcha-ginger\/","og_site_name":"Jiushidao - Global Food Marketplace for Business Growth and Cosumers","article_modified_time":"2025-08-28T08:36:04+00:00","og_image":[{"width":1200,"height":1200,"url":"https:\/\/jiushidao.com\/wp-content\/uploads\/2025\/08\/chanp4.jpg","type":"image\/jpeg"}],"twitter_card":"summary_large_image","twitter_misc":{"\u01af\u1edbc t\u00ednh th\u1eddi gian \u0111\u1ecdc":"2 ph\u00fat"},"schema":{"@context":"https:\/\/schema.org","@graph":[{"@type":"WebPage","@id":"https:\/\/jiushidao.com\/product\/angry-matcha-matcha-ginger\/","url":"https:\/\/jiushidao.com\/product\/angry-matcha-matcha-ginger\/","name":"Angry Matcha (Matcha & Ginger) - Jiushidao - Global Food Marketplace for Business Growth and Cosumers","isPartOf":{"@id":"https:\/\/jiushidao.com\/#website"},"primaryImageOfPage":{"@id":"https:\/\/jiushidao.com\/product\/angry-matcha-matcha-ginger\/#primaryimage"},"image":{"@id":"https:\/\/jiushidao.com\/product\/angry-matcha-matcha-ginger\/#primaryimage"},"thumbnailUrl":"https:\/\/jiushidao.com\/wp-content\/uploads\/2025\/08\/chanp4.jpg","datePublished":"2025-08-28T08:33:22+00:00","dateModified":"2025-08-28T08:36:04+00:00","breadcrumb":{"@id":"https:\/\/jiushidao.com\/product\/angry-matcha-matcha-ginger\/#breadcrumb"},"inLanguage":"vi","potentialAction":[{"@type":"ReadAction","target":["https:\/\/jiushidao.com\/product\/angry-matcha-matcha-ginger\/"]}]},{"@type":"ImageObject","inLanguage":"vi","@id":"https:\/\/jiushidao.com\/product\/angry-matcha-matcha-ginger\/#primaryimage","url":"https:\/\/jiushidao.com\/wp-content\/uploads\/2025\/08\/chanp4.jpg","contentUrl":"https:\/\/jiushidao.com\/wp-content\/uploads\/2025\/08\/chanp4.jpg","width":1200,"height":1200},{"@type":"BreadcrumbList","@id":"https:\/\/jiushidao.com\/product\/angry-matcha-matcha-ginger\/#breadcrumb","itemListElement":[{"@type":"ListItem","position":1,"name":"Home","item":"https:\/\/jiushidao.com\/"},{"@type":"ListItem","position":2,"name":"Store","item":"https:\/\/jiushidao.com\/store\/"},{"@type":"ListItem","position":3,"name":"Angry Matcha (Matcha &#038; Ginger)"}]},{"@type":"WebSite","@id":"https:\/\/jiushidao.com\/#website","url":"https:\/\/jiushidao.com\/","name":"Jiushidao - Global Food Marketplace for Business Growth and Cosumers","description":"Jiushidao - Global Food Marketplace for Business Growth and Cosumers","potentialAction":[{"@type":"SearchAction","target":{"@type":"EntryPoint","urlTemplate":"https:\/\/jiushidao.com\/?s={search_term_string}"},"query-input":{"@type":"PropertyValueSpecification","valueRequired":true,"valueName":"search_term_string"}}],"inLanguage":"vi"}]}},"_links":{"self":[{"href":"https:\/\/jiushidao.com\/vi\/wp-json\/wp\/v2\/product\/353","targetHints":{"allow":["GET"]}}],"collection":[{"href":"https:\/\/jiushidao.com\/vi\/wp-json\/wp\/v2\/product"}],"about":[{"href":"https:\/\/jiushidao.com\/vi\/wp-json\/wp\/v2\/types\/product"}],"replies":[{"embeddable":true,"href":"https:\/\/jiushidao.com\/vi\/wp-json\/wp\/v2\/comments?post=353"}],"version-history":[{"count":1,"href":"https:\/\/jiushidao.com\/vi\/wp-json\/wp\/v2\/product\/353\/revisions"}],"predecessor-version":[{"id":355,"href":"https:\/\/jiushidao.com\/vi\/wp-json\/wp\/v2\/product\/353\/revisions\/355"}],"wp:featuredmedia":[{"embeddable":true,"href":"https:\/\/jiushidao.com\/vi\/wp-json\/wp\/v2\/media\/345"}],"wp:attachment":[{"href":"https:\/\/jiushidao.com\/vi\/wp-json\/wp\/v2\/media?parent=353"}],"wp:term":[{"taxonomy":"product_brand","embeddable":true,"href":"https:\/\/jiushidao.com\/vi\/wp-json\/wp\/v2\/product_brand?post=353"},{"taxonomy":"product_cat","embeddable":true,"href":"https:\/\/jiushidao.com\/vi\/wp-json\/wp\/v2\/product_cat?post=353"},{"taxonomy":"product_tag","embeddable":true,"href":"https:\/\/jiushidao.com\/vi\/wp-json\/wp\/v2\/product_tag?post=353"}],"curies":[{"name":"wp","href":"https:\/\/api.w.org\/{rel}","templated":true}]}}