{"id":341,"date":"2025-08-28T08:28:11","date_gmt":"2025-08-28T08:28:11","guid":{"rendered":"https:\/\/jiushidao.com\/?post_type=product&#038;p=341"},"modified":"2025-08-28T08:31:33","modified_gmt":"2025-08-28T08:31:33","slug":"mint-kiwi","status":"publish","type":"product","link":"https:\/\/jiushidao.com\/vi\/san-pham\/mint-kiwi\/","title":{"rendered":"Kiwi b\u1ea1c h\u00e0"},"content":{"rendered":"<p><strong>H\u1ed3 s\u01a1 h\u01b0\u01a1ng v\u1ecb<\/strong><br \/>\nS\u1ef1 k\u1ebft h\u1ee3p th\u01a1m ngon gi\u1eefa b\u1ea1c h\u00e0 t\u01b0\u01a1i m\u00e1t v\u00e0 kiwi chua ng\u1ecdt, m\u1ecdng n\u01b0\u1edbc. Ngay khi ch\u1ea1m v\u00e0o l\u01b0\u1ee1i, v\u1ecb m\u00e1t l\u1ea1nh c\u1ee7a b\u1ea1c h\u00e0 lan t\u1ecfa kh\u1eafp v\u00f2m mi\u1ec7ng, ti\u1ebfp theo l\u00e0 l\u1edbp h\u01b0\u01a1ng tr\u00e1i c\u00e2y th\u01a1m ngon c\u1ee7a kiwi - t\u1ef1a nh\u01b0 \u0111ang d\u1ea1o b\u01b0\u1edbc gi\u1eefa v\u01b0\u1eddn kiwi New Zealand, c\u00f9ng l\u00e0n gi\u00f3 nh\u1eb9 mang theo h\u01b0\u01a1ng b\u1ea1c h\u00e0 t\u01b0\u01a1i m\u00e1t.<\/p>\n<p><strong>L\u1ee3i \u00edch c\u1ed1t l\u00f5i<\/strong><br \/>\n\u0110\u00e1nh th\u1ee9c tr\u00ed \u00f3c, ch\u1ed1ng m\u1ec7t m\u1ecfi v\u00e0 h\u1ed7 tr\u1ee3 ti\u00eau h\u00f3a, gi\u00fap b\u1ea1n lu\u00f4n c\u1ea3m th\u1ea5y s\u1ea3ng kho\u00e1i v\u00e0 t\u1ec9nh t\u00e1o ngay c\u1ea3 trong nh\u1eefng ng\u00e0y b\u1eadn r\u1ed9n.<\/p>\n<p><strong>C\u00e1c t\u00ednh n\u0103ng ch\u00ednh<\/strong><br \/>\nB\u1ea1c h\u00e0 c\u00f3 \u0111\u1eb7c t\u00ednh kh\u00e1ng khu\u1ea9n t\u1ef1 nhi\u00ean gi\u00fap h\u01a1i th\u1edf th\u01a1m m\u00e1t v\u00e0 gi\u1eef cho mi\u1ec7ng b\u1ea1n kh\u1ecfe m\u1ea1nh.<br \/>\nKiwi ch\u1ee9a nhi\u1ec1u vitamin C v\u00e0 ch\u1ea5t x\u01a1, gi\u00fap t\u0103ng c\u01b0\u1eddng h\u1ec7 mi\u1ec5n d\u1ecbch \u0111\u1ed3ng th\u1eddi k\u00edch th\u00edch \u0111\u01b0\u1eddng ru\u1ed9t ho\u1ea1t \u0111\u1ed9ng \u0111\u1ec3 c\u1ea3i thi\u1ec7n ti\u00eau h\u00f3a.<\/p>\n<h4><strong>Ng\u01b0\u1eddi d\u00f9ng l\u00fd t\u01b0\u1edfng v\u00e0 tr\u01b0\u1eddng h\u1ee3p s\u1eed d\u1ee5ng<\/strong><\/h4>\n<p><strong>D\u00e0nh cho ai<\/strong><br \/>\nSinh vi\u00ean v\u00e0 nh\u00e2n vi\u00ean v\u0103n ph\u00f2ng<br \/>\nNh\u1eefng ng\u01b0\u1eddi y\u00eau th\u00edch \u1ea9m th\u1ef1c<br \/>\nB\u1ea5t k\u1ef3 ai mu\u1ed1n c\u00f3 h\u01a1i th\u1edf th\u01a1m tho \u0111\u1ec3 giao ti\u1ebfp<\/p>\n<p><strong>Khi n\u00e0o s\u1eed d\u1ee5ng n\u00f3<\/strong><br \/>\nU\u1ed1ng m\u1ed9t vi\u00ean khi b\u1ea1n bu\u1ed3n ng\u1ee7 trong l\u1edbp h\u1ecdc ho\u1eb7c khi l\u00e0m vi\u1ec7c \u0111\u1ec3 c\u00f3 th\u1ec3 l\u00e0m \u0111\u01b0\u1ee3c nhi\u1ec1u vi\u1ec7c h\u01a1n.<br \/>\nU\u1ed1ng sau b\u1eefa \u0103n \u0111\u1ec3 h\u1ed7 tr\u1ee3 ti\u00eau h\u00f3a.<br \/>\nS\u1eed d\u1ee5ng tr\u01b0\u1edbc khi giao l\u01b0u v\u1edbi ng\u01b0\u1eddi kh\u00e1c \u0111\u1ec3 gi\u1eef h\u01a1i th\u1edf th\u01a1m m\u00e1t.<\/p>\n<p>&nbsp;<\/p>\n<p><img fetchpriority=\"high\" decoding=\"async\" class=\"aligncenter size-full wp-image-342\" src=\"https:\/\/jiushidao.com\/wp-content\/uploads\/2025\/08\/chanp1.jpg\" alt=\"\" width=\"1200\" height=\"1200\" srcset=\"https:\/\/jiushidao.com\/wp-content\/uploads\/2025\/08\/chanp1.jpg 1200w, https:\/\/jiushidao.com\/wp-content\/uploads\/2025\/08\/chanp1-500x500.jpg 500w, https:\/\/jiushidao.com\/wp-content\/uploads\/2025\/08\/chanp1-300x300.jpg 300w, https:\/\/jiushidao.com\/wp-content\/uploads\/2025\/08\/chanp1-768x768.jpg 768w, https:\/\/jiushidao.com\/wp-content\/uploads\/2025\/08\/chanp1-150x150.jpg 150w, https:\/\/jiushidao.com\/wp-content\/uploads\/2025\/08\/chanp1-75x75.jpg 75w, https:\/\/jiushidao.com\/wp-content\/uploads\/2025\/08\/chanp1-700x700.jpg 700w, https:\/\/jiushidao.com\/wp-content\/uploads\/2025\/08\/chanp1-800x800.jpg 800w\" sizes=\"(max-width:767px) 700px, (max-width:1200px) 100vw, 1200px\" \/> <img decoding=\"async\" class=\"aligncenter size-full wp-image-348\" src=\"https:\/\/jiushidao.com\/wp-content\/uploads\/2025\/08\/8.16\u8425\u517b\u7c8900451.jpg\" alt=\"\" width=\"1200\" height=\"1800\" srcset=\"https:\/\/jiushidao.com\/wp-content\/uploads\/2025\/08\/8.16\u8425\u517b\u7c8900451.jpg 1200w, https:\/\/jiushidao.com\/wp-content\/uploads\/2025\/08\/8.16\u8425\u517b\u7c8900451-333x500.jpg 333w, https:\/\/jiushidao.com\/wp-content\/uploads\/2025\/08\/8.16\u8425\u517b\u7c8900451-800x1200.jpg 800w, https:\/\/jiushidao.com\/wp-content\/uploads\/2025\/08\/8.16\u8425\u517b\u7c8900451-200x300.jpg 200w, https:\/\/jiushidao.com\/wp-content\/uploads\/2025\/08\/8.16\u8425\u517b\u7c8900451-768x1152.jpg 768w, https:\/\/jiushidao.com\/wp-content\/uploads\/2025\/08\/8.16\u8425\u517b\u7c8900451-1024x1536.jpg 1024w, https:\/\/jiushidao.com\/wp-content\/uploads\/2025\/08\/8.16\u8425\u517b\u7c8900451-50x75.jpg 50w, https:\/\/jiushidao.com\/wp-content\/uploads\/2025\/08\/8.16\u8425\u517b\u7c8900451-700x1050.jpg 700w\" sizes=\"(max-width:767px) 700px, (max-width:1200px) 100vw, 1200px\" \/> <img decoding=\"async\" class=\"aligncenter size-full wp-image-349\" src=\"https:\/\/jiushidao.com\/wp-content\/uploads\/2025\/08\/8.16\u8425\u517b\u7c8900409.jpg\" alt=\"\" width=\"1200\" height=\"1800\" srcset=\"https:\/\/jiushidao.com\/wp-content\/uploads\/2025\/08\/8.16\u8425\u517b\u7c8900409.jpg 1200w, https:\/\/jiushidao.com\/wp-content\/uploads\/2025\/08\/8.16\u8425\u517b\u7c8900409-333x500.jpg 333w, https:\/\/jiushidao.com\/wp-content\/uploads\/2025\/08\/8.16\u8425\u517b\u7c8900409-800x1200.jpg 800w, https:\/\/jiushidao.com\/wp-content\/uploads\/2025\/08\/8.16\u8425\u517b\u7c8900409-200x300.jpg 200w, https:\/\/jiushidao.com\/wp-content\/uploads\/2025\/08\/8.16\u8425\u517b\u7c8900409-768x1152.jpg 768w, https:\/\/jiushidao.com\/wp-content\/uploads\/2025\/08\/8.16\u8425\u517b\u7c8900409-1024x1536.jpg 1024w, https:\/\/jiushidao.com\/wp-content\/uploads\/2025\/08\/8.16\u8425\u517b\u7c8900409-50x75.jpg 50w, https:\/\/jiushidao.com\/wp-content\/uploads\/2025\/08\/8.16\u8425\u517b\u7c8900409-700x1050.jpg 700w\" sizes=\"(max-width:767px) 700px, (max-width:1200px) 100vw, 1200px\" \/> <img loading=\"lazy\" decoding=\"async\" class=\"aligncenter size-full wp-image-347\" src=\"https:\/\/jiushidao.com\/wp-content\/uploads\/2025\/08\/8.1800553.jpg\" alt=\"\" width=\"1200\" height=\"1800\" srcset=\"https:\/\/jiushidao.com\/wp-content\/uploads\/2025\/08\/8.1800553.jpg 1200w, https:\/\/jiushidao.com\/wp-content\/uploads\/2025\/08\/8.1800553-333x500.jpg 333w, https:\/\/jiushidao.com\/wp-content\/uploads\/2025\/08\/8.1800553-800x1200.jpg 800w, https:\/\/jiushidao.com\/wp-content\/uploads\/2025\/08\/8.1800553-200x300.jpg 200w, https:\/\/jiushidao.com\/wp-content\/uploads\/2025\/08\/8.1800553-768x1152.jpg 768w, https:\/\/jiushidao.com\/wp-content\/uploads\/2025\/08\/8.1800553-1024x1536.jpg 1024w, https:\/\/jiushidao.com\/wp-content\/uploads\/2025\/08\/8.1800553-50x75.jpg 50w, https:\/\/jiushidao.com\/wp-content\/uploads\/2025\/08\/8.1800553-700x1050.jpg 700w\" sizes=\"(max-width:767px) 700px, (max-width:1200px) 100vw, 1200px\" \/><\/p>","protected":false},"excerpt":{"rendered":"<p>H\u01b0\u01a1ng v\u1ecb: S\u1ef1 k\u1ebft h\u1ee3p th\u01a1m ngon c\u1ee7a b\u1ea1c h\u00e0 t\u01b0\u01a1i m\u00e1t v\u00e0 kiwi chua ng\u1ecdt, m\u1ecdng n\u01b0\u1edbc. Ngay khi ch\u1ea1m v\u00e0o l\u01b0\u1ee1i, v\u1ecb m\u00e1t l\u1ea1nh c\u1ee7a b\u1ea1c h\u00e0 lan t\u1ecfa kh\u1eafp v\u00f2m mi\u1ec7ng, ti\u1ebfp theo l\u00e0<span class=\"excerpt-hellip\"> [\u2026]<\/span><\/p>","protected":false},"featured_media":342,"comment_status":"open","ping_status":"closed","template":"","meta":[],"product_brand":[],"product_cat":[18],"product_tag":[],"class_list":{"0":"post-341","1":"product","2":"type-product","3":"status-publish","4":"has-post-thumbnail","6":"product_cat-mint-kiwi","8":"first","9":"instock","10":"shipping-taxable","11":"purchasable","12":"product-type-simple"},"yoast_head":"<!-- This site is optimized with the Yoast SEO Premium plugin v25.8 (Yoast SEO v25.8) - https:\/\/yoast.com\/wordpress\/plugins\/seo\/ -->\n<title>Mint Kiwi - Jiushidao - Global Food Marketplace for Business Growth and Cosumers<\/title>\n<meta name=\"robots\" content=\"index, follow, max-snippet:-1, max-image-preview:large, max-video-preview:-1\" \/>\n<link rel=\"canonical\" href=\"https:\/\/jiushidao.com\/vi\/san-pham\/mint-kiwi\/\" \/>\n<meta property=\"og:locale\" content=\"vi_VN\" \/>\n<meta property=\"og:type\" content=\"article\" \/>\n<meta property=\"og:title\" content=\"Mint Kiwi\" \/>\n<meta property=\"og:description\" content=\"Flavor Profile A delicious mix of fresh mint and sweet-tart, juicy kiwi. The second it hits your tongue, mint\u2019s coolness spreads across your palate, followed by [\u2026]\" \/>\n<meta property=\"og:url\" content=\"https:\/\/jiushidao.com\/vi\/san-pham\/mint-kiwi\/\" \/>\n<meta property=\"og:site_name\" content=\"Jiushidao - Global Food Marketplace for Business Growth and Cosumers\" \/>\n<meta property=\"article:modified_time\" content=\"2025-08-28T08:31:33+00:00\" \/>\n<meta property=\"og:image\" content=\"https:\/\/jiushidao.com\/wp-content\/uploads\/2025\/08\/chanp1.jpg\" \/>\n\t<meta property=\"og:image:width\" content=\"1200\" \/>\n\t<meta property=\"og:image:height\" content=\"1200\" \/>\n\t<meta property=\"og:image:type\" content=\"image\/jpeg\" \/>\n<meta name=\"twitter:card\" content=\"summary_large_image\" \/>\n<meta name=\"twitter:label1\" content=\"\u01af\u1edbc t\u00ednh th\u1eddi gian \u0111\u1ecdc\" \/>\n\t<meta name=\"twitter:data1\" content=\"2 ph\u00fat\" \/>\n<script type=\"application\/ld+json\" class=\"yoast-schema-graph\">{\"@context\":\"https:\/\/schema.org\",\"@graph\":[{\"@type\":\"WebPage\",\"@id\":\"https:\/\/jiushidao.com\/product\/mint-kiwi\/\",\"url\":\"https:\/\/jiushidao.com\/product\/mint-kiwi\/\",\"name\":\"Mint Kiwi - Jiushidao - Global Food Marketplace for Business Growth and Cosumers\",\"isPartOf\":{\"@id\":\"https:\/\/jiushidao.com\/#website\"},\"primaryImageOfPage\":{\"@id\":\"https:\/\/jiushidao.com\/product\/mint-kiwi\/#primaryimage\"},\"image\":{\"@id\":\"https:\/\/jiushidao.com\/product\/mint-kiwi\/#primaryimage\"},\"thumbnailUrl\":\"https:\/\/jiushidao.com\/wp-content\/uploads\/2025\/08\/chanp1.jpg\",\"datePublished\":\"2025-08-28T08:28:11+00:00\",\"dateModified\":\"2025-08-28T08:31:33+00:00\",\"breadcrumb\":{\"@id\":\"https:\/\/jiushidao.com\/product\/mint-kiwi\/#breadcrumb\"},\"inLanguage\":\"vi\",\"potentialAction\":[{\"@type\":\"ReadAction\",\"target\":[\"https:\/\/jiushidao.com\/product\/mint-kiwi\/\"]}]},{\"@type\":\"ImageObject\",\"inLanguage\":\"vi\",\"@id\":\"https:\/\/jiushidao.com\/product\/mint-kiwi\/#primaryimage\",\"url\":\"https:\/\/jiushidao.com\/wp-content\/uploads\/2025\/08\/chanp1.jpg\",\"contentUrl\":\"https:\/\/jiushidao.com\/wp-content\/uploads\/2025\/08\/chanp1.jpg\",\"width\":1200,\"height\":1200},{\"@type\":\"BreadcrumbList\",\"@id\":\"https:\/\/jiushidao.com\/product\/mint-kiwi\/#breadcrumb\",\"itemListElement\":[{\"@type\":\"ListItem\",\"position\":1,\"name\":\"Home\",\"item\":\"https:\/\/jiushidao.com\/\"},{\"@type\":\"ListItem\",\"position\":2,\"name\":\"Store\",\"item\":\"https:\/\/jiushidao.com\/store\/\"},{\"@type\":\"ListItem\",\"position\":3,\"name\":\"Mint Kiwi\"}]},{\"@type\":\"WebSite\",\"@id\":\"https:\/\/jiushidao.com\/#website\",\"url\":\"https:\/\/jiushidao.com\/\",\"name\":\"Jiushidao - Global Food Marketplace for Business Growth and Cosumers\",\"description\":\"Jiushidao - Global Food Marketplace for Business Growth and Cosumers\",\"potentialAction\":[{\"@type\":\"SearchAction\",\"target\":{\"@type\":\"EntryPoint\",\"urlTemplate\":\"https:\/\/jiushidao.com\/?s={search_term_string}\"},\"query-input\":{\"@type\":\"PropertyValueSpecification\",\"valueRequired\":true,\"valueName\":\"search_term_string\"}}],\"inLanguage\":\"vi\"}]}<\/script>\n<!-- \/ Yoast SEO Premium plugin. -->","yoast_head_json":{"title":"Mint Kiwi - Jiushidao - Global Food Marketplace for Business Growth and Cosumers","robots":{"index":"index","follow":"follow","max-snippet":"max-snippet:-1","max-image-preview":"max-image-preview:large","max-video-preview":"max-video-preview:-1"},"canonical":"https:\/\/jiushidao.com\/vi\/san-pham\/mint-kiwi\/","og_locale":"vi_VN","og_type":"article","og_title":"Mint Kiwi","og_description":"Flavor Profile A delicious mix of fresh mint and sweet-tart, juicy kiwi. The second it hits your tongue, mint\u2019s coolness spreads across your palate, followed by [\u2026]","og_url":"https:\/\/jiushidao.com\/vi\/san-pham\/mint-kiwi\/","og_site_name":"Jiushidao - Global Food Marketplace for Business Growth and Cosumers","article_modified_time":"2025-08-28T08:31:33+00:00","og_image":[{"width":1200,"height":1200,"url":"https:\/\/jiushidao.com\/wp-content\/uploads\/2025\/08\/chanp1.jpg","type":"image\/jpeg"}],"twitter_card":"summary_large_image","twitter_misc":{"\u01af\u1edbc t\u00ednh th\u1eddi gian \u0111\u1ecdc":"2 ph\u00fat"},"schema":{"@context":"https:\/\/schema.org","@graph":[{"@type":"WebPage","@id":"https:\/\/jiushidao.com\/product\/mint-kiwi\/","url":"https:\/\/jiushidao.com\/product\/mint-kiwi\/","name":"Mint Kiwi - Jiushidao - Global Food Marketplace for Business Growth and Cosumers","isPartOf":{"@id":"https:\/\/jiushidao.com\/#website"},"primaryImageOfPage":{"@id":"https:\/\/jiushidao.com\/product\/mint-kiwi\/#primaryimage"},"image":{"@id":"https:\/\/jiushidao.com\/product\/mint-kiwi\/#primaryimage"},"thumbnailUrl":"https:\/\/jiushidao.com\/wp-content\/uploads\/2025\/08\/chanp1.jpg","datePublished":"2025-08-28T08:28:11+00:00","dateModified":"2025-08-28T08:31:33+00:00","breadcrumb":{"@id":"https:\/\/jiushidao.com\/product\/mint-kiwi\/#breadcrumb"},"inLanguage":"vi","potentialAction":[{"@type":"ReadAction","target":["https:\/\/jiushidao.com\/product\/mint-kiwi\/"]}]},{"@type":"ImageObject","inLanguage":"vi","@id":"https:\/\/jiushidao.com\/product\/mint-kiwi\/#primaryimage","url":"https:\/\/jiushidao.com\/wp-content\/uploads\/2025\/08\/chanp1.jpg","contentUrl":"https:\/\/jiushidao.com\/wp-content\/uploads\/2025\/08\/chanp1.jpg","width":1200,"height":1200},{"@type":"BreadcrumbList","@id":"https:\/\/jiushidao.com\/product\/mint-kiwi\/#breadcrumb","itemListElement":[{"@type":"ListItem","position":1,"name":"Home","item":"https:\/\/jiushidao.com\/"},{"@type":"ListItem","position":2,"name":"Store","item":"https:\/\/jiushidao.com\/store\/"},{"@type":"ListItem","position":3,"name":"Mint Kiwi"}]},{"@type":"WebSite","@id":"https:\/\/jiushidao.com\/#website","url":"https:\/\/jiushidao.com\/","name":"Jiushidao - Global Food Marketplace for Business Growth and Cosumers","description":"Jiushidao - Global Food Marketplace for Business Growth and Cosumers","potentialAction":[{"@type":"SearchAction","target":{"@type":"EntryPoint","urlTemplate":"https:\/\/jiushidao.com\/?s={search_term_string}"},"query-input":{"@type":"PropertyValueSpecification","valueRequired":true,"valueName":"search_term_string"}}],"inLanguage":"vi"}]}},"_links":{"self":[{"href":"https:\/\/jiushidao.com\/vi\/wp-json\/wp\/v2\/product\/341","targetHints":{"allow":["GET"]}}],"collection":[{"href":"https:\/\/jiushidao.com\/vi\/wp-json\/wp\/v2\/product"}],"about":[{"href":"https:\/\/jiushidao.com\/vi\/wp-json\/wp\/v2\/types\/product"}],"replies":[{"embeddable":true,"href":"https:\/\/jiushidao.com\/vi\/wp-json\/wp\/v2\/comments?post=341"}],"version-history":[{"count":3,"href":"https:\/\/jiushidao.com\/vi\/wp-json\/wp\/v2\/product\/341\/revisions"}],"predecessor-version":[{"id":352,"href":"https:\/\/jiushidao.com\/vi\/wp-json\/wp\/v2\/product\/341\/revisions\/352"}],"wp:featuredmedia":[{"embeddable":true,"href":"https:\/\/jiushidao.com\/vi\/wp-json\/wp\/v2\/media\/342"}],"wp:attachment":[{"href":"https:\/\/jiushidao.com\/vi\/wp-json\/wp\/v2\/media?parent=341"}],"wp:term":[{"taxonomy":"product_brand","embeddable":true,"href":"https:\/\/jiushidao.com\/vi\/wp-json\/wp\/v2\/product_brand?post=341"},{"taxonomy":"product_cat","embeddable":true,"href":"https:\/\/jiushidao.com\/vi\/wp-json\/wp\/v2\/product_cat?post=341"},{"taxonomy":"product_tag","embeddable":true,"href":"https:\/\/jiushidao.com\/vi\/wp-json\/wp\/v2\/product_tag?post=341"}],"curies":[{"name":"wp","href":"https:\/\/api.w.org\/{rel}","templated":true}]}}