{"id":1014,"date":"2025-11-20T13:14:37","date_gmt":"2025-11-20T13:14:37","guid":{"rendered":"https:\/\/jiushidao.com\/?post_type=product&#038;p=1014"},"modified":"2025-12-23T16:39:50","modified_gmt":"2025-12-23T16:39:50","slug":"chinese-yam-harmony-brew","status":"publish","type":"product","link":"https:\/\/jiushidao.com\/vi\/san-pham\/chinese-yam-harmony-brew\/","title":{"rendered":"Khoai m\u1ee1 Trung Qu\u1ed1c Harmony-Brew"},"content":{"rendered":"<section class=\"ybc-p\">M\u1ed9t th\u1ee9c u\u1ed1ng thi\u1ebft y\u1ebfu cho ng\u01b0\u1eddi b\u1ecb t\u1ef3 h\u01b0. Ch\u1ec9 khi t\u1ef3 v\u00e0 d\u1ea1 d\u00e0y kh\u1ecfe m\u1ea1nh, ng\u01b0\u1eddi ta m\u1edbi th\u1ef1c s\u1ef1 t\u1eadn h\u01b0\u1edfng \u0111\u01b0\u1ee3c l\u1ee3i \u00edch c\u1ee7a t\u1ea5t c\u1ea3 c\u00e1c lo\u1ea1i th\u1ef1c ph\u1ea9m.<\/section>\n<section class=\"ybc-p\"><strong>L\u1ee3i \u00edch ch\u00ednh:<\/strong>\u200b<\/section>\n<ul class=\"ybc-ul-component\">\n<li class=\"ybc-li-component ybc-li-component_ul\">\n<section class=\"ybc-p\">T\u0103ng c\u01b0\u1eddng ch\u1ee9c n\u0103ng l\u00e1 l\u00e1ch v\u00e0 c\u1ea3i thi\u1ec7n ti\u00eau h\u00f3a<\/section>\n<\/li>\n<li class=\"ybc-li-component ybc-li-component_ul\">\n<section class=\"ybc-p\">\u0110i\u1ec1u ch\u1ec9nh n\u0103ng l\u01b0\u1ee3ng trung gian \u0111\u1ec3 c\u1ea3i thi\u1ec7n kh\u1ea3 n\u0103ng h\u1ea5p th\u1ee5 ch\u1ea5t dinh d\u01b0\u1ee1ng<\/section>\n<\/li>\n<li class=\"ybc-li-component ybc-li-component_ul\">\n<section class=\"ybc-p\">Kh\u00f4i ph\u1ee5c s\u1ef1 c\u00e2n b\u1eb1ng \u0111\u01b0\u1eddng ti\u00eau h\u00f3a<\/section>\n<\/li>\n<li class=\"ybc-li-component ybc-li-component_ul\">\n<section class=\"ybc-p\">Gi\u1ea3i quy\u1ebft nguy\u00ean nh\u00e2n g\u1ed1c r\u1ec5 c\u1ee7a ch\u1ee9ng ch\u00e1n \u0103n<\/section>\n<\/li>\n<li class=\"ybc-li-component ybc-li-component_ul\">\n<section class=\"ybc-p\">T\u1ea1o n\u1ec1n t\u1ea3ng cho s\u1ee9c kh\u1ecfe t\u1ed5ng th\u1ec3<\/section>\n<\/li>\n<\/ul>","protected":false},"excerpt":{"rendered":"<p>M\u1ed9t th\u1ee9c u\u1ed1ng thi\u1ebft y\u1ebfu cho ng\u01b0\u1eddi b\u1ecb suy nh\u01b0\u1ee3c c\u01a1 th\u1ec3. Ch\u1ec9 khi t\u1ef3 v\u00e0 d\u1ea1 d\u00e0y kh\u1ecfe m\u1ea1nh, ng\u01b0\u1eddi ta m\u1edbi th\u1ef1c s\u1ef1 t\u1eadn h\u01b0\u1edfng \u0111\u01b0\u1ee3c l\u1ee3i \u00edch c\u1ee7a t\u1ea5t c\u1ea3 c\u00e1c lo\u1ea1i th\u1ef1c ph\u1ea9m. L\u1ee3i \u00edch ch\u00ednh: T\u0103ng c\u01b0\u1eddng<span class=\"excerpt-hellip\"> [\u2026]<\/span><\/p>","protected":false},"featured_media":1041,"comment_status":"open","ping_status":"closed","template":"","meta":[],"product_brand":[],"product_cat":[66],"product_tag":[],"class_list":{"0":"post-1014","1":"product","2":"type-product","3":"status-publish","4":"has-post-thumbnail","6":"product_cat-yang_sheng_cha_bao","8":"first","9":"instock","10":"shipping-taxable","11":"product-type-external"},"yoast_head":"<!-- This site is optimized with the Yoast SEO Premium plugin v25.8 (Yoast SEO v25.8) - https:\/\/yoast.com\/wordpress\/plugins\/seo\/ -->\n<title>Chinese Yam Harmony-Brew - Jiushidao - Global Food Marketplace for Business Growth and Cosumers<\/title>\n<meta name=\"robots\" content=\"index, follow, max-snippet:-1, max-image-preview:large, max-video-preview:-1\" \/>\n<link rel=\"canonical\" href=\"https:\/\/jiushidao.com\/vi\/san-pham\/chinese-yam-harmony-brew\/\" \/>\n<meta property=\"og:locale\" content=\"vi_VN\" \/>\n<meta property=\"og:type\" content=\"article\" \/>\n<meta property=\"og:title\" content=\"Chinese Yam Harmony-Brew\" \/>\n<meta property=\"og:description\" content=\"An essential beverage for people with spleen deficiency. Only with healthy spleen and stomach can one truly enjoy the benefits of all foods. Key Benefits:\u200b Strengthens [\u2026]\" \/>\n<meta property=\"og:url\" content=\"https:\/\/jiushidao.com\/vi\/san-pham\/chinese-yam-harmony-brew\/\" \/>\n<meta property=\"og:site_name\" content=\"Jiushidao - Global Food Marketplace for Business Growth and Cosumers\" \/>\n<meta property=\"article:modified_time\" content=\"2025-12-23T16:39:50+00:00\" \/>\n<meta property=\"og:image\" content=\"https:\/\/jiushidao.com\/wp-content\/uploads\/2025\/11\/\u56fe\u72474-1.png\" \/>\n\t<meta property=\"og:image:width\" content=\"800\" \/>\n\t<meta property=\"og:image:height\" content=\"800\" \/>\n\t<meta property=\"og:image:type\" content=\"image\/png\" \/>\n<meta name=\"twitter:card\" content=\"summary_large_image\" \/>\n<meta name=\"twitter:label1\" content=\"\u01af\u1edbc t\u00ednh th\u1eddi gian \u0111\u1ecdc\" \/>\n\t<meta name=\"twitter:data1\" content=\"1 ph\u00fat\" \/>\n<script type=\"application\/ld+json\" class=\"yoast-schema-graph\">{\"@context\":\"https:\/\/schema.org\",\"@graph\":[{\"@type\":\"WebPage\",\"@id\":\"https:\/\/jiushidao.com\/product\/chinese-yam-harmony-brew\/\",\"url\":\"https:\/\/jiushidao.com\/product\/chinese-yam-harmony-brew\/\",\"name\":\"Chinese Yam Harmony-Brew - Jiushidao - Global Food Marketplace for Business Growth and Cosumers\",\"isPartOf\":{\"@id\":\"https:\/\/jiushidao.com\/#website\"},\"primaryImageOfPage\":{\"@id\":\"https:\/\/jiushidao.com\/product\/chinese-yam-harmony-brew\/#primaryimage\"},\"image\":{\"@id\":\"https:\/\/jiushidao.com\/product\/chinese-yam-harmony-brew\/#primaryimage\"},\"thumbnailUrl\":\"https:\/\/jiushidao.com\/wp-content\/uploads\/2025\/11\/\u56fe\u72474-1.png\",\"datePublished\":\"2025-11-20T13:14:37+00:00\",\"dateModified\":\"2025-12-23T16:39:50+00:00\",\"breadcrumb\":{\"@id\":\"https:\/\/jiushidao.com\/product\/chinese-yam-harmony-brew\/#breadcrumb\"},\"inLanguage\":\"vi\",\"potentialAction\":[{\"@type\":\"ReadAction\",\"target\":[\"https:\/\/jiushidao.com\/product\/chinese-yam-harmony-brew\/\"]}]},{\"@type\":\"ImageObject\",\"inLanguage\":\"vi\",\"@id\":\"https:\/\/jiushidao.com\/product\/chinese-yam-harmony-brew\/#primaryimage\",\"url\":\"https:\/\/jiushidao.com\/wp-content\/uploads\/2025\/11\/\u56fe\u72474-1.png\",\"contentUrl\":\"https:\/\/jiushidao.com\/wp-content\/uploads\/2025\/11\/\u56fe\u72474-1.png\",\"width\":800,\"height\":800},{\"@type\":\"BreadcrumbList\",\"@id\":\"https:\/\/jiushidao.com\/product\/chinese-yam-harmony-brew\/#breadcrumb\",\"itemListElement\":[{\"@type\":\"ListItem\",\"position\":1,\"name\":\"Home\",\"item\":\"https:\/\/jiushidao.com\/\"},{\"@type\":\"ListItem\",\"position\":2,\"name\":\"Store\",\"item\":\"https:\/\/jiushidao.com\/store\/\"},{\"@type\":\"ListItem\",\"position\":3,\"name\":\"Chinese Yam Harmony-Brew\"}]},{\"@type\":\"WebSite\",\"@id\":\"https:\/\/jiushidao.com\/#website\",\"url\":\"https:\/\/jiushidao.com\/\",\"name\":\"Jiushidao - Global Food Marketplace for Business Growth and Cosumers\",\"description\":\"Jiushidao - Global Food Marketplace for Business Growth and Cosumers\",\"potentialAction\":[{\"@type\":\"SearchAction\",\"target\":{\"@type\":\"EntryPoint\",\"urlTemplate\":\"https:\/\/jiushidao.com\/?s={search_term_string}\"},\"query-input\":{\"@type\":\"PropertyValueSpecification\",\"valueRequired\":true,\"valueName\":\"search_term_string\"}}],\"inLanguage\":\"vi\"}]}<\/script>\n<!-- \/ Yoast SEO Premium plugin. -->","yoast_head_json":{"title":"Chinese Yam Harmony-Brew - Jiushidao - Global Food Marketplace for Business Growth and Cosumers","robots":{"index":"index","follow":"follow","max-snippet":"max-snippet:-1","max-image-preview":"max-image-preview:large","max-video-preview":"max-video-preview:-1"},"canonical":"https:\/\/jiushidao.com\/vi\/san-pham\/chinese-yam-harmony-brew\/","og_locale":"vi_VN","og_type":"article","og_title":"Chinese Yam Harmony-Brew","og_description":"An essential beverage for people with spleen deficiency. Only with healthy spleen and stomach can one truly enjoy the benefits of all foods. Key Benefits:\u200b Strengthens [\u2026]","og_url":"https:\/\/jiushidao.com\/vi\/san-pham\/chinese-yam-harmony-brew\/","og_site_name":"Jiushidao - Global Food Marketplace for Business Growth and Cosumers","article_modified_time":"2025-12-23T16:39:50+00:00","og_image":[{"width":800,"height":800,"url":"https:\/\/jiushidao.com\/wp-content\/uploads\/2025\/11\/\u56fe\u72474-1.png","type":"image\/png"}],"twitter_card":"summary_large_image","twitter_misc":{"\u01af\u1edbc t\u00ednh th\u1eddi gian \u0111\u1ecdc":"1 ph\u00fat"},"schema":{"@context":"https:\/\/schema.org","@graph":[{"@type":"WebPage","@id":"https:\/\/jiushidao.com\/product\/chinese-yam-harmony-brew\/","url":"https:\/\/jiushidao.com\/product\/chinese-yam-harmony-brew\/","name":"Chinese Yam Harmony-Brew - Jiushidao - Global Food Marketplace for Business Growth and Cosumers","isPartOf":{"@id":"https:\/\/jiushidao.com\/#website"},"primaryImageOfPage":{"@id":"https:\/\/jiushidao.com\/product\/chinese-yam-harmony-brew\/#primaryimage"},"image":{"@id":"https:\/\/jiushidao.com\/product\/chinese-yam-harmony-brew\/#primaryimage"},"thumbnailUrl":"https:\/\/jiushidao.com\/wp-content\/uploads\/2025\/11\/\u56fe\u72474-1.png","datePublished":"2025-11-20T13:14:37+00:00","dateModified":"2025-12-23T16:39:50+00:00","breadcrumb":{"@id":"https:\/\/jiushidao.com\/product\/chinese-yam-harmony-brew\/#breadcrumb"},"inLanguage":"vi","potentialAction":[{"@type":"ReadAction","target":["https:\/\/jiushidao.com\/product\/chinese-yam-harmony-brew\/"]}]},{"@type":"ImageObject","inLanguage":"vi","@id":"https:\/\/jiushidao.com\/product\/chinese-yam-harmony-brew\/#primaryimage","url":"https:\/\/jiushidao.com\/wp-content\/uploads\/2025\/11\/\u56fe\u72474-1.png","contentUrl":"https:\/\/jiushidao.com\/wp-content\/uploads\/2025\/11\/\u56fe\u72474-1.png","width":800,"height":800},{"@type":"BreadcrumbList","@id":"https:\/\/jiushidao.com\/product\/chinese-yam-harmony-brew\/#breadcrumb","itemListElement":[{"@type":"ListItem","position":1,"name":"Home","item":"https:\/\/jiushidao.com\/"},{"@type":"ListItem","position":2,"name":"Store","item":"https:\/\/jiushidao.com\/store\/"},{"@type":"ListItem","position":3,"name":"Chinese Yam Harmony-Brew"}]},{"@type":"WebSite","@id":"https:\/\/jiushidao.com\/#website","url":"https:\/\/jiushidao.com\/","name":"Jiushidao - Global Food Marketplace for Business Growth and Cosumers","description":"Jiushidao - Global Food Marketplace for Business Growth and Cosumers","potentialAction":[{"@type":"SearchAction","target":{"@type":"EntryPoint","urlTemplate":"https:\/\/jiushidao.com\/?s={search_term_string}"},"query-input":{"@type":"PropertyValueSpecification","valueRequired":true,"valueName":"search_term_string"}}],"inLanguage":"vi"}]}},"_links":{"self":[{"href":"https:\/\/jiushidao.com\/vi\/wp-json\/wp\/v2\/product\/1014","targetHints":{"allow":["GET"]}}],"collection":[{"href":"https:\/\/jiushidao.com\/vi\/wp-json\/wp\/v2\/product"}],"about":[{"href":"https:\/\/jiushidao.com\/vi\/wp-json\/wp\/v2\/types\/product"}],"replies":[{"embeddable":true,"href":"https:\/\/jiushidao.com\/vi\/wp-json\/wp\/v2\/comments?post=1014"}],"version-history":[{"count":1,"href":"https:\/\/jiushidao.com\/vi\/wp-json\/wp\/v2\/product\/1014\/revisions"}],"predecessor-version":[{"id":1015,"href":"https:\/\/jiushidao.com\/vi\/wp-json\/wp\/v2\/product\/1014\/revisions\/1015"}],"wp:featuredmedia":[{"embeddable":true,"href":"https:\/\/jiushidao.com\/vi\/wp-json\/wp\/v2\/media\/1041"}],"wp:attachment":[{"href":"https:\/\/jiushidao.com\/vi\/wp-json\/wp\/v2\/media?parent=1014"}],"wp:term":[{"taxonomy":"product_brand","embeddable":true,"href":"https:\/\/jiushidao.com\/vi\/wp-json\/wp\/v2\/product_brand?post=1014"},{"taxonomy":"product_cat","embeddable":true,"href":"https:\/\/jiushidao.com\/vi\/wp-json\/wp\/v2\/product_cat?post=1014"},{"taxonomy":"product_tag","embeddable":true,"href":"https:\/\/jiushidao.com\/vi\/wp-json\/wp\/v2\/product_tag?post=1014"}],"curies":[{"name":"wp","href":"https:\/\/api.w.org\/{rel}","templated":true}]}}