{"id":1012,"date":"2025-11-20T13:13:44","date_gmt":"2025-11-20T13:13:44","guid":{"rendered":"https:\/\/jiushidao.com\/?post_type=product&#038;p=1012"},"modified":"2025-12-23T16:44:18","modified_gmt":"2025-12-23T16:44:18","slug":"snow-pear-throat-clearing-beverage","status":"publish","type":"product","link":"https:\/\/jiushidao.com\/vi\/san-pham\/snow-pear-throat-clearing-beverage\/","title":{"rendered":"Th\u1ee9c u\u1ed1ng l\u00e0m th\u00f4ng h\u1ecdng t\u1eeb qu\u1ea3 l\u00ea tuy\u1ebft"},"content":{"rendered":"<section class=\"ybc-p\">L\u00e0m \u1ea9m ph\u1ed5i, l\u00e0m d\u1ecbu c\u1ed5 h\u1ecdng v\u00e0 b\u1ea3o v\u1ec7 gi\u1ecdng n\u00f3i. \u0110\u1eb7c bi\u1ec7t ph\u00f9 h\u1ee3p cho ng\u01b0\u1eddi th\u01b0\u1eddng xuy\u00ean s\u1eed d\u1ee5ng gi\u1ecdng n\u00f3i (bao g\u1ed3m ng\u01b0\u1eddi h\u00fat thu\u1ed1c v\u00e0 ng\u01b0\u1eddi b\u1ecb vi\u00eam h\u1ecdng m\u00e3n t\u00ednh). M\u1ed9t s\u1ea3n ph\u1ea9m ch\u0103m s\u00f3c s\u1ee9c kh\u1ecfe thi\u1ebft y\u1ebfu \u0111\u1ec3 duy tr\u00ec s\u1ee9c kh\u1ecfe m\u00f9a thu.<\/section>\n<section class=\"ybc-p\"><strong>L\u1ee3i \u00edch ch\u00ednh:<\/strong>\u200b<\/section>\n<ul class=\"ybc-ul-component\">\n<li class=\"ybc-li-component ybc-li-component_ul\">\n<section class=\"ybc-p\">D\u01b0\u1ee1ng \u1ea9m cho ph\u1ed5i v\u00e0 \u0111\u01b0\u1eddng h\u00f4 h\u1ea5p<\/section>\n<\/li>\n<li class=\"ybc-li-component ybc-li-component_ul\">\n<section class=\"ybc-p\">L\u00e0m d\u1ecbu c\u01a1n \u0111au h\u1ecdng v\u00e0 kh\u1ea3n gi\u1ecdng<\/section>\n<\/li>\n<li class=\"ybc-li-component ybc-li-component_ul\">\n<section class=\"ybc-p\">B\u1ea3o v\u1ec7 v\u00e0 nu\u00f4i d\u01b0\u1ee1ng d\u00e2y thanh qu\u1ea3n<\/section>\n<\/li>\n<li class=\"ybc-li-component ybc-li-component_ul\">\n<section class=\"ybc-p\">Gi\u1ea3m t\u00ecnh tr\u1ea1ng kh\u00f4 v\u00e0 k\u00edch \u1ee9ng do h\u00fat thu\u1ed1c<\/section>\n<\/li>\n<li class=\"ybc-li-component ybc-li-component_ul\">\n<section class=\"ybc-p\">H\u1ed7 tr\u1ee3 \u0111i\u1ec1u tr\u1ecb vi\u00eam h\u1ecdng m\u00e3n t\u00ednh<\/section>\n<\/li>\n<\/ul>","protected":false},"excerpt":{"rendered":"<p>L\u00e0m \u1ea9m ph\u1ed5i, l\u00e0m d\u1ecbu c\u1ed5 h\u1ecdng v\u00e0 b\u1ea3o v\u1ec7 gi\u1ecdng n\u00f3i. \u0110\u1eb7c bi\u1ec7t ph\u00f9 h\u1ee3p cho ng\u01b0\u1eddi th\u01b0\u1eddng xuy\u00ean s\u1eed d\u1ee5ng gi\u1ecdng n\u00f3i (bao g\u1ed3m ng\u01b0\u1eddi h\u00fat thu\u1ed1c v\u00e0 ng\u01b0\u1eddi b\u1ecb vi\u00eam h\u1ecdng m\u00e3n t\u00ednh). M\u1ed9t s\u1ea3n ph\u1ea9m ch\u0103m s\u00f3c s\u1ee9c kh\u1ecfe thi\u1ebft y\u1ebfu<span class=\"excerpt-hellip\"> [\u2026]<\/span><\/p>","protected":false},"featured_media":1040,"comment_status":"open","ping_status":"closed","template":"","meta":[],"product_brand":[],"product_cat":[66],"product_tag":[],"class_list":{"0":"post-1012","1":"product","2":"type-product","3":"status-publish","4":"has-post-thumbnail","6":"product_cat-yang_sheng_cha_bao","8":"first","9":"instock","10":"shipping-taxable","11":"product-type-external"},"yoast_head":"<!-- This site is optimized with the Yoast SEO Premium plugin v25.8 (Yoast SEO v25.8) - https:\/\/yoast.com\/wordpress\/plugins\/seo\/ -->\n<title>Snow Pear Throat-Clearing Beverage - Jiushidao - Global Food Marketplace for Business Growth and Cosumers<\/title>\n<meta name=\"robots\" content=\"index, follow, max-snippet:-1, max-image-preview:large, max-video-preview:-1\" \/>\n<link rel=\"canonical\" href=\"https:\/\/jiushidao.com\/vi\/san-pham\/snow-pear-throat-clearing-beverage\/\" \/>\n<meta property=\"og:locale\" content=\"vi_VN\" \/>\n<meta property=\"og:type\" content=\"article\" \/>\n<meta property=\"og:title\" content=\"Snow Pear Throat-Clearing Beverage\" \/>\n<meta property=\"og:description\" content=\"Moistens the lungs, soothes the throat, and protects the voice. Specially suited for frequent voice users (including smokers and those with chronic pharyngitis). An essential wellness [\u2026]\" \/>\n<meta property=\"og:url\" content=\"https:\/\/jiushidao.com\/vi\/san-pham\/snow-pear-throat-clearing-beverage\/\" \/>\n<meta property=\"og:site_name\" content=\"Jiushidao - Global Food Marketplace for Business Growth and Cosumers\" \/>\n<meta property=\"article:modified_time\" content=\"2025-12-23T16:44:18+00:00\" \/>\n<meta property=\"og:image\" content=\"https:\/\/jiushidao.com\/wp-content\/uploads\/2025\/11\/\u56fe\u72473-1.png\" \/>\n\t<meta property=\"og:image:width\" content=\"800\" \/>\n\t<meta property=\"og:image:height\" content=\"800\" \/>\n\t<meta property=\"og:image:type\" content=\"image\/png\" \/>\n<meta name=\"twitter:card\" content=\"summary_large_image\" \/>\n<meta name=\"twitter:label1\" content=\"\u01af\u1edbc t\u00ednh th\u1eddi gian \u0111\u1ecdc\" \/>\n\t<meta name=\"twitter:data1\" content=\"1 ph\u00fat\" \/>\n<script type=\"application\/ld+json\" class=\"yoast-schema-graph\">{\"@context\":\"https:\/\/schema.org\",\"@graph\":[{\"@type\":\"WebPage\",\"@id\":\"https:\/\/jiushidao.com\/product\/snow-pear-throat-clearing-beverage\/\",\"url\":\"https:\/\/jiushidao.com\/product\/snow-pear-throat-clearing-beverage\/\",\"name\":\"Snow Pear Throat-Clearing Beverage - Jiushidao - Global Food Marketplace for Business Growth and Cosumers\",\"isPartOf\":{\"@id\":\"https:\/\/jiushidao.com\/#website\"},\"primaryImageOfPage\":{\"@id\":\"https:\/\/jiushidao.com\/product\/snow-pear-throat-clearing-beverage\/#primaryimage\"},\"image\":{\"@id\":\"https:\/\/jiushidao.com\/product\/snow-pear-throat-clearing-beverage\/#primaryimage\"},\"thumbnailUrl\":\"https:\/\/jiushidao.com\/wp-content\/uploads\/2025\/11\/\u56fe\u72473-1.png\",\"datePublished\":\"2025-11-20T13:13:44+00:00\",\"dateModified\":\"2025-12-23T16:44:18+00:00\",\"breadcrumb\":{\"@id\":\"https:\/\/jiushidao.com\/product\/snow-pear-throat-clearing-beverage\/#breadcrumb\"},\"inLanguage\":\"vi\",\"potentialAction\":[{\"@type\":\"ReadAction\",\"target\":[\"https:\/\/jiushidao.com\/product\/snow-pear-throat-clearing-beverage\/\"]}]},{\"@type\":\"ImageObject\",\"inLanguage\":\"vi\",\"@id\":\"https:\/\/jiushidao.com\/product\/snow-pear-throat-clearing-beverage\/#primaryimage\",\"url\":\"https:\/\/jiushidao.com\/wp-content\/uploads\/2025\/11\/\u56fe\u72473-1.png\",\"contentUrl\":\"https:\/\/jiushidao.com\/wp-content\/uploads\/2025\/11\/\u56fe\u72473-1.png\",\"width\":800,\"height\":800},{\"@type\":\"BreadcrumbList\",\"@id\":\"https:\/\/jiushidao.com\/product\/snow-pear-throat-clearing-beverage\/#breadcrumb\",\"itemListElement\":[{\"@type\":\"ListItem\",\"position\":1,\"name\":\"Home\",\"item\":\"https:\/\/jiushidao.com\/\"},{\"@type\":\"ListItem\",\"position\":2,\"name\":\"Store\",\"item\":\"https:\/\/jiushidao.com\/store\/\"},{\"@type\":\"ListItem\",\"position\":3,\"name\":\"Snow Pear Throat-Clearing Beverage\"}]},{\"@type\":\"WebSite\",\"@id\":\"https:\/\/jiushidao.com\/#website\",\"url\":\"https:\/\/jiushidao.com\/\",\"name\":\"Jiushidao - Global Food Marketplace for Business Growth and Cosumers\",\"description\":\"Jiushidao - Global Food Marketplace for Business Growth and Cosumers\",\"potentialAction\":[{\"@type\":\"SearchAction\",\"target\":{\"@type\":\"EntryPoint\",\"urlTemplate\":\"https:\/\/jiushidao.com\/?s={search_term_string}\"},\"query-input\":{\"@type\":\"PropertyValueSpecification\",\"valueRequired\":true,\"valueName\":\"search_term_string\"}}],\"inLanguage\":\"vi\"}]}<\/script>\n<!-- \/ Yoast SEO Premium plugin. -->","yoast_head_json":{"title":"Snow Pear Throat-Clearing Beverage - Jiushidao - Global Food Marketplace for Business Growth and Cosumers","robots":{"index":"index","follow":"follow","max-snippet":"max-snippet:-1","max-image-preview":"max-image-preview:large","max-video-preview":"max-video-preview:-1"},"canonical":"https:\/\/jiushidao.com\/vi\/san-pham\/snow-pear-throat-clearing-beverage\/","og_locale":"vi_VN","og_type":"article","og_title":"Snow Pear Throat-Clearing Beverage","og_description":"Moistens the lungs, soothes the throat, and protects the voice. Specially suited for frequent voice users (including smokers and those with chronic pharyngitis). An essential wellness [\u2026]","og_url":"https:\/\/jiushidao.com\/vi\/san-pham\/snow-pear-throat-clearing-beverage\/","og_site_name":"Jiushidao - Global Food Marketplace for Business Growth and Cosumers","article_modified_time":"2025-12-23T16:44:18+00:00","og_image":[{"width":800,"height":800,"url":"https:\/\/jiushidao.com\/wp-content\/uploads\/2025\/11\/\u56fe\u72473-1.png","type":"image\/png"}],"twitter_card":"summary_large_image","twitter_misc":{"\u01af\u1edbc t\u00ednh th\u1eddi gian \u0111\u1ecdc":"1 ph\u00fat"},"schema":{"@context":"https:\/\/schema.org","@graph":[{"@type":"WebPage","@id":"https:\/\/jiushidao.com\/product\/snow-pear-throat-clearing-beverage\/","url":"https:\/\/jiushidao.com\/product\/snow-pear-throat-clearing-beverage\/","name":"Snow Pear Throat-Clearing Beverage - Jiushidao - Global Food Marketplace for Business Growth and Cosumers","isPartOf":{"@id":"https:\/\/jiushidao.com\/#website"},"primaryImageOfPage":{"@id":"https:\/\/jiushidao.com\/product\/snow-pear-throat-clearing-beverage\/#primaryimage"},"image":{"@id":"https:\/\/jiushidao.com\/product\/snow-pear-throat-clearing-beverage\/#primaryimage"},"thumbnailUrl":"https:\/\/jiushidao.com\/wp-content\/uploads\/2025\/11\/\u56fe\u72473-1.png","datePublished":"2025-11-20T13:13:44+00:00","dateModified":"2025-12-23T16:44:18+00:00","breadcrumb":{"@id":"https:\/\/jiushidao.com\/product\/snow-pear-throat-clearing-beverage\/#breadcrumb"},"inLanguage":"vi","potentialAction":[{"@type":"ReadAction","target":["https:\/\/jiushidao.com\/product\/snow-pear-throat-clearing-beverage\/"]}]},{"@type":"ImageObject","inLanguage":"vi","@id":"https:\/\/jiushidao.com\/product\/snow-pear-throat-clearing-beverage\/#primaryimage","url":"https:\/\/jiushidao.com\/wp-content\/uploads\/2025\/11\/\u56fe\u72473-1.png","contentUrl":"https:\/\/jiushidao.com\/wp-content\/uploads\/2025\/11\/\u56fe\u72473-1.png","width":800,"height":800},{"@type":"BreadcrumbList","@id":"https:\/\/jiushidao.com\/product\/snow-pear-throat-clearing-beverage\/#breadcrumb","itemListElement":[{"@type":"ListItem","position":1,"name":"Home","item":"https:\/\/jiushidao.com\/"},{"@type":"ListItem","position":2,"name":"Store","item":"https:\/\/jiushidao.com\/store\/"},{"@type":"ListItem","position":3,"name":"Snow Pear Throat-Clearing Beverage"}]},{"@type":"WebSite","@id":"https:\/\/jiushidao.com\/#website","url":"https:\/\/jiushidao.com\/","name":"Jiushidao - Global Food Marketplace for Business Growth and Cosumers","description":"Jiushidao - Global Food Marketplace for Business Growth and Cosumers","potentialAction":[{"@type":"SearchAction","target":{"@type":"EntryPoint","urlTemplate":"https:\/\/jiushidao.com\/?s={search_term_string}"},"query-input":{"@type":"PropertyValueSpecification","valueRequired":true,"valueName":"search_term_string"}}],"inLanguage":"vi"}]}},"_links":{"self":[{"href":"https:\/\/jiushidao.com\/vi\/wp-json\/wp\/v2\/product\/1012","targetHints":{"allow":["GET"]}}],"collection":[{"href":"https:\/\/jiushidao.com\/vi\/wp-json\/wp\/v2\/product"}],"about":[{"href":"https:\/\/jiushidao.com\/vi\/wp-json\/wp\/v2\/types\/product"}],"replies":[{"embeddable":true,"href":"https:\/\/jiushidao.com\/vi\/wp-json\/wp\/v2\/comments?post=1012"}],"version-history":[{"count":1,"href":"https:\/\/jiushidao.com\/vi\/wp-json\/wp\/v2\/product\/1012\/revisions"}],"predecessor-version":[{"id":1013,"href":"https:\/\/jiushidao.com\/vi\/wp-json\/wp\/v2\/product\/1012\/revisions\/1013"}],"wp:featuredmedia":[{"embeddable":true,"href":"https:\/\/jiushidao.com\/vi\/wp-json\/wp\/v2\/media\/1040"}],"wp:attachment":[{"href":"https:\/\/jiushidao.com\/vi\/wp-json\/wp\/v2\/media?parent=1012"}],"wp:term":[{"taxonomy":"product_brand","embeddable":true,"href":"https:\/\/jiushidao.com\/vi\/wp-json\/wp\/v2\/product_brand?post=1012"},{"taxonomy":"product_cat","embeddable":true,"href":"https:\/\/jiushidao.com\/vi\/wp-json\/wp\/v2\/product_cat?post=1012"},{"taxonomy":"product_tag","embeddable":true,"href":"https:\/\/jiushidao.com\/vi\/wp-json\/wp\/v2\/product_tag?post=1012"}],"curies":[{"name":"wp","href":"https:\/\/api.w.org\/{rel}","templated":true}]}}