{"id":1010,"date":"2025-11-20T13:13:05","date_gmt":"2025-11-20T13:13:05","guid":{"rendered":"https:\/\/jiushidao.com\/?post_type=product&#038;p=1010"},"modified":"2025-12-23T16:46:09","modified_gmt":"2025-12-23T16:46:09","slug":"ganoderma-emperor-calming-beverage","status":"publish","type":"product","link":"https:\/\/jiushidao.com\/vi\/san-pham\/ganoderma-emperor-calming-beverage\/","title":{"rendered":"Linh Chi Ho\u00e0ng \u0110\u1ebf - Th\u1ee9c u\u1ed1ng an th\u1ea7n"},"content":{"rendered":"<section class=\"ybc-p\">L\u00e0m d\u1ecbu tim v\u00e0 an th\u1ea7n, th\u00fac \u0111\u1ea9y gi\u1ea5c ng\u1ee7, c\u1ea3i thi\u1ec7n ch\u1ea5t l\u01b0\u1ee3ng gi\u1ea5c ng\u1ee7. Khi s\u1ee9c s\u1ed1ng c\u1ee7a tim th\u1ec3 hi\u1ec7n \u1edf l\u00e0n da, n\u00f3 s\u1ebd mang l\u1ea1i v\u1ebb ngo\u00e0i h\u1ed3ng h\u00e0o v\u00e0 r\u1ea1ng r\u1ee1 h\u01a1n cho khu\u00f4n m\u1eb7t.<\/section>\n<section class=\"ybc-p\"><strong>L\u1ee3i \u00edch ch\u00ednh:<\/strong>\u200b<\/section>\n<ul class=\"ybc-ul-component\">\n<li class=\"ybc-li-component ybc-li-component_ul\">\n<section class=\"ybc-p\">L\u00e0m d\u1ecbu tr\u00e1i tim v\u00e0 t\u00e2m tr\u00ed \u0111\u1ec3 c\u00f3 gi\u1ea5c ng\u1ee7 ngon<\/section>\n<\/li>\n<li class=\"ybc-li-component ybc-li-component_ul\">\n<section class=\"ybc-p\">C\u1ea3i thi\u1ec7n ch\u1ea5t l\u01b0\u1ee3ng gi\u1ea5c ng\u1ee7 v\u00e0 gi\u1ea3m t\u00ecnh tr\u1ea1ng th\u1ee9c gi\u1ea5c v\u00e0o ban \u0111\u00eam<\/section>\n<\/li>\n<li class=\"ybc-li-component ybc-li-component_ul\">\n<section class=\"ybc-p\">Nu\u00f4i d\u01b0\u1ee1ng tr\u00e1i tim \u0111\u1ec3 th\u00fac \u0111\u1ea9y l\u00e0n da r\u1ea1ng r\u1ee1<\/section>\n<\/li>\n<li class=\"ybc-li-component ybc-li-component_ul\">\n<section class=\"ybc-p\">H\u1ed7 tr\u1ee3 c\u00e2n b\u1eb1ng c\u1ea3m x\u00fac v\u00e0 s\u1ef1 an t\u00e2m v\u1ec1 tinh th\u1ea7n<\/section>\n<\/li>\n<li class=\"ybc-li-component ybc-li-component_ul\">\n<section class=\"ybc-p\">T\u0103ng c\u01b0\u1eddng ch\u1ee9c n\u0103ng v\u00e0 s\u1ee9c s\u1ed1ng t\u1ed5ng th\u1ec3 c\u1ee7a tim<\/section>\n<\/li>\n<\/ul>","protected":false},"excerpt":{"rendered":"<p>L\u00e0m d\u1ecbu tim v\u00e0 an th\u1ea7n, th\u00fac \u0111\u1ea9y gi\u1ea5c ng\u1ee7, c\u1ea3i thi\u1ec7n ch\u1ea5t l\u01b0\u1ee3ng gi\u1ea5c ng\u1ee7. Khi s\u1ee9c s\u1ed1ng c\u1ee7a tim th\u1ec3 hi\u1ec7n \u1edf l\u00e0n da, n\u00f3 s\u1ebd mang l\u1ea1i v\u1ebb \u0111\u1eb9p r\u1ea1ng r\u1ee1 h\u01a1n.<span class=\"excerpt-hellip\"> [\u2026]<\/span><\/p>","protected":false},"featured_media":1039,"comment_status":"open","ping_status":"closed","template":"","meta":[],"product_brand":[],"product_cat":[66],"product_tag":[],"class_list":{"0":"post-1010","1":"product","2":"type-product","3":"status-publish","4":"has-post-thumbnail","6":"product_cat-yang_sheng_cha_bao","8":"first","9":"instock","10":"shipping-taxable","11":"product-type-external"},"yoast_head":"<!-- This site is optimized with the Yoast SEO Premium plugin v25.8 (Yoast SEO v25.8) - https:\/\/yoast.com\/wordpress\/plugins\/seo\/ -->\n<title>Ganoderma Emperor-Calming Beverage - Jiushidao - Global Food Marketplace for Business Growth and Cosumers<\/title>\n<meta name=\"robots\" content=\"index, follow, max-snippet:-1, max-image-preview:large, max-video-preview:-1\" \/>\n<link rel=\"canonical\" href=\"https:\/\/jiushidao.com\/vi\/san-pham\/ganoderma-emperor-calming-beverage\/\" \/>\n<meta property=\"og:locale\" content=\"vi_VN\" \/>\n<meta property=\"og:type\" content=\"article\" \/>\n<meta property=\"og:title\" content=\"Ganoderma Emperor-Calming Beverage\" \/>\n<meta property=\"og:description\" content=\"Calms the heart and tranquilizes the spirit to promote sleep, improving sleep quality. As the heart&#8217;s vitality manifests in the complexion, it leads to a more [\u2026]\" \/>\n<meta property=\"og:url\" content=\"https:\/\/jiushidao.com\/vi\/san-pham\/ganoderma-emperor-calming-beverage\/\" \/>\n<meta property=\"og:site_name\" content=\"Jiushidao - Global Food Marketplace for Business Growth and Cosumers\" \/>\n<meta property=\"article:modified_time\" content=\"2025-12-23T16:46:09+00:00\" \/>\n<meta property=\"og:image\" content=\"https:\/\/jiushidao.com\/wp-content\/uploads\/2025\/11\/\u56fe\u72472-1.png\" \/>\n\t<meta property=\"og:image:width\" content=\"800\" \/>\n\t<meta property=\"og:image:height\" content=\"800\" \/>\n\t<meta property=\"og:image:type\" content=\"image\/png\" \/>\n<meta name=\"twitter:card\" content=\"summary_large_image\" \/>\n<meta name=\"twitter:label1\" content=\"\u01af\u1edbc t\u00ednh th\u1eddi gian \u0111\u1ecdc\" \/>\n\t<meta name=\"twitter:data1\" content=\"1 ph\u00fat\" \/>\n<script type=\"application\/ld+json\" class=\"yoast-schema-graph\">{\"@context\":\"https:\/\/schema.org\",\"@graph\":[{\"@type\":\"WebPage\",\"@id\":\"https:\/\/jiushidao.com\/product\/ganoderma-emperor-calming-beverage\/\",\"url\":\"https:\/\/jiushidao.com\/product\/ganoderma-emperor-calming-beverage\/\",\"name\":\"Ganoderma Emperor-Calming Beverage - Jiushidao - Global Food Marketplace for Business Growth and Cosumers\",\"isPartOf\":{\"@id\":\"https:\/\/jiushidao.com\/#website\"},\"primaryImageOfPage\":{\"@id\":\"https:\/\/jiushidao.com\/product\/ganoderma-emperor-calming-beverage\/#primaryimage\"},\"image\":{\"@id\":\"https:\/\/jiushidao.com\/product\/ganoderma-emperor-calming-beverage\/#primaryimage\"},\"thumbnailUrl\":\"https:\/\/jiushidao.com\/wp-content\/uploads\/2025\/11\/\u56fe\u72472-1.png\",\"datePublished\":\"2025-11-20T13:13:05+00:00\",\"dateModified\":\"2025-12-23T16:46:09+00:00\",\"breadcrumb\":{\"@id\":\"https:\/\/jiushidao.com\/product\/ganoderma-emperor-calming-beverage\/#breadcrumb\"},\"inLanguage\":\"vi\",\"potentialAction\":[{\"@type\":\"ReadAction\",\"target\":[\"https:\/\/jiushidao.com\/product\/ganoderma-emperor-calming-beverage\/\"]}]},{\"@type\":\"ImageObject\",\"inLanguage\":\"vi\",\"@id\":\"https:\/\/jiushidao.com\/product\/ganoderma-emperor-calming-beverage\/#primaryimage\",\"url\":\"https:\/\/jiushidao.com\/wp-content\/uploads\/2025\/11\/\u56fe\u72472-1.png\",\"contentUrl\":\"https:\/\/jiushidao.com\/wp-content\/uploads\/2025\/11\/\u56fe\u72472-1.png\",\"width\":800,\"height\":800},{\"@type\":\"BreadcrumbList\",\"@id\":\"https:\/\/jiushidao.com\/product\/ganoderma-emperor-calming-beverage\/#breadcrumb\",\"itemListElement\":[{\"@type\":\"ListItem\",\"position\":1,\"name\":\"Home\",\"item\":\"https:\/\/jiushidao.com\/\"},{\"@type\":\"ListItem\",\"position\":2,\"name\":\"Store\",\"item\":\"https:\/\/jiushidao.com\/store\/\"},{\"@type\":\"ListItem\",\"position\":3,\"name\":\"Ganoderma Emperor-Calming Beverage\"}]},{\"@type\":\"WebSite\",\"@id\":\"https:\/\/jiushidao.com\/#website\",\"url\":\"https:\/\/jiushidao.com\/\",\"name\":\"Jiushidao - Global Food Marketplace for Business Growth and Cosumers\",\"description\":\"Jiushidao - Global Food Marketplace for Business Growth and Cosumers\",\"potentialAction\":[{\"@type\":\"SearchAction\",\"target\":{\"@type\":\"EntryPoint\",\"urlTemplate\":\"https:\/\/jiushidao.com\/?s={search_term_string}\"},\"query-input\":{\"@type\":\"PropertyValueSpecification\",\"valueRequired\":true,\"valueName\":\"search_term_string\"}}],\"inLanguage\":\"vi\"}]}<\/script>\n<!-- \/ Yoast SEO Premium plugin. -->","yoast_head_json":{"title":"Ganoderma Emperor-Calming Beverage - Jiushidao - Global Food Marketplace for Business Growth and Cosumers","robots":{"index":"index","follow":"follow","max-snippet":"max-snippet:-1","max-image-preview":"max-image-preview:large","max-video-preview":"max-video-preview:-1"},"canonical":"https:\/\/jiushidao.com\/vi\/san-pham\/ganoderma-emperor-calming-beverage\/","og_locale":"vi_VN","og_type":"article","og_title":"Ganoderma Emperor-Calming Beverage","og_description":"Calms the heart and tranquilizes the spirit to promote sleep, improving sleep quality. As the heart&#8217;s vitality manifests in the complexion, it leads to a more [\u2026]","og_url":"https:\/\/jiushidao.com\/vi\/san-pham\/ganoderma-emperor-calming-beverage\/","og_site_name":"Jiushidao - Global Food Marketplace for Business Growth and Cosumers","article_modified_time":"2025-12-23T16:46:09+00:00","og_image":[{"width":800,"height":800,"url":"https:\/\/jiushidao.com\/wp-content\/uploads\/2025\/11\/\u56fe\u72472-1.png","type":"image\/png"}],"twitter_card":"summary_large_image","twitter_misc":{"\u01af\u1edbc t\u00ednh th\u1eddi gian \u0111\u1ecdc":"1 ph\u00fat"},"schema":{"@context":"https:\/\/schema.org","@graph":[{"@type":"WebPage","@id":"https:\/\/jiushidao.com\/product\/ganoderma-emperor-calming-beverage\/","url":"https:\/\/jiushidao.com\/product\/ganoderma-emperor-calming-beverage\/","name":"Ganoderma Emperor-Calming Beverage - Jiushidao - Global Food Marketplace for Business Growth and Cosumers","isPartOf":{"@id":"https:\/\/jiushidao.com\/#website"},"primaryImageOfPage":{"@id":"https:\/\/jiushidao.com\/product\/ganoderma-emperor-calming-beverage\/#primaryimage"},"image":{"@id":"https:\/\/jiushidao.com\/product\/ganoderma-emperor-calming-beverage\/#primaryimage"},"thumbnailUrl":"https:\/\/jiushidao.com\/wp-content\/uploads\/2025\/11\/\u56fe\u72472-1.png","datePublished":"2025-11-20T13:13:05+00:00","dateModified":"2025-12-23T16:46:09+00:00","breadcrumb":{"@id":"https:\/\/jiushidao.com\/product\/ganoderma-emperor-calming-beverage\/#breadcrumb"},"inLanguage":"vi","potentialAction":[{"@type":"ReadAction","target":["https:\/\/jiushidao.com\/product\/ganoderma-emperor-calming-beverage\/"]}]},{"@type":"ImageObject","inLanguage":"vi","@id":"https:\/\/jiushidao.com\/product\/ganoderma-emperor-calming-beverage\/#primaryimage","url":"https:\/\/jiushidao.com\/wp-content\/uploads\/2025\/11\/\u56fe\u72472-1.png","contentUrl":"https:\/\/jiushidao.com\/wp-content\/uploads\/2025\/11\/\u56fe\u72472-1.png","width":800,"height":800},{"@type":"BreadcrumbList","@id":"https:\/\/jiushidao.com\/product\/ganoderma-emperor-calming-beverage\/#breadcrumb","itemListElement":[{"@type":"ListItem","position":1,"name":"Home","item":"https:\/\/jiushidao.com\/"},{"@type":"ListItem","position":2,"name":"Store","item":"https:\/\/jiushidao.com\/store\/"},{"@type":"ListItem","position":3,"name":"Ganoderma Emperor-Calming Beverage"}]},{"@type":"WebSite","@id":"https:\/\/jiushidao.com\/#website","url":"https:\/\/jiushidao.com\/","name":"Jiushidao - Global Food Marketplace for Business Growth and Cosumers","description":"Jiushidao - Global Food Marketplace for Business Growth and Cosumers","potentialAction":[{"@type":"SearchAction","target":{"@type":"EntryPoint","urlTemplate":"https:\/\/jiushidao.com\/?s={search_term_string}"},"query-input":{"@type":"PropertyValueSpecification","valueRequired":true,"valueName":"search_term_string"}}],"inLanguage":"vi"}]}},"_links":{"self":[{"href":"https:\/\/jiushidao.com\/vi\/wp-json\/wp\/v2\/product\/1010","targetHints":{"allow":["GET"]}}],"collection":[{"href":"https:\/\/jiushidao.com\/vi\/wp-json\/wp\/v2\/product"}],"about":[{"href":"https:\/\/jiushidao.com\/vi\/wp-json\/wp\/v2\/types\/product"}],"replies":[{"embeddable":true,"href":"https:\/\/jiushidao.com\/vi\/wp-json\/wp\/v2\/comments?post=1010"}],"version-history":[{"count":2,"href":"https:\/\/jiushidao.com\/vi\/wp-json\/wp\/v2\/product\/1010\/revisions"}],"predecessor-version":[{"id":1049,"href":"https:\/\/jiushidao.com\/vi\/wp-json\/wp\/v2\/product\/1010\/revisions\/1049"}],"wp:featuredmedia":[{"embeddable":true,"href":"https:\/\/jiushidao.com\/vi\/wp-json\/wp\/v2\/media\/1039"}],"wp:attachment":[{"href":"https:\/\/jiushidao.com\/vi\/wp-json\/wp\/v2\/media?parent=1010"}],"wp:term":[{"taxonomy":"product_brand","embeddable":true,"href":"https:\/\/jiushidao.com\/vi\/wp-json\/wp\/v2\/product_brand?post=1010"},{"taxonomy":"product_cat","embeddable":true,"href":"https:\/\/jiushidao.com\/vi\/wp-json\/wp\/v2\/product_cat?post=1010"},{"taxonomy":"product_tag","embeddable":true,"href":"https:\/\/jiushidao.com\/vi\/wp-json\/wp\/v2\/product_tag?post=1010"}],"curies":[{"name":"wp","href":"https:\/\/api.w.org\/{rel}","templated":true}]}}