{"id":1008,"date":"2025-11-20T13:11:08","date_gmt":"2025-11-20T13:11:08","guid":{"rendered":"https:\/\/jiushidao.com\/?post_type=product&#038;p=1008"},"modified":"2025-12-23T16:46:43","modified_gmt":"2025-12-23T16:46:43","slug":"mulberry-nourishing-wood-beverage","status":"publish","type":"product","link":"https:\/\/jiushidao.com\/vi\/san-pham\/mulberry-nourishing-wood-beverage\/","title":{"rendered":"Th\u1ee9c u\u1ed1ng g\u1ed7 d\u01b0\u1ee1ng sinh d\u00e2u t\u1eb1m"},"content":{"rendered":"<section class=\"ybc-p\">Nu\u00f4i d\u01b0\u1ee1ng gan, thanh nhi\u1ec7t gan, c\u1ea3i thi\u1ec7n th\u1ecb l\u1ef1c. T\u0103ng c\u01b0\u1eddng s\u1ee9c kh\u1ecfe gan, m\u1eaft v\u00e0 t\u00f3c.<\/section>\n<section class=\"ybc-p\"><strong>L\u1ee3i \u00edch ch\u00ednh:<\/strong>\u200b<\/section>\n<ul class=\"ybc-ul-component\">\n<li class=\"ybc-li-component ybc-li-component_ul\">\n<section class=\"ybc-p\">Nu\u00f4i d\u01b0\u1ee1ng m\u00e1u gan v\u00e0 \u00e2m<\/section>\n<\/li>\n<li class=\"ybc-li-component ybc-li-component_ul\">\n<section class=\"ybc-p\">Thanh nhi\u1ec7t gan, gi\u1ea3m kh\u00f4 gan<\/section>\n<\/li>\n<li class=\"ybc-li-component ybc-li-component_ul\">\n<section class=\"ybc-p\">C\u1ea3i thi\u1ec7n th\u1ecb l\u1ef1c v\u00e0 s\u1ef1 tho\u1ea3i m\u00e1i cho m\u1eaft<\/section>\n<\/li>\n<li class=\"ybc-li-component ybc-li-component_ul\">\n<section class=\"ybc-p\">Th\u00fac \u0111\u1ea9y m\u00e1i t\u00f3c kh\u1ecfe m\u1ea1nh, b\u00f3ng m\u01b0\u1ee3t<\/section>\n<\/li>\n<li class=\"ybc-li-component ybc-li-component_ul\">\n<section class=\"ybc-p\">C\u00e2n b\u1eb1ng ch\u1ee9c n\u0103ng gan cho s\u1ee9c kh\u1ecfe t\u1ed5ng th\u1ec3<\/section>\n<\/li>\n<\/ul>","protected":false},"excerpt":{"rendered":"<p>Nu\u00f4i d\u01b0\u1ee1ng gan, thanh nhi\u1ec7t gan, c\u1ea3i thi\u1ec7n th\u1ecb l\u1ef1c. T\u0103ng c\u01b0\u1eddng s\u1ee9c kh\u1ecfe gan, m\u1eaft v\u00e0 t\u00f3c. C\u00f4ng d\u1ee5ng ch\u00ednh: Nu\u00f4i d\u01b0\u1ee1ng huy\u1ebft v\u00e0 \u00e2m gan. Thanh nhi\u1ec7t gan v\u00e0<span class=\"excerpt-hellip\"> [\u2026]<\/span><\/p>","protected":false},"featured_media":1038,"comment_status":"open","ping_status":"closed","template":"","meta":[],"product_brand":[],"product_cat":[66],"product_tag":[],"class_list":{"0":"post-1008","1":"product","2":"type-product","3":"status-publish","4":"has-post-thumbnail","6":"product_cat-yang_sheng_cha_bao","8":"first","9":"instock","10":"shipping-taxable","11":"product-type-external"},"yoast_head":"<!-- This site is optimized with the Yoast SEO Premium plugin v25.8 (Yoast SEO v25.8) - https:\/\/yoast.com\/wordpress\/plugins\/seo\/ -->\n<title>Mulberry Nourishing Wood Beverage - Jiushidao - Global Food Marketplace for Business Growth and Cosumers<\/title>\n<meta name=\"robots\" content=\"index, follow, max-snippet:-1, max-image-preview:large, max-video-preview:-1\" \/>\n<link rel=\"canonical\" href=\"https:\/\/jiushidao.com\/vi\/san-pham\/mulberry-nourishing-wood-beverage\/\" \/>\n<meta property=\"og:locale\" content=\"vi_VN\" \/>\n<meta property=\"og:type\" content=\"article\" \/>\n<meta property=\"og:title\" content=\"Mulberry Nourishing Wood Beverage\" \/>\n<meta property=\"og:description\" content=\"Nourishes the liver, clears liver heat, and improves vision. Promotes liver, eye, and hair health. Key Benefits:\u200b Nourishes liver blood and yin Clears liver heat and [\u2026]\" \/>\n<meta property=\"og:url\" content=\"https:\/\/jiushidao.com\/vi\/san-pham\/mulberry-nourishing-wood-beverage\/\" \/>\n<meta property=\"og:site_name\" content=\"Jiushidao - Global Food Marketplace for Business Growth and Cosumers\" \/>\n<meta property=\"article:modified_time\" content=\"2025-12-23T16:46:43+00:00\" \/>\n<meta property=\"og:image\" content=\"https:\/\/jiushidao.com\/wp-content\/uploads\/2025\/11\/\u56fe\u72471-1.png\" \/>\n\t<meta property=\"og:image:width\" content=\"800\" \/>\n\t<meta property=\"og:image:height\" content=\"800\" \/>\n\t<meta property=\"og:image:type\" content=\"image\/png\" \/>\n<meta name=\"twitter:card\" content=\"summary_large_image\" \/>\n<meta name=\"twitter:label1\" content=\"\u01af\u1edbc t\u00ednh th\u1eddi gian \u0111\u1ecdc\" \/>\n\t<meta name=\"twitter:data1\" content=\"1 ph\u00fat\" \/>\n<script type=\"application\/ld+json\" class=\"yoast-schema-graph\">{\"@context\":\"https:\/\/schema.org\",\"@graph\":[{\"@type\":\"WebPage\",\"@id\":\"https:\/\/jiushidao.com\/product\/mulberry-nourishing-wood-beverage\/\",\"url\":\"https:\/\/jiushidao.com\/product\/mulberry-nourishing-wood-beverage\/\",\"name\":\"Mulberry Nourishing Wood Beverage - Jiushidao - Global Food Marketplace for Business Growth and Cosumers\",\"isPartOf\":{\"@id\":\"https:\/\/jiushidao.com\/#website\"},\"primaryImageOfPage\":{\"@id\":\"https:\/\/jiushidao.com\/product\/mulberry-nourishing-wood-beverage\/#primaryimage\"},\"image\":{\"@id\":\"https:\/\/jiushidao.com\/product\/mulberry-nourishing-wood-beverage\/#primaryimage\"},\"thumbnailUrl\":\"https:\/\/jiushidao.com\/wp-content\/uploads\/2025\/11\/\u56fe\u72471-1.png\",\"datePublished\":\"2025-11-20T13:11:08+00:00\",\"dateModified\":\"2025-12-23T16:46:43+00:00\",\"breadcrumb\":{\"@id\":\"https:\/\/jiushidao.com\/product\/mulberry-nourishing-wood-beverage\/#breadcrumb\"},\"inLanguage\":\"vi\",\"potentialAction\":[{\"@type\":\"ReadAction\",\"target\":[\"https:\/\/jiushidao.com\/product\/mulberry-nourishing-wood-beverage\/\"]}]},{\"@type\":\"ImageObject\",\"inLanguage\":\"vi\",\"@id\":\"https:\/\/jiushidao.com\/product\/mulberry-nourishing-wood-beverage\/#primaryimage\",\"url\":\"https:\/\/jiushidao.com\/wp-content\/uploads\/2025\/11\/\u56fe\u72471-1.png\",\"contentUrl\":\"https:\/\/jiushidao.com\/wp-content\/uploads\/2025\/11\/\u56fe\u72471-1.png\",\"width\":800,\"height\":800},{\"@type\":\"BreadcrumbList\",\"@id\":\"https:\/\/jiushidao.com\/product\/mulberry-nourishing-wood-beverage\/#breadcrumb\",\"itemListElement\":[{\"@type\":\"ListItem\",\"position\":1,\"name\":\"Home\",\"item\":\"https:\/\/jiushidao.com\/\"},{\"@type\":\"ListItem\",\"position\":2,\"name\":\"Store\",\"item\":\"https:\/\/jiushidao.com\/store\/\"},{\"@type\":\"ListItem\",\"position\":3,\"name\":\"Mulberry Nourishing Wood Beverage\"}]},{\"@type\":\"WebSite\",\"@id\":\"https:\/\/jiushidao.com\/#website\",\"url\":\"https:\/\/jiushidao.com\/\",\"name\":\"Jiushidao - Global Food Marketplace for Business Growth and Cosumers\",\"description\":\"Jiushidao - Global Food Marketplace for Business Growth and Cosumers\",\"potentialAction\":[{\"@type\":\"SearchAction\",\"target\":{\"@type\":\"EntryPoint\",\"urlTemplate\":\"https:\/\/jiushidao.com\/?s={search_term_string}\"},\"query-input\":{\"@type\":\"PropertyValueSpecification\",\"valueRequired\":true,\"valueName\":\"search_term_string\"}}],\"inLanguage\":\"vi\"}]}<\/script>\n<!-- \/ Yoast SEO Premium plugin. -->","yoast_head_json":{"title":"Mulberry Nourishing Wood Beverage - Jiushidao - Global Food Marketplace for Business Growth and Cosumers","robots":{"index":"index","follow":"follow","max-snippet":"max-snippet:-1","max-image-preview":"max-image-preview:large","max-video-preview":"max-video-preview:-1"},"canonical":"https:\/\/jiushidao.com\/vi\/san-pham\/mulberry-nourishing-wood-beverage\/","og_locale":"vi_VN","og_type":"article","og_title":"Mulberry Nourishing Wood Beverage","og_description":"Nourishes the liver, clears liver heat, and improves vision. Promotes liver, eye, and hair health. Key Benefits:\u200b Nourishes liver blood and yin Clears liver heat and [\u2026]","og_url":"https:\/\/jiushidao.com\/vi\/san-pham\/mulberry-nourishing-wood-beverage\/","og_site_name":"Jiushidao - Global Food Marketplace for Business Growth and Cosumers","article_modified_time":"2025-12-23T16:46:43+00:00","og_image":[{"width":800,"height":800,"url":"https:\/\/jiushidao.com\/wp-content\/uploads\/2025\/11\/\u56fe\u72471-1.png","type":"image\/png"}],"twitter_card":"summary_large_image","twitter_misc":{"\u01af\u1edbc t\u00ednh th\u1eddi gian \u0111\u1ecdc":"1 ph\u00fat"},"schema":{"@context":"https:\/\/schema.org","@graph":[{"@type":"WebPage","@id":"https:\/\/jiushidao.com\/product\/mulberry-nourishing-wood-beverage\/","url":"https:\/\/jiushidao.com\/product\/mulberry-nourishing-wood-beverage\/","name":"Mulberry Nourishing Wood Beverage - Jiushidao - Global Food Marketplace for Business Growth and Cosumers","isPartOf":{"@id":"https:\/\/jiushidao.com\/#website"},"primaryImageOfPage":{"@id":"https:\/\/jiushidao.com\/product\/mulberry-nourishing-wood-beverage\/#primaryimage"},"image":{"@id":"https:\/\/jiushidao.com\/product\/mulberry-nourishing-wood-beverage\/#primaryimage"},"thumbnailUrl":"https:\/\/jiushidao.com\/wp-content\/uploads\/2025\/11\/\u56fe\u72471-1.png","datePublished":"2025-11-20T13:11:08+00:00","dateModified":"2025-12-23T16:46:43+00:00","breadcrumb":{"@id":"https:\/\/jiushidao.com\/product\/mulberry-nourishing-wood-beverage\/#breadcrumb"},"inLanguage":"vi","potentialAction":[{"@type":"ReadAction","target":["https:\/\/jiushidao.com\/product\/mulberry-nourishing-wood-beverage\/"]}]},{"@type":"ImageObject","inLanguage":"vi","@id":"https:\/\/jiushidao.com\/product\/mulberry-nourishing-wood-beverage\/#primaryimage","url":"https:\/\/jiushidao.com\/wp-content\/uploads\/2025\/11\/\u56fe\u72471-1.png","contentUrl":"https:\/\/jiushidao.com\/wp-content\/uploads\/2025\/11\/\u56fe\u72471-1.png","width":800,"height":800},{"@type":"BreadcrumbList","@id":"https:\/\/jiushidao.com\/product\/mulberry-nourishing-wood-beverage\/#breadcrumb","itemListElement":[{"@type":"ListItem","position":1,"name":"Home","item":"https:\/\/jiushidao.com\/"},{"@type":"ListItem","position":2,"name":"Store","item":"https:\/\/jiushidao.com\/store\/"},{"@type":"ListItem","position":3,"name":"Mulberry Nourishing Wood Beverage"}]},{"@type":"WebSite","@id":"https:\/\/jiushidao.com\/#website","url":"https:\/\/jiushidao.com\/","name":"Jiushidao - Global Food Marketplace for Business Growth and Cosumers","description":"Jiushidao - Global Food Marketplace for Business Growth and Cosumers","potentialAction":[{"@type":"SearchAction","target":{"@type":"EntryPoint","urlTemplate":"https:\/\/jiushidao.com\/?s={search_term_string}"},"query-input":{"@type":"PropertyValueSpecification","valueRequired":true,"valueName":"search_term_string"}}],"inLanguage":"vi"}]}},"_links":{"self":[{"href":"https:\/\/jiushidao.com\/vi\/wp-json\/wp\/v2\/product\/1008","targetHints":{"allow":["GET"]}}],"collection":[{"href":"https:\/\/jiushidao.com\/vi\/wp-json\/wp\/v2\/product"}],"about":[{"href":"https:\/\/jiushidao.com\/vi\/wp-json\/wp\/v2\/types\/product"}],"replies":[{"embeddable":true,"href":"https:\/\/jiushidao.com\/vi\/wp-json\/wp\/v2\/comments?post=1008"}],"version-history":[{"count":1,"href":"https:\/\/jiushidao.com\/vi\/wp-json\/wp\/v2\/product\/1008\/revisions"}],"predecessor-version":[{"id":1009,"href":"https:\/\/jiushidao.com\/vi\/wp-json\/wp\/v2\/product\/1008\/revisions\/1009"}],"wp:featuredmedia":[{"embeddable":true,"href":"https:\/\/jiushidao.com\/vi\/wp-json\/wp\/v2\/media\/1038"}],"wp:attachment":[{"href":"https:\/\/jiushidao.com\/vi\/wp-json\/wp\/v2\/media?parent=1008"}],"wp:term":[{"taxonomy":"product_brand","embeddable":true,"href":"https:\/\/jiushidao.com\/vi\/wp-json\/wp\/v2\/product_brand?post=1008"},{"taxonomy":"product_cat","embeddable":true,"href":"https:\/\/jiushidao.com\/vi\/wp-json\/wp\/v2\/product_cat?post=1008"},{"taxonomy":"product_tag","embeddable":true,"href":"https:\/\/jiushidao.com\/vi\/wp-json\/wp\/v2\/product_tag?post=1008"}],"curies":[{"name":"wp","href":"https:\/\/api.w.org\/{rel}","templated":true}]}}