{"id":1003,"date":"2025-11-20T12:57:54","date_gmt":"2025-11-20T12:57:54","guid":{"rendered":"https:\/\/jiushidao.com\/?post_type=product&#038;p=1003"},"modified":"2025-12-23T16:51:17","modified_gmt":"2025-12-23T16:51:17","slug":"si-wu-paste","status":"publish","type":"product","link":"https:\/\/jiushidao.com\/vi\/san-pham\/si-wu-paste\/","title":{"rendered":"T\u1ee9 Ng\u00f4 D\u00e1n"},"content":{"rendered":"<section class=\"ybc-p\">K\u00edch th\u00edch m\u1ea1nh m\u1ebd l\u01b0u th\u00f4ng m\u00e1u v\u00e0 gi\u1ea3i quy\u1ebft t\u00ecnh tr\u1ea1ng \u1ee9 tr\u1ec7. C\u1ea3i thi\u1ec7n hi\u1ec7u qu\u1ea3 c\u00e1c tri\u1ec7u ch\u1ee9ng nh\u01b0 t\u0129nh m\u1ea1ch d\u01b0\u1edbi l\u01b0\u1ee1i n\u1ed5i r\u00f5, d\u1ec5 b\u1ea7m t\u00edm v\u00e0 \u0111au b\u1ee5ng kinh. Ngo\u00e0i ra, c\u00f2n gi\u00fap l\u00e0m m\u1edd t\u00ecnh tr\u1ea1ng t\u0103ng s\u1eafc t\u1ed1 do \u1ee9 tr\u1ec7 m\u00e1u. Th\u00fac \u0111\u1ea9y sinh l\u1ef1c t\u1ed5ng th\u1ec3 b\u1eb1ng c\u00e1ch \u0111i\u1ec1u h\u00f2a kh\u00ed huy\u1ebft.<\/section>\n<section class=\"ybc-p\"><strong>L\u1ee3i \u00edch ch\u00ednh:<\/strong>\u200b<\/section>\n<ul class=\"ybc-ul-component\">\n<li class=\"ybc-li-component ybc-li-component_ul\">\n<section class=\"ybc-p\">T\u0103ng c\u01b0\u1eddng l\u01b0u th\u00f4ng m\u00e1u m\u1ea1nh m\u1ebd<\/section>\n<\/li>\n<li class=\"ybc-li-component ybc-li-component_ul\">\n<section class=\"ybc-p\">Gi\u1ea3m b\u1ea7m t\u00edm v\u00e0 \u0111au b\u1ee5ng kinh<\/section>\n<\/li>\n<li class=\"ybc-li-component ybc-li-component_ul\">\n<section class=\"ybc-p\">C\u1ea3i thi\u1ec7n h\u00ecnh \u1ea3nh t\u0129nh m\u1ea1ch d\u01b0\u1edbi l\u01b0\u1ee1i<\/section>\n<\/li>\n<li class=\"ybc-li-component ybc-li-component_ul\">\n<section class=\"ybc-p\">L\u00e0m m\u1edd s\u1eafc t\u1ed1 do \u1ee9 m\u00e1u<\/section>\n<\/li>\n<li class=\"ybc-li-component ybc-li-component_ul\">\n<section class=\"ybc-p\">T\u0103ng c\u01b0\u1eddng n\u0103ng l\u01b0\u1ee3ng v\u00e0 s\u1ee9c s\u1ed1ng t\u1ed5ng th\u1ec3<\/section>\n<\/li>\n<\/ul>","protected":false},"excerpt":{"rendered":"<p>K\u00edch ho\u1ea1t m\u1ea1nh m\u1ebd tu\u1ea7n ho\u00e0n m\u00e1u v\u00e0 gi\u1ea3i quy\u1ebft t\u00ecnh tr\u1ea1ng \u1ee9 m\u00e1u. C\u1ea3i thi\u1ec7n hi\u1ec7u qu\u1ea3 c\u00e1c tri\u1ec7u ch\u1ee9ng nh\u01b0 t\u0129nh m\u1ea1ch d\u01b0\u1edbi l\u01b0\u1ee1i n\u1ed5i r\u00f5, d\u1ec5 b\u1ea7m t\u00edm v\u00e0 \u0111au b\u1ee5ng kinh. Ngo\u00e0i ra, s\u1ea3n ph\u1ea9m c\u00f2n gi\u00fap l\u00e0m m\u1edd t\u00ecnh tr\u1ea1ng t\u0103ng s\u1eafc t\u1ed1 do<span class=\"excerpt-hellip\"> [\u2026]<\/span><\/p>","protected":false},"featured_media":1036,"comment_status":"open","ping_status":"closed","template":"","meta":[],"product_brand":[],"product_cat":[65],"product_tag":[],"class_list":{"0":"post-1003","1":"product","2":"type-product","3":"status-publish","4":"has-post-thumbnail","6":"product_cat-rui_shan_tang","8":"first","9":"instock","10":"shipping-taxable","11":"product-type-external"},"yoast_head":"<!-- This site is optimized with the Yoast SEO Premium plugin v25.8 (Yoast SEO v25.8) - https:\/\/yoast.com\/wordpress\/plugins\/seo\/ -->\n<title>Si Wu Paste - Jiushidao - Global Food Marketplace for Business Growth and Cosumers<\/title>\n<meta name=\"robots\" content=\"index, follow, max-snippet:-1, max-image-preview:large, max-video-preview:-1\" \/>\n<link rel=\"canonical\" href=\"https:\/\/jiushidao.com\/vi\/san-pham\/si-wu-paste\/\" \/>\n<meta property=\"og:locale\" content=\"vi_VN\" \/>\n<meta property=\"og:type\" content=\"article\" \/>\n<meta property=\"og:title\" content=\"Si Wu Paste\" \/>\n<meta property=\"og:description\" content=\"Strongly activates blood circulation and resolves blood stasis. Effectively improves symptoms such as prominent sublingual veins, easy bruising, and dysmenorrhea. Also helps fade hyperpigmentation caused by [\u2026]\" \/>\n<meta property=\"og:url\" content=\"https:\/\/jiushidao.com\/vi\/san-pham\/si-wu-paste\/\" \/>\n<meta property=\"og:site_name\" content=\"Jiushidao - Global Food Marketplace for Business Growth and Cosumers\" \/>\n<meta property=\"article:modified_time\" content=\"2025-12-23T16:51:17+00:00\" \/>\n<meta property=\"og:image\" content=\"https:\/\/jiushidao.com\/wp-content\/uploads\/2025\/11\/\u56fe\u724714.png\" \/>\n\t<meta property=\"og:image:width\" content=\"800\" \/>\n\t<meta property=\"og:image:height\" content=\"800\" \/>\n\t<meta property=\"og:image:type\" content=\"image\/png\" \/>\n<meta name=\"twitter:card\" content=\"summary_large_image\" \/>\n<meta name=\"twitter:label1\" content=\"\u01af\u1edbc t\u00ednh th\u1eddi gian \u0111\u1ecdc\" \/>\n\t<meta name=\"twitter:data1\" content=\"1 ph\u00fat\" \/>\n<script type=\"application\/ld+json\" class=\"yoast-schema-graph\">{\"@context\":\"https:\/\/schema.org\",\"@graph\":[{\"@type\":\"WebPage\",\"@id\":\"https:\/\/jiushidao.com\/product\/si-wu-paste\/\",\"url\":\"https:\/\/jiushidao.com\/product\/si-wu-paste\/\",\"name\":\"Si Wu Paste - Jiushidao - Global Food Marketplace for Business Growth and Cosumers\",\"isPartOf\":{\"@id\":\"https:\/\/jiushidao.com\/#website\"},\"primaryImageOfPage\":{\"@id\":\"https:\/\/jiushidao.com\/product\/si-wu-paste\/#primaryimage\"},\"image\":{\"@id\":\"https:\/\/jiushidao.com\/product\/si-wu-paste\/#primaryimage\"},\"thumbnailUrl\":\"https:\/\/jiushidao.com\/wp-content\/uploads\/2025\/11\/\u56fe\u724714.png\",\"datePublished\":\"2025-11-20T12:57:54+00:00\",\"dateModified\":\"2025-12-23T16:51:17+00:00\",\"breadcrumb\":{\"@id\":\"https:\/\/jiushidao.com\/product\/si-wu-paste\/#breadcrumb\"},\"inLanguage\":\"vi\",\"potentialAction\":[{\"@type\":\"ReadAction\",\"target\":[\"https:\/\/jiushidao.com\/product\/si-wu-paste\/\"]}]},{\"@type\":\"ImageObject\",\"inLanguage\":\"vi\",\"@id\":\"https:\/\/jiushidao.com\/product\/si-wu-paste\/#primaryimage\",\"url\":\"https:\/\/jiushidao.com\/wp-content\/uploads\/2025\/11\/\u56fe\u724714.png\",\"contentUrl\":\"https:\/\/jiushidao.com\/wp-content\/uploads\/2025\/11\/\u56fe\u724714.png\",\"width\":800,\"height\":800},{\"@type\":\"BreadcrumbList\",\"@id\":\"https:\/\/jiushidao.com\/product\/si-wu-paste\/#breadcrumb\",\"itemListElement\":[{\"@type\":\"ListItem\",\"position\":1,\"name\":\"Home\",\"item\":\"https:\/\/jiushidao.com\/\"},{\"@type\":\"ListItem\",\"position\":2,\"name\":\"Store\",\"item\":\"https:\/\/jiushidao.com\/store\/\"},{\"@type\":\"ListItem\",\"position\":3,\"name\":\"Si Wu Paste\"}]},{\"@type\":\"WebSite\",\"@id\":\"https:\/\/jiushidao.com\/#website\",\"url\":\"https:\/\/jiushidao.com\/\",\"name\":\"Jiushidao - Global Food Marketplace for Business Growth and Cosumers\",\"description\":\"Jiushidao - Global Food Marketplace for Business Growth and Cosumers\",\"potentialAction\":[{\"@type\":\"SearchAction\",\"target\":{\"@type\":\"EntryPoint\",\"urlTemplate\":\"https:\/\/jiushidao.com\/?s={search_term_string}\"},\"query-input\":{\"@type\":\"PropertyValueSpecification\",\"valueRequired\":true,\"valueName\":\"search_term_string\"}}],\"inLanguage\":\"vi\"}]}<\/script>\n<!-- \/ Yoast SEO Premium plugin. -->","yoast_head_json":{"title":"Si Wu Paste - Jiushidao - Global Food Marketplace for Business Growth and Cosumers","robots":{"index":"index","follow":"follow","max-snippet":"max-snippet:-1","max-image-preview":"max-image-preview:large","max-video-preview":"max-video-preview:-1"},"canonical":"https:\/\/jiushidao.com\/vi\/san-pham\/si-wu-paste\/","og_locale":"vi_VN","og_type":"article","og_title":"Si Wu Paste","og_description":"Strongly activates blood circulation and resolves blood stasis. Effectively improves symptoms such as prominent sublingual veins, easy bruising, and dysmenorrhea. Also helps fade hyperpigmentation caused by [\u2026]","og_url":"https:\/\/jiushidao.com\/vi\/san-pham\/si-wu-paste\/","og_site_name":"Jiushidao - Global Food Marketplace for Business Growth and Cosumers","article_modified_time":"2025-12-23T16:51:17+00:00","og_image":[{"width":800,"height":800,"url":"https:\/\/jiushidao.com\/wp-content\/uploads\/2025\/11\/\u56fe\u724714.png","type":"image\/png"}],"twitter_card":"summary_large_image","twitter_misc":{"\u01af\u1edbc t\u00ednh th\u1eddi gian \u0111\u1ecdc":"1 ph\u00fat"},"schema":{"@context":"https:\/\/schema.org","@graph":[{"@type":"WebPage","@id":"https:\/\/jiushidao.com\/product\/si-wu-paste\/","url":"https:\/\/jiushidao.com\/product\/si-wu-paste\/","name":"Si Wu Paste - Jiushidao - Global Food Marketplace for Business Growth and Cosumers","isPartOf":{"@id":"https:\/\/jiushidao.com\/#website"},"primaryImageOfPage":{"@id":"https:\/\/jiushidao.com\/product\/si-wu-paste\/#primaryimage"},"image":{"@id":"https:\/\/jiushidao.com\/product\/si-wu-paste\/#primaryimage"},"thumbnailUrl":"https:\/\/jiushidao.com\/wp-content\/uploads\/2025\/11\/\u56fe\u724714.png","datePublished":"2025-11-20T12:57:54+00:00","dateModified":"2025-12-23T16:51:17+00:00","breadcrumb":{"@id":"https:\/\/jiushidao.com\/product\/si-wu-paste\/#breadcrumb"},"inLanguage":"vi","potentialAction":[{"@type":"ReadAction","target":["https:\/\/jiushidao.com\/product\/si-wu-paste\/"]}]},{"@type":"ImageObject","inLanguage":"vi","@id":"https:\/\/jiushidao.com\/product\/si-wu-paste\/#primaryimage","url":"https:\/\/jiushidao.com\/wp-content\/uploads\/2025\/11\/\u56fe\u724714.png","contentUrl":"https:\/\/jiushidao.com\/wp-content\/uploads\/2025\/11\/\u56fe\u724714.png","width":800,"height":800},{"@type":"BreadcrumbList","@id":"https:\/\/jiushidao.com\/product\/si-wu-paste\/#breadcrumb","itemListElement":[{"@type":"ListItem","position":1,"name":"Home","item":"https:\/\/jiushidao.com\/"},{"@type":"ListItem","position":2,"name":"Store","item":"https:\/\/jiushidao.com\/store\/"},{"@type":"ListItem","position":3,"name":"Si Wu Paste"}]},{"@type":"WebSite","@id":"https:\/\/jiushidao.com\/#website","url":"https:\/\/jiushidao.com\/","name":"Jiushidao - Global Food Marketplace for Business Growth and Cosumers","description":"Jiushidao - Global Food Marketplace for Business Growth and Cosumers","potentialAction":[{"@type":"SearchAction","target":{"@type":"EntryPoint","urlTemplate":"https:\/\/jiushidao.com\/?s={search_term_string}"},"query-input":{"@type":"PropertyValueSpecification","valueRequired":true,"valueName":"search_term_string"}}],"inLanguage":"vi"}]}},"_links":{"self":[{"href":"https:\/\/jiushidao.com\/vi\/wp-json\/wp\/v2\/product\/1003","targetHints":{"allow":["GET"]}}],"collection":[{"href":"https:\/\/jiushidao.com\/vi\/wp-json\/wp\/v2\/product"}],"about":[{"href":"https:\/\/jiushidao.com\/vi\/wp-json\/wp\/v2\/types\/product"}],"replies":[{"embeddable":true,"href":"https:\/\/jiushidao.com\/vi\/wp-json\/wp\/v2\/comments?post=1003"}],"version-history":[{"count":1,"href":"https:\/\/jiushidao.com\/vi\/wp-json\/wp\/v2\/product\/1003\/revisions"}],"predecessor-version":[{"id":1004,"href":"https:\/\/jiushidao.com\/vi\/wp-json\/wp\/v2\/product\/1003\/revisions\/1004"}],"wp:featuredmedia":[{"embeddable":true,"href":"https:\/\/jiushidao.com\/vi\/wp-json\/wp\/v2\/media\/1036"}],"wp:attachment":[{"href":"https:\/\/jiushidao.com\/vi\/wp-json\/wp\/v2\/media?parent=1003"}],"wp:term":[{"taxonomy":"product_brand","embeddable":true,"href":"https:\/\/jiushidao.com\/vi\/wp-json\/wp\/v2\/product_brand?post=1003"},{"taxonomy":"product_cat","embeddable":true,"href":"https:\/\/jiushidao.com\/vi\/wp-json\/wp\/v2\/product_cat?post=1003"},{"taxonomy":"product_tag","embeddable":true,"href":"https:\/\/jiushidao.com\/vi\/wp-json\/wp\/v2\/product_tag?post=1003"}],"curies":[{"name":"wp","href":"https:\/\/api.w.org\/{rel}","templated":true}]}}