{"id":1001,"date":"2025-11-20T12:52:52","date_gmt":"2025-11-20T12:52:52","guid":{"rendered":"https:\/\/jiushidao.com\/?post_type=product&#038;p=1001"},"modified":"2025-12-23T16:51:48","modified_gmt":"2025-12-23T16:51:48","slug":"ginger-and-poria-cocos-paste","status":"publish","type":"product","link":"https:\/\/jiushidao.com\/vi\/san-pham\/ginger-and-poria-cocos-paste\/","title":{"rendered":"B\u1ed9t g\u1eebng v\u00e0 ph\u1ee5c linh"},"content":{"rendered":"<section class=\"ybc-p\">\n<section class=\"ybc-p\">Thanh nhi\u1ec7t, tr\u1eeb th\u1ea5p, \u0111i\u1ec1u h\u00f2a t\u1ef3 v\u1ecb. C\u1ea3i thi\u1ec7n hi\u1ec7u qu\u1ea3 c\u00e1c tri\u1ec7u ch\u1ee9ng nh\u01b0 kh\u00f4ng ch\u1ecbu \u0111\u01b0\u1ee3c l\u1ea1nh, tay ch\u00e2n l\u1ea1nh, ph\u00e2n l\u1ecfng. Gi\u1ea3m ngh\u1eb9t m\u0169i v\u00e0 h\u1eaft h\u01a1i do l\u1ea1nh-th\u1ea5p. L\u00e0m \u1ea5m t\u1ef3 v\u1ecb, th\u00fac \u0111\u1ea9y ti\u00eau h\u00f3a kh\u1ecfe m\u1ea1nh.<\/section>\n<section class=\"ybc-p\"><strong>L\u1ee3i \u00edch ch\u00ednh:<\/strong>\u200b<\/section>\n<ul class=\"ybc-ul-component\">\n<li class=\"ybc-li-component ybc-li-component_ul\">\n<section class=\"ybc-p\">Xua tan c\u00e1i l\u1ea1nh v\u00e0 l\u00e0m \u1ea5m c\u01a1 th\u1ec3<\/section>\n<\/li>\n<li class=\"ybc-li-component ybc-li-component_ul\">\n<section class=\"ybc-p\">Lo\u1ea1i b\u1ecf \u0111\u1ed9 \u1ea9m \u0111\u1ec3 gi\u1ea3m \u0111\u1ed9 n\u1eb7ng<\/section>\n<\/li>\n<li class=\"ybc-li-component ybc-li-component_ul\">\n<section class=\"ybc-p\">C\u1ea3i thi\u1ec7n ch\u1ee9c n\u0103ng ti\u00eau h\u00f3a<\/section>\n<\/li>\n<li class=\"ybc-li-component ybc-li-component_ul\">\n<section class=\"ybc-p\">Gi\u1ea3m c\u00e1c tri\u1ec7u ch\u1ee9ng h\u00f4 h\u1ea5p li\u00ean quan \u0111\u1ebfn c\u1ea3m l\u1ea1nh<\/section>\n<\/li>\n<li class=\"ybc-li-component ybc-li-component_ul\">\n<section class=\"ybc-p\">Th\u00fac \u0111\u1ea9y s\u1ef1 \u1ea5m \u00e1p v\u00e0 tho\u1ea3i m\u00e1i t\u1ed5ng th\u1ec3<\/section>\n<\/li>\n<\/ul>\n<\/section>","protected":false},"excerpt":{"rendered":"<p>Thanh nhi\u1ec7t, tr\u1eeb th\u1ea5p, \u0111i\u1ec1u h\u00f2a t\u1ef3 v\u1ecb, c\u1ea3i thi\u1ec7n hi\u1ec7u qu\u1ea3 c\u00e1c tri\u1ec7u ch\u1ee9ng nh\u01b0 kh\u00f4ng ch\u1ecbu \u0111\u01b0\u1ee3c l\u1ea1nh, tay ch\u00e2n l\u1ea1nh, ph\u00e2n l\u1ecfng.<span class=\"excerpt-hellip\"> [\u2026]<\/span><\/p>","protected":false},"featured_media":1035,"comment_status":"open","ping_status":"closed","template":"","meta":[],"product_brand":[],"product_cat":[65],"product_tag":[],"class_list":{"0":"post-1001","1":"product","2":"type-product","3":"status-publish","4":"has-post-thumbnail","6":"product_cat-rui_shan_tang","8":"first","9":"instock","10":"shipping-taxable","11":"product-type-external"},"yoast_head":"<!-- This site is optimized with the Yoast SEO Premium plugin v25.8 (Yoast SEO v25.8) - https:\/\/yoast.com\/wordpress\/plugins\/seo\/ -->\n<title>Ginger and Poria Cocos Paste - Jiushidao - Global Food Marketplace for Business Growth and Cosumers<\/title>\n<meta name=\"robots\" content=\"index, follow, max-snippet:-1, max-image-preview:large, max-video-preview:-1\" \/>\n<link rel=\"canonical\" href=\"https:\/\/jiushidao.com\/vi\/san-pham\/ginger-and-poria-cocos-paste\/\" \/>\n<meta property=\"og:locale\" content=\"vi_VN\" \/>\n<meta property=\"og:type\" content=\"article\" \/>\n<meta property=\"og:title\" content=\"Ginger and Poria Cocos Paste\" \/>\n<meta property=\"og:description\" content=\"Dispels cold, eliminates dampness, and regulates the spleen and stomach. Effectively improves symptoms such as cold intolerance, cold hands and feet, and loose stools. Relieves nasal [\u2026]\" \/>\n<meta property=\"og:url\" content=\"https:\/\/jiushidao.com\/vi\/san-pham\/ginger-and-poria-cocos-paste\/\" \/>\n<meta property=\"og:site_name\" content=\"Jiushidao - Global Food Marketplace for Business Growth and Cosumers\" \/>\n<meta property=\"article:modified_time\" content=\"2025-12-23T16:51:48+00:00\" \/>\n<meta property=\"og:image\" content=\"https:\/\/jiushidao.com\/wp-content\/uploads\/2025\/11\/\u56fe\u724713.png\" \/>\n\t<meta property=\"og:image:width\" content=\"800\" \/>\n\t<meta property=\"og:image:height\" content=\"800\" \/>\n\t<meta property=\"og:image:type\" content=\"image\/png\" \/>\n<meta name=\"twitter:card\" content=\"summary_large_image\" \/>\n<meta name=\"twitter:label1\" content=\"\u01af\u1edbc t\u00ednh th\u1eddi gian \u0111\u1ecdc\" \/>\n\t<meta name=\"twitter:data1\" content=\"1 ph\u00fat\" \/>\n<script type=\"application\/ld+json\" class=\"yoast-schema-graph\">{\"@context\":\"https:\/\/schema.org\",\"@graph\":[{\"@type\":\"WebPage\",\"@id\":\"https:\/\/jiushidao.com\/product\/ginger-and-poria-cocos-paste\/\",\"url\":\"https:\/\/jiushidao.com\/product\/ginger-and-poria-cocos-paste\/\",\"name\":\"Ginger and Poria Cocos Paste - Jiushidao - Global Food Marketplace for Business Growth and Cosumers\",\"isPartOf\":{\"@id\":\"https:\/\/jiushidao.com\/#website\"},\"primaryImageOfPage\":{\"@id\":\"https:\/\/jiushidao.com\/product\/ginger-and-poria-cocos-paste\/#primaryimage\"},\"image\":{\"@id\":\"https:\/\/jiushidao.com\/product\/ginger-and-poria-cocos-paste\/#primaryimage\"},\"thumbnailUrl\":\"https:\/\/jiushidao.com\/wp-content\/uploads\/2025\/11\/\u56fe\u724713.png\",\"datePublished\":\"2025-11-20T12:52:52+00:00\",\"dateModified\":\"2025-12-23T16:51:48+00:00\",\"breadcrumb\":{\"@id\":\"https:\/\/jiushidao.com\/product\/ginger-and-poria-cocos-paste\/#breadcrumb\"},\"inLanguage\":\"vi\",\"potentialAction\":[{\"@type\":\"ReadAction\",\"target\":[\"https:\/\/jiushidao.com\/product\/ginger-and-poria-cocos-paste\/\"]}]},{\"@type\":\"ImageObject\",\"inLanguage\":\"vi\",\"@id\":\"https:\/\/jiushidao.com\/product\/ginger-and-poria-cocos-paste\/#primaryimage\",\"url\":\"https:\/\/jiushidao.com\/wp-content\/uploads\/2025\/11\/\u56fe\u724713.png\",\"contentUrl\":\"https:\/\/jiushidao.com\/wp-content\/uploads\/2025\/11\/\u56fe\u724713.png\",\"width\":800,\"height\":800},{\"@type\":\"BreadcrumbList\",\"@id\":\"https:\/\/jiushidao.com\/product\/ginger-and-poria-cocos-paste\/#breadcrumb\",\"itemListElement\":[{\"@type\":\"ListItem\",\"position\":1,\"name\":\"Home\",\"item\":\"https:\/\/jiushidao.com\/\"},{\"@type\":\"ListItem\",\"position\":2,\"name\":\"Store\",\"item\":\"https:\/\/jiushidao.com\/store\/\"},{\"@type\":\"ListItem\",\"position\":3,\"name\":\"Ginger and Poria Cocos Paste\"}]},{\"@type\":\"WebSite\",\"@id\":\"https:\/\/jiushidao.com\/#website\",\"url\":\"https:\/\/jiushidao.com\/\",\"name\":\"Jiushidao - Global Food Marketplace for Business Growth and Cosumers\",\"description\":\"Jiushidao - Global Food Marketplace for Business Growth and Cosumers\",\"potentialAction\":[{\"@type\":\"SearchAction\",\"target\":{\"@type\":\"EntryPoint\",\"urlTemplate\":\"https:\/\/jiushidao.com\/?s={search_term_string}\"},\"query-input\":{\"@type\":\"PropertyValueSpecification\",\"valueRequired\":true,\"valueName\":\"search_term_string\"}}],\"inLanguage\":\"vi\"}]}<\/script>\n<!-- \/ Yoast SEO Premium plugin. -->","yoast_head_json":{"title":"Ginger and Poria Cocos Paste - Jiushidao - Global Food Marketplace for Business Growth and Cosumers","robots":{"index":"index","follow":"follow","max-snippet":"max-snippet:-1","max-image-preview":"max-image-preview:large","max-video-preview":"max-video-preview:-1"},"canonical":"https:\/\/jiushidao.com\/vi\/san-pham\/ginger-and-poria-cocos-paste\/","og_locale":"vi_VN","og_type":"article","og_title":"Ginger and Poria Cocos Paste","og_description":"Dispels cold, eliminates dampness, and regulates the spleen and stomach. Effectively improves symptoms such as cold intolerance, cold hands and feet, and loose stools. Relieves nasal [\u2026]","og_url":"https:\/\/jiushidao.com\/vi\/san-pham\/ginger-and-poria-cocos-paste\/","og_site_name":"Jiushidao - Global Food Marketplace for Business Growth and Cosumers","article_modified_time":"2025-12-23T16:51:48+00:00","og_image":[{"width":800,"height":800,"url":"https:\/\/jiushidao.com\/wp-content\/uploads\/2025\/11\/\u56fe\u724713.png","type":"image\/png"}],"twitter_card":"summary_large_image","twitter_misc":{"\u01af\u1edbc t\u00ednh th\u1eddi gian \u0111\u1ecdc":"1 ph\u00fat"},"schema":{"@context":"https:\/\/schema.org","@graph":[{"@type":"WebPage","@id":"https:\/\/jiushidao.com\/product\/ginger-and-poria-cocos-paste\/","url":"https:\/\/jiushidao.com\/product\/ginger-and-poria-cocos-paste\/","name":"Ginger and Poria Cocos Paste - Jiushidao - Global Food Marketplace for Business Growth and Cosumers","isPartOf":{"@id":"https:\/\/jiushidao.com\/#website"},"primaryImageOfPage":{"@id":"https:\/\/jiushidao.com\/product\/ginger-and-poria-cocos-paste\/#primaryimage"},"image":{"@id":"https:\/\/jiushidao.com\/product\/ginger-and-poria-cocos-paste\/#primaryimage"},"thumbnailUrl":"https:\/\/jiushidao.com\/wp-content\/uploads\/2025\/11\/\u56fe\u724713.png","datePublished":"2025-11-20T12:52:52+00:00","dateModified":"2025-12-23T16:51:48+00:00","breadcrumb":{"@id":"https:\/\/jiushidao.com\/product\/ginger-and-poria-cocos-paste\/#breadcrumb"},"inLanguage":"vi","potentialAction":[{"@type":"ReadAction","target":["https:\/\/jiushidao.com\/product\/ginger-and-poria-cocos-paste\/"]}]},{"@type":"ImageObject","inLanguage":"vi","@id":"https:\/\/jiushidao.com\/product\/ginger-and-poria-cocos-paste\/#primaryimage","url":"https:\/\/jiushidao.com\/wp-content\/uploads\/2025\/11\/\u56fe\u724713.png","contentUrl":"https:\/\/jiushidao.com\/wp-content\/uploads\/2025\/11\/\u56fe\u724713.png","width":800,"height":800},{"@type":"BreadcrumbList","@id":"https:\/\/jiushidao.com\/product\/ginger-and-poria-cocos-paste\/#breadcrumb","itemListElement":[{"@type":"ListItem","position":1,"name":"Home","item":"https:\/\/jiushidao.com\/"},{"@type":"ListItem","position":2,"name":"Store","item":"https:\/\/jiushidao.com\/store\/"},{"@type":"ListItem","position":3,"name":"Ginger and Poria Cocos Paste"}]},{"@type":"WebSite","@id":"https:\/\/jiushidao.com\/#website","url":"https:\/\/jiushidao.com\/","name":"Jiushidao - Global Food Marketplace for Business Growth and Cosumers","description":"Jiushidao - Global Food Marketplace for Business Growth and Cosumers","potentialAction":[{"@type":"SearchAction","target":{"@type":"EntryPoint","urlTemplate":"https:\/\/jiushidao.com\/?s={search_term_string}"},"query-input":{"@type":"PropertyValueSpecification","valueRequired":true,"valueName":"search_term_string"}}],"inLanguage":"vi"}]}},"_links":{"self":[{"href":"https:\/\/jiushidao.com\/vi\/wp-json\/wp\/v2\/product\/1001","targetHints":{"allow":["GET"]}}],"collection":[{"href":"https:\/\/jiushidao.com\/vi\/wp-json\/wp\/v2\/product"}],"about":[{"href":"https:\/\/jiushidao.com\/vi\/wp-json\/wp\/v2\/types\/product"}],"replies":[{"embeddable":true,"href":"https:\/\/jiushidao.com\/vi\/wp-json\/wp\/v2\/comments?post=1001"}],"version-history":[{"count":1,"href":"https:\/\/jiushidao.com\/vi\/wp-json\/wp\/v2\/product\/1001\/revisions"}],"predecessor-version":[{"id":1002,"href":"https:\/\/jiushidao.com\/vi\/wp-json\/wp\/v2\/product\/1001\/revisions\/1002"}],"wp:featuredmedia":[{"embeddable":true,"href":"https:\/\/jiushidao.com\/vi\/wp-json\/wp\/v2\/media\/1035"}],"wp:attachment":[{"href":"https:\/\/jiushidao.com\/vi\/wp-json\/wp\/v2\/media?parent=1001"}],"wp:term":[{"taxonomy":"product_brand","embeddable":true,"href":"https:\/\/jiushidao.com\/vi\/wp-json\/wp\/v2\/product_brand?post=1001"},{"taxonomy":"product_cat","embeddable":true,"href":"https:\/\/jiushidao.com\/vi\/wp-json\/wp\/v2\/product_cat?post=1001"},{"taxonomy":"product_tag","embeddable":true,"href":"https:\/\/jiushidao.com\/vi\/wp-json\/wp\/v2\/product_tag?post=1001"}],"curies":[{"name":"wp","href":"https:\/\/api.w.org\/{rel}","templated":true}]}}