{"id":12,"date":"2025-03-26T07:54:39","date_gmt":"2025-03-26T07:54:39","guid":{"rendered":"https:\/\/jiushidao.com\/?page_id=12"},"modified":"2025-08-28T09:44:12","modified_gmt":"2025-08-28T09:44:12","slug":"about-us","status":"publish","type":"page","link":"https:\/\/jiushidao.com\/vi\/about-us\/","title":{"rendered":"V\u1ec1 ch\u00fang t\u00f4i"},"content":{"rendered":"<div data-elementor-type=\"wp-page\" data-elementor-id=\"12\" class=\"elementor elementor-12\">\n\t\t\t\t<div class=\"elementor-element elementor-element-2212a27 e-flex e-con-boxed e-con e-parent\" data-id=\"2212a27\" data-element_type=\"container\" data-settings=\"{&quot;background_background&quot;:&quot;classic&quot;}\">\n\t\t\t\t\t<div class=\"e-con-inner\">\n\t\t<div class=\"elementor-element elementor-element-48d433a e-con-full e-flex e-con e-child\" data-id=\"48d433a\" data-element_type=\"container\" data-settings=\"{&quot;background_background&quot;:&quot;classic&quot;}\">\n\t\t\t\t<\/div>\n\t\t<div class=\"elementor-element elementor-element-dce9e24 e-con-full e-flex e-con e-child\" data-id=\"dce9e24\" data-element_type=\"container\">\n\t\t\t\t<div class=\"elementor-element elementor-element-4816e0d elementor-widget elementor-widget-heading\" data-id=\"4816e0d\" data-element_type=\"widget\" data-widget_type=\"heading.default\">\n\t\t\t\t\t<h6 class=\"elementor-heading-title elementor-size-default\">V\u1ec1 ch\u00fang t\u00f4i<\/h6>\t\t\t\t<\/div>\n\t\t\t\t<div class=\"elementor-element elementor-element-429bcb5 elementor-widget elementor-widget-heading\" data-id=\"429bcb5\" data-element_type=\"widget\" data-widget_type=\"heading.default\">\n\t\t\t\t\t<h1 class=\"elementor-heading-title elementor-size-default\">Trung t\u00e2m th\u01b0\u01a1ng m\u1ea1i th\u1ef1c ph\u1ea9m to\u00e0n c\u1ea7u<\/h1>\t\t\t\t<\/div>\n\t\t\t\t<div class=\"elementor-element elementor-element-8e71873 elementor-widget__width-inherit elementor-widget elementor-widget-heading\" data-id=\"8e71873\" data-element_type=\"widget\" data-widget_type=\"heading.default\">\n\t\t\t\t\t<span class=\"elementor-heading-title elementor-size-default\">Ch\u00e0o m\u1eebng b\u1ea1n \u0111\u1ebfn v\u1edbi Jiushidao \u2013 m\u1ed9t s\u00e0n giao d\u1ecbch B2B th\u1ef1c ph\u1ea9m to\u00e0n c\u1ea7u, n\u01a1i c\u00e1c nh\u00e0 cung c\u1ea5p ch\u1ea5t l\u01b0\u1ee3ng tr\u00ean to\u00e0n th\u1ebf gi\u1edbi k\u1ebft n\u1ed1i v\u00e0 th\u00fac \u0111\u1ea9y t\u0103ng tr\u01b0\u1edfng kinh doanh th\u1ef1c ph\u1ea9m. Trong nhi\u1ec1u n\u0103m qua, ch\u00fang t\u00f4i t\u1eadp trung v\u00e0o vi\u1ec7c k\u1ebft n\u1ed1i c\u00e1c nh\u00e0 cung c\u1ea5p th\u1ef1c ph\u1ea9m h\u00e0ng \u0111\u1ea7u tr\u00ean to\u00e0n c\u1ea7u, mang \u0111\u1ebfn cho doanh nghi\u1ec7p th\u1ef1c ph\u1ea9m c\u1ee7a b\u1ea1n c\u00e1c gi\u1ea3i ph\u00e1p t\u00ecm ngu\u1ed3n cung \u1ee9ng \u0111\u00e1ng tin c\u1eady.\u200b<\/span>\t\t\t\t<\/div>\n\t\t\t\t<div class=\"elementor-element elementor-element-e9c0aa3 elementor-widget elementor-widget-text-editor\" data-id=\"e9c0aa3\" data-element_type=\"widget\" data-widget_type=\"text-editor.default\">\n\t\t\t\t\t\t\t\t\t<p>M\u1ee5c ti\u00eau c\u1ee7a ch\u00fang t\u00f4i kh\u00f4ng ch\u1ec9 l\u00e0 cung c\u1ea5p m\u1ed9t n\u1ec1n t\u1ea3ng giao d\u1ecbch: ch\u00fang t\u00f4i mang \u0111\u1ebfn kh\u1ea3 n\u0103ng ti\u1ebfp c\u1eadn li\u1ec1n m\u1ea1ch v\u1edbi c\u00e1c s\u1ea3n ph\u1ea9m th\u1ef1c ph\u1ea9m ch\u1ea5t l\u01b0\u1ee3ng v\u00e0 h\u1ed7 tr\u1ee3 chu\u1ed7i cung \u1ee9ng h\u1ee3p l\u00fd. Ch\u00fang t\u00f4i hi\u1ec3u r\u1eb1ng ngu\u1ed3n cung \u1ee9ng \u0111\u00e1ng tin c\u1eady l\u00e0 ch\u00eca kh\u00f3a cho s\u1ef1 th\u00e0nh c\u00f4ng c\u1ee7a doanh nghi\u1ec7p b\u1ea1n, \u0111\u00f3 l\u00e0 l\u00fd do t\u1ea1i sao ch\u00fang t\u00f4i tu\u00e2n th\u1ee7 c\u00e1c ti\u00eau chu\u1ea9n ch\u1ea5t l\u01b0\u1ee3ng nghi\u00eam ng\u1eb7t \u0111\u1ec3 k\u1ebft n\u1ed1i b\u1ea1n v\u1edbi c\u00e1c \u0111\u1ed1i t\u00e1c to\u00e0n c\u1ea7u \u0111\u00e3 \u0111\u01b0\u1ee3c ch\u1ee9ng minh.\u200b<\/p>\t\t\t\t\t\t\t\t<\/div>\n\t\t\t\t<\/div>\n\t\t\t\t\t<\/div>\n\t\t\t\t<\/div>\n\t\t<div class=\"elementor-element elementor-element-242174d e-flex e-con-boxed e-con e-parent\" data-id=\"242174d\" data-element_type=\"container\">\n\t\t\t\t\t<div class=\"e-con-inner\">\n\t\t<div class=\"elementor-element elementor-element-4c04764 e-con-full e-flex e-con e-child\" data-id=\"4c04764\" data-element_type=\"container\">\n\t\t\t\t<div class=\"elementor-element elementor-element-b3810ec elementor-widget elementor-widget-heading\" data-id=\"b3810ec\" data-element_type=\"widget\" data-widget_type=\"heading.default\">\n\t\t\t\t\t<h2 class=\"elementor-heading-title elementor-size-default\">T\u1ea1i sao n\u00ean tin t\u01b0\u1edfng Jiushidao?\u200b<\/h2>\t\t\t\t<\/div>\n\t\t\t\t<div class=\"elementor-element elementor-element-c533a11 elementor-widget elementor-widget-text-editor\" data-id=\"c533a11\" data-element_type=\"widget\" data-widget_type=\"text-editor.default\">\n\t\t\t\t\t\t\t\t\t<p>Ch\u00fang t\u00f4i \u0111\u00e3 x\u00e2y d\u1ef1ng m\u1ed9t c\u1ea7u n\u1ed1i \u0111\u00e1ng tin c\u1eady cho th\u01b0\u01a1ng m\u1ea1i th\u1ef1c ph\u1ea9m to\u00e0n c\u1ea7u, k\u1ebft n\u1ed1i c\u00e1c nh\u00e0 cung c\u1ea5p uy t\u00edn v\u1edbi c\u00e1c doanh nghi\u1ec7p \u0111ang ph\u00e1t tri\u1ec3n tr\u00ean to\u00e0n th\u1ebf gi\u1edbi. V\u1edbi nhi\u1ec1u n\u0103m kinh nghi\u1ec7m trong chu\u1ed7i cung \u1ee9ng th\u1ef1c ph\u1ea9m xuy\u00ean bi\u00ean gi\u1edbi, ch\u00fang t\u00f4i \u01b0u ti\u00ean t\u00ednh minh b\u1ea1ch, an to\u00e0n v\u00e0 hi\u1ec7u qu\u1ea3 trong m\u1ecdi quan h\u1ec7 \u0111\u1ed1i t\u00e1c m\u00e0 ch\u00fang t\u00f4i x\u00e2y d\u1ef1ng.\u200b<\/p>\t\t\t\t\t\t\t\t<\/div>\n\t\t<div class=\"elementor-element elementor-element-aa478bb e-grid e-con-full e-con e-child\" data-id=\"aa478bb\" data-element_type=\"container\">\n\t\t\t\t<div class=\"elementor-element elementor-element-e422269 elementor-view-stacked elementor-position-left elementor-mobile-position-left elementor-shape-circle elementor-widget elementor-widget-icon-box\" data-id=\"e422269\" data-element_type=\"widget\" data-widget_type=\"icon-box.default\">\n\t\t\t\t\t\t\t<div class=\"elementor-icon-box-wrapper\">\n\n\t\t\t\t\t\t<div class=\"elementor-icon-box-icon\">\n\t\t\t\t<span  class=\"elementor-icon\">\n\t\t\t\t<svg xmlns=\"http:\/\/www.w3.org\/2000\/svg\" width=\"48\" height=\"48\" viewbox=\"0 0 48 48\" fill=\"none\"><path d=\"M24.56 18.08C25.2478 16.9811 25.7353 15.769 26 14.5C26.5 17 28 19.4 30 21C32 22.6 33 24.5 33 26.5C33.0057 27.8823 32.6009 29.2352 31.8368 30.3871C31.0727 31.539 29.9838 32.4382 28.7081 32.9705C27.4324 33.5028 26.0274 33.6444 24.6712 33.3773C23.3149 33.1101 22.0685 32.4463 21.09 31.47M19 27.78C21.2 27.78 23 25.95 23 23.73C23 22.57 22.43 21.47 21.29 20.54C20.15 19.61 19.29 18.23 19 16.78C18.71 18.23 17.86 19.62 16.71 20.54C15.56 21.46 15 22.58 15 23.73C15 25.95 16.8 27.78 19 27.78Z\" stroke=\"white\" stroke-width=\"2\" stroke-linecap=\"round\" stroke-linejoin=\"round\"><\/path><\/svg>\t\t\t\t<\/span>\n\t\t\t<\/div>\n\t\t\t\n\t\t\t\t\t\t<div class=\"elementor-icon-box-content\">\n\n\t\t\t\t\t\t\t\t\t<h5 class=\"elementor-icon-box-title\">\n\t\t\t\t\t\t<span  >\n\t\t\t\t\t\t\tNh\u00e0 cung c\u1ea5p to\u00e0n c\u1ea7u \u0111\u00e3 \u0111\u01b0\u1ee3c x\u00e1c minh\u200b\t\t\t\t\t\t<\/span>\n\t\t\t\t\t<\/h5>\n\t\t\t\t\n\t\t\t\t\t\t\t\t\t<p class=\"elementor-icon-box-description\">\n\t\t\t\t\t\tCh\u00fang t\u00f4i h\u1ee3p t\u00e1c v\u1edbi c\u00e1c nh\u00e0 cung c\u1ea5p \u0111\u01b0\u1ee3c s\u00e0ng l\u1ecdc nghi\u00eam ng\u1eb7t tr\u00ean to\u00e0n th\u1ebf gi\u1edbi, \u0111\u1ea3m b\u1ea3o quy\u1ec1n ti\u1ebfp c\u1eadn ngu\u1ed3n th\u1ef1c ph\u1ea9m \u0111\u00e1ng tin c\u1eady.\u200b\t\t\t\t\t<\/p>\n\t\t\t\t\n\t\t\t<\/div>\n\t\t\t\n\t\t<\/div>\n\t\t\t\t\t\t<\/div>\n\t\t\t\t<div class=\"elementor-element elementor-element-381d49a elementor-view-stacked elementor-position-left elementor-mobile-position-left elementor-shape-circle elementor-widget elementor-widget-icon-box\" data-id=\"381d49a\" data-element_type=\"widget\" data-widget_type=\"icon-box.default\">\n\t\t\t\t\t\t\t<div class=\"elementor-icon-box-wrapper\">\n\n\t\t\t\t\t\t<div class=\"elementor-icon-box-icon\">\n\t\t\t\t<span  class=\"elementor-icon\">\n\t\t\t\t<svg xmlns=\"http:\/\/www.w3.org\/2000\/svg\" width=\"48\" height=\"48\" viewbox=\"0 0 48 48\" fill=\"none\"><path d=\"M33 30V24C33 19.0294 28.9706 15 24 15C19.0294 15 15 19.0294 15 24V30M17.5 33C16.1193 33 15 31.8807 15 30.5V28.5C15 27.1193 16.1193 26 17.5 26C18.8807 26 20 27.1193 20 28.5V30.5C20 31.8807 18.8807 33 17.5 33ZM30.5 33C29.1193 33 28 31.8807 28 30.5V28.5C28 27.1193 29.1193 26 30.5 26C31.8807 26 33 27.1193 33 28.5V30.5C33 31.8807 31.8807 33 30.5 33Z\" stroke=\"white\" stroke-width=\"2\" stroke-linecap=\"round\" stroke-linejoin=\"round\"><\/path><\/svg>\t\t\t\t<\/span>\n\t\t\t<\/div>\n\t\t\t\n\t\t\t\t\t\t<div class=\"elementor-icon-box-content\">\n\n\t\t\t\t\t\t\t\t\t<h5 class=\"elementor-icon-box-title\">\n\t\t\t\t\t\t<span  >\n\t\t\t\t\t\t\t\u0110\u1ea3m b\u1ea3o ch\u1ea5t l\u01b0\u1ee3ng nghi\u00eam ng\u1eb7t\t\t\t\t\t\t<\/span>\n\t\t\t\t\t<\/h5>\n\t\t\t\t\n\t\t\t\t\t\t\t\t\t<p class=\"elementor-icon-box-description\">\n\t\t\t\t\t\tM\u1ed7i s\u1ea3n ph\u1ea9m \u0111\u1ec1u v\u01b0\u1ee3t qua nhi\u1ec1u l\u1edbp ki\u1ec3m tra, tu\u00e2n th\u1ee7 c\u00e1c ti\u00eau chu\u1ea9n ch\u1ea5t l\u01b0\u1ee3ng v\u00e0 an to\u00e0n th\u1ef1c ph\u1ea9m to\u00e0n c\u1ea7u.\u200b\n\t\t\t\t\t<\/p>\n\t\t\t\t\n\t\t\t<\/div>\n\t\t\t\n\t\t<\/div>\n\t\t\t\t\t\t<\/div>\n\t\t\t\t<div class=\"elementor-element elementor-element-9ad6f4a elementor-view-stacked elementor-position-left elementor-mobile-position-left elementor-shape-circle elementor-widget elementor-widget-icon-box\" data-id=\"9ad6f4a\" data-element_type=\"widget\" data-widget_type=\"icon-box.default\">\n\t\t\t\t\t\t\t<div class=\"elementor-icon-box-wrapper\">\n\n\t\t\t\t\t\t<div class=\"elementor-icon-box-icon\">\n\t\t\t\t<span  class=\"elementor-icon\">\n\t\t\t\t<svg xmlns=\"http:\/\/www.w3.org\/2000\/svg\" width=\"48\" height=\"48\" viewbox=\"0 0 48 48\" fill=\"none\"><path d=\"M23.2896 15.3659C23.5193 14.9238 23.6342 14.7027 23.7881 14.6309C23.9221 14.5683 24.077 14.5683 24.211 14.6309C24.3649 14.7027 24.4798 14.9238 24.7095 15.3659L26.2225 18.2782C26.3216 18.4689 26.3711 18.5642 26.4454 18.6275C26.511 18.6835 26.5899 18.7215 26.6745 18.7379C26.7704 18.7565 26.8758 18.7358 27.0867 18.6943L30.3069 18.0615C30.7958 17.9654 31.0402 17.9174 31.1923 17.9929C31.3248 18.0587 31.4214 18.1798 31.456 18.3236C31.4958 18.4887 31.3946 18.7163 31.1922 19.1715L29.8586 22.1702C29.7713 22.3666 29.7276 22.4648 29.7244 22.5624C29.7216 22.6485 29.7411 22.7339 29.781 22.8103C29.8262 22.8968 29.9082 22.9663 30.072 23.1054L32.5746 25.2285C32.9545 25.5508 33.1445 25.7119 33.1803 25.878C33.2114 26.0226 33.177 26.1735 33.0862 26.2903C32.9819 26.4244 32.7408 26.4872 32.2587 26.6127L29.0827 27.4398C28.8748 27.4939 28.7708 27.521 28.6925 27.5793C28.6234 27.6308 28.5688 27.6993 28.534 27.7782C28.4945 27.8675 28.4912 27.9749 28.4847 28.1897L28.3851 31.47C28.37 31.968 28.3624 32.217 28.2549 32.3485C28.1613 32.463 28.0218 32.5302 27.8739 32.532C27.704 32.534 27.5047 32.3847 27.1059 32.086L24.4791 30.1186C24.3071 29.9898 24.2211 29.9254 24.1267 29.9006C24.0434 29.8787 23.9558 29.8787 23.8724 29.9006C23.778 29.9254 23.692 29.9898 23.52 30.1186L20.8932 32.086C20.4944 32.3847 20.2951 32.534 20.1252 32.532C19.9773 32.5302 19.8378 32.463 19.7442 32.3485C19.6367 32.217 19.6291 31.968 19.614 31.47L19.5144 28.1897C19.5079 27.9749 19.5046 27.8675 19.4651 27.7782C19.4303 27.6993 19.3757 27.6308 19.3066 27.5793C19.2283 27.521 19.1243 27.4939 18.9164 27.4398L15.7404 26.6127C15.2583 26.4872 15.0172 26.4244 14.9129 26.2903C14.8221 26.1735 14.7877 26.0226 14.8188 25.878C14.8546 25.7119 15.0446 25.5508 15.4245 25.2285L17.9271 23.1054C18.0909 22.9663 18.1729 22.8968 18.2181 22.8103C18.258 22.7339 18.2775 22.6485 18.2747 22.5624C18.2715 22.4648 18.2278 22.3666 18.1405 22.1702L16.8069 19.1715C16.6045 18.7163 16.5033 18.4887 16.5431 18.3236C16.5777 18.1798 16.6743 18.0587 16.8068 17.9929C16.9589 17.9174 17.2033 17.9654 17.6922 18.0615L20.9124 18.6943C21.1233 18.7358 21.2287 18.7565 21.3246 18.7379C21.4092 18.7215 21.4881 18.6835 21.5537 18.6275C21.628 18.5642 21.6776 18.4689 21.7766 18.2782L23.2896 15.3659Z\" stroke=\"white\" stroke-width=\"2\" stroke-linecap=\"round\" stroke-linejoin=\"round\"><\/path><\/svg>\t\t\t\t<\/span>\n\t\t\t<\/div>\n\t\t\t\n\t\t\t\t\t\t<div class=\"elementor-icon-box-content\">\n\n\t\t\t\t\t\t\t\t\t<h5 class=\"elementor-icon-box-title\">\n\t\t\t\t\t\t<span  >\n\t\t\t\t\t\t\tLogistics th\u01b0\u01a1ng m\u1ea1i m\u01b0\u1ee3t m\u00e0\t\t\t\t\t\t<\/span>\n\t\t\t\t\t<\/h5>\n\t\t\t\t\n\t\t\t\t\t\t\t\t\t<p class=\"elementor-icon-box-description\">\n\t\t\t\t\t\tChu\u1ed7i cung \u1ee9ng \u0111\u01b0\u1ee3c t\u1ed1i \u01b0u h\u00f3a c\u1ee7a ch\u00fang t\u00f4i gi\u00fap gi\u1ea3m thi\u1ec3u c\u00e1c r\u00e0o c\u1ea3n xuy\u00ean bi\u00ean gi\u1edbi, \u0111\u1ea3m b\u1ea3o giao h\u00e0ng s\u1ea3n ph\u1ea9m \u0111\u00fang th\u1eddi h\u1ea1n v\u00e0 an to\u00e0n.\u200b\t\t\t\t\t<\/p>\n\t\t\t\t\n\t\t\t<\/div>\n\t\t\t\n\t\t<\/div>\n\t\t\t\t\t\t<\/div>\n\t\t\t\t<div class=\"elementor-element elementor-element-baf385e elementor-view-stacked elementor-position-left elementor-mobile-position-left elementor-shape-circle elementor-widget elementor-widget-icon-box\" data-id=\"baf385e\" data-element_type=\"widget\" data-widget_type=\"icon-box.default\">\n\t\t\t\t\t\t\t<div class=\"elementor-icon-box-wrapper\">\n\n\t\t\t\t\t\t<div class=\"elementor-icon-box-icon\">\n\t\t\t\t<span  class=\"elementor-icon\">\n\t\t\t\t<svg xmlns=\"http:\/\/www.w3.org\/2000\/svg\" width=\"48\" height=\"48\" viewbox=\"0 0 48 48\" fill=\"none\"><path d=\"M25.5295 20.3519C24.9571 20.7599 24.2566 21 23.5 21C21.567 21 20 19.433 20 17.5C20 15.567 21.567 14 23.5 14C24.753 14 25.8522 14.6584 26.4705 15.6481M18 32.0872H20.6103C20.9506 32.0872 21.2889 32.1277 21.6188 32.2086L24.3769 32.8789C24.9753 33.0247 25.5988 33.0388 26.2035 32.9214L29.253 32.3281C30.0585 32.1712 30.7996 31.7854 31.3803 31.2205L33.5379 29.1217C34.154 28.5234 34.154 27.5524 33.5379 26.9531C32.9832 26.4134 32.1047 26.3527 31.4771 26.8103L28.9626 28.6449C28.6025 28.9081 28.1643 29.0498 27.7137 29.0498H25.2855L26.8311 29.0498C27.7022 29.0498 28.4079 28.3633 28.4079 27.5159V27.2091C28.4079 26.5055 27.9156 25.892 27.2141 25.7219L24.8286 25.1417C24.4404 25.0476 24.0428 25 23.6431 25C22.6783 25 20.9319 25.7988 20.9319 25.7988L18 27.0249M32 18.5C32 20.433 30.433 22 28.5 22C26.567 22 25 20.433 25 18.5C25 16.567 26.567 15 28.5 15C30.433 15 32 16.567 32 18.5ZM14 26.6L14 32.4C14 32.9601 14 33.2401 14.109 33.454C14.2049 33.6422 14.3578 33.7951 14.546 33.891C14.7599 34 15.0399 34 15.6 34H16.4C16.9601 34 17.2401 34 17.454 33.891C17.6422 33.7951 17.7951 33.6422 17.891 33.454C18 33.2401 18 32.9601 18 32.4V26.6C18 26.0399 18 25.7599 17.891 25.546C17.7951 25.3578 17.6422 25.2049 17.454 25.109C17.2401 25 16.9601 25 16.4 25L15.6 25C15.0399 25 14.7599 25 14.546 25.109C14.3578 25.2049 14.2049 25.3578 14.109 25.546C14 25.7599 14 26.0399 14 26.6Z\" stroke=\"white\" stroke-width=\"2\" stroke-linecap=\"round\" stroke-linejoin=\"round\"><\/path><\/svg>\t\t\t\t<\/span>\n\t\t\t<\/div>\n\t\t\t\n\t\t\t\t\t\t<div class=\"elementor-icon-box-content\">\n\n\t\t\t\t\t\t\t\t\t<h5 class=\"elementor-icon-box-title\">\n\t\t\t\t\t\t<span  >\n\t\t\t\t\t\t\tTr\u1ee3 gi\u00fap t\u00ecm ngu\u1ed3n cung \u1ee9ng t\u00f9y ch\u1ec9nh\t\t\t\t\t\t<\/span>\n\t\t\t\t\t<\/h5>\n\t\t\t\t\n\t\t\t\t\t\t\t\t\t<p class=\"elementor-icon-box-description\">\n\t\t\t\t\t\tCh\u00fang t\u00f4i cung c\u1ea5p l\u1eddi khuy\u00ean ph\u00f9 h\u1ee3p \u0111\u1ec3 \u0111\u00e1p \u1ee9ng nhu c\u1ea7u kinh doanh c\u1ee5 th\u1ec3 c\u1ee7a b\u1ea1n, d\u00f9 l\u00e0 quy m\u00f4 l\u1edbn hay nh\u1ecf.\t\t\t\t\t<\/p>\n\t\t\t\t\n\t\t\t<\/div>\n\t\t\t\n\t\t<\/div>\n\t\t\t\t\t\t<\/div>\n\t\t\t\t<\/div>\n\t\t\t\t<\/div>\n\t\t<div class=\"elementor-element elementor-element-d497aff e-con-full e-flex e-con e-child\" data-id=\"d497aff\" data-element_type=\"container\">\n\t\t\t\t<div class=\"elementor-element elementor-element-b4b81bf elementor-widget elementor-widget-image\" data-id=\"b4b81bf\" data-element_type=\"widget\" data-widget_type=\"image.default\">\n\t\t\t\t\t\t\t\t\t\t\t\t\t\t\t<img fetchpriority=\"high\" decoding=\"async\" width=\"780\" height=\"600\" src=\"https:\/\/jiushidao.com\/wp-content\/uploads\/2025\/08\/8.1800544.jpg\" class=\"attachment-large size-large wp-image-379\" alt=\"\" srcset=\"https:\/\/jiushidao.com\/wp-content\/uploads\/2025\/08\/8.1800544.jpg 780w, https:\/\/jiushidao.com\/wp-content\/uploads\/2025\/08\/8.1800544-500x385.jpg 500w, https:\/\/jiushidao.com\/wp-content\/uploads\/2025\/08\/8.1800544-300x231.jpg 300w, https:\/\/jiushidao.com\/wp-content\/uploads\/2025\/08\/8.1800544-768x591.jpg 768w, https:\/\/jiushidao.com\/wp-content\/uploads\/2025\/08\/8.1800544-98x75.jpg 98w, https:\/\/jiushidao.com\/wp-content\/uploads\/2025\/08\/8.1800544-700x538.jpg 700w\" sizes=\"(max-width:767px) 700px, (max-width:780px) 100vw, 780px\" \/>\t\t\t\t\t\t\t\t\t\t\t\t\t\t\t<\/div>\n\t\t\t\t<\/div>\n\t\t\t\t\t<\/div>\n\t\t\t\t<\/div>\n\t\t\t\t<\/div>","protected":false},"excerpt":{"rendered":"<p>V\u1ec1 ch\u00fang t\u00f4i M\u1ed9t trung t\u00e2m th\u01b0\u01a1ng m\u1ea1i th\u1ef1c ph\u1ea9m to\u00e0n c\u1ea7u Ch\u00e0o m\u1eebng \u0111\u1ebfn v\u1edbi Jiushidao \u2013 m\u1ed9t s\u00e0n giao d\u1ecbch B2B th\u1ef1c ph\u1ea9m to\u00e0n c\u1ea7u, n\u01a1i c\u00e1c nh\u00e0 cung c\u1ea5p ch\u1ea5t l\u01b0\u1ee3ng tr\u00ean to\u00e0n th\u1ebf gi\u1edbi k\u1ebft n\u1ed1i v\u00e0 th\u00fac \u0111\u1ea9y s\u1ef1 ph\u00e1t tri\u1ec3n kinh doanh th\u1ef1c ph\u1ea9m.<span class=\"excerpt-hellip\"> [\u2026]<\/span><\/p>","protected":false},"author":1,"featured_media":0,"parent":0,"menu_order":0,"comment_status":"open","ping_status":"closed","template":"","meta":{"footnotes":""},"class_list":["post-12","page","type-page","status-publish","hentry"],"yoast_head":"<!-- This site is optimized with the Yoast SEO Premium plugin v25.8 (Yoast SEO v25.8) - https:\/\/yoast.com\/wordpress\/plugins\/seo\/ -->\n<title>About us - Jiushidao - Global Food Marketplace for Business Growth and Cosumers<\/title>\n<meta name=\"robots\" content=\"index, follow, max-snippet:-1, max-image-preview:large, max-video-preview:-1\" \/>\n<link rel=\"canonical\" href=\"https:\/\/jiushidao.com\/vi\/about-us\/\" \/>\n<meta property=\"og:locale\" content=\"vi_VN\" \/>\n<meta property=\"og:type\" content=\"article\" \/>\n<meta property=\"og:title\" content=\"About us\" \/>\n<meta property=\"og:description\" content=\"About us A Hub for Global Food Trade\u200b Welcome to Jiushidao \u2013 a Global Food B2B Marketplace where quality suppliers worldwide connect, and food business growth [\u2026]\" \/>\n<meta property=\"og:url\" content=\"https:\/\/jiushidao.com\/vi\/about-us\/\" \/>\n<meta property=\"og:site_name\" content=\"Jiushidao - Global Food Marketplace for Business Growth and Cosumers\" \/>\n<meta property=\"article:modified_time\" content=\"2025-08-28T09:44:12+00:00\" \/>\n<meta property=\"og:image\" content=\"https:\/\/jiushidao.com\/wp-content\/uploads\/2025\/08\/8.1800544.jpg\" \/>\n<meta name=\"twitter:card\" content=\"summary_large_image\" \/>\n<meta name=\"twitter:label1\" content=\"\u01af\u1edbc t\u00ednh th\u1eddi gian \u0111\u1ecdc\" \/>\n\t<meta name=\"twitter:data1\" content=\"1 ph\u00fat\" \/>\n<script type=\"application\/ld+json\" class=\"yoast-schema-graph\">{\"@context\":\"https:\/\/schema.org\",\"@graph\":[{\"@type\":\"WebPage\",\"@id\":\"https:\/\/jiushidao.com\/about-us\/\",\"url\":\"https:\/\/jiushidao.com\/about-us\/\",\"name\":\"About us - Jiushidao - Global Food Marketplace for Business Growth and Cosumers\",\"isPartOf\":{\"@id\":\"https:\/\/jiushidao.com\/#website\"},\"primaryImageOfPage\":{\"@id\":\"https:\/\/jiushidao.com\/about-us\/#primaryimage\"},\"image\":{\"@id\":\"https:\/\/jiushidao.com\/about-us\/#primaryimage\"},\"thumbnailUrl\":\"https:\/\/jiushidao.com\/wp-content\/uploads\/2025\/08\/8.1800544.jpg\",\"datePublished\":\"2025-03-26T07:54:39+00:00\",\"dateModified\":\"2025-08-28T09:44:12+00:00\",\"breadcrumb\":{\"@id\":\"https:\/\/jiushidao.com\/about-us\/#breadcrumb\"},\"inLanguage\":\"vi\",\"potentialAction\":[{\"@type\":\"ReadAction\",\"target\":[\"https:\/\/jiushidao.com\/about-us\/\"]}]},{\"@type\":\"ImageObject\",\"inLanguage\":\"vi\",\"@id\":\"https:\/\/jiushidao.com\/about-us\/#primaryimage\",\"url\":\"https:\/\/jiushidao.com\/wp-content\/uploads\/2025\/08\/8.1800544.jpg\",\"contentUrl\":\"https:\/\/jiushidao.com\/wp-content\/uploads\/2025\/08\/8.1800544.jpg\"},{\"@type\":\"BreadcrumbList\",\"@id\":\"https:\/\/jiushidao.com\/about-us\/#breadcrumb\",\"itemListElement\":[{\"@type\":\"ListItem\",\"position\":1,\"name\":\"Home\",\"item\":\"https:\/\/jiushidao.com\/\"},{\"@type\":\"ListItem\",\"position\":2,\"name\":\"About us\"}]},{\"@type\":\"WebSite\",\"@id\":\"https:\/\/jiushidao.com\/#website\",\"url\":\"https:\/\/jiushidao.com\/\",\"name\":\"Jiushidao - Global Food Marketplace for Business Growth and Cosumers\",\"description\":\"Jiushidao - Global Food Marketplace for Business Growth and Cosumers\",\"potentialAction\":[{\"@type\":\"SearchAction\",\"target\":{\"@type\":\"EntryPoint\",\"urlTemplate\":\"https:\/\/jiushidao.com\/?s={search_term_string}\"},\"query-input\":{\"@type\":\"PropertyValueSpecification\",\"valueRequired\":true,\"valueName\":\"search_term_string\"}}],\"inLanguage\":\"vi\"}]}<\/script>\n<!-- \/ Yoast SEO Premium plugin. -->","yoast_head_json":{"title":"About us - Jiushidao - Global Food Marketplace for Business Growth and Cosumers","robots":{"index":"index","follow":"follow","max-snippet":"max-snippet:-1","max-image-preview":"max-image-preview:large","max-video-preview":"max-video-preview:-1"},"canonical":"https:\/\/jiushidao.com\/vi\/about-us\/","og_locale":"vi_VN","og_type":"article","og_title":"About us","og_description":"About us A Hub for Global Food Trade\u200b Welcome to Jiushidao \u2013 a Global Food B2B Marketplace where quality suppliers worldwide connect, and food business growth [\u2026]","og_url":"https:\/\/jiushidao.com\/vi\/about-us\/","og_site_name":"Jiushidao - Global Food Marketplace for Business Growth and Cosumers","article_modified_time":"2025-08-28T09:44:12+00:00","og_image":[{"url":"https:\/\/jiushidao.com\/wp-content\/uploads\/2025\/08\/8.1800544.jpg","type":"","width":"","height":""}],"twitter_card":"summary_large_image","twitter_misc":{"\u01af\u1edbc t\u00ednh th\u1eddi gian \u0111\u1ecdc":"1 ph\u00fat"},"schema":{"@context":"https:\/\/schema.org","@graph":[{"@type":"WebPage","@id":"https:\/\/jiushidao.com\/about-us\/","url":"https:\/\/jiushidao.com\/about-us\/","name":"About us - Jiushidao - Global Food Marketplace for Business Growth and Cosumers","isPartOf":{"@id":"https:\/\/jiushidao.com\/#website"},"primaryImageOfPage":{"@id":"https:\/\/jiushidao.com\/about-us\/#primaryimage"},"image":{"@id":"https:\/\/jiushidao.com\/about-us\/#primaryimage"},"thumbnailUrl":"https:\/\/jiushidao.com\/wp-content\/uploads\/2025\/08\/8.1800544.jpg","datePublished":"2025-03-26T07:54:39+00:00","dateModified":"2025-08-28T09:44:12+00:00","breadcrumb":{"@id":"https:\/\/jiushidao.com\/about-us\/#breadcrumb"},"inLanguage":"vi","potentialAction":[{"@type":"ReadAction","target":["https:\/\/jiushidao.com\/about-us\/"]}]},{"@type":"ImageObject","inLanguage":"vi","@id":"https:\/\/jiushidao.com\/about-us\/#primaryimage","url":"https:\/\/jiushidao.com\/wp-content\/uploads\/2025\/08\/8.1800544.jpg","contentUrl":"https:\/\/jiushidao.com\/wp-content\/uploads\/2025\/08\/8.1800544.jpg"},{"@type":"BreadcrumbList","@id":"https:\/\/jiushidao.com\/about-us\/#breadcrumb","itemListElement":[{"@type":"ListItem","position":1,"name":"Home","item":"https:\/\/jiushidao.com\/"},{"@type":"ListItem","position":2,"name":"About us"}]},{"@type":"WebSite","@id":"https:\/\/jiushidao.com\/#website","url":"https:\/\/jiushidao.com\/","name":"Jiushidao - Global Food Marketplace for Business Growth and Cosumers","description":"Jiushidao - Global Food Marketplace for Business Growth and Cosumers","potentialAction":[{"@type":"SearchAction","target":{"@type":"EntryPoint","urlTemplate":"https:\/\/jiushidao.com\/?s={search_term_string}"},"query-input":{"@type":"PropertyValueSpecification","valueRequired":true,"valueName":"search_term_string"}}],"inLanguage":"vi"}]}},"_links":{"self":[{"href":"https:\/\/jiushidao.com\/vi\/wp-json\/wp\/v2\/pages\/12","targetHints":{"allow":["GET"]}}],"collection":[{"href":"https:\/\/jiushidao.com\/vi\/wp-json\/wp\/v2\/pages"}],"about":[{"href":"https:\/\/jiushidao.com\/vi\/wp-json\/wp\/v2\/types\/page"}],"author":[{"embeddable":true,"href":"https:\/\/jiushidao.com\/vi\/wp-json\/wp\/v2\/users\/1"}],"replies":[{"embeddable":true,"href":"https:\/\/jiushidao.com\/vi\/wp-json\/wp\/v2\/comments?post=12"}],"version-history":[{"count":3,"href":"https:\/\/jiushidao.com\/vi\/wp-json\/wp\/v2\/pages\/12\/revisions"}],"predecessor-version":[{"id":413,"href":"https:\/\/jiushidao.com\/vi\/wp-json\/wp\/v2\/pages\/12\/revisions\/413"}],"wp:attachment":[{"href":"https:\/\/jiushidao.com\/vi\/wp-json\/wp\/v2\/media?parent=12"}],"curies":[{"name":"wp","href":"https:\/\/api.w.org\/{rel}","templated":true}]}}