{"id":986,"date":"2025-11-20T12:26:02","date_gmt":"2025-11-20T12:26:02","guid":{"rendered":"https:\/\/jiushidao.com\/?post_type=product&#038;p=986"},"modified":"2025-12-23T21:51:37","modified_gmt":"2025-12-23T21:51:37","slug":"wild-jujube-seed-paste","status":"publish","type":"product","link":"https:\/\/jiushidao.com\/pt\/produto\/wild-jujube-seed-paste\/","title":{"rendered":"Pasta de sementes de jujuba selvagem"},"content":{"rendered":"<div class=\"agent-chat__conv--ai__speech_show\" data-conv-index=\"19\" data-speech-index=\"0\">\n<div class=\"\">\n<div class=\"agent-chat__speech-text--box agent-chat__speech-text--box-left\" data-hy-exposured=\"1\">\n<div class=\"agent-chat__speech-text\">\n<div class=\"hyc-component-text\">\n<div class=\"hyc-content-md hyc-content-md-done\">\n<div class=\"hyc-common-markdown hyc-common-markdown-style\">\n<section class=\"ybc-p\"><strong>Pasta de sementes de jujuba azeda<\/strong><\/section>\n<section class=\"ybc-p\">Nutra o cora\u00e7\u00e3o, acalme o esp\u00edrito e promova um sono reparador. Esta pasta de ervas tradicional foi formulada por especialistas para acalmar a mente e aliviar a inquieta\u00e7\u00e3o. Ela trata eficazmente problemas comuns como ins\u00f4nia, sono agitado com sonhos v\u00edvidos, irritabilidade e sintomas relacionados \u00e0 neurastenia. Ao promover um estado de profunda tranquilidade, ajuda voc\u00ea a ter um sono mais reparador e de melhor qualidade, fazendo com que acorde sentindo-se verdadeiramente revigorado.<\/section>\n<section class=\"ybc-p\"><strong>Principais benef\u00edcios:<\/strong><\/section>\n<ul class=\"ybc-ul-component\">\n<li class=\"ybc-li-component ybc-li-component_ul\">\n<section class=\"ybc-p\"><strong>Promove um sono natural:<\/strong>Incentiva a adormecer mais r\u00e1pido e a ter um sono mais profundo.<\/section>\n<\/li>\n<li class=\"ybc-li-component ybc-li-component_ul\">\n<section class=\"ybc-p\"><strong>Acalma o esp\u00edrito:<\/strong>Alivia a ansiedade, a irritabilidade e a mente agitada.<\/section>\n<\/li>\n<li class=\"ybc-li-component ybc-li-component_ul\">\n<section class=\"ybc-p\"><strong>Reduz sonhos inquietos:<\/strong>Ajuda a aliviar sonhos frequentes ou v\u00edvidos, proporcionando um descanso ininterrupto.<\/section>\n<\/li>\n<li class=\"ybc-li-component ybc-li-component_ul\">\n<section class=\"ybc-p\"><strong>Alivia a neurastenia:<\/strong>Combate sintomas como fadiga mental e estresse.<\/section>\n<\/li>\n<li class=\"ybc-li-component ybc-li-component_ul\">\n<section class=\"ybc-p\"><strong>Melhora a qualidade do sono:<\/strong>Favorece um ciclo de sono completo para que voc\u00ea acorde revigorado.<\/section>\n<\/li>\n<\/ul>\n<\/div>\n<\/div>\n<\/div>\n<\/div>\n<\/div>\n<\/div>\n<\/div>\n<div class=\"agent-chat__conv--ai__toolbar\" data-conv-index=\"19\" data-speech-index=\"0\">\n<div><\/div>\n<div class=\"agent-chat__toolbar agent-chat__toolbar_new\">\n<div class=\"agent-chat__toolbar__left\"><\/div>\n<div class=\"agent-chat__toolbar__right\">\n<div class=\"agent-chat__toolbar__item agent-chat__toolbar__copy agent-chat__toolbar__copy--fit-width\">\n<div class=\"agent-chat__toolbar__copy__icon\"><\/div>\n<div class=\"agent-chat__toolbar__copy__arrow-container\"><\/div>\n<\/div>\n<div class=\"agent-chat__toolbar__item agent-chat__toolbar__collect\"><\/div>\n<div class=\"agent-chat__toolbar__item agent-chat__toolbar__suitable\"><\/div>\n<div class=\"agent-chat__toolbar__item agent-chat__toolbar__suitable\"><\/div>\n<div class=\"dropdown-tooltip-wrapper\">\n<div class=\"agent-chat__toolbar__item agent-chat__toolbar__repeat\"><\/div>\n<\/div>\n<div class=\"agent-chat__toolbar__item agent-chat__toolbar__share\"><\/div>\n<\/div>\n<\/div>\n<\/div>","protected":false},"excerpt":{"rendered":"<p>Pasta de Sementes de Jujuba Azeda: Nutre o Cora\u00e7\u00e3o, Acalma o Esp\u00edrito e Promove um Sono Tranquilo. Esta pasta de ervas tradicional \u00e9 formulada por especialistas para acalmar a mente e<span class=\"excerpt-hellip\"> [\u2026]<\/span><\/p>","protected":false},"featured_media":1028,"comment_status":"open","ping_status":"closed","template":"","meta":[],"product_brand":[],"product_cat":[65],"product_tag":[],"class_list":{"0":"post-986","1":"product","2":"type-product","3":"status-publish","4":"has-post-thumbnail","6":"product_cat-rui_shan_tang","8":"first","9":"instock","10":"shipping-taxable","11":"product-type-external"},"yoast_head":"<!-- This site is optimized with the Yoast SEO Premium plugin v25.8 (Yoast SEO v25.8) - https:\/\/yoast.com\/wordpress\/plugins\/seo\/ -->\n<title>Wild Jujube Seed Paste - Jiushidao - Global Food Marketplace for Business Growth and Cosumers<\/title>\n<meta name=\"robots\" content=\"index, follow, max-snippet:-1, max-image-preview:large, max-video-preview:-1\" \/>\n<link rel=\"canonical\" href=\"https:\/\/jiushidao.com\/pt\/produto\/wild-jujube-seed-paste\/\" \/>\n<meta property=\"og:locale\" content=\"pt_PT\" \/>\n<meta property=\"og:type\" content=\"article\" \/>\n<meta property=\"og:title\" content=\"Wild Jujube Seed Paste\" \/>\n<meta property=\"og:description\" content=\"Sour Jujube Seed Paste Nourish the Heart, Calm the Spirit, and Promote Restful Sleep. This traditional herbal paste is expertly formulated to soothe the mind and [\u2026]\" \/>\n<meta property=\"og:url\" content=\"https:\/\/jiushidao.com\/pt\/produto\/wild-jujube-seed-paste\/\" \/>\n<meta property=\"og:site_name\" content=\"Jiushidao - Global Food Marketplace for Business Growth and Cosumers\" \/>\n<meta property=\"article:modified_time\" content=\"2025-12-23T21:51:37+00:00\" \/>\n<meta property=\"og:image\" content=\"https:\/\/jiushidao.com\/wp-content\/uploads\/2025\/11\/\u56fe\u72474.png\" \/>\n\t<meta property=\"og:image:width\" content=\"800\" \/>\n\t<meta property=\"og:image:height\" content=\"800\" \/>\n\t<meta property=\"og:image:type\" content=\"image\/png\" \/>\n<meta name=\"twitter:card\" content=\"summary_large_image\" \/>\n<meta name=\"twitter:label1\" content=\"Tempo estimado de leitura\" \/>\n\t<meta name=\"twitter:data1\" content=\"1 minuto\" \/>\n<script type=\"application\/ld+json\" class=\"yoast-schema-graph\">{\"@context\":\"https:\/\/schema.org\",\"@graph\":[{\"@type\":\"WebPage\",\"@id\":\"https:\/\/jiushidao.com\/product\/wild-jujube-seed-paste\/\",\"url\":\"https:\/\/jiushidao.com\/product\/wild-jujube-seed-paste\/\",\"name\":\"Wild Jujube Seed Paste - Jiushidao - Global Food Marketplace for Business Growth and Cosumers\",\"isPartOf\":{\"@id\":\"https:\/\/jiushidao.com\/#website\"},\"primaryImageOfPage\":{\"@id\":\"https:\/\/jiushidao.com\/product\/wild-jujube-seed-paste\/#primaryimage\"},\"image\":{\"@id\":\"https:\/\/jiushidao.com\/product\/wild-jujube-seed-paste\/#primaryimage\"},\"thumbnailUrl\":\"https:\/\/jiushidao.com\/wp-content\/uploads\/2025\/11\/\u56fe\u72474.png\",\"datePublished\":\"2025-11-20T12:26:02+00:00\",\"dateModified\":\"2025-12-23T21:51:37+00:00\",\"breadcrumb\":{\"@id\":\"https:\/\/jiushidao.com\/product\/wild-jujube-seed-paste\/#breadcrumb\"},\"inLanguage\":\"pt-PT\",\"potentialAction\":[{\"@type\":\"ReadAction\",\"target\":[\"https:\/\/jiushidao.com\/product\/wild-jujube-seed-paste\/\"]}]},{\"@type\":\"ImageObject\",\"inLanguage\":\"pt-PT\",\"@id\":\"https:\/\/jiushidao.com\/product\/wild-jujube-seed-paste\/#primaryimage\",\"url\":\"https:\/\/jiushidao.com\/wp-content\/uploads\/2025\/11\/\u56fe\u72474.png\",\"contentUrl\":\"https:\/\/jiushidao.com\/wp-content\/uploads\/2025\/11\/\u56fe\u72474.png\",\"width\":800,\"height\":800},{\"@type\":\"BreadcrumbList\",\"@id\":\"https:\/\/jiushidao.com\/product\/wild-jujube-seed-paste\/#breadcrumb\",\"itemListElement\":[{\"@type\":\"ListItem\",\"position\":1,\"name\":\"Home\",\"item\":\"https:\/\/jiushidao.com\/\"},{\"@type\":\"ListItem\",\"position\":2,\"name\":\"Store\",\"item\":\"https:\/\/jiushidao.com\/store\/\"},{\"@type\":\"ListItem\",\"position\":3,\"name\":\"Wild Jujube Seed Paste\"}]},{\"@type\":\"WebSite\",\"@id\":\"https:\/\/jiushidao.com\/#website\",\"url\":\"https:\/\/jiushidao.com\/\",\"name\":\"Jiushidao - Global Food Marketplace for Business Growth and Cosumers\",\"description\":\"Jiushidao - Global Food Marketplace for Business Growth and Cosumers\",\"potentialAction\":[{\"@type\":\"SearchAction\",\"target\":{\"@type\":\"EntryPoint\",\"urlTemplate\":\"https:\/\/jiushidao.com\/?s={search_term_string}\"},\"query-input\":{\"@type\":\"PropertyValueSpecification\",\"valueRequired\":true,\"valueName\":\"search_term_string\"}}],\"inLanguage\":\"pt-PT\"}]}<\/script>\n<!-- \/ Yoast SEO Premium plugin. -->","yoast_head_json":{"title":"Wild Jujube Seed Paste - Jiushidao - Global Food Marketplace for Business Growth and Cosumers","robots":{"index":"index","follow":"follow","max-snippet":"max-snippet:-1","max-image-preview":"max-image-preview:large","max-video-preview":"max-video-preview:-1"},"canonical":"https:\/\/jiushidao.com\/pt\/produto\/wild-jujube-seed-paste\/","og_locale":"pt_PT","og_type":"article","og_title":"Wild Jujube Seed Paste","og_description":"Sour Jujube Seed Paste Nourish the Heart, Calm the Spirit, and Promote Restful Sleep. This traditional herbal paste is expertly formulated to soothe the mind and [\u2026]","og_url":"https:\/\/jiushidao.com\/pt\/produto\/wild-jujube-seed-paste\/","og_site_name":"Jiushidao - Global Food Marketplace for Business Growth and Cosumers","article_modified_time":"2025-12-23T21:51:37+00:00","og_image":[{"width":800,"height":800,"url":"https:\/\/jiushidao.com\/wp-content\/uploads\/2025\/11\/\u56fe\u72474.png","type":"image\/png"}],"twitter_card":"summary_large_image","twitter_misc":{"Tempo estimado de leitura":"1 minuto"},"schema":{"@context":"https:\/\/schema.org","@graph":[{"@type":"WebPage","@id":"https:\/\/jiushidao.com\/product\/wild-jujube-seed-paste\/","url":"https:\/\/jiushidao.com\/product\/wild-jujube-seed-paste\/","name":"Wild Jujube Seed Paste - Jiushidao - Global Food Marketplace for Business Growth and Cosumers","isPartOf":{"@id":"https:\/\/jiushidao.com\/#website"},"primaryImageOfPage":{"@id":"https:\/\/jiushidao.com\/product\/wild-jujube-seed-paste\/#primaryimage"},"image":{"@id":"https:\/\/jiushidao.com\/product\/wild-jujube-seed-paste\/#primaryimage"},"thumbnailUrl":"https:\/\/jiushidao.com\/wp-content\/uploads\/2025\/11\/\u56fe\u72474.png","datePublished":"2025-11-20T12:26:02+00:00","dateModified":"2025-12-23T21:51:37+00:00","breadcrumb":{"@id":"https:\/\/jiushidao.com\/product\/wild-jujube-seed-paste\/#breadcrumb"},"inLanguage":"pt-PT","potentialAction":[{"@type":"ReadAction","target":["https:\/\/jiushidao.com\/product\/wild-jujube-seed-paste\/"]}]},{"@type":"ImageObject","inLanguage":"pt-PT","@id":"https:\/\/jiushidao.com\/product\/wild-jujube-seed-paste\/#primaryimage","url":"https:\/\/jiushidao.com\/wp-content\/uploads\/2025\/11\/\u56fe\u72474.png","contentUrl":"https:\/\/jiushidao.com\/wp-content\/uploads\/2025\/11\/\u56fe\u72474.png","width":800,"height":800},{"@type":"BreadcrumbList","@id":"https:\/\/jiushidao.com\/product\/wild-jujube-seed-paste\/#breadcrumb","itemListElement":[{"@type":"ListItem","position":1,"name":"Home","item":"https:\/\/jiushidao.com\/"},{"@type":"ListItem","position":2,"name":"Store","item":"https:\/\/jiushidao.com\/store\/"},{"@type":"ListItem","position":3,"name":"Wild Jujube Seed Paste"}]},{"@type":"WebSite","@id":"https:\/\/jiushidao.com\/#website","url":"https:\/\/jiushidao.com\/","name":"Jiushidao - Global Food Marketplace for Business Growth and Cosumers","description":"Jiushidao - Global Food Marketplace for Business Growth and Cosumers","potentialAction":[{"@type":"SearchAction","target":{"@type":"EntryPoint","urlTemplate":"https:\/\/jiushidao.com\/?s={search_term_string}"},"query-input":{"@type":"PropertyValueSpecification","valueRequired":true,"valueName":"search_term_string"}}],"inLanguage":"pt-PT"}]}},"_links":{"self":[{"href":"https:\/\/jiushidao.com\/pt\/wp-json\/wp\/v2\/product\/986","targetHints":{"allow":["GET"]}}],"collection":[{"href":"https:\/\/jiushidao.com\/pt\/wp-json\/wp\/v2\/product"}],"about":[{"href":"https:\/\/jiushidao.com\/pt\/wp-json\/wp\/v2\/types\/product"}],"replies":[{"embeddable":true,"href":"https:\/\/jiushidao.com\/pt\/wp-json\/wp\/v2\/comments?post=986"}],"version-history":[{"count":1,"href":"https:\/\/jiushidao.com\/pt\/wp-json\/wp\/v2\/product\/986\/revisions"}],"predecessor-version":[{"id":987,"href":"https:\/\/jiushidao.com\/pt\/wp-json\/wp\/v2\/product\/986\/revisions\/987"}],"wp:featuredmedia":[{"embeddable":true,"href":"https:\/\/jiushidao.com\/pt\/wp-json\/wp\/v2\/media\/1028"}],"wp:attachment":[{"href":"https:\/\/jiushidao.com\/pt\/wp-json\/wp\/v2\/media?parent=986"}],"wp:term":[{"taxonomy":"product_brand","embeddable":true,"href":"https:\/\/jiushidao.com\/pt\/wp-json\/wp\/v2\/product_brand?post=986"},{"taxonomy":"product_cat","embeddable":true,"href":"https:\/\/jiushidao.com\/pt\/wp-json\/wp\/v2\/product_cat?post=986"},{"taxonomy":"product_tag","embeddable":true,"href":"https:\/\/jiushidao.com\/pt\/wp-json\/wp\/v2\/product_tag?post=986"}],"curies":[{"name":"wp","href":"https:\/\/api.w.org\/{rel}","templated":true}]}}