{"id":961,"date":"2025-10-31T18:02:00","date_gmt":"2025-10-31T18:02:00","guid":{"rendered":"https:\/\/jiushidao.com\/?post_type=product&#038;p=961"},"modified":"2025-12-23T22:23:08","modified_gmt":"2025-12-23T22:23:08","slug":"mulberry-concentrate-paste","status":"publish","type":"product","link":"https:\/\/jiushidao.com\/pt\/produto\/mulberry-concentrate-paste\/","title":{"rendered":"Pasta concentrada de amoreira"},"content":{"rendered":"<section class=\"ybc-p\">Delicie-se com o sabor rico e aveludado de\u00a0<strong>Pasta de amoreira<\/strong>Elaborado com amoras amadurecidas ao sol, cultivadas no f\u00e9rtil o\u00e1sis do Condado de Shufu, em Kashgar, situado na borda oeste do Deserto de Taklamakan. Ali, as longas horas de sol e as significativas varia\u00e7\u00f5es de temperatura entre o dia e a noite permitem que as amoras desenvolvam uma do\u00e7ura excepcional e uma profundidade de sabor incompar\u00e1vel.<\/section>\n<section class=\"ybc-p\">Utilizando um processo suave a v\u00e1cuo e baixa temperatura (60 \u00b0C por 10 horas), cozinhamos lentamente as amoras frescas para preservar seus nutrientes naturais e sabor vibrante. O concentrado \u00e9 ent\u00e3o cuidadosamente filtrado atrav\u00e9s de uma peneira de 300 mesh, resultando em uma pasta lisa e brilhante, livre de impurezas.\u00a0<strong>sem aditivos<\/strong>\u2014Sem conservantes, espessantes, aromas ou corantes artificiais\u2014esta pasta oferece uma experi\u00eancia pura e rica em nutrientes. Cada frasco cont\u00e9m a ess\u00eancia de 10 kg de amoras frescas, condensada em 1 kg de pasta rica e arom\u00e1tica. Embalada em um frasco de vidro \u00e2mbar para prote\u00e7\u00e3o contra luz e oxig\u00eanio, garante frescor e pot\u00eancia duradouros.<\/section>\n<hr \/>\n<h3><strong>Principais caracter\u00edsticas<\/strong><\/h3>\n<ul class=\"ybc-ul-component\">\n<li class=\"ybc-li-component ybc-li-component_ul\">\n<section class=\"ybc-p\"><strong>Amoras Premium de Xinjiang<\/strong>Cultivado no o\u00e1sis rico em nutrientes do Condado de Shufu, Kashgar.<\/section>\n<\/li>\n<li class=\"ybc-li-component ybc-li-component_ul\">\n<section class=\"ybc-p\"><strong>Cozimento em fogo baixo a v\u00e1cuo<\/strong>: Fermenta\u00e7\u00e3o lenta a 60\u00b0C durante 10 horas para preservar os nutrientes e o sabor<\/section>\n<\/li>\n<li class=\"ybc-li-component ybc-li-component_ul\">\n<section class=\"ybc-p\"><strong>Sem aditivos<\/strong>Livre de conservantes, espessantes, aromatizantes e corantes artificiais.<\/section>\n<\/li>\n<li class=\"ybc-li-component ybc-li-component_ul\">\n<section class=\"ybc-p\"><strong>Altamente concentrado<\/strong>: 10 kg de amoras frescas condensadas em 1 kg de pasta<\/section>\n<\/li>\n<li class=\"ybc-li-component ybc-li-component_ul\">\n<section class=\"ybc-p\"><strong>Pote de vidro \u00e2mbar protetor<\/strong>Bloqueia a entrada de luz e oxig\u00eanio para manter o frescor e a pot\u00eancia.<\/section>\n<\/li>\n<\/ul>","protected":false},"excerpt":{"rendered":"<p>Delicie-se com o sabor rico e aveludado da Pasta de Amora, feita com amoras amadurecidas ao sol, cultivadas no f\u00e9rtil o\u00e1sis do Condado de Shufu, em Kashgar, situado na orla oeste.<span class=\"excerpt-hellip\"> [\u2026]<\/span><\/p>","protected":false},"featured_media":962,"comment_status":"open","ping_status":"closed","template":"","meta":[],"product_brand":[64],"product_cat":[63],"product_tag":[],"class_list":{"0":"post-961","1":"product","2":"type-product","3":"status-publish","4":"has-post-thumbnail","6":"product_brand-64","7":"product_cat-jiang_guo_cui","9":"first","10":"instock","11":"shipping-taxable","12":"product-type-external"},"yoast_head":"<!-- This site is optimized with the Yoast SEO Premium plugin v25.8 (Yoast SEO v25.8) - https:\/\/yoast.com\/wordpress\/plugins\/seo\/ -->\n<title>Mulberry Concentrate Paste\u200b - Jiushidao - Global Food Marketplace for Business Growth and Cosumers<\/title>\n<meta name=\"robots\" content=\"index, follow, max-snippet:-1, max-image-preview:large, max-video-preview:-1\" \/>\n<link rel=\"canonical\" href=\"https:\/\/jiushidao.com\/pt\/produto\/mulberry-concentrate-paste\/\" \/>\n<meta property=\"og:locale\" content=\"pt_PT\" \/>\n<meta property=\"og:type\" content=\"article\" \/>\n<meta property=\"og:title\" content=\"Mulberry Concentrate Paste\u200b\" \/>\n<meta property=\"og:description\" content=\"Indulge in the rich, velvety taste of\u00a0Mulberry Paste, crafted from sun-ripened mulberries grown in the fertile oasis of Shufu County, Kashgar, nestled along the western edge [\u2026]\" \/>\n<meta property=\"og:url\" content=\"https:\/\/jiushidao.com\/pt\/produto\/mulberry-concentrate-paste\/\" \/>\n<meta property=\"og:site_name\" content=\"Jiushidao - Global Food Marketplace for Business Growth and Cosumers\" \/>\n<meta property=\"article:modified_time\" content=\"2025-12-23T22:23:08+00:00\" \/>\n<meta property=\"og:image\" content=\"https:\/\/jiushidao.com\/wp-content\/uploads\/2025\/10\/\u56fe\u724719-1.png\" \/>\n\t<meta property=\"og:image:width\" content=\"68\" \/>\n\t<meta property=\"og:image:height\" content=\"84\" \/>\n\t<meta property=\"og:image:type\" content=\"image\/png\" \/>\n<meta name=\"twitter:card\" content=\"summary_large_image\" \/>\n<meta name=\"twitter:label1\" content=\"Tempo estimado de leitura\" \/>\n\t<meta name=\"twitter:data1\" content=\"2 minutos\" \/>\n<script type=\"application\/ld+json\" class=\"yoast-schema-graph\">{\"@context\":\"https:\/\/schema.org\",\"@graph\":[{\"@type\":\"WebPage\",\"@id\":\"https:\/\/jiushidao.com\/product\/mulberry-concentrate-paste\/\",\"url\":\"https:\/\/jiushidao.com\/product\/mulberry-concentrate-paste\/\",\"name\":\"Mulberry Concentrate Paste\u200b - Jiushidao - Global Food Marketplace for Business Growth and Cosumers\",\"isPartOf\":{\"@id\":\"https:\/\/jiushidao.com\/#website\"},\"primaryImageOfPage\":{\"@id\":\"https:\/\/jiushidao.com\/product\/mulberry-concentrate-paste\/#primaryimage\"},\"image\":{\"@id\":\"https:\/\/jiushidao.com\/product\/mulberry-concentrate-paste\/#primaryimage\"},\"thumbnailUrl\":\"https:\/\/jiushidao.com\/wp-content\/uploads\/2025\/10\/\u56fe\u724719-1.png\",\"datePublished\":\"2025-10-31T18:02:00+00:00\",\"dateModified\":\"2025-12-23T22:23:08+00:00\",\"breadcrumb\":{\"@id\":\"https:\/\/jiushidao.com\/product\/mulberry-concentrate-paste\/#breadcrumb\"},\"inLanguage\":\"pt-PT\",\"potentialAction\":[{\"@type\":\"ReadAction\",\"target\":[\"https:\/\/jiushidao.com\/product\/mulberry-concentrate-paste\/\"]}]},{\"@type\":\"ImageObject\",\"inLanguage\":\"pt-PT\",\"@id\":\"https:\/\/jiushidao.com\/product\/mulberry-concentrate-paste\/#primaryimage\",\"url\":\"https:\/\/jiushidao.com\/wp-content\/uploads\/2025\/10\/\u56fe\u724719-1.png\",\"contentUrl\":\"https:\/\/jiushidao.com\/wp-content\/uploads\/2025\/10\/\u56fe\u724719-1.png\",\"width\":68,\"height\":84},{\"@type\":\"BreadcrumbList\",\"@id\":\"https:\/\/jiushidao.com\/product\/mulberry-concentrate-paste\/#breadcrumb\",\"itemListElement\":[{\"@type\":\"ListItem\",\"position\":1,\"name\":\"Home\",\"item\":\"https:\/\/jiushidao.com\/\"},{\"@type\":\"ListItem\",\"position\":2,\"name\":\"Store\",\"item\":\"https:\/\/jiushidao.com\/store\/\"},{\"@type\":\"ListItem\",\"position\":3,\"name\":\"Mulberry Concentrate Paste\u200b\"}]},{\"@type\":\"WebSite\",\"@id\":\"https:\/\/jiushidao.com\/#website\",\"url\":\"https:\/\/jiushidao.com\/\",\"name\":\"Jiushidao - Global Food Marketplace for Business Growth and Cosumers\",\"description\":\"Jiushidao - Global Food Marketplace for Business Growth and Cosumers\",\"potentialAction\":[{\"@type\":\"SearchAction\",\"target\":{\"@type\":\"EntryPoint\",\"urlTemplate\":\"https:\/\/jiushidao.com\/?s={search_term_string}\"},\"query-input\":{\"@type\":\"PropertyValueSpecification\",\"valueRequired\":true,\"valueName\":\"search_term_string\"}}],\"inLanguage\":\"pt-PT\"}]}<\/script>\n<!-- \/ Yoast SEO Premium plugin. -->","yoast_head_json":{"title":"Mulberry Concentrate Paste\u200b - Jiushidao - Global Food Marketplace for Business Growth and Cosumers","robots":{"index":"index","follow":"follow","max-snippet":"max-snippet:-1","max-image-preview":"max-image-preview:large","max-video-preview":"max-video-preview:-1"},"canonical":"https:\/\/jiushidao.com\/pt\/produto\/mulberry-concentrate-paste\/","og_locale":"pt_PT","og_type":"article","og_title":"Mulberry Concentrate Paste\u200b","og_description":"Indulge in the rich, velvety taste of\u00a0Mulberry Paste, crafted from sun-ripened mulberries grown in the fertile oasis of Shufu County, Kashgar, nestled along the western edge [\u2026]","og_url":"https:\/\/jiushidao.com\/pt\/produto\/mulberry-concentrate-paste\/","og_site_name":"Jiushidao - Global Food Marketplace for Business Growth and Cosumers","article_modified_time":"2025-12-23T22:23:08+00:00","og_image":[{"width":68,"height":84,"url":"https:\/\/jiushidao.com\/wp-content\/uploads\/2025\/10\/\u56fe\u724719-1.png","type":"image\/png"}],"twitter_card":"summary_large_image","twitter_misc":{"Tempo estimado de leitura":"2 minutos"},"schema":{"@context":"https:\/\/schema.org","@graph":[{"@type":"WebPage","@id":"https:\/\/jiushidao.com\/product\/mulberry-concentrate-paste\/","url":"https:\/\/jiushidao.com\/product\/mulberry-concentrate-paste\/","name":"Mulberry Concentrate Paste\u200b - Jiushidao - Global Food Marketplace for Business Growth and Cosumers","isPartOf":{"@id":"https:\/\/jiushidao.com\/#website"},"primaryImageOfPage":{"@id":"https:\/\/jiushidao.com\/product\/mulberry-concentrate-paste\/#primaryimage"},"image":{"@id":"https:\/\/jiushidao.com\/product\/mulberry-concentrate-paste\/#primaryimage"},"thumbnailUrl":"https:\/\/jiushidao.com\/wp-content\/uploads\/2025\/10\/\u56fe\u724719-1.png","datePublished":"2025-10-31T18:02:00+00:00","dateModified":"2025-12-23T22:23:08+00:00","breadcrumb":{"@id":"https:\/\/jiushidao.com\/product\/mulberry-concentrate-paste\/#breadcrumb"},"inLanguage":"pt-PT","potentialAction":[{"@type":"ReadAction","target":["https:\/\/jiushidao.com\/product\/mulberry-concentrate-paste\/"]}]},{"@type":"ImageObject","inLanguage":"pt-PT","@id":"https:\/\/jiushidao.com\/product\/mulberry-concentrate-paste\/#primaryimage","url":"https:\/\/jiushidao.com\/wp-content\/uploads\/2025\/10\/\u56fe\u724719-1.png","contentUrl":"https:\/\/jiushidao.com\/wp-content\/uploads\/2025\/10\/\u56fe\u724719-1.png","width":68,"height":84},{"@type":"BreadcrumbList","@id":"https:\/\/jiushidao.com\/product\/mulberry-concentrate-paste\/#breadcrumb","itemListElement":[{"@type":"ListItem","position":1,"name":"Home","item":"https:\/\/jiushidao.com\/"},{"@type":"ListItem","position":2,"name":"Store","item":"https:\/\/jiushidao.com\/store\/"},{"@type":"ListItem","position":3,"name":"Mulberry Concentrate Paste\u200b"}]},{"@type":"WebSite","@id":"https:\/\/jiushidao.com\/#website","url":"https:\/\/jiushidao.com\/","name":"Jiushidao - Global Food Marketplace for Business Growth and Cosumers","description":"Jiushidao - Global Food Marketplace for Business Growth and Cosumers","potentialAction":[{"@type":"SearchAction","target":{"@type":"EntryPoint","urlTemplate":"https:\/\/jiushidao.com\/?s={search_term_string}"},"query-input":{"@type":"PropertyValueSpecification","valueRequired":true,"valueName":"search_term_string"}}],"inLanguage":"pt-PT"}]}},"_links":{"self":[{"href":"https:\/\/jiushidao.com\/pt\/wp-json\/wp\/v2\/product\/961","targetHints":{"allow":["GET"]}}],"collection":[{"href":"https:\/\/jiushidao.com\/pt\/wp-json\/wp\/v2\/product"}],"about":[{"href":"https:\/\/jiushidao.com\/pt\/wp-json\/wp\/v2\/types\/product"}],"replies":[{"embeddable":true,"href":"https:\/\/jiushidao.com\/pt\/wp-json\/wp\/v2\/comments?post=961"}],"version-history":[{"count":1,"href":"https:\/\/jiushidao.com\/pt\/wp-json\/wp\/v2\/product\/961\/revisions"}],"predecessor-version":[{"id":963,"href":"https:\/\/jiushidao.com\/pt\/wp-json\/wp\/v2\/product\/961\/revisions\/963"}],"wp:featuredmedia":[{"embeddable":true,"href":"https:\/\/jiushidao.com\/pt\/wp-json\/wp\/v2\/media\/962"}],"wp:attachment":[{"href":"https:\/\/jiushidao.com\/pt\/wp-json\/wp\/v2\/media?parent=961"}],"wp:term":[{"taxonomy":"product_brand","embeddable":true,"href":"https:\/\/jiushidao.com\/pt\/wp-json\/wp\/v2\/product_brand?post=961"},{"taxonomy":"product_cat","embeddable":true,"href":"https:\/\/jiushidao.com\/pt\/wp-json\/wp\/v2\/product_cat?post=961"},{"taxonomy":"product_tag","embeddable":true,"href":"https:\/\/jiushidao.com\/pt\/wp-json\/wp\/v2\/product_tag?post=961"}],"curies":[{"name":"wp","href":"https:\/\/api.w.org\/{rel}","templated":true}]}}