{"id":956,"date":"2025-10-31T10:16:52","date_gmt":"2025-10-31T10:16:52","guid":{"rendered":"https:\/\/jiushidao.com\/?post_type=product&#038;p=956"},"modified":"2025-12-23T21:54:32","modified_gmt":"2025-12-23T21:54:32","slug":"star-anise-pear-paste","status":"publish","type":"product","link":"https:\/\/jiushidao.com\/pt\/produto\/star-anise-pear-paste\/","title":{"rendered":"Pasta de Anis Estrelado e Pera"},"content":{"rendered":"<section class=\"ybc-p\">Experimente a ess\u00eancia pura das peras tradicionais de Xinjiang com\u00a0<strong>Bajiao Pasta de Pera Tradicional<\/strong>Elaborado a partir de variedades ancestrais de pera cultivadas no o\u00e1sis na extremidade oeste do Deserto de Taklamakan. Banhadas pela abundante luz solar e nutridas por significativas varia\u00e7\u00f5es de temperatura entre o dia e a noite, essas peras nativas amadurecem \u00e0 perfei\u00e7\u00e3o \u2014 macias, suculentas e naturalmente doces.<\/section>\n<section class=\"ybc-p\">Utilizando um processo suave a v\u00e1cuo e baixa temperatura (60 \u00b0C por 10 horas), cozinhamos as peras lentamente para preservar seu sabor delicado e seus nutrientes, e ent\u00e3o filtramos o concentrado atrav\u00e9s de uma peneira de 300 mesh para obter uma textura excepcionalmente suave.\u00a0<strong>sem aditivos<\/strong>\u2014Sem conservantes, espessantes, aromatizantes ou corantes\u2014esta pasta oferece um sabor puro e reconfortante que acalma a garganta e nutre o corpo. Embalada em um frasco de vidro \u00e2mbar para bloquear a luz e o oxig\u00eanio, cada frasco de pasta de pera \u00e9 um presente concentrado da natureza.<\/section>\n<hr \/>\n<h3><strong>Principais caracter\u00edsticas<\/strong><\/h3>\n<ul class=\"ybc-ul-component\">\n<li class=\"ybc-li-component ybc-li-component_ul\">\n<section class=\"ybc-p\">\u00a0<strong>Peras tradicionais de Xinjiang<\/strong>Cultivado no o\u00e1sis do deserto de Taklamakan para um sabor doce e intenso.<\/section>\n<\/li>\n<li class=\"ybc-li-component ybc-li-component_ul\">\n<section class=\"ybc-p\">\u00a0<strong>Cozimento lento a v\u00e1cuo<\/strong>A infus\u00e3o a 60\u00b0C durante 10 horas preserva os nutrientes e o sabor.<\/section>\n<\/li>\n<li class=\"ybc-li-component ybc-li-component_ul\">\n<section class=\"ybc-p\">\u00a0<strong>Sem aditivos<\/strong>Sem conservantes, espessantes, aromatizantes ou corantes artificiais.<\/section>\n<\/li>\n<li class=\"ybc-li-component ybc-li-component_ul\">\n<section class=\"ybc-p\">\u00a0<strong>Altamente concentrado<\/strong>: 10 kg de peras frescas condensadas em 1 kg de pasta<\/section>\n<\/li>\n<li class=\"ybc-li-component ybc-li-component_ul\">\n<section class=\"ybc-p\">\u00a0<strong>Embalagem que bloqueia a luz<\/strong>O frasco de vidro \u00e2mbar garante frescor e pot\u00eancia.<\/section>\n<\/li>\n<\/ul>","protected":false},"excerpt":{"rendered":"<p>Experimente a ess\u00eancia pura das peras tradicionais de Xinjiang com a Pasta de Pera Tradicional Bajiao, elaborada com variedades ancestrais de pera cultivadas no o\u00e1sis na extremidade oeste da prov\u00edncia.<span class=\"excerpt-hellip\"> [\u2026]<\/span><\/p>","protected":false},"featured_media":957,"comment_status":"open","ping_status":"closed","template":"","meta":[],"product_brand":[64],"product_cat":[63],"product_tag":[],"class_list":{"0":"post-956","1":"product","2":"type-product","3":"status-publish","4":"has-post-thumbnail","6":"product_brand-64","7":"product_cat-jiang_guo_cui","9":"first","10":"instock","11":"shipping-taxable","12":"product-type-external"},"yoast_head":"<!-- This site is optimized with the Yoast SEO Premium plugin v25.8 (Yoast SEO v25.8) - https:\/\/yoast.com\/wordpress\/plugins\/seo\/ -->\n<title>Star Anise &amp; Pear Paste\u200b - Jiushidao - Global Food Marketplace for Business Growth and Cosumers<\/title>\n<meta name=\"robots\" content=\"index, follow, max-snippet:-1, max-image-preview:large, max-video-preview:-1\" \/>\n<link rel=\"canonical\" href=\"https:\/\/jiushidao.com\/pt\/produto\/star-anise-pear-paste\/\" \/>\n<meta property=\"og:locale\" content=\"pt_PT\" \/>\n<meta property=\"og:type\" content=\"article\" \/>\n<meta property=\"og:title\" content=\"Star Anise &amp; Pear Paste\u200b\" \/>\n<meta property=\"og:description\" content=\"Experience the pure essence of Xinjiang\u2019s heritage pears with\u00a0Bajiao Traditional Pear Paste, crafted from ancient pear varieties grown in the oasis on the western edge of [\u2026]\" \/>\n<meta property=\"og:url\" content=\"https:\/\/jiushidao.com\/pt\/produto\/star-anise-pear-paste\/\" \/>\n<meta property=\"og:site_name\" content=\"Jiushidao - Global Food Marketplace for Business Growth and Cosumers\" \/>\n<meta property=\"article:modified_time\" content=\"2025-12-23T21:54:32+00:00\" \/>\n<meta property=\"og:image\" content=\"https:\/\/jiushidao.com\/wp-content\/uploads\/2025\/10\/\u56fe\u724718-1.png\" \/>\n\t<meta property=\"og:image:width\" content=\"800\" \/>\n\t<meta property=\"og:image:height\" content=\"1323\" \/>\n\t<meta property=\"og:image:type\" content=\"image\/png\" \/>\n<meta name=\"twitter:card\" content=\"summary_large_image\" \/>\n<meta name=\"twitter:label1\" content=\"Tempo estimado de leitura\" \/>\n\t<meta name=\"twitter:data1\" content=\"2 minutos\" \/>\n<script type=\"application\/ld+json\" class=\"yoast-schema-graph\">{\"@context\":\"https:\/\/schema.org\",\"@graph\":[{\"@type\":\"WebPage\",\"@id\":\"https:\/\/jiushidao.com\/product\/star-anise-pear-paste\/\",\"url\":\"https:\/\/jiushidao.com\/product\/star-anise-pear-paste\/\",\"name\":\"Star Anise & Pear Paste\u200b - Jiushidao - Global Food Marketplace for Business Growth and Cosumers\",\"isPartOf\":{\"@id\":\"https:\/\/jiushidao.com\/#website\"},\"primaryImageOfPage\":{\"@id\":\"https:\/\/jiushidao.com\/product\/star-anise-pear-paste\/#primaryimage\"},\"image\":{\"@id\":\"https:\/\/jiushidao.com\/product\/star-anise-pear-paste\/#primaryimage\"},\"thumbnailUrl\":\"https:\/\/jiushidao.com\/wp-content\/uploads\/2025\/10\/\u56fe\u724718-1.png\",\"datePublished\":\"2025-10-31T10:16:52+00:00\",\"dateModified\":\"2025-12-23T21:54:32+00:00\",\"breadcrumb\":{\"@id\":\"https:\/\/jiushidao.com\/product\/star-anise-pear-paste\/#breadcrumb\"},\"inLanguage\":\"pt-PT\",\"potentialAction\":[{\"@type\":\"ReadAction\",\"target\":[\"https:\/\/jiushidao.com\/product\/star-anise-pear-paste\/\"]}]},{\"@type\":\"ImageObject\",\"inLanguage\":\"pt-PT\",\"@id\":\"https:\/\/jiushidao.com\/product\/star-anise-pear-paste\/#primaryimage\",\"url\":\"https:\/\/jiushidao.com\/wp-content\/uploads\/2025\/10\/\u56fe\u724718-1.png\",\"contentUrl\":\"https:\/\/jiushidao.com\/wp-content\/uploads\/2025\/10\/\u56fe\u724718-1.png\",\"width\":800,\"height\":1323},{\"@type\":\"BreadcrumbList\",\"@id\":\"https:\/\/jiushidao.com\/product\/star-anise-pear-paste\/#breadcrumb\",\"itemListElement\":[{\"@type\":\"ListItem\",\"position\":1,\"name\":\"Home\",\"item\":\"https:\/\/jiushidao.com\/\"},{\"@type\":\"ListItem\",\"position\":2,\"name\":\"Store\",\"item\":\"https:\/\/jiushidao.com\/store\/\"},{\"@type\":\"ListItem\",\"position\":3,\"name\":\"Star Anise &#038; Pear Paste\u200b\"}]},{\"@type\":\"WebSite\",\"@id\":\"https:\/\/jiushidao.com\/#website\",\"url\":\"https:\/\/jiushidao.com\/\",\"name\":\"Jiushidao - Global Food Marketplace for Business Growth and Cosumers\",\"description\":\"Jiushidao - Global Food Marketplace for Business Growth and Cosumers\",\"potentialAction\":[{\"@type\":\"SearchAction\",\"target\":{\"@type\":\"EntryPoint\",\"urlTemplate\":\"https:\/\/jiushidao.com\/?s={search_term_string}\"},\"query-input\":{\"@type\":\"PropertyValueSpecification\",\"valueRequired\":true,\"valueName\":\"search_term_string\"}}],\"inLanguage\":\"pt-PT\"}]}<\/script>\n<!-- \/ Yoast SEO Premium plugin. -->","yoast_head_json":{"title":"Star Anise & Pear Paste\u200b - Jiushidao - Global Food Marketplace for Business Growth and Cosumers","robots":{"index":"index","follow":"follow","max-snippet":"max-snippet:-1","max-image-preview":"max-image-preview:large","max-video-preview":"max-video-preview:-1"},"canonical":"https:\/\/jiushidao.com\/pt\/produto\/star-anise-pear-paste\/","og_locale":"pt_PT","og_type":"article","og_title":"Star Anise & Pear Paste\u200b","og_description":"Experience the pure essence of Xinjiang\u2019s heritage pears with\u00a0Bajiao Traditional Pear Paste, crafted from ancient pear varieties grown in the oasis on the western edge of [\u2026]","og_url":"https:\/\/jiushidao.com\/pt\/produto\/star-anise-pear-paste\/","og_site_name":"Jiushidao - Global Food Marketplace for Business Growth and Cosumers","article_modified_time":"2025-12-23T21:54:32+00:00","og_image":[{"width":800,"height":1323,"url":"https:\/\/jiushidao.com\/wp-content\/uploads\/2025\/10\/\u56fe\u724718-1.png","type":"image\/png"}],"twitter_card":"summary_large_image","twitter_misc":{"Tempo estimado de leitura":"2 minutos"},"schema":{"@context":"https:\/\/schema.org","@graph":[{"@type":"WebPage","@id":"https:\/\/jiushidao.com\/product\/star-anise-pear-paste\/","url":"https:\/\/jiushidao.com\/product\/star-anise-pear-paste\/","name":"Star Anise & Pear Paste\u200b - Jiushidao - Global Food Marketplace for Business Growth and Cosumers","isPartOf":{"@id":"https:\/\/jiushidao.com\/#website"},"primaryImageOfPage":{"@id":"https:\/\/jiushidao.com\/product\/star-anise-pear-paste\/#primaryimage"},"image":{"@id":"https:\/\/jiushidao.com\/product\/star-anise-pear-paste\/#primaryimage"},"thumbnailUrl":"https:\/\/jiushidao.com\/wp-content\/uploads\/2025\/10\/\u56fe\u724718-1.png","datePublished":"2025-10-31T10:16:52+00:00","dateModified":"2025-12-23T21:54:32+00:00","breadcrumb":{"@id":"https:\/\/jiushidao.com\/product\/star-anise-pear-paste\/#breadcrumb"},"inLanguage":"pt-PT","potentialAction":[{"@type":"ReadAction","target":["https:\/\/jiushidao.com\/product\/star-anise-pear-paste\/"]}]},{"@type":"ImageObject","inLanguage":"pt-PT","@id":"https:\/\/jiushidao.com\/product\/star-anise-pear-paste\/#primaryimage","url":"https:\/\/jiushidao.com\/wp-content\/uploads\/2025\/10\/\u56fe\u724718-1.png","contentUrl":"https:\/\/jiushidao.com\/wp-content\/uploads\/2025\/10\/\u56fe\u724718-1.png","width":800,"height":1323},{"@type":"BreadcrumbList","@id":"https:\/\/jiushidao.com\/product\/star-anise-pear-paste\/#breadcrumb","itemListElement":[{"@type":"ListItem","position":1,"name":"Home","item":"https:\/\/jiushidao.com\/"},{"@type":"ListItem","position":2,"name":"Store","item":"https:\/\/jiushidao.com\/store\/"},{"@type":"ListItem","position":3,"name":"Star Anise &#038; Pear Paste\u200b"}]},{"@type":"WebSite","@id":"https:\/\/jiushidao.com\/#website","url":"https:\/\/jiushidao.com\/","name":"Jiushidao - Global Food Marketplace for Business Growth and Cosumers","description":"Jiushidao - Global Food Marketplace for Business Growth and Cosumers","potentialAction":[{"@type":"SearchAction","target":{"@type":"EntryPoint","urlTemplate":"https:\/\/jiushidao.com\/?s={search_term_string}"},"query-input":{"@type":"PropertyValueSpecification","valueRequired":true,"valueName":"search_term_string"}}],"inLanguage":"pt-PT"}]}},"_links":{"self":[{"href":"https:\/\/jiushidao.com\/pt\/wp-json\/wp\/v2\/product\/956","targetHints":{"allow":["GET"]}}],"collection":[{"href":"https:\/\/jiushidao.com\/pt\/wp-json\/wp\/v2\/product"}],"about":[{"href":"https:\/\/jiushidao.com\/pt\/wp-json\/wp\/v2\/types\/product"}],"replies":[{"embeddable":true,"href":"https:\/\/jiushidao.com\/pt\/wp-json\/wp\/v2\/comments?post=956"}],"version-history":[{"count":1,"href":"https:\/\/jiushidao.com\/pt\/wp-json\/wp\/v2\/product\/956\/revisions"}],"predecessor-version":[{"id":958,"href":"https:\/\/jiushidao.com\/pt\/wp-json\/wp\/v2\/product\/956\/revisions\/958"}],"wp:featuredmedia":[{"embeddable":true,"href":"https:\/\/jiushidao.com\/pt\/wp-json\/wp\/v2\/media\/957"}],"wp:attachment":[{"href":"https:\/\/jiushidao.com\/pt\/wp-json\/wp\/v2\/media?parent=956"}],"wp:term":[{"taxonomy":"product_brand","embeddable":true,"href":"https:\/\/jiushidao.com\/pt\/wp-json\/wp\/v2\/product_brand?post=956"},{"taxonomy":"product_cat","embeddable":true,"href":"https:\/\/jiushidao.com\/pt\/wp-json\/wp\/v2\/product_cat?post=956"},{"taxonomy":"product_tag","embeddable":true,"href":"https:\/\/jiushidao.com\/pt\/wp-json\/wp\/v2\/product_tag?post=956"}],"curies":[{"name":"wp","href":"https:\/\/api.w.org\/{rel}","templated":true}]}}