{"id":953,"date":"2025-10-31T10:12:10","date_gmt":"2025-10-31T10:12:10","guid":{"rendered":"https:\/\/jiushidao.com\/?post_type=product&#038;p=953"},"modified":"2025-12-23T21:54:55","modified_gmt":"2025-12-23T21:54:55","slug":"chinese-date-goji-berry-paste","status":"publish","type":"product","link":"https:\/\/jiushidao.com\/pt\/produto\/chinese-date-goji-berry-paste\/","title":{"rendered":"Pasta de t\u00e2mara chinesa e goji berry"},"content":{"rendered":"<section class=\"ybc-p\">Descubra a ess\u00eancia do bem-estar tradicional \u00e0 base de ervas com\u00a0<strong>Pasta Qizao<\/strong>, uma mistura meticulosamente elaborada de ingredientes premium provenientes das regi\u00f5es mais f\u00e9rteis de Xinjiang. Feito com t\u00e2maras vermelhas e jujuba selvagem do Condado de Shufu, alca\u00e7uz do Condado de Shule e bagas de goji de Jinghe, este concentrado \u00e9 fermentado lentamente usando um processo a v\u00e1cuo em baixa temperatura (60\u00b0C por 10 horas) para preservar os nutrientes e os sabores naturais.<\/section>\n<section class=\"ybc-p\">Por meio de concentra\u00e7\u00e3o avan\u00e7ada sob press\u00e3o negativa e filtra\u00e7\u00e3o fina (peneira de 300 mesh), eliminamos as impurezas, preservando a ess\u00eancia pura e potente dos ingredientes.\u00a0<strong>sem aditivos<\/strong>\u2014Sem conservantes, espessantes, aromatizantes ou corantes\u2014esta pasta oferece uma f\u00f3rmula pura e rica, com ingredientes naturais. Embalada em potes de vidro \u00e2mbar que bloqueiam a luz e o oxig\u00eanio, a Pasta Qizao proporciona os aut\u00eanticos benef\u00edcios das ervas em cada colherada.<\/section>\n<hr \/>\n<h3><strong>Principais caracter\u00edsticas<\/strong><\/h3>\n<ul class=\"ybc-ul-component\">\n<li class=\"ybc-li-component ybc-li-component_ul\">\n<section class=\"ybc-p\">\u00a0<strong>Fornecimento Premium<\/strong>: T\u00e2maras vermelhas (Shufu), jujuba (Shufu), alca\u00e7uz (Shule), goji berries (Jinghe)<\/section>\n<\/li>\n<li class=\"ybc-li-component ybc-li-component_ul\">\n<section class=\"ybc-p\">\u00a0<strong>Fabrica\u00e7\u00e3o a v\u00e1cuo em baixa temperatura<\/strong>Cozimento lento a 60\u00b0C por 10 horas para maximizar a reten\u00e7\u00e3o de nutrientes.<\/section>\n<\/li>\n<li class=\"ybc-li-component ybc-li-component_ul\">\n<section class=\"ybc-p\">\u00a0<strong>Sem aditivos<\/strong>Livre de conservantes, espessantes, aromatizantes e corantes artificiais.<\/section>\n<\/li>\n<li class=\"ybc-li-component ybc-li-component_ul\">\n<section class=\"ybc-p\">\u00a0<strong>F\u00f3rmula concentrada<\/strong>: 7 kg de bagas de goji + 2 kg de t\u00e2maras vermelhas + 1 kg de alca\u00e7uz = 1 kg de pasta<\/section>\n<\/li>\n<li class=\"ybc-li-component ybc-li-component_ul\">\n<section class=\"ybc-p\">\u00a0<strong>Embalagem protetora<\/strong>: O frasco de vidro \u00e2mbar bloqueia a luz e o oxig\u00eanio, preservando o frescor.<\/section>\n<\/li>\n<\/ul>","protected":false},"excerpt":{"rendered":"<p>Descubra a ess\u00eancia do bem-estar tradicional \u00e0 base de ervas com a Pasta Qizao, uma mistura meticulosamente elaborada de ingredientes premium provenientes das regi\u00f5es mais f\u00e9rteis de Xinjiang. Feita com t\u00e2maras vermelhas.<span class=\"excerpt-hellip\"> [\u2026]<\/span><\/p>","protected":false},"featured_media":954,"comment_status":"open","ping_status":"closed","template":"","meta":[],"product_brand":[64],"product_cat":[63],"product_tag":[],"class_list":{"0":"post-953","1":"product","2":"type-product","3":"status-publish","4":"has-post-thumbnail","6":"product_brand-64","7":"product_cat-jiang_guo_cui","9":"first","10":"instock","11":"shipping-taxable","12":"product-type-external"},"yoast_head":"<!-- This site is optimized with the Yoast SEO Premium plugin v25.8 (Yoast SEO v25.8) - https:\/\/yoast.com\/wordpress\/plugins\/seo\/ -->\n<title>Chinese Date &amp; Goji Berry Paste\u200b - Jiushidao - Global Food Marketplace for Business Growth and Cosumers<\/title>\n<meta name=\"robots\" content=\"index, follow, max-snippet:-1, max-image-preview:large, max-video-preview:-1\" \/>\n<link rel=\"canonical\" href=\"https:\/\/jiushidao.com\/pt\/produto\/chinese-date-goji-berry-paste\/\" \/>\n<meta property=\"og:locale\" content=\"pt_PT\" \/>\n<meta property=\"og:type\" content=\"article\" \/>\n<meta property=\"og:title\" content=\"Chinese Date &amp; Goji Berry Paste\u200b\" \/>\n<meta property=\"og:description\" content=\"Discover the essence of traditional herbal wellness with\u00a0Qizao Paste, a meticulously crafted blend of premium ingredients sourced from Xinjiang\u2019s most fertile regions. Made with red dates [\u2026]\" \/>\n<meta property=\"og:url\" content=\"https:\/\/jiushidao.com\/pt\/produto\/chinese-date-goji-berry-paste\/\" \/>\n<meta property=\"og:site_name\" content=\"Jiushidao - Global Food Marketplace for Business Growth and Cosumers\" \/>\n<meta property=\"article:modified_time\" content=\"2025-12-23T21:54:55+00:00\" \/>\n<meta property=\"og:image\" content=\"https:\/\/jiushidao.com\/wp-content\/uploads\/2025\/10\/\u56fe\u724717-1.png\" \/>\n\t<meta property=\"og:image:width\" content=\"84\" \/>\n\t<meta property=\"og:image:height\" content=\"83\" \/>\n\t<meta property=\"og:image:type\" content=\"image\/png\" \/>\n<meta name=\"twitter:card\" content=\"summary_large_image\" \/>\n<meta name=\"twitter:label1\" content=\"Tempo estimado de leitura\" \/>\n\t<meta name=\"twitter:data1\" content=\"1 minuto\" \/>\n<script type=\"application\/ld+json\" class=\"yoast-schema-graph\">{\"@context\":\"https:\/\/schema.org\",\"@graph\":[{\"@type\":\"WebPage\",\"@id\":\"https:\/\/jiushidao.com\/product\/chinese-date-goji-berry-paste\/\",\"url\":\"https:\/\/jiushidao.com\/product\/chinese-date-goji-berry-paste\/\",\"name\":\"Chinese Date & Goji Berry Paste\u200b - Jiushidao - Global Food Marketplace for Business Growth and Cosumers\",\"isPartOf\":{\"@id\":\"https:\/\/jiushidao.com\/#website\"},\"primaryImageOfPage\":{\"@id\":\"https:\/\/jiushidao.com\/product\/chinese-date-goji-berry-paste\/#primaryimage\"},\"image\":{\"@id\":\"https:\/\/jiushidao.com\/product\/chinese-date-goji-berry-paste\/#primaryimage\"},\"thumbnailUrl\":\"https:\/\/jiushidao.com\/wp-content\/uploads\/2025\/10\/\u56fe\u724717-1.png\",\"datePublished\":\"2025-10-31T10:12:10+00:00\",\"dateModified\":\"2025-12-23T21:54:55+00:00\",\"breadcrumb\":{\"@id\":\"https:\/\/jiushidao.com\/product\/chinese-date-goji-berry-paste\/#breadcrumb\"},\"inLanguage\":\"pt-PT\",\"potentialAction\":[{\"@type\":\"ReadAction\",\"target\":[\"https:\/\/jiushidao.com\/product\/chinese-date-goji-berry-paste\/\"]}]},{\"@type\":\"ImageObject\",\"inLanguage\":\"pt-PT\",\"@id\":\"https:\/\/jiushidao.com\/product\/chinese-date-goji-berry-paste\/#primaryimage\",\"url\":\"https:\/\/jiushidao.com\/wp-content\/uploads\/2025\/10\/\u56fe\u724717-1.png\",\"contentUrl\":\"https:\/\/jiushidao.com\/wp-content\/uploads\/2025\/10\/\u56fe\u724717-1.png\",\"width\":84,\"height\":83},{\"@type\":\"BreadcrumbList\",\"@id\":\"https:\/\/jiushidao.com\/product\/chinese-date-goji-berry-paste\/#breadcrumb\",\"itemListElement\":[{\"@type\":\"ListItem\",\"position\":1,\"name\":\"Home\",\"item\":\"https:\/\/jiushidao.com\/\"},{\"@type\":\"ListItem\",\"position\":2,\"name\":\"Store\",\"item\":\"https:\/\/jiushidao.com\/store\/\"},{\"@type\":\"ListItem\",\"position\":3,\"name\":\"Chinese Date &#038; Goji Berry Paste\u200b\"}]},{\"@type\":\"WebSite\",\"@id\":\"https:\/\/jiushidao.com\/#website\",\"url\":\"https:\/\/jiushidao.com\/\",\"name\":\"Jiushidao - Global Food Marketplace for Business Growth and Cosumers\",\"description\":\"Jiushidao - Global Food Marketplace for Business Growth and Cosumers\",\"potentialAction\":[{\"@type\":\"SearchAction\",\"target\":{\"@type\":\"EntryPoint\",\"urlTemplate\":\"https:\/\/jiushidao.com\/?s={search_term_string}\"},\"query-input\":{\"@type\":\"PropertyValueSpecification\",\"valueRequired\":true,\"valueName\":\"search_term_string\"}}],\"inLanguage\":\"pt-PT\"}]}<\/script>\n<!-- \/ Yoast SEO Premium plugin. -->","yoast_head_json":{"title":"Chinese Date & Goji Berry Paste\u200b - Jiushidao - Global Food Marketplace for Business Growth and Cosumers","robots":{"index":"index","follow":"follow","max-snippet":"max-snippet:-1","max-image-preview":"max-image-preview:large","max-video-preview":"max-video-preview:-1"},"canonical":"https:\/\/jiushidao.com\/pt\/produto\/chinese-date-goji-berry-paste\/","og_locale":"pt_PT","og_type":"article","og_title":"Chinese Date & Goji Berry Paste\u200b","og_description":"Discover the essence of traditional herbal wellness with\u00a0Qizao Paste, a meticulously crafted blend of premium ingredients sourced from Xinjiang\u2019s most fertile regions. Made with red dates [\u2026]","og_url":"https:\/\/jiushidao.com\/pt\/produto\/chinese-date-goji-berry-paste\/","og_site_name":"Jiushidao - Global Food Marketplace for Business Growth and Cosumers","article_modified_time":"2025-12-23T21:54:55+00:00","og_image":[{"width":84,"height":83,"url":"https:\/\/jiushidao.com\/wp-content\/uploads\/2025\/10\/\u56fe\u724717-1.png","type":"image\/png"}],"twitter_card":"summary_large_image","twitter_misc":{"Tempo estimado de leitura":"1 minuto"},"schema":{"@context":"https:\/\/schema.org","@graph":[{"@type":"WebPage","@id":"https:\/\/jiushidao.com\/product\/chinese-date-goji-berry-paste\/","url":"https:\/\/jiushidao.com\/product\/chinese-date-goji-berry-paste\/","name":"Chinese Date & Goji Berry Paste\u200b - Jiushidao - Global Food Marketplace for Business Growth and Cosumers","isPartOf":{"@id":"https:\/\/jiushidao.com\/#website"},"primaryImageOfPage":{"@id":"https:\/\/jiushidao.com\/product\/chinese-date-goji-berry-paste\/#primaryimage"},"image":{"@id":"https:\/\/jiushidao.com\/product\/chinese-date-goji-berry-paste\/#primaryimage"},"thumbnailUrl":"https:\/\/jiushidao.com\/wp-content\/uploads\/2025\/10\/\u56fe\u724717-1.png","datePublished":"2025-10-31T10:12:10+00:00","dateModified":"2025-12-23T21:54:55+00:00","breadcrumb":{"@id":"https:\/\/jiushidao.com\/product\/chinese-date-goji-berry-paste\/#breadcrumb"},"inLanguage":"pt-PT","potentialAction":[{"@type":"ReadAction","target":["https:\/\/jiushidao.com\/product\/chinese-date-goji-berry-paste\/"]}]},{"@type":"ImageObject","inLanguage":"pt-PT","@id":"https:\/\/jiushidao.com\/product\/chinese-date-goji-berry-paste\/#primaryimage","url":"https:\/\/jiushidao.com\/wp-content\/uploads\/2025\/10\/\u56fe\u724717-1.png","contentUrl":"https:\/\/jiushidao.com\/wp-content\/uploads\/2025\/10\/\u56fe\u724717-1.png","width":84,"height":83},{"@type":"BreadcrumbList","@id":"https:\/\/jiushidao.com\/product\/chinese-date-goji-berry-paste\/#breadcrumb","itemListElement":[{"@type":"ListItem","position":1,"name":"Home","item":"https:\/\/jiushidao.com\/"},{"@type":"ListItem","position":2,"name":"Store","item":"https:\/\/jiushidao.com\/store\/"},{"@type":"ListItem","position":3,"name":"Chinese Date &#038; Goji Berry Paste\u200b"}]},{"@type":"WebSite","@id":"https:\/\/jiushidao.com\/#website","url":"https:\/\/jiushidao.com\/","name":"Jiushidao - Global Food Marketplace for Business Growth and Cosumers","description":"Jiushidao - Global Food Marketplace for Business Growth and Cosumers","potentialAction":[{"@type":"SearchAction","target":{"@type":"EntryPoint","urlTemplate":"https:\/\/jiushidao.com\/?s={search_term_string}"},"query-input":{"@type":"PropertyValueSpecification","valueRequired":true,"valueName":"search_term_string"}}],"inLanguage":"pt-PT"}]}},"_links":{"self":[{"href":"https:\/\/jiushidao.com\/pt\/wp-json\/wp\/v2\/product\/953","targetHints":{"allow":["GET"]}}],"collection":[{"href":"https:\/\/jiushidao.com\/pt\/wp-json\/wp\/v2\/product"}],"about":[{"href":"https:\/\/jiushidao.com\/pt\/wp-json\/wp\/v2\/types\/product"}],"replies":[{"embeddable":true,"href":"https:\/\/jiushidao.com\/pt\/wp-json\/wp\/v2\/comments?post=953"}],"version-history":[{"count":1,"href":"https:\/\/jiushidao.com\/pt\/wp-json\/wp\/v2\/product\/953\/revisions"}],"predecessor-version":[{"id":955,"href":"https:\/\/jiushidao.com\/pt\/wp-json\/wp\/v2\/product\/953\/revisions\/955"}],"wp:featuredmedia":[{"embeddable":true,"href":"https:\/\/jiushidao.com\/pt\/wp-json\/wp\/v2\/media\/954"}],"wp:attachment":[{"href":"https:\/\/jiushidao.com\/pt\/wp-json\/wp\/v2\/media?parent=953"}],"wp:term":[{"taxonomy":"product_brand","embeddable":true,"href":"https:\/\/jiushidao.com\/pt\/wp-json\/wp\/v2\/product_brand?post=953"},{"taxonomy":"product_cat","embeddable":true,"href":"https:\/\/jiushidao.com\/pt\/wp-json\/wp\/v2\/product_cat?post=953"},{"taxonomy":"product_tag","embeddable":true,"href":"https:\/\/jiushidao.com\/pt\/wp-json\/wp\/v2\/product_tag?post=953"}],"curies":[{"name":"wp","href":"https:\/\/api.w.org\/{rel}","templated":true}]}}