{"id":950,"date":"2025-10-31T10:09:43","date_gmt":"2025-10-31T10:09:43","guid":{"rendered":"https:\/\/jiushidao.com\/?post_type=product&#038;p=950"},"modified":"2025-12-23T22:22:32","modified_gmt":"2025-12-23T22:22:32","slug":"xinjiang-fruit-extract-red-apple-blood-orange-pure-juice","status":"publish","type":"product","link":"https:\/\/jiushidao.com\/pt\/produto\/xinjiang-fruit-extract-red-apple-blood-orange-pure-juice\/","title":{"rendered":"Extrato de Frutas de Xinjiang, Suco Puro de Ma\u00e7\u00e3 Vermelha e Laranja Sangu\u00ednea"},"content":{"rendered":"<section class=\"ybc-p\">Delicie-se com a fus\u00e3o vibrante das ma\u00e7\u00e3s amadurecidas ao sol de Xinjiang e das melhores laranjas sangu\u00edneas de Sichuan.\u00a0<strong>Suco NFC de ma\u00e7\u00e3 vermelha e laranja sangu\u00ednea de Jiangguocui<\/strong>Nossas ma\u00e7\u00e3s s\u00e3o cultivadas no o\u00e1sis \u00fanico entre o Deserto de Taklamakan e as Montanhas Kunlun Ocidentais, onde o solo rico em minerais, a \u00e1gua pura, a luz solar abundante e as varia\u00e7\u00f5es dr\u00e1sticas de temperatura criam ma\u00e7\u00e3s com aroma e do\u00e7ura excepcionais. Elas s\u00e3o cuidadosamente combinadas com laranjas sangu\u00edneas premium da principal regi\u00e3o produtora de Sichuan, enviadas a -18\u00b0C para preservar o frescor.<\/section>\n<section class=\"ybc-p\">Utilizando a tecnologia NFC (Not From Concentrate), prensamos a frio as frutas dentro do extrato.\u00a0<strong>24 horas de colheita<\/strong>, preservando os sabores puros e vibrantes tanto da ma\u00e7\u00e3 quanto da laranja sangu\u00ednea. O resultado \u00e9 um suco perfeitamente equilibrado \u2014 naturalmente doce com um toque sutil de acidez \u2014 e\u00a0<strong>100% livre de aditivos<\/strong>Embalado em sacos de alum\u00ednio de alta qualidade sob prote\u00e7\u00e3o de g\u00e1s inerte, este suco leva o sabor aut\u00eantico e os nutrientes da fruta fresca diretamente at\u00e9 voc\u00ea.<\/section>\n<hr \/>\n<h3><strong>Principais caracter\u00edsticas<\/strong><\/h3>\n<ul class=\"ybc-ul-component\">\n<li class=\"ybc-li-component ybc-li-component_ul\">\n<section class=\"ybc-p\">\u00a0<strong>Ingredientes Premium<\/strong>Ma\u00e7\u00e3s nativas de Xinjiang + laranjas sangu\u00edneas de Sichuan<\/section>\n<\/li>\n<li class=\"ybc-li-component ybc-li-component_ul\">\n<section class=\"ybc-p\">\u00a0<strong>Transporte em cadeia fria a -18\u00b0C<\/strong>Laranjas sangu\u00edneas enviadas congeladas para preservar a qualidade.<\/section>\n<\/li>\n<li class=\"ybc-li-component ybc-li-component_ul\">\n<section class=\"ybc-p\">\u00a0<strong>Prensado a frio em at\u00e9 24 horas.<\/strong>Preserva o frescor e o sabor natural.<\/section>\n<\/li>\n<li class=\"ybc-li-component ybc-li-component_ul\">\n<section class=\"ybc-p\">\u00a0<strong>Embalagem avan\u00e7ada<\/strong>Bolsa revestida de alum\u00ednio com prote\u00e7\u00e3o de g\u00e1s inerte<\/section>\n<\/li>\n<li class=\"ybc-li-component ybc-li-component_ul\">\n<section class=\"ybc-p\">\u00a0<strong>100% Suco NFC<\/strong>Sem concentrados, adi\u00e7\u00e3o de \u00e1gua ou ado\u00e7antes.<\/section>\n<\/li>\n<\/ul>","protected":false},"excerpt":{"rendered":"<p>Delicie-se com a fus\u00e3o vibrante das ma\u00e7\u00e3s amadurecidas ao sol de Xinjiang e das melhores laranjas sangu\u00edneas de Sichuan no Suco NFC de Ma\u00e7\u00e3 Vermelha e Laranja Sangu\u00ednea Jiangguocui. Nossas ma\u00e7\u00e3s s\u00e3o cultivadas em<span class=\"excerpt-hellip\"> [\u2026]<\/span><\/p>","protected":false},"featured_media":951,"comment_status":"open","ping_status":"closed","template":"","meta":[],"product_brand":[64],"product_cat":[63],"product_tag":[],"class_list":{"0":"post-950","1":"product","2":"type-product","3":"status-publish","4":"has-post-thumbnail","6":"product_brand-64","7":"product_cat-jiang_guo_cui","9":"first","10":"instock","11":"shipping-taxable","12":"product-type-external"},"yoast_head":"<!-- This site is optimized with the Yoast SEO Premium plugin v25.8 (Yoast SEO v25.8) - https:\/\/yoast.com\/wordpress\/plugins\/seo\/ -->\n<title>Xinjiang Fruit Extract Red Apple &amp; Blood Orange Pure Juice\u200b - Jiushidao - Global Food Marketplace for Business Growth and Cosumers<\/title>\n<meta name=\"robots\" content=\"index, follow, max-snippet:-1, max-image-preview:large, max-video-preview:-1\" \/>\n<link rel=\"canonical\" href=\"https:\/\/jiushidao.com\/pt\/produto\/xinjiang-fruit-extract-red-apple-blood-orange-pure-juice\/\" \/>\n<meta property=\"og:locale\" content=\"pt_PT\" \/>\n<meta property=\"og:type\" content=\"article\" \/>\n<meta property=\"og:title\" content=\"Xinjiang Fruit Extract Red Apple &amp; Blood Orange Pure Juice\u200b\" \/>\n<meta property=\"og:description\" content=\"Savor the vibrant fusion of Xinjiang\u2019s sun-ripened apples and Sichuan\u2019s finest blood oranges with\u00a0Jiangguocui Red Apple &amp; Blood Orange NFC Juice. Our apples are grown in [\u2026]\" \/>\n<meta property=\"og:url\" content=\"https:\/\/jiushidao.com\/pt\/produto\/xinjiang-fruit-extract-red-apple-blood-orange-pure-juice\/\" \/>\n<meta property=\"og:site_name\" content=\"Jiushidao - Global Food Marketplace for Business Growth and Cosumers\" \/>\n<meta property=\"article:modified_time\" content=\"2025-12-23T22:22:32+00:00\" \/>\n<meta property=\"og:image\" content=\"https:\/\/jiushidao.com\/wp-content\/uploads\/2025\/10\/\u56fe\u724716-1-777x1200.png\" \/>\n\t<meta property=\"og:image:width\" content=\"777\" \/>\n\t<meta property=\"og:image:height\" content=\"1200\" \/>\n\t<meta property=\"og:image:type\" content=\"image\/png\" \/>\n<meta name=\"twitter:card\" content=\"summary_large_image\" \/>\n<meta name=\"twitter:label1\" content=\"Tempo estimado de leitura\" \/>\n\t<meta name=\"twitter:data1\" content=\"2 minutos\" \/>\n<script type=\"application\/ld+json\" class=\"yoast-schema-graph\">{\"@context\":\"https:\/\/schema.org\",\"@graph\":[{\"@type\":\"WebPage\",\"@id\":\"https:\/\/jiushidao.com\/product\/xinjiang-fruit-extract-red-apple-blood-orange-pure-juice\/\",\"url\":\"https:\/\/jiushidao.com\/product\/xinjiang-fruit-extract-red-apple-blood-orange-pure-juice\/\",\"name\":\"Xinjiang Fruit Extract Red Apple & Blood Orange Pure Juice\u200b - Jiushidao - Global Food Marketplace for Business Growth and Cosumers\",\"isPartOf\":{\"@id\":\"https:\/\/jiushidao.com\/#website\"},\"primaryImageOfPage\":{\"@id\":\"https:\/\/jiushidao.com\/product\/xinjiang-fruit-extract-red-apple-blood-orange-pure-juice\/#primaryimage\"},\"image\":{\"@id\":\"https:\/\/jiushidao.com\/product\/xinjiang-fruit-extract-red-apple-blood-orange-pure-juice\/#primaryimage\"},\"thumbnailUrl\":\"https:\/\/jiushidao.com\/wp-content\/uploads\/2025\/10\/\u56fe\u724716-1.png\",\"datePublished\":\"2025-10-31T10:09:43+00:00\",\"dateModified\":\"2025-12-23T22:22:32+00:00\",\"breadcrumb\":{\"@id\":\"https:\/\/jiushidao.com\/product\/xinjiang-fruit-extract-red-apple-blood-orange-pure-juice\/#breadcrumb\"},\"inLanguage\":\"pt-PT\",\"potentialAction\":[{\"@type\":\"ReadAction\",\"target\":[\"https:\/\/jiushidao.com\/product\/xinjiang-fruit-extract-red-apple-blood-orange-pure-juice\/\"]}]},{\"@type\":\"ImageObject\",\"inLanguage\":\"pt-PT\",\"@id\":\"https:\/\/jiushidao.com\/product\/xinjiang-fruit-extract-red-apple-blood-orange-pure-juice\/#primaryimage\",\"url\":\"https:\/\/jiushidao.com\/wp-content\/uploads\/2025\/10\/\u56fe\u724716-1.png\",\"contentUrl\":\"https:\/\/jiushidao.com\/wp-content\/uploads\/2025\/10\/\u56fe\u724716-1.png\",\"width\":1280,\"height\":1978},{\"@type\":\"BreadcrumbList\",\"@id\":\"https:\/\/jiushidao.com\/product\/xinjiang-fruit-extract-red-apple-blood-orange-pure-juice\/#breadcrumb\",\"itemListElement\":[{\"@type\":\"ListItem\",\"position\":1,\"name\":\"Home\",\"item\":\"https:\/\/jiushidao.com\/\"},{\"@type\":\"ListItem\",\"position\":2,\"name\":\"Store\",\"item\":\"https:\/\/jiushidao.com\/store\/\"},{\"@type\":\"ListItem\",\"position\":3,\"name\":\"Xinjiang Fruit Extract Red Apple &#038; Blood Orange Pure Juice\u200b\"}]},{\"@type\":\"WebSite\",\"@id\":\"https:\/\/jiushidao.com\/#website\",\"url\":\"https:\/\/jiushidao.com\/\",\"name\":\"Jiushidao - Global Food Marketplace for Business Growth and Cosumers\",\"description\":\"Jiushidao - Global Food Marketplace for Business Growth and Cosumers\",\"potentialAction\":[{\"@type\":\"SearchAction\",\"target\":{\"@type\":\"EntryPoint\",\"urlTemplate\":\"https:\/\/jiushidao.com\/?s={search_term_string}\"},\"query-input\":{\"@type\":\"PropertyValueSpecification\",\"valueRequired\":true,\"valueName\":\"search_term_string\"}}],\"inLanguage\":\"pt-PT\"}]}<\/script>\n<!-- \/ Yoast SEO Premium plugin. -->","yoast_head_json":{"title":"Xinjiang Fruit Extract Red Apple & Blood Orange Pure Juice\u200b - Jiushidao - Global Food Marketplace for Business Growth and Cosumers","robots":{"index":"index","follow":"follow","max-snippet":"max-snippet:-1","max-image-preview":"max-image-preview:large","max-video-preview":"max-video-preview:-1"},"canonical":"https:\/\/jiushidao.com\/pt\/produto\/xinjiang-fruit-extract-red-apple-blood-orange-pure-juice\/","og_locale":"pt_PT","og_type":"article","og_title":"Xinjiang Fruit Extract Red Apple & Blood Orange Pure Juice\u200b","og_description":"Savor the vibrant fusion of Xinjiang\u2019s sun-ripened apples and Sichuan\u2019s finest blood oranges with\u00a0Jiangguocui Red Apple &amp; Blood Orange NFC Juice. Our apples are grown in [\u2026]","og_url":"https:\/\/jiushidao.com\/pt\/produto\/xinjiang-fruit-extract-red-apple-blood-orange-pure-juice\/","og_site_name":"Jiushidao - Global Food Marketplace for Business Growth and Cosumers","article_modified_time":"2025-12-23T22:22:32+00:00","og_image":[{"width":777,"height":1200,"url":"https:\/\/jiushidao.com\/wp-content\/uploads\/2025\/10\/\u56fe\u724716-1-777x1200.png","type":"image\/png"}],"twitter_card":"summary_large_image","twitter_misc":{"Tempo estimado de leitura":"2 minutos"},"schema":{"@context":"https:\/\/schema.org","@graph":[{"@type":"WebPage","@id":"https:\/\/jiushidao.com\/product\/xinjiang-fruit-extract-red-apple-blood-orange-pure-juice\/","url":"https:\/\/jiushidao.com\/product\/xinjiang-fruit-extract-red-apple-blood-orange-pure-juice\/","name":"Xinjiang Fruit Extract Red Apple & Blood Orange Pure Juice\u200b - Jiushidao - Global Food Marketplace for Business Growth and Cosumers","isPartOf":{"@id":"https:\/\/jiushidao.com\/#website"},"primaryImageOfPage":{"@id":"https:\/\/jiushidao.com\/product\/xinjiang-fruit-extract-red-apple-blood-orange-pure-juice\/#primaryimage"},"image":{"@id":"https:\/\/jiushidao.com\/product\/xinjiang-fruit-extract-red-apple-blood-orange-pure-juice\/#primaryimage"},"thumbnailUrl":"https:\/\/jiushidao.com\/wp-content\/uploads\/2025\/10\/\u56fe\u724716-1.png","datePublished":"2025-10-31T10:09:43+00:00","dateModified":"2025-12-23T22:22:32+00:00","breadcrumb":{"@id":"https:\/\/jiushidao.com\/product\/xinjiang-fruit-extract-red-apple-blood-orange-pure-juice\/#breadcrumb"},"inLanguage":"pt-PT","potentialAction":[{"@type":"ReadAction","target":["https:\/\/jiushidao.com\/product\/xinjiang-fruit-extract-red-apple-blood-orange-pure-juice\/"]}]},{"@type":"ImageObject","inLanguage":"pt-PT","@id":"https:\/\/jiushidao.com\/product\/xinjiang-fruit-extract-red-apple-blood-orange-pure-juice\/#primaryimage","url":"https:\/\/jiushidao.com\/wp-content\/uploads\/2025\/10\/\u56fe\u724716-1.png","contentUrl":"https:\/\/jiushidao.com\/wp-content\/uploads\/2025\/10\/\u56fe\u724716-1.png","width":1280,"height":1978},{"@type":"BreadcrumbList","@id":"https:\/\/jiushidao.com\/product\/xinjiang-fruit-extract-red-apple-blood-orange-pure-juice\/#breadcrumb","itemListElement":[{"@type":"ListItem","position":1,"name":"Home","item":"https:\/\/jiushidao.com\/"},{"@type":"ListItem","position":2,"name":"Store","item":"https:\/\/jiushidao.com\/store\/"},{"@type":"ListItem","position":3,"name":"Xinjiang Fruit Extract Red Apple &#038; Blood Orange Pure Juice\u200b"}]},{"@type":"WebSite","@id":"https:\/\/jiushidao.com\/#website","url":"https:\/\/jiushidao.com\/","name":"Jiushidao - Global Food Marketplace for Business Growth and Cosumers","description":"Jiushidao - Global Food Marketplace for Business Growth and Cosumers","potentialAction":[{"@type":"SearchAction","target":{"@type":"EntryPoint","urlTemplate":"https:\/\/jiushidao.com\/?s={search_term_string}"},"query-input":{"@type":"PropertyValueSpecification","valueRequired":true,"valueName":"search_term_string"}}],"inLanguage":"pt-PT"}]}},"_links":{"self":[{"href":"https:\/\/jiushidao.com\/pt\/wp-json\/wp\/v2\/product\/950","targetHints":{"allow":["GET"]}}],"collection":[{"href":"https:\/\/jiushidao.com\/pt\/wp-json\/wp\/v2\/product"}],"about":[{"href":"https:\/\/jiushidao.com\/pt\/wp-json\/wp\/v2\/types\/product"}],"replies":[{"embeddable":true,"href":"https:\/\/jiushidao.com\/pt\/wp-json\/wp\/v2\/comments?post=950"}],"version-history":[{"count":1,"href":"https:\/\/jiushidao.com\/pt\/wp-json\/wp\/v2\/product\/950\/revisions"}],"predecessor-version":[{"id":952,"href":"https:\/\/jiushidao.com\/pt\/wp-json\/wp\/v2\/product\/950\/revisions\/952"}],"wp:featuredmedia":[{"embeddable":true,"href":"https:\/\/jiushidao.com\/pt\/wp-json\/wp\/v2\/media\/951"}],"wp:attachment":[{"href":"https:\/\/jiushidao.com\/pt\/wp-json\/wp\/v2\/media?parent=950"}],"wp:term":[{"taxonomy":"product_brand","embeddable":true,"href":"https:\/\/jiushidao.com\/pt\/wp-json\/wp\/v2\/product_brand?post=950"},{"taxonomy":"product_cat","embeddable":true,"href":"https:\/\/jiushidao.com\/pt\/wp-json\/wp\/v2\/product_cat?post=950"},{"taxonomy":"product_tag","embeddable":true,"href":"https:\/\/jiushidao.com\/pt\/wp-json\/wp\/v2\/product_tag?post=950"}],"curies":[{"name":"wp","href":"https:\/\/api.w.org\/{rel}","templated":true}]}}