{"id":942,"date":"2025-10-31T08:09:35","date_gmt":"2025-10-31T08:09:35","guid":{"rendered":"https:\/\/jiushidao.com\/?post_type=product&#038;p=942"},"modified":"2025-12-23T22:19:41","modified_gmt":"2025-12-23T22:19:41","slug":"xinjiang-fruit-extract-desert-red-goji-berry-whole-fruit-puree","status":"publish","type":"product","link":"https:\/\/jiushidao.com\/pt\/produto\/xinjiang-fruit-extract-desert-red-goji-berry-whole-fruit-puree\/","title":{"rendered":"Pur\u00ea de Fruta Inteira de Goji Berry Vermelho do Deserto com Extrato de Fruta de Xinjiang"},"content":{"rendered":"<section class=\"ybc-p\">Descubra o sabor aut\u00eantico e os benef\u00edcios para o bem-estar das melhores bagas de goji de Xinjiang com\u00a0<strong>Pur\u00ea de frutas inteiras de Goji Berry vermelho do deserto de Jiangguocui<\/strong>Origin\u00e1rias do o\u00e1sis ensolarado entre o Deserto de Taklamakan e as Montanhas Kunlun Ocidentais em Kashgar, nossas bagas de goji s\u00e3o cultivadas em solo rico em minerais, \u00e1gua pura, sol abundante e varia\u00e7\u00f5es significativas de temperatura entre o dia e a noite. Essas condi\u00e7\u00f5es ideais de cultivo resultam em bagas com um sabor singularmente rico \u2014 naturalmente doces, com um amargor sutil e agrad\u00e1vel e uma leve adstring\u00eancia.<\/section>\n<section class=\"ybc-p\">Utilizando tecnologia de prensagem a frio n\u00e3o concentrada, processamos delicadamente as bagas dentro de\u00a0<strong>24 horas de colheita<\/strong>para preservar todo o seu perfil nutricional e sabor aut\u00eantico. O resultado \u00e9 um pur\u00ea suave e com textura rica que \u00e9\u00a0<strong>100% bagas de goji puras<\/strong>Sem aditivos \u2014 sem adi\u00e7\u00e3o de \u00e1gua, a\u00e7\u00facar ou conservantes. Embalado em sach\u00eas de alum\u00ednio com tecnologia avan\u00e7ada de bloqueio de luz e prote\u00e7\u00e3o com g\u00e1s inerte, este pur\u00ea mant\u00e9m o frescor, a integridade dos nutrientes e a estabilidade ideais, da colheita at\u00e9 a sua casa.<\/section>\n<hr \/>\n<h3><strong>Principais caracter\u00edsticas<\/strong><\/h3>\n<ul class=\"ybc-ul-component\">\n<li class=\"ybc-li-component ybc-li-component_ul\">\n<section class=\"ybc-p\">\u00a0<strong>Bagas puras de Goji de Xinjiang:<\/strong>Cultivado no ambiente rico em nutrientes do o\u00e1sis des\u00e9rtico de Kashgar.<\/section>\n<\/li>\n<li class=\"ybc-li-component ybc-li-component_ul\">\n<section class=\"ybc-p\">\u00a0<strong>Prensado a frio em at\u00e9 24 horas:<\/strong>Preserva o frescor, o sabor e os nutrientes ativos.<\/section>\n<\/li>\n<li class=\"ybc-li-component ybc-li-component_ul\">\n<section class=\"ybc-p\">\u00a0<strong>Embalagem avan\u00e7ada com bloqueio de luz:<\/strong>Bolsa revestida de alum\u00ednio com prote\u00e7\u00e3o contra g\u00e1s inerte \u2014 resistente ao oxig\u00eanio, \u00e0 prova de quedas e com nutrientes preservados.<\/section>\n<\/li>\n<li class=\"ybc-li-component ybc-li-component_ul\">\n<section class=\"ybc-p\">\u00a0<strong>100% Ingredientes Limpos:<\/strong>Pur\u00ea de goji integral puro \u2014 sem aditivos ou concentrados.<\/section>\n<\/li>\n<li class=\"ybc-li-component ybc-li-component_ul\">\n<section class=\"ybc-p\">\u00a0<strong>Pur\u00ea de frutas inteiras:<\/strong>Preserva a casca, a polpa e as sementes para uma nutri\u00e7\u00e3o m\u00e1xima.<\/section>\n<\/li>\n<\/ul>","protected":false},"excerpt":{"rendered":"<p>Descubra o sabor aut\u00eantico e os benef\u00edcios para o bem-estar das melhores bagas de goji de Xinjiang com o Pur\u00ea de Fruta Inteira de Goji Vermelha do Deserto da Jiangguocui. Proveniente do o\u00e1sis ensolarado entre as duas regi\u00f5es.<span class=\"excerpt-hellip\"> [\u2026]<\/span><\/p>","protected":false},"featured_media":944,"comment_status":"open","ping_status":"closed","template":"","meta":[],"product_brand":[64],"product_cat":[61],"product_tag":[],"class_list":{"0":"post-942","1":"product","2":"type-product","3":"status-publish","4":"has-post-thumbnail","6":"product_brand-64","7":"product_cat-da_jiang_you_li","9":"first","10":"instock","11":"shipping-taxable","12":"product-type-external"},"yoast_head":"<!-- This site is optimized with the Yoast SEO Premium plugin v25.8 (Yoast SEO v25.8) - https:\/\/yoast.com\/wordpress\/plugins\/seo\/ -->\n<title>Xinjiang Fruit Extract Desert Red Goji Berry Whole Fruit Puree\u200b - Jiushidao - Global Food Marketplace for Business Growth and Cosumers<\/title>\n<meta name=\"robots\" content=\"index, follow, max-snippet:-1, max-image-preview:large, max-video-preview:-1\" \/>\n<link rel=\"canonical\" href=\"https:\/\/jiushidao.com\/pt\/produto\/xinjiang-fruit-extract-desert-red-goji-berry-whole-fruit-puree\/\" \/>\n<meta property=\"og:locale\" content=\"pt_PT\" \/>\n<meta property=\"og:type\" content=\"article\" \/>\n<meta property=\"og:title\" content=\"Xinjiang Fruit Extract Desert Red Goji Berry Whole Fruit Puree\u200b\" \/>\n<meta property=\"og:description\" content=\"Discover the authentic taste and wellness benefits of Xinjiang\u2019s finest goji berries with\u00a0Jiangguocui Desert Red Goji Berry Whole Fruit Puree. Sourced from the sun-drenched oasis between [\u2026]\" \/>\n<meta property=\"og:url\" content=\"https:\/\/jiushidao.com\/pt\/produto\/xinjiang-fruit-extract-desert-red-goji-berry-whole-fruit-puree\/\" \/>\n<meta property=\"og:site_name\" content=\"Jiushidao - Global Food Marketplace for Business Growth and Cosumers\" \/>\n<meta property=\"article:modified_time\" content=\"2025-12-23T22:19:41+00:00\" \/>\n<meta property=\"og:image\" content=\"https:\/\/jiushidao.com\/wp-content\/uploads\/2025\/10\/\u56fe\u724711-2-1200x800.png\" \/>\n\t<meta property=\"og:image:width\" content=\"1200\" \/>\n\t<meta property=\"og:image:height\" content=\"800\" \/>\n\t<meta property=\"og:image:type\" content=\"image\/png\" \/>\n<meta name=\"twitter:card\" content=\"summary_large_image\" \/>\n<meta name=\"twitter:label1\" content=\"Tempo estimado de leitura\" \/>\n\t<meta name=\"twitter:data1\" content=\"2 minutos\" \/>\n<script type=\"application\/ld+json\" class=\"yoast-schema-graph\">{\"@context\":\"https:\/\/schema.org\",\"@graph\":[{\"@type\":\"WebPage\",\"@id\":\"https:\/\/jiushidao.com\/product\/xinjiang-fruit-extract-desert-red-goji-berry-whole-fruit-puree\/\",\"url\":\"https:\/\/jiushidao.com\/product\/xinjiang-fruit-extract-desert-red-goji-berry-whole-fruit-puree\/\",\"name\":\"Xinjiang Fruit Extract Desert Red Goji Berry Whole Fruit Puree\u200b - Jiushidao - Global Food Marketplace for Business Growth and Cosumers\",\"isPartOf\":{\"@id\":\"https:\/\/jiushidao.com\/#website\"},\"primaryImageOfPage\":{\"@id\":\"https:\/\/jiushidao.com\/product\/xinjiang-fruit-extract-desert-red-goji-berry-whole-fruit-puree\/#primaryimage\"},\"image\":{\"@id\":\"https:\/\/jiushidao.com\/product\/xinjiang-fruit-extract-desert-red-goji-berry-whole-fruit-puree\/#primaryimage\"},\"thumbnailUrl\":\"https:\/\/jiushidao.com\/wp-content\/uploads\/2025\/10\/\u56fe\u724711-2.png\",\"datePublished\":\"2025-10-31T08:09:35+00:00\",\"dateModified\":\"2025-12-23T22:19:41+00:00\",\"breadcrumb\":{\"@id\":\"https:\/\/jiushidao.com\/product\/xinjiang-fruit-extract-desert-red-goji-berry-whole-fruit-puree\/#breadcrumb\"},\"inLanguage\":\"pt-PT\",\"potentialAction\":[{\"@type\":\"ReadAction\",\"target\":[\"https:\/\/jiushidao.com\/product\/xinjiang-fruit-extract-desert-red-goji-berry-whole-fruit-puree\/\"]}]},{\"@type\":\"ImageObject\",\"inLanguage\":\"pt-PT\",\"@id\":\"https:\/\/jiushidao.com\/product\/xinjiang-fruit-extract-desert-red-goji-berry-whole-fruit-puree\/#primaryimage\",\"url\":\"https:\/\/jiushidao.com\/wp-content\/uploads\/2025\/10\/\u56fe\u724711-2.png\",\"contentUrl\":\"https:\/\/jiushidao.com\/wp-content\/uploads\/2025\/10\/\u56fe\u724711-2.png\",\"width\":2493,\"height\":1661},{\"@type\":\"BreadcrumbList\",\"@id\":\"https:\/\/jiushidao.com\/product\/xinjiang-fruit-extract-desert-red-goji-berry-whole-fruit-puree\/#breadcrumb\",\"itemListElement\":[{\"@type\":\"ListItem\",\"position\":1,\"name\":\"Home\",\"item\":\"https:\/\/jiushidao.com\/\"},{\"@type\":\"ListItem\",\"position\":2,\"name\":\"Store\",\"item\":\"https:\/\/jiushidao.com\/store\/\"},{\"@type\":\"ListItem\",\"position\":3,\"name\":\"Xinjiang Fruit Extract Desert Red Goji Berry Whole Fruit Puree\u200b\"}]},{\"@type\":\"WebSite\",\"@id\":\"https:\/\/jiushidao.com\/#website\",\"url\":\"https:\/\/jiushidao.com\/\",\"name\":\"Jiushidao - Global Food Marketplace for Business Growth and Cosumers\",\"description\":\"Jiushidao - Global Food Marketplace for Business Growth and Cosumers\",\"potentialAction\":[{\"@type\":\"SearchAction\",\"target\":{\"@type\":\"EntryPoint\",\"urlTemplate\":\"https:\/\/jiushidao.com\/?s={search_term_string}\"},\"query-input\":{\"@type\":\"PropertyValueSpecification\",\"valueRequired\":true,\"valueName\":\"search_term_string\"}}],\"inLanguage\":\"pt-PT\"}]}<\/script>\n<!-- \/ Yoast SEO Premium plugin. -->","yoast_head_json":{"title":"Xinjiang Fruit Extract Desert Red Goji Berry Whole Fruit Puree\u200b - Jiushidao - Global Food Marketplace for Business Growth and Cosumers","robots":{"index":"index","follow":"follow","max-snippet":"max-snippet:-1","max-image-preview":"max-image-preview:large","max-video-preview":"max-video-preview:-1"},"canonical":"https:\/\/jiushidao.com\/pt\/produto\/xinjiang-fruit-extract-desert-red-goji-berry-whole-fruit-puree\/","og_locale":"pt_PT","og_type":"article","og_title":"Xinjiang Fruit Extract Desert Red Goji Berry Whole Fruit Puree\u200b","og_description":"Discover the authentic taste and wellness benefits of Xinjiang\u2019s finest goji berries with\u00a0Jiangguocui Desert Red Goji Berry Whole Fruit Puree. Sourced from the sun-drenched oasis between [\u2026]","og_url":"https:\/\/jiushidao.com\/pt\/produto\/xinjiang-fruit-extract-desert-red-goji-berry-whole-fruit-puree\/","og_site_name":"Jiushidao - Global Food Marketplace for Business Growth and Cosumers","article_modified_time":"2025-12-23T22:19:41+00:00","og_image":[{"width":1200,"height":800,"url":"https:\/\/jiushidao.com\/wp-content\/uploads\/2025\/10\/\u56fe\u724711-2-1200x800.png","type":"image\/png"}],"twitter_card":"summary_large_image","twitter_misc":{"Tempo estimado de leitura":"2 minutos"},"schema":{"@context":"https:\/\/schema.org","@graph":[{"@type":"WebPage","@id":"https:\/\/jiushidao.com\/product\/xinjiang-fruit-extract-desert-red-goji-berry-whole-fruit-puree\/","url":"https:\/\/jiushidao.com\/product\/xinjiang-fruit-extract-desert-red-goji-berry-whole-fruit-puree\/","name":"Xinjiang Fruit Extract Desert Red Goji Berry Whole Fruit Puree\u200b - Jiushidao - Global Food Marketplace for Business Growth and Cosumers","isPartOf":{"@id":"https:\/\/jiushidao.com\/#website"},"primaryImageOfPage":{"@id":"https:\/\/jiushidao.com\/product\/xinjiang-fruit-extract-desert-red-goji-berry-whole-fruit-puree\/#primaryimage"},"image":{"@id":"https:\/\/jiushidao.com\/product\/xinjiang-fruit-extract-desert-red-goji-berry-whole-fruit-puree\/#primaryimage"},"thumbnailUrl":"https:\/\/jiushidao.com\/wp-content\/uploads\/2025\/10\/\u56fe\u724711-2.png","datePublished":"2025-10-31T08:09:35+00:00","dateModified":"2025-12-23T22:19:41+00:00","breadcrumb":{"@id":"https:\/\/jiushidao.com\/product\/xinjiang-fruit-extract-desert-red-goji-berry-whole-fruit-puree\/#breadcrumb"},"inLanguage":"pt-PT","potentialAction":[{"@type":"ReadAction","target":["https:\/\/jiushidao.com\/product\/xinjiang-fruit-extract-desert-red-goji-berry-whole-fruit-puree\/"]}]},{"@type":"ImageObject","inLanguage":"pt-PT","@id":"https:\/\/jiushidao.com\/product\/xinjiang-fruit-extract-desert-red-goji-berry-whole-fruit-puree\/#primaryimage","url":"https:\/\/jiushidao.com\/wp-content\/uploads\/2025\/10\/\u56fe\u724711-2.png","contentUrl":"https:\/\/jiushidao.com\/wp-content\/uploads\/2025\/10\/\u56fe\u724711-2.png","width":2493,"height":1661},{"@type":"BreadcrumbList","@id":"https:\/\/jiushidao.com\/product\/xinjiang-fruit-extract-desert-red-goji-berry-whole-fruit-puree\/#breadcrumb","itemListElement":[{"@type":"ListItem","position":1,"name":"Home","item":"https:\/\/jiushidao.com\/"},{"@type":"ListItem","position":2,"name":"Store","item":"https:\/\/jiushidao.com\/store\/"},{"@type":"ListItem","position":3,"name":"Xinjiang Fruit Extract Desert Red Goji Berry Whole Fruit Puree\u200b"}]},{"@type":"WebSite","@id":"https:\/\/jiushidao.com\/#website","url":"https:\/\/jiushidao.com\/","name":"Jiushidao - Global Food Marketplace for Business Growth and Cosumers","description":"Jiushidao - Global Food Marketplace for Business Growth and Cosumers","potentialAction":[{"@type":"SearchAction","target":{"@type":"EntryPoint","urlTemplate":"https:\/\/jiushidao.com\/?s={search_term_string}"},"query-input":{"@type":"PropertyValueSpecification","valueRequired":true,"valueName":"search_term_string"}}],"inLanguage":"pt-PT"}]}},"_links":{"self":[{"href":"https:\/\/jiushidao.com\/pt\/wp-json\/wp\/v2\/product\/942","targetHints":{"allow":["GET"]}}],"collection":[{"href":"https:\/\/jiushidao.com\/pt\/wp-json\/wp\/v2\/product"}],"about":[{"href":"https:\/\/jiushidao.com\/pt\/wp-json\/wp\/v2\/types\/product"}],"replies":[{"embeddable":true,"href":"https:\/\/jiushidao.com\/pt\/wp-json\/wp\/v2\/comments?post=942"}],"version-history":[{"count":1,"href":"https:\/\/jiushidao.com\/pt\/wp-json\/wp\/v2\/product\/942\/revisions"}],"predecessor-version":[{"id":945,"href":"https:\/\/jiushidao.com\/pt\/wp-json\/wp\/v2\/product\/942\/revisions\/945"}],"wp:featuredmedia":[{"embeddable":true,"href":"https:\/\/jiushidao.com\/pt\/wp-json\/wp\/v2\/media\/944"}],"wp:attachment":[{"href":"https:\/\/jiushidao.com\/pt\/wp-json\/wp\/v2\/media?parent=942"}],"wp:term":[{"taxonomy":"product_brand","embeddable":true,"href":"https:\/\/jiushidao.com\/pt\/wp-json\/wp\/v2\/product_brand?post=942"},{"taxonomy":"product_cat","embeddable":true,"href":"https:\/\/jiushidao.com\/pt\/wp-json\/wp\/v2\/product_cat?post=942"},{"taxonomy":"product_tag","embeddable":true,"href":"https:\/\/jiushidao.com\/pt\/wp-json\/wp\/v2\/product_tag?post=942"}],"curies":[{"name":"wp","href":"https:\/\/api.w.org\/{rel}","templated":true}]}}