{"id":933,"date":"2025-10-31T07:35:49","date_gmt":"2025-10-31T07:35:49","guid":{"rendered":"https:\/\/jiushidao.com\/?post_type=product&#038;p=933"},"modified":"2025-12-23T22:48:34","modified_gmt":"2025-12-23T22:48:34","slug":"xinjiang-fruit-extract-central-asian-small-berry-sea-buckthorn-juice-beverage","status":"publish","type":"product","link":"https:\/\/jiushidao.com\/pt\/produto\/xinjiang-fruit-extract-central-asian-small-berry-sea-buckthorn-juice-beverage\/","title":{"rendered":"Extrato de Frutas de Xinjiang, Suco de Espinheiro-marinho de Bagas Pequenas da \u00c1sia Central"},"content":{"rendered":"<section class=\"ybc-p\">Descubra o sabor vibrante e os benef\u00edcios para o bem-estar da bebida de suco de espinheiro-marinho da \u00c1sia Central Jiangguocui. Proveniente das bagas de espinheiro-marinho da \u00c1sia Central, ricas em nutrientes e cultivadas no Planalto do Pamir, esta bebida refrescante cont\u00e9m\u00a0<strong>Suco puro de espinheiro-marinho \u226540%<\/strong>e foi desenvolvido para promover a sua sa\u00fade de dentro para fora.<\/section>\n<section class=\"ybc-p\">O espinheiro-marinho \u00e9 conhecido por suas propriedades naturais que ajudam a regular o ba\u00e7o e o est\u00f4mago. A presen\u00e7a de\u00a0<strong>\u03b2-sitosterol-\u03b2-D-glicos\u00eddeo<\/strong>Oferece benef\u00edcios antiulcerosos ao proteger a mucosa g\u00e1strica e reduzir a secre\u00e7\u00e3o excessiva de \u00e1cido, auxiliando assim na repara\u00e7\u00e3o do revestimento do est\u00f4mago e reduzindo a inflama\u00e7\u00e3o. Os compostos \u00e1cidos presentes no espinheiro-marinho tamb\u00e9m contribuem para a digest\u00e3o, promovendo o equil\u00edbrio do ba\u00e7o.<\/section>\n<section class=\"ybc-p\">Repleto de\u00a0<strong>vitamina C natural<\/strong>Este suco ajuda a combater a fadiga, promove a sa\u00fade do sangue, protege o trato digestivo e fortalece o sistema imunol\u00f3gico, combatendo os radicais livres. Com sua cor vibrante, sabor refrescante e o toque c\u00edtrico do espinheiro-marinho, cada gole oferece uma rica dose de bem-estar. Embora n\u00e3o possamos impedir o envelhecimento, podemos ajudar a reduzir os sinais da idade \u2014 o consumo regular de espinheiro-marinho contribui para a vitalidade da pele e ajuda a manter um brilho jovial.<\/section>\n<hr \/>\n<h3><strong>Principais caracter\u00edsticas<\/strong><\/h3>\n<ul class=\"ybc-ul-component\">\n<li class=\"ybc-li-component ybc-li-component_ul\">\n<section class=\"ybc-p\">\u00a0<strong>Ingredientes Premium<\/strong>Feito com espinheiro-marinho da \u00c1sia Central cultivado no Planalto do Pamir.<\/section>\n<\/li>\n<li class=\"ybc-li-component ybc-li-component_ul\">\n<section class=\"ybc-p\">\u00a0<strong>Alto teor de vitamina C<\/strong>Ajuda a combater a fadiga e a fortalecer a imunidade.<\/section>\n<\/li>\n<li class=\"ybc-li-component ybc-li-component_ul\">\n<section class=\"ybc-p\">\u00a0<strong>Suporte digestivo<\/strong>Auxilia na prote\u00e7\u00e3o da mucosa estomacal e promove uma digest\u00e3o saud\u00e1vel.<\/section>\n<\/li>\n<li class=\"ybc-li-component ybc-li-component_ul\">\n<section class=\"ybc-p\">\u00a0<strong>Natural e refrescante<\/strong>Sabor vibrante e picante, sem aditivos artificiais.<\/section>\n<\/li>\n<li class=\"ybc-li-component ybc-li-component_ul\">\n<section class=\"ybc-p\">\u00a0<strong>Beleza que vem de dentro<\/strong>F\u00f3rmula rica em antioxidantes que promove a sa\u00fade da pele e reduz os sinais vis\u00edveis de envelhecimento.<\/section>\n<\/li>\n<\/ul>","protected":false},"excerpt":{"rendered":"<p>Descubra o sabor vibrante e os benef\u00edcios para o bem-estar da bebida de suco de espinheiro-marinho da \u00c1sia Central Jiangguocui. Proveniente das bagas de espinheiro-marinho da \u00c1sia Central, ricas em nutrientes e cultivadas em...<span class=\"excerpt-hellip\"> [\u2026]<\/span><\/p>","protected":false},"featured_media":934,"comment_status":"open","ping_status":"closed","template":"","meta":[],"product_brand":[64],"product_cat":[63],"product_tag":[],"class_list":{"0":"post-933","1":"product","2":"type-product","3":"status-publish","4":"has-post-thumbnail","6":"product_brand-64","7":"product_cat-jiang_guo_cui","9":"first","10":"instock","11":"shipping-taxable","12":"product-type-external"},"yoast_head":"<!-- This site is optimized with the Yoast SEO Premium plugin v25.8 (Yoast SEO v25.8) - https:\/\/yoast.com\/wordpress\/plugins\/seo\/ -->\n<title>Xinjiang Fruit Extract Central Asian Small-Berry Sea Buckthorn Juice Beverage\u200b - Jiushidao - Global Food Marketplace for Business Growth and Cosumers<\/title>\n<meta name=\"robots\" content=\"index, follow, max-snippet:-1, max-image-preview:large, max-video-preview:-1\" \/>\n<link rel=\"canonical\" href=\"https:\/\/jiushidao.com\/pt\/produto\/xinjiang-fruit-extract-central-asian-small-berry-sea-buckthorn-juice-beverage\/\" \/>\n<meta property=\"og:locale\" content=\"pt_PT\" \/>\n<meta property=\"og:type\" content=\"article\" \/>\n<meta property=\"og:title\" content=\"Xinjiang Fruit Extract Central Asian Small-Berry Sea Buckthorn Juice Beverage\u200b\" \/>\n<meta property=\"og:description\" content=\"Discover the vibrant taste and wellness benefits of Jiangguocui Central Asian Sea Buckthorn Juice Beverage. Sourced from the nutrient-rich Central Asian sea buckthorn berries grown on [\u2026]\" \/>\n<meta property=\"og:url\" content=\"https:\/\/jiushidao.com\/pt\/produto\/xinjiang-fruit-extract-central-asian-small-berry-sea-buckthorn-juice-beverage\/\" \/>\n<meta property=\"og:site_name\" content=\"Jiushidao - Global Food Marketplace for Business Growth and Cosumers\" \/>\n<meta property=\"article:modified_time\" content=\"2025-12-23T22:48:34+00:00\" \/>\n<meta property=\"og:image\" content=\"https:\/\/jiushidao.com\/wp-content\/uploads\/2025\/10\/\u56fe\u72478-2.png\" \/>\n\t<meta property=\"og:image:width\" content=\"411\" \/>\n\t<meta property=\"og:image:height\" content=\"341\" \/>\n\t<meta property=\"og:image:type\" content=\"image\/png\" \/>\n<meta name=\"twitter:card\" content=\"summary_large_image\" \/>\n<meta name=\"twitter:label1\" content=\"Tempo estimado de leitura\" \/>\n\t<meta name=\"twitter:data1\" content=\"2 minutos\" \/>\n<script type=\"application\/ld+json\" class=\"yoast-schema-graph\">{\"@context\":\"https:\/\/schema.org\",\"@graph\":[{\"@type\":\"WebPage\",\"@id\":\"https:\/\/jiushidao.com\/product\/xinjiang-fruit-extract-central-asian-small-berry-sea-buckthorn-juice-beverage\/\",\"url\":\"https:\/\/jiushidao.com\/product\/xinjiang-fruit-extract-central-asian-small-berry-sea-buckthorn-juice-beverage\/\",\"name\":\"Xinjiang Fruit Extract Central Asian Small-Berry Sea Buckthorn Juice Beverage\u200b - Jiushidao - Global Food Marketplace for Business Growth and Cosumers\",\"isPartOf\":{\"@id\":\"https:\/\/jiushidao.com\/#website\"},\"primaryImageOfPage\":{\"@id\":\"https:\/\/jiushidao.com\/product\/xinjiang-fruit-extract-central-asian-small-berry-sea-buckthorn-juice-beverage\/#primaryimage\"},\"image\":{\"@id\":\"https:\/\/jiushidao.com\/product\/xinjiang-fruit-extract-central-asian-small-berry-sea-buckthorn-juice-beverage\/#primaryimage\"},\"thumbnailUrl\":\"https:\/\/jiushidao.com\/wp-content\/uploads\/2025\/10\/\u56fe\u72478-2.png\",\"datePublished\":\"2025-10-31T07:35:49+00:00\",\"dateModified\":\"2025-12-23T22:48:34+00:00\",\"breadcrumb\":{\"@id\":\"https:\/\/jiushidao.com\/product\/xinjiang-fruit-extract-central-asian-small-berry-sea-buckthorn-juice-beverage\/#breadcrumb\"},\"inLanguage\":\"pt-PT\",\"potentialAction\":[{\"@type\":\"ReadAction\",\"target\":[\"https:\/\/jiushidao.com\/product\/xinjiang-fruit-extract-central-asian-small-berry-sea-buckthorn-juice-beverage\/\"]}]},{\"@type\":\"ImageObject\",\"inLanguage\":\"pt-PT\",\"@id\":\"https:\/\/jiushidao.com\/product\/xinjiang-fruit-extract-central-asian-small-berry-sea-buckthorn-juice-beverage\/#primaryimage\",\"url\":\"https:\/\/jiushidao.com\/wp-content\/uploads\/2025\/10\/\u56fe\u72478-2.png\",\"contentUrl\":\"https:\/\/jiushidao.com\/wp-content\/uploads\/2025\/10\/\u56fe\u72478-2.png\",\"width\":411,\"height\":341},{\"@type\":\"BreadcrumbList\",\"@id\":\"https:\/\/jiushidao.com\/product\/xinjiang-fruit-extract-central-asian-small-berry-sea-buckthorn-juice-beverage\/#breadcrumb\",\"itemListElement\":[{\"@type\":\"ListItem\",\"position\":1,\"name\":\"Home\",\"item\":\"https:\/\/jiushidao.com\/\"},{\"@type\":\"ListItem\",\"position\":2,\"name\":\"Store\",\"item\":\"https:\/\/jiushidao.com\/store\/\"},{\"@type\":\"ListItem\",\"position\":3,\"name\":\"Xinjiang Fruit Extract Central Asian Small-Berry Sea Buckthorn Juice Beverage\u200b\"}]},{\"@type\":\"WebSite\",\"@id\":\"https:\/\/jiushidao.com\/#website\",\"url\":\"https:\/\/jiushidao.com\/\",\"name\":\"Jiushidao - Global Food Marketplace for Business Growth and Cosumers\",\"description\":\"Jiushidao - Global Food Marketplace for Business Growth and Cosumers\",\"potentialAction\":[{\"@type\":\"SearchAction\",\"target\":{\"@type\":\"EntryPoint\",\"urlTemplate\":\"https:\/\/jiushidao.com\/?s={search_term_string}\"},\"query-input\":{\"@type\":\"PropertyValueSpecification\",\"valueRequired\":true,\"valueName\":\"search_term_string\"}}],\"inLanguage\":\"pt-PT\"}]}<\/script>\n<!-- \/ Yoast SEO Premium plugin. -->","yoast_head_json":{"title":"Xinjiang Fruit Extract Central Asian Small-Berry Sea Buckthorn Juice Beverage\u200b - Jiushidao - Global Food Marketplace for Business Growth and Cosumers","robots":{"index":"index","follow":"follow","max-snippet":"max-snippet:-1","max-image-preview":"max-image-preview:large","max-video-preview":"max-video-preview:-1"},"canonical":"https:\/\/jiushidao.com\/pt\/produto\/xinjiang-fruit-extract-central-asian-small-berry-sea-buckthorn-juice-beverage\/","og_locale":"pt_PT","og_type":"article","og_title":"Xinjiang Fruit Extract Central Asian Small-Berry Sea Buckthorn Juice Beverage\u200b","og_description":"Discover the vibrant taste and wellness benefits of Jiangguocui Central Asian Sea Buckthorn Juice Beverage. Sourced from the nutrient-rich Central Asian sea buckthorn berries grown on [\u2026]","og_url":"https:\/\/jiushidao.com\/pt\/produto\/xinjiang-fruit-extract-central-asian-small-berry-sea-buckthorn-juice-beverage\/","og_site_name":"Jiushidao - Global Food Marketplace for Business Growth and Cosumers","article_modified_time":"2025-12-23T22:48:34+00:00","og_image":[{"width":411,"height":341,"url":"https:\/\/jiushidao.com\/wp-content\/uploads\/2025\/10\/\u56fe\u72478-2.png","type":"image\/png"}],"twitter_card":"summary_large_image","twitter_misc":{"Tempo estimado de leitura":"2 minutos"},"schema":{"@context":"https:\/\/schema.org","@graph":[{"@type":"WebPage","@id":"https:\/\/jiushidao.com\/product\/xinjiang-fruit-extract-central-asian-small-berry-sea-buckthorn-juice-beverage\/","url":"https:\/\/jiushidao.com\/product\/xinjiang-fruit-extract-central-asian-small-berry-sea-buckthorn-juice-beverage\/","name":"Xinjiang Fruit Extract Central Asian Small-Berry Sea Buckthorn Juice Beverage\u200b - Jiushidao - Global Food Marketplace for Business Growth and Cosumers","isPartOf":{"@id":"https:\/\/jiushidao.com\/#website"},"primaryImageOfPage":{"@id":"https:\/\/jiushidao.com\/product\/xinjiang-fruit-extract-central-asian-small-berry-sea-buckthorn-juice-beverage\/#primaryimage"},"image":{"@id":"https:\/\/jiushidao.com\/product\/xinjiang-fruit-extract-central-asian-small-berry-sea-buckthorn-juice-beverage\/#primaryimage"},"thumbnailUrl":"https:\/\/jiushidao.com\/wp-content\/uploads\/2025\/10\/\u56fe\u72478-2.png","datePublished":"2025-10-31T07:35:49+00:00","dateModified":"2025-12-23T22:48:34+00:00","breadcrumb":{"@id":"https:\/\/jiushidao.com\/product\/xinjiang-fruit-extract-central-asian-small-berry-sea-buckthorn-juice-beverage\/#breadcrumb"},"inLanguage":"pt-PT","potentialAction":[{"@type":"ReadAction","target":["https:\/\/jiushidao.com\/product\/xinjiang-fruit-extract-central-asian-small-berry-sea-buckthorn-juice-beverage\/"]}]},{"@type":"ImageObject","inLanguage":"pt-PT","@id":"https:\/\/jiushidao.com\/product\/xinjiang-fruit-extract-central-asian-small-berry-sea-buckthorn-juice-beverage\/#primaryimage","url":"https:\/\/jiushidao.com\/wp-content\/uploads\/2025\/10\/\u56fe\u72478-2.png","contentUrl":"https:\/\/jiushidao.com\/wp-content\/uploads\/2025\/10\/\u56fe\u72478-2.png","width":411,"height":341},{"@type":"BreadcrumbList","@id":"https:\/\/jiushidao.com\/product\/xinjiang-fruit-extract-central-asian-small-berry-sea-buckthorn-juice-beverage\/#breadcrumb","itemListElement":[{"@type":"ListItem","position":1,"name":"Home","item":"https:\/\/jiushidao.com\/"},{"@type":"ListItem","position":2,"name":"Store","item":"https:\/\/jiushidao.com\/store\/"},{"@type":"ListItem","position":3,"name":"Xinjiang Fruit Extract Central Asian Small-Berry Sea Buckthorn Juice Beverage\u200b"}]},{"@type":"WebSite","@id":"https:\/\/jiushidao.com\/#website","url":"https:\/\/jiushidao.com\/","name":"Jiushidao - Global Food Marketplace for Business Growth and Cosumers","description":"Jiushidao - Global Food Marketplace for Business Growth and Cosumers","potentialAction":[{"@type":"SearchAction","target":{"@type":"EntryPoint","urlTemplate":"https:\/\/jiushidao.com\/?s={search_term_string}"},"query-input":{"@type":"PropertyValueSpecification","valueRequired":true,"valueName":"search_term_string"}}],"inLanguage":"pt-PT"}]}},"_links":{"self":[{"href":"https:\/\/jiushidao.com\/pt\/wp-json\/wp\/v2\/product\/933","targetHints":{"allow":["GET"]}}],"collection":[{"href":"https:\/\/jiushidao.com\/pt\/wp-json\/wp\/v2\/product"}],"about":[{"href":"https:\/\/jiushidao.com\/pt\/wp-json\/wp\/v2\/types\/product"}],"replies":[{"embeddable":true,"href":"https:\/\/jiushidao.com\/pt\/wp-json\/wp\/v2\/comments?post=933"}],"version-history":[{"count":1,"href":"https:\/\/jiushidao.com\/pt\/wp-json\/wp\/v2\/product\/933\/revisions"}],"predecessor-version":[{"id":935,"href":"https:\/\/jiushidao.com\/pt\/wp-json\/wp\/v2\/product\/933\/revisions\/935"}],"wp:featuredmedia":[{"embeddable":true,"href":"https:\/\/jiushidao.com\/pt\/wp-json\/wp\/v2\/media\/934"}],"wp:attachment":[{"href":"https:\/\/jiushidao.com\/pt\/wp-json\/wp\/v2\/media?parent=933"}],"wp:term":[{"taxonomy":"product_brand","embeddable":true,"href":"https:\/\/jiushidao.com\/pt\/wp-json\/wp\/v2\/product_brand?post=933"},{"taxonomy":"product_cat","embeddable":true,"href":"https:\/\/jiushidao.com\/pt\/wp-json\/wp\/v2\/product_cat?post=933"},{"taxonomy":"product_tag","embeddable":true,"href":"https:\/\/jiushidao.com\/pt\/wp-json\/wp\/v2\/product_tag?post=933"}],"curies":[{"name":"wp","href":"https:\/\/api.w.org\/{rel}","templated":true}]}}