{"id":930,"date":"2025-10-31T07:33:44","date_gmt":"2025-10-31T07:33:44","guid":{"rendered":"https:\/\/jiushidao.com\/?post_type=product&#038;p=930"},"modified":"2025-12-23T22:50:54","modified_gmt":"2025-12-23T22:50:54","slug":"xinjiang-fruit-extract-nfc-prune-puree","status":"publish","type":"product","link":"https:\/\/jiushidao.com\/pt\/produto\/xinjiang-fruit-extract-nfc-prune-puree\/","title":{"rendered":"Pur\u00ea de Ameixa com Extrato de Frutas de Xinjiang NFC"},"content":{"rendered":"<section class=\"ybc-p\">Delicie-se com o sabor aut\u00eantico das melhores ameixas secas de Xinjiang com o Pur\u00ea de Ameixas Secas NFC da Jiangguocui. Origin\u00e1rias de Kashgar \u2014 conhecida como a &quot;Terra Natal das Ameixas Secas&quot; \u2014 nossas ameixas secas francesas prosperam no o\u00e1sis \u00fanico entre o Deserto de Taklamakan e as Montanhas Kunlun Ocidentais. Nutridas por solo rico em minerais, sol abundante, \u00e1gua pura e varia\u00e7\u00f5es significativas de temperatura entre o dia e a noite, essas ameixas desenvolvem um aroma excepcional, textura suculenta e do\u00e7ura bem equilibrada.<\/section>\n<section class=\"ybc-p\">Utilizando a tecnologia NFC (Not From Concentrate), prensamos a frio as ameixas secas.\u00a0<strong>24 horas de colheita<\/strong>para preservar seus nutrientes naturais e sabor rico. Cada pacote cont\u00e9m o equivalente a\u00a0<strong>aproximadamente 15 ameixas frescas francesas<\/strong>Com um teor de s\u00f3lidos sol\u00faveis superior aos padr\u00f5es nacionais, este pur\u00ea oferece um sabor excepcionalmente doce e aut\u00eantico. Embalado em sacos de alum\u00ednio de alta qualidade sob prote\u00e7\u00e3o de g\u00e1s inerte, garante o m\u00e1ximo frescor e preserva\u00e7\u00e3o de nutrientes.<\/section>\n<hr \/>\n<section class=\"ybc-p\"><strong>Principais caracter\u00edsticas<\/strong><\/section>\n<ul class=\"ybc-ul-component\">\n<li class=\"ybc-li-component ybc-li-component_ul\">\n<section class=\"ybc-p\">\u00a0<strong>Ameixas francesas premium<\/strong>Cultivado no ambiente ideal de o\u00e1sis de Kashgar.<\/section>\n<\/li>\n<li class=\"ybc-li-component ybc-li-component_ul\">\n<section class=\"ybc-p\">\u00a0<strong>Prensado a frio em at\u00e9 24 horas.<\/strong>Preserva o frescor e a do\u00e7ura natural.<\/section>\n<\/li>\n<li class=\"ybc-li-component ybc-li-component_ul\">\n<section class=\"ybc-p\">\u00a0<strong>S\u00f3lidos altamente sol\u00faveis<\/strong>Sabor mais rico e maior densidade nutricional<\/section>\n<\/li>\n<li class=\"ybc-li-component ybc-li-component_ul\">\n<section class=\"ybc-p\">\u00a0<strong>Sem aditivos<\/strong>Suco de ameixa puro 100% \u2014 sem conservantes ou adi\u00e7\u00e3o de a\u00e7\u00facares.<\/section>\n<\/li>\n<li class=\"ybc-li-component ybc-li-component_ul\">\n<section class=\"ybc-p\">\u00a0<strong>Embalagem avan\u00e7ada<\/strong>Bolsa revestida de alum\u00ednio com prote\u00e7\u00e3o de g\u00e1s inerte<\/section>\n<\/li>\n<\/ul>","protected":false},"excerpt":{"rendered":"<p>Delicie-se com o sabor aut\u00eantico das melhores ameixas secas de Xinjiang com o Pur\u00ea de Ameixas Secas NFC da Jiangguocui. Origin\u00e1rias de Kashgar \u2014 conhecida como a &quot;Terra Natal das Ameixas Secas&quot; \u2014 nossas ameixas secas francesas prosperam em<span class=\"excerpt-hellip\"> [\u2026]<\/span><\/p>","protected":false},"featured_media":931,"comment_status":"open","ping_status":"closed","template":"","meta":[],"product_brand":[64],"product_cat":[63],"product_tag":[],"class_list":{"0":"post-930","1":"product","2":"type-product","3":"status-publish","4":"has-post-thumbnail","6":"product_brand-64","7":"product_cat-jiang_guo_cui","9":"first","10":"instock","11":"shipping-taxable","12":"product-type-external"},"yoast_head":"<!-- This site is optimized with the Yoast SEO Premium plugin v25.8 (Yoast SEO v25.8) - https:\/\/yoast.com\/wordpress\/plugins\/seo\/ -->\n<title>\u200b\u200bXinjiang Fruit Extract NFC Prune Puree\u200b\u200b - Jiushidao - Global Food Marketplace for Business Growth and Cosumers<\/title>\n<meta name=\"robots\" content=\"index, follow, max-snippet:-1, max-image-preview:large, max-video-preview:-1\" \/>\n<link rel=\"canonical\" href=\"https:\/\/jiushidao.com\/pt\/produto\/xinjiang-fruit-extract-nfc-prune-puree\/\" \/>\n<meta property=\"og:locale\" content=\"pt_PT\" \/>\n<meta property=\"og:type\" content=\"article\" \/>\n<meta property=\"og:title\" content=\"\u200b\u200bXinjiang Fruit Extract NFC Prune Puree\u200b\u200b\" \/>\n<meta property=\"og:description\" content=\"Indulge in the authentic taste of Xinjiang&#8217;s finest prunes with Jiangguocui NFC Prune Puree. Sourced from Kashgar\u2014renowned as the &#8220;Hometown of Prunes&#8221;\u2014our French prunes thrive in [\u2026]\" \/>\n<meta property=\"og:url\" content=\"https:\/\/jiushidao.com\/pt\/produto\/xinjiang-fruit-extract-nfc-prune-puree\/\" \/>\n<meta property=\"og:site_name\" content=\"Jiushidao - Global Food Marketplace for Business Growth and Cosumers\" \/>\n<meta property=\"article:modified_time\" content=\"2025-12-23T22:50:54+00:00\" \/>\n<meta property=\"og:image\" content=\"https:\/\/jiushidao.com\/wp-content\/uploads\/2025\/10\/\u56fe\u72477-3.png\" \/>\n\t<meta property=\"og:image:width\" content=\"310\" \/>\n\t<meta property=\"og:image:height\" content=\"499\" \/>\n\t<meta property=\"og:image:type\" content=\"image\/png\" \/>\n<meta name=\"twitter:card\" content=\"summary_large_image\" \/>\n<meta name=\"twitter:label1\" content=\"Tempo estimado de leitura\" \/>\n\t<meta name=\"twitter:data1\" content=\"1 minuto\" \/>\n<script type=\"application\/ld+json\" class=\"yoast-schema-graph\">{\"@context\":\"https:\/\/schema.org\",\"@graph\":[{\"@type\":\"WebPage\",\"@id\":\"https:\/\/jiushidao.com\/product\/xinjiang-fruit-extract-nfc-prune-puree\/\",\"url\":\"https:\/\/jiushidao.com\/product\/xinjiang-fruit-extract-nfc-prune-puree\/\",\"name\":\"\u200b\u200bXinjiang Fruit Extract NFC Prune Puree\u200b\u200b - Jiushidao - Global Food Marketplace for Business Growth and Cosumers\",\"isPartOf\":{\"@id\":\"https:\/\/jiushidao.com\/#website\"},\"primaryImageOfPage\":{\"@id\":\"https:\/\/jiushidao.com\/product\/xinjiang-fruit-extract-nfc-prune-puree\/#primaryimage\"},\"image\":{\"@id\":\"https:\/\/jiushidao.com\/product\/xinjiang-fruit-extract-nfc-prune-puree\/#primaryimage\"},\"thumbnailUrl\":\"https:\/\/jiushidao.com\/wp-content\/uploads\/2025\/10\/\u56fe\u72477-3.png\",\"datePublished\":\"2025-10-31T07:33:44+00:00\",\"dateModified\":\"2025-12-23T22:50:54+00:00\",\"breadcrumb\":{\"@id\":\"https:\/\/jiushidao.com\/product\/xinjiang-fruit-extract-nfc-prune-puree\/#breadcrumb\"},\"inLanguage\":\"pt-PT\",\"potentialAction\":[{\"@type\":\"ReadAction\",\"target\":[\"https:\/\/jiushidao.com\/product\/xinjiang-fruit-extract-nfc-prune-puree\/\"]}]},{\"@type\":\"ImageObject\",\"inLanguage\":\"pt-PT\",\"@id\":\"https:\/\/jiushidao.com\/product\/xinjiang-fruit-extract-nfc-prune-puree\/#primaryimage\",\"url\":\"https:\/\/jiushidao.com\/wp-content\/uploads\/2025\/10\/\u56fe\u72477-3.png\",\"contentUrl\":\"https:\/\/jiushidao.com\/wp-content\/uploads\/2025\/10\/\u56fe\u72477-3.png\",\"width\":310,\"height\":499},{\"@type\":\"BreadcrumbList\",\"@id\":\"https:\/\/jiushidao.com\/product\/xinjiang-fruit-extract-nfc-prune-puree\/#breadcrumb\",\"itemListElement\":[{\"@type\":\"ListItem\",\"position\":1,\"name\":\"Home\",\"item\":\"https:\/\/jiushidao.com\/\"},{\"@type\":\"ListItem\",\"position\":2,\"name\":\"Store\",\"item\":\"https:\/\/jiushidao.com\/store\/\"},{\"@type\":\"ListItem\",\"position\":3,\"name\":\"\u200b\u200bXinjiang Fruit Extract NFC Prune Puree\u200b\u200b\"}]},{\"@type\":\"WebSite\",\"@id\":\"https:\/\/jiushidao.com\/#website\",\"url\":\"https:\/\/jiushidao.com\/\",\"name\":\"Jiushidao - Global Food Marketplace for Business Growth and Cosumers\",\"description\":\"Jiushidao - Global Food Marketplace for Business Growth and Cosumers\",\"potentialAction\":[{\"@type\":\"SearchAction\",\"target\":{\"@type\":\"EntryPoint\",\"urlTemplate\":\"https:\/\/jiushidao.com\/?s={search_term_string}\"},\"query-input\":{\"@type\":\"PropertyValueSpecification\",\"valueRequired\":true,\"valueName\":\"search_term_string\"}}],\"inLanguage\":\"pt-PT\"}]}<\/script>\n<!-- \/ Yoast SEO Premium plugin. -->","yoast_head_json":{"title":"\u200b\u200bXinjiang Fruit Extract NFC Prune Puree\u200b\u200b - Jiushidao - Global Food Marketplace for Business Growth and Cosumers","robots":{"index":"index","follow":"follow","max-snippet":"max-snippet:-1","max-image-preview":"max-image-preview:large","max-video-preview":"max-video-preview:-1"},"canonical":"https:\/\/jiushidao.com\/pt\/produto\/xinjiang-fruit-extract-nfc-prune-puree\/","og_locale":"pt_PT","og_type":"article","og_title":"\u200b\u200bXinjiang Fruit Extract NFC Prune Puree\u200b\u200b","og_description":"Indulge in the authentic taste of Xinjiang&#8217;s finest prunes with Jiangguocui NFC Prune Puree. Sourced from Kashgar\u2014renowned as the &#8220;Hometown of Prunes&#8221;\u2014our French prunes thrive in [\u2026]","og_url":"https:\/\/jiushidao.com\/pt\/produto\/xinjiang-fruit-extract-nfc-prune-puree\/","og_site_name":"Jiushidao - Global Food Marketplace for Business Growth and Cosumers","article_modified_time":"2025-12-23T22:50:54+00:00","og_image":[{"width":310,"height":499,"url":"https:\/\/jiushidao.com\/wp-content\/uploads\/2025\/10\/\u56fe\u72477-3.png","type":"image\/png"}],"twitter_card":"summary_large_image","twitter_misc":{"Tempo estimado de leitura":"1 minuto"},"schema":{"@context":"https:\/\/schema.org","@graph":[{"@type":"WebPage","@id":"https:\/\/jiushidao.com\/product\/xinjiang-fruit-extract-nfc-prune-puree\/","url":"https:\/\/jiushidao.com\/product\/xinjiang-fruit-extract-nfc-prune-puree\/","name":"\u200b\u200bXinjiang Fruit Extract NFC Prune Puree\u200b\u200b - Jiushidao - Global Food Marketplace for Business Growth and Cosumers","isPartOf":{"@id":"https:\/\/jiushidao.com\/#website"},"primaryImageOfPage":{"@id":"https:\/\/jiushidao.com\/product\/xinjiang-fruit-extract-nfc-prune-puree\/#primaryimage"},"image":{"@id":"https:\/\/jiushidao.com\/product\/xinjiang-fruit-extract-nfc-prune-puree\/#primaryimage"},"thumbnailUrl":"https:\/\/jiushidao.com\/wp-content\/uploads\/2025\/10\/\u56fe\u72477-3.png","datePublished":"2025-10-31T07:33:44+00:00","dateModified":"2025-12-23T22:50:54+00:00","breadcrumb":{"@id":"https:\/\/jiushidao.com\/product\/xinjiang-fruit-extract-nfc-prune-puree\/#breadcrumb"},"inLanguage":"pt-PT","potentialAction":[{"@type":"ReadAction","target":["https:\/\/jiushidao.com\/product\/xinjiang-fruit-extract-nfc-prune-puree\/"]}]},{"@type":"ImageObject","inLanguage":"pt-PT","@id":"https:\/\/jiushidao.com\/product\/xinjiang-fruit-extract-nfc-prune-puree\/#primaryimage","url":"https:\/\/jiushidao.com\/wp-content\/uploads\/2025\/10\/\u56fe\u72477-3.png","contentUrl":"https:\/\/jiushidao.com\/wp-content\/uploads\/2025\/10\/\u56fe\u72477-3.png","width":310,"height":499},{"@type":"BreadcrumbList","@id":"https:\/\/jiushidao.com\/product\/xinjiang-fruit-extract-nfc-prune-puree\/#breadcrumb","itemListElement":[{"@type":"ListItem","position":1,"name":"Home","item":"https:\/\/jiushidao.com\/"},{"@type":"ListItem","position":2,"name":"Store","item":"https:\/\/jiushidao.com\/store\/"},{"@type":"ListItem","position":3,"name":"\u200b\u200bXinjiang Fruit Extract NFC Prune Puree\u200b\u200b"}]},{"@type":"WebSite","@id":"https:\/\/jiushidao.com\/#website","url":"https:\/\/jiushidao.com\/","name":"Jiushidao - Global Food Marketplace for Business Growth and Cosumers","description":"Jiushidao - Global Food Marketplace for Business Growth and Cosumers","potentialAction":[{"@type":"SearchAction","target":{"@type":"EntryPoint","urlTemplate":"https:\/\/jiushidao.com\/?s={search_term_string}"},"query-input":{"@type":"PropertyValueSpecification","valueRequired":true,"valueName":"search_term_string"}}],"inLanguage":"pt-PT"}]}},"_links":{"self":[{"href":"https:\/\/jiushidao.com\/pt\/wp-json\/wp\/v2\/product\/930","targetHints":{"allow":["GET"]}}],"collection":[{"href":"https:\/\/jiushidao.com\/pt\/wp-json\/wp\/v2\/product"}],"about":[{"href":"https:\/\/jiushidao.com\/pt\/wp-json\/wp\/v2\/types\/product"}],"replies":[{"embeddable":true,"href":"https:\/\/jiushidao.com\/pt\/wp-json\/wp\/v2\/comments?post=930"}],"version-history":[{"count":1,"href":"https:\/\/jiushidao.com\/pt\/wp-json\/wp\/v2\/product\/930\/revisions"}],"predecessor-version":[{"id":932,"href":"https:\/\/jiushidao.com\/pt\/wp-json\/wp\/v2\/product\/930\/revisions\/932"}],"wp:featuredmedia":[{"embeddable":true,"href":"https:\/\/jiushidao.com\/pt\/wp-json\/wp\/v2\/media\/931"}],"wp:attachment":[{"href":"https:\/\/jiushidao.com\/pt\/wp-json\/wp\/v2\/media?parent=930"}],"wp:term":[{"taxonomy":"product_brand","embeddable":true,"href":"https:\/\/jiushidao.com\/pt\/wp-json\/wp\/v2\/product_brand?post=930"},{"taxonomy":"product_cat","embeddable":true,"href":"https:\/\/jiushidao.com\/pt\/wp-json\/wp\/v2\/product_cat?post=930"},{"taxonomy":"product_tag","embeddable":true,"href":"https:\/\/jiushidao.com\/pt\/wp-json\/wp\/v2\/product_tag?post=930"}],"curies":[{"name":"wp","href":"https:\/\/api.w.org\/{rel}","templated":true}]}}