{"id":926,"date":"2025-10-31T05:25:51","date_gmt":"2025-10-31T05:25:51","guid":{"rendered":"https:\/\/jiushidao.com\/?post_type=product&#038;p=926"},"modified":"2025-10-31T05:25:52","modified_gmt":"2025-10-31T05:25:52","slug":"xinjiang-fruit-extract-nfc-black-mulberry-puree","status":"publish","type":"product","link":"https:\/\/jiushidao.com\/pt\/produto\/xinjiang-fruit-extract-nfc-black-mulberry-puree\/","title":{"rendered":"Extrato de Frutas de Xinjiang NFC Pur\u00ea de Amora Preta"},"content":{"rendered":"<section class=\"ybc-p\">Descubra o sabor rico e aveludado das melhores amoras de Xinjiang com\u00a0<strong>Pur\u00ea de amoreira preta Jiangguocui NFC<\/strong>Origin\u00e1rias de Kashgar \u2014 conhecida como a &quot;Terra Natal das Amoras&quot; \u2014 nossas amoras-pretas crescem no o\u00e1sis \u00fanico entre o Deserto de Taklamakan e as Montanhas Kunlun Ocidentais. Nutridas por solo rico em minerais, sol abundante, \u00e1gua pura e varia\u00e7\u00f5es significativas de temperatura entre o dia e a noite, essas amoras desenvolvem uma cor profunda, textura suculenta e um sabor agridoce caracter\u00edstico.<\/section>\n<section class=\"ybc-p\">Utilizando a tecnologia NFC (Not From Concentrate), prensamos a frio as amoras dentro de\u00a0<strong>24 horas de colheita<\/strong>para preservar seus nutrientes naturais e sabor rico. Cada pacote cont\u00e9m o equivalente a\u00a0<strong>aproximadamente 55 amoras frescas de Kashgar<\/strong>Sem aditivos \u2014 sem conservantes, \u00e1gua ou a\u00e7\u00facar adicionados. Embalado em sacos de alum\u00ednio de alta qualidade sob prote\u00e7\u00e3o de g\u00e1s inerte, este pur\u00ea leva o sabor aut\u00eantico e os benef\u00edcios para a sa\u00fade das amoras rec\u00e9m-colhidas diretamente para voc\u00ea.<\/section>\n<hr \/>\n<h3><strong>Principais caracter\u00edsticas<\/strong><\/h3>\n<ul class=\"ybc-ul-component\">\n<li class=\"ybc-li-component ybc-li-component_ul\">\n<section class=\"ybc-p\">\u00a0<strong>Amoras pretas puras<\/strong>Cultivado no ambiente ideal do o\u00e1sis de Kashgar, que lhe confere um sabor rico.<\/section>\n<\/li>\n<li class=\"ybc-li-component ybc-li-component_ul\">\n<section class=\"ybc-p\">\u00a0<strong>Prensado a frio em at\u00e9 24 horas.<\/strong>Preserva o frescor, os nutrientes e a do\u00e7ura natural.<\/section>\n<\/li>\n<li class=\"ybc-li-component ybc-li-component_ul\">\n<section class=\"ybc-p\">\u00a0<strong>Sem aditivos<\/strong>Apenas suco de amora 100% \u2014 puro e n\u00e3o dilu\u00eddo<\/section>\n<\/li>\n<li class=\"ybc-li-component ybc-li-component_ul\">\n<section class=\"ybc-p\">\u00a0<strong>Embalagem avan\u00e7ada<\/strong>Saco revestido com alum\u00ednio e prote\u00e7\u00e3o com g\u00e1s inerte para reten\u00e7\u00e3o de nutrientes.<\/section>\n<\/li>\n<li class=\"ybc-li-component ybc-li-component_ul\">\n<section class=\"ybc-p\">\u00a0<strong>Tecnologia NFC<\/strong>N\u00e3o \u00e9 feito de concentrado \u2014 sabor e aroma encorpados preservados.<\/section>\n<\/li>\n<\/ul>","protected":false},"excerpt":{"rendered":"<p>Descubra o sabor rico e aveludado das melhores amoras de Xinjiang com o Pur\u00ea de Amora Preta NFC da Jiangguocui. Origin\u00e1rias de Kashgar \u2014 conhecida como a &quot;Terra Natal das Amoras&quot; \u2014 nossas amoras pretas crescem em<span class=\"excerpt-hellip\"> [\u2026]<\/span><\/p>","protected":false},"featured_media":927,"comment_status":"open","ping_status":"closed","template":"","meta":[],"product_brand":[64],"product_cat":[63],"product_tag":[],"class_list":{"0":"post-926","1":"product","2":"type-product","3":"status-publish","4":"has-post-thumbnail","6":"product_brand-64","7":"product_cat-jiang_guo_cui","9":"first","10":"instock","11":"shipping-taxable","12":"product-type-simple"},"yoast_head":"<!-- This site is optimized with the Yoast SEO Premium plugin v25.8 (Yoast SEO v25.8) - https:\/\/yoast.com\/wordpress\/plugins\/seo\/ -->\n<title>Xinjiang Fruit Extract NFC Black Mulberry Puree - Jiushidao - Global Food Marketplace for Business Growth and Cosumers<\/title>\n<meta name=\"robots\" content=\"index, follow, max-snippet:-1, max-image-preview:large, max-video-preview:-1\" \/>\n<link rel=\"canonical\" href=\"https:\/\/jiushidao.com\/pt\/produto\/xinjiang-fruit-extract-nfc-black-mulberry-puree\/\" \/>\n<meta property=\"og:locale\" content=\"pt_PT\" \/>\n<meta property=\"og:type\" content=\"article\" \/>\n<meta property=\"og:title\" content=\"Xinjiang Fruit Extract NFC Black Mulberry Puree\" \/>\n<meta property=\"og:description\" content=\"Discover the rich, velvety taste of Xinjiang&#8217;s finest mulberries with\u00a0Jiangguocui NFC Black Mulberry Puree. Sourced from Kashgar\u2014renowned as the &#8220;Hometown of Mulberries&#8221;\u2014our black mulberries grow in [\u2026]\" \/>\n<meta property=\"og:url\" content=\"https:\/\/jiushidao.com\/pt\/produto\/xinjiang-fruit-extract-nfc-black-mulberry-puree\/\" \/>\n<meta property=\"og:site_name\" content=\"Jiushidao - Global Food Marketplace for Business Growth and Cosumers\" \/>\n<meta property=\"article:modified_time\" content=\"2025-10-31T05:25:52+00:00\" \/>\n<meta property=\"og:image\" content=\"https:\/\/jiushidao.com\/wp-content\/uploads\/2025\/10\/\u56fe\u72476-3.png\" \/>\n\t<meta property=\"og:image:width\" content=\"400\" \/>\n\t<meta property=\"og:image:height\" content=\"400\" \/>\n\t<meta property=\"og:image:type\" content=\"image\/png\" \/>\n<meta name=\"twitter:card\" content=\"summary_large_image\" \/>\n<meta name=\"twitter:label1\" content=\"Tempo estimado de leitura\" \/>\n\t<meta name=\"twitter:data1\" content=\"2 minutos\" \/>\n<script type=\"application\/ld+json\" class=\"yoast-schema-graph\">{\"@context\":\"https:\/\/schema.org\",\"@graph\":[{\"@type\":\"WebPage\",\"@id\":\"https:\/\/jiushidao.com\/product\/xinjiang-fruit-extract-nfc-black-mulberry-puree\/\",\"url\":\"https:\/\/jiushidao.com\/product\/xinjiang-fruit-extract-nfc-black-mulberry-puree\/\",\"name\":\"Xinjiang Fruit Extract NFC Black Mulberry Puree - Jiushidao - Global Food Marketplace for Business Growth and Cosumers\",\"isPartOf\":{\"@id\":\"https:\/\/jiushidao.com\/#website\"},\"primaryImageOfPage\":{\"@id\":\"https:\/\/jiushidao.com\/product\/xinjiang-fruit-extract-nfc-black-mulberry-puree\/#primaryimage\"},\"image\":{\"@id\":\"https:\/\/jiushidao.com\/product\/xinjiang-fruit-extract-nfc-black-mulberry-puree\/#primaryimage\"},\"thumbnailUrl\":\"https:\/\/jiushidao.com\/wp-content\/uploads\/2025\/10\/\u56fe\u72476-3.png\",\"datePublished\":\"2025-10-31T05:25:51+00:00\",\"dateModified\":\"2025-10-31T05:25:52+00:00\",\"breadcrumb\":{\"@id\":\"https:\/\/jiushidao.com\/product\/xinjiang-fruit-extract-nfc-black-mulberry-puree\/#breadcrumb\"},\"inLanguage\":\"pt-PT\",\"potentialAction\":[{\"@type\":\"ReadAction\",\"target\":[\"https:\/\/jiushidao.com\/product\/xinjiang-fruit-extract-nfc-black-mulberry-puree\/\"]}]},{\"@type\":\"ImageObject\",\"inLanguage\":\"pt-PT\",\"@id\":\"https:\/\/jiushidao.com\/product\/xinjiang-fruit-extract-nfc-black-mulberry-puree\/#primaryimage\",\"url\":\"https:\/\/jiushidao.com\/wp-content\/uploads\/2025\/10\/\u56fe\u72476-3.png\",\"contentUrl\":\"https:\/\/jiushidao.com\/wp-content\/uploads\/2025\/10\/\u56fe\u72476-3.png\",\"width\":400,\"height\":400},{\"@type\":\"BreadcrumbList\",\"@id\":\"https:\/\/jiushidao.com\/product\/xinjiang-fruit-extract-nfc-black-mulberry-puree\/#breadcrumb\",\"itemListElement\":[{\"@type\":\"ListItem\",\"position\":1,\"name\":\"Home\",\"item\":\"https:\/\/jiushidao.com\/\"},{\"@type\":\"ListItem\",\"position\":2,\"name\":\"Store\",\"item\":\"https:\/\/jiushidao.com\/store\/\"},{\"@type\":\"ListItem\",\"position\":3,\"name\":\"Xinjiang Fruit Extract NFC Black Mulberry Puree\"}]},{\"@type\":\"WebSite\",\"@id\":\"https:\/\/jiushidao.com\/#website\",\"url\":\"https:\/\/jiushidao.com\/\",\"name\":\"Jiushidao - Global Food Marketplace for Business Growth and Cosumers\",\"description\":\"Jiushidao - Global Food Marketplace for Business Growth and Cosumers\",\"potentialAction\":[{\"@type\":\"SearchAction\",\"target\":{\"@type\":\"EntryPoint\",\"urlTemplate\":\"https:\/\/jiushidao.com\/?s={search_term_string}\"},\"query-input\":{\"@type\":\"PropertyValueSpecification\",\"valueRequired\":true,\"valueName\":\"search_term_string\"}}],\"inLanguage\":\"pt-PT\"}]}<\/script>\n<!-- \/ Yoast SEO Premium plugin. -->","yoast_head_json":{"title":"Xinjiang Fruit Extract NFC Black Mulberry Puree - Jiushidao - Global Food Marketplace for Business Growth and Cosumers","robots":{"index":"index","follow":"follow","max-snippet":"max-snippet:-1","max-image-preview":"max-image-preview:large","max-video-preview":"max-video-preview:-1"},"canonical":"https:\/\/jiushidao.com\/pt\/produto\/xinjiang-fruit-extract-nfc-black-mulberry-puree\/","og_locale":"pt_PT","og_type":"article","og_title":"Xinjiang Fruit Extract NFC Black Mulberry Puree","og_description":"Discover the rich, velvety taste of Xinjiang&#8217;s finest mulberries with\u00a0Jiangguocui NFC Black Mulberry Puree. Sourced from Kashgar\u2014renowned as the &#8220;Hometown of Mulberries&#8221;\u2014our black mulberries grow in [\u2026]","og_url":"https:\/\/jiushidao.com\/pt\/produto\/xinjiang-fruit-extract-nfc-black-mulberry-puree\/","og_site_name":"Jiushidao - Global Food Marketplace for Business Growth and Cosumers","article_modified_time":"2025-10-31T05:25:52+00:00","og_image":[{"width":400,"height":400,"url":"https:\/\/jiushidao.com\/wp-content\/uploads\/2025\/10\/\u56fe\u72476-3.png","type":"image\/png"}],"twitter_card":"summary_large_image","twitter_misc":{"Tempo estimado de leitura":"2 minutos"},"schema":{"@context":"https:\/\/schema.org","@graph":[{"@type":"WebPage","@id":"https:\/\/jiushidao.com\/product\/xinjiang-fruit-extract-nfc-black-mulberry-puree\/","url":"https:\/\/jiushidao.com\/product\/xinjiang-fruit-extract-nfc-black-mulberry-puree\/","name":"Xinjiang Fruit Extract NFC Black Mulberry Puree - Jiushidao - Global Food Marketplace for Business Growth and Cosumers","isPartOf":{"@id":"https:\/\/jiushidao.com\/#website"},"primaryImageOfPage":{"@id":"https:\/\/jiushidao.com\/product\/xinjiang-fruit-extract-nfc-black-mulberry-puree\/#primaryimage"},"image":{"@id":"https:\/\/jiushidao.com\/product\/xinjiang-fruit-extract-nfc-black-mulberry-puree\/#primaryimage"},"thumbnailUrl":"https:\/\/jiushidao.com\/wp-content\/uploads\/2025\/10\/\u56fe\u72476-3.png","datePublished":"2025-10-31T05:25:51+00:00","dateModified":"2025-10-31T05:25:52+00:00","breadcrumb":{"@id":"https:\/\/jiushidao.com\/product\/xinjiang-fruit-extract-nfc-black-mulberry-puree\/#breadcrumb"},"inLanguage":"pt-PT","potentialAction":[{"@type":"ReadAction","target":["https:\/\/jiushidao.com\/product\/xinjiang-fruit-extract-nfc-black-mulberry-puree\/"]}]},{"@type":"ImageObject","inLanguage":"pt-PT","@id":"https:\/\/jiushidao.com\/product\/xinjiang-fruit-extract-nfc-black-mulberry-puree\/#primaryimage","url":"https:\/\/jiushidao.com\/wp-content\/uploads\/2025\/10\/\u56fe\u72476-3.png","contentUrl":"https:\/\/jiushidao.com\/wp-content\/uploads\/2025\/10\/\u56fe\u72476-3.png","width":400,"height":400},{"@type":"BreadcrumbList","@id":"https:\/\/jiushidao.com\/product\/xinjiang-fruit-extract-nfc-black-mulberry-puree\/#breadcrumb","itemListElement":[{"@type":"ListItem","position":1,"name":"Home","item":"https:\/\/jiushidao.com\/"},{"@type":"ListItem","position":2,"name":"Store","item":"https:\/\/jiushidao.com\/store\/"},{"@type":"ListItem","position":3,"name":"Xinjiang Fruit Extract NFC Black Mulberry Puree"}]},{"@type":"WebSite","@id":"https:\/\/jiushidao.com\/#website","url":"https:\/\/jiushidao.com\/","name":"Jiushidao - Global Food Marketplace for Business Growth and Cosumers","description":"Jiushidao - Global Food Marketplace for Business Growth and Cosumers","potentialAction":[{"@type":"SearchAction","target":{"@type":"EntryPoint","urlTemplate":"https:\/\/jiushidao.com\/?s={search_term_string}"},"query-input":{"@type":"PropertyValueSpecification","valueRequired":true,"valueName":"search_term_string"}}],"inLanguage":"pt-PT"}]}},"_links":{"self":[{"href":"https:\/\/jiushidao.com\/pt\/wp-json\/wp\/v2\/product\/926","targetHints":{"allow":["GET"]}}],"collection":[{"href":"https:\/\/jiushidao.com\/pt\/wp-json\/wp\/v2\/product"}],"about":[{"href":"https:\/\/jiushidao.com\/pt\/wp-json\/wp\/v2\/types\/product"}],"replies":[{"embeddable":true,"href":"https:\/\/jiushidao.com\/pt\/wp-json\/wp\/v2\/comments?post=926"}],"version-history":[{"count":1,"href":"https:\/\/jiushidao.com\/pt\/wp-json\/wp\/v2\/product\/926\/revisions"}],"predecessor-version":[{"id":928,"href":"https:\/\/jiushidao.com\/pt\/wp-json\/wp\/v2\/product\/926\/revisions\/928"}],"wp:featuredmedia":[{"embeddable":true,"href":"https:\/\/jiushidao.com\/pt\/wp-json\/wp\/v2\/media\/927"}],"wp:attachment":[{"href":"https:\/\/jiushidao.com\/pt\/wp-json\/wp\/v2\/media?parent=926"}],"wp:term":[{"taxonomy":"product_brand","embeddable":true,"href":"https:\/\/jiushidao.com\/pt\/wp-json\/wp\/v2\/product_brand?post=926"},{"taxonomy":"product_cat","embeddable":true,"href":"https:\/\/jiushidao.com\/pt\/wp-json\/wp\/v2\/product_cat?post=926"},{"taxonomy":"product_tag","embeddable":true,"href":"https:\/\/jiushidao.com\/pt\/wp-json\/wp\/v2\/product_tag?post=926"}],"curies":[{"name":"wp","href":"https:\/\/api.w.org\/{rel}","templated":true}]}}