{"id":920,"date":"2025-10-31T05:01:19","date_gmt":"2025-10-31T05:01:19","guid":{"rendered":"https:\/\/jiushidao.com\/?post_type=product&#038;p=920"},"modified":"2025-10-31T05:01:21","modified_gmt":"2025-10-31T05:01:21","slug":"xinjiang-fruit-extract-nfc-fresh-pressed-prune-puree","status":"publish","type":"product","link":"https:\/\/jiushidao.com\/pt\/produto\/xinjiang-fruit-extract-nfc-fresh-pressed-prune-puree\/","title":{"rendered":"Pur\u00ea de ameixa fresco prensado NFC com extrato de frutas de Xinjiang"},"content":{"rendered":"<section class=\"ybc-p\">Experimente a ess\u00eancia pura das melhores ameixas secas de Xinjiang com o Pur\u00ea de Ameixa Fresca Prensada Jiangguocui NFC. Origin\u00e1rias de Kashgar, a &quot;Terra Natal das Ameixas Secas&quot; \u2014 um o\u00e1sis aninhado entre o Deserto de Taklamakan e as Montanhas Kunlun Ocidentais \u2014 nossas ameixas secas prosperam em condi\u00e7\u00f5es ideais de cultivo: solo rico em minerais, sol abundante, \u00e1gua pura e varia\u00e7\u00f5es significativas de temperatura entre o dia e a noite. Esses elementos se combinam para produzir ameixas secas francesas com aroma, sucul\u00eancia e sabor excepcionais.<\/section>\n<section class=\"ybc-p\">Utilizando a tecnologia NFC (Not From Concentrate), prensamos a frio as ameixas secas.\u00a0<strong>24 horas de colheita<\/strong>, preservando seu sabor doce natural e integridade nutricional. Cada pacote cont\u00e9m o equivalente a\u00a0<strong>aproximadamente 25 ameixas secas frescas<\/strong>Com um teor de s\u00f3lidos sol\u00faveis superior aos padr\u00f5es nacionais, este pur\u00ea oferece um sabor intensamente rico e aut\u00eantico. Embalado em sacos de alum\u00ednio de alta tecnologia sob prote\u00e7\u00e3o de g\u00e1s inerte, garante frescor e preserva\u00e7\u00e3o de nutrientes do pomar \u00e0 mesa.<\/section>\n<hr \/>\n<h3><strong>Principais caracter\u00edsticas<\/strong><\/h3>\n<ul class=\"ybc-ul-component\">\n<li class=\"ybc-li-component ybc-li-component_ul\">\n<section class=\"ybc-p\">\u00a0<strong>Ameixas secas puras de Xinjiang<\/strong>Cultivado no ambiente \u00fanico do o\u00e1sis de Kashgar para um sabor superior.<\/section>\n<\/li>\n<li class=\"ybc-li-component ybc-li-component_ul\">\n<section class=\"ybc-p\">\u00a0<strong>Prensado a frio em at\u00e9 24 horas.<\/strong>Maximiza o frescor e a preserva\u00e7\u00e3o dos nutrientes.<\/section>\n<\/li>\n<li class=\"ybc-li-component ybc-li-component_ul\">\n<section class=\"ybc-p\">\u00a0<strong>Alto teor de s\u00f3lidos sol\u00faveis<\/strong>Sabor e textura mais ricos do que os produtos de ameixa seca comuns.<\/section>\n<\/li>\n<li class=\"ybc-li-component ybc-li-component_ul\">\n<section class=\"ybc-p\">\u00a0<strong>Sem aditivos<\/strong>Apenas suco de ameixa 100% \u2014 sem conservantes, \u00e1gua ou a\u00e7\u00facar adicionados.<\/section>\n<\/li>\n<li class=\"ybc-li-component ybc-li-component_ul\">\n<section class=\"ybc-p\">\u00a0<strong>Embalagem avan\u00e7ada<\/strong>Saco revestido com alum\u00ednio e prote\u00e7\u00e3o com g\u00e1s inerte para reten\u00e7\u00e3o de nutrientes.<\/section>\n<\/li>\n<\/ul>","protected":false},"excerpt":{"rendered":"<p>Experimente a ess\u00eancia pura das melhores ameixas secas de Xinjiang com o Pur\u00ea de Ameixa Fresca Prensada Jiangguocui NFC. Proveniente da &quot;Terra Natal das Ameixas Secas&quot;, em Kashgar \u2014 um o\u00e1sis aninhado entre as montanhas.<span class=\"excerpt-hellip\"> [\u2026]<\/span><\/p>","protected":false},"featured_media":921,"comment_status":"open","ping_status":"closed","template":"","meta":[],"product_brand":[64],"product_cat":[63],"product_tag":[],"class_list":{"0":"post-920","1":"product","2":"type-product","3":"status-publish","4":"has-post-thumbnail","6":"product_brand-64","7":"product_cat-jiang_guo_cui","9":"first","10":"instock","11":"shipping-taxable","12":"product-type-simple"},"yoast_head":"<!-- This site is optimized with the Yoast SEO Premium plugin v25.8 (Yoast SEO v25.8) - https:\/\/yoast.com\/wordpress\/plugins\/seo\/ -->\n<title>Xinjiang Fruit Extract NFC Fresh-Pressed Prune Puree - Jiushidao - Global Food Marketplace for Business Growth and Cosumers<\/title>\n<meta name=\"robots\" content=\"index, follow, max-snippet:-1, max-image-preview:large, max-video-preview:-1\" \/>\n<link rel=\"canonical\" href=\"https:\/\/jiushidao.com\/pt\/produto\/xinjiang-fruit-extract-nfc-fresh-pressed-prune-puree\/\" \/>\n<meta property=\"og:locale\" content=\"pt_PT\" \/>\n<meta property=\"og:type\" content=\"article\" \/>\n<meta property=\"og:title\" content=\"Xinjiang Fruit Extract NFC Fresh-Pressed Prune Puree\" \/>\n<meta property=\"og:description\" content=\"Experience the pure essence of Xinjiang&#8217;s finest prunes with Jiangguocui NFC Fresh-Pressed Prune Puree. Sourced from the &#8220;Hometown of Prunes&#8221; in Kashgar\u2014an oasis nestled between the [\u2026]\" \/>\n<meta property=\"og:url\" content=\"https:\/\/jiushidao.com\/pt\/produto\/xinjiang-fruit-extract-nfc-fresh-pressed-prune-puree\/\" \/>\n<meta property=\"og:site_name\" content=\"Jiushidao - Global Food Marketplace for Business Growth and Cosumers\" \/>\n<meta property=\"article:modified_time\" content=\"2025-10-31T05:01:21+00:00\" \/>\n<meta property=\"og:image\" content=\"https:\/\/jiushidao.com\/wp-content\/uploads\/2025\/10\/\u56fe\u72474-3.png\" \/>\n\t<meta property=\"og:image:width\" content=\"333\" \/>\n\t<meta property=\"og:image:height\" content=\"499\" \/>\n\t<meta property=\"og:image:type\" content=\"image\/png\" \/>\n<meta name=\"twitter:card\" content=\"summary_large_image\" \/>\n<meta name=\"twitter:label1\" content=\"Tempo estimado de leitura\" \/>\n\t<meta name=\"twitter:data1\" content=\"2 minutos\" \/>\n<script type=\"application\/ld+json\" class=\"yoast-schema-graph\">{\"@context\":\"https:\/\/schema.org\",\"@graph\":[{\"@type\":\"WebPage\",\"@id\":\"https:\/\/jiushidao.com\/product\/xinjiang-fruit-extract-nfc-fresh-pressed-prune-puree\/\",\"url\":\"https:\/\/jiushidao.com\/product\/xinjiang-fruit-extract-nfc-fresh-pressed-prune-puree\/\",\"name\":\"Xinjiang Fruit Extract NFC Fresh-Pressed Prune Puree - Jiushidao - Global Food Marketplace for Business Growth and Cosumers\",\"isPartOf\":{\"@id\":\"https:\/\/jiushidao.com\/#website\"},\"primaryImageOfPage\":{\"@id\":\"https:\/\/jiushidao.com\/product\/xinjiang-fruit-extract-nfc-fresh-pressed-prune-puree\/#primaryimage\"},\"image\":{\"@id\":\"https:\/\/jiushidao.com\/product\/xinjiang-fruit-extract-nfc-fresh-pressed-prune-puree\/#primaryimage\"},\"thumbnailUrl\":\"https:\/\/jiushidao.com\/wp-content\/uploads\/2025\/10\/\u56fe\u72474-3.png\",\"datePublished\":\"2025-10-31T05:01:19+00:00\",\"dateModified\":\"2025-10-31T05:01:21+00:00\",\"breadcrumb\":{\"@id\":\"https:\/\/jiushidao.com\/product\/xinjiang-fruit-extract-nfc-fresh-pressed-prune-puree\/#breadcrumb\"},\"inLanguage\":\"pt-PT\",\"potentialAction\":[{\"@type\":\"ReadAction\",\"target\":[\"https:\/\/jiushidao.com\/product\/xinjiang-fruit-extract-nfc-fresh-pressed-prune-puree\/\"]}]},{\"@type\":\"ImageObject\",\"inLanguage\":\"pt-PT\",\"@id\":\"https:\/\/jiushidao.com\/product\/xinjiang-fruit-extract-nfc-fresh-pressed-prune-puree\/#primaryimage\",\"url\":\"https:\/\/jiushidao.com\/wp-content\/uploads\/2025\/10\/\u56fe\u72474-3.png\",\"contentUrl\":\"https:\/\/jiushidao.com\/wp-content\/uploads\/2025\/10\/\u56fe\u72474-3.png\",\"width\":333,\"height\":499},{\"@type\":\"BreadcrumbList\",\"@id\":\"https:\/\/jiushidao.com\/product\/xinjiang-fruit-extract-nfc-fresh-pressed-prune-puree\/#breadcrumb\",\"itemListElement\":[{\"@type\":\"ListItem\",\"position\":1,\"name\":\"Home\",\"item\":\"https:\/\/jiushidao.com\/\"},{\"@type\":\"ListItem\",\"position\":2,\"name\":\"Store\",\"item\":\"https:\/\/jiushidao.com\/store\/\"},{\"@type\":\"ListItem\",\"position\":3,\"name\":\"Xinjiang Fruit Extract NFC Fresh-Pressed Prune Puree\"}]},{\"@type\":\"WebSite\",\"@id\":\"https:\/\/jiushidao.com\/#website\",\"url\":\"https:\/\/jiushidao.com\/\",\"name\":\"Jiushidao - Global Food Marketplace for Business Growth and Cosumers\",\"description\":\"Jiushidao - Global Food Marketplace for Business Growth and Cosumers\",\"potentialAction\":[{\"@type\":\"SearchAction\",\"target\":{\"@type\":\"EntryPoint\",\"urlTemplate\":\"https:\/\/jiushidao.com\/?s={search_term_string}\"},\"query-input\":{\"@type\":\"PropertyValueSpecification\",\"valueRequired\":true,\"valueName\":\"search_term_string\"}}],\"inLanguage\":\"pt-PT\"}]}<\/script>\n<!-- \/ Yoast SEO Premium plugin. -->","yoast_head_json":{"title":"Xinjiang Fruit Extract NFC Fresh-Pressed Prune Puree - Jiushidao - Global Food Marketplace for Business Growth and Cosumers","robots":{"index":"index","follow":"follow","max-snippet":"max-snippet:-1","max-image-preview":"max-image-preview:large","max-video-preview":"max-video-preview:-1"},"canonical":"https:\/\/jiushidao.com\/pt\/produto\/xinjiang-fruit-extract-nfc-fresh-pressed-prune-puree\/","og_locale":"pt_PT","og_type":"article","og_title":"Xinjiang Fruit Extract NFC Fresh-Pressed Prune Puree","og_description":"Experience the pure essence of Xinjiang&#8217;s finest prunes with Jiangguocui NFC Fresh-Pressed Prune Puree. Sourced from the &#8220;Hometown of Prunes&#8221; in Kashgar\u2014an oasis nestled between the [\u2026]","og_url":"https:\/\/jiushidao.com\/pt\/produto\/xinjiang-fruit-extract-nfc-fresh-pressed-prune-puree\/","og_site_name":"Jiushidao - Global Food Marketplace for Business Growth and Cosumers","article_modified_time":"2025-10-31T05:01:21+00:00","og_image":[{"width":333,"height":499,"url":"https:\/\/jiushidao.com\/wp-content\/uploads\/2025\/10\/\u56fe\u72474-3.png","type":"image\/png"}],"twitter_card":"summary_large_image","twitter_misc":{"Tempo estimado de leitura":"2 minutos"},"schema":{"@context":"https:\/\/schema.org","@graph":[{"@type":"WebPage","@id":"https:\/\/jiushidao.com\/product\/xinjiang-fruit-extract-nfc-fresh-pressed-prune-puree\/","url":"https:\/\/jiushidao.com\/product\/xinjiang-fruit-extract-nfc-fresh-pressed-prune-puree\/","name":"Xinjiang Fruit Extract NFC Fresh-Pressed Prune Puree - Jiushidao - Global Food Marketplace for Business Growth and Cosumers","isPartOf":{"@id":"https:\/\/jiushidao.com\/#website"},"primaryImageOfPage":{"@id":"https:\/\/jiushidao.com\/product\/xinjiang-fruit-extract-nfc-fresh-pressed-prune-puree\/#primaryimage"},"image":{"@id":"https:\/\/jiushidao.com\/product\/xinjiang-fruit-extract-nfc-fresh-pressed-prune-puree\/#primaryimage"},"thumbnailUrl":"https:\/\/jiushidao.com\/wp-content\/uploads\/2025\/10\/\u56fe\u72474-3.png","datePublished":"2025-10-31T05:01:19+00:00","dateModified":"2025-10-31T05:01:21+00:00","breadcrumb":{"@id":"https:\/\/jiushidao.com\/product\/xinjiang-fruit-extract-nfc-fresh-pressed-prune-puree\/#breadcrumb"},"inLanguage":"pt-PT","potentialAction":[{"@type":"ReadAction","target":["https:\/\/jiushidao.com\/product\/xinjiang-fruit-extract-nfc-fresh-pressed-prune-puree\/"]}]},{"@type":"ImageObject","inLanguage":"pt-PT","@id":"https:\/\/jiushidao.com\/product\/xinjiang-fruit-extract-nfc-fresh-pressed-prune-puree\/#primaryimage","url":"https:\/\/jiushidao.com\/wp-content\/uploads\/2025\/10\/\u56fe\u72474-3.png","contentUrl":"https:\/\/jiushidao.com\/wp-content\/uploads\/2025\/10\/\u56fe\u72474-3.png","width":333,"height":499},{"@type":"BreadcrumbList","@id":"https:\/\/jiushidao.com\/product\/xinjiang-fruit-extract-nfc-fresh-pressed-prune-puree\/#breadcrumb","itemListElement":[{"@type":"ListItem","position":1,"name":"Home","item":"https:\/\/jiushidao.com\/"},{"@type":"ListItem","position":2,"name":"Store","item":"https:\/\/jiushidao.com\/store\/"},{"@type":"ListItem","position":3,"name":"Xinjiang Fruit Extract NFC Fresh-Pressed Prune Puree"}]},{"@type":"WebSite","@id":"https:\/\/jiushidao.com\/#website","url":"https:\/\/jiushidao.com\/","name":"Jiushidao - Global Food Marketplace for Business Growth and Cosumers","description":"Jiushidao - Global Food Marketplace for Business Growth and Cosumers","potentialAction":[{"@type":"SearchAction","target":{"@type":"EntryPoint","urlTemplate":"https:\/\/jiushidao.com\/?s={search_term_string}"},"query-input":{"@type":"PropertyValueSpecification","valueRequired":true,"valueName":"search_term_string"}}],"inLanguage":"pt-PT"}]}},"_links":{"self":[{"href":"https:\/\/jiushidao.com\/pt\/wp-json\/wp\/v2\/product\/920","targetHints":{"allow":["GET"]}}],"collection":[{"href":"https:\/\/jiushidao.com\/pt\/wp-json\/wp\/v2\/product"}],"about":[{"href":"https:\/\/jiushidao.com\/pt\/wp-json\/wp\/v2\/types\/product"}],"replies":[{"embeddable":true,"href":"https:\/\/jiushidao.com\/pt\/wp-json\/wp\/v2\/comments?post=920"}],"version-history":[{"count":1,"href":"https:\/\/jiushidao.com\/pt\/wp-json\/wp\/v2\/product\/920\/revisions"}],"predecessor-version":[{"id":922,"href":"https:\/\/jiushidao.com\/pt\/wp-json\/wp\/v2\/product\/920\/revisions\/922"}],"wp:featuredmedia":[{"embeddable":true,"href":"https:\/\/jiushidao.com\/pt\/wp-json\/wp\/v2\/media\/921"}],"wp:attachment":[{"href":"https:\/\/jiushidao.com\/pt\/wp-json\/wp\/v2\/media?parent=920"}],"wp:term":[{"taxonomy":"product_brand","embeddable":true,"href":"https:\/\/jiushidao.com\/pt\/wp-json\/wp\/v2\/product_brand?post=920"},{"taxonomy":"product_cat","embeddable":true,"href":"https:\/\/jiushidao.com\/pt\/wp-json\/wp\/v2\/product_cat?post=920"},{"taxonomy":"product_tag","embeddable":true,"href":"https:\/\/jiushidao.com\/pt\/wp-json\/wp\/v2\/product_tag?post=920"}],"curies":[{"name":"wp","href":"https:\/\/api.w.org\/{rel}","templated":true}]}}